{"id":163,"date":"2011-03-10T15:06:23","date_gmt":"2011-03-10T21:06:23","guid":{"rendered":"https:\/\/www.parrinst.com\/?page_id=163"},"modified":"2018-03-02T15:17:44","modified_gmt":"2018-03-02T21:17:44","slug":"pricing","status":"publish","type":"page","link":"https:\/\/www.parrinst.com\/es\/support\/pricing\/","title":{"rendered":"Precios"},"content":{"rendered":"<h3>Consultas Nacionales<\/h3>\n<p><span style=\"color: #000000; font-family: Verdana, Geneva, Arial, sans-serif; font-size: 12pt; line-height: 1.4em;\"><span style=\"line-height: 1.4em;\">Los precios est\u00e1n disponibles contactando directamente con nosotros\u00a0al llamar 1-800-872-7720 y solicitar el servicio al cliente o envi\u00e1ndonos un\u00a0<a title=\"Parr USA\" href=\"https:\/\/www.parrinst.com\/es\/contact\/parr-usa\/\">correo electr\u00f3nico<\/a>. Estos precios no incluyen flete ni seguro. Estos precios tampoco cubren gastos de instalaci\u00f3n, capacitaci\u00f3n o mantenimiento. Todos estos cargos son responsabilidad del usuario.\u00a0<\/span><\/span><\/p>\n<h3>Consultas Internacionales<\/h3>\n<p>Los precios est\u00e1n disponibles en\u00a0<a title=\"Dealers\" href=\"https:\/\/www.parrinst.com\/es\/contact\/dealers\/\">nuestra red de distribuidores\u00a0<\/a>en todo el mundo. Si hay un distribuidor en su pa\u00eds, le referiremos su correo electr\u00f3nico a ellos. Si no hay ning\u00fan distribuidor en su pa\u00eds le ofrecemos el precio de lista de EUA. Estos precios no incluyen flete, seguro, gastos de aduana, derechos ni impuestos de importaci\u00f3n. Estos precios no cubren los gastos de instalaci\u00f3n, capacitaci\u00f3n ni mantenimiento. Todos estos cargos son responsabilidad del usuario<\/p>\n<p>&nbsp;<\/p>\n","protected":false},"excerpt":{"rendered":"<p>Consultas Nacionales Los precios est\u00e1n disponibles contactando directamente con nosotros\u00a0al llamar 1-800-872-7720 y solicitar el servicio al cliente o envi\u00e1ndonos un\u00a0correo electr\u00f3nico. Estos precios no incluyen flete ni seguro. Estos precios tampoco cubren gastos de instalaci\u00f3n, capacitaci\u00f3n o mantenimiento. Todos estos cargos son responsabilidad del usuario.\u00a0 Consultas Internacionales Los precios est\u00e1n disponibles en\u00a0nuestra red de [&hellip;]<\/p>\n","protected":false},"author":1,"featured_media":0,"parent":24,"menu_order":2,"comment_status":"closed","ping_status":"closed","template":"","meta":{"_acf_changed":false,"footnotes":"","_links_to":"","_links_to_target":""},"class_list":["post-163","page","type-page","status-publish","hentry"],"acf":[],"yoast_head":"<!-- This site is optimized with the Yoast SEO plugin v27.5 - https:\/\/yoast.com\/product\/yoast-seo-wordpress\/ -->\n<title>Precios - Parr Instrument (Espa\u00f1ol)<\/title>\n<meta name=\"robots\" content=\"index, follow, max-snippet:-1, max-image-preview:large, max-video-preview:-1\" \/>\n<link rel=\"canonical\" href=\"https:\/\/www.parrinst.com\/es\/support\/pricing\/\" \/>\n<meta property=\"og:locale\" content=\"en_US\" \/>\n<meta property=\"og:type\" content=\"article\" \/>\n<meta property=\"og:title\" content=\"Precios - Parr Instrument (Espa\u00f1ol)\" \/>\n<meta property=\"og:description\" content=\"Consultas Nacionales Los precios est\u00e1n disponibles contactando directamente con nosotros\u00a0al llamar 1-800-872-7720 y solicitar el servicio al cliente o envi\u00e1ndonos un\u00a0correo electr\u00f3nico. Estos precios no incluyen flete ni seguro. Estos precios tampoco cubren gastos de instalaci\u00f3n, capacitaci\u00f3n o mantenimiento. Todos estos cargos son responsabilidad del usuario.\u00a0 Consultas Internacionales Los precios est\u00e1n disponibles en\u00a0nuestra red de [&hellip;]\" \/>\n<meta property=\"og:url\" content=\"https:\/\/www.parrinst.com\/es\/support\/pricing\/\" \/>\n<meta property=\"og:site_name\" content=\"Parr Instrument (Espa\u00f1ol)\" \/>\n<meta property=\"article:modified_time\" content=\"2018-03-02T21:17:44+00:00\" \/>\n<meta name=\"twitter:card\" content=\"summary_large_image\" \/>\n<meta name=\"twitter:label1\" content=\"Est. reading time\" \/>\n\t<meta name=\"twitter:data1\" content=\"1 minute\" \/>\n<script type=\"application\/ld+json\" class=\"yoast-schema-graph\">{\"@context\":\"https:\\\/\\\/schema.org\",\"@graph\":[{\"@type\":\"WebPage\",\"@id\":\"https:\\\/\\\/www.parrinst.com\\\/es\\\/support\\\/pricing\\\/\",\"url\":\"https:\\\/\\\/www.parrinst.com\\\/es\\\/support\\\/pricing\\\/\",\"name\":\"Precios - Parr Instrument (Espa\u00f1ol)\",\"isPartOf\":{\"@id\":\"https:\\\/\\\/www.parrinst.com\\\/es\\\/#website\"},\"datePublished\":\"2011-03-10T21:06:23+00:00\",\"dateModified\":\"2018-03-02T21:17:44+00:00\",\"breadcrumb\":{\"@id\":\"https:\\\/\\\/www.parrinst.com\\\/es\\\/support\\\/pricing\\\/#breadcrumb\"},\"inLanguage\":\"en-US\",\"potentialAction\":[{\"@type\":\"ReadAction\",\"target\":[\"https:\\\/\\\/www.parrinst.com\\\/es\\\/support\\\/pricing\\\/\"]}]},{\"@type\":\"BreadcrumbList\",\"@id\":\"https:\\\/\\\/www.parrinst.com\\\/es\\\/support\\\/pricing\\\/#breadcrumb\",\"itemListElement\":[{\"@type\":\"ListItem\",\"position\":1,\"name\":\"Home\",\"item\":\"https:\\\/\\\/www.parrinst.com\\\/es\\\/\"},{\"@type\":\"ListItem\",\"position\":2,\"name\":\"Support\",\"item\":\"https:\\\/\\\/www.parrinst.com\\\/support\\\/product-support\\\/\"},{\"@type\":\"ListItem\",\"position\":3,\"name\":\"Precios\"}]},{\"@type\":\"WebSite\",\"@id\":\"https:\\\/\\\/www.parrinst.com\\\/es\\\/#website\",\"url\":\"https:\\\/\\\/www.parrinst.com\\\/es\\\/\",\"name\":\"Parr Instrument (Espa\u00f1ol)\",\"description\":\"\",\"potentialAction\":[{\"@type\":\"SearchAction\",\"target\":{\"@type\":\"EntryPoint\",\"urlTemplate\":\"https:\\\/\\\/www.parrinst.com\\\/es\\\/?s={search_term_string}\"},\"query-input\":{\"@type\":\"PropertyValueSpecification\",\"valueRequired\":true,\"valueName\":\"search_term_string\"}}],\"inLanguage\":\"en-US\"}]}<\/script>\n<!-- \/ Yoast SEO plugin. -->","yoast_head_json":{"title":"Precios - Parr Instrument (Espa\u00f1ol)","robots":{"index":"index","follow":"follow","max-snippet":"max-snippet:-1","max-image-preview":"max-image-preview:large","max-video-preview":"max-video-preview:-1"},"canonical":"https:\/\/www.parrinst.com\/es\/support\/pricing\/","og_locale":"en_US","og_type":"article","og_title":"Precios - Parr Instrument (Espa\u00f1ol)","og_description":"Consultas Nacionales Los precios est\u00e1n disponibles contactando directamente con nosotros\u00a0al llamar 1-800-872-7720 y solicitar el servicio al cliente o envi\u00e1ndonos un\u00a0correo electr\u00f3nico. Estos precios no incluyen flete ni seguro. Estos precios tampoco cubren gastos de instalaci\u00f3n, capacitaci\u00f3n o mantenimiento. Todos estos cargos son responsabilidad del usuario.\u00a0 Consultas Internacionales Los precios est\u00e1n disponibles en\u00a0nuestra red de [&hellip;]","og_url":"https:\/\/www.parrinst.com\/es\/support\/pricing\/","og_site_name":"Parr Instrument (Espa\u00f1ol)","article_modified_time":"2018-03-02T21:17:44+00:00","twitter_card":"summary_large_image","twitter_misc":{"Est. reading time":"1 minute"},"schema":{"@context":"https:\/\/schema.org","@graph":[{"@type":"WebPage","@id":"https:\/\/www.parrinst.com\/es\/support\/pricing\/","url":"https:\/\/www.parrinst.com\/es\/support\/pricing\/","name":"Precios - Parr Instrument (Espa\u00f1ol)","isPartOf":{"@id":"https:\/\/www.parrinst.com\/es\/#website"},"datePublished":"2011-03-10T21:06:23+00:00","dateModified":"2018-03-02T21:17:44+00:00","breadcrumb":{"@id":"https:\/\/www.parrinst.com\/es\/support\/pricing\/#breadcrumb"},"inLanguage":"en-US","potentialAction":[{"@type":"ReadAction","target":["https:\/\/www.parrinst.com\/es\/support\/pricing\/"]}]},{"@type":"BreadcrumbList","@id":"https:\/\/www.parrinst.com\/es\/support\/pricing\/#breadcrumb","itemListElement":[{"@type":"ListItem","position":1,"name":"Home","item":"https:\/\/www.parrinst.com\/es\/"},{"@type":"ListItem","position":2,"name":"Support","item":"https:\/\/www.parrinst.com\/support\/product-support\/"},{"@type":"ListItem","position":3,"name":"Precios"}]},{"@type":"WebSite","@id":"https:\/\/www.parrinst.com\/es\/#website","url":"https:\/\/www.parrinst.com\/es\/","name":"Parr Instrument (Espa\u00f1ol)","description":"","potentialAction":[{"@type":"SearchAction","target":{"@type":"EntryPoint","urlTemplate":"https:\/\/www.parrinst.com\/es\/?s={search_term_string}"},"query-input":{"@type":"PropertyValueSpecification","valueRequired":true,"valueName":"search_term_string"}}],"inLanguage":"en-US"}]}},"jetpack_sharing_enabled":true,"_links":{"self":[{"href":"https:\/\/www.parrinst.com\/es\/wp-json\/wp\/v2\/pages\/163","targetHints":{"allow":["GET"]}}],"collection":[{"href":"https:\/\/www.parrinst.com\/es\/wp-json\/wp\/v2\/pages"}],"about":[{"href":"https:\/\/www.parrinst.com\/es\/wp-json\/wp\/v2\/types\/page"}],"author":[{"embeddable":true,"href":"https:\/\/www.parrinst.com\/es\/wp-json\/wp\/v2\/users\/1"}],"replies":[{"embeddable":true,"href":"https:\/\/www.parrinst.com\/es\/wp-json\/wp\/v2\/comments?post=163"}],"version-history":[{"count":2,"href":"https:\/\/www.parrinst.com\/es\/wp-json\/wp\/v2\/pages\/163\/revisions"}],"predecessor-version":[{"id":38102,"href":"https:\/\/www.parrinst.com\/es\/wp-json\/wp\/v2\/pages\/163\/revisions\/38102"}],"up":[{"embeddable":true,"href":"https:\/\/www.parrinst.com\/es\/wp-json\/wp\/v2\/pages\/24"}],"wp:attachment":[{"href":"https:\/\/www.parrinst.com\/es\/wp-json\/wp\/v2\/media?parent=163"}],"curies":[{"name":"wp","href":"https:\/\/api.w.org\/{rel}","templated":true}]}}