{"id":1683,"date":"2011-05-05T19:21:02","date_gmt":"2011-05-06T00:21:02","guid":{"rendered":"https:\/\/www.parrinst.com\/?page_id=1683"},"modified":"2019-01-21T10:40:11","modified_gmt":"2019-01-21T16:40:11","slug":"specifications","status":"publish","type":"page","link":"https:\/\/www.parrinst.com\/es\/products\/controllers\/4848-reactor-controller\/specifications\/","title":{"rendered":"Especificaciones"},"content":{"rendered":"<figure id=\"attachment_2418\" aria-describedby=\"caption-attachment-2418\" style=\"width: 300px\" class=\"wp-caption alignright\"><a href=\"https:\/\/i0.wp.com\/www.parrinst.com\/es\/wp-content\/uploads\/sites\/7\/2011\/06\/4848_Process-Controller_straightfront.jpg?ssl=1\"><img data-recalc-dims=\"1\" loading=\"lazy\" decoding=\"async\" class=\"wp-image-2418 size-medium\" src=\"https:\/\/i0.wp.com\/www.parrinst.com\/es\/wp-content\/uploads\/sites\/7\/2011\/06\/4848_Process-Controller_straightfront.jpg?resize=300%2C261&#038;ssl=1\" alt=\"4848 Controller shown with MCM, PDM and HTM expansion modules\" width=\"300\" height=\"261\" srcset=\"https:\/\/i0.wp.com\/www.parrinst.com\/es\/wp-content\/uploads\/sites\/7\/2011\/06\/4848_Process-Controller_straightfront.jpg?resize=300%2C261&amp;ssl=1 300w, https:\/\/i0.wp.com\/www.parrinst.com\/es\/wp-content\/uploads\/sites\/7\/2011\/06\/4848_Process-Controller_straightfront.jpg?resize=172%2C150&amp;ssl=1 172w, https:\/\/i0.wp.com\/www.parrinst.com\/es\/wp-content\/uploads\/sites\/7\/2011\/06\/4848_Process-Controller_straightfront.jpg?w=600&amp;ssl=1 600w\" sizes=\"auto, (max-width: 300px) 100vw, 300px\" \/><\/a><figcaption id=\"caption-attachment-2418\" class=\"wp-caption-text\">Controlador de Reactor\u00a04848 mostrado con m\u00f3dulos de expansi\u00f3n PTM, MCM, PDM y HTM<\/figcaption><\/figure>\n<p>&nbsp;<\/p>\n<h2>Especificaciones del Controlador de Reactor 4848<\/h2>\n<h3>Dise\u00f1o Modular<\/h3>\n<p>Ofrecemos siete m\u00f3dulos diferentes para el Controlador de Temperatura 4838. Un m\u00f3dulo de ampliaci\u00f3n extra se puede instalar en el controlador de temperatura 4838 adem\u00e1s del control de temperatura principal. El usuario puede seleccionar el M\u00f3dulo de Visualizaci\u00f3n del Tac\u00f3metro o el M\u00f3dulo de Control del Motor. Estas opci\u00f3n y\/o tambi\u00e9n se aplica a los M\u00f3dulos de Corte por Alta Temperatura y de L\u00edmites de Temperatura Externa.<\/p>\n<p><strong>1.\u00a0 M\u00f3dulo de Control de Temperatura Primaria\u00a0(PTM)<\/strong><br \/>\nEl m\u00f3dulo de control de la temperatura puede aceptar termopares o sensores de temperatura RTD. Tiene tres salidas que se utilizan para control de calefacci\u00f3n y enfriamiento y para la alarma accionada para corte de calefacci\u00f3n. La funci\u00f3n del control es un control proporcional, integral y derivado (PID) completo con capacidad de ajuste autom\u00e1tico.<br \/>\nEl controlador proporciona rampa e isoterma de programaci\u00f3n con hasta 49 segmentos.<br \/>\nLa temperatura en el reactor es continuamente transmitida y mostrada en la PC.<\/p>\n<p><strong>2.\u00a0 M\u00f3dulo de Visualizaci\u00f3n de Presi\u00f3n (PDM)<\/strong><br \/>\nEl m\u00f3dulo de monitoreo de la presi\u00f3n est\u00e1 configurado para aceptar la entrada de un transductor de presi\u00f3n montado en el reactor o en el accesorio conectado. Puede ser configurado para aceptar una amplia variedad de rangos de funcionamiento. Las presiones de trabajo se transmiten continuamente al PC. Estos m\u00f3dulos est\u00e1n disponibles calibrados en psi o bar.\u00a0 La salida del m\u00f3dulo de monitoreo de presi\u00f3n est\u00e1 conectado al rel\u00e9 de alarma para apagar al calefactor si el l\u00edmite de alta presi\u00f3n establecido por el operador se alcanza durante el funcionamiento.<\/p>\n<p><strong>3.\u00a0 M\u00f3dulo de Visualizaci\u00f3n de Tac\u00f3metro(TDM)<\/strong><br \/>\nEn esta configuraci\u00f3n, el m\u00f3dulo mostrar\u00e1 la velocidad del agitador y continuamente lo transmitir\u00e1 a la PC para su visualizaci\u00f3n y registro. La velocidad de agitaci\u00f3n se ajusta manualmente con un potenci\u00f3metro en la parte frontal del controlador 4848.<\/p>\n<p><strong>4.\u00a0 M\u00f3dulo de Control del Motor (MCM)<\/strong><br \/>\nEn esta configuraci\u00f3n, el m\u00f3dulo proporciona verdadero control de realimentaci\u00f3n de la velocidad de agitaci\u00f3n del reactor. La salida principal de este m\u00f3dulo est\u00e1 cableada para ajustar din\u00e1micamente el voltaje del motor como respuesta a los cambios en la carga del motor. Esto proporciona una mejor regulaci\u00f3n de la velocidad de agitaci\u00f3n del reactor que el control de velocidad de lazo abierto est\u00e1ndar, sobre todo con las reacciones que involucran viscosidades cambiantes. Adem\u00e1s, el uso de este m\u00f3dulo permite que el punto fijado de velocidad de agitaci\u00f3n sea ajustado de forma remota desde la PC. Un subproducto de este esquema de control de velocidad de lazo cerrado es que el valor de la salida del regulador primario refleja directamente el grado de carga en el motor a fin de mantener una velocidad de agitaci\u00f3n constante. Aunque no es una medida del torque directa, esta es una opci\u00f3n \u00fatil para aquellos que desean monitorear el progreso de las reacciones en las que hay un cambio en la viscosidad a medida que la reacci\u00f3n avanza.<\/p>\n<p><strong>5. M\u00f3dulo de Torque de Motor (MTM)<\/strong><\/p>\n<p>El MTM mostrar\u00e1 la salida del motor de un MCM. Lo cual es muy \u00fatil para aplicaciones con viscosidades cambiantes<\/p>\n<p><strong>6. M\u00f3dulo de Corte por Alta Temperatura (HTM)<\/strong><\/p>\n<p>El m\u00f3dulo de corte por alta temperatura o controlador de limite aumenta el funcionamiento del m\u00f3dulo de control principal. Su sensor redundante puede montarse ya sea interna o externamente al reactor. La salida principal del m\u00f3dulo est\u00e1 conectada para activar el rel\u00e9 de bloqueo con el fin de proporcionar el cierre de seguridad si el reactor alcanza una temperatura insegura.<\/p>\n<p><strong>7. M\u00f3dulo de L\u00edmite de Temperatura Externa (ETLM)<\/strong><\/p>\n<p>Esta configuraci\u00f3n utiliza el mismo m\u00f3dulo HTM mencionado con su sensor montado para controlar la temperatura de la pared exterior del reactor. La salida principal de este m\u00f3dulo se utiliza para limitar la temperatura externa del reactor. Esto se hace mediante la interrupci\u00f3n de la se\u00f1al de control desde el controlador de temperatura principal cuando la temperatura externa supera un valor predeterminado. La salida secundaria de este m\u00f3dulo se utiliza para activar el rel\u00e9 de bloqueo de una manera no-enclavameinto si la temperatura de la pared exterior supera una temperatura insegura preestablecida. El uso de este m\u00f3dulo proporciona una alternativa eficaz al control de cascada, ofreciendo una mejor regulaci\u00f3n de temperatura en sistemas con grandes rezagos t\u00e9rmicos, como los encontrados en reactores sin agitaci\u00f3n o sistemas que utilizan revestimientos de PTFE, as\u00ed como en sistemas donde los reactantes tienen bajas capacidades t\u00e9rmicas, como reacciones en fase gaseosa.<\/p>\n<p><strong>8. M\u00f3dulo de V\u00e1lvula Solenoide (SVM)<\/strong><br \/>\nEste paquete incluye una v\u00e1lvula solenoide y una v\u00e1lvula de ajuste de flujo con todas las piezas necesarias para ensamblar un sistema autom\u00e1tico para controlar el flujo de refrigerante a trav\u00e9s de un serpent\u00edn de enfriamiento en cualquier reactor. Se enchufa en el conector de salida de enfriamiento en el 4848. Est\u00e1 dise\u00f1ado para usar agua de grifo como medio de enfriamiento.<\/p>\n<h3>Software ParrCom gratuito incluido en el 4848<\/h3>\n<p><strong>(A1925E4 RS-485 a USB, cable de conversi\u00f3n necesario para la operaci\u00f3n)<\/strong><\/p>\n<p>Software gratuito incluido con cada controlador de 4848 para procesos sencillos de registro (A1925E4 Cable de conversi\u00f3n RS-485 a USB, necesario). Para los usuarios que requieren una verdadera interfaz hombre-m\u00e1quina con la capacidad de cambiar la configuraci\u00f3n y registrar variables m\u00faltiples, se recomienda el <a title=\"paquete A3504HC SpecView\" href=\"https:\/\/www.parrinst.com\/es\/products\/controllers\/specview\/\">paquete A3504HC SpecView<\/a>.<\/p>\n<table class=\"GeneralTable\">\n<tbody>\n<tr class=\"GeneralTable-DarkBlue\">\n<td colspan=\"4\">Dimensiones<\/td>\n<\/tr>\n<tr>\n<td><strong>Modelo<\/strong><\/td>\n<td><strong>Ancho, pulgadas<\/strong><\/td>\n<td><strong>Altura, pulgadas<\/strong><\/td>\n<td><strong>\u00a0Profundidad, pulgadas<\/strong><\/td>\n<\/tr>\n<tr class=\"GeneralTable-LightBlue\">\n<td>4848<\/td>\n<td>11.11<\/td>\n<td>9.7<\/td>\n<td>11.3<\/td>\n<\/tr>\n<tr>\n<td>4848B<\/td>\n<td>13.6<\/td>\n<td>9.6<\/td>\n<td>11.3<\/td>\n<\/tr>\n<tr class=\"GeneralTable-LightBlue\">\n<td>4848M<\/td>\n<td>11.1<\/td>\n<td>9.7<\/td>\n<td>11.3<\/td>\n<\/tr>\n<tr>\n<td>4848A<\/td>\n<td>13.6<\/td>\n<td>9.6<\/td>\n<td>11.3<\/td>\n<\/tr>\n<\/tbody>\n<\/table>\n","protected":false},"excerpt":{"rendered":"<p>&nbsp; Especificaciones del Controlador de Reactor 4848 Dise\u00f1o Modular Ofrecemos siete m\u00f3dulos diferentes para el Controlador de Temperatura 4838. Un m\u00f3dulo de ampliaci\u00f3n extra se puede instalar en el controlador de temperatura 4838 adem\u00e1s del control de temperatura principal. El usuario puede seleccionar el M\u00f3dulo de Visualizaci\u00f3n del Tac\u00f3metro o el M\u00f3dulo de Control del [&hellip;]<\/p>\n","protected":false},"author":1,"featured_media":38132,"parent":306,"menu_order":2,"comment_status":"closed","ping_status":"closed","template":"product-narrow.php","meta":{"_acf_changed":false,"footnotes":"","_links_to":"","_links_to_target":""},"class_list":["post-1683","page","type-page","status-publish","has-post-thumbnail","hentry"],"acf":[],"yoast_head":"<!-- This site is optimized with the Yoast SEO plugin v27.4 - https:\/\/yoast.com\/product\/yoast-seo-wordpress\/ -->\n<title>Especificaciones - Parr Instrument (Espa\u00f1ol)<\/title>\n<meta name=\"robots\" content=\"index, follow, max-snippet:-1, max-image-preview:large, max-video-preview:-1\" \/>\n<link rel=\"canonical\" href=\"https:\/\/www.parrinst.com\/es\/products\/controllers\/4848-reactor-controller\/specifications\/\" \/>\n<meta property=\"og:locale\" content=\"en_US\" \/>\n<meta property=\"og:type\" content=\"article\" \/>\n<meta property=\"og:title\" content=\"Especificaciones - Parr Instrument (Espa\u00f1ol)\" \/>\n<meta property=\"og:description\" content=\"&nbsp; Especificaciones del Controlador de Reactor 4848 Dise\u00f1o Modular Ofrecemos siete m\u00f3dulos diferentes para el Controlador de Temperatura 4838. Un m\u00f3dulo de ampliaci\u00f3n extra se puede instalar en el controlador de temperatura 4838 adem\u00e1s del control de temperatura principal. El usuario puede seleccionar el M\u00f3dulo de Visualizaci\u00f3n del Tac\u00f3metro o el M\u00f3dulo de Control del [&hellip;]\" \/>\n<meta property=\"og:url\" content=\"https:\/\/www.parrinst.com\/es\/products\/controllers\/4848-reactor-controller\/specifications\/\" \/>\n<meta property=\"og:site_name\" content=\"Parr Instrument (Espa\u00f1ol)\" \/>\n<meta property=\"article:modified_time\" content=\"2019-01-21T16:40:11+00:00\" \/>\n<meta property=\"og:image\" content=\"https:\/\/www.parrinst.com\/es\/files\/2018\/03\/Controller_banner3PI2_1068.jpg\" \/>\n\t<meta property=\"og:image:width\" content=\"2200\" \/>\n\t<meta property=\"og:image:height\" content=\"399\" \/>\n\t<meta property=\"og:image:type\" content=\"image\/jpeg\" \/>\n<meta name=\"twitter:card\" content=\"summary_large_image\" \/>\n<meta name=\"twitter:label1\" content=\"Est. reading time\" \/>\n\t<meta name=\"twitter:data1\" content=\"5 minutes\" \/>\n<script type=\"application\/ld+json\" class=\"yoast-schema-graph\">{\"@context\":\"https:\\\/\\\/schema.org\",\"@graph\":[{\"@type\":\"WebPage\",\"@id\":\"https:\\\/\\\/www.parrinst.com\\\/es\\\/products\\\/controllers\\\/4848-reactor-controller\\\/specifications\\\/\",\"url\":\"https:\\\/\\\/www.parrinst.com\\\/es\\\/products\\\/controllers\\\/4848-reactor-controller\\\/specifications\\\/\",\"name\":\"Especificaciones - Parr Instrument (Espa\u00f1ol)\",\"isPartOf\":{\"@id\":\"https:\\\/\\\/www.parrinst.com\\\/es\\\/#website\"},\"primaryImageOfPage\":{\"@id\":\"https:\\\/\\\/www.parrinst.com\\\/es\\\/products\\\/controllers\\\/4848-reactor-controller\\\/specifications\\\/#primaryimage\"},\"image\":{\"@id\":\"https:\\\/\\\/www.parrinst.com\\\/es\\\/products\\\/controllers\\\/4848-reactor-controller\\\/specifications\\\/#primaryimage\"},\"thumbnailUrl\":\"https:\\\/\\\/i0.wp.com\\\/www.parrinst.com\\\/es\\\/wp-content\\\/uploads\\\/sites\\\/7\\\/2018\\\/03\\\/Controller_banner3PI2_1068.jpg?fit=2200%2C399&ssl=1\",\"datePublished\":\"2011-05-06T00:21:02+00:00\",\"dateModified\":\"2019-01-21T16:40:11+00:00\",\"breadcrumb\":{\"@id\":\"https:\\\/\\\/www.parrinst.com\\\/es\\\/products\\\/controllers\\\/4848-reactor-controller\\\/specifications\\\/#breadcrumb\"},\"inLanguage\":\"en-US\",\"potentialAction\":[{\"@type\":\"ReadAction\",\"target\":[\"https:\\\/\\\/www.parrinst.com\\\/es\\\/products\\\/controllers\\\/4848-reactor-controller\\\/specifications\\\/\"]}]},{\"@type\":\"ImageObject\",\"inLanguage\":\"en-US\",\"@id\":\"https:\\\/\\\/www.parrinst.com\\\/es\\\/products\\\/controllers\\\/4848-reactor-controller\\\/specifications\\\/#primaryimage\",\"url\":\"https:\\\/\\\/i0.wp.com\\\/www.parrinst.com\\\/es\\\/wp-content\\\/uploads\\\/sites\\\/7\\\/2018\\\/03\\\/Controller_banner3PI2_1068.jpg?fit=2200%2C399&ssl=1\",\"contentUrl\":\"https:\\\/\\\/i0.wp.com\\\/www.parrinst.com\\\/es\\\/wp-content\\\/uploads\\\/sites\\\/7\\\/2018\\\/03\\\/Controller_banner3PI2_1068.jpg?fit=2200%2C399&ssl=1\",\"width\":2200,\"height\":399},{\"@type\":\"BreadcrumbList\",\"@id\":\"https:\\\/\\\/www.parrinst.com\\\/es\\\/products\\\/controllers\\\/4848-reactor-controller\\\/specifications\\\/#breadcrumb\",\"itemListElement\":[{\"@type\":\"ListItem\",\"position\":1,\"name\":\"Home\",\"item\":\"https:\\\/\\\/www.parrinst.com\\\/es\\\/\"},{\"@type\":\"ListItem\",\"position\":2,\"name\":\"Products\",\"item\":\"https:\\\/\\\/www.parrinst.com\\\/es\\\/products\\\/\"},{\"@type\":\"ListItem\",\"position\":3,\"name\":\"Controladores\",\"item\":\"https:\\\/\\\/www.parrinst.com\\\/es\\\/products\\\/controllers\\\/\"},{\"@type\":\"ListItem\",\"position\":4,\"name\":\"Controlador de Reactor 4848\",\"item\":\"https:\\\/\\\/www.parrinst.com\\\/es\\\/products\\\/controllers\\\/4848-reactor-controller\\\/\"},{\"@type\":\"ListItem\",\"position\":5,\"name\":\"Especificaciones\"}]},{\"@type\":\"WebSite\",\"@id\":\"https:\\\/\\\/www.parrinst.com\\\/es\\\/#website\",\"url\":\"https:\\\/\\\/www.parrinst.com\\\/es\\\/\",\"name\":\"Parr Instrument (Espa\u00f1ol)\",\"description\":\"\",\"potentialAction\":[{\"@type\":\"SearchAction\",\"target\":{\"@type\":\"EntryPoint\",\"urlTemplate\":\"https:\\\/\\\/www.parrinst.com\\\/es\\\/?s={search_term_string}\"},\"query-input\":{\"@type\":\"PropertyValueSpecification\",\"valueRequired\":true,\"valueName\":\"search_term_string\"}}],\"inLanguage\":\"en-US\"}]}<\/script>\n<!-- \/ Yoast SEO plugin. -->","yoast_head_json":{"title":"Especificaciones - Parr Instrument (Espa\u00f1ol)","robots":{"index":"index","follow":"follow","max-snippet":"max-snippet:-1","max-image-preview":"max-image-preview:large","max-video-preview":"max-video-preview:-1"},"canonical":"https:\/\/www.parrinst.com\/es\/products\/controllers\/4848-reactor-controller\/specifications\/","og_locale":"en_US","og_type":"article","og_title":"Especificaciones - Parr Instrument (Espa\u00f1ol)","og_description":"&nbsp; Especificaciones del Controlador de Reactor 4848 Dise\u00f1o Modular Ofrecemos siete m\u00f3dulos diferentes para el Controlador de Temperatura 4838. Un m\u00f3dulo de ampliaci\u00f3n extra se puede instalar en el controlador de temperatura 4838 adem\u00e1s del control de temperatura principal. El usuario puede seleccionar el M\u00f3dulo de Visualizaci\u00f3n del Tac\u00f3metro o el M\u00f3dulo de Control del [&hellip;]","og_url":"https:\/\/www.parrinst.com\/es\/products\/controllers\/4848-reactor-controller\/specifications\/","og_site_name":"Parr Instrument (Espa\u00f1ol)","article_modified_time":"2019-01-21T16:40:11+00:00","og_image":[{"width":2200,"height":399,"url":"https:\/\/www.parrinst.com\/es\/files\/2018\/03\/Controller_banner3PI2_1068.jpg","type":"image\/jpeg"}],"twitter_card":"summary_large_image","twitter_misc":{"Est. reading time":"5 minutes"},"schema":{"@context":"https:\/\/schema.org","@graph":[{"@type":"WebPage","@id":"https:\/\/www.parrinst.com\/es\/products\/controllers\/4848-reactor-controller\/specifications\/","url":"https:\/\/www.parrinst.com\/es\/products\/controllers\/4848-reactor-controller\/specifications\/","name":"Especificaciones - Parr Instrument (Espa\u00f1ol)","isPartOf":{"@id":"https:\/\/www.parrinst.com\/es\/#website"},"primaryImageOfPage":{"@id":"https:\/\/www.parrinst.com\/es\/products\/controllers\/4848-reactor-controller\/specifications\/#primaryimage"},"image":{"@id":"https:\/\/www.parrinst.com\/es\/products\/controllers\/4848-reactor-controller\/specifications\/#primaryimage"},"thumbnailUrl":"https:\/\/i0.wp.com\/www.parrinst.com\/es\/wp-content\/uploads\/sites\/7\/2018\/03\/Controller_banner3PI2_1068.jpg?fit=2200%2C399&ssl=1","datePublished":"2011-05-06T00:21:02+00:00","dateModified":"2019-01-21T16:40:11+00:00","breadcrumb":{"@id":"https:\/\/www.parrinst.com\/es\/products\/controllers\/4848-reactor-controller\/specifications\/#breadcrumb"},"inLanguage":"en-US","potentialAction":[{"@type":"ReadAction","target":["https:\/\/www.parrinst.com\/es\/products\/controllers\/4848-reactor-controller\/specifications\/"]}]},{"@type":"ImageObject","inLanguage":"en-US","@id":"https:\/\/www.parrinst.com\/es\/products\/controllers\/4848-reactor-controller\/specifications\/#primaryimage","url":"https:\/\/i0.wp.com\/www.parrinst.com\/es\/wp-content\/uploads\/sites\/7\/2018\/03\/Controller_banner3PI2_1068.jpg?fit=2200%2C399&ssl=1","contentUrl":"https:\/\/i0.wp.com\/www.parrinst.com\/es\/wp-content\/uploads\/sites\/7\/2018\/03\/Controller_banner3PI2_1068.jpg?fit=2200%2C399&ssl=1","width":2200,"height":399},{"@type":"BreadcrumbList","@id":"https:\/\/www.parrinst.com\/es\/products\/controllers\/4848-reactor-controller\/specifications\/#breadcrumb","itemListElement":[{"@type":"ListItem","position":1,"name":"Home","item":"https:\/\/www.parrinst.com\/es\/"},{"@type":"ListItem","position":2,"name":"Products","item":"https:\/\/www.parrinst.com\/es\/products\/"},{"@type":"ListItem","position":3,"name":"Controladores","item":"https:\/\/www.parrinst.com\/es\/products\/controllers\/"},{"@type":"ListItem","position":4,"name":"Controlador de Reactor 4848","item":"https:\/\/www.parrinst.com\/es\/products\/controllers\/4848-reactor-controller\/"},{"@type":"ListItem","position":5,"name":"Especificaciones"}]},{"@type":"WebSite","@id":"https:\/\/www.parrinst.com\/es\/#website","url":"https:\/\/www.parrinst.com\/es\/","name":"Parr Instrument (Espa\u00f1ol)","description":"","potentialAction":[{"@type":"SearchAction","target":{"@type":"EntryPoint","urlTemplate":"https:\/\/www.parrinst.com\/es\/?s={search_term_string}"},"query-input":{"@type":"PropertyValueSpecification","valueRequired":true,"valueName":"search_term_string"}}],"inLanguage":"en-US"}]}},"jetpack_sharing_enabled":true,"_links":{"self":[{"href":"https:\/\/www.parrinst.com\/es\/wp-json\/wp\/v2\/pages\/1683","targetHints":{"allow":["GET"]}}],"collection":[{"href":"https:\/\/www.parrinst.com\/es\/wp-json\/wp\/v2\/pages"}],"about":[{"href":"https:\/\/www.parrinst.com\/es\/wp-json\/wp\/v2\/types\/page"}],"author":[{"embeddable":true,"href":"https:\/\/www.parrinst.com\/es\/wp-json\/wp\/v2\/users\/1"}],"replies":[{"embeddable":true,"href":"https:\/\/www.parrinst.com\/es\/wp-json\/wp\/v2\/comments?post=1683"}],"version-history":[{"count":6,"href":"https:\/\/www.parrinst.com\/es\/wp-json\/wp\/v2\/pages\/1683\/revisions"}],"predecessor-version":[{"id":39105,"href":"https:\/\/www.parrinst.com\/es\/wp-json\/wp\/v2\/pages\/1683\/revisions\/39105"}],"up":[{"embeddable":true,"href":"https:\/\/www.parrinst.com\/es\/wp-json\/wp\/v2\/pages\/306"}],"wp:featuredmedia":[{"embeddable":true,"href":"https:\/\/www.parrinst.com\/es\/wp-json\/wp\/v2\/media\/38132"}],"wp:attachment":[{"href":"https:\/\/www.parrinst.com\/es\/wp-json\/wp\/v2\/media?parent=1683"}],"curies":[{"name":"wp","href":"https:\/\/api.w.org\/{rel}","templated":true}]}}