{"id":1687,"date":"2011-05-05T19:21:57","date_gmt":"2011-05-06T00:21:57","guid":{"rendered":"https:\/\/www.parrinst.com\/?page_id=1687"},"modified":"2018-02-06T15:08:26","modified_gmt":"2018-02-06T21:08:26","slug":"ordering-guide","status":"publish","type":"page","link":"https:\/\/www.parrinst.com\/es\/products\/controllers\/4848-reactor-controller\/ordering-guide\/","title":{"rendered":"Gu\u00eda de Pedidos"},"content":{"rendered":"<h2>Gu\u00eda de Pedidos del Controlador de Reactor 4848 AModelo B\u00e1sico<\/h2>\n<p>Haga clic en las siguientes selecciones para desarrollar un n\u00famero de identificaci\u00f3n compuesto que se usar\u00e1 para solicitar una cotizaci\u00f3n o para pedir un Controlador de Reactor 4848.<\/p>\n<p>Ejemplo: Un Controlador de Reactor 4848, Sistema el\u00e9ctrico 115V, con M\u00f3dulo de Visualizaci\u00f3n de Tac\u00f3metrocon M\u00f3dulo, M\u00f3dulo de Valvula Solenoide, Convertidor RS-485 a USB, y software specview se numerar\u00e1 como:<\/p>\n<p><strong>No. 4848-EB-TDM-SVM-A1925E4-A3504HC<\/strong><\/p>\n<table class=\"OrderingGuide\">\n<tbody>\n<tr>\n<td class=\"OrderingGuide-DarkGreen\" colspan=\"3\"><strong>A<\/strong>Modelo B\u00e1sico<\/td>\n<\/tr>\n<tr>\n<td colspan=\"3\">PID,\u00a0programaci\u00f3n de temperatura, comunicaciones digitales con control de Velocidad del Motor y el Software<\/td>\n<\/tr>\n<tr>\n<td width=\"18%\"><strong>N\u00b0 Modelo<\/strong><\/td>\n<td colspan=\"2\" width=\"82%\"><strong>Descripci\u00f3n<\/strong><\/td>\n<\/tr>\n<tr class=\"OrderingGuide-LightGreen\">\n<td>4848<\/td>\n<td colspan=\"2\">Controlador del Reactor para usarse con tres m\u00f3dulos de accesorios<\/td>\n<\/tr>\n<tr>\n<td>4848B<\/td>\n<td colspan=\"2\">Controlador de Reactor para usarse con\u00a0seis m\u00f3dulos de accesorios<\/td>\n<\/tr>\n<tr class=\"OrderingGuide-LightGreen\">\n<td>4848M<\/td>\n<td colspan=\"2\">Controlador de Master<\/td>\n<\/tr>\n<tr>\n<td>4848BA<\/td>\n<td colspan=\"2\">Controlador de Reactor para motores de corriente alterna<\/td>\n<\/tr>\n<tr>\n<td><\/td>\n<\/tr>\n<tr>\n<td class=\"OrderingGuide-DarkGreen\" colspan=\"3\"><strong>B<\/strong>Suministro electric<\/td>\n<\/tr>\n<tr>\n<td>-EB<\/td>\n<td colspan=\"2\">115 VAC<\/td>\n<\/tr>\n<tr class=\"OrderingGuide-LightGreen\">\n<td>-EE<\/td>\n<td colspan=\"2\">230 VAC<\/td>\n<\/tr>\n<tr>\n<td><\/td>\n<\/tr>\n<tr>\n<td class=\"OrderingGuide-DarkGreen\" colspan=\"3\"><strong>C<\/strong>Opciones<\/td>\n<\/tr>\n<tr>\n<td>\u00a0-TDM<\/td>\n<td colspan=\"2\">\u00a0M\u00f3dulo de Visualizaci\u00f3n de Tac\u00f3metro<\/td>\n<\/tr>\n<tr class=\"OrderingGuide-LightGreen\">\n<td>\u00a0-MCM<\/td>\n<td colspan=\"2\">\u00a0Tac\u00f3metro con M\u00f3dulo de Control de Motor<\/td>\n<\/tr>\n<tr>\n<td>\u00a0-PDM<\/td>\n<td colspan=\"2\">\u00a0M\u00f3dulo de Visualizaci\u00f3n de Presi\u00f3n<\/td>\n<\/tr>\n<tr class=\"OrderingGuide-LightGreen\">\n<td>\u00a0-HTM<\/td>\n<td colspan=\"2\">\u00a0M\u00f3dulo de Corte por Alta Temperatura<\/td>\n<\/tr>\n<tr>\n<td>\u00a0-ETLM<\/td>\n<td colspan=\"2\">\u00a0M\u00f3dulo de L\u00edmite de Temperatura Externa<\/td>\n<\/tr>\n<tr class=\"OrderingGuide-LightGreen\">\n<td>\u00a0-MTM*<\/td>\n<td colspan=\"2\">\u00a0M\u00f3dulo de Torque de Motor<\/td>\n<\/tr>\n<tr>\n<td>\u00a0-SVM<\/td>\n<td colspan=\"2\">\u00a0M\u00f3dulo de Valvula Solenoide (para control de enfriamiento)<\/td>\n<\/tr>\n<tr class=\"OrderingGuide-LightGreen\">\n<td>-AUX<\/td>\n<td colspan=\"2\">\u00a00-5 VDC, 4-20 MA (4848\u00a0s\u00f3lo\u00a0\u00a0)<\/td>\n<\/tr>\n<tr>\n<td>-A1925E4<\/td>\n<td colspan=\"2\">Convertidor RS-485 a USB pour 4848 Controlador (requeridos para el registro de datos)<\/td>\n<\/tr>\n<tr class=\"OrderingGuide-LightGreen\">\n<td>-A1925E6<\/td>\n<td colspan=\"2\">Convertidor RS-485 a USB, aislado, 30-pies<\/td>\n<\/tr>\n<tr>\n<td>-A2208E**<\/td>\n<td colspan=\"2\">\u00a0RS-485 conexi\u00f3n en cadena de varios controladores, 10 pies<\/td>\n<\/tr>\n<tr class=\"OrderingGuide-LightGreen\">\n<td>-A3504HC<\/td>\n<td colspan=\"2\">Paquete de Software Specview<\/td>\n<\/tr>\n<\/tbody>\n<\/table>\n<p><em>* Este m\u00f3dulo se debe instalar junto con el MCM.<br \/>\n<em>** Se debe utilizar con A1925E6<br \/>\n<\/em><\/em><\/p>\n<p>&nbsp;<\/p>\n","protected":false},"excerpt":{"rendered":"<p>Gu\u00eda de Pedidos del Controlador de Reactor 4848 AModelo B\u00e1sico Haga clic en las siguientes selecciones para desarrollar un n\u00famero de identificaci\u00f3n compuesto que se usar\u00e1 para solicitar una cotizaci\u00f3n o para pedir un Controlador de Reactor 4848. Ejemplo: Un Controlador de Reactor 4848, Sistema el\u00e9ctrico 115V, con M\u00f3dulo de Visualizaci\u00f3n de Tac\u00f3metrocon M\u00f3dulo, M\u00f3dulo [&hellip;]<\/p>\n","protected":false},"author":1,"featured_media":38132,"parent":306,"menu_order":5,"comment_status":"closed","ping_status":"closed","template":"product-narrow.php","meta":{"_acf_changed":false,"footnotes":"","_links_to":"","_links_to_target":""},"class_list":["post-1687","page","type-page","status-publish","has-post-thumbnail","hentry"],"acf":[],"yoast_head":"<!-- This site is optimized with the Yoast SEO plugin v27.4 - https:\/\/yoast.com\/product\/yoast-seo-wordpress\/ -->\n<title>Gu\u00eda de Pedidos - Parr Instrument (Espa\u00f1ol)<\/title>\n<meta name=\"robots\" content=\"index, follow, max-snippet:-1, max-image-preview:large, max-video-preview:-1\" \/>\n<link rel=\"canonical\" href=\"https:\/\/www.parrinst.com\/es\/products\/controllers\/4848-reactor-controller\/ordering-guide\/\" \/>\n<meta property=\"og:locale\" content=\"en_US\" \/>\n<meta property=\"og:type\" content=\"article\" \/>\n<meta property=\"og:title\" content=\"Gu\u00eda de Pedidos - Parr Instrument (Espa\u00f1ol)\" \/>\n<meta property=\"og:description\" content=\"Gu\u00eda de Pedidos del Controlador de Reactor 4848 AModelo B\u00e1sico Haga clic en las siguientes selecciones para desarrollar un n\u00famero de identificaci\u00f3n compuesto que se usar\u00e1 para solicitar una cotizaci\u00f3n o para pedir un Controlador de Reactor 4848. Ejemplo: Un Controlador de Reactor 4848, Sistema el\u00e9ctrico 115V, con M\u00f3dulo de Visualizaci\u00f3n de Tac\u00f3metrocon M\u00f3dulo, M\u00f3dulo [&hellip;]\" \/>\n<meta property=\"og:url\" content=\"https:\/\/www.parrinst.com\/es\/products\/controllers\/4848-reactor-controller\/ordering-guide\/\" \/>\n<meta property=\"og:site_name\" content=\"Parr Instrument (Espa\u00f1ol)\" \/>\n<meta property=\"article:modified_time\" content=\"2018-02-06T21:08:26+00:00\" \/>\n<meta property=\"og:image\" content=\"https:\/\/www.parrinst.com\/es\/files\/2018\/03\/Controller_banner3PI2_1068.jpg\" \/>\n\t<meta property=\"og:image:width\" content=\"2200\" \/>\n\t<meta property=\"og:image:height\" content=\"399\" \/>\n\t<meta property=\"og:image:type\" content=\"image\/jpeg\" \/>\n<meta name=\"twitter:card\" content=\"summary_large_image\" \/>\n<meta name=\"twitter:label1\" content=\"Est. reading time\" \/>\n\t<meta name=\"twitter:data1\" content=\"1 minute\" \/>\n<script type=\"application\/ld+json\" class=\"yoast-schema-graph\">{\"@context\":\"https:\\\/\\\/schema.org\",\"@graph\":[{\"@type\":\"WebPage\",\"@id\":\"https:\\\/\\\/www.parrinst.com\\\/es\\\/products\\\/controllers\\\/4848-reactor-controller\\\/ordering-guide\\\/\",\"url\":\"https:\\\/\\\/www.parrinst.com\\\/es\\\/products\\\/controllers\\\/4848-reactor-controller\\\/ordering-guide\\\/\",\"name\":\"Gu\u00eda de Pedidos - Parr Instrument (Espa\u00f1ol)\",\"isPartOf\":{\"@id\":\"https:\\\/\\\/www.parrinst.com\\\/es\\\/#website\"},\"primaryImageOfPage\":{\"@id\":\"https:\\\/\\\/www.parrinst.com\\\/es\\\/products\\\/controllers\\\/4848-reactor-controller\\\/ordering-guide\\\/#primaryimage\"},\"image\":{\"@id\":\"https:\\\/\\\/www.parrinst.com\\\/es\\\/products\\\/controllers\\\/4848-reactor-controller\\\/ordering-guide\\\/#primaryimage\"},\"thumbnailUrl\":\"https:\\\/\\\/i0.wp.com\\\/www.parrinst.com\\\/es\\\/wp-content\\\/uploads\\\/sites\\\/7\\\/2018\\\/03\\\/Controller_banner3PI2_1068.jpg?fit=2200%2C399&ssl=1\",\"datePublished\":\"2011-05-06T00:21:57+00:00\",\"dateModified\":\"2018-02-06T21:08:26+00:00\",\"breadcrumb\":{\"@id\":\"https:\\\/\\\/www.parrinst.com\\\/es\\\/products\\\/controllers\\\/4848-reactor-controller\\\/ordering-guide\\\/#breadcrumb\"},\"inLanguage\":\"en-US\",\"potentialAction\":[{\"@type\":\"ReadAction\",\"target\":[\"https:\\\/\\\/www.parrinst.com\\\/es\\\/products\\\/controllers\\\/4848-reactor-controller\\\/ordering-guide\\\/\"]}]},{\"@type\":\"ImageObject\",\"inLanguage\":\"en-US\",\"@id\":\"https:\\\/\\\/www.parrinst.com\\\/es\\\/products\\\/controllers\\\/4848-reactor-controller\\\/ordering-guide\\\/#primaryimage\",\"url\":\"https:\\\/\\\/i0.wp.com\\\/www.parrinst.com\\\/es\\\/wp-content\\\/uploads\\\/sites\\\/7\\\/2018\\\/03\\\/Controller_banner3PI2_1068.jpg?fit=2200%2C399&ssl=1\",\"contentUrl\":\"https:\\\/\\\/i0.wp.com\\\/www.parrinst.com\\\/es\\\/wp-content\\\/uploads\\\/sites\\\/7\\\/2018\\\/03\\\/Controller_banner3PI2_1068.jpg?fit=2200%2C399&ssl=1\",\"width\":2200,\"height\":399},{\"@type\":\"BreadcrumbList\",\"@id\":\"https:\\\/\\\/www.parrinst.com\\\/es\\\/products\\\/controllers\\\/4848-reactor-controller\\\/ordering-guide\\\/#breadcrumb\",\"itemListElement\":[{\"@type\":\"ListItem\",\"position\":1,\"name\":\"Home\",\"item\":\"https:\\\/\\\/www.parrinst.com\\\/es\\\/\"},{\"@type\":\"ListItem\",\"position\":2,\"name\":\"Products\",\"item\":\"https:\\\/\\\/www.parrinst.com\\\/es\\\/products\\\/\"},{\"@type\":\"ListItem\",\"position\":3,\"name\":\"Controladores\",\"item\":\"https:\\\/\\\/www.parrinst.com\\\/es\\\/products\\\/controllers\\\/\"},{\"@type\":\"ListItem\",\"position\":4,\"name\":\"Controlador de Reactor 4848\",\"item\":\"https:\\\/\\\/www.parrinst.com\\\/es\\\/products\\\/controllers\\\/4848-reactor-controller\\\/\"},{\"@type\":\"ListItem\",\"position\":5,\"name\":\"Gu\u00eda de Pedidos\"}]},{\"@type\":\"WebSite\",\"@id\":\"https:\\\/\\\/www.parrinst.com\\\/es\\\/#website\",\"url\":\"https:\\\/\\\/www.parrinst.com\\\/es\\\/\",\"name\":\"Parr Instrument (Espa\u00f1ol)\",\"description\":\"\",\"potentialAction\":[{\"@type\":\"SearchAction\",\"target\":{\"@type\":\"EntryPoint\",\"urlTemplate\":\"https:\\\/\\\/www.parrinst.com\\\/es\\\/?s={search_term_string}\"},\"query-input\":{\"@type\":\"PropertyValueSpecification\",\"valueRequired\":true,\"valueName\":\"search_term_string\"}}],\"inLanguage\":\"en-US\"}]}<\/script>\n<!-- \/ Yoast SEO plugin. -->","yoast_head_json":{"title":"Gu\u00eda de Pedidos - Parr Instrument (Espa\u00f1ol)","robots":{"index":"index","follow":"follow","max-snippet":"max-snippet:-1","max-image-preview":"max-image-preview:large","max-video-preview":"max-video-preview:-1"},"canonical":"https:\/\/www.parrinst.com\/es\/products\/controllers\/4848-reactor-controller\/ordering-guide\/","og_locale":"en_US","og_type":"article","og_title":"Gu\u00eda de Pedidos - Parr Instrument (Espa\u00f1ol)","og_description":"Gu\u00eda de Pedidos del Controlador de Reactor 4848 AModelo B\u00e1sico Haga clic en las siguientes selecciones para desarrollar un n\u00famero de identificaci\u00f3n compuesto que se usar\u00e1 para solicitar una cotizaci\u00f3n o para pedir un Controlador de Reactor 4848. Ejemplo: Un Controlador de Reactor 4848, Sistema el\u00e9ctrico 115V, con M\u00f3dulo de Visualizaci\u00f3n de Tac\u00f3metrocon M\u00f3dulo, M\u00f3dulo [&hellip;]","og_url":"https:\/\/www.parrinst.com\/es\/products\/controllers\/4848-reactor-controller\/ordering-guide\/","og_site_name":"Parr Instrument (Espa\u00f1ol)","article_modified_time":"2018-02-06T21:08:26+00:00","og_image":[{"width":2200,"height":399,"url":"https:\/\/www.parrinst.com\/es\/files\/2018\/03\/Controller_banner3PI2_1068.jpg","type":"image\/jpeg"}],"twitter_card":"summary_large_image","twitter_misc":{"Est. reading time":"1 minute"},"schema":{"@context":"https:\/\/schema.org","@graph":[{"@type":"WebPage","@id":"https:\/\/www.parrinst.com\/es\/products\/controllers\/4848-reactor-controller\/ordering-guide\/","url":"https:\/\/www.parrinst.com\/es\/products\/controllers\/4848-reactor-controller\/ordering-guide\/","name":"Gu\u00eda de Pedidos - Parr Instrument (Espa\u00f1ol)","isPartOf":{"@id":"https:\/\/www.parrinst.com\/es\/#website"},"primaryImageOfPage":{"@id":"https:\/\/www.parrinst.com\/es\/products\/controllers\/4848-reactor-controller\/ordering-guide\/#primaryimage"},"image":{"@id":"https:\/\/www.parrinst.com\/es\/products\/controllers\/4848-reactor-controller\/ordering-guide\/#primaryimage"},"thumbnailUrl":"https:\/\/i0.wp.com\/www.parrinst.com\/es\/wp-content\/uploads\/sites\/7\/2018\/03\/Controller_banner3PI2_1068.jpg?fit=2200%2C399&ssl=1","datePublished":"2011-05-06T00:21:57+00:00","dateModified":"2018-02-06T21:08:26+00:00","breadcrumb":{"@id":"https:\/\/www.parrinst.com\/es\/products\/controllers\/4848-reactor-controller\/ordering-guide\/#breadcrumb"},"inLanguage":"en-US","potentialAction":[{"@type":"ReadAction","target":["https:\/\/www.parrinst.com\/es\/products\/controllers\/4848-reactor-controller\/ordering-guide\/"]}]},{"@type":"ImageObject","inLanguage":"en-US","@id":"https:\/\/www.parrinst.com\/es\/products\/controllers\/4848-reactor-controller\/ordering-guide\/#primaryimage","url":"https:\/\/i0.wp.com\/www.parrinst.com\/es\/wp-content\/uploads\/sites\/7\/2018\/03\/Controller_banner3PI2_1068.jpg?fit=2200%2C399&ssl=1","contentUrl":"https:\/\/i0.wp.com\/www.parrinst.com\/es\/wp-content\/uploads\/sites\/7\/2018\/03\/Controller_banner3PI2_1068.jpg?fit=2200%2C399&ssl=1","width":2200,"height":399},{"@type":"BreadcrumbList","@id":"https:\/\/www.parrinst.com\/es\/products\/controllers\/4848-reactor-controller\/ordering-guide\/#breadcrumb","itemListElement":[{"@type":"ListItem","position":1,"name":"Home","item":"https:\/\/www.parrinst.com\/es\/"},{"@type":"ListItem","position":2,"name":"Products","item":"https:\/\/www.parrinst.com\/es\/products\/"},{"@type":"ListItem","position":3,"name":"Controladores","item":"https:\/\/www.parrinst.com\/es\/products\/controllers\/"},{"@type":"ListItem","position":4,"name":"Controlador de Reactor 4848","item":"https:\/\/www.parrinst.com\/es\/products\/controllers\/4848-reactor-controller\/"},{"@type":"ListItem","position":5,"name":"Gu\u00eda de Pedidos"}]},{"@type":"WebSite","@id":"https:\/\/www.parrinst.com\/es\/#website","url":"https:\/\/www.parrinst.com\/es\/","name":"Parr Instrument (Espa\u00f1ol)","description":"","potentialAction":[{"@type":"SearchAction","target":{"@type":"EntryPoint","urlTemplate":"https:\/\/www.parrinst.com\/es\/?s={search_term_string}"},"query-input":{"@type":"PropertyValueSpecification","valueRequired":true,"valueName":"search_term_string"}}],"inLanguage":"en-US"}]}},"jetpack_sharing_enabled":true,"_links":{"self":[{"href":"https:\/\/www.parrinst.com\/es\/wp-json\/wp\/v2\/pages\/1687","targetHints":{"allow":["GET"]}}],"collection":[{"href":"https:\/\/www.parrinst.com\/es\/wp-json\/wp\/v2\/pages"}],"about":[{"href":"https:\/\/www.parrinst.com\/es\/wp-json\/wp\/v2\/types\/page"}],"author":[{"embeddable":true,"href":"https:\/\/www.parrinst.com\/es\/wp-json\/wp\/v2\/users\/1"}],"replies":[{"embeddable":true,"href":"https:\/\/www.parrinst.com\/es\/wp-json\/wp\/v2\/comments?post=1687"}],"version-history":[{"count":3,"href":"https:\/\/www.parrinst.com\/es\/wp-json\/wp\/v2\/pages\/1687\/revisions"}],"predecessor-version":[{"id":38423,"href":"https:\/\/www.parrinst.com\/es\/wp-json\/wp\/v2\/pages\/1687\/revisions\/38423"}],"up":[{"embeddable":true,"href":"https:\/\/www.parrinst.com\/es\/wp-json\/wp\/v2\/pages\/306"}],"wp:featuredmedia":[{"embeddable":true,"href":"https:\/\/www.parrinst.com\/es\/wp-json\/wp\/v2\/media\/38132"}],"wp:attachment":[{"href":"https:\/\/www.parrinst.com\/es\/wp-json\/wp\/v2\/media?parent=1687"}],"curies":[{"name":"wp","href":"https:\/\/api.w.org\/{rel}","templated":true}]}}