{"id":169,"date":"2011-03-10T15:07:24","date_gmt":"2011-03-10T21:07:24","guid":{"rendered":"https:\/\/www.parrinst.com\/?page_id=169"},"modified":"2023-01-30T12:36:17","modified_gmt":"2023-01-30T18:36:17","slug":"training","status":"publish","type":"page","link":"https:\/\/www.parrinst.com\/es\/support\/training\/","title":{"rendered":"Capacitaci\u00f3n"},"content":{"rendered":"<p><img data-recalc-dims=\"1\" loading=\"lazy\" decoding=\"async\" class=\"alignright wp-image-12948 size-medium\" src=\"https:\/\/i0.wp.com\/www.parrinst.com\/es\/wp-content\/uploads\/sites\/7\/2011\/03\/0416_Tim-Lehman-Farid-Ali-David-Neurin-Rodriguez-Romero-Jacek-Thomann-Rafal-Kuran.jpg?resize=300%2C225&#038;ssl=1\" alt=\"\" width=\"300\" height=\"225\" srcset=\"https:\/\/i0.wp.com\/www.parrinst.com\/es\/wp-content\/uploads\/sites\/7\/2011\/03\/0416_Tim-Lehman-Farid-Ali-David-Neurin-Rodriguez-Romero-Jacek-Thomann-Rafal-Kuran.jpg?resize=300%2C225&amp;ssl=1 300w, https:\/\/i0.wp.com\/www.parrinst.com\/es\/wp-content\/uploads\/sites\/7\/2011\/03\/0416_Tim-Lehman-Farid-Ali-David-Neurin-Rodriguez-Romero-Jacek-Thomann-Rafal-Kuran.jpg?resize=200%2C150&amp;ssl=1 200w, https:\/\/i0.wp.com\/www.parrinst.com\/es\/wp-content\/uploads\/sites\/7\/2011\/03\/0416_Tim-Lehman-Farid-Ali-David-Neurin-Rodriguez-Romero-Jacek-Thomann-Rafal-Kuran.jpg?resize=768%2C576&amp;ssl=1 768w, https:\/\/i0.wp.com\/www.parrinst.com\/es\/wp-content\/uploads\/sites\/7\/2011\/03\/0416_Tim-Lehman-Farid-Ali-David-Neurin-Rodriguez-Romero-Jacek-Thomann-Rafal-Kuran.jpg?resize=1024%2C768&amp;ssl=1 1024w, https:\/\/i0.wp.com\/www.parrinst.com\/es\/wp-content\/uploads\/sites\/7\/2011\/03\/0416_Tim-Lehman-Farid-Ali-David-Neurin-Rodriguez-Romero-Jacek-Thomann-Rafal-Kuran.jpg?w=1280&amp;ssl=1 1280w, https:\/\/i0.wp.com\/www.parrinst.com\/es\/wp-content\/uploads\/sites\/7\/2011\/03\/0416_Tim-Lehman-Farid-Ali-David-Neurin-Rodriguez-Romero-Jacek-Thomann-Rafal-Kuran.jpg?w=1920&amp;ssl=1 1920w\" sizes=\"auto, (max-width: 300px) 100vw, 300px\" \/>Los usuarios que requieran asistencia t\u00e9cnica o instalaci\u00f3n de equipos Parr, pueden llamar al Departamento de Servicio T\u00e9cnico al (309) 762-7716 o 872-7720 (800). No hay ning\u00fan cargo por este servicio\u00a0telef\u00f3nico.<\/p>\n<p>Para los usuarios que requieren asistencia pr\u00e1ctica con la instalaci\u00f3n de los equipos de Parr y\/o ayuda en la capacitaci\u00f3n, se puede enviar a un T\u00e9cnico de Parr al laboratorio del usuario, cuando est\u00e9 disponible. Favor de<a href=\"https:\/\/www.parrinst.com\/contact\/parr-usa\/\">contactarnos<\/a>\u00a0para informarle sobre los costos de este servicio.<\/p>\n<p>La capacitaci\u00f3n tambi\u00e9n est\u00e1 disponible en Parr Instrument Company en Moline, Illinois, y se ofrece de forma gratuita. Parr Instrument Company no es responsable de los gastos de viaje, alojamiento, alimentos, u otros gastos imprevistos de viaje.<\/p>\n<h3>Alojamiento<\/h3>\n<p><strong>Wyndham Moline on John Deere Commons<\/strong><br \/>\n1415 River Drive, Moline, IL, U.S.A.<br \/>\n877-999-3223 or 309-764-1000<br \/>\n<a class=\"external\" href=\"https:\/\/www.wyndhamhotels.com\/wyndham\/moline-illinois\/wyndham-moline-on-john-deere-commons\/overview\" target=\"_blank\" rel=\"noopener\">www.wyndhamhotels.com<\/a><\/p>\n<h3>Registro<\/h3>\n<p>No hay fecha l\u00edmite para el registro de capacitaci\u00f3n. Le pedimos que por favor, se ponga en contacto con nosotros con sus planes tentativos de capacitaci\u00f3n para que podamos planificar adecuadamente y confirmar que nuestros representantes estar\u00e1n disponibles para su capacitaci\u00f3n en las fechas solicitadas.<\/p>\n<p>&nbsp;<\/p>\n<p>Para obtener m\u00e1s informaci\u00f3n sobre la zona de Quad City visite\u00a0<a href=\"http:\/\/www.visitquadcities.com\/\">www.visitquadcities.com.<\/a><\/p>\n<p>Esperamos su visita.<\/p>\n","protected":false},"excerpt":{"rendered":"<p>Los usuarios que requieran asistencia t\u00e9cnica o instalaci\u00f3n de equipos Parr, pueden llamar al Departamento de Servicio T\u00e9cnico al (309) 762-7716 o 872-7720 (800). No hay ning\u00fan cargo por este servicio\u00a0telef\u00f3nico. Para los usuarios que requieren asistencia pr\u00e1ctica con la instalaci\u00f3n de los equipos de Parr y\/o ayuda en la capacitaci\u00f3n, se puede enviar a [&hellip;]<\/p>\n","protected":false},"author":2,"featured_media":0,"parent":24,"menu_order":5,"comment_status":"closed","ping_status":"closed","template":"","meta":{"_acf_changed":false,"footnotes":"","_links_to":"","_links_to_target":""},"class_list":["post-169","page","type-page","status-publish","hentry"],"acf":[],"yoast_head":"<!-- This site is optimized with the Yoast SEO plugin v27.5 - https:\/\/yoast.com\/product\/yoast-seo-wordpress\/ -->\n<title>Capacitaci\u00f3n - Parr Instrument (Espa\u00f1ol)<\/title>\n<meta name=\"robots\" content=\"index, follow, max-snippet:-1, max-image-preview:large, max-video-preview:-1\" \/>\n<link rel=\"canonical\" href=\"https:\/\/www.parrinst.com\/es\/support\/training\/\" \/>\n<meta property=\"og:locale\" content=\"en_US\" \/>\n<meta property=\"og:type\" content=\"article\" \/>\n<meta property=\"og:title\" content=\"Capacitaci\u00f3n - Parr Instrument (Espa\u00f1ol)\" \/>\n<meta property=\"og:description\" content=\"Los usuarios que requieran asistencia t\u00e9cnica o instalaci\u00f3n de equipos Parr, pueden llamar al Departamento de Servicio T\u00e9cnico al (309) 762-7716 o 872-7720 (800). No hay ning\u00fan cargo por este servicio\u00a0telef\u00f3nico. Para los usuarios que requieren asistencia pr\u00e1ctica con la instalaci\u00f3n de los equipos de Parr y\/o ayuda en la capacitaci\u00f3n, se puede enviar a [&hellip;]\" \/>\n<meta property=\"og:url\" content=\"https:\/\/www.parrinst.com\/es\/support\/training\/\" \/>\n<meta property=\"og:site_name\" content=\"Parr Instrument (Espa\u00f1ol)\" \/>\n<meta property=\"article:modified_time\" content=\"2023-01-30T18:36:17+00:00\" \/>\n<meta property=\"og:image\" content=\"https:\/\/www.parrinst.com\/es\/files\/2011\/03\/0416_Tim-Lehman-Farid-Ali-David-Neurin-Rodriguez-Romero-Jacek-Thomann-Rafal-Kuran-300x225.jpg\" \/>\n<meta name=\"twitter:card\" content=\"summary_large_image\" \/>\n<meta name=\"twitter:label1\" content=\"Est. reading time\" \/>\n\t<meta name=\"twitter:data1\" content=\"2 minutes\" \/>\n<script type=\"application\/ld+json\" class=\"yoast-schema-graph\">{\"@context\":\"https:\\\/\\\/schema.org\",\"@graph\":[{\"@type\":\"WebPage\",\"@id\":\"https:\\\/\\\/www.parrinst.com\\\/es\\\/support\\\/training\\\/\",\"url\":\"https:\\\/\\\/www.parrinst.com\\\/es\\\/support\\\/training\\\/\",\"name\":\"Capacitaci\u00f3n - Parr Instrument (Espa\u00f1ol)\",\"isPartOf\":{\"@id\":\"https:\\\/\\\/www.parrinst.com\\\/es\\\/#website\"},\"primaryImageOfPage\":{\"@id\":\"https:\\\/\\\/www.parrinst.com\\\/es\\\/support\\\/training\\\/#primaryimage\"},\"image\":{\"@id\":\"https:\\\/\\\/www.parrinst.com\\\/es\\\/support\\\/training\\\/#primaryimage\"},\"thumbnailUrl\":\"https:\\\/\\\/www.parrinst.com\\\/es\\\/wp-content\\\/uploads\\\/sites\\\/7\\\/2011\\\/03\\\/0416_Tim-Lehman-Farid-Ali-David-Neurin-Rodriguez-Romero-Jacek-Thomann-Rafal-Kuran-300x225.jpg\",\"datePublished\":\"2011-03-10T21:07:24+00:00\",\"dateModified\":\"2023-01-30T18:36:17+00:00\",\"breadcrumb\":{\"@id\":\"https:\\\/\\\/www.parrinst.com\\\/es\\\/support\\\/training\\\/#breadcrumb\"},\"inLanguage\":\"en-US\",\"potentialAction\":[{\"@type\":\"ReadAction\",\"target\":[\"https:\\\/\\\/www.parrinst.com\\\/es\\\/support\\\/training\\\/\"]}]},{\"@type\":\"ImageObject\",\"inLanguage\":\"en-US\",\"@id\":\"https:\\\/\\\/www.parrinst.com\\\/es\\\/support\\\/training\\\/#primaryimage\",\"url\":\"https:\\\/\\\/i0.wp.com\\\/www.parrinst.com\\\/es\\\/wp-content\\\/uploads\\\/sites\\\/7\\\/2011\\\/03\\\/0416_Tim-Lehman-Farid-Ali-David-Neurin-Rodriguez-Romero-Jacek-Thomann-Rafal-Kuran.jpg?fit=3264%2C2448&ssl=1\",\"contentUrl\":\"https:\\\/\\\/i0.wp.com\\\/www.parrinst.com\\\/es\\\/wp-content\\\/uploads\\\/sites\\\/7\\\/2011\\\/03\\\/0416_Tim-Lehman-Farid-Ali-David-Neurin-Rodriguez-Romero-Jacek-Thomann-Rafal-Kuran.jpg?fit=3264%2C2448&ssl=1\",\"width\":3264,\"height\":2448},{\"@type\":\"BreadcrumbList\",\"@id\":\"https:\\\/\\\/www.parrinst.com\\\/es\\\/support\\\/training\\\/#breadcrumb\",\"itemListElement\":[{\"@type\":\"ListItem\",\"position\":1,\"name\":\"Home\",\"item\":\"https:\\\/\\\/www.parrinst.com\\\/es\\\/\"},{\"@type\":\"ListItem\",\"position\":2,\"name\":\"Support\",\"item\":\"https:\\\/\\\/www.parrinst.com\\\/support\\\/product-support\\\/\"},{\"@type\":\"ListItem\",\"position\":3,\"name\":\"Capacitaci\u00f3n\"}]},{\"@type\":\"WebSite\",\"@id\":\"https:\\\/\\\/www.parrinst.com\\\/es\\\/#website\",\"url\":\"https:\\\/\\\/www.parrinst.com\\\/es\\\/\",\"name\":\"Parr Instrument (Espa\u00f1ol)\",\"description\":\"\",\"potentialAction\":[{\"@type\":\"SearchAction\",\"target\":{\"@type\":\"EntryPoint\",\"urlTemplate\":\"https:\\\/\\\/www.parrinst.com\\\/es\\\/?s={search_term_string}\"},\"query-input\":{\"@type\":\"PropertyValueSpecification\",\"valueRequired\":true,\"valueName\":\"search_term_string\"}}],\"inLanguage\":\"en-US\"}]}<\/script>\n<!-- \/ Yoast SEO plugin. -->","yoast_head_json":{"title":"Capacitaci\u00f3n - Parr Instrument (Espa\u00f1ol)","robots":{"index":"index","follow":"follow","max-snippet":"max-snippet:-1","max-image-preview":"max-image-preview:large","max-video-preview":"max-video-preview:-1"},"canonical":"https:\/\/www.parrinst.com\/es\/support\/training\/","og_locale":"en_US","og_type":"article","og_title":"Capacitaci\u00f3n - Parr Instrument (Espa\u00f1ol)","og_description":"Los usuarios que requieran asistencia t\u00e9cnica o instalaci\u00f3n de equipos Parr, pueden llamar al Departamento de Servicio T\u00e9cnico al (309) 762-7716 o 872-7720 (800). No hay ning\u00fan cargo por este servicio\u00a0telef\u00f3nico. Para los usuarios que requieren asistencia pr\u00e1ctica con la instalaci\u00f3n de los equipos de Parr y\/o ayuda en la capacitaci\u00f3n, se puede enviar a [&hellip;]","og_url":"https:\/\/www.parrinst.com\/es\/support\/training\/","og_site_name":"Parr Instrument (Espa\u00f1ol)","article_modified_time":"2023-01-30T18:36:17+00:00","og_image":[{"url":"https:\/\/www.parrinst.com\/es\/files\/2011\/03\/0416_Tim-Lehman-Farid-Ali-David-Neurin-Rodriguez-Romero-Jacek-Thomann-Rafal-Kuran-300x225.jpg","type":"","width":"","height":""}],"twitter_card":"summary_large_image","twitter_misc":{"Est. reading time":"2 minutes"},"schema":{"@context":"https:\/\/schema.org","@graph":[{"@type":"WebPage","@id":"https:\/\/www.parrinst.com\/es\/support\/training\/","url":"https:\/\/www.parrinst.com\/es\/support\/training\/","name":"Capacitaci\u00f3n - Parr Instrument (Espa\u00f1ol)","isPartOf":{"@id":"https:\/\/www.parrinst.com\/es\/#website"},"primaryImageOfPage":{"@id":"https:\/\/www.parrinst.com\/es\/support\/training\/#primaryimage"},"image":{"@id":"https:\/\/www.parrinst.com\/es\/support\/training\/#primaryimage"},"thumbnailUrl":"https:\/\/www.parrinst.com\/es\/wp-content\/uploads\/sites\/7\/2011\/03\/0416_Tim-Lehman-Farid-Ali-David-Neurin-Rodriguez-Romero-Jacek-Thomann-Rafal-Kuran-300x225.jpg","datePublished":"2011-03-10T21:07:24+00:00","dateModified":"2023-01-30T18:36:17+00:00","breadcrumb":{"@id":"https:\/\/www.parrinst.com\/es\/support\/training\/#breadcrumb"},"inLanguage":"en-US","potentialAction":[{"@type":"ReadAction","target":["https:\/\/www.parrinst.com\/es\/support\/training\/"]}]},{"@type":"ImageObject","inLanguage":"en-US","@id":"https:\/\/www.parrinst.com\/es\/support\/training\/#primaryimage","url":"https:\/\/i0.wp.com\/www.parrinst.com\/es\/wp-content\/uploads\/sites\/7\/2011\/03\/0416_Tim-Lehman-Farid-Ali-David-Neurin-Rodriguez-Romero-Jacek-Thomann-Rafal-Kuran.jpg?fit=3264%2C2448&ssl=1","contentUrl":"https:\/\/i0.wp.com\/www.parrinst.com\/es\/wp-content\/uploads\/sites\/7\/2011\/03\/0416_Tim-Lehman-Farid-Ali-David-Neurin-Rodriguez-Romero-Jacek-Thomann-Rafal-Kuran.jpg?fit=3264%2C2448&ssl=1","width":3264,"height":2448},{"@type":"BreadcrumbList","@id":"https:\/\/www.parrinst.com\/es\/support\/training\/#breadcrumb","itemListElement":[{"@type":"ListItem","position":1,"name":"Home","item":"https:\/\/www.parrinst.com\/es\/"},{"@type":"ListItem","position":2,"name":"Support","item":"https:\/\/www.parrinst.com\/support\/product-support\/"},{"@type":"ListItem","position":3,"name":"Capacitaci\u00f3n"}]},{"@type":"WebSite","@id":"https:\/\/www.parrinst.com\/es\/#website","url":"https:\/\/www.parrinst.com\/es\/","name":"Parr Instrument (Espa\u00f1ol)","description":"","potentialAction":[{"@type":"SearchAction","target":{"@type":"EntryPoint","urlTemplate":"https:\/\/www.parrinst.com\/es\/?s={search_term_string}"},"query-input":{"@type":"PropertyValueSpecification","valueRequired":true,"valueName":"search_term_string"}}],"inLanguage":"en-US"}]}},"jetpack_sharing_enabled":true,"_links":{"self":[{"href":"https:\/\/www.parrinst.com\/es\/wp-json\/wp\/v2\/pages\/169","targetHints":{"allow":["GET"]}}],"collection":[{"href":"https:\/\/www.parrinst.com\/es\/wp-json\/wp\/v2\/pages"}],"about":[{"href":"https:\/\/www.parrinst.com\/es\/wp-json\/wp\/v2\/types\/page"}],"author":[{"embeddable":true,"href":"https:\/\/www.parrinst.com\/es\/wp-json\/wp\/v2\/users\/2"}],"replies":[{"embeddable":true,"href":"https:\/\/www.parrinst.com\/es\/wp-json\/wp\/v2\/comments?post=169"}],"version-history":[{"count":8,"href":"https:\/\/www.parrinst.com\/es\/wp-json\/wp\/v2\/pages\/169\/revisions"}],"predecessor-version":[{"id":40686,"href":"https:\/\/www.parrinst.com\/es\/wp-json\/wp\/v2\/pages\/169\/revisions\/40686"}],"up":[{"embeddable":true,"href":"https:\/\/www.parrinst.com\/es\/wp-json\/wp\/v2\/pages\/24"}],"wp:attachment":[{"href":"https:\/\/www.parrinst.com\/es\/wp-json\/wp\/v2\/media?parent=169"}],"curies":[{"name":"wp","href":"https:\/\/api.w.org\/{rel}","templated":true}]}}