{"id":179,"date":"2011-03-10T15:08:54","date_gmt":"2011-03-10T21:08:54","guid":{"rendered":"https:\/\/www.parrinst.com\/?page_id=179"},"modified":"2018-05-02T09:57:39","modified_gmt":"2018-05-02T14:57:39","slug":"warranty","status":"publish","type":"page","link":"https:\/\/www.parrinst.com\/es\/support\/warranty\/","title":{"rendered":"Garant\u00eda"},"content":{"rendered":"<p>Las bombas de combusti\u00f3n, calor\u00edmetros, reactores, recipientes a presi\u00f3n y productos asociados de Parr Instrument Company (Parr) se han dise\u00f1ado y fabricado exclusivamente para su uso por o bajo la supervisi\u00f3n directa de profesionales capacitados, de acuerdo con las especificaciones e instrucciones de uso suministradas con los productos. Por esa raz\u00f3n, Parr vende solamente a usuarios profesionales o sus distribuidores a este tipo de usuarios. Parr produce equipos de precisi\u00f3n y los productos asociados que no est\u00e9n destinados para uso comercial en general.<\/p>\n<hr \/>\n<h3>Garant\u00eda Exclusiva<\/h3>\n<p>En la medida permitida por la ley, las garant\u00edas expresas y limitadas en este documento son las \u00fanicas garant\u00edas. Cualquier garant\u00eda impl\u00edcita se excluye expresamente, incluyendo pero no limitado a garant\u00edas impl\u00edcitas de comerciabilidad o adecuaci\u00f3n para un prop\u00f3sito en particular.<\/p>\n<p><strong>Condiciones de Garant\u00eda:<\/strong><\/p>\n<p><strong>1. No asignable.<\/strong> Las garant\u00edas en este documento se limitan al comprador\/usuario original y a los distribuidores de este tipo de usuarios. Estas garant\u00edas o cualquier acci\u00f3n o reclamo fundado en ellas no se puede ceder ni transferir.<\/p>\n<p><strong>2. Uso del producto.<\/strong> Las garant\u00edas en este documento son aplicables y exigibles s\u00f3lo cuando el producto Parr:<\/p>\n<p>(a) Est\u00e1 instalado y operado en estricta conformidad con las instrucciones escritas para su uso proporcionadas por Parr.<\/p>\n<p>(b) Se est\u00e1 usando de una manera legal.<\/p>\n<p>(c)\u00a0No ha sido modificado por nadie m\u00e1s que por Parr Instrument Comany.<\/p>\n<p>(d) Ha sido almacenado o mantenido de acuerdo con las instrucciones escritas proporcionadas por Parr, o si no se proporcionaron, se ha guardado y mantenido de forma profesionalmente razonable.<\/p>\n<p><strong>3. La responsabilidad del usuario.<\/strong> Los Ingenieros y personal de ventas de Parr con gusto hablar\u00e1n acerca de los equipos disponibles y opciones de materiales con los posibles usuarios, pero la responsabilidad final para seleccionar un reactor, recipiente a presi\u00f3n o bomba de combusti\u00f3n que tenga la capacidad, clasificaci\u00f3n de presi\u00f3n, compatibilidad qu\u00edmica, resistencia a la corrosi\u00f3n y caracter\u00edsticas de dise\u00f1o necesarias para desempe\u00f1arse con seguridad y a satisfacci\u00f3n del usuario en cualquier reacci\u00f3n particular o prueba, debe recaer en el usuario &#8211; no en Parr. Tambi\u00e9n es responsabilidad del usuario el instalar el equipo en un entorno operativo seguro y capacitar a todo el personal operativo acerca de la seguridad, procedimientos operativos y mantenimiento apropiado.<\/p>\n<p><strong>4. Plazo de Garant\u00eda.<\/strong>Salvo disposici\u00f3n contraria por escrito de Parr, las garant\u00edas en este documento son aplicables por un per\u00edodo de un a\u00f1o desde la fecha de entrega del producto al comprador\/usuario original. Tenga en cuenta, sin embargo, que no hay garant\u00eda de vida de servicio de un a\u00f1o despu\u00e9s de la entrega.<\/p>\n<p><strong>5. Notificaci\u00f3n.<\/strong> Para hacer valer cualquier garant\u00eda expresa creada en este documento, el comprador\/usuario debe notificar a Parr por escrito dentro de los treinta (30) d\u00edas siguientes a la fecha sobre todos los desperfectos que detecte. A petici\u00f3n de Parr, la parte del producto en cuesti\u00f3n debe ser devuelta a Parr en la forma especificada por Parr para an\u00e1lisis y pruebas no destructivas.<\/p>\n<hr \/>\n<h3>Garant\u00edas Expl\u00edcitas<\/h3>\n<p>Sujeto a las Condiciones anteriores, Parr garantiza expl\u00edcitamente que sus productos:<\/p>\n<p>1. Son como se describe en la literatura aplicable de ventas de Parr, o como se especifica en los documentos de env\u00edo de Parr.<\/p>\n<p>2. Funcionar\u00e1n como se describe en los boletines correspondientes de ventas de Parr o, para los ensambles dise\u00f1ados especialmente, como se indica en la propuesta de venta y contrato de compra.<\/p>\n<p>3. Permanecer\u00e1 libre de defectos en materiales y mano de obra durante el periodo de garant\u00eda.<\/p>\n<hr \/>\n<h3>Limitaciones en la Garant\u00eda de Parr<\/h3>\n<p>Respecto al comprador\/usuario original y a los distribuidores de esos usuarios, Parr limita su responsabilidad por las reclamaciones que no sean lesiones personales como sigue:<\/p>\n<p><strong>1. Remplazo o reparaci\u00f3n.<\/strong> Con respecto a la las garant\u00edas expresadas en este documento, la \u00fanica obligaci\u00f3n de Parr es para Remplazar o reparar las piezas, ensambles o productos que no cumplan con las garant\u00edas previstas en este documento.<\/p>\n<p><strong>2. Descargo de responsabilidad de da\u00f1os consecuentes.<\/strong> En ning\u00fan caso, Parr ser\u00e1 responsable de da\u00f1os comerciales consecuentes, incluyendo pero no limit\u00e1ndose a: da\u00f1os por p\u00e9rdida de uso, da\u00f1os por p\u00e9rdida de ganancias y da\u00f1os resultantes de un da\u00f1o a la propiedad que no sea el producto de Parr y sus partes componentes.<\/p>\n<hr \/>\n<h3>Indemnizaci\u00f3n y Liberaci\u00f3n de Responsabilidad<\/h3>\n<p>El comprador\/usuario original se compromete a indemnizar y mantener indemne a Parr por lesiones personales al comprador\/usuario original, sus empleados y todos los terceros cuando dichas lesiones surjan de un mal uso de los productos Parr o un uso no conforme a las especificaciones e instrucciones de uso suministradas con los Productos Parr.<\/p>\n<p><strong>Descargar la Garant\u00eda de Parr Instrument Company<\/strong><br \/>\n<a  data-e-Disable-Page-Transition=\"true\" class=\"download-link\" title=\"\" href=\"https:\/\/www.parrinst.com\/es\/download\/36971\/?tmstv=1777394742\" rel=\"nofollow\" id=\"download-link-36971\" data-redirect=\"false\" >\n\t201M Limited Warranty<\/a>\n\n","protected":false},"excerpt":{"rendered":"<p>Las bombas de combusti\u00f3n, calor\u00edmetros, reactores, recipientes a presi\u00f3n y productos asociados de Parr Instrument Company (Parr) se han dise\u00f1ado y fabricado exclusivamente para su uso por o bajo la supervisi\u00f3n directa de profesionales capacitados, de acuerdo con las especificaciones e instrucciones de uso suministradas con los productos. Por esa raz\u00f3n, Parr vende solamente a [&hellip;]<\/p>\n","protected":false},"author":1,"featured_media":0,"parent":24,"menu_order":10,"comment_status":"closed","ping_status":"closed","template":"","meta":{"_acf_changed":false,"footnotes":"","_links_to":"","_links_to_target":""},"class_list":["post-179","page","type-page","status-publish","hentry"],"acf":[],"yoast_head":"<!-- This site is optimized with the Yoast SEO plugin v27.5 - https:\/\/yoast.com\/product\/yoast-seo-wordpress\/ -->\n<title>Garant\u00eda - Parr Instrument (Espa\u00f1ol)<\/title>\n<meta name=\"robots\" content=\"index, follow, max-snippet:-1, max-image-preview:large, max-video-preview:-1\" \/>\n<link rel=\"canonical\" href=\"https:\/\/www.parrinst.com\/es\/support\/warranty\/\" \/>\n<meta property=\"og:locale\" content=\"en_US\" \/>\n<meta property=\"og:type\" content=\"article\" \/>\n<meta property=\"og:title\" content=\"Garant\u00eda - Parr Instrument (Espa\u00f1ol)\" \/>\n<meta property=\"og:description\" content=\"Las bombas de combusti\u00f3n, calor\u00edmetros, reactores, recipientes a presi\u00f3n y productos asociados de Parr Instrument Company (Parr) se han dise\u00f1ado y fabricado exclusivamente para su uso por o bajo la supervisi\u00f3n directa de profesionales capacitados, de acuerdo con las especificaciones e instrucciones de uso suministradas con los productos. Por esa raz\u00f3n, Parr vende solamente a [&hellip;]\" \/>\n<meta property=\"og:url\" content=\"https:\/\/www.parrinst.com\/es\/support\/warranty\/\" \/>\n<meta property=\"og:site_name\" content=\"Parr Instrument (Espa\u00f1ol)\" \/>\n<meta property=\"article:modified_time\" content=\"2018-05-02T14:57:39+00:00\" \/>\n<meta name=\"twitter:card\" content=\"summary_large_image\" \/>\n<meta name=\"twitter:label1\" content=\"Est. reading time\" \/>\n\t<meta name=\"twitter:data1\" content=\"4 minutes\" \/>\n<script type=\"application\/ld+json\" class=\"yoast-schema-graph\">{\"@context\":\"https:\\\/\\\/schema.org\",\"@graph\":[{\"@type\":\"WebPage\",\"@id\":\"https:\\\/\\\/www.parrinst.com\\\/es\\\/support\\\/warranty\\\/\",\"url\":\"https:\\\/\\\/www.parrinst.com\\\/es\\\/support\\\/warranty\\\/\",\"name\":\"Garant\u00eda - Parr Instrument (Espa\u00f1ol)\",\"isPartOf\":{\"@id\":\"https:\\\/\\\/www.parrinst.com\\\/es\\\/#website\"},\"datePublished\":\"2011-03-10T21:08:54+00:00\",\"dateModified\":\"2018-05-02T14:57:39+00:00\",\"breadcrumb\":{\"@id\":\"https:\\\/\\\/www.parrinst.com\\\/es\\\/support\\\/warranty\\\/#breadcrumb\"},\"inLanguage\":\"en-US\",\"potentialAction\":[{\"@type\":\"ReadAction\",\"target\":[\"https:\\\/\\\/www.parrinst.com\\\/es\\\/support\\\/warranty\\\/\"]}]},{\"@type\":\"BreadcrumbList\",\"@id\":\"https:\\\/\\\/www.parrinst.com\\\/es\\\/support\\\/warranty\\\/#breadcrumb\",\"itemListElement\":[{\"@type\":\"ListItem\",\"position\":1,\"name\":\"Home\",\"item\":\"https:\\\/\\\/www.parrinst.com\\\/es\\\/\"},{\"@type\":\"ListItem\",\"position\":2,\"name\":\"Support\",\"item\":\"https:\\\/\\\/www.parrinst.com\\\/support\\\/product-support\\\/\"},{\"@type\":\"ListItem\",\"position\":3,\"name\":\"Garant\u00eda\"}]},{\"@type\":\"WebSite\",\"@id\":\"https:\\\/\\\/www.parrinst.com\\\/es\\\/#website\",\"url\":\"https:\\\/\\\/www.parrinst.com\\\/es\\\/\",\"name\":\"Parr Instrument (Espa\u00f1ol)\",\"description\":\"\",\"potentialAction\":[{\"@type\":\"SearchAction\",\"target\":{\"@type\":\"EntryPoint\",\"urlTemplate\":\"https:\\\/\\\/www.parrinst.com\\\/es\\\/?s={search_term_string}\"},\"query-input\":{\"@type\":\"PropertyValueSpecification\",\"valueRequired\":true,\"valueName\":\"search_term_string\"}}],\"inLanguage\":\"en-US\"}]}<\/script>\n<!-- \/ Yoast SEO plugin. -->","yoast_head_json":{"title":"Garant\u00eda - Parr Instrument (Espa\u00f1ol)","robots":{"index":"index","follow":"follow","max-snippet":"max-snippet:-1","max-image-preview":"max-image-preview:large","max-video-preview":"max-video-preview:-1"},"canonical":"https:\/\/www.parrinst.com\/es\/support\/warranty\/","og_locale":"en_US","og_type":"article","og_title":"Garant\u00eda - Parr Instrument (Espa\u00f1ol)","og_description":"Las bombas de combusti\u00f3n, calor\u00edmetros, reactores, recipientes a presi\u00f3n y productos asociados de Parr Instrument Company (Parr) se han dise\u00f1ado y fabricado exclusivamente para su uso por o bajo la supervisi\u00f3n directa de profesionales capacitados, de acuerdo con las especificaciones e instrucciones de uso suministradas con los productos. Por esa raz\u00f3n, Parr vende solamente a [&hellip;]","og_url":"https:\/\/www.parrinst.com\/es\/support\/warranty\/","og_site_name":"Parr Instrument (Espa\u00f1ol)","article_modified_time":"2018-05-02T14:57:39+00:00","twitter_card":"summary_large_image","twitter_misc":{"Est. reading time":"4 minutes"},"schema":{"@context":"https:\/\/schema.org","@graph":[{"@type":"WebPage","@id":"https:\/\/www.parrinst.com\/es\/support\/warranty\/","url":"https:\/\/www.parrinst.com\/es\/support\/warranty\/","name":"Garant\u00eda - Parr Instrument (Espa\u00f1ol)","isPartOf":{"@id":"https:\/\/www.parrinst.com\/es\/#website"},"datePublished":"2011-03-10T21:08:54+00:00","dateModified":"2018-05-02T14:57:39+00:00","breadcrumb":{"@id":"https:\/\/www.parrinst.com\/es\/support\/warranty\/#breadcrumb"},"inLanguage":"en-US","potentialAction":[{"@type":"ReadAction","target":["https:\/\/www.parrinst.com\/es\/support\/warranty\/"]}]},{"@type":"BreadcrumbList","@id":"https:\/\/www.parrinst.com\/es\/support\/warranty\/#breadcrumb","itemListElement":[{"@type":"ListItem","position":1,"name":"Home","item":"https:\/\/www.parrinst.com\/es\/"},{"@type":"ListItem","position":2,"name":"Support","item":"https:\/\/www.parrinst.com\/support\/product-support\/"},{"@type":"ListItem","position":3,"name":"Garant\u00eda"}]},{"@type":"WebSite","@id":"https:\/\/www.parrinst.com\/es\/#website","url":"https:\/\/www.parrinst.com\/es\/","name":"Parr Instrument (Espa\u00f1ol)","description":"","potentialAction":[{"@type":"SearchAction","target":{"@type":"EntryPoint","urlTemplate":"https:\/\/www.parrinst.com\/es\/?s={search_term_string}"},"query-input":{"@type":"PropertyValueSpecification","valueRequired":true,"valueName":"search_term_string"}}],"inLanguage":"en-US"}]}},"jetpack_sharing_enabled":true,"_links":{"self":[{"href":"https:\/\/www.parrinst.com\/es\/wp-json\/wp\/v2\/pages\/179","targetHints":{"allow":["GET"]}}],"collection":[{"href":"https:\/\/www.parrinst.com\/es\/wp-json\/wp\/v2\/pages"}],"about":[{"href":"https:\/\/www.parrinst.com\/es\/wp-json\/wp\/v2\/types\/page"}],"author":[{"embeddable":true,"href":"https:\/\/www.parrinst.com\/es\/wp-json\/wp\/v2\/users\/1"}],"replies":[{"embeddable":true,"href":"https:\/\/www.parrinst.com\/es\/wp-json\/wp\/v2\/comments?post=179"}],"version-history":[{"count":1,"href":"https:\/\/www.parrinst.com\/es\/wp-json\/wp\/v2\/pages\/179\/revisions"}],"predecessor-version":[{"id":38404,"href":"https:\/\/www.parrinst.com\/es\/wp-json\/wp\/v2\/pages\/179\/revisions\/38404"}],"up":[{"embeddable":true,"href":"https:\/\/www.parrinst.com\/es\/wp-json\/wp\/v2\/pages\/24"}],"wp:attachment":[{"href":"https:\/\/www.parrinst.com\/es\/wp-json\/wp\/v2\/media?parent=179"}],"curies":[{"name":"wp","href":"https:\/\/api.w.org\/{rel}","templated":true}]}}