{"id":1833,"date":"2011-05-12T19:10:41","date_gmt":"2011-05-13T00:10:41","guid":{"rendered":"https:\/\/www.parrinst.com\/?page_id=1833"},"modified":"2020-08-03T11:41:53","modified_gmt":"2020-08-03T16:41:53","slug":"repairs","status":"publish","type":"page","link":"https:\/\/www.parrinst.com\/es\/support\/repairs\/","title":{"rendered":"Reparaciones"},"content":{"rendered":"<h3>Reparaci\u00f3n de Reactores y Recipientes a Presi\u00f3n<\/h3>\n<p>Cualquier recipiente puede ser devuelto a Parr para mantenimiento, reparaci\u00f3n y pruebas de presi\u00f3n. Este servicio incluye:<\/p>\n<ul>\n<li>Desensamble, limpieza e inspecci\u00f3n de todas las partes.<\/li>\n<li>Remplazo de piezas desgastadas, corro\u00eddas o que no funcionan.<\/li>\n<li>Pulido de la cabeza y el cilindro.<\/li>\n<li>Pruebas hidrost\u00e1ticas del cilindro.<\/li>\n<li>Rensamble y prueba neum\u00e1tica<\/li>\n<\/ul>\n<p>Este servicio se cobrar\u00e1 en base a tiempo y materiales. Se proporcionar\u00e1 una estimaci\u00f3n de cobro y evaluaci\u00f3n del recipiente. Las piezas de repuesto se facturar\u00e1n de acuerdo a la lista de Precios de partes Parr del a\u00f1o en curso. Tambi\u00e9n se proporcionar\u00e1 un <a href=\"https:\/\/www.parrinst.com\/download\/38207\/\">Formulario de certificaci\u00f3n de garant\u00eda de salud y seguridad<\/a> y un <a href=\"https:\/\/www.parrinst.com\/download\/38256\/\">Proceso y formulario de reparaci\u00f3n del reactor de presi\u00f3n<\/a>. Estos formularios deben completarse y devolverse a Parr con el equipo.<\/p>\n<h3>Servicio de Reparaci\u00f3n de la Bomba de Ox\u00edgeno<\/h3>\n<p>Las bombas de ox\u00edgeno pueden ser devueltas a Parr para revisi\u00f3n general y ensayo de pruebas. Hay un cargo (m\u00e1s gastos de env\u00edo) por este servicio. P\u00f3ngase en contacto con Servicio al Cliente de Parr para conocer los precios. Cada servicio incluye:<\/p>\n<ul>\n<li>Desensamblado, limpieza e inspecci\u00f3n de todas las partes de la bomba.<\/li>\n<li>Pulido de superficies interiores del cilindro y cabeza de la bomba.<\/li>\n<li>Re-ensamblado con electrodos nuevos, aisladores de electrodos y sellos, anillos de sellado y asientos de v\u00e1lvula, si es necesario, para restaurar la bomba a la condici\u00f3n de primera clase.<\/li>\n<li>Ensayo de pruebas en conformidad con ANSI \/ ASTM E144.<\/li>\n<\/ul>\n<p>Si la cabeza bomba, tornillo o cilindro deben ser remplazados, las piezas se cobrar\u00e1n a los precios del a\u00f1o en curso. Si el cilindro de la bomba est\u00e1 muy picado o corro\u00eddo y debe ser re-perforado, hay un cargo adicional por este servicio. Cualquier trabajo adicional para reparar o restaurar la bomba a buenas condiciones de uso se cobrar\u00e1 a las precios actuales por cada hora. La reparaci\u00f3n de todas las otras bombas se cobrar\u00e1 en base a tiempo y materiales. Hay un cargo m\u00ednimo por cualquier servicio de reparaci\u00f3n.<\/p>\n<p>Al devolver las bombas para su reparaci\u00f3n, hacer env\u00edo prepagado a Parr Instrument Company, Attn:. Repair Dept., 211 53rd Street, Moline, IL 61265. Enviar una orden de compra cubierta o una persona a quien llamar para una tarjeta de cr\u00e9dito con las instrucciones de env\u00edo para su devoluci\u00f3n y un nombre de contacto y n\u00famero de tel\u00e9fono . Si surgen preguntas acerca de los costos de reparaci\u00f3n u otros problemas se notificar\u00e1 a la persona de contacto.<\/p>\n","protected":false},"excerpt":{"rendered":"<p>Reparaci\u00f3n de Reactores y Recipientes a Presi\u00f3n Cualquier recipiente puede ser devuelto a Parr para mantenimiento, reparaci\u00f3n y pruebas de presi\u00f3n. Este servicio incluye: Desensamble, limpieza e inspecci\u00f3n de todas las partes. Remplazo de piezas desgastadas, corro\u00eddas o que no funcionan. Pulido de la cabeza y el cilindro. Pruebas hidrost\u00e1ticas del cilindro. Rensamble y prueba [&hellip;]<\/p>\n","protected":false},"author":1,"featured_media":0,"parent":24,"menu_order":4,"comment_status":"closed","ping_status":"closed","template":"","meta":{"_acf_changed":false,"footnotes":"","_links_to":"","_links_to_target":""},"class_list":["post-1833","page","type-page","status-publish","hentry"],"acf":[],"yoast_head":"<!-- This site is optimized with the Yoast SEO plugin v27.5 - https:\/\/yoast.com\/product\/yoast-seo-wordpress\/ -->\n<title>Reparaciones - Parr Instrument (Espa\u00f1ol)<\/title>\n<meta name=\"robots\" content=\"index, follow, max-snippet:-1, max-image-preview:large, max-video-preview:-1\" \/>\n<link rel=\"canonical\" href=\"https:\/\/www.parrinst.com\/es\/support\/repairs\/\" \/>\n<meta property=\"og:locale\" content=\"en_US\" \/>\n<meta property=\"og:type\" content=\"article\" \/>\n<meta property=\"og:title\" content=\"Reparaciones - Parr Instrument (Espa\u00f1ol)\" \/>\n<meta property=\"og:description\" content=\"Reparaci\u00f3n de Reactores y Recipientes a Presi\u00f3n Cualquier recipiente puede ser devuelto a Parr para mantenimiento, reparaci\u00f3n y pruebas de presi\u00f3n. Este servicio incluye: Desensamble, limpieza e inspecci\u00f3n de todas las partes. Remplazo de piezas desgastadas, corro\u00eddas o que no funcionan. Pulido de la cabeza y el cilindro. Pruebas hidrost\u00e1ticas del cilindro. Rensamble y prueba [&hellip;]\" \/>\n<meta property=\"og:url\" content=\"https:\/\/www.parrinst.com\/es\/support\/repairs\/\" \/>\n<meta property=\"og:site_name\" content=\"Parr Instrument (Espa\u00f1ol)\" \/>\n<meta property=\"article:modified_time\" content=\"2020-08-03T16:41:53+00:00\" \/>\n<meta name=\"twitter:card\" content=\"summary_large_image\" \/>\n<meta name=\"twitter:label1\" content=\"Est. reading time\" \/>\n\t<meta name=\"twitter:data1\" content=\"2 minutes\" \/>\n<script type=\"application\/ld+json\" class=\"yoast-schema-graph\">{\"@context\":\"https:\\\/\\\/schema.org\",\"@graph\":[{\"@type\":\"WebPage\",\"@id\":\"https:\\\/\\\/www.parrinst.com\\\/es\\\/support\\\/repairs\\\/\",\"url\":\"https:\\\/\\\/www.parrinst.com\\\/es\\\/support\\\/repairs\\\/\",\"name\":\"Reparaciones - Parr Instrument (Espa\u00f1ol)\",\"isPartOf\":{\"@id\":\"https:\\\/\\\/www.parrinst.com\\\/es\\\/#website\"},\"datePublished\":\"2011-05-13T00:10:41+00:00\",\"dateModified\":\"2020-08-03T16:41:53+00:00\",\"breadcrumb\":{\"@id\":\"https:\\\/\\\/www.parrinst.com\\\/es\\\/support\\\/repairs\\\/#breadcrumb\"},\"inLanguage\":\"en-US\",\"potentialAction\":[{\"@type\":\"ReadAction\",\"target\":[\"https:\\\/\\\/www.parrinst.com\\\/es\\\/support\\\/repairs\\\/\"]}]},{\"@type\":\"BreadcrumbList\",\"@id\":\"https:\\\/\\\/www.parrinst.com\\\/es\\\/support\\\/repairs\\\/#breadcrumb\",\"itemListElement\":[{\"@type\":\"ListItem\",\"position\":1,\"name\":\"Home\",\"item\":\"https:\\\/\\\/www.parrinst.com\\\/es\\\/\"},{\"@type\":\"ListItem\",\"position\":2,\"name\":\"Support\",\"item\":\"https:\\\/\\\/www.parrinst.com\\\/support\\\/product-support\\\/\"},{\"@type\":\"ListItem\",\"position\":3,\"name\":\"Reparaciones\"}]},{\"@type\":\"WebSite\",\"@id\":\"https:\\\/\\\/www.parrinst.com\\\/es\\\/#website\",\"url\":\"https:\\\/\\\/www.parrinst.com\\\/es\\\/\",\"name\":\"Parr Instrument (Espa\u00f1ol)\",\"description\":\"\",\"potentialAction\":[{\"@type\":\"SearchAction\",\"target\":{\"@type\":\"EntryPoint\",\"urlTemplate\":\"https:\\\/\\\/www.parrinst.com\\\/es\\\/?s={search_term_string}\"},\"query-input\":{\"@type\":\"PropertyValueSpecification\",\"valueRequired\":true,\"valueName\":\"search_term_string\"}}],\"inLanguage\":\"en-US\"}]}<\/script>\n<!-- \/ Yoast SEO plugin. -->","yoast_head_json":{"title":"Reparaciones - Parr Instrument (Espa\u00f1ol)","robots":{"index":"index","follow":"follow","max-snippet":"max-snippet:-1","max-image-preview":"max-image-preview:large","max-video-preview":"max-video-preview:-1"},"canonical":"https:\/\/www.parrinst.com\/es\/support\/repairs\/","og_locale":"en_US","og_type":"article","og_title":"Reparaciones - Parr Instrument (Espa\u00f1ol)","og_description":"Reparaci\u00f3n de Reactores y Recipientes a Presi\u00f3n Cualquier recipiente puede ser devuelto a Parr para mantenimiento, reparaci\u00f3n y pruebas de presi\u00f3n. Este servicio incluye: Desensamble, limpieza e inspecci\u00f3n de todas las partes. Remplazo de piezas desgastadas, corro\u00eddas o que no funcionan. Pulido de la cabeza y el cilindro. Pruebas hidrost\u00e1ticas del cilindro. Rensamble y prueba [&hellip;]","og_url":"https:\/\/www.parrinst.com\/es\/support\/repairs\/","og_site_name":"Parr Instrument (Espa\u00f1ol)","article_modified_time":"2020-08-03T16:41:53+00:00","twitter_card":"summary_large_image","twitter_misc":{"Est. reading time":"2 minutes"},"schema":{"@context":"https:\/\/schema.org","@graph":[{"@type":"WebPage","@id":"https:\/\/www.parrinst.com\/es\/support\/repairs\/","url":"https:\/\/www.parrinst.com\/es\/support\/repairs\/","name":"Reparaciones - Parr Instrument (Espa\u00f1ol)","isPartOf":{"@id":"https:\/\/www.parrinst.com\/es\/#website"},"datePublished":"2011-05-13T00:10:41+00:00","dateModified":"2020-08-03T16:41:53+00:00","breadcrumb":{"@id":"https:\/\/www.parrinst.com\/es\/support\/repairs\/#breadcrumb"},"inLanguage":"en-US","potentialAction":[{"@type":"ReadAction","target":["https:\/\/www.parrinst.com\/es\/support\/repairs\/"]}]},{"@type":"BreadcrumbList","@id":"https:\/\/www.parrinst.com\/es\/support\/repairs\/#breadcrumb","itemListElement":[{"@type":"ListItem","position":1,"name":"Home","item":"https:\/\/www.parrinst.com\/es\/"},{"@type":"ListItem","position":2,"name":"Support","item":"https:\/\/www.parrinst.com\/support\/product-support\/"},{"@type":"ListItem","position":3,"name":"Reparaciones"}]},{"@type":"WebSite","@id":"https:\/\/www.parrinst.com\/es\/#website","url":"https:\/\/www.parrinst.com\/es\/","name":"Parr Instrument (Espa\u00f1ol)","description":"","potentialAction":[{"@type":"SearchAction","target":{"@type":"EntryPoint","urlTemplate":"https:\/\/www.parrinst.com\/es\/?s={search_term_string}"},"query-input":{"@type":"PropertyValueSpecification","valueRequired":true,"valueName":"search_term_string"}}],"inLanguage":"en-US"}]}},"jetpack_sharing_enabled":true,"_links":{"self":[{"href":"https:\/\/www.parrinst.com\/es\/wp-json\/wp\/v2\/pages\/1833","targetHints":{"allow":["GET"]}}],"collection":[{"href":"https:\/\/www.parrinst.com\/es\/wp-json\/wp\/v2\/pages"}],"about":[{"href":"https:\/\/www.parrinst.com\/es\/wp-json\/wp\/v2\/types\/page"}],"author":[{"embeddable":true,"href":"https:\/\/www.parrinst.com\/es\/wp-json\/wp\/v2\/users\/1"}],"replies":[{"embeddable":true,"href":"https:\/\/www.parrinst.com\/es\/wp-json\/wp\/v2\/comments?post=1833"}],"version-history":[{"count":3,"href":"https:\/\/www.parrinst.com\/es\/wp-json\/wp\/v2\/pages\/1833\/revisions"}],"predecessor-version":[{"id":39930,"href":"https:\/\/www.parrinst.com\/es\/wp-json\/wp\/v2\/pages\/1833\/revisions\/39930"}],"up":[{"embeddable":true,"href":"https:\/\/www.parrinst.com\/es\/wp-json\/wp\/v2\/pages\/24"}],"wp:attachment":[{"href":"https:\/\/www.parrinst.com\/es\/wp-json\/wp\/v2\/media?parent=1833"}],"curies":[{"name":"wp","href":"https:\/\/api.w.org\/{rel}","templated":true}]}}