{"id":217,"date":"2011-03-10T18:36:23","date_gmt":"2011-03-11T00:36:23","guid":{"rendered":"https:\/\/www.parrinst.com\/?page_id=217"},"modified":"2019-04-23T13:34:30","modified_gmt":"2019-04-23T18:34:30","slug":"design-features","status":"publish","type":"page","link":"https:\/\/www.parrinst.com\/es\/products\/non-stirred-pressure-vessels\/design-features\/","title":{"rendered":"Caracter\u00edsticas de Dise\u00f1o"},"content":{"rendered":"<h2>Caracter\u00edsticas de Dise\u00f1o Parr:<\/h2>\n<p><a title=\"Materials of Construction\" href=\"https:\/\/www.parrinst.com\/es\/products\/non-stirred-pressure-vessels\/materials-of-construction\/\">Materiales de Fabricaci\u00f3n<\/a><\/p>\n<p><a title=\"Pressure and Temperature Limits\" href=\"https:\/\/www.parrinst.com\/es\/products\/non-stirred-pressure-vessels\/design-features\/pressure-and-temperature-limits\/\">L\u00edmites de Presi\u00f3n y Temperatura<\/a><\/p>\n<p><a title=\"Design Codes &amp; Certifications\" href=\"https:\/\/www.parrinst.com\/es\/support\/certifications\/\">C\u00f3digos de Dise\u00f1o y Certificaciones<\/a><\/p>\n<p><a title=\"Split-Ring Closures\" href=\"https:\/\/www.parrinst.com\/es\/products\/stirred-reactors\/options-accessories\/split-ring-closures\/\">Cierres de Anillo Partido<\/a><\/p>\n<p><a title=\"Gaskets &amp; Seals\" href=\"https:\/\/www.parrinst.com\/es\/products\/non-stirred-pressure-vessels\/gaskets-seals\/\">Juntas y Sellos<\/a><\/p>\n<hr \/>\n<figure id=\"attachment_2459\" aria-describedby=\"caption-attachment-2459\" style=\"width: 214px\" class=\"wp-caption alignright\"><a href=\"https:\/\/i0.wp.com\/www.parrinst.com\/es\/wp-content\/uploads\/sites\/7\/2011\/06\/4703_22mL-Vessel.jpg?ssl=1\"><img data-recalc-dims=\"1\" loading=\"lazy\" decoding=\"async\" class=\"wp-image-2459 size-medium\" src=\"https:\/\/i0.wp.com\/www.parrinst.com\/es\/wp-content\/uploads\/sites\/7\/2011\/06\/4703_22mL-Vessel.jpg?resize=214%2C300&#038;ssl=1\" alt=\"Model 4700-22 mL, with Rupture Disc.\" width=\"214\" height=\"300\" srcset=\"https:\/\/i0.wp.com\/www.parrinst.com\/es\/wp-content\/uploads\/sites\/7\/2011\/06\/4703_22mL-Vessel.jpg?resize=214%2C300&amp;ssl=1 214w, https:\/\/i0.wp.com\/www.parrinst.com\/es\/wp-content\/uploads\/sites\/7\/2011\/06\/4703_22mL-Vessel.jpg?resize=107%2C150&amp;ssl=1 107w, https:\/\/i0.wp.com\/www.parrinst.com\/es\/wp-content\/uploads\/sites\/7\/2011\/06\/4703_22mL-Vessel.jpg?w=600&amp;ssl=1 600w\" sizes=\"auto, (max-width: 214px) 100vw, 214px\" \/><\/a><figcaption id=\"caption-attachment-2459\" class=\"wp-caption-text\">Model 4700-22 mL, with Rupture Disc.<\/figcaption><\/figure>\n<h2>Dise\u00f1o de Cabeza<\/h2>\n<p>Muchos de los recipientes sin agitaci\u00f3n ofrecen una cabeza b\u00e1sica, con un enchufe de 1\/8&#8243; NPT. Estos deben ser considerados solamente como un punto de partida para recipientes de construcci\u00f3n personalizada, ya que no incluyen un dispositivo de alivio de seguridad. Los c\u00f3digos de seguridad, buenas pr\u00e1cticas, y el sentido com\u00fan dictan que se debe instalar un dispositivo de alivio de seguridad en todos los recipientes. El enchufe 1\/8&#8243; NPT se suministra para que el usuario instale su propio dispositivo de alivio de seguridad.<\/p>\n<p>Los usuarios que reciben la entrega de recipientes sin dispositivos de alivio de seguridad instalados deben asumir la responsabilidad de la instalaci\u00f3n de los medios de protecci\u00f3n adecuados antes de que el recipiente est\u00e9 en servicio.<\/p>\n","protected":false},"excerpt":{"rendered":"<p>Caracter\u00edsticas de Dise\u00f1o Parr: Materiales de Fabricaci\u00f3n L\u00edmites de Presi\u00f3n y Temperatura C\u00f3digos de Dise\u00f1o y Certificaciones Cierres de Anillo Partido Juntas y Sellos Dise\u00f1o de Cabeza Muchos de los recipientes sin agitaci\u00f3n ofrecen una cabeza b\u00e1sica, con un enchufe de 1\/8&#8243; NPT. Estos deben ser considerados solamente como un punto de partida para recipientes [&hellip;]<\/p>\n","protected":false},"author":1,"featured_media":37721,"parent":77,"menu_order":2,"comment_status":"closed","ping_status":"closed","template":"general-tabs.php","meta":{"_acf_changed":false,"footnotes":"","_links_to":"","_links_to_target":""},"class_list":["post-217","page","type-page","status-publish","has-post-thumbnail","hentry"],"acf":[],"yoast_head":"<!-- This site is optimized with the Yoast SEO plugin v27.5 - https:\/\/yoast.com\/product\/yoast-seo-wordpress\/ -->\n<title>Caracter\u00edsticas de Dise\u00f1o - Parr Instrument (Espa\u00f1ol)<\/title>\n<meta name=\"robots\" content=\"index, follow, max-snippet:-1, max-image-preview:large, max-video-preview:-1\" \/>\n<link rel=\"canonical\" href=\"https:\/\/www.parrinst.com\/es\/products\/non-stirred-pressure-vessels\/design-features\/\" \/>\n<meta property=\"og:locale\" content=\"en_US\" \/>\n<meta property=\"og:type\" content=\"article\" \/>\n<meta property=\"og:title\" content=\"Caracter\u00edsticas de Dise\u00f1o - Parr Instrument (Espa\u00f1ol)\" \/>\n<meta property=\"og:description\" content=\"Caracter\u00edsticas de Dise\u00f1o Parr: Materiales de Fabricaci\u00f3n L\u00edmites de Presi\u00f3n y Temperatura C\u00f3digos de Dise\u00f1o y Certificaciones Cierres de Anillo Partido Juntas y Sellos Dise\u00f1o de Cabeza Muchos de los recipientes sin agitaci\u00f3n ofrecen una cabeza b\u00e1sica, con un enchufe de 1\/8&#8243; NPT. Estos deben ser considerados solamente como un punto de partida para recipientes [&hellip;]\" \/>\n<meta property=\"og:url\" content=\"https:\/\/www.parrinst.com\/es\/products\/non-stirred-pressure-vessels\/design-features\/\" \/>\n<meta property=\"og:site_name\" content=\"Parr Instrument (Espa\u00f1ol)\" \/>\n<meta property=\"article:modified_time\" content=\"2019-04-23T18:34:30+00:00\" \/>\n<meta property=\"og:image\" content=\"https:\/\/www.parrinst.com\/es\/files\/2018\/01\/parr_banner_non-stirred_secondary.jpg\" \/>\n\t<meta property=\"og:image:width\" content=\"2200\" \/>\n\t<meta property=\"og:image:height\" content=\"399\" \/>\n\t<meta property=\"og:image:type\" content=\"image\/jpeg\" \/>\n<meta name=\"twitter:card\" content=\"summary_large_image\" \/>\n<meta name=\"twitter:label1\" content=\"Est. reading time\" \/>\n\t<meta name=\"twitter:data1\" content=\"1 minute\" \/>\n<script type=\"application\/ld+json\" class=\"yoast-schema-graph\">{\"@context\":\"https:\\\/\\\/schema.org\",\"@graph\":[{\"@type\":\"WebPage\",\"@id\":\"https:\\\/\\\/www.parrinst.com\\\/es\\\/products\\\/non-stirred-pressure-vessels\\\/design-features\\\/\",\"url\":\"https:\\\/\\\/www.parrinst.com\\\/es\\\/products\\\/non-stirred-pressure-vessels\\\/design-features\\\/\",\"name\":\"Caracter\u00edsticas de Dise\u00f1o - Parr Instrument (Espa\u00f1ol)\",\"isPartOf\":{\"@id\":\"https:\\\/\\\/www.parrinst.com\\\/es\\\/#website\"},\"primaryImageOfPage\":{\"@id\":\"https:\\\/\\\/www.parrinst.com\\\/es\\\/products\\\/non-stirred-pressure-vessels\\\/design-features\\\/#primaryimage\"},\"image\":{\"@id\":\"https:\\\/\\\/www.parrinst.com\\\/es\\\/products\\\/non-stirred-pressure-vessels\\\/design-features\\\/#primaryimage\"},\"thumbnailUrl\":\"https:\\\/\\\/i0.wp.com\\\/www.parrinst.com\\\/es\\\/wp-content\\\/uploads\\\/sites\\\/7\\\/2018\\\/01\\\/parr_banner_non-stirred_secondary.jpg?fit=2200%2C399&ssl=1\",\"datePublished\":\"2011-03-11T00:36:23+00:00\",\"dateModified\":\"2019-04-23T18:34:30+00:00\",\"breadcrumb\":{\"@id\":\"https:\\\/\\\/www.parrinst.com\\\/es\\\/products\\\/non-stirred-pressure-vessels\\\/design-features\\\/#breadcrumb\"},\"inLanguage\":\"en-US\",\"potentialAction\":[{\"@type\":\"ReadAction\",\"target\":[\"https:\\\/\\\/www.parrinst.com\\\/es\\\/products\\\/non-stirred-pressure-vessels\\\/design-features\\\/\"]}]},{\"@type\":\"ImageObject\",\"inLanguage\":\"en-US\",\"@id\":\"https:\\\/\\\/www.parrinst.com\\\/es\\\/products\\\/non-stirred-pressure-vessels\\\/design-features\\\/#primaryimage\",\"url\":\"https:\\\/\\\/i0.wp.com\\\/www.parrinst.com\\\/es\\\/wp-content\\\/uploads\\\/sites\\\/7\\\/2018\\\/01\\\/parr_banner_non-stirred_secondary.jpg?fit=2200%2C399&ssl=1\",\"contentUrl\":\"https:\\\/\\\/i0.wp.com\\\/www.parrinst.com\\\/es\\\/wp-content\\\/uploads\\\/sites\\\/7\\\/2018\\\/01\\\/parr_banner_non-stirred_secondary.jpg?fit=2200%2C399&ssl=1\",\"width\":2200,\"height\":399},{\"@type\":\"BreadcrumbList\",\"@id\":\"https:\\\/\\\/www.parrinst.com\\\/es\\\/products\\\/non-stirred-pressure-vessels\\\/design-features\\\/#breadcrumb\",\"itemListElement\":[{\"@type\":\"ListItem\",\"position\":1,\"name\":\"Home\",\"item\":\"https:\\\/\\\/www.parrinst.com\\\/es\\\/\"},{\"@type\":\"ListItem\",\"position\":2,\"name\":\"Products\",\"item\":\"https:\\\/\\\/www.parrinst.com\\\/es\\\/products\\\/\"},{\"@type\":\"ListItem\",\"position\":3,\"name\":\"Recipientes a Presi\u00f3n Sin Agitaci\u00f3n\",\"item\":\"https:\\\/\\\/www.parrinst.com\\\/es\\\/products\\\/non-stirred-pressure-vessels\\\/\"},{\"@type\":\"ListItem\",\"position\":4,\"name\":\"Caracter\u00edsticas de Dise\u00f1o\"}]},{\"@type\":\"WebSite\",\"@id\":\"https:\\\/\\\/www.parrinst.com\\\/es\\\/#website\",\"url\":\"https:\\\/\\\/www.parrinst.com\\\/es\\\/\",\"name\":\"Parr Instrument (Espa\u00f1ol)\",\"description\":\"\",\"potentialAction\":[{\"@type\":\"SearchAction\",\"target\":{\"@type\":\"EntryPoint\",\"urlTemplate\":\"https:\\\/\\\/www.parrinst.com\\\/es\\\/?s={search_term_string}\"},\"query-input\":{\"@type\":\"PropertyValueSpecification\",\"valueRequired\":true,\"valueName\":\"search_term_string\"}}],\"inLanguage\":\"en-US\"}]}<\/script>\n<!-- \/ Yoast SEO plugin. -->","yoast_head_json":{"title":"Caracter\u00edsticas de Dise\u00f1o - Parr Instrument (Espa\u00f1ol)","robots":{"index":"index","follow":"follow","max-snippet":"max-snippet:-1","max-image-preview":"max-image-preview:large","max-video-preview":"max-video-preview:-1"},"canonical":"https:\/\/www.parrinst.com\/es\/products\/non-stirred-pressure-vessels\/design-features\/","og_locale":"en_US","og_type":"article","og_title":"Caracter\u00edsticas de Dise\u00f1o - Parr Instrument (Espa\u00f1ol)","og_description":"Caracter\u00edsticas de Dise\u00f1o Parr: Materiales de Fabricaci\u00f3n L\u00edmites de Presi\u00f3n y Temperatura C\u00f3digos de Dise\u00f1o y Certificaciones Cierres de Anillo Partido Juntas y Sellos Dise\u00f1o de Cabeza Muchos de los recipientes sin agitaci\u00f3n ofrecen una cabeza b\u00e1sica, con un enchufe de 1\/8&#8243; NPT. Estos deben ser considerados solamente como un punto de partida para recipientes [&hellip;]","og_url":"https:\/\/www.parrinst.com\/es\/products\/non-stirred-pressure-vessels\/design-features\/","og_site_name":"Parr Instrument (Espa\u00f1ol)","article_modified_time":"2019-04-23T18:34:30+00:00","og_image":[{"width":2200,"height":399,"url":"https:\/\/www.parrinst.com\/es\/files\/2018\/01\/parr_banner_non-stirred_secondary.jpg","type":"image\/jpeg"}],"twitter_card":"summary_large_image","twitter_misc":{"Est. reading time":"1 minute"},"schema":{"@context":"https:\/\/schema.org","@graph":[{"@type":"WebPage","@id":"https:\/\/www.parrinst.com\/es\/products\/non-stirred-pressure-vessels\/design-features\/","url":"https:\/\/www.parrinst.com\/es\/products\/non-stirred-pressure-vessels\/design-features\/","name":"Caracter\u00edsticas de Dise\u00f1o - Parr Instrument (Espa\u00f1ol)","isPartOf":{"@id":"https:\/\/www.parrinst.com\/es\/#website"},"primaryImageOfPage":{"@id":"https:\/\/www.parrinst.com\/es\/products\/non-stirred-pressure-vessels\/design-features\/#primaryimage"},"image":{"@id":"https:\/\/www.parrinst.com\/es\/products\/non-stirred-pressure-vessels\/design-features\/#primaryimage"},"thumbnailUrl":"https:\/\/i0.wp.com\/www.parrinst.com\/es\/wp-content\/uploads\/sites\/7\/2018\/01\/parr_banner_non-stirred_secondary.jpg?fit=2200%2C399&ssl=1","datePublished":"2011-03-11T00:36:23+00:00","dateModified":"2019-04-23T18:34:30+00:00","breadcrumb":{"@id":"https:\/\/www.parrinst.com\/es\/products\/non-stirred-pressure-vessels\/design-features\/#breadcrumb"},"inLanguage":"en-US","potentialAction":[{"@type":"ReadAction","target":["https:\/\/www.parrinst.com\/es\/products\/non-stirred-pressure-vessels\/design-features\/"]}]},{"@type":"ImageObject","inLanguage":"en-US","@id":"https:\/\/www.parrinst.com\/es\/products\/non-stirred-pressure-vessels\/design-features\/#primaryimage","url":"https:\/\/i0.wp.com\/www.parrinst.com\/es\/wp-content\/uploads\/sites\/7\/2018\/01\/parr_banner_non-stirred_secondary.jpg?fit=2200%2C399&ssl=1","contentUrl":"https:\/\/i0.wp.com\/www.parrinst.com\/es\/wp-content\/uploads\/sites\/7\/2018\/01\/parr_banner_non-stirred_secondary.jpg?fit=2200%2C399&ssl=1","width":2200,"height":399},{"@type":"BreadcrumbList","@id":"https:\/\/www.parrinst.com\/es\/products\/non-stirred-pressure-vessels\/design-features\/#breadcrumb","itemListElement":[{"@type":"ListItem","position":1,"name":"Home","item":"https:\/\/www.parrinst.com\/es\/"},{"@type":"ListItem","position":2,"name":"Products","item":"https:\/\/www.parrinst.com\/es\/products\/"},{"@type":"ListItem","position":3,"name":"Recipientes a Presi\u00f3n Sin Agitaci\u00f3n","item":"https:\/\/www.parrinst.com\/es\/products\/non-stirred-pressure-vessels\/"},{"@type":"ListItem","position":4,"name":"Caracter\u00edsticas de Dise\u00f1o"}]},{"@type":"WebSite","@id":"https:\/\/www.parrinst.com\/es\/#website","url":"https:\/\/www.parrinst.com\/es\/","name":"Parr Instrument (Espa\u00f1ol)","description":"","potentialAction":[{"@type":"SearchAction","target":{"@type":"EntryPoint","urlTemplate":"https:\/\/www.parrinst.com\/es\/?s={search_term_string}"},"query-input":{"@type":"PropertyValueSpecification","valueRequired":true,"valueName":"search_term_string"}}],"inLanguage":"en-US"}]}},"jetpack_sharing_enabled":true,"_links":{"self":[{"href":"https:\/\/www.parrinst.com\/es\/wp-json\/wp\/v2\/pages\/217","targetHints":{"allow":["GET"]}}],"collection":[{"href":"https:\/\/www.parrinst.com\/es\/wp-json\/wp\/v2\/pages"}],"about":[{"href":"https:\/\/www.parrinst.com\/es\/wp-json\/wp\/v2\/types\/page"}],"author":[{"embeddable":true,"href":"https:\/\/www.parrinst.com\/es\/wp-json\/wp\/v2\/users\/1"}],"replies":[{"embeddable":true,"href":"https:\/\/www.parrinst.com\/es\/wp-json\/wp\/v2\/comments?post=217"}],"version-history":[{"count":4,"href":"https:\/\/www.parrinst.com\/es\/wp-json\/wp\/v2\/pages\/217\/revisions"}],"predecessor-version":[{"id":39253,"href":"https:\/\/www.parrinst.com\/es\/wp-json\/wp\/v2\/pages\/217\/revisions\/39253"}],"up":[{"embeddable":true,"href":"https:\/\/www.parrinst.com\/es\/wp-json\/wp\/v2\/pages\/77"}],"wp:featuredmedia":[{"embeddable":true,"href":"https:\/\/www.parrinst.com\/es\/wp-json\/wp\/v2\/media\/37721"}],"wp:attachment":[{"href":"https:\/\/www.parrinst.com\/es\/wp-json\/wp\/v2\/media?parent=217"}],"curies":[{"name":"wp","href":"https:\/\/api.w.org\/{rel}","templated":true}]}}