{"id":220,"date":"2011-03-10T18:37:07","date_gmt":"2011-03-11T00:37:07","guid":{"rendered":"https:\/\/www.parrinst.com\/?page_id=220"},"modified":"2020-07-13T09:39:57","modified_gmt":"2020-07-13T14:39:57","slug":"options-accessories","status":"publish","type":"page","link":"https:\/\/www.parrinst.com\/es\/products\/non-stirred-pressure-vessels\/options-accessories\/","title":{"rendered":"Accesorios"},"content":{"rendered":"<figure id=\"attachment_5231\" aria-describedby=\"caption-attachment-5231\" style=\"width: 300px\" class=\"wp-caption alignright\"><a href=\"https:\/\/i0.wp.com\/www.parrinst.com\/es\/wp-content\/uploads\/2011\/03\/non-stirred_family.jpg?ssl=1\"><img data-recalc-dims=\"1\" loading=\"lazy\" decoding=\"async\" class=\"size-medium wp-image-5231 \" src=\"https:\/\/i0.wp.com\/www.parrinst.com\/wp-content\/uploads\/2011\/03\/non-stirred_family-300x300.jpg?resize=300%2C300&#038;ssl=1\" alt=\"Accesorios Disponibles\" width=\"300\" height=\"300\" srcset=\"https:\/\/i0.wp.com\/www.parrinst.com\/es\/wp-content\/uploads\/sites\/7\/2011\/03\/non-stirred_family.jpg?resize=300%2C300&amp;ssl=1 300w, https:\/\/i0.wp.com\/www.parrinst.com\/es\/wp-content\/uploads\/sites\/7\/2011\/03\/non-stirred_family.jpg?resize=150%2C150&amp;ssl=1 150w, https:\/\/i0.wp.com\/www.parrinst.com\/es\/wp-content\/uploads\/sites\/7\/2011\/03\/non-stirred_family.jpg?w=600&amp;ssl=1 600w\" sizes=\"auto, (max-width: 300px) 100vw, 300px\" \/><\/a><figcaption id=\"caption-attachment-5231\" class=\"wp-caption-text\">Los Accesorios Disponibles son: Calefactores, Controladores, V\u00e1lvulas, Ensambles de Bloque de Man\u00f3metro, y Mangueras para Llenado de Gas<\/figcaption><\/figure>\n<h2>Accessorios sin Agitaci\u00f3n<\/h2>\n<p>Hay muchos accesorios opcionales y conexiones disponibles para personalizar su recipiente a presi\u00f3n para satisfacer y superar sus especificaciones.<\/p>\n<p><strong>Accessorios Principales <\/strong><br \/>\n<a title=\"Vessel Heaters\" href=\"https:\/\/www.parrinst.com\/es\/products\/stirred-reactors\/options-accessories\/heater-options\/\">Calefactores<\/a><br \/>\n<a title=\"Controllers\" href=\"https:\/\/www.parrinst.com\/es\/products\/non-stirred-pressure-vessels\/4838-controller-non-stirred\/\">Controladores de Temperatura <\/a><br \/>\n<a title=\"Gage Block Assemblies\" href=\"https:\/\/www.parrinst.com\/es\/products\/non-stirred-pressure-vessels\/gage-block-assemblies\/\">Ensambles de Bloque de Man\u00f3metro<\/a><br \/>\n<a title=\"Coned Pressure Fittings\" href=\"https:\/\/www.parrinst.com\/es\/products\/non-stirred-pressure-vessels\/coned-pressure-fittings\/\">Accesorios C\u00f3nicos de Presi\u00f3n<\/a><br \/>\n<a title=\"Valves and Fittings\" href=\"https:\/\/www.parrinst.com\/es\/products\/non-stirred-pressure-vessels\/valves-and-fittings\/\">V\u00e1lvulas y Conexiones<\/a><\/p>\n<p><strong>Opciones<\/strong><br \/>\n<a title=\"Gaskets &amp; Seals\" href=\"https:\/\/www.parrinst.com\/es\/products\/non-stirred-pressure-vessels\/gaskets-seals\/\">Juntas y Sellos<\/a><br \/>\n<a title=\"Materials of Construction\" href=\"https:\/\/www.parrinst.com\/es\/products\/non-stirred-pressure-vessels\/materials-of-construction\/\">Materiales de Fabricaci\u00f3n<\/a><br \/>\n<a title=\"Pressure Gages\" href=\"https:\/\/www.parrinst.com\/es\/products\/non-stirred-pressure-vessels\/pressure-gages\/\">Man\u00f3metros<\/a><br \/>\n<a title=\"Safety Rupture Discs\" href=\"https:\/\/www.parrinst.com\/es\/products\/non-stirred-pressure-vessels\/safety-rupture-discs\/\">Discos de Ruptura de Seguridad<\/a><br \/>\n<a title=\"Certifications\" href=\"https:\/\/www.parrinst.com\/es\/products\/non-stirred-pressure-vessels\/certifications\/\">C\u00f3digos de Dise\u00f1o y Certificaci\u00f3n<\/a><\/p>\n<p><strong>Accessorios*<\/strong><br \/>\n<a href=\"https:\/\/www.parrinst.com\/es\/products\/specialty-custom-systems\/4878-automated-liquid-sampler\/\">Automated Liquid Sampler<br \/>\n<\/a><a title=\"Liners\" href=\"https:\/\/www.parrinst.com\/es\/products\/non-stirred-pressure-vessels\/liners\/\">Revestimientos<\/a><br \/>\n<a title=\"Pressure Hose\" href=\"https:\/\/www.parrinst.com\/es\/products\/non-stirred-pressure-vessels\/pressure-hose\/\">Manguera de Presi\u00f3n<\/a><br \/>\n<a title=\"Safety Check Valves\" href=\"https:\/\/www.parrinst.com\/es\/products\/non-stirred-pressure-vessels\/safety-check-valves-2\/\">V\u00e1lvulas de Retenci\u00f3n de Seguridad<\/a><br \/>\n<a title=\"Liquid Charging Pipettes\" href=\"https:\/\/www.parrinst.com\/es\/products\/non-stirred-pressure-vessels\/liquid-charging-pipettes\/\">Pipetas para L\u00edquidos<\/a><br \/>\n<a title=\"Gas Charging Systems\" href=\"https:\/\/www.parrinst.com\/es\/products\/non-stirred-pressure-vessels\/gas-charging-systems\/\">Sistemas de Abastecimiento de Gas<\/a><br \/>\n<em>*Es posible que se requieran modificaciones en los recipientes para instalarlos.<\/em><\/p>\n","protected":false},"excerpt":{"rendered":"<p>Accessorios sin Agitaci\u00f3n Hay muchos accesorios opcionales y conexiones disponibles para personalizar su recipiente a presi\u00f3n para satisfacer y superar sus especificaciones. Accessorios Principales Calefactores Controladores de Temperatura Ensambles de Bloque de Man\u00f3metro Accesorios C\u00f3nicos de Presi\u00f3n V\u00e1lvulas y Conexiones Opciones Juntas y Sellos Materiales de Fabricaci\u00f3n Man\u00f3metros Discos de Ruptura de Seguridad C\u00f3digos de [&hellip;]<\/p>\n","protected":false},"author":2,"featured_media":37721,"parent":77,"menu_order":3,"comment_status":"closed","ping_status":"closed","template":"general-tabs.php","meta":{"_acf_changed":false,"footnotes":"","_links_to":"","_links_to_target":""},"class_list":["post-220","page","type-page","status-publish","has-post-thumbnail","hentry"],"acf":[],"yoast_head":"<!-- This site is optimized with the Yoast SEO plugin v27.4 - https:\/\/yoast.com\/product\/yoast-seo-wordpress\/ -->\n<title>Accesorios - Parr Instrument (Espa\u00f1ol)<\/title>\n<meta name=\"robots\" content=\"index, follow, max-snippet:-1, max-image-preview:large, max-video-preview:-1\" \/>\n<link rel=\"canonical\" href=\"https:\/\/www.parrinst.com\/es\/products\/non-stirred-pressure-vessels\/options-accessories\/\" \/>\n<meta property=\"og:locale\" content=\"en_US\" \/>\n<meta property=\"og:type\" content=\"article\" \/>\n<meta property=\"og:title\" content=\"Accesorios - Parr Instrument (Espa\u00f1ol)\" \/>\n<meta property=\"og:description\" content=\"Accessorios sin Agitaci\u00f3n Hay muchos accesorios opcionales y conexiones disponibles para personalizar su recipiente a presi\u00f3n para satisfacer y superar sus especificaciones. Accessorios Principales Calefactores Controladores de Temperatura Ensambles de Bloque de Man\u00f3metro Accesorios C\u00f3nicos de Presi\u00f3n V\u00e1lvulas y Conexiones Opciones Juntas y Sellos Materiales de Fabricaci\u00f3n Man\u00f3metros Discos de Ruptura de Seguridad C\u00f3digos de [&hellip;]\" \/>\n<meta property=\"og:url\" content=\"https:\/\/www.parrinst.com\/es\/products\/non-stirred-pressure-vessels\/options-accessories\/\" \/>\n<meta property=\"og:site_name\" content=\"Parr Instrument (Espa\u00f1ol)\" \/>\n<meta property=\"article:modified_time\" content=\"2020-07-13T14:39:57+00:00\" \/>\n<meta property=\"og:image\" content=\"https:\/\/www.parrinst.com\/es\/files\/2018\/01\/parr_banner_non-stirred_secondary.jpg\" \/>\n\t<meta property=\"og:image:width\" content=\"2200\" \/>\n\t<meta property=\"og:image:height\" content=\"399\" \/>\n\t<meta property=\"og:image:type\" content=\"image\/jpeg\" \/>\n<meta name=\"twitter:card\" content=\"summary_large_image\" \/>\n<meta name=\"twitter:label1\" content=\"Est. reading time\" \/>\n\t<meta name=\"twitter:data1\" content=\"1 minute\" \/>\n<script type=\"application\/ld+json\" class=\"yoast-schema-graph\">{\"@context\":\"https:\\\/\\\/schema.org\",\"@graph\":[{\"@type\":\"WebPage\",\"@id\":\"https:\\\/\\\/www.parrinst.com\\\/es\\\/products\\\/non-stirred-pressure-vessels\\\/options-accessories\\\/\",\"url\":\"https:\\\/\\\/www.parrinst.com\\\/es\\\/products\\\/non-stirred-pressure-vessels\\\/options-accessories\\\/\",\"name\":\"Accesorios - Parr Instrument (Espa\u00f1ol)\",\"isPartOf\":{\"@id\":\"https:\\\/\\\/www.parrinst.com\\\/es\\\/#website\"},\"primaryImageOfPage\":{\"@id\":\"https:\\\/\\\/www.parrinst.com\\\/es\\\/products\\\/non-stirred-pressure-vessels\\\/options-accessories\\\/#primaryimage\"},\"image\":{\"@id\":\"https:\\\/\\\/www.parrinst.com\\\/es\\\/products\\\/non-stirred-pressure-vessels\\\/options-accessories\\\/#primaryimage\"},\"thumbnailUrl\":\"https:\\\/\\\/i0.wp.com\\\/www.parrinst.com\\\/es\\\/wp-content\\\/uploads\\\/sites\\\/7\\\/2018\\\/01\\\/parr_banner_non-stirred_secondary.jpg?fit=2200%2C399&ssl=1\",\"datePublished\":\"2011-03-11T00:37:07+00:00\",\"dateModified\":\"2020-07-13T14:39:57+00:00\",\"breadcrumb\":{\"@id\":\"https:\\\/\\\/www.parrinst.com\\\/es\\\/products\\\/non-stirred-pressure-vessels\\\/options-accessories\\\/#breadcrumb\"},\"inLanguage\":\"en-US\",\"potentialAction\":[{\"@type\":\"ReadAction\",\"target\":[\"https:\\\/\\\/www.parrinst.com\\\/es\\\/products\\\/non-stirred-pressure-vessels\\\/options-accessories\\\/\"]}]},{\"@type\":\"ImageObject\",\"inLanguage\":\"en-US\",\"@id\":\"https:\\\/\\\/www.parrinst.com\\\/es\\\/products\\\/non-stirred-pressure-vessels\\\/options-accessories\\\/#primaryimage\",\"url\":\"https:\\\/\\\/i0.wp.com\\\/www.parrinst.com\\\/es\\\/wp-content\\\/uploads\\\/sites\\\/7\\\/2018\\\/01\\\/parr_banner_non-stirred_secondary.jpg?fit=2200%2C399&ssl=1\",\"contentUrl\":\"https:\\\/\\\/i0.wp.com\\\/www.parrinst.com\\\/es\\\/wp-content\\\/uploads\\\/sites\\\/7\\\/2018\\\/01\\\/parr_banner_non-stirred_secondary.jpg?fit=2200%2C399&ssl=1\",\"width\":2200,\"height\":399},{\"@type\":\"BreadcrumbList\",\"@id\":\"https:\\\/\\\/www.parrinst.com\\\/es\\\/products\\\/non-stirred-pressure-vessels\\\/options-accessories\\\/#breadcrumb\",\"itemListElement\":[{\"@type\":\"ListItem\",\"position\":1,\"name\":\"Home\",\"item\":\"https:\\\/\\\/www.parrinst.com\\\/es\\\/\"},{\"@type\":\"ListItem\",\"position\":2,\"name\":\"Products\",\"item\":\"https:\\\/\\\/www.parrinst.com\\\/es\\\/products\\\/\"},{\"@type\":\"ListItem\",\"position\":3,\"name\":\"Recipientes a Presi\u00f3n Sin Agitaci\u00f3n\",\"item\":\"https:\\\/\\\/www.parrinst.com\\\/es\\\/products\\\/non-stirred-pressure-vessels\\\/\"},{\"@type\":\"ListItem\",\"position\":4,\"name\":\"Accesorios\"}]},{\"@type\":\"WebSite\",\"@id\":\"https:\\\/\\\/www.parrinst.com\\\/es\\\/#website\",\"url\":\"https:\\\/\\\/www.parrinst.com\\\/es\\\/\",\"name\":\"Parr Instrument (Espa\u00f1ol)\",\"description\":\"\",\"potentialAction\":[{\"@type\":\"SearchAction\",\"target\":{\"@type\":\"EntryPoint\",\"urlTemplate\":\"https:\\\/\\\/www.parrinst.com\\\/es\\\/?s={search_term_string}\"},\"query-input\":{\"@type\":\"PropertyValueSpecification\",\"valueRequired\":true,\"valueName\":\"search_term_string\"}}],\"inLanguage\":\"en-US\"}]}<\/script>\n<!-- \/ Yoast SEO plugin. -->","yoast_head_json":{"title":"Accesorios - Parr Instrument (Espa\u00f1ol)","robots":{"index":"index","follow":"follow","max-snippet":"max-snippet:-1","max-image-preview":"max-image-preview:large","max-video-preview":"max-video-preview:-1"},"canonical":"https:\/\/www.parrinst.com\/es\/products\/non-stirred-pressure-vessels\/options-accessories\/","og_locale":"en_US","og_type":"article","og_title":"Accesorios - Parr Instrument (Espa\u00f1ol)","og_description":"Accessorios sin Agitaci\u00f3n Hay muchos accesorios opcionales y conexiones disponibles para personalizar su recipiente a presi\u00f3n para satisfacer y superar sus especificaciones. Accessorios Principales Calefactores Controladores de Temperatura Ensambles de Bloque de Man\u00f3metro Accesorios C\u00f3nicos de Presi\u00f3n V\u00e1lvulas y Conexiones Opciones Juntas y Sellos Materiales de Fabricaci\u00f3n Man\u00f3metros Discos de Ruptura de Seguridad C\u00f3digos de [&hellip;]","og_url":"https:\/\/www.parrinst.com\/es\/products\/non-stirred-pressure-vessels\/options-accessories\/","og_site_name":"Parr Instrument (Espa\u00f1ol)","article_modified_time":"2020-07-13T14:39:57+00:00","og_image":[{"width":2200,"height":399,"url":"https:\/\/www.parrinst.com\/es\/files\/2018\/01\/parr_banner_non-stirred_secondary.jpg","type":"image\/jpeg"}],"twitter_card":"summary_large_image","twitter_misc":{"Est. reading time":"1 minute"},"schema":{"@context":"https:\/\/schema.org","@graph":[{"@type":"WebPage","@id":"https:\/\/www.parrinst.com\/es\/products\/non-stirred-pressure-vessels\/options-accessories\/","url":"https:\/\/www.parrinst.com\/es\/products\/non-stirred-pressure-vessels\/options-accessories\/","name":"Accesorios - Parr Instrument (Espa\u00f1ol)","isPartOf":{"@id":"https:\/\/www.parrinst.com\/es\/#website"},"primaryImageOfPage":{"@id":"https:\/\/www.parrinst.com\/es\/products\/non-stirred-pressure-vessels\/options-accessories\/#primaryimage"},"image":{"@id":"https:\/\/www.parrinst.com\/es\/products\/non-stirred-pressure-vessels\/options-accessories\/#primaryimage"},"thumbnailUrl":"https:\/\/i0.wp.com\/www.parrinst.com\/es\/wp-content\/uploads\/sites\/7\/2018\/01\/parr_banner_non-stirred_secondary.jpg?fit=2200%2C399&ssl=1","datePublished":"2011-03-11T00:37:07+00:00","dateModified":"2020-07-13T14:39:57+00:00","breadcrumb":{"@id":"https:\/\/www.parrinst.com\/es\/products\/non-stirred-pressure-vessels\/options-accessories\/#breadcrumb"},"inLanguage":"en-US","potentialAction":[{"@type":"ReadAction","target":["https:\/\/www.parrinst.com\/es\/products\/non-stirred-pressure-vessels\/options-accessories\/"]}]},{"@type":"ImageObject","inLanguage":"en-US","@id":"https:\/\/www.parrinst.com\/es\/products\/non-stirred-pressure-vessels\/options-accessories\/#primaryimage","url":"https:\/\/i0.wp.com\/www.parrinst.com\/es\/wp-content\/uploads\/sites\/7\/2018\/01\/parr_banner_non-stirred_secondary.jpg?fit=2200%2C399&ssl=1","contentUrl":"https:\/\/i0.wp.com\/www.parrinst.com\/es\/wp-content\/uploads\/sites\/7\/2018\/01\/parr_banner_non-stirred_secondary.jpg?fit=2200%2C399&ssl=1","width":2200,"height":399},{"@type":"BreadcrumbList","@id":"https:\/\/www.parrinst.com\/es\/products\/non-stirred-pressure-vessels\/options-accessories\/#breadcrumb","itemListElement":[{"@type":"ListItem","position":1,"name":"Home","item":"https:\/\/www.parrinst.com\/es\/"},{"@type":"ListItem","position":2,"name":"Products","item":"https:\/\/www.parrinst.com\/es\/products\/"},{"@type":"ListItem","position":3,"name":"Recipientes a Presi\u00f3n Sin Agitaci\u00f3n","item":"https:\/\/www.parrinst.com\/es\/products\/non-stirred-pressure-vessels\/"},{"@type":"ListItem","position":4,"name":"Accesorios"}]},{"@type":"WebSite","@id":"https:\/\/www.parrinst.com\/es\/#website","url":"https:\/\/www.parrinst.com\/es\/","name":"Parr Instrument (Espa\u00f1ol)","description":"","potentialAction":[{"@type":"SearchAction","target":{"@type":"EntryPoint","urlTemplate":"https:\/\/www.parrinst.com\/es\/?s={search_term_string}"},"query-input":{"@type":"PropertyValueSpecification","valueRequired":true,"valueName":"search_term_string"}}],"inLanguage":"en-US"}]}},"jetpack_sharing_enabled":true,"_links":{"self":[{"href":"https:\/\/www.parrinst.com\/es\/wp-json\/wp\/v2\/pages\/220","targetHints":{"allow":["GET"]}}],"collection":[{"href":"https:\/\/www.parrinst.com\/es\/wp-json\/wp\/v2\/pages"}],"about":[{"href":"https:\/\/www.parrinst.com\/es\/wp-json\/wp\/v2\/types\/page"}],"author":[{"embeddable":true,"href":"https:\/\/www.parrinst.com\/es\/wp-json\/wp\/v2\/users\/2"}],"replies":[{"embeddable":true,"href":"https:\/\/www.parrinst.com\/es\/wp-json\/wp\/v2\/comments?post=220"}],"version-history":[{"count":2,"href":"https:\/\/www.parrinst.com\/es\/wp-json\/wp\/v2\/pages\/220\/revisions"}],"predecessor-version":[{"id":39914,"href":"https:\/\/www.parrinst.com\/es\/wp-json\/wp\/v2\/pages\/220\/revisions\/39914"}],"up":[{"embeddable":true,"href":"https:\/\/www.parrinst.com\/es\/wp-json\/wp\/v2\/pages\/77"}],"wp:featuredmedia":[{"embeddable":true,"href":"https:\/\/www.parrinst.com\/es\/wp-json\/wp\/v2\/media\/37721"}],"wp:attachment":[{"href":"https:\/\/www.parrinst.com\/es\/wp-json\/wp\/v2\/media?parent=220"}],"curies":[{"name":"wp","href":"https:\/\/api.w.org\/{rel}","templated":true}]}}