{"id":242,"date":"2011-03-10T19:21:39","date_gmt":"2011-03-11T01:21:39","guid":{"rendered":"https:\/\/www.parrinst.com\/?page_id=242"},"modified":"2024-11-19T09:34:07","modified_gmt":"2024-11-19T15:34:07","slug":"fluidized-bed-reactors","status":"publish","type":"page","link":"https:\/\/www.parrinst.com\/es\/products\/tubular-reactor-systems\/fluidized-bed-reactors\/","title":{"rendered":"5410 Reactores de Lecho Fluidizado"},"content":{"rendered":"\n\t\t\t<div id='242-1' class='gallery gallery-242 gallery-columns-2 gallery-size-medium' itemscope itemtype='http:\/\/schema.org\/ImageGallery'>\n\t\t\t\t<div class='gallery-row gallery-col-2 gallery-clear'>\n\t\t\t\t\t<figure class='gallery-item col-2' itemprop='associatedMedia' itemscope itemtype='http:\/\/schema.org\/ImageObject'>\n\t\t\t\t\t\t<div class='gallery-icon portrait'><a href=\"https:\/\/i0.wp.com\/www.parrinst.com\/es\/wp-content\/uploads\/sites\/7\/2023\/02\/Fluidized-Bed_1220918821Open-no-lid.jpg?ssl=1\" itemprop=\"contentURL\"><img loading=\"lazy\" decoding=\"async\" width=\"214\" height=\"300\" src=\"https:\/\/i0.wp.com\/www.parrinst.com\/es\/wp-content\/uploads\/sites\/7\/2023\/02\/Fluidized-Bed_1220918821Open-no-lid.jpg?fit=214%2C300&amp;ssl=1\" class=\"attachment-medium size-medium\" alt=\"Reactor de lecho fluidizado\" srcset=\"https:\/\/i0.wp.com\/www.parrinst.com\/es\/wp-content\/uploads\/sites\/7\/2023\/02\/Fluidized-Bed_1220918821Open-no-lid.jpg?w=1500&amp;ssl=1 1500w, https:\/\/i0.wp.com\/www.parrinst.com\/es\/wp-content\/uploads\/sites\/7\/2023\/02\/Fluidized-Bed_1220918821Open-no-lid.jpg?resize=214%2C300&amp;ssl=1 214w, https:\/\/i0.wp.com\/www.parrinst.com\/es\/wp-content\/uploads\/sites\/7\/2023\/02\/Fluidized-Bed_1220918821Open-no-lid.jpg?resize=731%2C1024&amp;ssl=1 731w, https:\/\/i0.wp.com\/www.parrinst.com\/es\/wp-content\/uploads\/sites\/7\/2023\/02\/Fluidized-Bed_1220918821Open-no-lid.jpg?resize=107%2C150&amp;ssl=1 107w, https:\/\/i0.wp.com\/www.parrinst.com\/es\/wp-content\/uploads\/sites\/7\/2023\/02\/Fluidized-Bed_1220918821Open-no-lid.jpg?resize=1097%2C1536&amp;ssl=1 1097w, https:\/\/i0.wp.com\/www.parrinst.com\/es\/wp-content\/uploads\/sites\/7\/2023\/02\/Fluidized-Bed_1220918821Open-no-lid.jpg?resize=1463%2C2048&amp;ssl=1 1463w, https:\/\/i0.wp.com\/www.parrinst.com\/es\/wp-content\/uploads\/sites\/7\/2023\/02\/Fluidized-Bed_1220918821Open-no-lid.jpg?w=1280&amp;ssl=1 1280w\" sizes=\"auto, (max-width: 214px) 100vw, 214px\" itemprop=\"thumbnail\" \/><\/a><\/div>\n\t\t\t\t\t<\/figure>\n\t\t\t\t\t<figure class='gallery-item col-2' itemprop='associatedMedia' itemscope itemtype='http:\/\/schema.org\/ImageObject'>\n\t\t\t\t\t\t<div class='gallery-icon portrait'><a href=\"https:\/\/i0.wp.com\/www.parrinst.com\/es\/wp-content\/uploads\/sites\/7\/2019\/07\/Fluidized-Bed-open-without-cyclone-heater_918083PI2_39765x7.jpg?ssl=1\" itemprop=\"contentURL\"><img loading=\"lazy\" decoding=\"async\" width=\"214\" height=\"300\" src=\"https:\/\/i0.wp.com\/www.parrinst.com\/es\/wp-content\/uploads\/sites\/7\/2019\/07\/Fluidized-Bed-open-without-cyclone-heater_918083PI2_39765x7.jpg?fit=214%2C300&amp;ssl=1\" class=\"attachment-medium size-medium\" alt=\"Reactor de lecho fluidizado con separador cicl\u00f3nico, dos l\u00edneas de alimentaci\u00f3n de gases con v\u00e1lvulas de cierra autom\u00e1ticas, control de la presi\u00f3n, y una opci\u00f3n de controlador 4871 (no mostrado).\" srcset=\"https:\/\/i0.wp.com\/www.parrinst.com\/es\/wp-content\/uploads\/sites\/7\/2019\/07\/Fluidized-Bed-open-without-cyclone-heater_918083PI2_39765x7.jpg?w=1500&amp;ssl=1 1500w, https:\/\/i0.wp.com\/www.parrinst.com\/es\/wp-content\/uploads\/sites\/7\/2019\/07\/Fluidized-Bed-open-without-cyclone-heater_918083PI2_39765x7.jpg?resize=107%2C150&amp;ssl=1 107w, https:\/\/i0.wp.com\/www.parrinst.com\/es\/wp-content\/uploads\/sites\/7\/2019\/07\/Fluidized-Bed-open-without-cyclone-heater_918083PI2_39765x7.jpg?resize=214%2C300&amp;ssl=1 214w, https:\/\/i0.wp.com\/www.parrinst.com\/es\/wp-content\/uploads\/sites\/7\/2019\/07\/Fluidized-Bed-open-without-cyclone-heater_918083PI2_39765x7.jpg?resize=731%2C1024&amp;ssl=1 731w, https:\/\/i0.wp.com\/www.parrinst.com\/es\/wp-content\/uploads\/sites\/7\/2019\/07\/Fluidized-Bed-open-without-cyclone-heater_918083PI2_39765x7.jpg?w=1280&amp;ssl=1 1280w\" sizes=\"auto, (max-width: 214px) 100vw, 214px\" itemprop=\"thumbnail\" \/><\/a><\/div>\n\t\t\t\t\t<\/figure>\n\t\t\t\t<\/div>\n\t\t\t\t<div class='gallery-row gallery-col-2 gallery-clear'>\n\t\t\t\t\t<figure class='gallery-item col-2' itemprop='associatedMedia' itemscope itemtype='http:\/\/schema.org\/ImageObject'>\n\t\t\t\t\t\t<div class='gallery-icon portrait'><a href=\"https:\/\/i0.wp.com\/www.parrinst.com\/es\/wp-content\/uploads\/sites\/7\/2011\/03\/FluidizedBedPID_3072.jpg?ssl=1\" itemprop=\"contentURL\"><img loading=\"lazy\" decoding=\"async\" width=\"214\" height=\"300\" src=\"https:\/\/i0.wp.com\/www.parrinst.com\/es\/wp-content\/uploads\/sites\/7\/2011\/03\/FluidizedBedPID_3072.jpg?fit=214%2C300&amp;ssl=1\" class=\"attachment-medium size-medium\" alt=\"Reactor de lecho fluidizado con Separador Cicl\u00f3nico, dos alimentaciones de gas con v\u00e1lvulas de apagado autom\u00e1tico, control de presi\u00f3n autom\u00e1tico y el Controlador de Proceso Modelo 4871 (no mostrado)\" srcset=\"https:\/\/i0.wp.com\/www.parrinst.com\/es\/wp-content\/uploads\/sites\/7\/2011\/03\/FluidizedBedPID_3072.jpg?w=600&amp;ssl=1 600w, https:\/\/i0.wp.com\/www.parrinst.com\/es\/wp-content\/uploads\/sites\/7\/2011\/03\/FluidizedBedPID_3072.jpg?resize=107%2C150&amp;ssl=1 107w, https:\/\/i0.wp.com\/www.parrinst.com\/es\/wp-content\/uploads\/sites\/7\/2011\/03\/FluidizedBedPID_3072.jpg?resize=214%2C300&amp;ssl=1 214w\" sizes=\"auto, (max-width: 214px) 100vw, 214px\" itemprop=\"thumbnail\" \/><\/a><\/div>\n\t\t\t\t\t<\/figure>\n\t\t\t\t\t<figure class='gallery-item col-2' itemprop='associatedMedia' itemscope itemtype='http:\/\/schema.org\/ImageObject'>\n\t\t\t\t\t\t<div class='gallery-icon portrait'><a href=\"https:\/\/i0.wp.com\/www.parrinst.com\/es\/wp-content\/uploads\/sites\/7\/2011\/06\/Fluidized-Bed-Tubular_heater-off.jpg?ssl=1\" itemprop=\"contentURL\"><img loading=\"lazy\" decoding=\"async\" width=\"256\" height=\"300\" src=\"https:\/\/i0.wp.com\/www.parrinst.com\/es\/wp-content\/uploads\/sites\/7\/2011\/06\/Fluidized-Bed-Tubular_heater-off.jpg?fit=256%2C300&amp;ssl=1\" class=\"attachment-medium size-medium\" alt=\"Reactor tubular de lecho fluidizado con calentador flexible apagado\" srcset=\"https:\/\/i0.wp.com\/www.parrinst.com\/es\/wp-content\/uploads\/sites\/7\/2011\/06\/Fluidized-Bed-Tubular_heater-off.jpg?w=600&amp;ssl=1 600w, https:\/\/i0.wp.com\/www.parrinst.com\/es\/wp-content\/uploads\/sites\/7\/2011\/06\/Fluidized-Bed-Tubular_heater-off.jpg?resize=128%2C150&amp;ssl=1 128w, https:\/\/i0.wp.com\/www.parrinst.com\/es\/wp-content\/uploads\/sites\/7\/2011\/06\/Fluidized-Bed-Tubular_heater-off.jpg?resize=256%2C300&amp;ssl=1 256w\" sizes=\"auto, (max-width: 256px) 100vw, 256px\" itemprop=\"thumbnail\" \/><\/a><\/div>\n\t\t\t\t\t<\/figure>\n\t\t\t\t<\/div>\n\t\t\t\t<div class='gallery-row gallery-col-2 gallery-clear'>\n\t\t\t\t\t<figure class='gallery-item col-2' itemprop='associatedMedia' itemscope itemtype='http:\/\/schema.org\/ImageObject'>\n\t\t\t\t\t\t<div class='gallery-icon portrait'><a href=\"https:\/\/i0.wp.com\/www.parrinst.com\/es\/wp-content\/uploads\/sites\/7\/2011\/08\/Fluidized-Bed-Tubular_heater-on.jpg?ssl=1\" itemprop=\"contentURL\"><img loading=\"lazy\" decoding=\"async\" width=\"254\" height=\"300\" src=\"https:\/\/i0.wp.com\/www.parrinst.com\/es\/wp-content\/uploads\/sites\/7\/2011\/08\/Fluidized-Bed-Tubular_heater-on.jpg?fit=254%2C300&amp;ssl=1\" class=\"attachment-medium size-medium\" alt=\"Reactor tubular de lecho fluidizado con calentador flexible encendido\" srcset=\"https:\/\/i0.wp.com\/www.parrinst.com\/es\/wp-content\/uploads\/sites\/7\/2011\/08\/Fluidized-Bed-Tubular_heater-on.jpg?w=600&amp;ssl=1 600w, https:\/\/i0.wp.com\/www.parrinst.com\/es\/wp-content\/uploads\/sites\/7\/2011\/08\/Fluidized-Bed-Tubular_heater-on.jpg?resize=127%2C150&amp;ssl=1 127w, https:\/\/i0.wp.com\/www.parrinst.com\/es\/wp-content\/uploads\/sites\/7\/2011\/08\/Fluidized-Bed-Tubular_heater-on.jpg?resize=254%2C300&amp;ssl=1 254w\" sizes=\"auto, (max-width: 254px) 100vw, 254px\" itemprop=\"thumbnail\" \/><\/a><\/div>\n\t\t\t\t\t<\/figure>\n\t\t\t<\/div>\n\t\t\t<\/div><!-- .gallery -->\n\n<h3>Reactores de Lecho Fluidizado<\/h3>\n<p><strong>Los reactores de lecho fluidizado Parr se utilizan ampliamente en las industrias de procesos qu\u00edmicos.<\/strong><\/p>\n<p>La caracter\u00edstica distintiva de un reactor de lecho fluidizado es que el lecho de part\u00edculas s\u00f3lidas o catalizador es fluidizado por un flujo ascendente de gas. Este reactor se puede dise\u00f1ar para permitir una f\u00e1cil carga y extracci\u00f3n del catalizador. Esto es ventajoso cuando el lecho de s\u00f3lidos debe retirarse y reemplazarse con frecuencia o cuando un producto es un s\u00f3lido a granel. Con este tipo de reactor es posible una alta conversi\u00f3n con un gran rendimiento. Dichos reactores se pueden configurar para proporcionar una excelente transferencia de calor y contacto gas\/part\u00edcula.<\/p>\n<p>Los lechos fluidos han sido muy usados en los procesos qu\u00edmicos, en los que los par\u00e1metros como la difusi\u00f3n o transferencia de calor son los principales par\u00e1metros de dise\u00f1o. En comparaci\u00f3n con un lecho empacado, un lecho fluidizado puede permitir un mejor control de la temperatura, la eliminaci\u00f3n de puntos calientes en el lecho, una distribuci\u00f3n uniforme del catalizador y una mayor vida \u00fatil del catalizador. Tambi\u00e9n se utilizan cuando un reactivo o producto es un s\u00f3lido a granel.<\/p>\n<p>Casi todas las aplicaciones comerciales importantes de tecnolog\u00eda de lecho fluidizado son de sistemas gas-s\u00f3lidos. Las aplicaciones de reactores de lecho fluidizado incluyen pero no se limitan a s\u00edntesis reacciones gas-s\u00f3lidas, \u00a0Fischer-Tropsch, craqueo catal\u00edtico de hidrocarburos y relacionados con fracciones de petr\u00f3leo de peso molecular alto. La gasificaci\u00f3n en lecho fluidizado puede usarse para convertir el carb\u00f3n, la biomasa y otros materiales de desecho en gas sint\u00e9tico.<\/p>\n","protected":false},"excerpt":{"rendered":"<p>Reactores de Lecho Fluidizado Los reactores de lecho fluidizado Parr se utilizan ampliamente en las industrias de procesos qu\u00edmicos. La caracter\u00edstica distintiva de un reactor de lecho fluidizado es que el lecho de part\u00edculas s\u00f3lidas o catalizador es fluidizado por un flujo ascendente de gas. Este reactor se puede dise\u00f1ar para permitir una f\u00e1cil carga [&hellip;]<\/p>\n","protected":false},"author":1,"featured_media":37724,"parent":12483,"menu_order":80,"comment_status":"closed","ping_status":"closed","template":"product-wide.php","meta":{"_acf_changed":false,"footnotes":"","_links_to":"","_links_to_target":""},"class_list":["post-242","page","type-page","status-publish","has-post-thumbnail","hentry"],"acf":[],"yoast_head":"<!-- This site is optimized with the Yoast SEO plugin v27.5 - https:\/\/yoast.com\/product\/yoast-seo-wordpress\/ -->\n<title>5410 Reactores de Lecho Fluidizado - Parr Instrument (Espa\u00f1ol)<\/title>\n<meta name=\"robots\" content=\"index, follow, max-snippet:-1, max-image-preview:large, max-video-preview:-1\" \/>\n<link rel=\"canonical\" href=\"https:\/\/www.parrinst.com\/es\/products\/tubular-reactor-systems\/fluidized-bed-reactors\/\" \/>\n<meta property=\"og:locale\" content=\"en_US\" \/>\n<meta property=\"og:type\" content=\"article\" \/>\n<meta property=\"og:title\" content=\"5410 Reactores de Lecho Fluidizado - Parr Instrument (Espa\u00f1ol)\" \/>\n<meta property=\"og:description\" content=\"Reactores de Lecho Fluidizado Los reactores de lecho fluidizado Parr se utilizan ampliamente en las industrias de procesos qu\u00edmicos. La caracter\u00edstica distintiva de un reactor de lecho fluidizado es que el lecho de part\u00edculas s\u00f3lidas o catalizador es fluidizado por un flujo ascendente de gas. Este reactor se puede dise\u00f1ar para permitir una f\u00e1cil carga [&hellip;]\" \/>\n<meta property=\"og:url\" content=\"https:\/\/www.parrinst.com\/es\/products\/tubular-reactor-systems\/fluidized-bed-reactors\/\" \/>\n<meta property=\"og:site_name\" content=\"Parr Instrument (Espa\u00f1ol)\" \/>\n<meta property=\"article:modified_time\" content=\"2024-11-19T15:34:07+00:00\" \/>\n<meta property=\"og:image\" content=\"https:\/\/www.parrinst.com\/es\/files\/2018\/01\/parr_banner_tubular_secondary.jpg\" \/>\n\t<meta property=\"og:image:width\" content=\"2200\" \/>\n\t<meta property=\"og:image:height\" content=\"399\" \/>\n\t<meta property=\"og:image:type\" content=\"image\/jpeg\" \/>\n<meta name=\"twitter:card\" content=\"summary_large_image\" \/>\n<meta name=\"twitter:label1\" content=\"Est. reading time\" \/>\n\t<meta name=\"twitter:data1\" content=\"2 minutes\" \/>\n<script type=\"application\/ld+json\" class=\"yoast-schema-graph\">{\"@context\":\"https:\\\/\\\/schema.org\",\"@graph\":[{\"@type\":\"WebPage\",\"@id\":\"https:\\\/\\\/www.parrinst.com\\\/es\\\/products\\\/tubular-reactor-systems\\\/fluidized-bed-reactors\\\/\",\"url\":\"https:\\\/\\\/www.parrinst.com\\\/es\\\/products\\\/tubular-reactor-systems\\\/fluidized-bed-reactors\\\/\",\"name\":\"5410 Reactores de Lecho Fluidizado - Parr Instrument (Espa\u00f1ol)\",\"isPartOf\":{\"@id\":\"https:\\\/\\\/www.parrinst.com\\\/es\\\/#website\"},\"primaryImageOfPage\":{\"@id\":\"https:\\\/\\\/www.parrinst.com\\\/es\\\/products\\\/tubular-reactor-systems\\\/fluidized-bed-reactors\\\/#primaryimage\"},\"image\":{\"@id\":\"https:\\\/\\\/www.parrinst.com\\\/es\\\/products\\\/tubular-reactor-systems\\\/fluidized-bed-reactors\\\/#primaryimage\"},\"thumbnailUrl\":\"https:\\\/\\\/i0.wp.com\\\/www.parrinst.com\\\/es\\\/wp-content\\\/uploads\\\/sites\\\/7\\\/2018\\\/01\\\/parr_banner_tubular_secondary.jpg?fit=2200%2C399&ssl=1\",\"datePublished\":\"2011-03-11T01:21:39+00:00\",\"dateModified\":\"2024-11-19T15:34:07+00:00\",\"breadcrumb\":{\"@id\":\"https:\\\/\\\/www.parrinst.com\\\/es\\\/products\\\/tubular-reactor-systems\\\/fluidized-bed-reactors\\\/#breadcrumb\"},\"inLanguage\":\"en-US\",\"potentialAction\":[{\"@type\":\"ReadAction\",\"target\":[\"https:\\\/\\\/www.parrinst.com\\\/es\\\/products\\\/tubular-reactor-systems\\\/fluidized-bed-reactors\\\/\"]}]},{\"@type\":\"ImageObject\",\"inLanguage\":\"en-US\",\"@id\":\"https:\\\/\\\/www.parrinst.com\\\/es\\\/products\\\/tubular-reactor-systems\\\/fluidized-bed-reactors\\\/#primaryimage\",\"url\":\"https:\\\/\\\/i0.wp.com\\\/www.parrinst.com\\\/es\\\/wp-content\\\/uploads\\\/sites\\\/7\\\/2018\\\/01\\\/parr_banner_tubular_secondary.jpg?fit=2200%2C399&ssl=1\",\"contentUrl\":\"https:\\\/\\\/i0.wp.com\\\/www.parrinst.com\\\/es\\\/wp-content\\\/uploads\\\/sites\\\/7\\\/2018\\\/01\\\/parr_banner_tubular_secondary.jpg?fit=2200%2C399&ssl=1\",\"width\":2200,\"height\":399},{\"@type\":\"BreadcrumbList\",\"@id\":\"https:\\\/\\\/www.parrinst.com\\\/es\\\/products\\\/tubular-reactor-systems\\\/fluidized-bed-reactors\\\/#breadcrumb\",\"itemListElement\":[{\"@type\":\"ListItem\",\"position\":1,\"name\":\"Home\",\"item\":\"https:\\\/\\\/www.parrinst.com\\\/es\\\/\"},{\"@type\":\"ListItem\",\"position\":2,\"name\":\"Products\",\"item\":\"https:\\\/\\\/www.parrinst.com\\\/es\\\/products\\\/\"},{\"@type\":\"ListItem\",\"position\":3,\"name\":\"Sistemas de Reactor Tubular\",\"item\":\"https:\\\/\\\/www.parrinst.com\\\/es\\\/products\\\/tubular-reactor-systems\\\/\"},{\"@type\":\"ListItem\",\"position\":4,\"name\":\"5410 Reactores de Lecho Fluidizado\"}]},{\"@type\":\"WebSite\",\"@id\":\"https:\\\/\\\/www.parrinst.com\\\/es\\\/#website\",\"url\":\"https:\\\/\\\/www.parrinst.com\\\/es\\\/\",\"name\":\"Parr Instrument (Espa\u00f1ol)\",\"description\":\"\",\"potentialAction\":[{\"@type\":\"SearchAction\",\"target\":{\"@type\":\"EntryPoint\",\"urlTemplate\":\"https:\\\/\\\/www.parrinst.com\\\/es\\\/?s={search_term_string}\"},\"query-input\":{\"@type\":\"PropertyValueSpecification\",\"valueRequired\":true,\"valueName\":\"search_term_string\"}}],\"inLanguage\":\"en-US\"}]}<\/script>\n<!-- \/ Yoast SEO plugin. -->","yoast_head_json":{"title":"5410 Reactores de Lecho Fluidizado - Parr Instrument (Espa\u00f1ol)","robots":{"index":"index","follow":"follow","max-snippet":"max-snippet:-1","max-image-preview":"max-image-preview:large","max-video-preview":"max-video-preview:-1"},"canonical":"https:\/\/www.parrinst.com\/es\/products\/tubular-reactor-systems\/fluidized-bed-reactors\/","og_locale":"en_US","og_type":"article","og_title":"5410 Reactores de Lecho Fluidizado - Parr Instrument (Espa\u00f1ol)","og_description":"Reactores de Lecho Fluidizado Los reactores de lecho fluidizado Parr se utilizan ampliamente en las industrias de procesos qu\u00edmicos. La caracter\u00edstica distintiva de un reactor de lecho fluidizado es que el lecho de part\u00edculas s\u00f3lidas o catalizador es fluidizado por un flujo ascendente de gas. Este reactor se puede dise\u00f1ar para permitir una f\u00e1cil carga [&hellip;]","og_url":"https:\/\/www.parrinst.com\/es\/products\/tubular-reactor-systems\/fluidized-bed-reactors\/","og_site_name":"Parr Instrument (Espa\u00f1ol)","article_modified_time":"2024-11-19T15:34:07+00:00","og_image":[{"width":2200,"height":399,"url":"https:\/\/www.parrinst.com\/es\/files\/2018\/01\/parr_banner_tubular_secondary.jpg","type":"image\/jpeg"}],"twitter_card":"summary_large_image","twitter_misc":{"Est. reading time":"2 minutes"},"schema":{"@context":"https:\/\/schema.org","@graph":[{"@type":"WebPage","@id":"https:\/\/www.parrinst.com\/es\/products\/tubular-reactor-systems\/fluidized-bed-reactors\/","url":"https:\/\/www.parrinst.com\/es\/products\/tubular-reactor-systems\/fluidized-bed-reactors\/","name":"5410 Reactores de Lecho Fluidizado - Parr Instrument (Espa\u00f1ol)","isPartOf":{"@id":"https:\/\/www.parrinst.com\/es\/#website"},"primaryImageOfPage":{"@id":"https:\/\/www.parrinst.com\/es\/products\/tubular-reactor-systems\/fluidized-bed-reactors\/#primaryimage"},"image":{"@id":"https:\/\/www.parrinst.com\/es\/products\/tubular-reactor-systems\/fluidized-bed-reactors\/#primaryimage"},"thumbnailUrl":"https:\/\/i0.wp.com\/www.parrinst.com\/es\/wp-content\/uploads\/sites\/7\/2018\/01\/parr_banner_tubular_secondary.jpg?fit=2200%2C399&ssl=1","datePublished":"2011-03-11T01:21:39+00:00","dateModified":"2024-11-19T15:34:07+00:00","breadcrumb":{"@id":"https:\/\/www.parrinst.com\/es\/products\/tubular-reactor-systems\/fluidized-bed-reactors\/#breadcrumb"},"inLanguage":"en-US","potentialAction":[{"@type":"ReadAction","target":["https:\/\/www.parrinst.com\/es\/products\/tubular-reactor-systems\/fluidized-bed-reactors\/"]}]},{"@type":"ImageObject","inLanguage":"en-US","@id":"https:\/\/www.parrinst.com\/es\/products\/tubular-reactor-systems\/fluidized-bed-reactors\/#primaryimage","url":"https:\/\/i0.wp.com\/www.parrinst.com\/es\/wp-content\/uploads\/sites\/7\/2018\/01\/parr_banner_tubular_secondary.jpg?fit=2200%2C399&ssl=1","contentUrl":"https:\/\/i0.wp.com\/www.parrinst.com\/es\/wp-content\/uploads\/sites\/7\/2018\/01\/parr_banner_tubular_secondary.jpg?fit=2200%2C399&ssl=1","width":2200,"height":399},{"@type":"BreadcrumbList","@id":"https:\/\/www.parrinst.com\/es\/products\/tubular-reactor-systems\/fluidized-bed-reactors\/#breadcrumb","itemListElement":[{"@type":"ListItem","position":1,"name":"Home","item":"https:\/\/www.parrinst.com\/es\/"},{"@type":"ListItem","position":2,"name":"Products","item":"https:\/\/www.parrinst.com\/es\/products\/"},{"@type":"ListItem","position":3,"name":"Sistemas de Reactor Tubular","item":"https:\/\/www.parrinst.com\/es\/products\/tubular-reactor-systems\/"},{"@type":"ListItem","position":4,"name":"5410 Reactores de Lecho Fluidizado"}]},{"@type":"WebSite","@id":"https:\/\/www.parrinst.com\/es\/#website","url":"https:\/\/www.parrinst.com\/es\/","name":"Parr Instrument (Espa\u00f1ol)","description":"","potentialAction":[{"@type":"SearchAction","target":{"@type":"EntryPoint","urlTemplate":"https:\/\/www.parrinst.com\/es\/?s={search_term_string}"},"query-input":{"@type":"PropertyValueSpecification","valueRequired":true,"valueName":"search_term_string"}}],"inLanguage":"en-US"}]}},"jetpack_sharing_enabled":true,"_links":{"self":[{"href":"https:\/\/www.parrinst.com\/es\/wp-json\/wp\/v2\/pages\/242","targetHints":{"allow":["GET"]}}],"collection":[{"href":"https:\/\/www.parrinst.com\/es\/wp-json\/wp\/v2\/pages"}],"about":[{"href":"https:\/\/www.parrinst.com\/es\/wp-json\/wp\/v2\/types\/page"}],"author":[{"embeddable":true,"href":"https:\/\/www.parrinst.com\/es\/wp-json\/wp\/v2\/users\/1"}],"replies":[{"embeddable":true,"href":"https:\/\/www.parrinst.com\/es\/wp-json\/wp\/v2\/comments?post=242"}],"version-history":[{"count":9,"href":"https:\/\/www.parrinst.com\/es\/wp-json\/wp\/v2\/pages\/242\/revisions"}],"predecessor-version":[{"id":41034,"href":"https:\/\/www.parrinst.com\/es\/wp-json\/wp\/v2\/pages\/242\/revisions\/41034"}],"up":[{"embeddable":true,"href":"https:\/\/www.parrinst.com\/es\/wp-json\/wp\/v2\/pages\/12483"}],"wp:featuredmedia":[{"embeddable":true,"href":"https:\/\/www.parrinst.com\/es\/wp-json\/wp\/v2\/media\/37724"}],"wp:attachment":[{"href":"https:\/\/www.parrinst.com\/es\/wp-json\/wp\/v2\/media?parent=242"}],"curies":[{"name":"wp","href":"https:\/\/api.w.org\/{rel}","templated":true}]}}