{"id":246,"date":"2011-03-10T19:22:48","date_gmt":"2011-03-11T01:22:48","guid":{"rendered":"https:\/\/www.parrinst.com\/?page_id=246"},"modified":"2023-03-07T12:38:49","modified_gmt":"2023-03-07T18:38:49","slug":"gto-gas-to-oil-system","status":"publish","type":"page","link":"https:\/\/www.parrinst.com\/es\/products\/specialty-custom-systems\/gto-gas-to-oil-system\/","title":{"rendered":"Sistema GTL (Gas-a-L\u00edquido)"},"content":{"rendered":"<figure id=\"attachment_3780\" aria-describedby=\"caption-attachment-3780\" style=\"width: 300px\" class=\"wp-caption alignright\"><a href=\"https:\/\/i0.wp.com\/www.parrinst.com\/es\/wp-content\/uploads\/sites\/7\/2011\/06\/GTO.jpg?ssl=1\"><img data-recalc-dims=\"1\" loading=\"lazy\" decoding=\"async\" class=\"wp-image-3780 size-medium\" src=\"https:\/\/i0.wp.com\/www.parrinst.com\/es\/wp-content\/uploads\/sites\/7\/2011\/06\/GTO.jpg?resize=300%2C278&#038;ssl=1\" alt=\"Sistema GTO (Gas-a-Aceite)\" width=\"300\" height=\"278\" srcset=\"https:\/\/i0.wp.com\/www.parrinst.com\/es\/wp-content\/uploads\/sites\/7\/2011\/06\/GTO.jpg?resize=300%2C278&amp;ssl=1 300w, https:\/\/i0.wp.com\/www.parrinst.com\/es\/wp-content\/uploads\/sites\/7\/2011\/06\/GTO.jpg?resize=162%2C150&amp;ssl=1 162w, https:\/\/i0.wp.com\/www.parrinst.com\/es\/wp-content\/uploads\/sites\/7\/2011\/06\/GTO.jpg?w=600&amp;ssl=1 600w\" sizes=\"auto, (max-width: 300px) 100vw, 300px\" \/><\/a><figcaption id=\"caption-attachment-3780\" class=\"wp-caption-text\">Sistema GTL (Gas-a-L\u00edquido)<\/figcaption><\/figure>\n<p><strong>Este sistema incorpora tres reactores tubulares<\/strong> que pueden ser configurados como se requiera para operar en una forma estrictamente paralela o en un arreglo en cascada, en donde los productos procedentes de un reactor se dirigen inmediatamente a un segundo reactor. Este tipo de sistema puede soportar esquemas de reacci\u00f3n, incluyendo pero no limit\u00e1ndose al proceso Fischer-Tropsch, reacciones de metanizaci\u00f3n, reformado de vapor y otros procesos similares.<\/p>\n<p>El proceso de Fischer-Tropsch convierte el mon\u00f3xido de carbono e hidr\u00f3geno en aceites o combustibles que pueden sustituir a los productos petrol\u00edferos. La reacci\u00f3n utiliza un catalizador a base de hierro o cobalto y es alimentado por la oxidaci\u00f3n parcial de carb\u00f3n o materiales a base de madera como etanol, metanol o singas. Este esquema de reacci\u00f3n ofrece una v\u00eda prometedora para la producci\u00f3n de combustibles renovables y econ\u00f3micos para transportaci\u00f3n. Al controlar cuidadosamente la temperatura y el contenido de ox\u00edgeno, los productos resultantes pueden variar desde singas hasta &#8220;diesel verde\u201d.<\/p>\n<p><strong>Una de las caracter\u00edsticas exclusivas de este sistema<\/strong> es un subsistema de mezcla de gas capaz de mezclar hasta cuatro gases reactivos seguido por un suministro controlado de esta mezcla combinada a cada uno de los tres reactores a trav\u00e9s controladores de flujo m\u00e1sico dedicados. Los componentes intermedios para cada reactor incluyen un intercambiador de calor\/condensador, un separador de gas\/l\u00edquido (receptor del producto) y un regulador de contrapresi\u00f3n totalmente automatizado. El sistema incluye soporte para la introducci\u00f3n de reactivos l\u00edquidos mediante una bomba de medici\u00f3n a alta presi\u00f3n. El sistema viene completamente automatizado con la adici\u00f3n del vers\u00e1til Controlador de Proceso 4871.<\/p>\n","protected":false},"excerpt":{"rendered":"<p>Este sistema incorpora tres reactores tubulares que pueden ser configurados como se requiera para operar en una forma estrictamente paralela o en un arreglo en cascada, en donde los productos procedentes de un reactor se dirigen inmediatamente a un segundo reactor. Este tipo de sistema puede soportar esquemas de reacci\u00f3n, incluyendo pero no limit\u00e1ndose al [&hellip;]<\/p>\n","protected":false},"author":2,"featured_media":36941,"parent":81,"menu_order":40,"comment_status":"closed","ping_status":"closed","template":"product-narrow.php","meta":{"_acf_changed":false,"footnotes":"","_links_to":"","_links_to_target":""},"class_list":["post-246","page","type-page","status-publish","has-post-thumbnail","hentry"],"acf":[],"yoast_head":"<!-- This site is optimized with the Yoast SEO plugin v27.5 - https:\/\/yoast.com\/product\/yoast-seo-wordpress\/ -->\n<title>Sistema GTL (Gas-a-L\u00edquido) - Parr Instrument (Espa\u00f1ol)<\/title>\n<meta name=\"robots\" content=\"index, follow, max-snippet:-1, max-image-preview:large, max-video-preview:-1\" \/>\n<link rel=\"canonical\" href=\"https:\/\/www.parrinst.com\/es\/products\/specialty-custom-systems\/gto-gas-to-oil-system\/\" \/>\n<meta property=\"og:locale\" content=\"en_US\" \/>\n<meta property=\"og:type\" content=\"article\" \/>\n<meta property=\"og:title\" content=\"Sistema GTL (Gas-a-L\u00edquido) - Parr Instrument (Espa\u00f1ol)\" \/>\n<meta property=\"og:description\" content=\"Este sistema incorpora tres reactores tubulares que pueden ser configurados como se requiera para operar en una forma estrictamente paralela o en un arreglo en cascada, en donde los productos procedentes de un reactor se dirigen inmediatamente a un segundo reactor. Este tipo de sistema puede soportar esquemas de reacci\u00f3n, incluyendo pero no limit\u00e1ndose al [&hellip;]\" \/>\n<meta property=\"og:url\" content=\"https:\/\/www.parrinst.com\/es\/products\/specialty-custom-systems\/gto-gas-to-oil-system\/\" \/>\n<meta property=\"og:site_name\" content=\"Parr Instrument (Espa\u00f1ol)\" \/>\n<meta property=\"article:modified_time\" content=\"2023-03-07T18:38:49+00:00\" \/>\n<meta property=\"og:image\" content=\"https:\/\/www.parrinst.com\/es\/files\/2018\/01\/parr_banner_multi_secondary.jpg\" \/>\n\t<meta property=\"og:image:width\" content=\"2200\" \/>\n\t<meta property=\"og:image:height\" content=\"399\" \/>\n\t<meta property=\"og:image:type\" content=\"image\/jpeg\" \/>\n<meta name=\"twitter:card\" content=\"summary_large_image\" \/>\n<meta name=\"twitter:label1\" content=\"Est. reading time\" \/>\n\t<meta name=\"twitter:data1\" content=\"2 minutes\" \/>\n<script type=\"application\/ld+json\" class=\"yoast-schema-graph\">{\"@context\":\"https:\\\/\\\/schema.org\",\"@graph\":[{\"@type\":\"WebPage\",\"@id\":\"https:\\\/\\\/www.parrinst.com\\\/es\\\/products\\\/specialty-custom-systems\\\/gto-gas-to-oil-system\\\/\",\"url\":\"https:\\\/\\\/www.parrinst.com\\\/es\\\/products\\\/specialty-custom-systems\\\/gto-gas-to-oil-system\\\/\",\"name\":\"Sistema GTL (Gas-a-L\u00edquido) - Parr Instrument (Espa\u00f1ol)\",\"isPartOf\":{\"@id\":\"https:\\\/\\\/www.parrinst.com\\\/es\\\/#website\"},\"primaryImageOfPage\":{\"@id\":\"https:\\\/\\\/www.parrinst.com\\\/es\\\/products\\\/specialty-custom-systems\\\/gto-gas-to-oil-system\\\/#primaryimage\"},\"image\":{\"@id\":\"https:\\\/\\\/www.parrinst.com\\\/es\\\/products\\\/specialty-custom-systems\\\/gto-gas-to-oil-system\\\/#primaryimage\"},\"thumbnailUrl\":\"https:\\\/\\\/i0.wp.com\\\/www.parrinst.com\\\/es\\\/wp-content\\\/uploads\\\/sites\\\/7\\\/2018\\\/01\\\/parr_banner_multi_secondary.jpg?fit=2200%2C399&ssl=1\",\"datePublished\":\"2011-03-11T01:22:48+00:00\",\"dateModified\":\"2023-03-07T18:38:49+00:00\",\"breadcrumb\":{\"@id\":\"https:\\\/\\\/www.parrinst.com\\\/es\\\/products\\\/specialty-custom-systems\\\/gto-gas-to-oil-system\\\/#breadcrumb\"},\"inLanguage\":\"en-US\",\"potentialAction\":[{\"@type\":\"ReadAction\",\"target\":[\"https:\\\/\\\/www.parrinst.com\\\/es\\\/products\\\/specialty-custom-systems\\\/gto-gas-to-oil-system\\\/\"]}]},{\"@type\":\"ImageObject\",\"inLanguage\":\"en-US\",\"@id\":\"https:\\\/\\\/www.parrinst.com\\\/es\\\/products\\\/specialty-custom-systems\\\/gto-gas-to-oil-system\\\/#primaryimage\",\"url\":\"https:\\\/\\\/i0.wp.com\\\/www.parrinst.com\\\/es\\\/wp-content\\\/uploads\\\/sites\\\/7\\\/2018\\\/01\\\/parr_banner_multi_secondary.jpg?fit=2200%2C399&ssl=1\",\"contentUrl\":\"https:\\\/\\\/i0.wp.com\\\/www.parrinst.com\\\/es\\\/wp-content\\\/uploads\\\/sites\\\/7\\\/2018\\\/01\\\/parr_banner_multi_secondary.jpg?fit=2200%2C399&ssl=1\",\"width\":2200,\"height\":399},{\"@type\":\"BreadcrumbList\",\"@id\":\"https:\\\/\\\/www.parrinst.com\\\/es\\\/products\\\/specialty-custom-systems\\\/gto-gas-to-oil-system\\\/#breadcrumb\",\"itemListElement\":[{\"@type\":\"ListItem\",\"position\":1,\"name\":\"Home\",\"item\":\"https:\\\/\\\/www.parrinst.com\\\/es\\\/\"},{\"@type\":\"ListItem\",\"position\":2,\"name\":\"Products\",\"item\":\"https:\\\/\\\/www.parrinst.com\\\/es\\\/products\\\/\"},{\"@type\":\"ListItem\",\"position\":3,\"name\":\"Sistemas de Especialidad y Personalizados\",\"item\":\"https:\\\/\\\/www.parrinst.com\\\/es\\\/products\\\/specialty-custom-systems\\\/\"},{\"@type\":\"ListItem\",\"position\":4,\"name\":\"Sistema GTL (Gas-a-L\u00edquido)\"}]},{\"@type\":\"WebSite\",\"@id\":\"https:\\\/\\\/www.parrinst.com\\\/es\\\/#website\",\"url\":\"https:\\\/\\\/www.parrinst.com\\\/es\\\/\",\"name\":\"Parr Instrument (Espa\u00f1ol)\",\"description\":\"\",\"potentialAction\":[{\"@type\":\"SearchAction\",\"target\":{\"@type\":\"EntryPoint\",\"urlTemplate\":\"https:\\\/\\\/www.parrinst.com\\\/es\\\/?s={search_term_string}\"},\"query-input\":{\"@type\":\"PropertyValueSpecification\",\"valueRequired\":true,\"valueName\":\"search_term_string\"}}],\"inLanguage\":\"en-US\"}]}<\/script>\n<!-- \/ Yoast SEO plugin. -->","yoast_head_json":{"title":"Sistema GTL (Gas-a-L\u00edquido) - Parr Instrument (Espa\u00f1ol)","robots":{"index":"index","follow":"follow","max-snippet":"max-snippet:-1","max-image-preview":"max-image-preview:large","max-video-preview":"max-video-preview:-1"},"canonical":"https:\/\/www.parrinst.com\/es\/products\/specialty-custom-systems\/gto-gas-to-oil-system\/","og_locale":"en_US","og_type":"article","og_title":"Sistema GTL (Gas-a-L\u00edquido) - Parr Instrument (Espa\u00f1ol)","og_description":"Este sistema incorpora tres reactores tubulares que pueden ser configurados como se requiera para operar en una forma estrictamente paralela o en un arreglo en cascada, en donde los productos procedentes de un reactor se dirigen inmediatamente a un segundo reactor. Este tipo de sistema puede soportar esquemas de reacci\u00f3n, incluyendo pero no limit\u00e1ndose al [&hellip;]","og_url":"https:\/\/www.parrinst.com\/es\/products\/specialty-custom-systems\/gto-gas-to-oil-system\/","og_site_name":"Parr Instrument (Espa\u00f1ol)","article_modified_time":"2023-03-07T18:38:49+00:00","og_image":[{"width":2200,"height":399,"url":"https:\/\/www.parrinst.com\/es\/files\/2018\/01\/parr_banner_multi_secondary.jpg","type":"image\/jpeg"}],"twitter_card":"summary_large_image","twitter_misc":{"Est. reading time":"2 minutes"},"schema":{"@context":"https:\/\/schema.org","@graph":[{"@type":"WebPage","@id":"https:\/\/www.parrinst.com\/es\/products\/specialty-custom-systems\/gto-gas-to-oil-system\/","url":"https:\/\/www.parrinst.com\/es\/products\/specialty-custom-systems\/gto-gas-to-oil-system\/","name":"Sistema GTL (Gas-a-L\u00edquido) - Parr Instrument (Espa\u00f1ol)","isPartOf":{"@id":"https:\/\/www.parrinst.com\/es\/#website"},"primaryImageOfPage":{"@id":"https:\/\/www.parrinst.com\/es\/products\/specialty-custom-systems\/gto-gas-to-oil-system\/#primaryimage"},"image":{"@id":"https:\/\/www.parrinst.com\/es\/products\/specialty-custom-systems\/gto-gas-to-oil-system\/#primaryimage"},"thumbnailUrl":"https:\/\/i0.wp.com\/www.parrinst.com\/es\/wp-content\/uploads\/sites\/7\/2018\/01\/parr_banner_multi_secondary.jpg?fit=2200%2C399&ssl=1","datePublished":"2011-03-11T01:22:48+00:00","dateModified":"2023-03-07T18:38:49+00:00","breadcrumb":{"@id":"https:\/\/www.parrinst.com\/es\/products\/specialty-custom-systems\/gto-gas-to-oil-system\/#breadcrumb"},"inLanguage":"en-US","potentialAction":[{"@type":"ReadAction","target":["https:\/\/www.parrinst.com\/es\/products\/specialty-custom-systems\/gto-gas-to-oil-system\/"]}]},{"@type":"ImageObject","inLanguage":"en-US","@id":"https:\/\/www.parrinst.com\/es\/products\/specialty-custom-systems\/gto-gas-to-oil-system\/#primaryimage","url":"https:\/\/i0.wp.com\/www.parrinst.com\/es\/wp-content\/uploads\/sites\/7\/2018\/01\/parr_banner_multi_secondary.jpg?fit=2200%2C399&ssl=1","contentUrl":"https:\/\/i0.wp.com\/www.parrinst.com\/es\/wp-content\/uploads\/sites\/7\/2018\/01\/parr_banner_multi_secondary.jpg?fit=2200%2C399&ssl=1","width":2200,"height":399},{"@type":"BreadcrumbList","@id":"https:\/\/www.parrinst.com\/es\/products\/specialty-custom-systems\/gto-gas-to-oil-system\/#breadcrumb","itemListElement":[{"@type":"ListItem","position":1,"name":"Home","item":"https:\/\/www.parrinst.com\/es\/"},{"@type":"ListItem","position":2,"name":"Products","item":"https:\/\/www.parrinst.com\/es\/products\/"},{"@type":"ListItem","position":3,"name":"Sistemas de Especialidad y Personalizados","item":"https:\/\/www.parrinst.com\/es\/products\/specialty-custom-systems\/"},{"@type":"ListItem","position":4,"name":"Sistema GTL (Gas-a-L\u00edquido)"}]},{"@type":"WebSite","@id":"https:\/\/www.parrinst.com\/es\/#website","url":"https:\/\/www.parrinst.com\/es\/","name":"Parr Instrument (Espa\u00f1ol)","description":"","potentialAction":[{"@type":"SearchAction","target":{"@type":"EntryPoint","urlTemplate":"https:\/\/www.parrinst.com\/es\/?s={search_term_string}"},"query-input":{"@type":"PropertyValueSpecification","valueRequired":true,"valueName":"search_term_string"}}],"inLanguage":"en-US"}]}},"jetpack_sharing_enabled":true,"_links":{"self":[{"href":"https:\/\/www.parrinst.com\/es\/wp-json\/wp\/v2\/pages\/246","targetHints":{"allow":["GET"]}}],"collection":[{"href":"https:\/\/www.parrinst.com\/es\/wp-json\/wp\/v2\/pages"}],"about":[{"href":"https:\/\/www.parrinst.com\/es\/wp-json\/wp\/v2\/types\/page"}],"author":[{"embeddable":true,"href":"https:\/\/www.parrinst.com\/es\/wp-json\/wp\/v2\/users\/2"}],"replies":[{"embeddable":true,"href":"https:\/\/www.parrinst.com\/es\/wp-json\/wp\/v2\/comments?post=246"}],"version-history":[{"count":7,"href":"https:\/\/www.parrinst.com\/es\/wp-json\/wp\/v2\/pages\/246\/revisions"}],"predecessor-version":[{"id":40702,"href":"https:\/\/www.parrinst.com\/es\/wp-json\/wp\/v2\/pages\/246\/revisions\/40702"}],"up":[{"embeddable":true,"href":"https:\/\/www.parrinst.com\/es\/wp-json\/wp\/v2\/pages\/81"}],"wp:featuredmedia":[{"embeddable":true,"href":"https:\/\/www.parrinst.com\/es\/wp-json\/wp\/v2\/media\/36941"}],"wp:attachment":[{"href":"https:\/\/www.parrinst.com\/es\/wp-json\/wp\/v2\/media?parent=246"}],"curies":[{"name":"wp","href":"https:\/\/api.w.org\/{rel}","templated":true}]}}