{"id":252,"date":"2011-03-10T19:24:28","date_gmt":"2011-03-11T01:24:28","guid":{"rendered":"https:\/\/www.parrinst.com\/?page_id=252"},"modified":"2020-12-14T11:05:52","modified_gmt":"2020-12-14T17:05:52","slug":"disbonding-apparatus-for-astm-g146","status":"publish","type":"page","link":"https:\/\/www.parrinst.com\/es\/products\/specialty-custom-systems\/disbonding-apparatus-for-astm-g146\/","title":{"rendered":"Aparato desprendimiento ASTM G146"},"content":{"rendered":"<figure id=\"attachment_13418\" aria-describedby=\"caption-attachment-13418\" style=\"width: 300px\" class=\"wp-caption alignright\"><a href=\"https:\/\/i0.wp.com\/www.parrinst.com\/es\/wp-content\/uploads\/sites\/7\/2011\/03\/Parr_Disbonding-ApparatusPI2_5025web-300x300.jpg?ssl=1\"><img data-recalc-dims=\"1\" loading=\"lazy\" decoding=\"async\" class=\"size-full wp-image-13418\" src=\"https:\/\/i0.wp.com\/www.parrinst.com\/es\/wp-content\/uploads\/sites\/7\/2011\/03\/Parr_Disbonding-ApparatusPI2_5025web-300x300.jpg?resize=300%2C300&#038;ssl=1\" alt=\"Aparato Autom\u00e1tico para Realizar Pruebas de Desprendimiento Inducido de Hidr\u00f3geno para ASTM G146\" width=\"300\" height=\"300\" srcset=\"https:\/\/i0.wp.com\/www.parrinst.com\/es\/wp-content\/uploads\/sites\/7\/2011\/03\/Parr_Disbonding-ApparatusPI2_5025web-300x300.jpg?resize=300%2C300&amp;ssl=1 300w, https:\/\/i0.wp.com\/www.parrinst.com\/es\/wp-content\/uploads\/sites\/7\/2011\/03\/Parr_Disbonding-ApparatusPI2_5025web-300x300.jpg?resize=150%2C150&amp;ssl=1 150w\" sizes=\"auto, (max-width: 300px) 100vw, 300px\" \/><\/a><figcaption id=\"caption-attachment-13418\" class=\"wp-caption-text\">Aparato Autom\u00e1tico para Realizar Pruebas de Desprendimiento Inducido de Hidr\u00f3geno para ASTM G146<\/figcaption><\/figure>\n<h2>Aparato Autom\u00e1tico para Realizar Pruebas de Desprendimiento Inducido de Hidr\u00f3geno para ASTM G146<\/h2>\n<p><strong>Parr Instrument Company ha desarrollado recientemente<\/strong> un sistema de reactor automatizado capaz de alcanzar las condiciones necesarias para el tratamiento de muestras de la placa bimet\u00e1lica usada normalmente en servicio de refiner\u00eda de gas hidr\u00f3geno de alta presi\u00f3n\/alta temperatura. La temperatura y presi\u00f3n del gas hidr\u00f3geno de prueba se seleccionan para simular ambientes de refiner\u00eda que contienen hidr\u00f3geno. Estos var\u00edan t\u00edpicamente 14 a 20 MPa de presi\u00f3n de gas hidr\u00f3geno y de 300 a 500\u00b0C de temperatura dependiendo de las condiciones reales de servicio de refiner\u00eda. El prop\u00f3sito del esquema de esta prueba es permitir la comparaci\u00f3n de los datos entre laboratorios de prueba sobre la resistencia de la aleaci\u00f3n bimet\u00e1lica\/aceros inoxidable al desprendimiento inducido de hidr\u00f3geno(HID). Este procedimiento de prueba da una indicaci\u00f3n de la resistencia o susceptibilidad, o ambos, a HID de una capa de superficie de aleaci\u00f3n unida metal\u00fargicamente en un sustrato de acero debido a la exposici\u00f3n a ambientes gaseosos que contienen hidr\u00f3geno bajo condiciones HP\/HT. Este sistema se puede utilizar en una amplia gama de presiones, temperaturas, las rangos de enfriamiento, y ambientes gaseosos de hidr\u00f3geno donde el HID puede ser un problema significativo. Estas pruebas se pueden utilizar para evaluar los efectos de la composici\u00f3n del material, m\u00e9todos de procesamiento, t\u00e9cnicas de fabricaci\u00f3n, y tratamiento t\u00e9rmico, as\u00ed como los efectos de la presi\u00f3n parcial de hidr\u00f3geno, la temperatura de servicio, y la velocidad de enfriamiento. Este r\u00e9gimen de pruebas se describe completamente en la Pr\u00e1ctica Est\u00e1ndar G 146 de ASTM.<\/p>\n<p><strong>El aparato desarrollado por Parr<\/strong> se compone de una celda de prueba AP\/AT hecha de Inconel 625. Dos bombas de refuerzo de gas, uno para nitr\u00f3geno y otra para hidr\u00f3geno, se usan para la presurizaci\u00f3n de la celda de prueba. El sistema incorpora un regulador de presi\u00f3n de retorno autom\u00e1tico y diversas v\u00e1lvulas autom\u00e1ticas para el control de presi\u00f3n. El sistema de control del aparato purga autom\u00e1ticamente el recipiente con arg\u00f3n, realiza una prueba de fugas de alta presi\u00f3n con nitr\u00f3geno y a continuaci\u00f3n secuencia la porci\u00f3n principal de la prueba. La prueba principal consiste en llenar la celda de prueba con hidr\u00f3geno, calentar el recipiente a la temperatura de referencia definida por el usuario durante un per\u00edodo t\u00edpico de 48 horas. Despu\u00e9s de esto, el recipiente se enfr\u00eda a una velocidad predeterminada, t\u00edpicamente 150\u00b0C\/h, hasta que la temperatura interior alcance 200\u00b0C. La celda de prueba es autom\u00e1ticamente ventilada, purgada y enfriada a\u00fan m\u00e1s para poder retirar las muestras con seguridad. Todos los par\u00e1metros importantes de prueba pueden ser ajustados por el usuario.e.<\/p>\n","protected":false},"excerpt":{"rendered":"<p>Aparato Autom\u00e1tico para Realizar Pruebas de Desprendimiento Inducido de Hidr\u00f3geno para ASTM G146 Parr Instrument Company ha desarrollado recientemente un sistema de reactor automatizado capaz de alcanzar las condiciones necesarias para el tratamiento de muestras de la placa bimet\u00e1lica usada normalmente en servicio de refiner\u00eda de gas hidr\u00f3geno de alta presi\u00f3n\/alta temperatura. La temperatura y [&hellip;]<\/p>\n","protected":false},"author":2,"featured_media":36941,"parent":81,"menu_order":100,"comment_status":"closed","ping_status":"closed","template":"product-narrow.php","meta":{"_acf_changed":false,"footnotes":"","_links_to":"","_links_to_target":""},"class_list":["post-252","page","type-page","status-publish","has-post-thumbnail","hentry"],"acf":[],"yoast_head":"<!-- This site is optimized with the Yoast SEO plugin v27.5 - https:\/\/yoast.com\/product\/yoast-seo-wordpress\/ -->\n<title>Aparato desprendimiento ASTM G146 - Parr Instrument (Espa\u00f1ol)<\/title>\n<meta name=\"robots\" content=\"index, follow, max-snippet:-1, max-image-preview:large, max-video-preview:-1\" \/>\n<link rel=\"canonical\" href=\"https:\/\/www.parrinst.com\/es\/products\/specialty-custom-systems\/disbonding-apparatus-for-astm-g146\/\" \/>\n<meta property=\"og:locale\" content=\"en_US\" \/>\n<meta property=\"og:type\" content=\"article\" \/>\n<meta property=\"og:title\" content=\"Aparato desprendimiento ASTM G146 - Parr Instrument (Espa\u00f1ol)\" \/>\n<meta property=\"og:description\" content=\"Aparato Autom\u00e1tico para Realizar Pruebas de Desprendimiento Inducido de Hidr\u00f3geno para ASTM G146 Parr Instrument Company ha desarrollado recientemente un sistema de reactor automatizado capaz de alcanzar las condiciones necesarias para el tratamiento de muestras de la placa bimet\u00e1lica usada normalmente en servicio de refiner\u00eda de gas hidr\u00f3geno de alta presi\u00f3n\/alta temperatura. La temperatura y [&hellip;]\" \/>\n<meta property=\"og:url\" content=\"https:\/\/www.parrinst.com\/es\/products\/specialty-custom-systems\/disbonding-apparatus-for-astm-g146\/\" \/>\n<meta property=\"og:site_name\" content=\"Parr Instrument (Espa\u00f1ol)\" \/>\n<meta property=\"article:modified_time\" content=\"2020-12-14T17:05:52+00:00\" \/>\n<meta property=\"og:image\" content=\"https:\/\/www.parrinst.com\/es\/files\/2018\/01\/parr_banner_multi_secondary.jpg\" \/>\n\t<meta property=\"og:image:width\" content=\"2200\" \/>\n\t<meta property=\"og:image:height\" content=\"399\" \/>\n\t<meta property=\"og:image:type\" content=\"image\/jpeg\" \/>\n<meta name=\"twitter:card\" content=\"summary_large_image\" \/>\n<meta name=\"twitter:label1\" content=\"Est. reading time\" \/>\n\t<meta name=\"twitter:data1\" content=\"3 minutes\" \/>\n<script type=\"application\/ld+json\" class=\"yoast-schema-graph\">{\"@context\":\"https:\\\/\\\/schema.org\",\"@graph\":[{\"@type\":\"WebPage\",\"@id\":\"https:\\\/\\\/www.parrinst.com\\\/es\\\/products\\\/specialty-custom-systems\\\/disbonding-apparatus-for-astm-g146\\\/\",\"url\":\"https:\\\/\\\/www.parrinst.com\\\/es\\\/products\\\/specialty-custom-systems\\\/disbonding-apparatus-for-astm-g146\\\/\",\"name\":\"Aparato desprendimiento ASTM G146 - Parr Instrument (Espa\u00f1ol)\",\"isPartOf\":{\"@id\":\"https:\\\/\\\/www.parrinst.com\\\/es\\\/#website\"},\"primaryImageOfPage\":{\"@id\":\"https:\\\/\\\/www.parrinst.com\\\/es\\\/products\\\/specialty-custom-systems\\\/disbonding-apparatus-for-astm-g146\\\/#primaryimage\"},\"image\":{\"@id\":\"https:\\\/\\\/www.parrinst.com\\\/es\\\/products\\\/specialty-custom-systems\\\/disbonding-apparatus-for-astm-g146\\\/#primaryimage\"},\"thumbnailUrl\":\"https:\\\/\\\/i0.wp.com\\\/www.parrinst.com\\\/es\\\/wp-content\\\/uploads\\\/sites\\\/7\\\/2018\\\/01\\\/parr_banner_multi_secondary.jpg?fit=2200%2C399&ssl=1\",\"datePublished\":\"2011-03-11T01:24:28+00:00\",\"dateModified\":\"2020-12-14T17:05:52+00:00\",\"breadcrumb\":{\"@id\":\"https:\\\/\\\/www.parrinst.com\\\/es\\\/products\\\/specialty-custom-systems\\\/disbonding-apparatus-for-astm-g146\\\/#breadcrumb\"},\"inLanguage\":\"en-US\",\"potentialAction\":[{\"@type\":\"ReadAction\",\"target\":[\"https:\\\/\\\/www.parrinst.com\\\/es\\\/products\\\/specialty-custom-systems\\\/disbonding-apparatus-for-astm-g146\\\/\"]}]},{\"@type\":\"ImageObject\",\"inLanguage\":\"en-US\",\"@id\":\"https:\\\/\\\/www.parrinst.com\\\/es\\\/products\\\/specialty-custom-systems\\\/disbonding-apparatus-for-astm-g146\\\/#primaryimage\",\"url\":\"https:\\\/\\\/i0.wp.com\\\/www.parrinst.com\\\/es\\\/wp-content\\\/uploads\\\/sites\\\/7\\\/2018\\\/01\\\/parr_banner_multi_secondary.jpg?fit=2200%2C399&ssl=1\",\"contentUrl\":\"https:\\\/\\\/i0.wp.com\\\/www.parrinst.com\\\/es\\\/wp-content\\\/uploads\\\/sites\\\/7\\\/2018\\\/01\\\/parr_banner_multi_secondary.jpg?fit=2200%2C399&ssl=1\",\"width\":2200,\"height\":399},{\"@type\":\"BreadcrumbList\",\"@id\":\"https:\\\/\\\/www.parrinst.com\\\/es\\\/products\\\/specialty-custom-systems\\\/disbonding-apparatus-for-astm-g146\\\/#breadcrumb\",\"itemListElement\":[{\"@type\":\"ListItem\",\"position\":1,\"name\":\"Home\",\"item\":\"https:\\\/\\\/www.parrinst.com\\\/es\\\/\"},{\"@type\":\"ListItem\",\"position\":2,\"name\":\"Products\",\"item\":\"https:\\\/\\\/www.parrinst.com\\\/es\\\/products\\\/\"},{\"@type\":\"ListItem\",\"position\":3,\"name\":\"Sistemas de Especialidad y Personalizados\",\"item\":\"https:\\\/\\\/www.parrinst.com\\\/es\\\/products\\\/specialty-custom-systems\\\/\"},{\"@type\":\"ListItem\",\"position\":4,\"name\":\"Aparato desprendimiento ASTM G146\"}]},{\"@type\":\"WebSite\",\"@id\":\"https:\\\/\\\/www.parrinst.com\\\/es\\\/#website\",\"url\":\"https:\\\/\\\/www.parrinst.com\\\/es\\\/\",\"name\":\"Parr Instrument (Espa\u00f1ol)\",\"description\":\"\",\"potentialAction\":[{\"@type\":\"SearchAction\",\"target\":{\"@type\":\"EntryPoint\",\"urlTemplate\":\"https:\\\/\\\/www.parrinst.com\\\/es\\\/?s={search_term_string}\"},\"query-input\":{\"@type\":\"PropertyValueSpecification\",\"valueRequired\":true,\"valueName\":\"search_term_string\"}}],\"inLanguage\":\"en-US\"}]}<\/script>\n<!-- \/ Yoast SEO plugin. -->","yoast_head_json":{"title":"Aparato desprendimiento ASTM G146 - Parr Instrument (Espa\u00f1ol)","robots":{"index":"index","follow":"follow","max-snippet":"max-snippet:-1","max-image-preview":"max-image-preview:large","max-video-preview":"max-video-preview:-1"},"canonical":"https:\/\/www.parrinst.com\/es\/products\/specialty-custom-systems\/disbonding-apparatus-for-astm-g146\/","og_locale":"en_US","og_type":"article","og_title":"Aparato desprendimiento ASTM G146 - Parr Instrument (Espa\u00f1ol)","og_description":"Aparato Autom\u00e1tico para Realizar Pruebas de Desprendimiento Inducido de Hidr\u00f3geno para ASTM G146 Parr Instrument Company ha desarrollado recientemente un sistema de reactor automatizado capaz de alcanzar las condiciones necesarias para el tratamiento de muestras de la placa bimet\u00e1lica usada normalmente en servicio de refiner\u00eda de gas hidr\u00f3geno de alta presi\u00f3n\/alta temperatura. La temperatura y [&hellip;]","og_url":"https:\/\/www.parrinst.com\/es\/products\/specialty-custom-systems\/disbonding-apparatus-for-astm-g146\/","og_site_name":"Parr Instrument (Espa\u00f1ol)","article_modified_time":"2020-12-14T17:05:52+00:00","og_image":[{"width":2200,"height":399,"url":"https:\/\/www.parrinst.com\/es\/files\/2018\/01\/parr_banner_multi_secondary.jpg","type":"image\/jpeg"}],"twitter_card":"summary_large_image","twitter_misc":{"Est. reading time":"3 minutes"},"schema":{"@context":"https:\/\/schema.org","@graph":[{"@type":"WebPage","@id":"https:\/\/www.parrinst.com\/es\/products\/specialty-custom-systems\/disbonding-apparatus-for-astm-g146\/","url":"https:\/\/www.parrinst.com\/es\/products\/specialty-custom-systems\/disbonding-apparatus-for-astm-g146\/","name":"Aparato desprendimiento ASTM G146 - Parr Instrument (Espa\u00f1ol)","isPartOf":{"@id":"https:\/\/www.parrinst.com\/es\/#website"},"primaryImageOfPage":{"@id":"https:\/\/www.parrinst.com\/es\/products\/specialty-custom-systems\/disbonding-apparatus-for-astm-g146\/#primaryimage"},"image":{"@id":"https:\/\/www.parrinst.com\/es\/products\/specialty-custom-systems\/disbonding-apparatus-for-astm-g146\/#primaryimage"},"thumbnailUrl":"https:\/\/i0.wp.com\/www.parrinst.com\/es\/wp-content\/uploads\/sites\/7\/2018\/01\/parr_banner_multi_secondary.jpg?fit=2200%2C399&ssl=1","datePublished":"2011-03-11T01:24:28+00:00","dateModified":"2020-12-14T17:05:52+00:00","breadcrumb":{"@id":"https:\/\/www.parrinst.com\/es\/products\/specialty-custom-systems\/disbonding-apparatus-for-astm-g146\/#breadcrumb"},"inLanguage":"en-US","potentialAction":[{"@type":"ReadAction","target":["https:\/\/www.parrinst.com\/es\/products\/specialty-custom-systems\/disbonding-apparatus-for-astm-g146\/"]}]},{"@type":"ImageObject","inLanguage":"en-US","@id":"https:\/\/www.parrinst.com\/es\/products\/specialty-custom-systems\/disbonding-apparatus-for-astm-g146\/#primaryimage","url":"https:\/\/i0.wp.com\/www.parrinst.com\/es\/wp-content\/uploads\/sites\/7\/2018\/01\/parr_banner_multi_secondary.jpg?fit=2200%2C399&ssl=1","contentUrl":"https:\/\/i0.wp.com\/www.parrinst.com\/es\/wp-content\/uploads\/sites\/7\/2018\/01\/parr_banner_multi_secondary.jpg?fit=2200%2C399&ssl=1","width":2200,"height":399},{"@type":"BreadcrumbList","@id":"https:\/\/www.parrinst.com\/es\/products\/specialty-custom-systems\/disbonding-apparatus-for-astm-g146\/#breadcrumb","itemListElement":[{"@type":"ListItem","position":1,"name":"Home","item":"https:\/\/www.parrinst.com\/es\/"},{"@type":"ListItem","position":2,"name":"Products","item":"https:\/\/www.parrinst.com\/es\/products\/"},{"@type":"ListItem","position":3,"name":"Sistemas de Especialidad y Personalizados","item":"https:\/\/www.parrinst.com\/es\/products\/specialty-custom-systems\/"},{"@type":"ListItem","position":4,"name":"Aparato desprendimiento ASTM G146"}]},{"@type":"WebSite","@id":"https:\/\/www.parrinst.com\/es\/#website","url":"https:\/\/www.parrinst.com\/es\/","name":"Parr Instrument (Espa\u00f1ol)","description":"","potentialAction":[{"@type":"SearchAction","target":{"@type":"EntryPoint","urlTemplate":"https:\/\/www.parrinst.com\/es\/?s={search_term_string}"},"query-input":{"@type":"PropertyValueSpecification","valueRequired":true,"valueName":"search_term_string"}}],"inLanguage":"en-US"}]}},"jetpack_sharing_enabled":true,"_links":{"self":[{"href":"https:\/\/www.parrinst.com\/es\/wp-json\/wp\/v2\/pages\/252","targetHints":{"allow":["GET"]}}],"collection":[{"href":"https:\/\/www.parrinst.com\/es\/wp-json\/wp\/v2\/pages"}],"about":[{"href":"https:\/\/www.parrinst.com\/es\/wp-json\/wp\/v2\/types\/page"}],"author":[{"embeddable":true,"href":"https:\/\/www.parrinst.com\/es\/wp-json\/wp\/v2\/users\/2"}],"replies":[{"embeddable":true,"href":"https:\/\/www.parrinst.com\/es\/wp-json\/wp\/v2\/comments?post=252"}],"version-history":[{"count":2,"href":"https:\/\/www.parrinst.com\/es\/wp-json\/wp\/v2\/pages\/252\/revisions"}],"predecessor-version":[{"id":37941,"href":"https:\/\/www.parrinst.com\/es\/wp-json\/wp\/v2\/pages\/252\/revisions\/37941"}],"up":[{"embeddable":true,"href":"https:\/\/www.parrinst.com\/es\/wp-json\/wp\/v2\/pages\/81"}],"wp:featuredmedia":[{"embeddable":true,"href":"https:\/\/www.parrinst.com\/es\/wp-json\/wp\/v2\/media\/36941"}],"wp:attachment":[{"href":"https:\/\/www.parrinst.com\/es\/wp-json\/wp\/v2\/media?parent=252"}],"curies":[{"name":"wp","href":"https:\/\/api.w.org\/{rel}","templated":true}]}}