{"id":258,"date":"2011-03-10T19:55:59","date_gmt":"2011-03-11T01:55:59","guid":{"rendered":"https:\/\/www.parrinst.com\/?page_id=258"},"modified":"2018-02-28T11:27:47","modified_gmt":"2018-02-28T17:27:47","slug":"6200-isoperibol-calorimeter","status":"publish","type":"page","link":"https:\/\/www.parrinst.com\/es\/products\/oxygen-bomb-calorimeters\/6200-isoperibol-calorimeter\/","title":{"rendered":"Calor\u00edmetro Isoperib\u00f3lico 6200"},"content":{"rendered":"\n\t\t\t<div id='258-1' class='gallery gallery-258 gallery-columns-3 gallery-size-medium' itemscope itemtype='http:\/\/schema.org\/ImageGallery'>\n\t\t\t\t<div class='gallery-row gallery-col-3 gallery-clear'>\n\t\t\t\t\t<figure class='gallery-item col-3' itemprop='associatedMedia' itemscope itemtype='http:\/\/schema.org\/ImageObject'>\n\t\t\t\t\t\t<div class='gallery-icon landscape'><a href=\"https:\/\/i0.wp.com\/www.parrinst.com\/es\/wp-content\/uploads\/sites\/7\/2011\/06\/6200_Solo-ClosedPI3_0672_web.jpg?ssl=1\" itemprop=\"contentURL\"><img loading=\"lazy\" decoding=\"async\" width=\"300\" height=\"300\" src=\"https:\/\/i0.wp.com\/www.parrinst.com\/es\/wp-content\/uploads\/sites\/7\/2011\/06\/6200_Solo-ClosedPI3_0672_web.jpg?fit=300%2C300&amp;ssl=1\" class=\"attachment-medium size-medium\" alt=\"6200 Calorimeter\" srcset=\"https:\/\/i0.wp.com\/www.parrinst.com\/es\/wp-content\/uploads\/sites\/7\/2011\/06\/6200_Solo-ClosedPI3_0672_web.jpg?w=600&amp;ssl=1 600w, https:\/\/i0.wp.com\/www.parrinst.com\/es\/wp-content\/uploads\/sites\/7\/2011\/06\/6200_Solo-ClosedPI3_0672_web.jpg?resize=300%2C300&amp;ssl=1 300w, https:\/\/i0.wp.com\/www.parrinst.com\/es\/wp-content\/uploads\/sites\/7\/2011\/06\/6200_Solo-ClosedPI3_0672_web.jpg?resize=150%2C150&amp;ssl=1 150w\" sizes=\"auto, (max-width: 300px) 100vw, 300px\" itemprop=\"thumbnail\" \/><\/a><\/div>\n\t\t\t\t\t<\/figure>\n\t\t\t\t\t<figure class='gallery-item col-3' itemprop='associatedMedia' itemscope itemtype='http:\/\/schema.org\/ImageObject'>\n\t\t\t\t\t\t<div class='gallery-icon portrait'><a href=\"https:\/\/i0.wp.com\/www.parrinst.com\/es\/wp-content\/uploads\/sites\/7\/2011\/06\/1108_Combustion-Bomb_342mL.jpg?ssl=1\" itemprop=\"contentURL\"><img loading=\"lazy\" decoding=\"async\" width=\"214\" height=\"300\" src=\"https:\/\/i0.wp.com\/www.parrinst.com\/es\/wp-content\/uploads\/sites\/7\/2011\/06\/1108_Combustion-Bomb_342mL.jpg?fit=214%2C300&amp;ssl=1\" class=\"attachment-medium size-medium\" alt=\"1108 Oxygen Combustion Bomb\" srcset=\"https:\/\/i0.wp.com\/www.parrinst.com\/es\/wp-content\/uploads\/sites\/7\/2011\/06\/1108_Combustion-Bomb_342mL.jpg?w=600&amp;ssl=1 600w, https:\/\/i0.wp.com\/www.parrinst.com\/es\/wp-content\/uploads\/sites\/7\/2011\/06\/1108_Combustion-Bomb_342mL.jpg?resize=107%2C150&amp;ssl=1 107w, https:\/\/i0.wp.com\/www.parrinst.com\/es\/wp-content\/uploads\/sites\/7\/2011\/06\/1108_Combustion-Bomb_342mL.jpg?resize=214%2C300&amp;ssl=1 214w\" sizes=\"auto, (max-width: 214px) 100vw, 214px\" itemprop=\"thumbnail\" \/><\/a><\/div>\n\t\t\t\t\t<\/figure>\n\t\t\t<\/div>\n\t\t\t<\/div><!-- .gallery -->\n\n<p><strong>El Modelo 6200 es un calor\u00edmetro de bomba de ox\u00edgeno Isoperib\u00f3lica controlado por un microprocesador<\/strong> que se usa ampliamente para pruebas de rutina y calor\u00edficas ocasionales. Usa una bomba de ox\u00edgeno estilo 1108 de Parr y una cubeta ovalada en el calor\u00edmetro compacto, produciendo resultados confiables con buena Repetitividad, pero difiere del Modelo 6400 en que la bomba y la cubeta deben retirarse del calor\u00edmetro y Llenados manualmente para cada prueba, por lo que requiere m\u00e1s tiempo de operador que los Modelos autom\u00e1ticos y semiautom\u00e1ticos.<\/p>\n<p>Todos los sensores y controles en el calor\u00edmetro 6200 est\u00e1n integrados en un gabinete compacto para ofrecer una unidad de funcionamiento auto-contenida que consta de:<\/p>\n<ul>\n<li>Una chaqueta de agua de temperatura controlada con un sistema de circulaci\u00f3n incorporado y un calentador el\u00e9ctrico.<\/li>\n<li>Una bomba de ox\u00edgeno 1108P con una cubeta ovalada que cabe en la chaqueta de agua aislante.<\/li>\n<li>Un sistema semiautom\u00e1tico incorporado para la carga de la bomba de ox\u00edgeno.<\/li>\n<li>Un term\u00f3metro electr\u00f3nico de alta precisi\u00f3n.<\/li>\n<li>Una pantalla t\u00e1ctil brillante, a color, para entrada de datos y control de la operaci\u00f3n.<\/li>\n<li>Puertos especiales de comunicaci\u00f3n para conexiones de impresora, computadora y red (LAN).<\/li>\n<li>Ranuras de tarjeta de memoria SD extra\u00edble para actualizaciones de programas sencillos y archivo de reportes de prueba.<\/li>\n<\/ul>\n<h4>Termometr\u00eda Electr\u00f3nica de Precisi\u00f3n<\/h4>\n<p>Las temperaturas se miden con un term\u00f3metro electr\u00f3nico de alta precisi\u00f3n usando un sensor de termistor sellado en una sonda de acero inoxidable dise\u00f1ado especialmente, que se fija en la tapa del calor\u00edmetro. Las mediciones se realizan con una resoluci\u00f3n de 0.0001\u00b0 en un rango de trabajo de 20\u00b0 a 40\u00b0C, con todas las lecturas en grados Celsius.<\/p>\n<h4>Enchaquetado T\u00e9rmico Efectivo<\/h4>\n<p>El enchaquetado t\u00e9rmico efectivo se proporciona por un sistema de agua circulante impulsado por una bomba de gran capacidad incorporada que mantiene un flujo continuo forzado alrededor de los lados y el fondo de la c\u00e1mara de la cubeta y tambi\u00e9n por la tapa. La temperatura de la chaqueta se ??mantiene constante para la operaci\u00f3n isoperib\u00f3lica sin a\u00f1adir agua, y sin tiempos de espera al final de una corrida. Un calefactor sellado de inmersi\u00f3n y un intercambiador de calor integrado, ambos operados por el controlador del calor\u00edmetro, proporcionan un control preciso de la temperatura de la chaqueta.<\/p>\n<h4>Una Bomba de Ox\u00edgeno Confiable<\/h4>\n<p>La Bomba de Ox\u00edgeno 1108 Parr suministrada con el calor\u00edmetro quemar\u00e1 en forma segura las muestras liberando hasta 8000 calor\u00edas por carga, usando presiones de carga de ox\u00edgeno de hasta 40 atm. Se recomienda una bomba alternativa 1108PCL con una resistencia superior al cloro y a \u00e1cidos de hal\u00f3geno para pruebas que involucran muestras cloradas y de material de desecho.<\/p>\n<h4>Un Sistema de Llenado de Ox\u00edgeno Incorporado<\/h4>\n<p>Para acelerar y simplificar la operaci\u00f3n de una bomba de Llenado, el Calor\u00edmetro 6200 tiene a sistema autom\u00e1tico para cargar la bomba de ox\u00edgeno. El ox\u00edgeno de un cilindro comercial se conecta a un solenoide controlado por microprocesador instalado en el calor\u00edmetro. Para llenar la bomba, el operador simplemente desliza el conector de la manguera de Llenado en la v\u00e1lvula de entrada de la bomba y presiona la pantalla t\u00e1ctil para iniciar la secuencia de Llenado. El Llenado se realiza autom\u00e1ticamente a una velocidad controlada hasta una presi\u00f3n prefijada.<\/p>\n<h4>Estandarizaci\u00f3n Autom\u00e1tica<\/h4>\n<p>El Calor\u00edmetro 6200 generar\u00e1 autom\u00e1ticamente su valor de energ\u00eda equivalente (EE) de una serie de pruebas de estandarizaci\u00f3n, calculando un valor medio a partir de un n\u00famero definido por el operador de las \u00faltimas pruebas de estandarizaci\u00f3n para cada combinaci\u00f3n de bomba\/cubeta. El n\u00famero de pruebas de default es 10 como se especifica en los m\u00e9todos ASTM e internacional. El usuario puede introducir la desviaci\u00f3n est\u00e1ndar m\u00e1xima que \u00e9l aceptar\u00e1 y el calor\u00edmetro le avisar\u00e1 si sus pruebas no cumplen con ese criterio. Los valores de energ\u00eda equivalente de hasta cuatro combinaciones de bombas\/cubetas se pueden almacenar en la computadora.<\/p>\n<h4>Muchas opciones de usuario<\/h4>\n<p>Aunque se recomiendan procedimientos espec\u00edficos, hay varias opciones disponibles para el usuario:<\/p>\n<ul>\n<li>Los par\u00e1metros del programa se puede ajustar para adaptarse a los tama\u00f1os inusuales de muestra y a requisitos de precisi\u00f3n.<\/li>\n<li>El calor\u00edmetro se puede programar para adaptarse a cualquier concentraci\u00f3n de titulaci\u00f3n seleccionada por el usuario.<\/li>\n<li>Los valores calor\u00edficos se pueden reportar en diferentes unidades de medici\u00f3n.<\/li>\n<li>El programa del calor\u00edmetro se puede ajustar para compensar las diferencias sutiles en la forma en que se manejan los valores de correcci\u00f3nde \u00e1cido en ASTM, BS, DIN y en los m\u00e9todos ISO.<\/li>\n<li>Los controles del programa pueden protegerse contra cambios inadvertidos.<\/li>\n<li>Se puede llevar la cuenta del uso de la bomba para notificar al usuario cuando se le debe dar servicio.<\/li>\n<\/ul>\n<h4>Opci\u00f3n de M\u00faltiples Idiomas<\/h4>\n<p>El Modelo 6200 de Parr se puede configurar para ofrecer opciones de programaci\u00f3n, men\u00fas de operaci\u00f3n, reportes y mensajes de error en los siguientes idiomas: Ingl\u00e9s, Franc\u00e9s, Alem\u00e1n, Espa\u00f1ol, Italiano,\u00a0Polaco, Chino, Ruso\u00a0y Checo.<\/p>\n<h4>Transferencia Autom\u00e1tica de Datos<\/h4>\n<p>El calor\u00edmetro est\u00e1 equipado con un puerto\u00a0USB\u00a0para la generaci\u00f3n de reportes en una impresora y recibir pesos de muestras desde una balanza anal\u00edtica. La transferencia de resultados a una computadora del laboratorio se realiza mediante una conexi\u00f3n Ethernet usando protocolos de red est\u00e1ndar.<\/p>\n<h4>Dise\u00f1o Modular Compatible<\/h4>\n<p>El Calor\u00edmetro 6200 es totalmente compatible con las Bombas 1108 de Parr existentes y sistemas de circuito cerrado de manejo de agua haciendo f\u00e1cil la colocaci\u00f3n del instrumento en la configuraci\u00f3n de un laboratorio ya existente.\u00a0 Un dise\u00f1o modular, con la electr\u00f3nica del controlador ensamblado en un chasis desmontable, simplifica el mantenimiento.<\/p>\n","protected":false},"excerpt":{"rendered":"<p>El Modelo 6200 es un calor\u00edmetro de bomba de ox\u00edgeno Isoperib\u00f3lica controlado por un microprocesador que se usa ampliamente para pruebas de rutina y calor\u00edficas ocasionales. Usa una bomba de ox\u00edgeno estilo 1108 de Parr y una cubeta ovalada en el calor\u00edmetro compacto, produciendo resultados confiables con buena Repetitividad, pero difiere del Modelo 6400 en [&hellip;]<\/p>\n","protected":false},"author":1,"featured_media":37726,"parent":83,"menu_order":3,"comment_status":"closed","ping_status":"closed","template":"product-wide.php","meta":{"_acf_changed":false,"footnotes":"","_links_to":"","_links_to_target":""},"class_list":["post-258","page","type-page","status-publish","has-post-thumbnail","hentry"],"acf":[],"yoast_head":"<!-- This site is optimized with the Yoast SEO plugin v27.5 - https:\/\/yoast.com\/product\/yoast-seo-wordpress\/ -->\n<title>Calor\u00edmetro Isoperib\u00f3lico 6200 - Parr Instrument (Espa\u00f1ol)<\/title>\n<meta name=\"robots\" content=\"index, follow, max-snippet:-1, max-image-preview:large, max-video-preview:-1\" \/>\n<link rel=\"canonical\" href=\"https:\/\/www.parrinst.com\/es\/products\/oxygen-bomb-calorimeters\/6200-isoperibol-calorimeter\/\" \/>\n<meta property=\"og:locale\" content=\"en_US\" \/>\n<meta property=\"og:type\" content=\"article\" \/>\n<meta property=\"og:title\" content=\"Calor\u00edmetro Isoperib\u00f3lico 6200 - Parr Instrument (Espa\u00f1ol)\" \/>\n<meta property=\"og:description\" content=\"El Modelo 6200 es un calor\u00edmetro de bomba de ox\u00edgeno Isoperib\u00f3lica controlado por un microprocesador que se usa ampliamente para pruebas de rutina y calor\u00edficas ocasionales. Usa una bomba de ox\u00edgeno estilo 1108 de Parr y una cubeta ovalada en el calor\u00edmetro compacto, produciendo resultados confiables con buena Repetitividad, pero difiere del Modelo 6400 en [&hellip;]\" \/>\n<meta property=\"og:url\" content=\"https:\/\/www.parrinst.com\/es\/products\/oxygen-bomb-calorimeters\/6200-isoperibol-calorimeter\/\" \/>\n<meta property=\"og:site_name\" content=\"Parr Instrument (Espa\u00f1ol)\" \/>\n<meta property=\"article:modified_time\" content=\"2018-02-28T17:27:47+00:00\" \/>\n<meta property=\"og:image\" content=\"https:\/\/www.parrinst.com\/es\/files\/2018\/01\/parr_banner_calorimeter_secondary-3.jpg\" \/>\n\t<meta property=\"og:image:width\" content=\"2200\" \/>\n\t<meta property=\"og:image:height\" content=\"399\" \/>\n\t<meta property=\"og:image:type\" content=\"image\/jpeg\" \/>\n<meta name=\"twitter:card\" content=\"summary_large_image\" \/>\n<meta name=\"twitter:label1\" content=\"Est. reading time\" \/>\n\t<meta name=\"twitter:data1\" content=\"5 minutes\" \/>\n<script type=\"application\/ld+json\" class=\"yoast-schema-graph\">{\"@context\":\"https:\\\/\\\/schema.org\",\"@graph\":[{\"@type\":\"WebPage\",\"@id\":\"https:\\\/\\\/www.parrinst.com\\\/es\\\/products\\\/oxygen-bomb-calorimeters\\\/6200-isoperibol-calorimeter\\\/\",\"url\":\"https:\\\/\\\/www.parrinst.com\\\/es\\\/products\\\/oxygen-bomb-calorimeters\\\/6200-isoperibol-calorimeter\\\/\",\"name\":\"Calor\u00edmetro Isoperib\u00f3lico 6200 - Parr Instrument (Espa\u00f1ol)\",\"isPartOf\":{\"@id\":\"https:\\\/\\\/www.parrinst.com\\\/es\\\/#website\"},\"primaryImageOfPage\":{\"@id\":\"https:\\\/\\\/www.parrinst.com\\\/es\\\/products\\\/oxygen-bomb-calorimeters\\\/6200-isoperibol-calorimeter\\\/#primaryimage\"},\"image\":{\"@id\":\"https:\\\/\\\/www.parrinst.com\\\/es\\\/products\\\/oxygen-bomb-calorimeters\\\/6200-isoperibol-calorimeter\\\/#primaryimage\"},\"thumbnailUrl\":\"https:\\\/\\\/i0.wp.com\\\/www.parrinst.com\\\/es\\\/wp-content\\\/uploads\\\/sites\\\/7\\\/2018\\\/01\\\/parr_banner_calorimeter_secondary-3.jpg?fit=2200%2C399&ssl=1\",\"datePublished\":\"2011-03-11T01:55:59+00:00\",\"dateModified\":\"2018-02-28T17:27:47+00:00\",\"breadcrumb\":{\"@id\":\"https:\\\/\\\/www.parrinst.com\\\/es\\\/products\\\/oxygen-bomb-calorimeters\\\/6200-isoperibol-calorimeter\\\/#breadcrumb\"},\"inLanguage\":\"en-US\",\"potentialAction\":[{\"@type\":\"ReadAction\",\"target\":[\"https:\\\/\\\/www.parrinst.com\\\/es\\\/products\\\/oxygen-bomb-calorimeters\\\/6200-isoperibol-calorimeter\\\/\"]}]},{\"@type\":\"ImageObject\",\"inLanguage\":\"en-US\",\"@id\":\"https:\\\/\\\/www.parrinst.com\\\/es\\\/products\\\/oxygen-bomb-calorimeters\\\/6200-isoperibol-calorimeter\\\/#primaryimage\",\"url\":\"https:\\\/\\\/i0.wp.com\\\/www.parrinst.com\\\/es\\\/wp-content\\\/uploads\\\/sites\\\/7\\\/2018\\\/01\\\/parr_banner_calorimeter_secondary-3.jpg?fit=2200%2C399&ssl=1\",\"contentUrl\":\"https:\\\/\\\/i0.wp.com\\\/www.parrinst.com\\\/es\\\/wp-content\\\/uploads\\\/sites\\\/7\\\/2018\\\/01\\\/parr_banner_calorimeter_secondary-3.jpg?fit=2200%2C399&ssl=1\",\"width\":2200,\"height\":399},{\"@type\":\"BreadcrumbList\",\"@id\":\"https:\\\/\\\/www.parrinst.com\\\/es\\\/products\\\/oxygen-bomb-calorimeters\\\/6200-isoperibol-calorimeter\\\/#breadcrumb\",\"itemListElement\":[{\"@type\":\"ListItem\",\"position\":1,\"name\":\"Home\",\"item\":\"https:\\\/\\\/www.parrinst.com\\\/es\\\/\"},{\"@type\":\"ListItem\",\"position\":2,\"name\":\"Products\",\"item\":\"https:\\\/\\\/www.parrinst.com\\\/es\\\/products\\\/\"},{\"@type\":\"ListItem\",\"position\":3,\"name\":\"Calor\u00edmetros de Bomba de Ox\u00edgeno\",\"item\":\"https:\\\/\\\/www.parrinst.com\\\/es\\\/products\\\/oxygen-bomb-calorimeters\\\/\"},{\"@type\":\"ListItem\",\"position\":4,\"name\":\"Calor\u00edmetro Isoperib\u00f3lico 6200\"}]},{\"@type\":\"WebSite\",\"@id\":\"https:\\\/\\\/www.parrinst.com\\\/es\\\/#website\",\"url\":\"https:\\\/\\\/www.parrinst.com\\\/es\\\/\",\"name\":\"Parr Instrument (Espa\u00f1ol)\",\"description\":\"\",\"potentialAction\":[{\"@type\":\"SearchAction\",\"target\":{\"@type\":\"EntryPoint\",\"urlTemplate\":\"https:\\\/\\\/www.parrinst.com\\\/es\\\/?s={search_term_string}\"},\"query-input\":{\"@type\":\"PropertyValueSpecification\",\"valueRequired\":true,\"valueName\":\"search_term_string\"}}],\"inLanguage\":\"en-US\"}]}<\/script>\n<!-- \/ Yoast SEO plugin. -->","yoast_head_json":{"title":"Calor\u00edmetro Isoperib\u00f3lico 6200 - Parr Instrument (Espa\u00f1ol)","robots":{"index":"index","follow":"follow","max-snippet":"max-snippet:-1","max-image-preview":"max-image-preview:large","max-video-preview":"max-video-preview:-1"},"canonical":"https:\/\/www.parrinst.com\/es\/products\/oxygen-bomb-calorimeters\/6200-isoperibol-calorimeter\/","og_locale":"en_US","og_type":"article","og_title":"Calor\u00edmetro Isoperib\u00f3lico 6200 - Parr Instrument (Espa\u00f1ol)","og_description":"El Modelo 6200 es un calor\u00edmetro de bomba de ox\u00edgeno Isoperib\u00f3lica controlado por un microprocesador que se usa ampliamente para pruebas de rutina y calor\u00edficas ocasionales. Usa una bomba de ox\u00edgeno estilo 1108 de Parr y una cubeta ovalada en el calor\u00edmetro compacto, produciendo resultados confiables con buena Repetitividad, pero difiere del Modelo 6400 en [&hellip;]","og_url":"https:\/\/www.parrinst.com\/es\/products\/oxygen-bomb-calorimeters\/6200-isoperibol-calorimeter\/","og_site_name":"Parr Instrument (Espa\u00f1ol)","article_modified_time":"2018-02-28T17:27:47+00:00","og_image":[{"width":2200,"height":399,"url":"https:\/\/www.parrinst.com\/es\/files\/2018\/01\/parr_banner_calorimeter_secondary-3.jpg","type":"image\/jpeg"}],"twitter_card":"summary_large_image","twitter_misc":{"Est. reading time":"5 minutes"},"schema":{"@context":"https:\/\/schema.org","@graph":[{"@type":"WebPage","@id":"https:\/\/www.parrinst.com\/es\/products\/oxygen-bomb-calorimeters\/6200-isoperibol-calorimeter\/","url":"https:\/\/www.parrinst.com\/es\/products\/oxygen-bomb-calorimeters\/6200-isoperibol-calorimeter\/","name":"Calor\u00edmetro Isoperib\u00f3lico 6200 - Parr Instrument (Espa\u00f1ol)","isPartOf":{"@id":"https:\/\/www.parrinst.com\/es\/#website"},"primaryImageOfPage":{"@id":"https:\/\/www.parrinst.com\/es\/products\/oxygen-bomb-calorimeters\/6200-isoperibol-calorimeter\/#primaryimage"},"image":{"@id":"https:\/\/www.parrinst.com\/es\/products\/oxygen-bomb-calorimeters\/6200-isoperibol-calorimeter\/#primaryimage"},"thumbnailUrl":"https:\/\/i0.wp.com\/www.parrinst.com\/es\/wp-content\/uploads\/sites\/7\/2018\/01\/parr_banner_calorimeter_secondary-3.jpg?fit=2200%2C399&ssl=1","datePublished":"2011-03-11T01:55:59+00:00","dateModified":"2018-02-28T17:27:47+00:00","breadcrumb":{"@id":"https:\/\/www.parrinst.com\/es\/products\/oxygen-bomb-calorimeters\/6200-isoperibol-calorimeter\/#breadcrumb"},"inLanguage":"en-US","potentialAction":[{"@type":"ReadAction","target":["https:\/\/www.parrinst.com\/es\/products\/oxygen-bomb-calorimeters\/6200-isoperibol-calorimeter\/"]}]},{"@type":"ImageObject","inLanguage":"en-US","@id":"https:\/\/www.parrinst.com\/es\/products\/oxygen-bomb-calorimeters\/6200-isoperibol-calorimeter\/#primaryimage","url":"https:\/\/i0.wp.com\/www.parrinst.com\/es\/wp-content\/uploads\/sites\/7\/2018\/01\/parr_banner_calorimeter_secondary-3.jpg?fit=2200%2C399&ssl=1","contentUrl":"https:\/\/i0.wp.com\/www.parrinst.com\/es\/wp-content\/uploads\/sites\/7\/2018\/01\/parr_banner_calorimeter_secondary-3.jpg?fit=2200%2C399&ssl=1","width":2200,"height":399},{"@type":"BreadcrumbList","@id":"https:\/\/www.parrinst.com\/es\/products\/oxygen-bomb-calorimeters\/6200-isoperibol-calorimeter\/#breadcrumb","itemListElement":[{"@type":"ListItem","position":1,"name":"Home","item":"https:\/\/www.parrinst.com\/es\/"},{"@type":"ListItem","position":2,"name":"Products","item":"https:\/\/www.parrinst.com\/es\/products\/"},{"@type":"ListItem","position":3,"name":"Calor\u00edmetros de Bomba de Ox\u00edgeno","item":"https:\/\/www.parrinst.com\/es\/products\/oxygen-bomb-calorimeters\/"},{"@type":"ListItem","position":4,"name":"Calor\u00edmetro Isoperib\u00f3lico 6200"}]},{"@type":"WebSite","@id":"https:\/\/www.parrinst.com\/es\/#website","url":"https:\/\/www.parrinst.com\/es\/","name":"Parr Instrument (Espa\u00f1ol)","description":"","potentialAction":[{"@type":"SearchAction","target":{"@type":"EntryPoint","urlTemplate":"https:\/\/www.parrinst.com\/es\/?s={search_term_string}"},"query-input":{"@type":"PropertyValueSpecification","valueRequired":true,"valueName":"search_term_string"}}],"inLanguage":"en-US"}]}},"jetpack_sharing_enabled":true,"_links":{"self":[{"href":"https:\/\/www.parrinst.com\/es\/wp-json\/wp\/v2\/pages\/258","targetHints":{"allow":["GET"]}}],"collection":[{"href":"https:\/\/www.parrinst.com\/es\/wp-json\/wp\/v2\/pages"}],"about":[{"href":"https:\/\/www.parrinst.com\/es\/wp-json\/wp\/v2\/types\/page"}],"author":[{"embeddable":true,"href":"https:\/\/www.parrinst.com\/es\/wp-json\/wp\/v2\/users\/1"}],"replies":[{"embeddable":true,"href":"https:\/\/www.parrinst.com\/es\/wp-json\/wp\/v2\/comments?post=258"}],"version-history":[{"count":2,"href":"https:\/\/www.parrinst.com\/es\/wp-json\/wp\/v2\/pages\/258\/revisions"}],"predecessor-version":[{"id":38075,"href":"https:\/\/www.parrinst.com\/es\/wp-json\/wp\/v2\/pages\/258\/revisions\/38075"}],"up":[{"embeddable":true,"href":"https:\/\/www.parrinst.com\/es\/wp-json\/wp\/v2\/pages\/83"}],"wp:featuredmedia":[{"embeddable":true,"href":"https:\/\/www.parrinst.com\/es\/wp-json\/wp\/v2\/media\/37726"}],"wp:attachment":[{"href":"https:\/\/www.parrinst.com\/es\/wp-json\/wp\/v2\/media?parent=258"}],"curies":[{"name":"wp","href":"https:\/\/api.w.org\/{rel}","templated":true}]}}