{"id":262,"date":"2011-03-10T19:56:45","date_gmt":"2011-03-11T01:56:45","guid":{"rendered":"https:\/\/www.parrinst.com\/?page_id=262"},"modified":"2018-02-02T10:45:12","modified_gmt":"2018-02-02T16:45:12","slug":"1341-plain-jacket-bomb-calorimeter","status":"publish","type":"page","link":"https:\/\/www.parrinst.com\/es\/products\/oxygen-bomb-calorimeters\/1341-plain-jacket-bomb-calorimeter\/","title":{"rendered":"Calor\u00edmetro de Bomba de Chaqueta Sencilla 1341"},"content":{"rendered":"<p><a href=\"https:\/\/i0.wp.com\/www.parrinst.com\/es\/wp-content\/uploads\/sites\/7\/2011\/03\/13416775-1.jpg?ssl=1\"><img data-recalc-dims=\"1\" loading=\"lazy\" decoding=\"async\" class=\"alignright wp-image-3011 size-medium\" src=\"https:\/\/i0.wp.com\/www.parrinst.com\/es\/wp-content\/uploads\/sites\/7\/2011\/03\/13416775-1.jpg?resize=300%2C289&#038;ssl=1\" alt=\"Calor\u00edmetro de Bomba de Chaqueta Sencilla 1341\" width=\"300\" height=\"289\" srcset=\"https:\/\/i0.wp.com\/www.parrinst.com\/es\/wp-content\/uploads\/sites\/7\/2011\/03\/13416775-1.jpg?resize=300%2C289&amp;ssl=1 300w, https:\/\/i0.wp.com\/www.parrinst.com\/es\/wp-content\/uploads\/sites\/7\/2011\/03\/13416775-1.jpg?resize=156%2C150&amp;ssl=1 156w, https:\/\/i0.wp.com\/www.parrinst.com\/es\/wp-content\/uploads\/sites\/7\/2011\/03\/13416775-1.jpg?w=600&amp;ssl=1 600w\" sizes=\"auto, (max-width: 300px) 100vw, 300px\" \/><\/a><\/p>\n<h3>Un Calor\u00edmetro de Bomba de Ox\u00edgeno Confiable en una Chaqueta Sencilla con Aislamiento para Pruebas Calor\u00edficas Ocasionales<\/h3>\n<p><strong>El Calor\u00edmetro 1341<\/strong> es una versi\u00f3n mejorada del calor\u00edmetro de bomba de ox\u00edgeno con chaqueta est\u00e1tica sencilla que ha sido fabricado por Parr durante m\u00e1s de ochenta a\u00f1os. Es un calor\u00edmetro confiable que se puede usar para la misma amplia gama de muestras combustibles s\u00f3lidos y l\u00edquidos que la Serie 6000. Por su costo moderado y su dise\u00f1o sencillo lo recomendamos para los usuarios cuya carga de trabajo no justifica la compra de un Modelo autom\u00e1tico. El calor\u00edmetro no requiere conexiones permanentes. Se puede configurar y estar listo para funcionar en unos minutos y, cuando no est\u00e1 en uso, se puede desmontar f\u00e1cilmente y almacenar en un estante.<\/p>\n<h4>Muchas Aplicaciones<\/h4>\n<p>El valor calor\u00edfico de cualquier material s\u00f3lido o l\u00edquido que puede ser quemado de forma segura en una bomba de ox\u00edgeno se puede determinar en el calor\u00edmetro 1341. Tambi\u00e9n es un excelente instrumento para la ense\u00f1anza de t\u00e9cnicas de medici\u00f3n de calor en un laboratorio estudiantil, ya que proporciona toda la instrumentaci\u00f3n necesaria para dichas pruebas, pero con cada elemento en el sistema reducido a las formas fundamentales. Aunque com\u00fanmente se llama un calor\u00edmetro &#8216;sencillo&#8217; por su dise\u00f1o simple, t\u00e9cnicamente se trata de un instrumento con chaqueta est\u00e1tica que funciona a temperatura ambiente sin control de la temperatura de la chaqueta. La compensaci\u00f3n por cualquier p\u00e9rdida de calor (o ganancia) durante una prueba se hace aplicando una correcci\u00f3n calculada a partir de las mediciones de las fugas de calor tomadas antes y despu\u00e9s de cada prueba. Como regla general, se pueden hacer unas 10 o 12 pruebas en una jornada de 8 horas, mientras que en el mismo per\u00edodo de tiempo se pueden realizar hasta 55 pruebas en un Modelo autom\u00e1tico de Parr.<\/p>\n<h4>Buena Repetitividad<\/h4>\n<p>Una buena Repetitividad se puede obtener con el Calor\u00edmetro 1341 siempre que el aumento de temperatura y las correcciones de fugas de calor se midan y se apliquen con cuidado. Si se usa el term\u00f3metro digital 6775 suministrado con el instrumento, las desviaciones est\u00e1ndar de una serie de pruebas con una muestra uniforme como \u00e1cido benzoico no debe exceder 0.3%. Esta Repetitividad puede reducirse a 0.2% usando el term\u00f3metro calorim\u00e9trico 6772 Parr.<\/p>\n<h4>Calidad de Fabricaci\u00f3n<\/h4>\n<p>Estamos comprometidos con la calidad en la selecci\u00f3n de componentes del Calor\u00edmetro 1341 de precio moderado. Est\u00e1 equipado con la misma bomba de ox\u00edgeno 1108 que los calor\u00edmetros Parr han tenido durante d\u00e9cadas. Est\u00e1 disponible la bomba 1108CL con resistencia superior al cloro y \u00e1cidos de hal\u00f3genos para pruebas con materiales de desecho y disolventes clorados. La chaqueta moldeada de doble pared proporciona un sistema aislante sencillo pero eficaz que restringe el flujo de calor entre el calor\u00edmetro y sus alrededores. Las lecturas de temperatura se toman con un term\u00f3metro digital de 6775 que tiene un rango de trabajo de 10 a 40 \u00b0C y una resoluci\u00f3n de 0.0001 \u00b0C.<\/p>\n","protected":false},"excerpt":{"rendered":"<p>Un Calor\u00edmetro de Bomba de Ox\u00edgeno Confiable en una Chaqueta Sencilla con Aislamiento para Pruebas Calor\u00edficas Ocasionales El Calor\u00edmetro 1341 es una versi\u00f3n mejorada del calor\u00edmetro de bomba de ox\u00edgeno con chaqueta est\u00e1tica sencilla que ha sido fabricado por Parr durante m\u00e1s de ochenta a\u00f1os. Es un calor\u00edmetro confiable que se puede usar para la [&hellip;]<\/p>\n","protected":false},"author":1,"featured_media":37726,"parent":83,"menu_order":5,"comment_status":"closed","ping_status":"closed","template":"product-wide.php","meta":{"_acf_changed":false,"footnotes":"","_links_to":"","_links_to_target":""},"class_list":["post-262","page","type-page","status-publish","has-post-thumbnail","hentry"],"acf":[],"yoast_head":"<!-- This site is optimized with the Yoast SEO plugin v27.5 - https:\/\/yoast.com\/product\/yoast-seo-wordpress\/ -->\n<title>Calor\u00edmetro de Bomba de Chaqueta Sencilla 1341 - Parr Instrument (Espa\u00f1ol)<\/title>\n<meta name=\"robots\" content=\"index, follow, max-snippet:-1, max-image-preview:large, max-video-preview:-1\" \/>\n<link rel=\"canonical\" href=\"https:\/\/www.parrinst.com\/es\/products\/oxygen-bomb-calorimeters\/1341-plain-jacket-bomb-calorimeter\/\" \/>\n<meta property=\"og:locale\" content=\"en_US\" \/>\n<meta property=\"og:type\" content=\"article\" \/>\n<meta property=\"og:title\" content=\"Calor\u00edmetro de Bomba de Chaqueta Sencilla 1341 - Parr Instrument (Espa\u00f1ol)\" \/>\n<meta property=\"og:description\" content=\"Un Calor\u00edmetro de Bomba de Ox\u00edgeno Confiable en una Chaqueta Sencilla con Aislamiento para Pruebas Calor\u00edficas Ocasionales El Calor\u00edmetro 1341 es una versi\u00f3n mejorada del calor\u00edmetro de bomba de ox\u00edgeno con chaqueta est\u00e1tica sencilla que ha sido fabricado por Parr durante m\u00e1s de ochenta a\u00f1os. Es un calor\u00edmetro confiable que se puede usar para la [&hellip;]\" \/>\n<meta property=\"og:url\" content=\"https:\/\/www.parrinst.com\/es\/products\/oxygen-bomb-calorimeters\/1341-plain-jacket-bomb-calorimeter\/\" \/>\n<meta property=\"og:site_name\" content=\"Parr Instrument (Espa\u00f1ol)\" \/>\n<meta property=\"article:modified_time\" content=\"2018-02-02T16:45:12+00:00\" \/>\n<meta property=\"og:image\" content=\"https:\/\/www.parrinst.com\/es\/files\/2018\/01\/parr_banner_calorimeter_secondary-3.jpg\" \/>\n\t<meta property=\"og:image:width\" content=\"2200\" \/>\n\t<meta property=\"og:image:height\" content=\"399\" \/>\n\t<meta property=\"og:image:type\" content=\"image\/jpeg\" \/>\n<meta name=\"twitter:card\" content=\"summary_large_image\" \/>\n<meta name=\"twitter:label1\" content=\"Est. reading time\" \/>\n\t<meta name=\"twitter:data1\" content=\"3 minutes\" \/>\n<script type=\"application\/ld+json\" class=\"yoast-schema-graph\">{\"@context\":\"https:\\\/\\\/schema.org\",\"@graph\":[{\"@type\":\"WebPage\",\"@id\":\"https:\\\/\\\/www.parrinst.com\\\/es\\\/products\\\/oxygen-bomb-calorimeters\\\/1341-plain-jacket-bomb-calorimeter\\\/\",\"url\":\"https:\\\/\\\/www.parrinst.com\\\/es\\\/products\\\/oxygen-bomb-calorimeters\\\/1341-plain-jacket-bomb-calorimeter\\\/\",\"name\":\"Calor\u00edmetro de Bomba de Chaqueta Sencilla 1341 - Parr Instrument (Espa\u00f1ol)\",\"isPartOf\":{\"@id\":\"https:\\\/\\\/www.parrinst.com\\\/es\\\/#website\"},\"primaryImageOfPage\":{\"@id\":\"https:\\\/\\\/www.parrinst.com\\\/es\\\/products\\\/oxygen-bomb-calorimeters\\\/1341-plain-jacket-bomb-calorimeter\\\/#primaryimage\"},\"image\":{\"@id\":\"https:\\\/\\\/www.parrinst.com\\\/es\\\/products\\\/oxygen-bomb-calorimeters\\\/1341-plain-jacket-bomb-calorimeter\\\/#primaryimage\"},\"thumbnailUrl\":\"https:\\\/\\\/i0.wp.com\\\/www.parrinst.com\\\/es\\\/wp-content\\\/uploads\\\/sites\\\/7\\\/2018\\\/01\\\/parr_banner_calorimeter_secondary-3.jpg?fit=2200%2C399&ssl=1\",\"datePublished\":\"2011-03-11T01:56:45+00:00\",\"dateModified\":\"2018-02-02T16:45:12+00:00\",\"breadcrumb\":{\"@id\":\"https:\\\/\\\/www.parrinst.com\\\/es\\\/products\\\/oxygen-bomb-calorimeters\\\/1341-plain-jacket-bomb-calorimeter\\\/#breadcrumb\"},\"inLanguage\":\"en-US\",\"potentialAction\":[{\"@type\":\"ReadAction\",\"target\":[\"https:\\\/\\\/www.parrinst.com\\\/es\\\/products\\\/oxygen-bomb-calorimeters\\\/1341-plain-jacket-bomb-calorimeter\\\/\"]}]},{\"@type\":\"ImageObject\",\"inLanguage\":\"en-US\",\"@id\":\"https:\\\/\\\/www.parrinst.com\\\/es\\\/products\\\/oxygen-bomb-calorimeters\\\/1341-plain-jacket-bomb-calorimeter\\\/#primaryimage\",\"url\":\"https:\\\/\\\/i0.wp.com\\\/www.parrinst.com\\\/es\\\/wp-content\\\/uploads\\\/sites\\\/7\\\/2018\\\/01\\\/parr_banner_calorimeter_secondary-3.jpg?fit=2200%2C399&ssl=1\",\"contentUrl\":\"https:\\\/\\\/i0.wp.com\\\/www.parrinst.com\\\/es\\\/wp-content\\\/uploads\\\/sites\\\/7\\\/2018\\\/01\\\/parr_banner_calorimeter_secondary-3.jpg?fit=2200%2C399&ssl=1\",\"width\":2200,\"height\":399},{\"@type\":\"BreadcrumbList\",\"@id\":\"https:\\\/\\\/www.parrinst.com\\\/es\\\/products\\\/oxygen-bomb-calorimeters\\\/1341-plain-jacket-bomb-calorimeter\\\/#breadcrumb\",\"itemListElement\":[{\"@type\":\"ListItem\",\"position\":1,\"name\":\"Home\",\"item\":\"https:\\\/\\\/www.parrinst.com\\\/es\\\/\"},{\"@type\":\"ListItem\",\"position\":2,\"name\":\"Products\",\"item\":\"https:\\\/\\\/www.parrinst.com\\\/es\\\/products\\\/\"},{\"@type\":\"ListItem\",\"position\":3,\"name\":\"Calor\u00edmetros de Bomba de Ox\u00edgeno\",\"item\":\"https:\\\/\\\/www.parrinst.com\\\/es\\\/products\\\/oxygen-bomb-calorimeters\\\/\"},{\"@type\":\"ListItem\",\"position\":4,\"name\":\"Calor\u00edmetro de Bomba de Chaqueta Sencilla 1341\"}]},{\"@type\":\"WebSite\",\"@id\":\"https:\\\/\\\/www.parrinst.com\\\/es\\\/#website\",\"url\":\"https:\\\/\\\/www.parrinst.com\\\/es\\\/\",\"name\":\"Parr Instrument (Espa\u00f1ol)\",\"description\":\"\",\"potentialAction\":[{\"@type\":\"SearchAction\",\"target\":{\"@type\":\"EntryPoint\",\"urlTemplate\":\"https:\\\/\\\/www.parrinst.com\\\/es\\\/?s={search_term_string}\"},\"query-input\":{\"@type\":\"PropertyValueSpecification\",\"valueRequired\":true,\"valueName\":\"search_term_string\"}}],\"inLanguage\":\"en-US\"}]}<\/script>\n<!-- \/ Yoast SEO plugin. -->","yoast_head_json":{"title":"Calor\u00edmetro de Bomba de Chaqueta Sencilla 1341 - Parr Instrument (Espa\u00f1ol)","robots":{"index":"index","follow":"follow","max-snippet":"max-snippet:-1","max-image-preview":"max-image-preview:large","max-video-preview":"max-video-preview:-1"},"canonical":"https:\/\/www.parrinst.com\/es\/products\/oxygen-bomb-calorimeters\/1341-plain-jacket-bomb-calorimeter\/","og_locale":"en_US","og_type":"article","og_title":"Calor\u00edmetro de Bomba de Chaqueta Sencilla 1341 - Parr Instrument (Espa\u00f1ol)","og_description":"Un Calor\u00edmetro de Bomba de Ox\u00edgeno Confiable en una Chaqueta Sencilla con Aislamiento para Pruebas Calor\u00edficas Ocasionales El Calor\u00edmetro 1341 es una versi\u00f3n mejorada del calor\u00edmetro de bomba de ox\u00edgeno con chaqueta est\u00e1tica sencilla que ha sido fabricado por Parr durante m\u00e1s de ochenta a\u00f1os. Es un calor\u00edmetro confiable que se puede usar para la [&hellip;]","og_url":"https:\/\/www.parrinst.com\/es\/products\/oxygen-bomb-calorimeters\/1341-plain-jacket-bomb-calorimeter\/","og_site_name":"Parr Instrument (Espa\u00f1ol)","article_modified_time":"2018-02-02T16:45:12+00:00","og_image":[{"width":2200,"height":399,"url":"https:\/\/www.parrinst.com\/es\/files\/2018\/01\/parr_banner_calorimeter_secondary-3.jpg","type":"image\/jpeg"}],"twitter_card":"summary_large_image","twitter_misc":{"Est. reading time":"3 minutes"},"schema":{"@context":"https:\/\/schema.org","@graph":[{"@type":"WebPage","@id":"https:\/\/www.parrinst.com\/es\/products\/oxygen-bomb-calorimeters\/1341-plain-jacket-bomb-calorimeter\/","url":"https:\/\/www.parrinst.com\/es\/products\/oxygen-bomb-calorimeters\/1341-plain-jacket-bomb-calorimeter\/","name":"Calor\u00edmetro de Bomba de Chaqueta Sencilla 1341 - Parr Instrument (Espa\u00f1ol)","isPartOf":{"@id":"https:\/\/www.parrinst.com\/es\/#website"},"primaryImageOfPage":{"@id":"https:\/\/www.parrinst.com\/es\/products\/oxygen-bomb-calorimeters\/1341-plain-jacket-bomb-calorimeter\/#primaryimage"},"image":{"@id":"https:\/\/www.parrinst.com\/es\/products\/oxygen-bomb-calorimeters\/1341-plain-jacket-bomb-calorimeter\/#primaryimage"},"thumbnailUrl":"https:\/\/i0.wp.com\/www.parrinst.com\/es\/wp-content\/uploads\/sites\/7\/2018\/01\/parr_banner_calorimeter_secondary-3.jpg?fit=2200%2C399&ssl=1","datePublished":"2011-03-11T01:56:45+00:00","dateModified":"2018-02-02T16:45:12+00:00","breadcrumb":{"@id":"https:\/\/www.parrinst.com\/es\/products\/oxygen-bomb-calorimeters\/1341-plain-jacket-bomb-calorimeter\/#breadcrumb"},"inLanguage":"en-US","potentialAction":[{"@type":"ReadAction","target":["https:\/\/www.parrinst.com\/es\/products\/oxygen-bomb-calorimeters\/1341-plain-jacket-bomb-calorimeter\/"]}]},{"@type":"ImageObject","inLanguage":"en-US","@id":"https:\/\/www.parrinst.com\/es\/products\/oxygen-bomb-calorimeters\/1341-plain-jacket-bomb-calorimeter\/#primaryimage","url":"https:\/\/i0.wp.com\/www.parrinst.com\/es\/wp-content\/uploads\/sites\/7\/2018\/01\/parr_banner_calorimeter_secondary-3.jpg?fit=2200%2C399&ssl=1","contentUrl":"https:\/\/i0.wp.com\/www.parrinst.com\/es\/wp-content\/uploads\/sites\/7\/2018\/01\/parr_banner_calorimeter_secondary-3.jpg?fit=2200%2C399&ssl=1","width":2200,"height":399},{"@type":"BreadcrumbList","@id":"https:\/\/www.parrinst.com\/es\/products\/oxygen-bomb-calorimeters\/1341-plain-jacket-bomb-calorimeter\/#breadcrumb","itemListElement":[{"@type":"ListItem","position":1,"name":"Home","item":"https:\/\/www.parrinst.com\/es\/"},{"@type":"ListItem","position":2,"name":"Products","item":"https:\/\/www.parrinst.com\/es\/products\/"},{"@type":"ListItem","position":3,"name":"Calor\u00edmetros de Bomba de Ox\u00edgeno","item":"https:\/\/www.parrinst.com\/es\/products\/oxygen-bomb-calorimeters\/"},{"@type":"ListItem","position":4,"name":"Calor\u00edmetro de Bomba de Chaqueta Sencilla 1341"}]},{"@type":"WebSite","@id":"https:\/\/www.parrinst.com\/es\/#website","url":"https:\/\/www.parrinst.com\/es\/","name":"Parr Instrument (Espa\u00f1ol)","description":"","potentialAction":[{"@type":"SearchAction","target":{"@type":"EntryPoint","urlTemplate":"https:\/\/www.parrinst.com\/es\/?s={search_term_string}"},"query-input":{"@type":"PropertyValueSpecification","valueRequired":true,"valueName":"search_term_string"}}],"inLanguage":"en-US"}]}},"jetpack_sharing_enabled":true,"_links":{"self":[{"href":"https:\/\/www.parrinst.com\/es\/wp-json\/wp\/v2\/pages\/262","targetHints":{"allow":["GET"]}}],"collection":[{"href":"https:\/\/www.parrinst.com\/es\/wp-json\/wp\/v2\/pages"}],"about":[{"href":"https:\/\/www.parrinst.com\/es\/wp-json\/wp\/v2\/types\/page"}],"author":[{"embeddable":true,"href":"https:\/\/www.parrinst.com\/es\/wp-json\/wp\/v2\/users\/1"}],"replies":[{"embeddable":true,"href":"https:\/\/www.parrinst.com\/es\/wp-json\/wp\/v2\/comments?post=262"}],"version-history":[{"count":2,"href":"https:\/\/www.parrinst.com\/es\/wp-json\/wp\/v2\/pages\/262\/revisions"}],"predecessor-version":[{"id":37887,"href":"https:\/\/www.parrinst.com\/es\/wp-json\/wp\/v2\/pages\/262\/revisions\/37887"}],"up":[{"embeddable":true,"href":"https:\/\/www.parrinst.com\/es\/wp-json\/wp\/v2\/pages\/83"}],"wp:featuredmedia":[{"embeddable":true,"href":"https:\/\/www.parrinst.com\/es\/wp-json\/wp\/v2\/media\/37726"}],"wp:attachment":[{"href":"https:\/\/www.parrinst.com\/es\/wp-json\/wp\/v2\/media?parent=262"}],"curies":[{"name":"wp","href":"https:\/\/api.w.org\/{rel}","templated":true}]}}