{"id":264,"date":"2011-03-10T19:57:15","date_gmt":"2011-03-11T01:57:15","guid":{"rendered":"https:\/\/www.parrinst.com\/?page_id=264"},"modified":"2019-05-17T16:11:46","modified_gmt":"2019-05-17T21:11:46","slug":"6725-semimicro-calorimeter","status":"publish","type":"page","link":"https:\/\/www.parrinst.com\/es\/products\/oxygen-bomb-calorimeters\/6725-semimicro-calorimeter\/","title":{"rendered":"Calor\u00edmetro semimicro 6725"},"content":{"rendered":"\n\t\t\t<div id='264-1' class='gallery gallery-264 gallery-columns-3 gallery-size-medium' itemscope itemtype='http:\/\/schema.org\/ImageGallery'>\n\t\t\t\t<div class='gallery-row gallery-col-3 gallery-clear'>\n\t\t\t\t\t<figure class='gallery-item col-3' itemprop='associatedMedia' itemscope itemtype='http:\/\/schema.org\/ImageObject'>\n\t\t\t\t\t\t<div class='gallery-icon portrait'><a href=\"https:\/\/i0.wp.com\/www.parrinst.com\/es\/wp-content\/uploads\/sites\/7\/2011\/06\/6725-Semimicro-Calorimeter.jpg?ssl=1\" itemprop=\"contentURL\"><img loading=\"lazy\" decoding=\"async\" width=\"214\" height=\"300\" src=\"https:\/\/i0.wp.com\/www.parrinst.com\/es\/wp-content\/uploads\/sites\/7\/2011\/06\/6725-Semimicro-Calorimeter.jpg?fit=214%2C300&amp;ssl=1\" class=\"attachment-medium size-medium\" alt=\"6725 Semimicro Calorimeter\" srcset=\"https:\/\/i0.wp.com\/www.parrinst.com\/es\/wp-content\/uploads\/sites\/7\/2011\/06\/6725-Semimicro-Calorimeter.jpg?w=600&amp;ssl=1 600w, https:\/\/i0.wp.com\/www.parrinst.com\/es\/wp-content\/uploads\/sites\/7\/2011\/06\/6725-Semimicro-Calorimeter.jpg?resize=107%2C150&amp;ssl=1 107w, https:\/\/i0.wp.com\/www.parrinst.com\/es\/wp-content\/uploads\/sites\/7\/2011\/06\/6725-Semimicro-Calorimeter.jpg?resize=214%2C300&amp;ssl=1 214w\" sizes=\"auto, (max-width: 214px) 100vw, 214px\" itemprop=\"thumbnail\" \/><\/a><\/div>\n\t\t\t\t\t<\/figure>\n\t\t\t\t\t<figure class='gallery-item col-3' itemprop='associatedMedia' itemscope itemtype='http:\/\/schema.org\/ImageObject'>\n\t\t\t\t\t\t<div class='gallery-icon landscape'><a href=\"https:\/\/i0.wp.com\/www.parrinst.com\/es\/wp-content\/uploads\/sites\/7\/2011\/06\/6725-conversion.jpg?ssl=1\" itemprop=\"contentURL\"><img loading=\"lazy\" decoding=\"async\" width=\"300\" height=\"300\" src=\"https:\/\/i0.wp.com\/www.parrinst.com\/es\/wp-content\/uploads\/sites\/7\/2011\/06\/6725-conversion.jpg?fit=300%2C300&amp;ssl=1\" class=\"attachment-medium size-medium\" alt=\"\" srcset=\"https:\/\/i0.wp.com\/www.parrinst.com\/es\/wp-content\/uploads\/sites\/7\/2011\/06\/6725-conversion.jpg?w=600&amp;ssl=1 600w, https:\/\/i0.wp.com\/www.parrinst.com\/es\/wp-content\/uploads\/sites\/7\/2011\/06\/6725-conversion.jpg?resize=150%2C150&amp;ssl=1 150w, https:\/\/i0.wp.com\/www.parrinst.com\/es\/wp-content\/uploads\/sites\/7\/2011\/06\/6725-conversion.jpg?resize=300%2C300&amp;ssl=1 300w\" sizes=\"auto, (max-width: 300px) 100vw, 300px\" itemprop=\"thumbnail\" \/><\/a><\/div>\n\t\t\t\t\t<\/figure>\n\t\t\t\t\t<figure class='gallery-item col-3' itemprop='associatedMedia' itemscope itemtype='http:\/\/schema.org\/ImageObject'>\n\t\t\t\t\t\t<div class='gallery-icon portrait'><a href=\"https:\/\/i0.wp.com\/www.parrinst.com\/es\/wp-content\/uploads\/sites\/7\/2011\/06\/6725_cross-section.jpg?ssl=1\" itemprop=\"contentURL\"><img loading=\"lazy\" decoding=\"async\" width=\"269\" height=\"300\" src=\"https:\/\/i0.wp.com\/www.parrinst.com\/es\/wp-content\/uploads\/sites\/7\/2011\/06\/6725_cross-section.jpg?fit=269%2C300&amp;ssl=1\" class=\"attachment-medium size-medium\" alt=\"\" srcset=\"https:\/\/i0.wp.com\/www.parrinst.com\/es\/wp-content\/uploads\/sites\/7\/2011\/06\/6725_cross-section.jpg?w=600&amp;ssl=1 600w, https:\/\/i0.wp.com\/www.parrinst.com\/es\/wp-content\/uploads\/sites\/7\/2011\/06\/6725_cross-section.jpg?resize=269%2C300&amp;ssl=1 269w\" sizes=\"auto, (max-width: 269px) 100vw, 269px\" itemprop=\"thumbnail\" \/><\/a><\/div>\n\t\t\t\t\t<\/figure>\n\t\t\t\t<\/div>\n\t\t\t\t<div class='gallery-row gallery-col-3 gallery-clear'>\n\t\t\t\t\t<figure class='gallery-item col-3' itemprop='associatedMedia' itemscope itemtype='http:\/\/schema.org\/ImageObject'>\n\t\t\t\t\t\t<div class='gallery-icon portrait'><a href=\"https:\/\/i0.wp.com\/www.parrinst.com\/es\/wp-content\/uploads\/sites\/7\/2011\/06\/1109-complete.jpg?ssl=1\" itemprop=\"contentURL\"><img loading=\"lazy\" decoding=\"async\" width=\"215\" height=\"300\" src=\"https:\/\/i0.wp.com\/www.parrinst.com\/es\/wp-content\/uploads\/sites\/7\/2011\/06\/1109-complete.jpg?fit=215%2C300&amp;ssl=1\" class=\"attachment-medium size-medium\" alt=\"1109A Semi-micro Oxygen Combustion Bomb\" srcset=\"https:\/\/i0.wp.com\/www.parrinst.com\/es\/wp-content\/uploads\/sites\/7\/2011\/06\/1109-complete.jpg?w=600&amp;ssl=1 600w, https:\/\/i0.wp.com\/www.parrinst.com\/es\/wp-content\/uploads\/sites\/7\/2011\/06\/1109-complete.jpg?resize=107%2C150&amp;ssl=1 107w, https:\/\/i0.wp.com\/www.parrinst.com\/es\/wp-content\/uploads\/sites\/7\/2011\/06\/1109-complete.jpg?resize=215%2C300&amp;ssl=1 215w\" sizes=\"auto, (max-width: 215px) 100vw, 215px\" itemprop=\"thumbnail\" \/><\/a><\/div>\n\t\t\t\t\t<\/figure>\n\t\t\t<\/div>\n\t\t\t<\/div><!-- .gallery -->\n\n<h3>Una Calor\u00edmetro de Bomba Compacta para Medir el Valor Calor\u00edfico de Peque\u00f1as Muestras de Combusti\u00f3n<\/h3>\n<p>El Calor\u00edmetro Semimicro 6725 es un calor\u00edmetro de combusti\u00f3n compacto de f\u00e1cil manejo, con chaqueta est\u00e1tica, dise\u00f1ado espec\u00edficamente para medir el calor de combusti\u00f3n de peque\u00f1as muestras cuando s\u00f3lo est\u00e1n disponibles peque\u00f1as cantidades limitadas de material de prueba.La necesidad de una operaci\u00f3n semimicro se plantea con frecuencia en biolog\u00eda marina y en otros estudios ecol\u00f3gicos en los que los tama\u00f1os de muestra son limitados, tambi\u00e9n para probar polvos de calor y mezclas pirot\u00e9cnicas.<\/p>\n<h4>Una Bomba de Ox\u00edgeno de 22 ml<\/h4>\n<p>La Bomba de Ox\u00edgeno 1109A de 22 ml, utilizada en el calor\u00edmetro semimicro maneja muestras que van de 25 a 200 miligramos, liberando hasta 1200 calor\u00edas cuando se quema en ox\u00edgeno.<\/p>\n<h4>Una Chaqueta T\u00e9rmica Efectiva<\/h4>\n<p>Un Eficaz aislamiento t\u00e9rmico est\u00e1tico se proporciona mediante el uso de un Termo de vidrio plateado como recipiente del calor\u00edmetro. Este envase al vac\u00edo mantiene la bomba 1109A en 450 gramos de agua. Est\u00e1 soportado en una lata de aire de acero inoxidable de la cual se puede retirar f\u00e1cilmente para su Llenado o limpieza.<\/p>\n<h4>Instrumental Completo Serie 6000<\/h4>\n<p>El calor\u00edmetro semimicro 6725 utiliza el controlador\/term\u00f3metro del calor\u00edmetro de precisi\u00f3n 6772, el cual proporciona la medici\u00f3n de temperatura, automatizaci\u00f3n y capacidades de manejo de datos de los calor\u00edmetros m\u00e1s grandes serie 6000 descritos en el bolet\u00edn de 6000MB.<\/p>\n<p><a href=\"https:\/\/i0.wp.com\/www.parrinst.com\/es\/wp-content\/uploads\/sites\/7\/2011\/11\/1109-complete.jpg?ssl=1\"><img data-recalc-dims=\"1\" loading=\"lazy\" decoding=\"async\" class=\"alignleft wp-image-8713 size-thumbnail\" src=\"https:\/\/i0.wp.com\/www.parrinst.com\/es\/wp-content\/uploads\/sites\/7\/2011\/11\/1109-complete.jpg?resize=107%2C150&#038;ssl=1\" alt=\"1109A Oxygen Combustion Bomb\" width=\"107\" height=\"150\" srcset=\"https:\/\/i0.wp.com\/www.parrinst.com\/es\/wp-content\/uploads\/sites\/7\/2011\/11\/1109-complete.jpg?resize=107%2C150&amp;ssl=1 107w, https:\/\/i0.wp.com\/www.parrinst.com\/es\/wp-content\/uploads\/sites\/7\/2011\/11\/1109-complete.jpg?resize=215%2C300&amp;ssl=1 215w, https:\/\/i0.wp.com\/www.parrinst.com\/es\/wp-content\/uploads\/sites\/7\/2011\/11\/1109-complete.jpg?w=600&amp;ssl=1 600w\" sizes=\"auto, (max-width: 107px) 100vw, 107px\" \/><\/a><\/p>\n<h4>Bomba de Ox\u00edgeno 1109A Semimicro<\/h4>\n<p>Esta es una bomba de 22 ml dise\u00f1ada para usarse en el calor\u00edmetro semimicro 6725 y calor\u00edmetros anteriores de la serie 1425. Est\u00e1 dise\u00f1ado para muestras que van de 25 a 200 miligramos, hasta 1200 calor\u00edas. Tambi\u00e9n se utiliza para polvos de calor que son auto oxidantes y liberan menos de 2400 calor\u00edas por carga.<\/p>\n<p>&nbsp;<\/p>\n<p>&nbsp;<\/p>\n","protected":false},"excerpt":{"rendered":"<p>Una Calor\u00edmetro de Bomba Compacta para Medir el Valor Calor\u00edfico de Peque\u00f1as Muestras de Combusti\u00f3n El Calor\u00edmetro Semimicro 6725 es un calor\u00edmetro de combusti\u00f3n compacto de f\u00e1cil manejo, con chaqueta est\u00e1tica, dise\u00f1ado espec\u00edficamente para medir el calor de combusti\u00f3n de peque\u00f1as muestras cuando s\u00f3lo est\u00e1n disponibles peque\u00f1as cantidades limitadas de material de prueba.La necesidad de [&hellip;]<\/p>\n","protected":false},"author":1,"featured_media":37726,"parent":83,"menu_order":6,"comment_status":"closed","ping_status":"closed","template":"product-wide.php","meta":{"_acf_changed":false,"footnotes":"","_links_to":"","_links_to_target":""},"class_list":["post-264","page","type-page","status-publish","has-post-thumbnail","hentry"],"acf":[],"yoast_head":"<!-- This site is optimized with the Yoast SEO plugin v27.5 - https:\/\/yoast.com\/product\/yoast-seo-wordpress\/ -->\n<title>Calor\u00edmetro semimicro 6725 - Parr Instrument (Espa\u00f1ol)<\/title>\n<meta name=\"robots\" content=\"index, follow, max-snippet:-1, max-image-preview:large, max-video-preview:-1\" \/>\n<link rel=\"canonical\" href=\"https:\/\/www.parrinst.com\/es\/products\/oxygen-bomb-calorimeters\/6725-semimicro-calorimeter\/\" \/>\n<meta property=\"og:locale\" content=\"en_US\" \/>\n<meta property=\"og:type\" content=\"article\" \/>\n<meta property=\"og:title\" content=\"Calor\u00edmetro semimicro 6725 - Parr Instrument (Espa\u00f1ol)\" \/>\n<meta property=\"og:description\" content=\"Una Calor\u00edmetro de Bomba Compacta para Medir el Valor Calor\u00edfico de Peque\u00f1as Muestras de Combusti\u00f3n El Calor\u00edmetro Semimicro 6725 es un calor\u00edmetro de combusti\u00f3n compacto de f\u00e1cil manejo, con chaqueta est\u00e1tica, dise\u00f1ado espec\u00edficamente para medir el calor de combusti\u00f3n de peque\u00f1as muestras cuando s\u00f3lo est\u00e1n disponibles peque\u00f1as cantidades limitadas de material de prueba.La necesidad de [&hellip;]\" \/>\n<meta property=\"og:url\" content=\"https:\/\/www.parrinst.com\/es\/products\/oxygen-bomb-calorimeters\/6725-semimicro-calorimeter\/\" \/>\n<meta property=\"og:site_name\" content=\"Parr Instrument (Espa\u00f1ol)\" \/>\n<meta property=\"article:modified_time\" content=\"2019-05-17T21:11:46+00:00\" \/>\n<meta property=\"og:image\" content=\"https:\/\/www.parrinst.com\/es\/files\/2018\/01\/parr_banner_calorimeter_secondary-3.jpg\" \/>\n\t<meta property=\"og:image:width\" content=\"2200\" \/>\n\t<meta property=\"og:image:height\" content=\"399\" \/>\n\t<meta property=\"og:image:type\" content=\"image\/jpeg\" \/>\n<meta name=\"twitter:card\" content=\"summary_large_image\" \/>\n<meta name=\"twitter:label1\" content=\"Est. reading time\" \/>\n\t<meta name=\"twitter:data1\" content=\"2 minutes\" \/>\n<script type=\"application\/ld+json\" class=\"yoast-schema-graph\">{\"@context\":\"https:\\\/\\\/schema.org\",\"@graph\":[{\"@type\":\"WebPage\",\"@id\":\"https:\\\/\\\/www.parrinst.com\\\/es\\\/products\\\/oxygen-bomb-calorimeters\\\/6725-semimicro-calorimeter\\\/\",\"url\":\"https:\\\/\\\/www.parrinst.com\\\/es\\\/products\\\/oxygen-bomb-calorimeters\\\/6725-semimicro-calorimeter\\\/\",\"name\":\"Calor\u00edmetro semimicro 6725 - Parr Instrument (Espa\u00f1ol)\",\"isPartOf\":{\"@id\":\"https:\\\/\\\/www.parrinst.com\\\/es\\\/#website\"},\"primaryImageOfPage\":{\"@id\":\"https:\\\/\\\/www.parrinst.com\\\/es\\\/products\\\/oxygen-bomb-calorimeters\\\/6725-semimicro-calorimeter\\\/#primaryimage\"},\"image\":{\"@id\":\"https:\\\/\\\/www.parrinst.com\\\/es\\\/products\\\/oxygen-bomb-calorimeters\\\/6725-semimicro-calorimeter\\\/#primaryimage\"},\"thumbnailUrl\":\"https:\\\/\\\/i0.wp.com\\\/www.parrinst.com\\\/es\\\/wp-content\\\/uploads\\\/sites\\\/7\\\/2018\\\/01\\\/parr_banner_calorimeter_secondary-3.jpg?fit=2200%2C399&ssl=1\",\"datePublished\":\"2011-03-11T01:57:15+00:00\",\"dateModified\":\"2019-05-17T21:11:46+00:00\",\"breadcrumb\":{\"@id\":\"https:\\\/\\\/www.parrinst.com\\\/es\\\/products\\\/oxygen-bomb-calorimeters\\\/6725-semimicro-calorimeter\\\/#breadcrumb\"},\"inLanguage\":\"en-US\",\"potentialAction\":[{\"@type\":\"ReadAction\",\"target\":[\"https:\\\/\\\/www.parrinst.com\\\/es\\\/products\\\/oxygen-bomb-calorimeters\\\/6725-semimicro-calorimeter\\\/\"]}]},{\"@type\":\"ImageObject\",\"inLanguage\":\"en-US\",\"@id\":\"https:\\\/\\\/www.parrinst.com\\\/es\\\/products\\\/oxygen-bomb-calorimeters\\\/6725-semimicro-calorimeter\\\/#primaryimage\",\"url\":\"https:\\\/\\\/i0.wp.com\\\/www.parrinst.com\\\/es\\\/wp-content\\\/uploads\\\/sites\\\/7\\\/2018\\\/01\\\/parr_banner_calorimeter_secondary-3.jpg?fit=2200%2C399&ssl=1\",\"contentUrl\":\"https:\\\/\\\/i0.wp.com\\\/www.parrinst.com\\\/es\\\/wp-content\\\/uploads\\\/sites\\\/7\\\/2018\\\/01\\\/parr_banner_calorimeter_secondary-3.jpg?fit=2200%2C399&ssl=1\",\"width\":2200,\"height\":399},{\"@type\":\"BreadcrumbList\",\"@id\":\"https:\\\/\\\/www.parrinst.com\\\/es\\\/products\\\/oxygen-bomb-calorimeters\\\/6725-semimicro-calorimeter\\\/#breadcrumb\",\"itemListElement\":[{\"@type\":\"ListItem\",\"position\":1,\"name\":\"Home\",\"item\":\"https:\\\/\\\/www.parrinst.com\\\/es\\\/\"},{\"@type\":\"ListItem\",\"position\":2,\"name\":\"Products\",\"item\":\"https:\\\/\\\/www.parrinst.com\\\/es\\\/products\\\/\"},{\"@type\":\"ListItem\",\"position\":3,\"name\":\"Calor\u00edmetros de Bomba de Ox\u00edgeno\",\"item\":\"https:\\\/\\\/www.parrinst.com\\\/es\\\/products\\\/oxygen-bomb-calorimeters\\\/\"},{\"@type\":\"ListItem\",\"position\":4,\"name\":\"Calor\u00edmetro semimicro 6725\"}]},{\"@type\":\"WebSite\",\"@id\":\"https:\\\/\\\/www.parrinst.com\\\/es\\\/#website\",\"url\":\"https:\\\/\\\/www.parrinst.com\\\/es\\\/\",\"name\":\"Parr Instrument (Espa\u00f1ol)\",\"description\":\"\",\"potentialAction\":[{\"@type\":\"SearchAction\",\"target\":{\"@type\":\"EntryPoint\",\"urlTemplate\":\"https:\\\/\\\/www.parrinst.com\\\/es\\\/?s={search_term_string}\"},\"query-input\":{\"@type\":\"PropertyValueSpecification\",\"valueRequired\":true,\"valueName\":\"search_term_string\"}}],\"inLanguage\":\"en-US\"}]}<\/script>\n<!-- \/ Yoast SEO plugin. -->","yoast_head_json":{"title":"Calor\u00edmetro semimicro 6725 - Parr Instrument (Espa\u00f1ol)","robots":{"index":"index","follow":"follow","max-snippet":"max-snippet:-1","max-image-preview":"max-image-preview:large","max-video-preview":"max-video-preview:-1"},"canonical":"https:\/\/www.parrinst.com\/es\/products\/oxygen-bomb-calorimeters\/6725-semimicro-calorimeter\/","og_locale":"en_US","og_type":"article","og_title":"Calor\u00edmetro semimicro 6725 - Parr Instrument (Espa\u00f1ol)","og_description":"Una Calor\u00edmetro de Bomba Compacta para Medir el Valor Calor\u00edfico de Peque\u00f1as Muestras de Combusti\u00f3n El Calor\u00edmetro Semimicro 6725 es un calor\u00edmetro de combusti\u00f3n compacto de f\u00e1cil manejo, con chaqueta est\u00e1tica, dise\u00f1ado espec\u00edficamente para medir el calor de combusti\u00f3n de peque\u00f1as muestras cuando s\u00f3lo est\u00e1n disponibles peque\u00f1as cantidades limitadas de material de prueba.La necesidad de [&hellip;]","og_url":"https:\/\/www.parrinst.com\/es\/products\/oxygen-bomb-calorimeters\/6725-semimicro-calorimeter\/","og_site_name":"Parr Instrument (Espa\u00f1ol)","article_modified_time":"2019-05-17T21:11:46+00:00","og_image":[{"width":2200,"height":399,"url":"https:\/\/www.parrinst.com\/es\/files\/2018\/01\/parr_banner_calorimeter_secondary-3.jpg","type":"image\/jpeg"}],"twitter_card":"summary_large_image","twitter_misc":{"Est. reading time":"2 minutes"},"schema":{"@context":"https:\/\/schema.org","@graph":[{"@type":"WebPage","@id":"https:\/\/www.parrinst.com\/es\/products\/oxygen-bomb-calorimeters\/6725-semimicro-calorimeter\/","url":"https:\/\/www.parrinst.com\/es\/products\/oxygen-bomb-calorimeters\/6725-semimicro-calorimeter\/","name":"Calor\u00edmetro semimicro 6725 - Parr Instrument (Espa\u00f1ol)","isPartOf":{"@id":"https:\/\/www.parrinst.com\/es\/#website"},"primaryImageOfPage":{"@id":"https:\/\/www.parrinst.com\/es\/products\/oxygen-bomb-calorimeters\/6725-semimicro-calorimeter\/#primaryimage"},"image":{"@id":"https:\/\/www.parrinst.com\/es\/products\/oxygen-bomb-calorimeters\/6725-semimicro-calorimeter\/#primaryimage"},"thumbnailUrl":"https:\/\/i0.wp.com\/www.parrinst.com\/es\/wp-content\/uploads\/sites\/7\/2018\/01\/parr_banner_calorimeter_secondary-3.jpg?fit=2200%2C399&ssl=1","datePublished":"2011-03-11T01:57:15+00:00","dateModified":"2019-05-17T21:11:46+00:00","breadcrumb":{"@id":"https:\/\/www.parrinst.com\/es\/products\/oxygen-bomb-calorimeters\/6725-semimicro-calorimeter\/#breadcrumb"},"inLanguage":"en-US","potentialAction":[{"@type":"ReadAction","target":["https:\/\/www.parrinst.com\/es\/products\/oxygen-bomb-calorimeters\/6725-semimicro-calorimeter\/"]}]},{"@type":"ImageObject","inLanguage":"en-US","@id":"https:\/\/www.parrinst.com\/es\/products\/oxygen-bomb-calorimeters\/6725-semimicro-calorimeter\/#primaryimage","url":"https:\/\/i0.wp.com\/www.parrinst.com\/es\/wp-content\/uploads\/sites\/7\/2018\/01\/parr_banner_calorimeter_secondary-3.jpg?fit=2200%2C399&ssl=1","contentUrl":"https:\/\/i0.wp.com\/www.parrinst.com\/es\/wp-content\/uploads\/sites\/7\/2018\/01\/parr_banner_calorimeter_secondary-3.jpg?fit=2200%2C399&ssl=1","width":2200,"height":399},{"@type":"BreadcrumbList","@id":"https:\/\/www.parrinst.com\/es\/products\/oxygen-bomb-calorimeters\/6725-semimicro-calorimeter\/#breadcrumb","itemListElement":[{"@type":"ListItem","position":1,"name":"Home","item":"https:\/\/www.parrinst.com\/es\/"},{"@type":"ListItem","position":2,"name":"Products","item":"https:\/\/www.parrinst.com\/es\/products\/"},{"@type":"ListItem","position":3,"name":"Calor\u00edmetros de Bomba de Ox\u00edgeno","item":"https:\/\/www.parrinst.com\/es\/products\/oxygen-bomb-calorimeters\/"},{"@type":"ListItem","position":4,"name":"Calor\u00edmetro semimicro 6725"}]},{"@type":"WebSite","@id":"https:\/\/www.parrinst.com\/es\/#website","url":"https:\/\/www.parrinst.com\/es\/","name":"Parr Instrument (Espa\u00f1ol)","description":"","potentialAction":[{"@type":"SearchAction","target":{"@type":"EntryPoint","urlTemplate":"https:\/\/www.parrinst.com\/es\/?s={search_term_string}"},"query-input":{"@type":"PropertyValueSpecification","valueRequired":true,"valueName":"search_term_string"}}],"inLanguage":"en-US"}]}},"jetpack_sharing_enabled":true,"_links":{"self":[{"href":"https:\/\/www.parrinst.com\/es\/wp-json\/wp\/v2\/pages\/264","targetHints":{"allow":["GET"]}}],"collection":[{"href":"https:\/\/www.parrinst.com\/es\/wp-json\/wp\/v2\/pages"}],"about":[{"href":"https:\/\/www.parrinst.com\/es\/wp-json\/wp\/v2\/types\/page"}],"author":[{"embeddable":true,"href":"https:\/\/www.parrinst.com\/es\/wp-json\/wp\/v2\/users\/1"}],"replies":[{"embeddable":true,"href":"https:\/\/www.parrinst.com\/es\/wp-json\/wp\/v2\/comments?post=264"}],"version-history":[{"count":3,"href":"https:\/\/www.parrinst.com\/es\/wp-json\/wp\/v2\/pages\/264\/revisions"}],"predecessor-version":[{"id":39349,"href":"https:\/\/www.parrinst.com\/es\/wp-json\/wp\/v2\/pages\/264\/revisions\/39349"}],"up":[{"embeddable":true,"href":"https:\/\/www.parrinst.com\/es\/wp-json\/wp\/v2\/pages\/83"}],"wp:featuredmedia":[{"embeddable":true,"href":"https:\/\/www.parrinst.com\/es\/wp-json\/wp\/v2\/media\/37726"}],"wp:attachment":[{"href":"https:\/\/www.parrinst.com\/es\/wp-json\/wp\/v2\/media?parent=264"}],"curies":[{"name":"wp","href":"https:\/\/api.w.org\/{rel}","templated":true}]}}