{"id":2655,"date":"2011-06-16T11:24:54","date_gmt":"2011-06-16T16:24:54","guid":{"rendered":"https:\/\/www.parrinst.com\/?page_id=2655"},"modified":"2018-11-02T11:47:08","modified_gmt":"2018-11-02T16:47:08","slug":"applications","status":"publish","type":"page","link":"https:\/\/www.parrinst.com\/es\/products\/sample-preparation\/acid-digestion\/applications\/","title":{"rendered":"Aplicaciones"},"content":{"rendered":"<h4>Disolver Muestras Inorg\u00e1nicas<\/h4>\n<p>Los minerales, las muestras de roca, vidrio y otros materiales inorg\u00e1nicos se pueden disolver r\u00e1pidamente en Recipientes de Digesti\u00f3n \u00c1cida Parr con \u00e1cidos minerales fuertes: HF, HCI, H<sub>2<\/sub>SO<sub>4<\/sub>, HNO<sub>3<\/sub>, Agua Regia y otros. Otros productos qu\u00edmicos y productos manufacturados pueden ser lixiviados o disueltos, sin la introducci\u00f3n de iones no deseados y con la recuperaci\u00f3n completa de la muestra. Usando temperaturas de reacci\u00f3n muy por encima de los puntos de ebullici\u00f3n normales, las muestras pueden ser disueltas o digeridas r\u00e1pidamente por todos los tipos de an\u00e1lisis qu\u00edmicos, en particular por AA y espectroscopia ICP, y por otros m\u00e9todos instrumentales en los que los elementos trazas deben ser identificados.<\/p>\n<h4>Digerir Materiales Org\u00e1nicos<\/h4>\n<p>Las muestras org\u00e1nicas pueden ser tratadas con \u00e1cido n\u00edtrico y otros \u00e1cidos oxidantes en estos recipientes sin ninguna dificultad, observando siempre ciertas precauciones de seguridad. Las reacciones de hidr\u00f3lisis alcalina o \u00e1cida tambi\u00e9n se pueden manejar bien.<\/p>\n<h4>Otras Reacciones<\/h4>\n<p>Adem\u00e1s de sus usos normales para la disoluci\u00f3n y digesti\u00f3n de muestras, estos recipientes sirven como reactores de prop\u00f3sito general para procedimientos que requieren un peque\u00f1o recipiente envuelto de tefl\u00f3n para su uso dentro de los l\u00edmites de presi\u00f3n y temperatura preestablecidos.<\/p>\n<p>Estos recipientes han demostrado ser un excelente medio para realizar s\u00edntesis hidrot\u00e9rmicas. Las s\u00edntesis hidrot\u00e9rmica es una t\u00e9cnica que implica el crecimiento de materiales a partir de soluciones acuosas a temperaturas y presiones elevadas. El termino hidrot\u00e9rmico usualmente se refiere a cualquier reacci\u00f3n heterog\u00e9nea en presencia de disolventes acuosos y agentes complejos en condiciones de alta presi\u00f3n y temperatura para disolver y recristalizar materiales que son relativamente insolubles en condiciones normales. La t\u00e9cnica hidrot\u00e9rmica es ampliamente utilizada para la s\u00edntesis de una variedad de compuestos inorg\u00e1nicos, nanomateriales y zeolitas. Es un tema altamente interdisciplinario y la t\u00e9cnica es utilizada popularmente por ge\u00f3logos, bi\u00f3logos, f\u00edsicos, qu\u00edmicos, ceramistas, hidrometal\u00fargicos, cient\u00edficos de materiales, ingenieros y muchos m\u00e1s.<\/p>\n<p>&nbsp;<\/p>\n","protected":false},"excerpt":{"rendered":"<p>Disolver Muestras Inorg\u00e1nicas Los minerales, las muestras de roca, vidrio y otros materiales inorg\u00e1nicos se pueden disolver r\u00e1pidamente en Recipientes de Digesti\u00f3n \u00c1cida Parr con \u00e1cidos minerales fuertes: HF, HCI, H2SO4, HNO3, Agua Regia y otros. Otros productos qu\u00edmicos y productos manufacturados pueden ser lixiviados o disueltos, sin la introducci\u00f3n de iones no deseados y [&hellip;]<\/p>\n","protected":false},"author":1,"featured_media":37722,"parent":292,"menu_order":3,"comment_status":"closed","ping_status":"closed","template":"general-tabs.php","meta":{"_acf_changed":false,"footnotes":"","_links_to":"","_links_to_target":""},"class_list":["post-2655","page","type-page","status-publish","has-post-thumbnail","hentry"],"acf":[],"yoast_head":"<!-- This site is optimized with the Yoast SEO plugin v27.4 - https:\/\/yoast.com\/product\/yoast-seo-wordpress\/ -->\n<title>Aplicaciones - Parr Instrument (Espa\u00f1ol)<\/title>\n<meta name=\"robots\" content=\"index, follow, max-snippet:-1, max-image-preview:large, max-video-preview:-1\" \/>\n<link rel=\"canonical\" href=\"https:\/\/www.parrinst.com\/es\/products\/sample-preparation\/acid-digestion\/applications\/\" \/>\n<meta property=\"og:locale\" content=\"en_US\" \/>\n<meta property=\"og:type\" content=\"article\" \/>\n<meta property=\"og:title\" content=\"Aplicaciones - Parr Instrument (Espa\u00f1ol)\" \/>\n<meta property=\"og:description\" content=\"Disolver Muestras Inorg\u00e1nicas Los minerales, las muestras de roca, vidrio y otros materiales inorg\u00e1nicos se pueden disolver r\u00e1pidamente en Recipientes de Digesti\u00f3n \u00c1cida Parr con \u00e1cidos minerales fuertes: HF, HCI, H2SO4, HNO3, Agua Regia y otros. Otros productos qu\u00edmicos y productos manufacturados pueden ser lixiviados o disueltos, sin la introducci\u00f3n de iones no deseados y [&hellip;]\" \/>\n<meta property=\"og:url\" content=\"https:\/\/www.parrinst.com\/es\/products\/sample-preparation\/acid-digestion\/applications\/\" \/>\n<meta property=\"og:site_name\" content=\"Parr Instrument (Espa\u00f1ol)\" \/>\n<meta property=\"article:modified_time\" content=\"2018-11-02T16:47:08+00:00\" \/>\n<meta property=\"og:image\" content=\"https:\/\/www.parrinst.com\/es\/files\/2018\/01\/parr_banner_sample-prep_secondary-1.jpg\" \/>\n\t<meta property=\"og:image:width\" content=\"2200\" \/>\n\t<meta property=\"og:image:height\" content=\"399\" \/>\n\t<meta property=\"og:image:type\" content=\"image\/jpeg\" \/>\n<meta name=\"twitter:card\" content=\"summary_large_image\" \/>\n<meta name=\"twitter:label1\" content=\"Est. reading time\" \/>\n\t<meta name=\"twitter:data1\" content=\"2 minutes\" \/>\n<script type=\"application\/ld+json\" class=\"yoast-schema-graph\">{\"@context\":\"https:\\\/\\\/schema.org\",\"@graph\":[{\"@type\":\"WebPage\",\"@id\":\"https:\\\/\\\/www.parrinst.com\\\/es\\\/products\\\/sample-preparation\\\/acid-digestion\\\/applications\\\/\",\"url\":\"https:\\\/\\\/www.parrinst.com\\\/es\\\/products\\\/sample-preparation\\\/acid-digestion\\\/applications\\\/\",\"name\":\"Aplicaciones - Parr Instrument (Espa\u00f1ol)\",\"isPartOf\":{\"@id\":\"https:\\\/\\\/www.parrinst.com\\\/es\\\/#website\"},\"primaryImageOfPage\":{\"@id\":\"https:\\\/\\\/www.parrinst.com\\\/es\\\/products\\\/sample-preparation\\\/acid-digestion\\\/applications\\\/#primaryimage\"},\"image\":{\"@id\":\"https:\\\/\\\/www.parrinst.com\\\/es\\\/products\\\/sample-preparation\\\/acid-digestion\\\/applications\\\/#primaryimage\"},\"thumbnailUrl\":\"https:\\\/\\\/i0.wp.com\\\/www.parrinst.com\\\/es\\\/wp-content\\\/uploads\\\/sites\\\/7\\\/2018\\\/01\\\/parr_banner_sample-prep_secondary-1.jpg?fit=2200%2C399&ssl=1\",\"datePublished\":\"2011-06-16T16:24:54+00:00\",\"dateModified\":\"2018-11-02T16:47:08+00:00\",\"breadcrumb\":{\"@id\":\"https:\\\/\\\/www.parrinst.com\\\/es\\\/products\\\/sample-preparation\\\/acid-digestion\\\/applications\\\/#breadcrumb\"},\"inLanguage\":\"en-US\",\"potentialAction\":[{\"@type\":\"ReadAction\",\"target\":[\"https:\\\/\\\/www.parrinst.com\\\/es\\\/products\\\/sample-preparation\\\/acid-digestion\\\/applications\\\/\"]}]},{\"@type\":\"ImageObject\",\"inLanguage\":\"en-US\",\"@id\":\"https:\\\/\\\/www.parrinst.com\\\/es\\\/products\\\/sample-preparation\\\/acid-digestion\\\/applications\\\/#primaryimage\",\"url\":\"https:\\\/\\\/i0.wp.com\\\/www.parrinst.com\\\/es\\\/wp-content\\\/uploads\\\/sites\\\/7\\\/2018\\\/01\\\/parr_banner_sample-prep_secondary-1.jpg?fit=2200%2C399&ssl=1\",\"contentUrl\":\"https:\\\/\\\/i0.wp.com\\\/www.parrinst.com\\\/es\\\/wp-content\\\/uploads\\\/sites\\\/7\\\/2018\\\/01\\\/parr_banner_sample-prep_secondary-1.jpg?fit=2200%2C399&ssl=1\",\"width\":2200,\"height\":399},{\"@type\":\"BreadcrumbList\",\"@id\":\"https:\\\/\\\/www.parrinst.com\\\/es\\\/products\\\/sample-preparation\\\/acid-digestion\\\/applications\\\/#breadcrumb\",\"itemListElement\":[{\"@type\":\"ListItem\",\"position\":1,\"name\":\"Home\",\"item\":\"https:\\\/\\\/www.parrinst.com\\\/es\\\/\"},{\"@type\":\"ListItem\",\"position\":2,\"name\":\"Products\",\"item\":\"https:\\\/\\\/www.parrinst.com\\\/es\\\/products\\\/\"},{\"@type\":\"ListItem\",\"position\":3,\"name\":\"Preparaci\u00f3n de Muestras\",\"item\":\"https:\\\/\\\/www.parrinst.com\\\/es\\\/products\\\/sample-preparation\\\/\"},{\"@type\":\"ListItem\",\"position\":4,\"name\":\"Digesti\u00f3n \u00c1cida\",\"item\":\"https:\\\/\\\/www.parrinst.com\\\/es\\\/products\\\/sample-preparation\\\/acid-digestion\\\/\"},{\"@type\":\"ListItem\",\"position\":5,\"name\":\"Aplicaciones\"}]},{\"@type\":\"WebSite\",\"@id\":\"https:\\\/\\\/www.parrinst.com\\\/es\\\/#website\",\"url\":\"https:\\\/\\\/www.parrinst.com\\\/es\\\/\",\"name\":\"Parr Instrument (Espa\u00f1ol)\",\"description\":\"\",\"potentialAction\":[{\"@type\":\"SearchAction\",\"target\":{\"@type\":\"EntryPoint\",\"urlTemplate\":\"https:\\\/\\\/www.parrinst.com\\\/es\\\/?s={search_term_string}\"},\"query-input\":{\"@type\":\"PropertyValueSpecification\",\"valueRequired\":true,\"valueName\":\"search_term_string\"}}],\"inLanguage\":\"en-US\"}]}<\/script>\n<!-- \/ Yoast SEO plugin. -->","yoast_head_json":{"title":"Aplicaciones - Parr Instrument (Espa\u00f1ol)","robots":{"index":"index","follow":"follow","max-snippet":"max-snippet:-1","max-image-preview":"max-image-preview:large","max-video-preview":"max-video-preview:-1"},"canonical":"https:\/\/www.parrinst.com\/es\/products\/sample-preparation\/acid-digestion\/applications\/","og_locale":"en_US","og_type":"article","og_title":"Aplicaciones - Parr Instrument (Espa\u00f1ol)","og_description":"Disolver Muestras Inorg\u00e1nicas Los minerales, las muestras de roca, vidrio y otros materiales inorg\u00e1nicos se pueden disolver r\u00e1pidamente en Recipientes de Digesti\u00f3n \u00c1cida Parr con \u00e1cidos minerales fuertes: HF, HCI, H2SO4, HNO3, Agua Regia y otros. Otros productos qu\u00edmicos y productos manufacturados pueden ser lixiviados o disueltos, sin la introducci\u00f3n de iones no deseados y [&hellip;]","og_url":"https:\/\/www.parrinst.com\/es\/products\/sample-preparation\/acid-digestion\/applications\/","og_site_name":"Parr Instrument (Espa\u00f1ol)","article_modified_time":"2018-11-02T16:47:08+00:00","og_image":[{"width":2200,"height":399,"url":"https:\/\/www.parrinst.com\/es\/files\/2018\/01\/parr_banner_sample-prep_secondary-1.jpg","type":"image\/jpeg"}],"twitter_card":"summary_large_image","twitter_misc":{"Est. reading time":"2 minutes"},"schema":{"@context":"https:\/\/schema.org","@graph":[{"@type":"WebPage","@id":"https:\/\/www.parrinst.com\/es\/products\/sample-preparation\/acid-digestion\/applications\/","url":"https:\/\/www.parrinst.com\/es\/products\/sample-preparation\/acid-digestion\/applications\/","name":"Aplicaciones - Parr Instrument (Espa\u00f1ol)","isPartOf":{"@id":"https:\/\/www.parrinst.com\/es\/#website"},"primaryImageOfPage":{"@id":"https:\/\/www.parrinst.com\/es\/products\/sample-preparation\/acid-digestion\/applications\/#primaryimage"},"image":{"@id":"https:\/\/www.parrinst.com\/es\/products\/sample-preparation\/acid-digestion\/applications\/#primaryimage"},"thumbnailUrl":"https:\/\/i0.wp.com\/www.parrinst.com\/es\/wp-content\/uploads\/sites\/7\/2018\/01\/parr_banner_sample-prep_secondary-1.jpg?fit=2200%2C399&ssl=1","datePublished":"2011-06-16T16:24:54+00:00","dateModified":"2018-11-02T16:47:08+00:00","breadcrumb":{"@id":"https:\/\/www.parrinst.com\/es\/products\/sample-preparation\/acid-digestion\/applications\/#breadcrumb"},"inLanguage":"en-US","potentialAction":[{"@type":"ReadAction","target":["https:\/\/www.parrinst.com\/es\/products\/sample-preparation\/acid-digestion\/applications\/"]}]},{"@type":"ImageObject","inLanguage":"en-US","@id":"https:\/\/www.parrinst.com\/es\/products\/sample-preparation\/acid-digestion\/applications\/#primaryimage","url":"https:\/\/i0.wp.com\/www.parrinst.com\/es\/wp-content\/uploads\/sites\/7\/2018\/01\/parr_banner_sample-prep_secondary-1.jpg?fit=2200%2C399&ssl=1","contentUrl":"https:\/\/i0.wp.com\/www.parrinst.com\/es\/wp-content\/uploads\/sites\/7\/2018\/01\/parr_banner_sample-prep_secondary-1.jpg?fit=2200%2C399&ssl=1","width":2200,"height":399},{"@type":"BreadcrumbList","@id":"https:\/\/www.parrinst.com\/es\/products\/sample-preparation\/acid-digestion\/applications\/#breadcrumb","itemListElement":[{"@type":"ListItem","position":1,"name":"Home","item":"https:\/\/www.parrinst.com\/es\/"},{"@type":"ListItem","position":2,"name":"Products","item":"https:\/\/www.parrinst.com\/es\/products\/"},{"@type":"ListItem","position":3,"name":"Preparaci\u00f3n de Muestras","item":"https:\/\/www.parrinst.com\/es\/products\/sample-preparation\/"},{"@type":"ListItem","position":4,"name":"Digesti\u00f3n \u00c1cida","item":"https:\/\/www.parrinst.com\/es\/products\/sample-preparation\/acid-digestion\/"},{"@type":"ListItem","position":5,"name":"Aplicaciones"}]},{"@type":"WebSite","@id":"https:\/\/www.parrinst.com\/es\/#website","url":"https:\/\/www.parrinst.com\/es\/","name":"Parr Instrument (Espa\u00f1ol)","description":"","potentialAction":[{"@type":"SearchAction","target":{"@type":"EntryPoint","urlTemplate":"https:\/\/www.parrinst.com\/es\/?s={search_term_string}"},"query-input":{"@type":"PropertyValueSpecification","valueRequired":true,"valueName":"search_term_string"}}],"inLanguage":"en-US"}]}},"jetpack_sharing_enabled":true,"_links":{"self":[{"href":"https:\/\/www.parrinst.com\/es\/wp-json\/wp\/v2\/pages\/2655","targetHints":{"allow":["GET"]}}],"collection":[{"href":"https:\/\/www.parrinst.com\/es\/wp-json\/wp\/v2\/pages"}],"about":[{"href":"https:\/\/www.parrinst.com\/es\/wp-json\/wp\/v2\/types\/page"}],"author":[{"embeddable":true,"href":"https:\/\/www.parrinst.com\/es\/wp-json\/wp\/v2\/users\/1"}],"replies":[{"embeddable":true,"href":"https:\/\/www.parrinst.com\/es\/wp-json\/wp\/v2\/comments?post=2655"}],"version-history":[{"count":3,"href":"https:\/\/www.parrinst.com\/es\/wp-json\/wp\/v2\/pages\/2655\/revisions"}],"predecessor-version":[{"id":38937,"href":"https:\/\/www.parrinst.com\/es\/wp-json\/wp\/v2\/pages\/2655\/revisions\/38937"}],"up":[{"embeddable":true,"href":"https:\/\/www.parrinst.com\/es\/wp-json\/wp\/v2\/pages\/292"}],"wp:featuredmedia":[{"embeddable":true,"href":"https:\/\/www.parrinst.com\/es\/wp-json\/wp\/v2\/media\/37722"}],"wp:attachment":[{"href":"https:\/\/www.parrinst.com\/es\/wp-json\/wp\/v2\/media?parent=2655"}],"curies":[{"name":"wp","href":"https:\/\/api.w.org\/{rel}","templated":true}]}}