{"id":274,"date":"2011-03-10T19:59:13","date_gmt":"2011-03-11T01:59:13","guid":{"rendered":"https:\/\/www.parrinst.com\/?page_id=274"},"modified":"2013-04-15T09:47:18","modified_gmt":"2013-04-15T14:47:18","slug":"6790-detonation-calorimeter","status":"publish","type":"page","link":"https:\/\/www.parrinst.com\/es\/products\/oxygen-bomb-calorimeters\/6790-detonation-calorimeter\/","title":{"rendered":"Calor\u00edmetro de Detonaci\u00f3n 6790"},"content":{"rendered":"\n\t\t\t<div id='274-1' class='gallery gallery-274 gallery-columns-3 gallery-size-medium' itemscope itemtype='http:\/\/schema.org\/ImageGallery'>\n\t\t\t\t<div class='gallery-row gallery-col-3 gallery-clear'>\n\t\t\t\t\t<figure class='gallery-item col-3' itemprop='associatedMedia' itemscope itemtype='http:\/\/schema.org\/ImageObject'>\n\t\t\t\t\t\t<div class='gallery-icon portrait'><a href=\"https:\/\/i0.wp.com\/www.parrinst.com\/es\/wp-content\/uploads\/sites\/7\/2011\/06\/Detonation-Calorimeter-2.jpg?ssl=1\" itemprop=\"contentURL\"><img loading=\"lazy\" decoding=\"async\" width=\"214\" height=\"300\" src=\"https:\/\/i0.wp.com\/www.parrinst.com\/es\/wp-content\/uploads\/sites\/7\/2011\/06\/Detonation-Calorimeter-2.jpg?fit=214%2C300&amp;ssl=1\" class=\"attachment-medium size-medium\" alt=\"Detonation Calorimeter System\" srcset=\"https:\/\/i0.wp.com\/www.parrinst.com\/es\/wp-content\/uploads\/sites\/7\/2011\/06\/Detonation-Calorimeter-2.jpg?w=600&amp;ssl=1 600w, https:\/\/i0.wp.com\/www.parrinst.com\/es\/wp-content\/uploads\/sites\/7\/2011\/06\/Detonation-Calorimeter-2.jpg?resize=107%2C150&amp;ssl=1 107w, https:\/\/i0.wp.com\/www.parrinst.com\/es\/wp-content\/uploads\/sites\/7\/2011\/06\/Detonation-Calorimeter-2.jpg?resize=214%2C300&amp;ssl=1 214w\" sizes=\"auto, (max-width: 214px) 100vw, 214px\" itemprop=\"thumbnail\" \/><\/a><\/div>\n\t\t\t\t\t<\/figure>\n\t\t\t\t\t<figure class='gallery-item col-3' itemprop='associatedMedia' itemscope itemtype='http:\/\/schema.org\/ImageObject'>\n\t\t\t\t\t\t<div class='gallery-icon landscape'><a href=\"https:\/\/i0.wp.com\/www.parrinst.com\/es\/wp-content\/uploads\/sites\/7\/2011\/06\/Detonation-Calorimeter-1.jpg?ssl=1\" itemprop=\"contentURL\"><img loading=\"lazy\" decoding=\"async\" width=\"300\" height=\"259\" src=\"https:\/\/i0.wp.com\/www.parrinst.com\/es\/wp-content\/uploads\/sites\/7\/2011\/06\/Detonation-Calorimeter-1.jpg?fit=300%2C259&amp;ssl=1\" class=\"attachment-medium size-medium\" alt=\"6790 Detonation Calorimeter Top View\" srcset=\"https:\/\/i0.wp.com\/www.parrinst.com\/es\/wp-content\/uploads\/sites\/7\/2011\/06\/Detonation-Calorimeter-1.jpg?w=600&amp;ssl=1 600w, https:\/\/i0.wp.com\/www.parrinst.com\/es\/wp-content\/uploads\/sites\/7\/2011\/06\/Detonation-Calorimeter-1.jpg?resize=174%2C150&amp;ssl=1 174w, https:\/\/i0.wp.com\/www.parrinst.com\/es\/wp-content\/uploads\/sites\/7\/2011\/06\/Detonation-Calorimeter-1.jpg?resize=300%2C259&amp;ssl=1 300w\" sizes=\"auto, (max-width: 300px) 100vw, 300px\" itemprop=\"thumbnail\" \/><\/a><\/div>\n\t\t\t\t\t<\/figure>\n\t\t\t\t\t<figure class='gallery-item col-3' itemprop='associatedMedia' itemscope itemtype='http:\/\/schema.org\/ImageObject'>\n\t\t\t\t\t\t<div class='gallery-icon portrait'><a href=\"https:\/\/i0.wp.com\/www.parrinst.com\/es\/wp-content\/uploads\/sites\/7\/2011\/06\/Detonation-Calorimeter-3.jpg?ssl=1\" itemprop=\"contentURL\"><img loading=\"lazy\" decoding=\"async\" width=\"214\" height=\"300\" src=\"https:\/\/i0.wp.com\/www.parrinst.com\/es\/wp-content\/uploads\/sites\/7\/2011\/06\/Detonation-Calorimeter-3.jpg?fit=214%2C300&amp;ssl=1\" class=\"attachment-medium size-medium\" alt=\"Detonation Calorimeter Vessel\" srcset=\"https:\/\/i0.wp.com\/www.parrinst.com\/es\/wp-content\/uploads\/sites\/7\/2011\/06\/Detonation-Calorimeter-3.jpg?w=600&amp;ssl=1 600w, https:\/\/i0.wp.com\/www.parrinst.com\/es\/wp-content\/uploads\/sites\/7\/2011\/06\/Detonation-Calorimeter-3.jpg?resize=107%2C150&amp;ssl=1 107w, https:\/\/i0.wp.com\/www.parrinst.com\/es\/wp-content\/uploads\/sites\/7\/2011\/06\/Detonation-Calorimeter-3.jpg?resize=214%2C300&amp;ssl=1 214w\" sizes=\"auto, (max-width: 214px) 100vw, 214px\" itemprop=\"thumbnail\" \/><\/a><\/div>\n\t\t\t\t\t<\/figure>\n\t\t\t\t<\/div>\n\t\t\t<\/div><!-- .gallery -->\n\n<p><strong>La bomba de calorimetr\u00eda de combusti\u00f3n de ox\u00edgeno ordinaria<\/strong> se usa para medir el calor de combusti\u00f3n o la reacci\u00f3n de los materiales en ox\u00edgeno o atm\u00f3sferas inertes. Incluso para los recipientes de alta resistencia, como la bomba de combusti\u00f3n de ox\u00edgeno 1104 Parr, las condiciones necesarias para detonar peque\u00f1as cantidades de materiales altamente reactivos son a menudo dif\u00edciles de alcanzar y puede dar lugar a consecuencias impredecibles. Por ejemplo, el calor convencional de combusti\u00f3n de tetranitrato de pentaeritritol (PETN)[C<sub>5<\/sub>H<sub>8<\/sub>N<sub>4<\/sub>O<sub>12<\/sub>] en ox\u00edgeno es 1957 cal\/g, mientras que el calor de la detonaci\u00f3n en vac\u00edo es 1490 cal\/g (una diferencia del 24%).<\/p>\n<p>Adem\u00e1s, es bien sabido que el grado de confinamiento de materiales explosivos influye significativamente en la energ\u00eda liberada. Las cargas no confinados o ligeramente confinadas, la energ\u00eda liberada se conserva en gran medida en los productos. Cuando la carga est\u00e1 altamente confinada, la energ\u00eda de detonaci\u00f3n, en su mayor parte, se convierte en energ\u00eda cin\u00e9tica y energ\u00eda interna de la caja de confinamiento. Por ejemplo, el calor de la combusti\u00f3n convencional de 2,4,6-trinitrotolueno (TNT) en ox\u00edgeno es 3590 cal\/g. El calor de la detonaci\u00f3n de TNT a una densidad de carga de 1.53 g\/cc es 1093 cal\/g, y en una densidad de carga de 0.998 g\/cc es 870 cal\/g. En contraste, una reacci\u00f3n no confinada produce aproximadamente 600 cal\/g.<\/p>\n<p>La informaci\u00f3n precisa fundamental sobre el proceso de detonaci\u00f3n puede obtenerse mediante la combinaci\u00f3n de mediciones calorim\u00e9tricas y din\u00e1micas de presi\u00f3n. Estas mediciones se pueden utilizar en \u00faltima instancia para predecir el desempe\u00f1o de los explosivos. El Calor\u00edmetro de Detonaci\u00f3n Parr ha sido dise\u00f1ado para ayudar a la investigaci\u00f3n en esta \u00e1rea.<\/p>\n<p>El nuevo calor\u00edmetro de la detonaci\u00f3n de Parr Instrument Company acepta una carga hasta de 25 g de un explosivo con una liberaci\u00f3n de energ\u00eda por carga nominal total de ~160 kJ. La detonaci\u00f3n se inicia usando un peque\u00f1o detonador comercial estilo EBW incorporando 80 mg de PETN y 450 mg de RDX con un aglutinante. Los detonadores se encienden con un set de encendido de descarga capacitiva de un microfaradio &#8211; 4000 V. Una medici\u00f3n calorim\u00e9trica completa se puede hacer en unas pocas horas con una precisi\u00f3n de varias d\u00e9cimas de un por ciento. La bomba puede estar opcionalmente provista de un transductor de presi\u00f3n de alta velocidad que permite al usuario tener una mayor comprensi\u00f3n de la din\u00e1mica del proceso de detonaci\u00f3n.<\/p>\n<hr \/>\n<h3>Subsistemas Principales<\/h3>\n<h4>Recipiente de Detonaci\u00f3n<\/h4>\n<p>La distintiva bomba esf\u00e9rica es de acero inoxidable de 3.2 cm de espesor y tiene un di\u00e1metro interior de 21.6 cm con un volumen interno de 5.3 litros. La apertura de 9 cm est\u00e1 cubierta por una tapa de 3.8 cm de espesor en el centro. La tapa est\u00e1 asegurada por 12 pernos de alta resistencia, de 1.3 cm de di\u00e1metro, insertados por la brida de la tapa, la cual se sella con una junta t\u00f3rica. La tapa tiene un accesorio de elevaci\u00f3n de bomba incorporado en el centro, rodeado por una v\u00e1lvula de entrada\/salida y dos electrodos de alto voltaje con aislamiento. Se puede suministrar un puerto opcional en la tapa para un transductor de presi\u00f3n de respuesta r\u00e1pida. La masa de la bomba (cilindro y tapa) es de 55 kg.<\/p>\n<h4>Base de Calor\u00edmetro<\/h4>\n<p>El calor\u00edmetro de denotaci\u00f3n usa en su dise\u00f1o cl\u00e1sico la incorporaci\u00f3n de una chaqueta est\u00e1tica. El enfoque de chaqueta compensada ha sido usado con \u00e9xito por muchos a\u00f1os en dos generaciones de calor\u00edmetros Parr (Modelos 1356 y 6100). La base del calor\u00edmetro aloja la chaqueta del calor\u00edmetro y tambi\u00e9n incluye un polipasto de elevaci\u00f3n de bomba, as\u00ed como un soporte de bomba convenientemente colocado y una base de cabeza bomba. La tapa del calor\u00edmetro se almacena en el estante inferior, abajo de la estaci\u00f3n de trabajo de la bomba, cuando no est\u00e1 en uso.<\/p>\n","protected":false},"excerpt":{"rendered":"<p>La bomba de calorimetr\u00eda de combusti\u00f3n de ox\u00edgeno ordinaria se usa para medir el calor de combusti\u00f3n o la reacci\u00f3n de los materiales en ox\u00edgeno o atm\u00f3sferas inertes. Incluso para los recipientes de alta resistencia, como la bomba de combusti\u00f3n de ox\u00edgeno 1104 Parr, las condiciones necesarias para detonar peque\u00f1as cantidades de materiales altamente reactivos [&hellip;]<\/p>\n","protected":false},"author":1,"featured_media":37726,"parent":83,"menu_order":11,"comment_status":"closed","ping_status":"closed","template":"product-narrow.php","meta":{"_acf_changed":false,"footnotes":"","_links_to":"","_links_to_target":""},"class_list":["post-274","page","type-page","status-publish","has-post-thumbnail","hentry"],"acf":[],"yoast_head":"<!-- This site is optimized with the Yoast SEO plugin v27.5 - https:\/\/yoast.com\/product\/yoast-seo-wordpress\/ -->\n<title>Calor\u00edmetro de Detonaci\u00f3n 6790 - Parr Instrument (Espa\u00f1ol)<\/title>\n<meta name=\"robots\" content=\"index, follow, max-snippet:-1, max-image-preview:large, max-video-preview:-1\" \/>\n<link rel=\"canonical\" href=\"https:\/\/www.parrinst.com\/es\/products\/oxygen-bomb-calorimeters\/6790-detonation-calorimeter\/\" \/>\n<meta property=\"og:locale\" content=\"en_US\" \/>\n<meta property=\"og:type\" content=\"article\" \/>\n<meta property=\"og:title\" content=\"Calor\u00edmetro de Detonaci\u00f3n 6790 - Parr Instrument (Espa\u00f1ol)\" \/>\n<meta property=\"og:description\" content=\"La bomba de calorimetr\u00eda de combusti\u00f3n de ox\u00edgeno ordinaria se usa para medir el calor de combusti\u00f3n o la reacci\u00f3n de los materiales en ox\u00edgeno o atm\u00f3sferas inertes. Incluso para los recipientes de alta resistencia, como la bomba de combusti\u00f3n de ox\u00edgeno 1104 Parr, las condiciones necesarias para detonar peque\u00f1as cantidades de materiales altamente reactivos [&hellip;]\" \/>\n<meta property=\"og:url\" content=\"https:\/\/www.parrinst.com\/es\/products\/oxygen-bomb-calorimeters\/6790-detonation-calorimeter\/\" \/>\n<meta property=\"og:site_name\" content=\"Parr Instrument (Espa\u00f1ol)\" \/>\n<meta property=\"article:modified_time\" content=\"2013-04-15T14:47:18+00:00\" \/>\n<meta property=\"og:image\" content=\"https:\/\/www.parrinst.com\/es\/files\/2018\/01\/parr_banner_calorimeter_secondary-3.jpg\" \/>\n\t<meta property=\"og:image:width\" content=\"2200\" \/>\n\t<meta property=\"og:image:height\" content=\"399\" \/>\n\t<meta property=\"og:image:type\" content=\"image\/jpeg\" \/>\n<meta name=\"twitter:card\" content=\"summary_large_image\" \/>\n<meta name=\"twitter:label1\" content=\"Est. reading time\" \/>\n\t<meta name=\"twitter:data1\" content=\"3 minutes\" \/>\n<script type=\"application\/ld+json\" class=\"yoast-schema-graph\">{\"@context\":\"https:\\\/\\\/schema.org\",\"@graph\":[{\"@type\":\"WebPage\",\"@id\":\"https:\\\/\\\/www.parrinst.com\\\/es\\\/products\\\/oxygen-bomb-calorimeters\\\/6790-detonation-calorimeter\\\/\",\"url\":\"https:\\\/\\\/www.parrinst.com\\\/es\\\/products\\\/oxygen-bomb-calorimeters\\\/6790-detonation-calorimeter\\\/\",\"name\":\"Calor\u00edmetro de Detonaci\u00f3n 6790 - Parr Instrument (Espa\u00f1ol)\",\"isPartOf\":{\"@id\":\"https:\\\/\\\/www.parrinst.com\\\/es\\\/#website\"},\"primaryImageOfPage\":{\"@id\":\"https:\\\/\\\/www.parrinst.com\\\/es\\\/products\\\/oxygen-bomb-calorimeters\\\/6790-detonation-calorimeter\\\/#primaryimage\"},\"image\":{\"@id\":\"https:\\\/\\\/www.parrinst.com\\\/es\\\/products\\\/oxygen-bomb-calorimeters\\\/6790-detonation-calorimeter\\\/#primaryimage\"},\"thumbnailUrl\":\"https:\\\/\\\/i0.wp.com\\\/www.parrinst.com\\\/es\\\/wp-content\\\/uploads\\\/sites\\\/7\\\/2018\\\/01\\\/parr_banner_calorimeter_secondary-3.jpg?fit=2200%2C399&ssl=1\",\"datePublished\":\"2011-03-11T01:59:13+00:00\",\"dateModified\":\"2013-04-15T14:47:18+00:00\",\"breadcrumb\":{\"@id\":\"https:\\\/\\\/www.parrinst.com\\\/es\\\/products\\\/oxygen-bomb-calorimeters\\\/6790-detonation-calorimeter\\\/#breadcrumb\"},\"inLanguage\":\"en-US\",\"potentialAction\":[{\"@type\":\"ReadAction\",\"target\":[\"https:\\\/\\\/www.parrinst.com\\\/es\\\/products\\\/oxygen-bomb-calorimeters\\\/6790-detonation-calorimeter\\\/\"]}]},{\"@type\":\"ImageObject\",\"inLanguage\":\"en-US\",\"@id\":\"https:\\\/\\\/www.parrinst.com\\\/es\\\/products\\\/oxygen-bomb-calorimeters\\\/6790-detonation-calorimeter\\\/#primaryimage\",\"url\":\"https:\\\/\\\/i0.wp.com\\\/www.parrinst.com\\\/es\\\/wp-content\\\/uploads\\\/sites\\\/7\\\/2018\\\/01\\\/parr_banner_calorimeter_secondary-3.jpg?fit=2200%2C399&ssl=1\",\"contentUrl\":\"https:\\\/\\\/i0.wp.com\\\/www.parrinst.com\\\/es\\\/wp-content\\\/uploads\\\/sites\\\/7\\\/2018\\\/01\\\/parr_banner_calorimeter_secondary-3.jpg?fit=2200%2C399&ssl=1\",\"width\":2200,\"height\":399},{\"@type\":\"BreadcrumbList\",\"@id\":\"https:\\\/\\\/www.parrinst.com\\\/es\\\/products\\\/oxygen-bomb-calorimeters\\\/6790-detonation-calorimeter\\\/#breadcrumb\",\"itemListElement\":[{\"@type\":\"ListItem\",\"position\":1,\"name\":\"Home\",\"item\":\"https:\\\/\\\/www.parrinst.com\\\/es\\\/\"},{\"@type\":\"ListItem\",\"position\":2,\"name\":\"Products\",\"item\":\"https:\\\/\\\/www.parrinst.com\\\/es\\\/products\\\/\"},{\"@type\":\"ListItem\",\"position\":3,\"name\":\"Calor\u00edmetros de Bomba de Ox\u00edgeno\",\"item\":\"https:\\\/\\\/www.parrinst.com\\\/es\\\/products\\\/oxygen-bomb-calorimeters\\\/\"},{\"@type\":\"ListItem\",\"position\":4,\"name\":\"Calor\u00edmetro de Detonaci\u00f3n 6790\"}]},{\"@type\":\"WebSite\",\"@id\":\"https:\\\/\\\/www.parrinst.com\\\/es\\\/#website\",\"url\":\"https:\\\/\\\/www.parrinst.com\\\/es\\\/\",\"name\":\"Parr Instrument (Espa\u00f1ol)\",\"description\":\"\",\"potentialAction\":[{\"@type\":\"SearchAction\",\"target\":{\"@type\":\"EntryPoint\",\"urlTemplate\":\"https:\\\/\\\/www.parrinst.com\\\/es\\\/?s={search_term_string}\"},\"query-input\":{\"@type\":\"PropertyValueSpecification\",\"valueRequired\":true,\"valueName\":\"search_term_string\"}}],\"inLanguage\":\"en-US\"}]}<\/script>\n<!-- \/ Yoast SEO plugin. -->","yoast_head_json":{"title":"Calor\u00edmetro de Detonaci\u00f3n 6790 - Parr Instrument (Espa\u00f1ol)","robots":{"index":"index","follow":"follow","max-snippet":"max-snippet:-1","max-image-preview":"max-image-preview:large","max-video-preview":"max-video-preview:-1"},"canonical":"https:\/\/www.parrinst.com\/es\/products\/oxygen-bomb-calorimeters\/6790-detonation-calorimeter\/","og_locale":"en_US","og_type":"article","og_title":"Calor\u00edmetro de Detonaci\u00f3n 6790 - Parr Instrument (Espa\u00f1ol)","og_description":"La bomba de calorimetr\u00eda de combusti\u00f3n de ox\u00edgeno ordinaria se usa para medir el calor de combusti\u00f3n o la reacci\u00f3n de los materiales en ox\u00edgeno o atm\u00f3sferas inertes. Incluso para los recipientes de alta resistencia, como la bomba de combusti\u00f3n de ox\u00edgeno 1104 Parr, las condiciones necesarias para detonar peque\u00f1as cantidades de materiales altamente reactivos [&hellip;]","og_url":"https:\/\/www.parrinst.com\/es\/products\/oxygen-bomb-calorimeters\/6790-detonation-calorimeter\/","og_site_name":"Parr Instrument (Espa\u00f1ol)","article_modified_time":"2013-04-15T14:47:18+00:00","og_image":[{"width":2200,"height":399,"url":"https:\/\/www.parrinst.com\/es\/files\/2018\/01\/parr_banner_calorimeter_secondary-3.jpg","type":"image\/jpeg"}],"twitter_card":"summary_large_image","twitter_misc":{"Est. reading time":"3 minutes"},"schema":{"@context":"https:\/\/schema.org","@graph":[{"@type":"WebPage","@id":"https:\/\/www.parrinst.com\/es\/products\/oxygen-bomb-calorimeters\/6790-detonation-calorimeter\/","url":"https:\/\/www.parrinst.com\/es\/products\/oxygen-bomb-calorimeters\/6790-detonation-calorimeter\/","name":"Calor\u00edmetro de Detonaci\u00f3n 6790 - Parr Instrument (Espa\u00f1ol)","isPartOf":{"@id":"https:\/\/www.parrinst.com\/es\/#website"},"primaryImageOfPage":{"@id":"https:\/\/www.parrinst.com\/es\/products\/oxygen-bomb-calorimeters\/6790-detonation-calorimeter\/#primaryimage"},"image":{"@id":"https:\/\/www.parrinst.com\/es\/products\/oxygen-bomb-calorimeters\/6790-detonation-calorimeter\/#primaryimage"},"thumbnailUrl":"https:\/\/i0.wp.com\/www.parrinst.com\/es\/wp-content\/uploads\/sites\/7\/2018\/01\/parr_banner_calorimeter_secondary-3.jpg?fit=2200%2C399&ssl=1","datePublished":"2011-03-11T01:59:13+00:00","dateModified":"2013-04-15T14:47:18+00:00","breadcrumb":{"@id":"https:\/\/www.parrinst.com\/es\/products\/oxygen-bomb-calorimeters\/6790-detonation-calorimeter\/#breadcrumb"},"inLanguage":"en-US","potentialAction":[{"@type":"ReadAction","target":["https:\/\/www.parrinst.com\/es\/products\/oxygen-bomb-calorimeters\/6790-detonation-calorimeter\/"]}]},{"@type":"ImageObject","inLanguage":"en-US","@id":"https:\/\/www.parrinst.com\/es\/products\/oxygen-bomb-calorimeters\/6790-detonation-calorimeter\/#primaryimage","url":"https:\/\/i0.wp.com\/www.parrinst.com\/es\/wp-content\/uploads\/sites\/7\/2018\/01\/parr_banner_calorimeter_secondary-3.jpg?fit=2200%2C399&ssl=1","contentUrl":"https:\/\/i0.wp.com\/www.parrinst.com\/es\/wp-content\/uploads\/sites\/7\/2018\/01\/parr_banner_calorimeter_secondary-3.jpg?fit=2200%2C399&ssl=1","width":2200,"height":399},{"@type":"BreadcrumbList","@id":"https:\/\/www.parrinst.com\/es\/products\/oxygen-bomb-calorimeters\/6790-detonation-calorimeter\/#breadcrumb","itemListElement":[{"@type":"ListItem","position":1,"name":"Home","item":"https:\/\/www.parrinst.com\/es\/"},{"@type":"ListItem","position":2,"name":"Products","item":"https:\/\/www.parrinst.com\/es\/products\/"},{"@type":"ListItem","position":3,"name":"Calor\u00edmetros de Bomba de Ox\u00edgeno","item":"https:\/\/www.parrinst.com\/es\/products\/oxygen-bomb-calorimeters\/"},{"@type":"ListItem","position":4,"name":"Calor\u00edmetro de Detonaci\u00f3n 6790"}]},{"@type":"WebSite","@id":"https:\/\/www.parrinst.com\/es\/#website","url":"https:\/\/www.parrinst.com\/es\/","name":"Parr Instrument (Espa\u00f1ol)","description":"","potentialAction":[{"@type":"SearchAction","target":{"@type":"EntryPoint","urlTemplate":"https:\/\/www.parrinst.com\/es\/?s={search_term_string}"},"query-input":{"@type":"PropertyValueSpecification","valueRequired":true,"valueName":"search_term_string"}}],"inLanguage":"en-US"}]}},"jetpack_sharing_enabled":true,"_links":{"self":[{"href":"https:\/\/www.parrinst.com\/es\/wp-json\/wp\/v2\/pages\/274","targetHints":{"allow":["GET"]}}],"collection":[{"href":"https:\/\/www.parrinst.com\/es\/wp-json\/wp\/v2\/pages"}],"about":[{"href":"https:\/\/www.parrinst.com\/es\/wp-json\/wp\/v2\/types\/page"}],"author":[{"embeddable":true,"href":"https:\/\/www.parrinst.com\/es\/wp-json\/wp\/v2\/users\/1"}],"replies":[{"embeddable":true,"href":"https:\/\/www.parrinst.com\/es\/wp-json\/wp\/v2\/comments?post=274"}],"version-history":[{"count":0,"href":"https:\/\/www.parrinst.com\/es\/wp-json\/wp\/v2\/pages\/274\/revisions"}],"up":[{"embeddable":true,"href":"https:\/\/www.parrinst.com\/es\/wp-json\/wp\/v2\/pages\/83"}],"wp:featuredmedia":[{"embeddable":true,"href":"https:\/\/www.parrinst.com\/es\/wp-json\/wp\/v2\/media\/37726"}],"wp:attachment":[{"href":"https:\/\/www.parrinst.com\/es\/wp-json\/wp\/v2\/media?parent=274"}],"curies":[{"name":"wp","href":"https:\/\/api.w.org\/{rel}","templated":true}]}}