{"id":292,"date":"2011-03-10T20:11:39","date_gmt":"2011-03-11T02:11:39","guid":{"rendered":"https:\/\/www.parrinst.com\/?page_id=292"},"modified":"2016-07-22T12:07:40","modified_gmt":"2016-07-22T17:07:40","slug":"acid-digestion","status":"publish","type":"page","link":"https:\/\/www.parrinst.com\/es\/products\/sample-preparation\/acid-digestion\/","title":{"rendered":"Digesti\u00f3n \u00c1cida"},"content":{"rendered":"\n\t\t\t<div id='292-1' class='gallery gallery-292 gallery-columns-3 gallery-size-medium' itemscope itemtype='http:\/\/schema.org\/ImageGallery'>\n\t\t\t\t<div class='gallery-row gallery-col-3 gallery-clear'>\n\t\t\t\t\t<figure class='gallery-item col-3' itemprop='associatedMedia' itemscope itemtype='http:\/\/schema.org\/ImageObject'>\n\t\t\t\t\t\t<div class='gallery-icon landscape'><a href=\"https:\/\/i0.wp.com\/www.parrinst.com\/es\/wp-content\/uploads\/sites\/7\/2011\/06\/Acid-Digestion-Family-1.jpg?ssl=1\" itemprop=\"contentURL\"><img loading=\"lazy\" decoding=\"async\" width=\"300\" height=\"239\" src=\"https:\/\/i0.wp.com\/www.parrinst.com\/es\/wp-content\/uploads\/sites\/7\/2011\/06\/Acid-Digestion-Family-1.jpg?fit=300%2C239&amp;ssl=1\" class=\"attachment-medium size-medium\" alt=\"Series 4740 Acid Digestion Vessels\" srcset=\"https:\/\/i0.wp.com\/www.parrinst.com\/es\/wp-content\/uploads\/sites\/7\/2011\/06\/Acid-Digestion-Family-1.jpg?w=600&amp;ssl=1 600w, https:\/\/i0.wp.com\/www.parrinst.com\/es\/wp-content\/uploads\/sites\/7\/2011\/06\/Acid-Digestion-Family-1.jpg?resize=189%2C150&amp;ssl=1 189w, https:\/\/i0.wp.com\/www.parrinst.com\/es\/wp-content\/uploads\/sites\/7\/2011\/06\/Acid-Digestion-Family-1.jpg?resize=300%2C239&amp;ssl=1 300w\" sizes=\"auto, (max-width: 300px) 100vw, 300px\" itemprop=\"thumbnail\" \/><\/a><\/div>\n\t\t\t\t\t<\/figure>\n\t\t\t\t\t<figure class='gallery-item col-3' itemprop='associatedMedia' itemscope itemtype='http:\/\/schema.org\/ImageObject'>\n\t\t\t\t\t\t<div class='gallery-icon portrait'><a href=\"https:\/\/i0.wp.com\/www.parrinst.com\/es\/wp-content\/uploads\/sites\/7\/2011\/06\/4781-4782_Microwave-digestion-bombs.jpg?ssl=1\" itemprop=\"contentURL\"><img loading=\"lazy\" decoding=\"async\" width=\"214\" height=\"300\" src=\"https:\/\/i0.wp.com\/www.parrinst.com\/es\/wp-content\/uploads\/sites\/7\/2011\/06\/4781-4782_Microwave-digestion-bombs.jpg?fit=214%2C300&amp;ssl=1\" class=\"attachment-medium size-medium\" alt=\"4781\/4782 Microwave Acid Digestion Vessels\" srcset=\"https:\/\/i0.wp.com\/www.parrinst.com\/es\/wp-content\/uploads\/sites\/7\/2011\/06\/4781-4782_Microwave-digestion-bombs.jpg?w=600&amp;ssl=1 600w, https:\/\/i0.wp.com\/www.parrinst.com\/es\/wp-content\/uploads\/sites\/7\/2011\/06\/4781-4782_Microwave-digestion-bombs.jpg?resize=107%2C150&amp;ssl=1 107w, https:\/\/i0.wp.com\/www.parrinst.com\/es\/wp-content\/uploads\/sites\/7\/2011\/06\/4781-4782_Microwave-digestion-bombs.jpg?resize=214%2C300&amp;ssl=1 214w\" sizes=\"auto, (max-width: 214px) 100vw, 214px\" itemprop=\"thumbnail\" \/><\/a><\/div>\n\t\t\t\t\t<\/figure>\n\t\t\t<\/div>\n\t\t\t<\/div><!-- .gallery -->\n\n<p>Los Recipientes de Digesti\u00f3n \u00c1cida Parr est\u00e1n dise\u00f1ados espec\u00edficamente para la preparaci\u00f3n de muestras de laboratorio para an\u00e1lisis qu\u00edmico. Parr ofrece recipientes de digesti\u00f3n \u00e1cida de uso general o de microondas para disolver o digerir muestras org\u00e1nicas o inorg\u00e1nicas en \u00e1cidos o \u00e1lcalis fuertes en recipientes a presi\u00f3n a temperaturas y presiones elevadas, con contenci\u00f3n y recuperaci\u00f3n completa.<\/p>\n<hr \/>\n<h3>Recipientes de Digesti\u00f3n \u00c1cida<\/h3>\n<p>Los recipientes de digesti\u00f3n de \u00e1cida Parr ofrecen una alternativa a la tarea de preparaci\u00f3n de muestras para an\u00e1lisis. Mediante la combinaci\u00f3n de la inactividad qu\u00edmica \u00fanica del PTFE con las ventajas de un recipiente a presi\u00f3n sellado, estos recipientes ofrecen un procedimiento r\u00e1pido para la disoluci\u00f3n o digesti\u00f3n de la muestra que tiene varias ventajas importantes respecto a otros m\u00e9todos tradicionales de preparaci\u00f3n de la muestra. Al proporcionar un medio conveniente para mantener \u00e1cidos o \u00e1lcalis minerales fuertes a temperaturas muy por arriba de los puntos normales de ebullici\u00f3n, estos recipientes de digesti\u00f3n resistentes har\u00e1n:<\/p>\n<ul>\n<li>Aceleran las digestiones que de otra forma se producir\u00edan lentamente si se realizaran en un recipiente abierto a presi\u00f3n atmosf\u00e9rica.<\/li>\n<li>Permiten el uso de \u00e1cidos fuertes, como HF o agua regia, que atacan a la mayor\u00eda de los otros contenedores convencionales.<\/li>\n<li>Disuelven muestras anal\u00edticas sin perder elementos traza y sin a\u00f1adir los contaminantes no deseados del propio contenedor.<\/li>\n<li>Generan una acci\u00f3n qu\u00edmica vigorosa lo cual es un gran ahorro de tiempo en procedimientos anal\u00edticos.<\/li>\n<li>Obtienen una digesti\u00f3n o disoluci\u00f3n completa de las muestras que reaccionan lenta o incompleta cuando son tratadas por otros m\u00e9todos.<\/li>\n<\/ul>\n<p>Los qu\u00edmicos que han trabajado con tubos de vidrio sellados y otros dispositivos de digesti\u00f3n engorrosos reconocen el atractivo de estos convenientes recipientes de digesti\u00f3n.<\/p>\n<hr \/>\n<h3>Recipientes de Digesti\u00f3n \u00c1cida de Microondas<\/h3>\n<p>Adem\u00e1s de\u00a0los vasos de digesti\u00f3n \u00e1cida \u00fanico , Parr ofrece una l\u00ednea de recipientes qu\u00edmicamente inertes en los que se puede usar calentamiento por microondas para la disoluci\u00f3n r\u00e1pida de la muestra en un recipiente sellado. Estas\u00a0recipientes pueden ser colocados directamente en un horno de microondas para el calentamiento espec\u00edfico de alta velocidad para reducir dr\u00e1sticamente el tiempo necesario para disolver o digerir una muestra anal\u00edtica. Se hacen en dos tama\u00f1os que pueden ser calentados en cualquier horno de microondas comercial regularmente ofrecido para uso dom\u00e9stico. No son necesarios hornos especialmente fabricados y\/o hornos con ventilaci\u00f3n.<\/p>\n","protected":false},"excerpt":{"rendered":"<p>Los Recipientes de Digesti\u00f3n \u00c1cida Parr est\u00e1n dise\u00f1ados espec\u00edficamente para la preparaci\u00f3n de muestras de laboratorio para an\u00e1lisis qu\u00edmico. Parr ofrece recipientes de digesti\u00f3n \u00e1cida de uso general o de microondas para disolver o digerir muestras org\u00e1nicas o inorg\u00e1nicas en \u00e1cidos o \u00e1lcalis fuertes en recipientes a presi\u00f3n a temperaturas y presiones elevadas, con contenci\u00f3n [&hellip;]<\/p>\n","protected":false},"author":1,"featured_media":37722,"parent":85,"menu_order":1,"comment_status":"closed","ping_status":"closed","template":"general-tabs.php","meta":{"_acf_changed":false,"footnotes":"","_links_to":"","_links_to_target":""},"class_list":["post-292","page","type-page","status-publish","has-post-thumbnail","hentry"],"acf":[],"yoast_head":"<!-- This site is optimized with the Yoast SEO plugin v27.5 - https:\/\/yoast.com\/product\/yoast-seo-wordpress\/ -->\n<title>Digesti\u00f3n \u00c1cida - Parr Instrument (Espa\u00f1ol)<\/title>\n<meta name=\"robots\" content=\"index, follow, max-snippet:-1, max-image-preview:large, max-video-preview:-1\" \/>\n<link rel=\"canonical\" href=\"https:\/\/www.parrinst.com\/es\/products\/sample-preparation\/acid-digestion\/\" \/>\n<meta property=\"og:locale\" content=\"en_US\" \/>\n<meta property=\"og:type\" content=\"article\" \/>\n<meta property=\"og:title\" content=\"Digesti\u00f3n \u00c1cida - Parr Instrument (Espa\u00f1ol)\" \/>\n<meta property=\"og:description\" content=\"Los Recipientes de Digesti\u00f3n \u00c1cida Parr est\u00e1n dise\u00f1ados espec\u00edficamente para la preparaci\u00f3n de muestras de laboratorio para an\u00e1lisis qu\u00edmico. Parr ofrece recipientes de digesti\u00f3n \u00e1cida de uso general o de microondas para disolver o digerir muestras org\u00e1nicas o inorg\u00e1nicas en \u00e1cidos o \u00e1lcalis fuertes en recipientes a presi\u00f3n a temperaturas y presiones elevadas, con contenci\u00f3n [&hellip;]\" \/>\n<meta property=\"og:url\" content=\"https:\/\/www.parrinst.com\/es\/products\/sample-preparation\/acid-digestion\/\" \/>\n<meta property=\"og:site_name\" content=\"Parr Instrument (Espa\u00f1ol)\" \/>\n<meta property=\"article:modified_time\" content=\"2016-07-22T17:07:40+00:00\" \/>\n<meta property=\"og:image\" content=\"https:\/\/www.parrinst.com\/es\/files\/2018\/01\/parr_banner_sample-prep_secondary-1.jpg\" \/>\n\t<meta property=\"og:image:width\" content=\"2200\" \/>\n\t<meta property=\"og:image:height\" content=\"399\" \/>\n\t<meta property=\"og:image:type\" content=\"image\/jpeg\" \/>\n<meta name=\"twitter:card\" content=\"summary_large_image\" \/>\n<meta name=\"twitter:label1\" content=\"Est. reading time\" \/>\n\t<meta name=\"twitter:data1\" content=\"2 minutes\" \/>\n<script type=\"application\/ld+json\" class=\"yoast-schema-graph\">{\"@context\":\"https:\\\/\\\/schema.org\",\"@graph\":[{\"@type\":\"WebPage\",\"@id\":\"https:\\\/\\\/www.parrinst.com\\\/es\\\/products\\\/sample-preparation\\\/acid-digestion\\\/\",\"url\":\"https:\\\/\\\/www.parrinst.com\\\/es\\\/products\\\/sample-preparation\\\/acid-digestion\\\/\",\"name\":\"Digesti\u00f3n \u00c1cida - Parr Instrument (Espa\u00f1ol)\",\"isPartOf\":{\"@id\":\"https:\\\/\\\/www.parrinst.com\\\/es\\\/#website\"},\"primaryImageOfPage\":{\"@id\":\"https:\\\/\\\/www.parrinst.com\\\/es\\\/products\\\/sample-preparation\\\/acid-digestion\\\/#primaryimage\"},\"image\":{\"@id\":\"https:\\\/\\\/www.parrinst.com\\\/es\\\/products\\\/sample-preparation\\\/acid-digestion\\\/#primaryimage\"},\"thumbnailUrl\":\"https:\\\/\\\/i0.wp.com\\\/www.parrinst.com\\\/es\\\/wp-content\\\/uploads\\\/sites\\\/7\\\/2018\\\/01\\\/parr_banner_sample-prep_secondary-1.jpg?fit=2200%2C399&ssl=1\",\"datePublished\":\"2011-03-11T02:11:39+00:00\",\"dateModified\":\"2016-07-22T17:07:40+00:00\",\"breadcrumb\":{\"@id\":\"https:\\\/\\\/www.parrinst.com\\\/es\\\/products\\\/sample-preparation\\\/acid-digestion\\\/#breadcrumb\"},\"inLanguage\":\"en-US\",\"potentialAction\":[{\"@type\":\"ReadAction\",\"target\":[\"https:\\\/\\\/www.parrinst.com\\\/es\\\/products\\\/sample-preparation\\\/acid-digestion\\\/\"]}]},{\"@type\":\"ImageObject\",\"inLanguage\":\"en-US\",\"@id\":\"https:\\\/\\\/www.parrinst.com\\\/es\\\/products\\\/sample-preparation\\\/acid-digestion\\\/#primaryimage\",\"url\":\"https:\\\/\\\/i0.wp.com\\\/www.parrinst.com\\\/es\\\/wp-content\\\/uploads\\\/sites\\\/7\\\/2018\\\/01\\\/parr_banner_sample-prep_secondary-1.jpg?fit=2200%2C399&ssl=1\",\"contentUrl\":\"https:\\\/\\\/i0.wp.com\\\/www.parrinst.com\\\/es\\\/wp-content\\\/uploads\\\/sites\\\/7\\\/2018\\\/01\\\/parr_banner_sample-prep_secondary-1.jpg?fit=2200%2C399&ssl=1\",\"width\":2200,\"height\":399},{\"@type\":\"BreadcrumbList\",\"@id\":\"https:\\\/\\\/www.parrinst.com\\\/es\\\/products\\\/sample-preparation\\\/acid-digestion\\\/#breadcrumb\",\"itemListElement\":[{\"@type\":\"ListItem\",\"position\":1,\"name\":\"Home\",\"item\":\"https:\\\/\\\/www.parrinst.com\\\/es\\\/\"},{\"@type\":\"ListItem\",\"position\":2,\"name\":\"Products\",\"item\":\"https:\\\/\\\/www.parrinst.com\\\/es\\\/products\\\/\"},{\"@type\":\"ListItem\",\"position\":3,\"name\":\"Preparaci\u00f3n de Muestras\",\"item\":\"https:\\\/\\\/www.parrinst.com\\\/es\\\/products\\\/sample-preparation\\\/\"},{\"@type\":\"ListItem\",\"position\":4,\"name\":\"Digesti\u00f3n \u00c1cida\"}]},{\"@type\":\"WebSite\",\"@id\":\"https:\\\/\\\/www.parrinst.com\\\/es\\\/#website\",\"url\":\"https:\\\/\\\/www.parrinst.com\\\/es\\\/\",\"name\":\"Parr Instrument (Espa\u00f1ol)\",\"description\":\"\",\"potentialAction\":[{\"@type\":\"SearchAction\",\"target\":{\"@type\":\"EntryPoint\",\"urlTemplate\":\"https:\\\/\\\/www.parrinst.com\\\/es\\\/?s={search_term_string}\"},\"query-input\":{\"@type\":\"PropertyValueSpecification\",\"valueRequired\":true,\"valueName\":\"search_term_string\"}}],\"inLanguage\":\"en-US\"}]}<\/script>\n<!-- \/ Yoast SEO plugin. -->","yoast_head_json":{"title":"Digesti\u00f3n \u00c1cida - Parr Instrument (Espa\u00f1ol)","robots":{"index":"index","follow":"follow","max-snippet":"max-snippet:-1","max-image-preview":"max-image-preview:large","max-video-preview":"max-video-preview:-1"},"canonical":"https:\/\/www.parrinst.com\/es\/products\/sample-preparation\/acid-digestion\/","og_locale":"en_US","og_type":"article","og_title":"Digesti\u00f3n \u00c1cida - Parr Instrument (Espa\u00f1ol)","og_description":"Los Recipientes de Digesti\u00f3n \u00c1cida Parr est\u00e1n dise\u00f1ados espec\u00edficamente para la preparaci\u00f3n de muestras de laboratorio para an\u00e1lisis qu\u00edmico. Parr ofrece recipientes de digesti\u00f3n \u00e1cida de uso general o de microondas para disolver o digerir muestras org\u00e1nicas o inorg\u00e1nicas en \u00e1cidos o \u00e1lcalis fuertes en recipientes a presi\u00f3n a temperaturas y presiones elevadas, con contenci\u00f3n [&hellip;]","og_url":"https:\/\/www.parrinst.com\/es\/products\/sample-preparation\/acid-digestion\/","og_site_name":"Parr Instrument (Espa\u00f1ol)","article_modified_time":"2016-07-22T17:07:40+00:00","og_image":[{"width":2200,"height":399,"url":"https:\/\/www.parrinst.com\/es\/files\/2018\/01\/parr_banner_sample-prep_secondary-1.jpg","type":"image\/jpeg"}],"twitter_card":"summary_large_image","twitter_misc":{"Est. reading time":"2 minutes"},"schema":{"@context":"https:\/\/schema.org","@graph":[{"@type":"WebPage","@id":"https:\/\/www.parrinst.com\/es\/products\/sample-preparation\/acid-digestion\/","url":"https:\/\/www.parrinst.com\/es\/products\/sample-preparation\/acid-digestion\/","name":"Digesti\u00f3n \u00c1cida - Parr Instrument (Espa\u00f1ol)","isPartOf":{"@id":"https:\/\/www.parrinst.com\/es\/#website"},"primaryImageOfPage":{"@id":"https:\/\/www.parrinst.com\/es\/products\/sample-preparation\/acid-digestion\/#primaryimage"},"image":{"@id":"https:\/\/www.parrinst.com\/es\/products\/sample-preparation\/acid-digestion\/#primaryimage"},"thumbnailUrl":"https:\/\/i0.wp.com\/www.parrinst.com\/es\/wp-content\/uploads\/sites\/7\/2018\/01\/parr_banner_sample-prep_secondary-1.jpg?fit=2200%2C399&ssl=1","datePublished":"2011-03-11T02:11:39+00:00","dateModified":"2016-07-22T17:07:40+00:00","breadcrumb":{"@id":"https:\/\/www.parrinst.com\/es\/products\/sample-preparation\/acid-digestion\/#breadcrumb"},"inLanguage":"en-US","potentialAction":[{"@type":"ReadAction","target":["https:\/\/www.parrinst.com\/es\/products\/sample-preparation\/acid-digestion\/"]}]},{"@type":"ImageObject","inLanguage":"en-US","@id":"https:\/\/www.parrinst.com\/es\/products\/sample-preparation\/acid-digestion\/#primaryimage","url":"https:\/\/i0.wp.com\/www.parrinst.com\/es\/wp-content\/uploads\/sites\/7\/2018\/01\/parr_banner_sample-prep_secondary-1.jpg?fit=2200%2C399&ssl=1","contentUrl":"https:\/\/i0.wp.com\/www.parrinst.com\/es\/wp-content\/uploads\/sites\/7\/2018\/01\/parr_banner_sample-prep_secondary-1.jpg?fit=2200%2C399&ssl=1","width":2200,"height":399},{"@type":"BreadcrumbList","@id":"https:\/\/www.parrinst.com\/es\/products\/sample-preparation\/acid-digestion\/#breadcrumb","itemListElement":[{"@type":"ListItem","position":1,"name":"Home","item":"https:\/\/www.parrinst.com\/es\/"},{"@type":"ListItem","position":2,"name":"Products","item":"https:\/\/www.parrinst.com\/es\/products\/"},{"@type":"ListItem","position":3,"name":"Preparaci\u00f3n de Muestras","item":"https:\/\/www.parrinst.com\/es\/products\/sample-preparation\/"},{"@type":"ListItem","position":4,"name":"Digesti\u00f3n \u00c1cida"}]},{"@type":"WebSite","@id":"https:\/\/www.parrinst.com\/es\/#website","url":"https:\/\/www.parrinst.com\/es\/","name":"Parr Instrument (Espa\u00f1ol)","description":"","potentialAction":[{"@type":"SearchAction","target":{"@type":"EntryPoint","urlTemplate":"https:\/\/www.parrinst.com\/es\/?s={search_term_string}"},"query-input":{"@type":"PropertyValueSpecification","valueRequired":true,"valueName":"search_term_string"}}],"inLanguage":"en-US"}]}},"jetpack_sharing_enabled":true,"_links":{"self":[{"href":"https:\/\/www.parrinst.com\/es\/wp-json\/wp\/v2\/pages\/292","targetHints":{"allow":["GET"]}}],"collection":[{"href":"https:\/\/www.parrinst.com\/es\/wp-json\/wp\/v2\/pages"}],"about":[{"href":"https:\/\/www.parrinst.com\/es\/wp-json\/wp\/v2\/types\/page"}],"author":[{"embeddable":true,"href":"https:\/\/www.parrinst.com\/es\/wp-json\/wp\/v2\/users\/1"}],"replies":[{"embeddable":true,"href":"https:\/\/www.parrinst.com\/es\/wp-json\/wp\/v2\/comments?post=292"}],"version-history":[{"count":0,"href":"https:\/\/www.parrinst.com\/es\/wp-json\/wp\/v2\/pages\/292\/revisions"}],"up":[{"embeddable":true,"href":"https:\/\/www.parrinst.com\/es\/wp-json\/wp\/v2\/pages\/85"}],"wp:featuredmedia":[{"embeddable":true,"href":"https:\/\/www.parrinst.com\/es\/wp-json\/wp\/v2\/media\/37722"}],"wp:attachment":[{"href":"https:\/\/www.parrinst.com\/es\/wp-json\/wp\/v2\/media?parent=292"}],"curies":[{"name":"wp","href":"https:\/\/api.w.org\/{rel}","templated":true}]}}