{"id":306,"date":"2011-03-10T20:22:23","date_gmt":"2011-03-11T02:22:23","guid":{"rendered":"https:\/\/www.parrinst.com\/?page_id=306"},"modified":"2018-03-12T13:03:48","modified_gmt":"2018-03-12T19:03:48","slug":"4848-reactor-controller","status":"publish","type":"page","link":"https:\/\/www.parrinst.com\/es\/products\/controllers\/4848-reactor-controller\/","title":{"rendered":"Controlador de Reactor 4848"},"content":{"rendered":"<figure id=\"attachment_3753\" aria-describedby=\"caption-attachment-3753\" style=\"width: 300px\" class=\"wp-caption alignright\"><a href=\"https:\/\/i0.wp.com\/www.parrinst.com\/es\/wp-content\/uploads\/sites\/7\/2011\/06\/4848DSC_6170_01.jpg?ssl=1\"><img data-recalc-dims=\"1\" loading=\"lazy\" decoding=\"async\" class=\"wp-image-3753 size-medium\" src=\"https:\/\/i0.wp.com\/www.parrinst.com\/es\/wp-content\/uploads\/sites\/7\/2011\/06\/4848DSC_6170_01.jpg?resize=300%2C226&#038;ssl=1\" alt=\"Controlador de Reactor 4848\" width=\"300\" height=\"226\" srcset=\"https:\/\/i0.wp.com\/www.parrinst.com\/es\/wp-content\/uploads\/sites\/7\/2011\/06\/4848DSC_6170_01.jpg?resize=300%2C226&amp;ssl=1 300w, https:\/\/i0.wp.com\/www.parrinst.com\/es\/wp-content\/uploads\/sites\/7\/2011\/06\/4848DSC_6170_01.jpg?resize=199%2C150&amp;ssl=1 199w, https:\/\/i0.wp.com\/www.parrinst.com\/es\/wp-content\/uploads\/sites\/7\/2011\/06\/4848DSC_6170_01.jpg?w=600&amp;ssl=1 600w\" sizes=\"auto, (max-width: 300px) 100vw, 300px\" \/><\/a><figcaption id=\"caption-attachment-3753\" class=\"wp-caption-text\">Controlador de Reactor\u00a04848 mostrado con m\u00f3dulos de expansion PTM, MCM, PDM y HTM<\/figcaption><\/figure>\n<p><strong>El Controlador 4848 Parr<\/strong> ofrece comunicaci\u00f3n digital a todas las funciones de estos controladores modulares de reactores.<\/p>\n<p>Caracter\u00edsticas del Controlador 4848:<\/p>\n<ul>\n<li>Programaci\u00f3n PID, con auto ajuste, para el control preciso de temperatura y sobrecalentamiento m\u00ednimo<\/li>\n<li>Programaci\u00f3n Rampa e isoterma<\/li>\n<li>Lazos de control de calentamiento y enfriamiento separados<\/li>\n<li>M\u00f3dulo Opcional de V\u00e1lvula Solenoide para el control del enfriamiento<\/li>\n<li>Control de velocidad del motor<\/li>\n<li><span class=\"hps\">Interruptor de<\/span> <span class=\"hps\">alta<\/span> <span class=\"hps\">o baja<\/span> <span class=\"hps\">calentador de<\/span> <span class=\"hps\">potencia<\/span><\/li>\n<li>Rel\u00e9 de bloqueo y restablecimiento por protecci\u00f3n de sobre temperature<\/li>\n<li>M<span class=\"hps\">\u00f3dulos de expansi\u00f3n<\/span> <span class=\"hps\">opcionales para<\/span> <span class=\"hps\">tac\u00f3metro,<\/span> <span class=\"hps\">presi\u00f3n y<\/span> <span class=\"hps\">alarma de alta temperatura<\/span><\/li>\n<\/ul>\n<p>&nbsp;<\/p>\n<figure id=\"attachment_2416\" aria-describedby=\"caption-attachment-2416\" style=\"width: 300px\" class=\"wp-caption alignright\"><a href=\"https:\/\/i0.wp.com\/www.parrinst.com\/es\/wp-content\/uploads\/sites\/7\/2011\/06\/4848_Process-Controller_back.jpg?ssl=1\"><img data-recalc-dims=\"1\" loading=\"lazy\" decoding=\"async\" class=\"wp-image-2416 size-medium\" src=\"https:\/\/i0.wp.com\/www.parrinst.com\/es\/wp-content\/uploads\/sites\/7\/2011\/06\/4848_Process-Controller_back.jpg?resize=300%2C240&#038;ssl=1\" alt=\"Panel posterior 4848 (se muestra el Modelo de 115V)\" width=\"300\" height=\"240\" srcset=\"https:\/\/i0.wp.com\/www.parrinst.com\/es\/wp-content\/uploads\/sites\/7\/2011\/06\/4848_Process-Controller_back.jpg?resize=300%2C240&amp;ssl=1 300w, https:\/\/i0.wp.com\/www.parrinst.com\/es\/wp-content\/uploads\/sites\/7\/2011\/06\/4848_Process-Controller_back.jpg?resize=188%2C150&amp;ssl=1 188w, https:\/\/i0.wp.com\/www.parrinst.com\/es\/wp-content\/uploads\/sites\/7\/2011\/06\/4848_Process-Controller_back.jpg?w=600&amp;ssl=1 600w\" sizes=\"auto, (max-width: 300px) 100vw, 300px\" \/><\/a><figcaption id=\"caption-attachment-2416\" class=\"wp-caption-text\">Panel posterior 4848 (se muestra el Modelo de 115V)<\/figcaption><\/figure>\n<p>En el controlador 4848, los m\u00f3dulos de expansi\u00f3n para la Visualizaci\u00f3n de la velocidad del agitador, lectura de la presi\u00f3n del recipiente, protecci\u00f3n de alta temperatura, y lectura de la corriente del motor, as\u00ed como el controlador de temperatura primaria est\u00e1n equipados con Comunicaci\u00f3nes digitales bidireccionales [RS-485] que permiten que el usuario no s\u00f3lo registre toda las lecturas actuales en una PC, sino tambi\u00e9n enviar los puntos de ajuste, velocidades de agitaci\u00f3n, y los valores de alarma desde la PC al controlador 4848. Debido a la flexibilidad de esta configuraci\u00f3n tambi\u00e9n se puede usar para encadenar m\u00faltiples controladores 4848 a la misma PC.<\/p>\n<p>&nbsp;<\/p>\n<p><a id=\"4848B\" name=\"4848B\"><\/a><\/p>\n<h3>Controlador Expandido de Reactor Modelo 4848B<\/h3>\n<figure id=\"attachment_2419\" aria-describedby=\"caption-attachment-2419\" style=\"width: 300px\" class=\"wp-caption alignright\"><a href=\"https:\/\/i0.wp.com\/www.parrinst.com\/es\/wp-content\/uploads\/sites\/7\/2011\/06\/4848B_Process-Controller_front.jpg?ssl=1\"><img data-recalc-dims=\"1\" loading=\"lazy\" decoding=\"async\" class=\"wp-image-2419 size-medium\" title=\"Controlador de Reactor 4848B\" src=\"https:\/\/i0.wp.com\/www.parrinst.com\/es\/wp-content\/uploads\/sites\/7\/2011\/06\/4848B_Process-Controller_front.jpg?resize=300%2C207&#038;ssl=1\" alt=\"Controlador de Reactor 4848B con seis medidores de panel\" width=\"300\" height=\"207\" srcset=\"https:\/\/i0.wp.com\/www.parrinst.com\/es\/wp-content\/uploads\/sites\/7\/2011\/06\/4848B_Process-Controller_front.jpg?resize=300%2C207&amp;ssl=1 300w, https:\/\/i0.wp.com\/www.parrinst.com\/es\/wp-content\/uploads\/sites\/7\/2011\/06\/4848B_Process-Controller_front.jpg?resize=217%2C150&amp;ssl=1 217w, https:\/\/i0.wp.com\/www.parrinst.com\/es\/wp-content\/uploads\/sites\/7\/2011\/06\/4848B_Process-Controller_front.jpg?w=600&amp;ssl=1 600w\" sizes=\"auto, (max-width: 300px) 100vw, 300px\" \/><\/a><figcaption id=\"caption-attachment-2419\" class=\"wp-caption-text\">Controlador de Reactor 4848B con hasta seis medidores de panel<\/figcaption><\/figure>\n<p>El Controlador Expandido de Reactor Modelo 4848B es una versi\u00f3n m\u00e1s grande del Controlador de Reactor Modelo 4848. Tiene el mismo m\u00f3dulo de control de temperatura primaria que el 4848, y puede acomodar hasta seis m\u00f3dulos de expansi\u00f3n. Tambi\u00e9n se comunica mediante el software A3504HC SpecView.<\/p>\n<p>El 4848B resulta especialmente \u00fatil cuando el proceso requiere m\u00e1s m\u00f3dulos de los que un 4848 puede manejar. Una aplicaci\u00f3n com\u00fan ser\u00eda un reactor con agitaci\u00f3n que requiere que una pantalla muestre la presi\u00f3n interna y la presi\u00f3n de una bureta de gas externa. El 4848B tiene un chasis con espacio suficiente para las buretas y los cables, as\u00ed como para otras infraestructuras.<\/p>\n<p>El 4848B tambi\u00e9n tiene dos m\u00f3dulos Auxiliares opcionales que leen una se\u00f1al anal\u00f3gica, por lo general de 4-20 mA o de 0-5VDC. Estos pueden ser alimentados en el chasis a trav\u00e9s de una ranura de entrada auxiliar espec\u00edfica.<\/p>\n<h3>Controlador Principal Modelo 4848M<\/h3>\n<p>El Controlador Maestro 4848M normalmente se utiliza con calefactores multi- zonas, como los utilizados en nuestros reactores con agitaci\u00f3n Serie 4555. Este interact\u00faa con una o m\u00e1s cajas testigo, lo que permite utilizar una fuente dealimentaci\u00f3n dedicada para cada zona.<\/p>\n<h3>Controlador de Reactor Modelo 4848A para motores de Corriente\u00a0Alterna<\/h3>\n<p>El 4848A se puede utilizar con motores de corriente alterna. Los motores de corriente directa son comunes en un equipo Parr, pero algunas aplicaciones espec\u00edficas requieren motores de corriente alterna. El 4848A permite monitorear un tac\u00f3metro o m\u00f3dulo de control del motor para utilizarse con un motor de corriente alterna.<\/p>\n","protected":false},"excerpt":{"rendered":"<p>El Controlador 4848 Parr ofrece comunicaci\u00f3n digital a todas las funciones de estos controladores modulares de reactores. Caracter\u00edsticas del Controlador 4848: Programaci\u00f3n PID, con auto ajuste, para el control preciso de temperatura y sobrecalentamiento m\u00ednimo Programaci\u00f3n Rampa e isoterma Lazos de control de calentamiento y enfriamiento separados M\u00f3dulo Opcional de V\u00e1lvula Solenoide para el control [&hellip;]<\/p>\n","protected":false},"author":1,"featured_media":38132,"parent":87,"menu_order":1,"comment_status":"closed","ping_status":"closed","template":"product-narrow.php","meta":{"_acf_changed":false,"footnotes":"","_links_to":"","_links_to_target":""},"class_list":["post-306","page","type-page","status-publish","has-post-thumbnail","hentry"],"acf":[],"yoast_head":"<!-- This site is optimized with the Yoast SEO plugin v27.5 - https:\/\/yoast.com\/product\/yoast-seo-wordpress\/ -->\n<title>Controlador de Reactor 4848 - Parr Instrument (Espa\u00f1ol)<\/title>\n<meta name=\"robots\" content=\"index, follow, max-snippet:-1, max-image-preview:large, max-video-preview:-1\" \/>\n<link rel=\"canonical\" href=\"https:\/\/www.parrinst.com\/es\/products\/controllers\/4848-reactor-controller\/\" \/>\n<meta property=\"og:locale\" content=\"en_US\" \/>\n<meta property=\"og:type\" content=\"article\" \/>\n<meta property=\"og:title\" content=\"Controlador de Reactor 4848 - Parr Instrument (Espa\u00f1ol)\" \/>\n<meta property=\"og:description\" content=\"El Controlador 4848 Parr ofrece comunicaci\u00f3n digital a todas las funciones de estos controladores modulares de reactores. Caracter\u00edsticas del Controlador 4848: Programaci\u00f3n PID, con auto ajuste, para el control preciso de temperatura y sobrecalentamiento m\u00ednimo Programaci\u00f3n Rampa e isoterma Lazos de control de calentamiento y enfriamiento separados M\u00f3dulo Opcional de V\u00e1lvula Solenoide para el control [&hellip;]\" \/>\n<meta property=\"og:url\" content=\"https:\/\/www.parrinst.com\/es\/products\/controllers\/4848-reactor-controller\/\" \/>\n<meta property=\"og:site_name\" content=\"Parr Instrument (Espa\u00f1ol)\" \/>\n<meta property=\"article:modified_time\" content=\"2018-03-12T19:03:48+00:00\" \/>\n<meta property=\"og:image\" content=\"https:\/\/www.parrinst.com\/es\/files\/2018\/03\/Controller_banner3PI2_1068.jpg\" \/>\n\t<meta property=\"og:image:width\" content=\"2200\" \/>\n\t<meta property=\"og:image:height\" content=\"399\" \/>\n\t<meta property=\"og:image:type\" content=\"image\/jpeg\" \/>\n<meta name=\"twitter:card\" content=\"summary_large_image\" \/>\n<meta name=\"twitter:label1\" content=\"Est. reading time\" \/>\n\t<meta name=\"twitter:data1\" content=\"3 minutes\" \/>\n<script type=\"application\/ld+json\" class=\"yoast-schema-graph\">{\"@context\":\"https:\\\/\\\/schema.org\",\"@graph\":[{\"@type\":\"WebPage\",\"@id\":\"https:\\\/\\\/www.parrinst.com\\\/es\\\/products\\\/controllers\\\/4848-reactor-controller\\\/\",\"url\":\"https:\\\/\\\/www.parrinst.com\\\/es\\\/products\\\/controllers\\\/4848-reactor-controller\\\/\",\"name\":\"Controlador de Reactor 4848 - Parr Instrument (Espa\u00f1ol)\",\"isPartOf\":{\"@id\":\"https:\\\/\\\/www.parrinst.com\\\/es\\\/#website\"},\"primaryImageOfPage\":{\"@id\":\"https:\\\/\\\/www.parrinst.com\\\/es\\\/products\\\/controllers\\\/4848-reactor-controller\\\/#primaryimage\"},\"image\":{\"@id\":\"https:\\\/\\\/www.parrinst.com\\\/es\\\/products\\\/controllers\\\/4848-reactor-controller\\\/#primaryimage\"},\"thumbnailUrl\":\"https:\\\/\\\/i0.wp.com\\\/www.parrinst.com\\\/es\\\/wp-content\\\/uploads\\\/sites\\\/7\\\/2018\\\/03\\\/Controller_banner3PI2_1068.jpg?fit=2200%2C399&ssl=1\",\"datePublished\":\"2011-03-11T02:22:23+00:00\",\"dateModified\":\"2018-03-12T19:03:48+00:00\",\"breadcrumb\":{\"@id\":\"https:\\\/\\\/www.parrinst.com\\\/es\\\/products\\\/controllers\\\/4848-reactor-controller\\\/#breadcrumb\"},\"inLanguage\":\"en-US\",\"potentialAction\":[{\"@type\":\"ReadAction\",\"target\":[\"https:\\\/\\\/www.parrinst.com\\\/es\\\/products\\\/controllers\\\/4848-reactor-controller\\\/\"]}]},{\"@type\":\"ImageObject\",\"inLanguage\":\"en-US\",\"@id\":\"https:\\\/\\\/www.parrinst.com\\\/es\\\/products\\\/controllers\\\/4848-reactor-controller\\\/#primaryimage\",\"url\":\"https:\\\/\\\/i0.wp.com\\\/www.parrinst.com\\\/es\\\/wp-content\\\/uploads\\\/sites\\\/7\\\/2018\\\/03\\\/Controller_banner3PI2_1068.jpg?fit=2200%2C399&ssl=1\",\"contentUrl\":\"https:\\\/\\\/i0.wp.com\\\/www.parrinst.com\\\/es\\\/wp-content\\\/uploads\\\/sites\\\/7\\\/2018\\\/03\\\/Controller_banner3PI2_1068.jpg?fit=2200%2C399&ssl=1\",\"width\":2200,\"height\":399},{\"@type\":\"BreadcrumbList\",\"@id\":\"https:\\\/\\\/www.parrinst.com\\\/es\\\/products\\\/controllers\\\/4848-reactor-controller\\\/#breadcrumb\",\"itemListElement\":[{\"@type\":\"ListItem\",\"position\":1,\"name\":\"Home\",\"item\":\"https:\\\/\\\/www.parrinst.com\\\/es\\\/\"},{\"@type\":\"ListItem\",\"position\":2,\"name\":\"Products\",\"item\":\"https:\\\/\\\/www.parrinst.com\\\/es\\\/products\\\/\"},{\"@type\":\"ListItem\",\"position\":3,\"name\":\"Controladores\",\"item\":\"https:\\\/\\\/www.parrinst.com\\\/es\\\/products\\\/controllers\\\/\"},{\"@type\":\"ListItem\",\"position\":4,\"name\":\"Controlador de Reactor 4848\"}]},{\"@type\":\"WebSite\",\"@id\":\"https:\\\/\\\/www.parrinst.com\\\/es\\\/#website\",\"url\":\"https:\\\/\\\/www.parrinst.com\\\/es\\\/\",\"name\":\"Parr Instrument (Espa\u00f1ol)\",\"description\":\"\",\"potentialAction\":[{\"@type\":\"SearchAction\",\"target\":{\"@type\":\"EntryPoint\",\"urlTemplate\":\"https:\\\/\\\/www.parrinst.com\\\/es\\\/?s={search_term_string}\"},\"query-input\":{\"@type\":\"PropertyValueSpecification\",\"valueRequired\":true,\"valueName\":\"search_term_string\"}}],\"inLanguage\":\"en-US\"}]}<\/script>\n<!-- \/ Yoast SEO plugin. -->","yoast_head_json":{"title":"Controlador de Reactor 4848 - Parr Instrument (Espa\u00f1ol)","robots":{"index":"index","follow":"follow","max-snippet":"max-snippet:-1","max-image-preview":"max-image-preview:large","max-video-preview":"max-video-preview:-1"},"canonical":"https:\/\/www.parrinst.com\/es\/products\/controllers\/4848-reactor-controller\/","og_locale":"en_US","og_type":"article","og_title":"Controlador de Reactor 4848 - Parr Instrument (Espa\u00f1ol)","og_description":"El Controlador 4848 Parr ofrece comunicaci\u00f3n digital a todas las funciones de estos controladores modulares de reactores. Caracter\u00edsticas del Controlador 4848: Programaci\u00f3n PID, con auto ajuste, para el control preciso de temperatura y sobrecalentamiento m\u00ednimo Programaci\u00f3n Rampa e isoterma Lazos de control de calentamiento y enfriamiento separados M\u00f3dulo Opcional de V\u00e1lvula Solenoide para el control [&hellip;]","og_url":"https:\/\/www.parrinst.com\/es\/products\/controllers\/4848-reactor-controller\/","og_site_name":"Parr Instrument (Espa\u00f1ol)","article_modified_time":"2018-03-12T19:03:48+00:00","og_image":[{"width":2200,"height":399,"url":"https:\/\/www.parrinst.com\/es\/files\/2018\/03\/Controller_banner3PI2_1068.jpg","type":"image\/jpeg"}],"twitter_card":"summary_large_image","twitter_misc":{"Est. reading time":"3 minutes"},"schema":{"@context":"https:\/\/schema.org","@graph":[{"@type":"WebPage","@id":"https:\/\/www.parrinst.com\/es\/products\/controllers\/4848-reactor-controller\/","url":"https:\/\/www.parrinst.com\/es\/products\/controllers\/4848-reactor-controller\/","name":"Controlador de Reactor 4848 - Parr Instrument (Espa\u00f1ol)","isPartOf":{"@id":"https:\/\/www.parrinst.com\/es\/#website"},"primaryImageOfPage":{"@id":"https:\/\/www.parrinst.com\/es\/products\/controllers\/4848-reactor-controller\/#primaryimage"},"image":{"@id":"https:\/\/www.parrinst.com\/es\/products\/controllers\/4848-reactor-controller\/#primaryimage"},"thumbnailUrl":"https:\/\/i0.wp.com\/www.parrinst.com\/es\/wp-content\/uploads\/sites\/7\/2018\/03\/Controller_banner3PI2_1068.jpg?fit=2200%2C399&ssl=1","datePublished":"2011-03-11T02:22:23+00:00","dateModified":"2018-03-12T19:03:48+00:00","breadcrumb":{"@id":"https:\/\/www.parrinst.com\/es\/products\/controllers\/4848-reactor-controller\/#breadcrumb"},"inLanguage":"en-US","potentialAction":[{"@type":"ReadAction","target":["https:\/\/www.parrinst.com\/es\/products\/controllers\/4848-reactor-controller\/"]}]},{"@type":"ImageObject","inLanguage":"en-US","@id":"https:\/\/www.parrinst.com\/es\/products\/controllers\/4848-reactor-controller\/#primaryimage","url":"https:\/\/i0.wp.com\/www.parrinst.com\/es\/wp-content\/uploads\/sites\/7\/2018\/03\/Controller_banner3PI2_1068.jpg?fit=2200%2C399&ssl=1","contentUrl":"https:\/\/i0.wp.com\/www.parrinst.com\/es\/wp-content\/uploads\/sites\/7\/2018\/03\/Controller_banner3PI2_1068.jpg?fit=2200%2C399&ssl=1","width":2200,"height":399},{"@type":"BreadcrumbList","@id":"https:\/\/www.parrinst.com\/es\/products\/controllers\/4848-reactor-controller\/#breadcrumb","itemListElement":[{"@type":"ListItem","position":1,"name":"Home","item":"https:\/\/www.parrinst.com\/es\/"},{"@type":"ListItem","position":2,"name":"Products","item":"https:\/\/www.parrinst.com\/es\/products\/"},{"@type":"ListItem","position":3,"name":"Controladores","item":"https:\/\/www.parrinst.com\/es\/products\/controllers\/"},{"@type":"ListItem","position":4,"name":"Controlador de Reactor 4848"}]},{"@type":"WebSite","@id":"https:\/\/www.parrinst.com\/es\/#website","url":"https:\/\/www.parrinst.com\/es\/","name":"Parr Instrument (Espa\u00f1ol)","description":"","potentialAction":[{"@type":"SearchAction","target":{"@type":"EntryPoint","urlTemplate":"https:\/\/www.parrinst.com\/es\/?s={search_term_string}"},"query-input":{"@type":"PropertyValueSpecification","valueRequired":true,"valueName":"search_term_string"}}],"inLanguage":"en-US"}]}},"jetpack_sharing_enabled":true,"_links":{"self":[{"href":"https:\/\/www.parrinst.com\/es\/wp-json\/wp\/v2\/pages\/306","targetHints":{"allow":["GET"]}}],"collection":[{"href":"https:\/\/www.parrinst.com\/es\/wp-json\/wp\/v2\/pages"}],"about":[{"href":"https:\/\/www.parrinst.com\/es\/wp-json\/wp\/v2\/types\/page"}],"author":[{"embeddable":true,"href":"https:\/\/www.parrinst.com\/es\/wp-json\/wp\/v2\/users\/1"}],"replies":[{"embeddable":true,"href":"https:\/\/www.parrinst.com\/es\/wp-json\/wp\/v2\/comments?post=306"}],"version-history":[{"count":3,"href":"https:\/\/www.parrinst.com\/es\/wp-json\/wp\/v2\/pages\/306\/revisions"}],"predecessor-version":[{"id":38234,"href":"https:\/\/www.parrinst.com\/es\/wp-json\/wp\/v2\/pages\/306\/revisions\/38234"}],"up":[{"embeddable":true,"href":"https:\/\/www.parrinst.com\/es\/wp-json\/wp\/v2\/pages\/87"}],"wp:featuredmedia":[{"embeddable":true,"href":"https:\/\/www.parrinst.com\/es\/wp-json\/wp\/v2\/media\/38132"}],"wp:attachment":[{"href":"https:\/\/www.parrinst.com\/es\/wp-json\/wp\/v2\/media?parent=306"}],"curies":[{"name":"wp","href":"https:\/\/api.w.org\/{rel}","templated":true}]}}