{"id":325,"date":"2011-03-10T20:31:03","date_gmt":"2011-03-11T02:31:03","guid":{"rendered":"https:\/\/www.parrinst.com\/?page_id=325"},"modified":"2016-07-15T14:28:53","modified_gmt":"2016-07-15T19:28:53","slug":"cell-disruption-vessels","status":"publish","type":"page","link":"https:\/\/www.parrinst.com\/es\/products\/sample-preparation\/cell-disruption\/cell-disruption-vessels\/","title":{"rendered":"Recipientes de Ruptura Celular Modelos 4636-4638, 1850 ml &#8211; 2 Galonres"},"content":{"rendered":"<p>Los recipientes m\u00e1s grandes, 4636 (1850 ml), 4637 (1 gal\u00f3n) y 4638 (2 galones), son para aplicaciones de gran volumen. Los usuarios deber\u00e1n llevar a cabo experimentos preliminares en el recipiente 4635 para confirmar la idoneidad del procedimiento antes de pasar a estos tama\u00f1os m\u00e1s grandes.<\/p>\n<h2>Conexiones de Llenado de Nitr\u00f3geno Incluidas<\/h2>\n<p>Se entrega una Conexi\u00f3n de Llenado de Nitr\u00f3geno 1831 con cada recipiente que provee todos las conexiones necesarios para llenar el recipiente de un cilindro de nitr\u00f3geno comercial. La Conexi\u00f3n 1823 consiste en una v\u00e1lvula de control con un acoplamiento est\u00e1ndar CGA-580 para unirlo a un cilindro de nitr\u00f3geno, un man\u00f3metro de tanque, y una manguera de presi\u00f3n de nil\u00f3n flexible para conexi\u00f3n a la v\u00e1lvula de entrada del recipiente.<\/p>\n","protected":false},"excerpt":{"rendered":"<p>Los recipientes m\u00e1s grandes, 4636 (1850 ml), 4637 (1 gal\u00f3n) y 4638 (2 galones), son para aplicaciones de gran volumen. Los usuarios deber\u00e1n llevar a cabo experimentos preliminares en el recipiente 4635 para confirmar la idoneidad del procedimiento antes de pasar a estos tama\u00f1os m\u00e1s grandes. Conexiones de Llenado de Nitr\u00f3geno Incluidas Se entrega una [&hellip;]<\/p>\n","protected":false},"author":1,"featured_media":37722,"parent":89,"menu_order":2,"comment_status":"closed","ping_status":"closed","template":"product-narrow.php","meta":{"_acf_changed":false,"footnotes":"","_links_to":"","_links_to_target":""},"class_list":["post-325","page","type-page","status-publish","has-post-thumbnail","hentry"],"acf":[],"yoast_head":"<!-- This site is optimized with the Yoast SEO plugin v27.4 - https:\/\/yoast.com\/product\/yoast-seo-wordpress\/ -->\n<title>Recipientes de Ruptura Celular Modelos 4636-4638, 1850 ml - 2 Galonres - Parr Instrument (Espa\u00f1ol)<\/title>\n<meta name=\"robots\" content=\"index, follow, max-snippet:-1, max-image-preview:large, max-video-preview:-1\" \/>\n<link rel=\"canonical\" href=\"https:\/\/www.parrinst.com\/es\/products\/sample-preparation\/cell-disruption\/cell-disruption-vessels\/\" \/>\n<meta property=\"og:locale\" content=\"en_US\" \/>\n<meta property=\"og:type\" content=\"article\" \/>\n<meta property=\"og:title\" content=\"Recipientes de Ruptura Celular Modelos 4636-4638, 1850 ml - 2 Galonres - Parr Instrument (Espa\u00f1ol)\" \/>\n<meta property=\"og:description\" content=\"Los recipientes m\u00e1s grandes, 4636 (1850 ml), 4637 (1 gal\u00f3n) y 4638 (2 galones), son para aplicaciones de gran volumen. Los usuarios deber\u00e1n llevar a cabo experimentos preliminares en el recipiente 4635 para confirmar la idoneidad del procedimiento antes de pasar a estos tama\u00f1os m\u00e1s grandes. Conexiones de Llenado de Nitr\u00f3geno Incluidas Se entrega una [&hellip;]\" \/>\n<meta property=\"og:url\" content=\"https:\/\/www.parrinst.com\/es\/products\/sample-preparation\/cell-disruption\/cell-disruption-vessels\/\" \/>\n<meta property=\"og:site_name\" content=\"Parr Instrument (Espa\u00f1ol)\" \/>\n<meta property=\"article:modified_time\" content=\"2016-07-15T19:28:53+00:00\" \/>\n<meta property=\"og:image\" content=\"https:\/\/www.parrinst.com\/es\/files\/2018\/01\/parr_banner_sample-prep_secondary-1.jpg\" \/>\n\t<meta property=\"og:image:width\" content=\"2200\" \/>\n\t<meta property=\"og:image:height\" content=\"399\" \/>\n\t<meta property=\"og:image:type\" content=\"image\/jpeg\" \/>\n<meta name=\"twitter:card\" content=\"summary_large_image\" \/>\n<meta name=\"twitter:label1\" content=\"Est. reading time\" \/>\n\t<meta name=\"twitter:data1\" content=\"1 minute\" \/>\n<script type=\"application\/ld+json\" class=\"yoast-schema-graph\">{\"@context\":\"https:\\\/\\\/schema.org\",\"@graph\":[{\"@type\":\"WebPage\",\"@id\":\"https:\\\/\\\/www.parrinst.com\\\/es\\\/products\\\/sample-preparation\\\/cell-disruption\\\/cell-disruption-vessels\\\/\",\"url\":\"https:\\\/\\\/www.parrinst.com\\\/es\\\/products\\\/sample-preparation\\\/cell-disruption\\\/cell-disruption-vessels\\\/\",\"name\":\"Recipientes de Ruptura Celular Modelos 4636-4638, 1850 ml - 2 Galonres - Parr Instrument (Espa\u00f1ol)\",\"isPartOf\":{\"@id\":\"https:\\\/\\\/www.parrinst.com\\\/es\\\/#website\"},\"primaryImageOfPage\":{\"@id\":\"https:\\\/\\\/www.parrinst.com\\\/es\\\/products\\\/sample-preparation\\\/cell-disruption\\\/cell-disruption-vessels\\\/#primaryimage\"},\"image\":{\"@id\":\"https:\\\/\\\/www.parrinst.com\\\/es\\\/products\\\/sample-preparation\\\/cell-disruption\\\/cell-disruption-vessels\\\/#primaryimage\"},\"thumbnailUrl\":\"https:\\\/\\\/i0.wp.com\\\/www.parrinst.com\\\/es\\\/wp-content\\\/uploads\\\/sites\\\/7\\\/2018\\\/01\\\/parr_banner_sample-prep_secondary-1.jpg?fit=2200%2C399&ssl=1\",\"datePublished\":\"2011-03-11T02:31:03+00:00\",\"dateModified\":\"2016-07-15T19:28:53+00:00\",\"breadcrumb\":{\"@id\":\"https:\\\/\\\/www.parrinst.com\\\/es\\\/products\\\/sample-preparation\\\/cell-disruption\\\/cell-disruption-vessels\\\/#breadcrumb\"},\"inLanguage\":\"en-US\",\"potentialAction\":[{\"@type\":\"ReadAction\",\"target\":[\"https:\\\/\\\/www.parrinst.com\\\/es\\\/products\\\/sample-preparation\\\/cell-disruption\\\/cell-disruption-vessels\\\/\"]}]},{\"@type\":\"ImageObject\",\"inLanguage\":\"en-US\",\"@id\":\"https:\\\/\\\/www.parrinst.com\\\/es\\\/products\\\/sample-preparation\\\/cell-disruption\\\/cell-disruption-vessels\\\/#primaryimage\",\"url\":\"https:\\\/\\\/i0.wp.com\\\/www.parrinst.com\\\/es\\\/wp-content\\\/uploads\\\/sites\\\/7\\\/2018\\\/01\\\/parr_banner_sample-prep_secondary-1.jpg?fit=2200%2C399&ssl=1\",\"contentUrl\":\"https:\\\/\\\/i0.wp.com\\\/www.parrinst.com\\\/es\\\/wp-content\\\/uploads\\\/sites\\\/7\\\/2018\\\/01\\\/parr_banner_sample-prep_secondary-1.jpg?fit=2200%2C399&ssl=1\",\"width\":2200,\"height\":399},{\"@type\":\"BreadcrumbList\",\"@id\":\"https:\\\/\\\/www.parrinst.com\\\/es\\\/products\\\/sample-preparation\\\/cell-disruption\\\/cell-disruption-vessels\\\/#breadcrumb\",\"itemListElement\":[{\"@type\":\"ListItem\",\"position\":1,\"name\":\"Home\",\"item\":\"https:\\\/\\\/www.parrinst.com\\\/es\\\/\"},{\"@type\":\"ListItem\",\"position\":2,\"name\":\"Products\",\"item\":\"https:\\\/\\\/www.parrinst.com\\\/es\\\/products\\\/\"},{\"@type\":\"ListItem\",\"position\":3,\"name\":\"Preparaci\u00f3n de Muestras\",\"item\":\"https:\\\/\\\/www.parrinst.com\\\/es\\\/products\\\/sample-preparation\\\/\"},{\"@type\":\"ListItem\",\"position\":4,\"name\":\"Ruptura Celular\",\"item\":\"https:\\\/\\\/www.parrinst.com\\\/es\\\/products\\\/sample-preparation\\\/cell-disruption\\\/\"},{\"@type\":\"ListItem\",\"position\":5,\"name\":\"Recipientes de Ruptura Celular Modelos 4636-4638, 1850 ml &#8211; 2 Galonres\"}]},{\"@type\":\"WebSite\",\"@id\":\"https:\\\/\\\/www.parrinst.com\\\/es\\\/#website\",\"url\":\"https:\\\/\\\/www.parrinst.com\\\/es\\\/\",\"name\":\"Parr Instrument (Espa\u00f1ol)\",\"description\":\"\",\"potentialAction\":[{\"@type\":\"SearchAction\",\"target\":{\"@type\":\"EntryPoint\",\"urlTemplate\":\"https:\\\/\\\/www.parrinst.com\\\/es\\\/?s={search_term_string}\"},\"query-input\":{\"@type\":\"PropertyValueSpecification\",\"valueRequired\":true,\"valueName\":\"search_term_string\"}}],\"inLanguage\":\"en-US\"}]}<\/script>\n<!-- \/ Yoast SEO plugin. -->","yoast_head_json":{"title":"Recipientes de Ruptura Celular Modelos 4636-4638, 1850 ml - 2 Galonres - Parr Instrument (Espa\u00f1ol)","robots":{"index":"index","follow":"follow","max-snippet":"max-snippet:-1","max-image-preview":"max-image-preview:large","max-video-preview":"max-video-preview:-1"},"canonical":"https:\/\/www.parrinst.com\/es\/products\/sample-preparation\/cell-disruption\/cell-disruption-vessels\/","og_locale":"en_US","og_type":"article","og_title":"Recipientes de Ruptura Celular Modelos 4636-4638, 1850 ml - 2 Galonres - Parr Instrument (Espa\u00f1ol)","og_description":"Los recipientes m\u00e1s grandes, 4636 (1850 ml), 4637 (1 gal\u00f3n) y 4638 (2 galones), son para aplicaciones de gran volumen. Los usuarios deber\u00e1n llevar a cabo experimentos preliminares en el recipiente 4635 para confirmar la idoneidad del procedimiento antes de pasar a estos tama\u00f1os m\u00e1s grandes. Conexiones de Llenado de Nitr\u00f3geno Incluidas Se entrega una [&hellip;]","og_url":"https:\/\/www.parrinst.com\/es\/products\/sample-preparation\/cell-disruption\/cell-disruption-vessels\/","og_site_name":"Parr Instrument (Espa\u00f1ol)","article_modified_time":"2016-07-15T19:28:53+00:00","og_image":[{"width":2200,"height":399,"url":"https:\/\/www.parrinst.com\/es\/files\/2018\/01\/parr_banner_sample-prep_secondary-1.jpg","type":"image\/jpeg"}],"twitter_card":"summary_large_image","twitter_misc":{"Est. reading time":"1 minute"},"schema":{"@context":"https:\/\/schema.org","@graph":[{"@type":"WebPage","@id":"https:\/\/www.parrinst.com\/es\/products\/sample-preparation\/cell-disruption\/cell-disruption-vessels\/","url":"https:\/\/www.parrinst.com\/es\/products\/sample-preparation\/cell-disruption\/cell-disruption-vessels\/","name":"Recipientes de Ruptura Celular Modelos 4636-4638, 1850 ml - 2 Galonres - Parr Instrument (Espa\u00f1ol)","isPartOf":{"@id":"https:\/\/www.parrinst.com\/es\/#website"},"primaryImageOfPage":{"@id":"https:\/\/www.parrinst.com\/es\/products\/sample-preparation\/cell-disruption\/cell-disruption-vessels\/#primaryimage"},"image":{"@id":"https:\/\/www.parrinst.com\/es\/products\/sample-preparation\/cell-disruption\/cell-disruption-vessels\/#primaryimage"},"thumbnailUrl":"https:\/\/i0.wp.com\/www.parrinst.com\/es\/wp-content\/uploads\/sites\/7\/2018\/01\/parr_banner_sample-prep_secondary-1.jpg?fit=2200%2C399&ssl=1","datePublished":"2011-03-11T02:31:03+00:00","dateModified":"2016-07-15T19:28:53+00:00","breadcrumb":{"@id":"https:\/\/www.parrinst.com\/es\/products\/sample-preparation\/cell-disruption\/cell-disruption-vessels\/#breadcrumb"},"inLanguage":"en-US","potentialAction":[{"@type":"ReadAction","target":["https:\/\/www.parrinst.com\/es\/products\/sample-preparation\/cell-disruption\/cell-disruption-vessels\/"]}]},{"@type":"ImageObject","inLanguage":"en-US","@id":"https:\/\/www.parrinst.com\/es\/products\/sample-preparation\/cell-disruption\/cell-disruption-vessels\/#primaryimage","url":"https:\/\/i0.wp.com\/www.parrinst.com\/es\/wp-content\/uploads\/sites\/7\/2018\/01\/parr_banner_sample-prep_secondary-1.jpg?fit=2200%2C399&ssl=1","contentUrl":"https:\/\/i0.wp.com\/www.parrinst.com\/es\/wp-content\/uploads\/sites\/7\/2018\/01\/parr_banner_sample-prep_secondary-1.jpg?fit=2200%2C399&ssl=1","width":2200,"height":399},{"@type":"BreadcrumbList","@id":"https:\/\/www.parrinst.com\/es\/products\/sample-preparation\/cell-disruption\/cell-disruption-vessels\/#breadcrumb","itemListElement":[{"@type":"ListItem","position":1,"name":"Home","item":"https:\/\/www.parrinst.com\/es\/"},{"@type":"ListItem","position":2,"name":"Products","item":"https:\/\/www.parrinst.com\/es\/products\/"},{"@type":"ListItem","position":3,"name":"Preparaci\u00f3n de Muestras","item":"https:\/\/www.parrinst.com\/es\/products\/sample-preparation\/"},{"@type":"ListItem","position":4,"name":"Ruptura Celular","item":"https:\/\/www.parrinst.com\/es\/products\/sample-preparation\/cell-disruption\/"},{"@type":"ListItem","position":5,"name":"Recipientes de Ruptura Celular Modelos 4636-4638, 1850 ml &#8211; 2 Galonres"}]},{"@type":"WebSite","@id":"https:\/\/www.parrinst.com\/es\/#website","url":"https:\/\/www.parrinst.com\/es\/","name":"Parr Instrument (Espa\u00f1ol)","description":"","potentialAction":[{"@type":"SearchAction","target":{"@type":"EntryPoint","urlTemplate":"https:\/\/www.parrinst.com\/es\/?s={search_term_string}"},"query-input":{"@type":"PropertyValueSpecification","valueRequired":true,"valueName":"search_term_string"}}],"inLanguage":"en-US"}]}},"jetpack_sharing_enabled":true,"_links":{"self":[{"href":"https:\/\/www.parrinst.com\/es\/wp-json\/wp\/v2\/pages\/325","targetHints":{"allow":["GET"]}}],"collection":[{"href":"https:\/\/www.parrinst.com\/es\/wp-json\/wp\/v2\/pages"}],"about":[{"href":"https:\/\/www.parrinst.com\/es\/wp-json\/wp\/v2\/types\/page"}],"author":[{"embeddable":true,"href":"https:\/\/www.parrinst.com\/es\/wp-json\/wp\/v2\/users\/1"}],"replies":[{"embeddable":true,"href":"https:\/\/www.parrinst.com\/es\/wp-json\/wp\/v2\/comments?post=325"}],"version-history":[{"count":0,"href":"https:\/\/www.parrinst.com\/es\/wp-json\/wp\/v2\/pages\/325\/revisions"}],"up":[{"embeddable":true,"href":"https:\/\/www.parrinst.com\/es\/wp-json\/wp\/v2\/pages\/89"}],"wp:featuredmedia":[{"embeddable":true,"href":"https:\/\/www.parrinst.com\/es\/wp-json\/wp\/v2\/media\/37722"}],"wp:attachment":[{"href":"https:\/\/www.parrinst.com\/es\/wp-json\/wp\/v2\/media?parent=325"}],"curies":[{"name":"wp","href":"https:\/\/api.w.org\/{rel}","templated":true}]}}