{"id":335,"date":"2011-03-10T20:32:55","date_gmt":"2011-03-11T02:32:55","guid":{"rendered":"https:\/\/www.parrinst.com\/?page_id=335"},"modified":"2021-06-07T16:49:48","modified_gmt":"2021-06-07T21:49:48","slug":"selection-guide","status":"publish","type":"page","link":"https:\/\/www.parrinst.com\/es\/products\/sample-preparation\/cell-disruption\/selection-guide\/","title":{"rendered":"Gu\u00eda de Selecci\u00f3n"},"content":{"rendered":"<h2>Gu\u00eda de Selecci\u00f3n de Recipientes de Ruptura Celular<\/h2>\n<table class=\"GeneralTable\">\n<tbody>\n<tr>\n<td class=\"GeneralTable-DarkBlue\" colspan=\"8\">Recipientes de Ruptura Celular<\/td>\n<\/tr>\n<tr>\n<td><strong>N\u00b0 Modelo<\/strong><\/td>\n<td><a href=\"https:\/\/www.parrinst.com\/products\/sample-preparation\/cell-disruption\/4639-cell-disruption-vessel\/\"><strong>4369<\/strong><\/a><\/td>\n<td><a href=\"https:\/\/www.parrinst.com\/products\/sample-preparation\/cell-disruption\/4635-cell-disruption-vessel\/\"><strong>4635<\/strong><\/a><\/td>\n<td><a href=\"https:\/\/www.parrinst.com\/products\/sample-preparation\/cell-disruption\/cell-disruption-vessels\/\"><strong>4636<\/strong><\/a><\/td>\n<td><a href=\"https:\/\/www.parrinst.com\/products\/sample-preparation\/cell-disruption\/cell-disruption-vessels\/\"><strong>4637<\/strong><\/a><\/td>\n<td><a href=\"https:\/\/www.parrinst.com\/products\/sample-preparation\/cell-disruption\/cell-disruption-vessels\/\"><strong>4638<\/strong><\/a><\/td>\n<td><a href=\"https:\/\/www.parrinst.com\/products\/sample-preparation\/cell-disruption\/cell-disruption-vessels\/\"><strong>4637<\/strong><\/a><\/td>\n<td><a href=\"https:\/\/www.parrinst.com\/products\/sample-preparation\/cell-disruption\/cell-disruption-vessels\/\"><strong>4638<\/strong><\/a><\/td>\n<\/tr>\n<tr class=\"GeneralTable-LightBlue\">\n<td><strong>Tama\u00f1o de Recipiente<\/strong><\/td>\n<td>45 mL<\/td>\n<td>920 mL<\/td>\n<td>1850 mL<\/td>\n<td>1 Gal\u00f3n<br \/>\n(O-Ring)<\/td>\n<td>2 Gal\u00f3nes<br \/>\n(O-Ring)<\/td>\n<td>1 Gal\u00f3n<br \/>\n(PTFE Flat Gasket)<\/td>\n<td>2 Gal\u00f3nes<br \/>\n(PTFE Flat Gasket)<\/td>\n<\/tr>\n<tr>\n<td><strong>Tama\u00f1o M\u00e1ximo de Muestra<\/strong><\/td>\n<td>30 mL<\/td>\n<td>600 mL<\/td>\n<td>1200 mL<\/td>\n<td>2.5 L<\/td>\n<td>5.0 L<\/td>\n<td>2.5 L<\/td>\n<td>5.0 L<\/td>\n<\/tr>\n<tr class=\"GeneralTable-LightBlue\">\n<td><strong>Presi\u00f3n M\u00e1xima de Trabajo<\/strong><\/td>\n<td>2900 psig<br \/>\n(200 bar)<\/td>\n<td>3000 psig<br \/>\n(200 bar)<\/td>\n<td>3000 psig<br \/>\n(200 bar)<\/td>\n<td>2200 psig<br \/>\n(152 bar)<\/td>\n<td>2200 psig<br \/>\n(152 bar)<\/td>\n<td>1900 psig<br \/>\n(131 bar)<\/td>\n<td>1900 psig<br \/>\n(131 bar)<\/td>\n<\/tr>\n<tr>\n<td><strong>Di\u00e1metro Interno, pulgadas<\/strong><\/td>\n<td>1.50<\/td>\n<td>3.75<\/td>\n<td>3.75<\/td>\n<td>6.00<\/td>\n<td>6.00<\/td>\n<td>6.00<\/td>\n<td>6.00<\/td>\n<\/tr>\n<tr class=\"GeneralTable-LightBlue\">\n<td><strong>Profundidad Interna, pulgadas<\/strong><\/td>\n<td>2.25<\/td>\n<td>5.10<\/td>\n<td>10.10<\/td>\n<td>8.6<\/td>\n<td>17.20<\/td>\n<td>8.6<\/td>\n<td>17.20<\/td>\n<\/tr>\n<\/tbody>\n<\/table>\n","protected":false},"excerpt":{"rendered":"<p>Gu\u00eda de Selecci\u00f3n de Recipientes de Ruptura Celular Recipientes de Ruptura Celular N\u00b0 Modelo 4369 4635 4636 4637 4638 4637 4638 Tama\u00f1o de Recipiente 45 mL 920 mL 1850 mL 1 Gal\u00f3n (O-Ring) 2 Gal\u00f3nes (O-Ring) 1 Gal\u00f3n (PTFE Flat Gasket) 2 Gal\u00f3nes (PTFE Flat Gasket) Tama\u00f1o M\u00e1ximo de Muestra 30 mL 600 mL 1200 [&hellip;]<\/p>\n","protected":false},"author":2,"featured_media":37722,"parent":89,"menu_order":3,"comment_status":"closed","ping_status":"closed","template":"general-tabs.php","meta":{"_acf_changed":false,"footnotes":"","_links_to":"","_links_to_target":""},"class_list":["post-335","page","type-page","status-publish","has-post-thumbnail","hentry"],"acf":[],"yoast_head":"<!-- This site is optimized with the Yoast SEO plugin v27.6 - https:\/\/yoast.com\/product\/yoast-seo-wordpress\/ -->\n<title>Gu\u00eda de Selecci\u00f3n - Parr Instrument (Espa\u00f1ol)<\/title>\n<meta name=\"robots\" content=\"index, follow, max-snippet:-1, max-image-preview:large, max-video-preview:-1\" \/>\n<link rel=\"canonical\" href=\"https:\/\/www.parrinst.com\/es\/products\/sample-preparation\/cell-disruption\/selection-guide\/\" \/>\n<meta property=\"og:locale\" content=\"en_US\" \/>\n<meta property=\"og:type\" content=\"article\" \/>\n<meta property=\"og:title\" content=\"Gu\u00eda de Selecci\u00f3n - Parr Instrument (Espa\u00f1ol)\" \/>\n<meta property=\"og:description\" content=\"Gu\u00eda de Selecci\u00f3n de Recipientes de Ruptura Celular Recipientes de Ruptura Celular N\u00b0 Modelo 4369 4635 4636 4637 4638 4637 4638 Tama\u00f1o de Recipiente 45 mL 920 mL 1850 mL 1 Gal\u00f3n (O-Ring) 2 Gal\u00f3nes (O-Ring) 1 Gal\u00f3n (PTFE Flat Gasket) 2 Gal\u00f3nes (PTFE Flat Gasket) Tama\u00f1o M\u00e1ximo de Muestra 30 mL 600 mL 1200 [&hellip;]\" \/>\n<meta property=\"og:url\" content=\"https:\/\/www.parrinst.com\/es\/products\/sample-preparation\/cell-disruption\/selection-guide\/\" \/>\n<meta property=\"og:site_name\" content=\"Parr Instrument (Espa\u00f1ol)\" \/>\n<meta property=\"article:modified_time\" content=\"2021-06-07T21:49:48+00:00\" \/>\n<meta property=\"og:image\" content=\"https:\/\/www.parrinst.com\/es\/files\/2018\/01\/parr_banner_sample-prep_secondary-1.jpg\" \/>\n\t<meta property=\"og:image:width\" content=\"2200\" \/>\n\t<meta property=\"og:image:height\" content=\"399\" \/>\n\t<meta property=\"og:image:type\" content=\"image\/jpeg\" \/>\n<meta name=\"twitter:card\" content=\"summary_large_image\" \/>\n<meta name=\"twitter:label1\" content=\"Est. reading time\" \/>\n\t<meta name=\"twitter:data1\" content=\"1 minute\" \/>\n<script type=\"application\/ld+json\" class=\"yoast-schema-graph\">{\"@context\":\"https:\\\/\\\/schema.org\",\"@graph\":[{\"@type\":\"WebPage\",\"@id\":\"https:\\\/\\\/www.parrinst.com\\\/es\\\/products\\\/sample-preparation\\\/cell-disruption\\\/selection-guide\\\/\",\"url\":\"https:\\\/\\\/www.parrinst.com\\\/es\\\/products\\\/sample-preparation\\\/cell-disruption\\\/selection-guide\\\/\",\"name\":\"Gu\u00eda de Selecci\u00f3n - Parr Instrument (Espa\u00f1ol)\",\"isPartOf\":{\"@id\":\"https:\\\/\\\/www.parrinst.com\\\/es\\\/#website\"},\"primaryImageOfPage\":{\"@id\":\"https:\\\/\\\/www.parrinst.com\\\/es\\\/products\\\/sample-preparation\\\/cell-disruption\\\/selection-guide\\\/#primaryimage\"},\"image\":{\"@id\":\"https:\\\/\\\/www.parrinst.com\\\/es\\\/products\\\/sample-preparation\\\/cell-disruption\\\/selection-guide\\\/#primaryimage\"},\"thumbnailUrl\":\"https:\\\/\\\/i0.wp.com\\\/www.parrinst.com\\\/es\\\/wp-content\\\/uploads\\\/sites\\\/7\\\/2018\\\/01\\\/parr_banner_sample-prep_secondary-1.jpg?fit=2200%2C399&ssl=1\",\"datePublished\":\"2011-03-11T02:32:55+00:00\",\"dateModified\":\"2021-06-07T21:49:48+00:00\",\"breadcrumb\":{\"@id\":\"https:\\\/\\\/www.parrinst.com\\\/es\\\/products\\\/sample-preparation\\\/cell-disruption\\\/selection-guide\\\/#breadcrumb\"},\"inLanguage\":\"en-US\",\"potentialAction\":[{\"@type\":\"ReadAction\",\"target\":[\"https:\\\/\\\/www.parrinst.com\\\/es\\\/products\\\/sample-preparation\\\/cell-disruption\\\/selection-guide\\\/\"]}]},{\"@type\":\"ImageObject\",\"inLanguage\":\"en-US\",\"@id\":\"https:\\\/\\\/www.parrinst.com\\\/es\\\/products\\\/sample-preparation\\\/cell-disruption\\\/selection-guide\\\/#primaryimage\",\"url\":\"https:\\\/\\\/i0.wp.com\\\/www.parrinst.com\\\/es\\\/wp-content\\\/uploads\\\/sites\\\/7\\\/2018\\\/01\\\/parr_banner_sample-prep_secondary-1.jpg?fit=2200%2C399&ssl=1\",\"contentUrl\":\"https:\\\/\\\/i0.wp.com\\\/www.parrinst.com\\\/es\\\/wp-content\\\/uploads\\\/sites\\\/7\\\/2018\\\/01\\\/parr_banner_sample-prep_secondary-1.jpg?fit=2200%2C399&ssl=1\",\"width\":2200,\"height\":399},{\"@type\":\"BreadcrumbList\",\"@id\":\"https:\\\/\\\/www.parrinst.com\\\/es\\\/products\\\/sample-preparation\\\/cell-disruption\\\/selection-guide\\\/#breadcrumb\",\"itemListElement\":[{\"@type\":\"ListItem\",\"position\":1,\"name\":\"Home\",\"item\":\"https:\\\/\\\/www.parrinst.com\\\/es\\\/\"},{\"@type\":\"ListItem\",\"position\":2,\"name\":\"Products\",\"item\":\"https:\\\/\\\/www.parrinst.com\\\/es\\\/products\\\/\"},{\"@type\":\"ListItem\",\"position\":3,\"name\":\"Preparaci\u00f3n de Muestras\",\"item\":\"https:\\\/\\\/www.parrinst.com\\\/es\\\/products\\\/sample-preparation\\\/\"},{\"@type\":\"ListItem\",\"position\":4,\"name\":\"Ruptura Celular\",\"item\":\"https:\\\/\\\/www.parrinst.com\\\/es\\\/products\\\/sample-preparation\\\/cell-disruption\\\/\"},{\"@type\":\"ListItem\",\"position\":5,\"name\":\"Gu\u00eda de Selecci\u00f3n\"}]},{\"@type\":\"WebSite\",\"@id\":\"https:\\\/\\\/www.parrinst.com\\\/es\\\/#website\",\"url\":\"https:\\\/\\\/www.parrinst.com\\\/es\\\/\",\"name\":\"Parr Instrument (Espa\u00f1ol)\",\"description\":\"\",\"potentialAction\":[{\"@type\":\"SearchAction\",\"target\":{\"@type\":\"EntryPoint\",\"urlTemplate\":\"https:\\\/\\\/www.parrinst.com\\\/es\\\/?s={search_term_string}\"},\"query-input\":{\"@type\":\"PropertyValueSpecification\",\"valueRequired\":true,\"valueName\":\"search_term_string\"}}],\"inLanguage\":\"en-US\"}]}<\/script>\n<!-- \/ Yoast SEO plugin. -->","yoast_head_json":{"title":"Gu\u00eda de Selecci\u00f3n - Parr Instrument (Espa\u00f1ol)","robots":{"index":"index","follow":"follow","max-snippet":"max-snippet:-1","max-image-preview":"max-image-preview:large","max-video-preview":"max-video-preview:-1"},"canonical":"https:\/\/www.parrinst.com\/es\/products\/sample-preparation\/cell-disruption\/selection-guide\/","og_locale":"en_US","og_type":"article","og_title":"Gu\u00eda de Selecci\u00f3n - Parr Instrument (Espa\u00f1ol)","og_description":"Gu\u00eda de Selecci\u00f3n de Recipientes de Ruptura Celular Recipientes de Ruptura Celular N\u00b0 Modelo 4369 4635 4636 4637 4638 4637 4638 Tama\u00f1o de Recipiente 45 mL 920 mL 1850 mL 1 Gal\u00f3n (O-Ring) 2 Gal\u00f3nes (O-Ring) 1 Gal\u00f3n (PTFE Flat Gasket) 2 Gal\u00f3nes (PTFE Flat Gasket) Tama\u00f1o M\u00e1ximo de Muestra 30 mL 600 mL 1200 [&hellip;]","og_url":"https:\/\/www.parrinst.com\/es\/products\/sample-preparation\/cell-disruption\/selection-guide\/","og_site_name":"Parr Instrument (Espa\u00f1ol)","article_modified_time":"2021-06-07T21:49:48+00:00","og_image":[{"width":2200,"height":399,"url":"https:\/\/www.parrinst.com\/es\/files\/2018\/01\/parr_banner_sample-prep_secondary-1.jpg","type":"image\/jpeg"}],"twitter_card":"summary_large_image","twitter_misc":{"Est. reading time":"1 minute"},"schema":{"@context":"https:\/\/schema.org","@graph":[{"@type":"WebPage","@id":"https:\/\/www.parrinst.com\/es\/products\/sample-preparation\/cell-disruption\/selection-guide\/","url":"https:\/\/www.parrinst.com\/es\/products\/sample-preparation\/cell-disruption\/selection-guide\/","name":"Gu\u00eda de Selecci\u00f3n - Parr Instrument (Espa\u00f1ol)","isPartOf":{"@id":"https:\/\/www.parrinst.com\/es\/#website"},"primaryImageOfPage":{"@id":"https:\/\/www.parrinst.com\/es\/products\/sample-preparation\/cell-disruption\/selection-guide\/#primaryimage"},"image":{"@id":"https:\/\/www.parrinst.com\/es\/products\/sample-preparation\/cell-disruption\/selection-guide\/#primaryimage"},"thumbnailUrl":"https:\/\/i0.wp.com\/www.parrinst.com\/es\/wp-content\/uploads\/sites\/7\/2018\/01\/parr_banner_sample-prep_secondary-1.jpg?fit=2200%2C399&ssl=1","datePublished":"2011-03-11T02:32:55+00:00","dateModified":"2021-06-07T21:49:48+00:00","breadcrumb":{"@id":"https:\/\/www.parrinst.com\/es\/products\/sample-preparation\/cell-disruption\/selection-guide\/#breadcrumb"},"inLanguage":"en-US","potentialAction":[{"@type":"ReadAction","target":["https:\/\/www.parrinst.com\/es\/products\/sample-preparation\/cell-disruption\/selection-guide\/"]}]},{"@type":"ImageObject","inLanguage":"en-US","@id":"https:\/\/www.parrinst.com\/es\/products\/sample-preparation\/cell-disruption\/selection-guide\/#primaryimage","url":"https:\/\/i0.wp.com\/www.parrinst.com\/es\/wp-content\/uploads\/sites\/7\/2018\/01\/parr_banner_sample-prep_secondary-1.jpg?fit=2200%2C399&ssl=1","contentUrl":"https:\/\/i0.wp.com\/www.parrinst.com\/es\/wp-content\/uploads\/sites\/7\/2018\/01\/parr_banner_sample-prep_secondary-1.jpg?fit=2200%2C399&ssl=1","width":2200,"height":399},{"@type":"BreadcrumbList","@id":"https:\/\/www.parrinst.com\/es\/products\/sample-preparation\/cell-disruption\/selection-guide\/#breadcrumb","itemListElement":[{"@type":"ListItem","position":1,"name":"Home","item":"https:\/\/www.parrinst.com\/es\/"},{"@type":"ListItem","position":2,"name":"Products","item":"https:\/\/www.parrinst.com\/es\/products\/"},{"@type":"ListItem","position":3,"name":"Preparaci\u00f3n de Muestras","item":"https:\/\/www.parrinst.com\/es\/products\/sample-preparation\/"},{"@type":"ListItem","position":4,"name":"Ruptura Celular","item":"https:\/\/www.parrinst.com\/es\/products\/sample-preparation\/cell-disruption\/"},{"@type":"ListItem","position":5,"name":"Gu\u00eda de Selecci\u00f3n"}]},{"@type":"WebSite","@id":"https:\/\/www.parrinst.com\/es\/#website","url":"https:\/\/www.parrinst.com\/es\/","name":"Parr Instrument (Espa\u00f1ol)","description":"","potentialAction":[{"@type":"SearchAction","target":{"@type":"EntryPoint","urlTemplate":"https:\/\/www.parrinst.com\/es\/?s={search_term_string}"},"query-input":{"@type":"PropertyValueSpecification","valueRequired":true,"valueName":"search_term_string"}}],"inLanguage":"en-US"}]}},"jetpack_sharing_enabled":true,"_links":{"self":[{"href":"https:\/\/www.parrinst.com\/es\/wp-json\/wp\/v2\/pages\/335","targetHints":{"allow":["GET"]}}],"collection":[{"href":"https:\/\/www.parrinst.com\/es\/wp-json\/wp\/v2\/pages"}],"about":[{"href":"https:\/\/www.parrinst.com\/es\/wp-json\/wp\/v2\/types\/page"}],"author":[{"embeddable":true,"href":"https:\/\/www.parrinst.com\/es\/wp-json\/wp\/v2\/users\/2"}],"replies":[{"embeddable":true,"href":"https:\/\/www.parrinst.com\/es\/wp-json\/wp\/v2\/comments?post=335"}],"version-history":[{"count":2,"href":"https:\/\/www.parrinst.com\/es\/wp-json\/wp\/v2\/pages\/335\/revisions"}],"predecessor-version":[{"id":40165,"href":"https:\/\/www.parrinst.com\/es\/wp-json\/wp\/v2\/pages\/335\/revisions\/40165"}],"up":[{"embeddable":true,"href":"https:\/\/www.parrinst.com\/es\/wp-json\/wp\/v2\/pages\/89"}],"wp:featuredmedia":[{"embeddable":true,"href":"https:\/\/www.parrinst.com\/es\/wp-json\/wp\/v2\/media\/37722"}],"wp:attachment":[{"href":"https:\/\/www.parrinst.com\/es\/wp-json\/wp\/v2\/media?parent=335"}],"curies":[{"name":"wp","href":"https:\/\/api.w.org\/{rel}","templated":true}]}}