{"id":337,"date":"2011-03-10T20:34:41","date_gmt":"2011-03-11T02:34:41","guid":{"rendered":"https:\/\/www.parrinst.com\/?page_id=337"},"modified":"2018-02-01T10:35:11","modified_gmt":"2018-02-01T16:35:11","slug":"3911-hydrogenator","status":"publish","type":"page","link":"https:\/\/www.parrinst.com\/es\/products\/hydrogenation\/3911-hydrogenator\/","title":{"rendered":"Aparato Agitador de Hidrogenaci\u00f3n 3911"},"content":{"rendered":"<figure id=\"attachment_37816\" aria-describedby=\"caption-attachment-37816\" style=\"width: 300px\" class=\"wp-caption alignright\"><a href=\"https:\/\/i0.wp.com\/www.parrinst.com\/es\/wp-content\/uploads\/sites\/7\/2018\/02\/3911-shakerDSC55372.jpg?ssl=1\"><img data-recalc-dims=\"1\" loading=\"lazy\" decoding=\"async\" class=\"size-medium wp-image-37816\" src=\"https:\/\/i0.wp.com\/www.parrinst.com\/es\/wp-content\/uploads\/sites\/7\/2018\/02\/3911-shakerDSC55372.jpg?resize=300%2C230&#038;ssl=1\" alt=\"\" width=\"300\" height=\"230\" srcset=\"https:\/\/i0.wp.com\/www.parrinst.com\/es\/wp-content\/uploads\/sites\/7\/2018\/02\/3911-shakerDSC55372.jpg?resize=300%2C230&amp;ssl=1 300w, https:\/\/i0.wp.com\/www.parrinst.com\/es\/wp-content\/uploads\/sites\/7\/2018\/02\/3911-shakerDSC55372.jpg?resize=196%2C150&amp;ssl=1 196w, https:\/\/i0.wp.com\/www.parrinst.com\/es\/wp-content\/uploads\/sites\/7\/2018\/02\/3911-shakerDSC55372.jpg?w=600&amp;ssl=1 600w\" sizes=\"auto, (max-width: 300px) 100vw, 300px\" \/><\/a><figcaption id=\"caption-attachment-37816\" class=\"wp-caption-text\">Sacudidora Hidrogenador 3911 con Motor a Prueba de Explosiones e Interruptor<\/figcaption><\/figure>\n<h3>T\u00e9cnicas de Reacci\u00f3n<\/h3>\n<p><strong>Los materiales a tratar en un Hidrogenador Parr<\/strong> se sellan en una botella de reacci\u00f3n con un catalizador y conectado a un dep\u00f3sito de hidr\u00f3geno. El aire es eliminado, evacuando la botella por lavado o con hidr\u00f3geno. Entonces se aplica presi\u00f3n desde el dep\u00f3sito y la botella se agita vigorosamente para iniciar la reacci\u00f3n. Si es necesario, la botella se puede calentar o enfriar durante este proceso. Cuando la reacci\u00f3n alcanza el punto deseado, el agitador se detiene, la botella se ventila y el producto y el catalizador se recuperan.<\/p>\n<p>El progreso de la reacci\u00f3n puede ser seguido observando la ca\u00edda de presi\u00f3n en el sistema. Por ejemplo, cuando se usa una carga de 250 ml en una botella de 500 ml y drenando hidr\u00f3geno un tanque est\u00e1ndar de 4 lts, la presi\u00f3n del tanque caer\u00e1 aproximadamente 8 psi por cada mol de un d\u00e9cimo de hidr\u00f3geno consumido. La relaci\u00f3n exacta entre la ca\u00edda de presi\u00f3n y la cantidad de hidr\u00f3geno consumido puede ser determinada haciendo una corrida de calibraci\u00f3n usando una cantidad ya pesada de un compuesto cuya aceptaci\u00f3n de hidr\u00f3geno es conocida.<\/p>\n<h3>V\u00e1lvulas y accesorios pr\u00e1cticos<\/h3>\n<p><strong>Cada aparato est\u00e1 equipado<\/strong> con todas las v\u00e1lvulas y conexiones necesarias para la admisi\u00f3n y evacuaci\u00f3n de hidr\u00f3geno en la botella y para el llenado del tanque de hidr\u00f3geno todo ello sin alterar la conexi\u00f3n de la botella. Man\u00f3metros separados muestran la presi\u00f3n de la botella y la presi\u00f3n del tanque en todo momento. El tanque de gas de 4 litros, el soporte de la botella y el robusto agitador mec\u00e1nico est\u00e1n ordenados en un base compacta de acero para facilitar su operaci\u00f3n en una mesa de laboratorio o en una campana.<\/p>\n<p>La conexi\u00f3n de gas del tanque de hidr\u00f3geno a la botella de reacci\u00f3n est\u00e1 hecha con un tubo de polipropileno que se extiende directamente dentro de la botella, de modo que no hay partes met\u00e1licas en contacto con la carga. El propio tanque, sus v\u00e1lvulas y man\u00f3metros est\u00e1n hechos de acero inoxidable. Estas piezas son adecuadas para usarse con hidr\u00f3geno, Todas estas v\u00e1lvulas tienen v\u00e1stagos inoxidables, empaque de PTFE y asientos reemplazables de PCTFE y control a prueba de fugas en procedimientos cuantitativos. Un tanque inoxidable m\u00e1s peque\u00f1o de un litro (A16CA2) est\u00e1 disponible para las operaciones semimicro en las cuales peque\u00f1as cantidades de gas deben ser medidas. Las v\u00e1lvulas normales son f\u00e1cilmente transferidas a este tanque peque\u00f1o.<\/p>\n<p>Una manguera de presi\u00f3n de 6 pies es incluida con cada equipo para el llenado de hidrogeno desde un tanque comercial. Esta pude ser conectada f\u00e1cilmente a un regulador de presi\u00f3n de gas o sistema de v\u00e1lvulas del tanque.<\/p>\n","protected":false},"excerpt":{"rendered":"<p>T\u00e9cnicas de Reacci\u00f3n Los materiales a tratar en un Hidrogenador Parr se sellan en una botella de reacci\u00f3n con un catalizador y conectado a un dep\u00f3sito de hidr\u00f3geno. El aire es eliminado, evacuando la botella por lavado o con hidr\u00f3geno. Entonces se aplica presi\u00f3n desde el dep\u00f3sito y la botella se agita vigorosamente para iniciar [&hellip;]<\/p>\n","protected":false},"author":1,"featured_media":37723,"parent":91,"menu_order":1,"comment_status":"closed","ping_status":"closed","template":"product-narrow.php","meta":{"_acf_changed":false,"footnotes":"","_links_to":"","_links_to_target":""},"class_list":["post-337","page","type-page","status-publish","has-post-thumbnail","hentry"],"acf":[],"yoast_head":"<!-- This site is optimized with the Yoast SEO plugin v27.4 - https:\/\/yoast.com\/product\/yoast-seo-wordpress\/ -->\n<title>Aparato Agitador de Hidrogenaci\u00f3n 3911 - Parr Instrument (Espa\u00f1ol)<\/title>\n<meta name=\"robots\" content=\"index, follow, max-snippet:-1, max-image-preview:large, max-video-preview:-1\" \/>\n<link rel=\"canonical\" href=\"https:\/\/www.parrinst.com\/es\/products\/hydrogenation\/3911-hydrogenator\/\" \/>\n<meta property=\"og:locale\" content=\"en_US\" \/>\n<meta property=\"og:type\" content=\"article\" \/>\n<meta property=\"og:title\" content=\"Aparato Agitador de Hidrogenaci\u00f3n 3911 - Parr Instrument (Espa\u00f1ol)\" \/>\n<meta property=\"og:description\" content=\"T\u00e9cnicas de Reacci\u00f3n Los materiales a tratar en un Hidrogenador Parr se sellan en una botella de reacci\u00f3n con un catalizador y conectado a un dep\u00f3sito de hidr\u00f3geno. El aire es eliminado, evacuando la botella por lavado o con hidr\u00f3geno. Entonces se aplica presi\u00f3n desde el dep\u00f3sito y la botella se agita vigorosamente para iniciar [&hellip;]\" \/>\n<meta property=\"og:url\" content=\"https:\/\/www.parrinst.com\/es\/products\/hydrogenation\/3911-hydrogenator\/\" \/>\n<meta property=\"og:site_name\" content=\"Parr Instrument (Espa\u00f1ol)\" \/>\n<meta property=\"article:modified_time\" content=\"2018-02-01T16:35:11+00:00\" \/>\n<meta property=\"og:image\" content=\"https:\/\/www.parrinst.com\/es\/files\/2018\/01\/parr_banner_shaker_secondary.jpg\" \/>\n\t<meta property=\"og:image:width\" content=\"2200\" \/>\n\t<meta property=\"og:image:height\" content=\"399\" \/>\n\t<meta property=\"og:image:type\" content=\"image\/jpeg\" \/>\n<meta name=\"twitter:card\" content=\"summary_large_image\" \/>\n<meta name=\"twitter:label1\" content=\"Est. reading time\" \/>\n\t<meta name=\"twitter:data1\" content=\"3 minutes\" \/>\n<script type=\"application\/ld+json\" class=\"yoast-schema-graph\">{\"@context\":\"https:\\\/\\\/schema.org\",\"@graph\":[{\"@type\":\"WebPage\",\"@id\":\"https:\\\/\\\/www.parrinst.com\\\/es\\\/products\\\/hydrogenation\\\/3911-hydrogenator\\\/\",\"url\":\"https:\\\/\\\/www.parrinst.com\\\/es\\\/products\\\/hydrogenation\\\/3911-hydrogenator\\\/\",\"name\":\"Aparato Agitador de Hidrogenaci\u00f3n 3911 - Parr Instrument (Espa\u00f1ol)\",\"isPartOf\":{\"@id\":\"https:\\\/\\\/www.parrinst.com\\\/es\\\/#website\"},\"primaryImageOfPage\":{\"@id\":\"https:\\\/\\\/www.parrinst.com\\\/es\\\/products\\\/hydrogenation\\\/3911-hydrogenator\\\/#primaryimage\"},\"image\":{\"@id\":\"https:\\\/\\\/www.parrinst.com\\\/es\\\/products\\\/hydrogenation\\\/3911-hydrogenator\\\/#primaryimage\"},\"thumbnailUrl\":\"https:\\\/\\\/i0.wp.com\\\/www.parrinst.com\\\/es\\\/wp-content\\\/uploads\\\/sites\\\/7\\\/2018\\\/01\\\/parr_banner_shaker_secondary.jpg?fit=2200%2C399&ssl=1\",\"datePublished\":\"2011-03-11T02:34:41+00:00\",\"dateModified\":\"2018-02-01T16:35:11+00:00\",\"breadcrumb\":{\"@id\":\"https:\\\/\\\/www.parrinst.com\\\/es\\\/products\\\/hydrogenation\\\/3911-hydrogenator\\\/#breadcrumb\"},\"inLanguage\":\"en-US\",\"potentialAction\":[{\"@type\":\"ReadAction\",\"target\":[\"https:\\\/\\\/www.parrinst.com\\\/es\\\/products\\\/hydrogenation\\\/3911-hydrogenator\\\/\"]}]},{\"@type\":\"ImageObject\",\"inLanguage\":\"en-US\",\"@id\":\"https:\\\/\\\/www.parrinst.com\\\/es\\\/products\\\/hydrogenation\\\/3911-hydrogenator\\\/#primaryimage\",\"url\":\"https:\\\/\\\/i0.wp.com\\\/www.parrinst.com\\\/es\\\/wp-content\\\/uploads\\\/sites\\\/7\\\/2018\\\/01\\\/parr_banner_shaker_secondary.jpg?fit=2200%2C399&ssl=1\",\"contentUrl\":\"https:\\\/\\\/i0.wp.com\\\/www.parrinst.com\\\/es\\\/wp-content\\\/uploads\\\/sites\\\/7\\\/2018\\\/01\\\/parr_banner_shaker_secondary.jpg?fit=2200%2C399&ssl=1\",\"width\":2200,\"height\":399},{\"@type\":\"BreadcrumbList\",\"@id\":\"https:\\\/\\\/www.parrinst.com\\\/es\\\/products\\\/hydrogenation\\\/3911-hydrogenator\\\/#breadcrumb\",\"itemListElement\":[{\"@type\":\"ListItem\",\"position\":1,\"name\":\"Home\",\"item\":\"https:\\\/\\\/www.parrinst.com\\\/es\\\/\"},{\"@type\":\"ListItem\",\"position\":2,\"name\":\"Products\",\"item\":\"https:\\\/\\\/www.parrinst.com\\\/es\\\/products\\\/\"},{\"@type\":\"ListItem\",\"position\":3,\"name\":\"Aparato Agitador de Hidrogenaci\u00f3n\",\"item\":\"https:\\\/\\\/www.parrinst.com\\\/es\\\/products\\\/hydrogenation\\\/\"},{\"@type\":\"ListItem\",\"position\":4,\"name\":\"Aparato Agitador de Hidrogenaci\u00f3n 3911\"}]},{\"@type\":\"WebSite\",\"@id\":\"https:\\\/\\\/www.parrinst.com\\\/es\\\/#website\",\"url\":\"https:\\\/\\\/www.parrinst.com\\\/es\\\/\",\"name\":\"Parr Instrument (Espa\u00f1ol)\",\"description\":\"\",\"potentialAction\":[{\"@type\":\"SearchAction\",\"target\":{\"@type\":\"EntryPoint\",\"urlTemplate\":\"https:\\\/\\\/www.parrinst.com\\\/es\\\/?s={search_term_string}\"},\"query-input\":{\"@type\":\"PropertyValueSpecification\",\"valueRequired\":true,\"valueName\":\"search_term_string\"}}],\"inLanguage\":\"en-US\"}]}<\/script>\n<!-- \/ Yoast SEO plugin. -->","yoast_head_json":{"title":"Aparato Agitador de Hidrogenaci\u00f3n 3911 - Parr Instrument (Espa\u00f1ol)","robots":{"index":"index","follow":"follow","max-snippet":"max-snippet:-1","max-image-preview":"max-image-preview:large","max-video-preview":"max-video-preview:-1"},"canonical":"https:\/\/www.parrinst.com\/es\/products\/hydrogenation\/3911-hydrogenator\/","og_locale":"en_US","og_type":"article","og_title":"Aparato Agitador de Hidrogenaci\u00f3n 3911 - Parr Instrument (Espa\u00f1ol)","og_description":"T\u00e9cnicas de Reacci\u00f3n Los materiales a tratar en un Hidrogenador Parr se sellan en una botella de reacci\u00f3n con un catalizador y conectado a un dep\u00f3sito de hidr\u00f3geno. El aire es eliminado, evacuando la botella por lavado o con hidr\u00f3geno. Entonces se aplica presi\u00f3n desde el dep\u00f3sito y la botella se agita vigorosamente para iniciar [&hellip;]","og_url":"https:\/\/www.parrinst.com\/es\/products\/hydrogenation\/3911-hydrogenator\/","og_site_name":"Parr Instrument (Espa\u00f1ol)","article_modified_time":"2018-02-01T16:35:11+00:00","og_image":[{"width":2200,"height":399,"url":"https:\/\/www.parrinst.com\/es\/files\/2018\/01\/parr_banner_shaker_secondary.jpg","type":"image\/jpeg"}],"twitter_card":"summary_large_image","twitter_misc":{"Est. reading time":"3 minutes"},"schema":{"@context":"https:\/\/schema.org","@graph":[{"@type":"WebPage","@id":"https:\/\/www.parrinst.com\/es\/products\/hydrogenation\/3911-hydrogenator\/","url":"https:\/\/www.parrinst.com\/es\/products\/hydrogenation\/3911-hydrogenator\/","name":"Aparato Agitador de Hidrogenaci\u00f3n 3911 - Parr Instrument (Espa\u00f1ol)","isPartOf":{"@id":"https:\/\/www.parrinst.com\/es\/#website"},"primaryImageOfPage":{"@id":"https:\/\/www.parrinst.com\/es\/products\/hydrogenation\/3911-hydrogenator\/#primaryimage"},"image":{"@id":"https:\/\/www.parrinst.com\/es\/products\/hydrogenation\/3911-hydrogenator\/#primaryimage"},"thumbnailUrl":"https:\/\/i0.wp.com\/www.parrinst.com\/es\/wp-content\/uploads\/sites\/7\/2018\/01\/parr_banner_shaker_secondary.jpg?fit=2200%2C399&ssl=1","datePublished":"2011-03-11T02:34:41+00:00","dateModified":"2018-02-01T16:35:11+00:00","breadcrumb":{"@id":"https:\/\/www.parrinst.com\/es\/products\/hydrogenation\/3911-hydrogenator\/#breadcrumb"},"inLanguage":"en-US","potentialAction":[{"@type":"ReadAction","target":["https:\/\/www.parrinst.com\/es\/products\/hydrogenation\/3911-hydrogenator\/"]}]},{"@type":"ImageObject","inLanguage":"en-US","@id":"https:\/\/www.parrinst.com\/es\/products\/hydrogenation\/3911-hydrogenator\/#primaryimage","url":"https:\/\/i0.wp.com\/www.parrinst.com\/es\/wp-content\/uploads\/sites\/7\/2018\/01\/parr_banner_shaker_secondary.jpg?fit=2200%2C399&ssl=1","contentUrl":"https:\/\/i0.wp.com\/www.parrinst.com\/es\/wp-content\/uploads\/sites\/7\/2018\/01\/parr_banner_shaker_secondary.jpg?fit=2200%2C399&ssl=1","width":2200,"height":399},{"@type":"BreadcrumbList","@id":"https:\/\/www.parrinst.com\/es\/products\/hydrogenation\/3911-hydrogenator\/#breadcrumb","itemListElement":[{"@type":"ListItem","position":1,"name":"Home","item":"https:\/\/www.parrinst.com\/es\/"},{"@type":"ListItem","position":2,"name":"Products","item":"https:\/\/www.parrinst.com\/es\/products\/"},{"@type":"ListItem","position":3,"name":"Aparato Agitador de Hidrogenaci\u00f3n","item":"https:\/\/www.parrinst.com\/es\/products\/hydrogenation\/"},{"@type":"ListItem","position":4,"name":"Aparato Agitador de Hidrogenaci\u00f3n 3911"}]},{"@type":"WebSite","@id":"https:\/\/www.parrinst.com\/es\/#website","url":"https:\/\/www.parrinst.com\/es\/","name":"Parr Instrument (Espa\u00f1ol)","description":"","potentialAction":[{"@type":"SearchAction","target":{"@type":"EntryPoint","urlTemplate":"https:\/\/www.parrinst.com\/es\/?s={search_term_string}"},"query-input":{"@type":"PropertyValueSpecification","valueRequired":true,"valueName":"search_term_string"}}],"inLanguage":"en-US"}]}},"jetpack_sharing_enabled":true,"_links":{"self":[{"href":"https:\/\/www.parrinst.com\/es\/wp-json\/wp\/v2\/pages\/337","targetHints":{"allow":["GET"]}}],"collection":[{"href":"https:\/\/www.parrinst.com\/es\/wp-json\/wp\/v2\/pages"}],"about":[{"href":"https:\/\/www.parrinst.com\/es\/wp-json\/wp\/v2\/types\/page"}],"author":[{"embeddable":true,"href":"https:\/\/www.parrinst.com\/es\/wp-json\/wp\/v2\/users\/1"}],"replies":[{"embeddable":true,"href":"https:\/\/www.parrinst.com\/es\/wp-json\/wp\/v2\/comments?post=337"}],"version-history":[{"count":3,"href":"https:\/\/www.parrinst.com\/es\/wp-json\/wp\/v2\/pages\/337\/revisions"}],"predecessor-version":[{"id":37819,"href":"https:\/\/www.parrinst.com\/es\/wp-json\/wp\/v2\/pages\/337\/revisions\/37819"}],"up":[{"embeddable":true,"href":"https:\/\/www.parrinst.com\/es\/wp-json\/wp\/v2\/pages\/91"}],"wp:featuredmedia":[{"embeddable":true,"href":"https:\/\/www.parrinst.com\/es\/wp-json\/wp\/v2\/media\/37723"}],"wp:attachment":[{"href":"https:\/\/www.parrinst.com\/es\/wp-json\/wp\/v2\/media?parent=337"}],"curies":[{"name":"wp","href":"https:\/\/api.w.org\/{rel}","templated":true}]}}