{"id":3380,"date":"2011-06-24T20:28:46","date_gmt":"2011-06-25T01:28:46","guid":{"rendered":"https:\/\/www.parrinst.com\/?page_id=3380"},"modified":"2020-10-27T15:14:31","modified_gmt":"2020-10-27T20:14:31","slug":"bottom-drain-valves","status":"publish","type":"page","link":"https:\/\/www.parrinst.com\/es\/products\/stirred-reactors\/options-accessories\/bottom-drain-valves\/","title":{"rendered":"V\u00e1lvulas de Drenaje Inferior"},"content":{"rendered":"<figure id=\"attachment_3654\" aria-describedby=\"caption-attachment-3654\" style=\"width: 214px\" class=\"wp-caption alignright\"><a href=\"https:\/\/i0.wp.com\/www.parrinst.com\/es\/wp-content\/uploads\/sites\/7\/2011\/06\/A465VB_BDV.jpg?ssl=1\"><img data-recalc-dims=\"1\" loading=\"lazy\" decoding=\"async\" class=\"wp-image-3654 size-medium\" src=\"https:\/\/i0.wp.com\/www.parrinst.com\/es\/wp-content\/uploads\/sites\/7\/2011\/06\/A465VB_BDV.jpg?resize=214%2C300&#038;ssl=1\" alt=\"A465VB Bottom Drain Valve\" width=\"214\" height=\"300\" srcset=\"https:\/\/i0.wp.com\/www.parrinst.com\/es\/wp-content\/uploads\/sites\/7\/2011\/06\/A465VB_BDV.jpg?resize=214%2C300&amp;ssl=1 214w, https:\/\/i0.wp.com\/www.parrinst.com\/es\/wp-content\/uploads\/sites\/7\/2011\/06\/A465VB_BDV.jpg?resize=107%2C150&amp;ssl=1 107w, https:\/\/i0.wp.com\/www.parrinst.com\/es\/wp-content\/uploads\/sites\/7\/2011\/06\/A465VB_BDV.jpg?w=600&amp;ssl=1 600w\" sizes=\"auto, (max-width: 214px) 100vw, 214px\" \/><\/a><figcaption id=\"caption-attachment-3654\" class=\"wp-caption-text\">A465VB V\u00e1lvula de Drenaje Inferior<\/figcaption><\/figure>\n<p><strong>Las V\u00e1lvulas de Drenaje Inferior se pueden a\u00f1adir a la mayor\u00eda de los reactores Parr.\u00a0<\/strong>Estas v\u00e1lvulas son particularmente \u00fatiles para los que trabajan con pol\u00edmeros u otros materiales que deben ser descargados del reactor mientras est\u00e1n todav\u00eda calientes y antes de que solidifiquen. Estas v\u00e1lvulas son muy \u00fatiles para recipientes de 1 gal\u00f3n y m\u00e1s grandes, son demasiado grandes para levantarlos c\u00f3modamente desde el calefactor para la recuperaci\u00f3n de producto. Las v\u00e1lvulas de fondo rara vez se instalan en los reactores micro y mini, por sus peque\u00f1os vol\u00famenes y recipientes de pesos ligeros.<\/p>\n<p><strong>La v\u00e1lvula de Drenaje Inferior est\u00e1ndar<\/strong> es un v\u00e1stago ascendente que est\u00e1 al nivel del fondo del interior del recipiente de modo que no hay espacio muerto entre el fondo del recipiente y el punto de cierre de la v\u00e1lvula. En la posici\u00f3n totalmente abierta el v\u00e1stago se retrae completamente para dar paso libre y drenar el recipiente.<\/p>\n<p>Cuando la v\u00e1lvula se vuelve a cerrar, cualquier material que est\u00e9 en el pasaje ser\u00e1 empujado de nuevo al reactor por el v\u00e1stago ascendente. Las v\u00e1lvulas con un pasaje libre de 3\/8 pulgadas de di\u00e1metro se recomiendan para recipientes con vol\u00famenes de 1000 ml a 2 galones. Una v\u00e1lvula de 1\/4 pulg. est\u00e1 disponible para recipientes de 600 o m\u00e1s peque\u00f1os. V\u00e1lvulas de alta presi\u00f3n y de di\u00e1metro mayor est\u00e1n disponibles cuando se requieran.<\/p>\n<p><strong>Estas v\u00e1lvulas soportar\u00e1n<\/strong> las presiones y temperaturas de operaci\u00f3n complete de los recipientes en los que se instalan. Est\u00e1n disponibles en todos los materiales de fabricaci\u00f3n de Parr. Los usuarios tambi\u00e9n pueden especificar que un reactor solicitado con v\u00e1lvula de fondo tenga un fondo c\u00f3nico para que drene f\u00e1cilmente a trav\u00e9s de la apertura de la v\u00e1lvula.<\/p>\n<p>No todos los reactores Parr aceptar\u00e1n una v\u00e1lvula de drenaje inferior. Dado que la v\u00e1lvula se extiende aproximadamente 8 pulgadas por debajo del fondo del recipiente, el recipiente completo debe ser elevado esa distancia para colocar la v\u00e1lvula. Esto hace que algunos Modelos queden demasiado altos para su operaci\u00f3n en una mesa de trabajo. Las tablas de especificaciones de cada Modelo determinar\u00e1n los reactores en los que puede ser instalado f\u00e1cilmente un Drenaje Inferior y, aquellos que no aceptar\u00e1n un drenaje de fondo, o los que requieren modificaciones personalizadas del elemento calefactor y base de soporte para dar cabida a una v\u00e1lvula de fondo.<\/p>\n<table class=\"GeneralTable\">\n<tbody>\n<tr>\n<td class=\"GeneralTable-DarkBlue\" colspan=\"6\">V\u00e1lvulas de Drenaje Inferior<\/td>\n<\/tr>\n<tr>\n<td><strong>N\u00b0 Parte<\/strong><\/td>\n<td><strong>Dia. Abertura, pulg<\/strong><\/td>\n<td><strong>Conexi\u00f3n de Salida<\/strong><\/td>\n<td><strong>Presi\u00f3n Max. psi (T316SS)<\/strong><\/td>\n<td><strong>Max. Temp. \u00baC (T316SS)<\/strong><\/td>\n<td><strong>Sello<\/strong><\/td>\n<\/tr>\n<tr class=\"GeneralTable-LightBlue\">\n<td>A485VB<\/td>\n<td>0.25<\/td>\n<td>1\/4&#8243; NPT (F)<\/td>\n<td>3000<\/td>\n<td>225<\/td>\n<td>PTFE<\/td>\n<\/tr>\n<tr>\n<td>A485VB2<\/td>\n<td>0.25<\/td>\n<td>1\/4&#8243; NPT (F)<\/td>\n<td>3000<\/td>\n<td>350<\/td>\n<td>Plata<\/td>\n<\/tr>\n<tr class=\"GeneralTable-LightBlue\">\n<td>A465VB<\/td>\n<td>0.38<\/td>\n<td>3\/8&#8243; NPT (F)<\/td>\n<td>2000<\/td>\n<td>350<\/td>\n<td>Grafoil<\/td>\n<\/tr>\n<tr>\n<td>A465VB2*<\/td>\n<td>0.38<\/td>\n<td>3\/8&#8243; NPT (F)<\/td>\n<td>2000<\/td>\n<td>350<\/td>\n<td>Grafoil<\/td>\n<\/tr>\n<tr class=\"GeneralTable-LightBlue\">\n<td>A465VB3<\/td>\n<td>0.38<\/td>\n<td>3\/8&#8243; NPT (F)<\/td>\n<td>2000<\/td>\n<td>350<\/td>\n<td>Plata<\/td>\n<\/tr>\n<tr>\n<td>A177VB2<\/td>\n<td>0.31<\/td>\n<td>3\/8&#8243; NPT (F)<\/td>\n<td>5000<\/td>\n<td>500<\/td>\n<td>Plata<\/td>\n<\/tr>\n<tr class=\"GeneralTable-LightBlue\">\n<td>A296VB2<\/td>\n<td>0.69<\/td>\n<td>1&#8243; NPT (F)<\/td>\n<td>1900<\/td>\n<td>350<\/td>\n<td>Plata<\/td>\n<\/tr>\n<tr>\n<td colspan=\"6\"><em>*Configuraci\u00f3n para Calefactor de Banda<\/em><\/td>\n<\/tr>\n<\/tbody>\n<\/table>\n<h3>V\u00e1lvulas de Aguja y V\u00e1lvulas de Bola<\/h3>\n<p>Las v\u00e1lvulas de aguja y v\u00e1lvulas de bola tambi\u00e9n se pueden instalar como v\u00e1lvulas de drenaje inferior. Las v\u00e1lvulas de aguja se utilizan generalmente en los reactores m\u00e1s peque\u00f1os. Mientras que las v\u00e1lvulas de bola se pueden utilizar para pasajes de descarga grandes, son generalmente limitadas en sus capacidades de temperatura \/ presi\u00f3n de operaci\u00f3n y dejan un espacio muerto bastante grande entre el fondo del recipiente y el asiento de la v\u00e1lvula.<\/p>\n","protected":false},"excerpt":{"rendered":"<p>Las V\u00e1lvulas de Drenaje Inferior se pueden a\u00f1adir a la mayor\u00eda de los reactores Parr.\u00a0Estas v\u00e1lvulas son particularmente \u00fatiles para los que trabajan con pol\u00edmeros u otros materiales que deben ser descargados del reactor mientras est\u00e1n todav\u00eda calientes y antes de que solidifiquen. Estas v\u00e1lvulas son muy \u00fatiles para recipientes de 1 gal\u00f3n y m\u00e1s [&hellip;]<\/p>\n","protected":false},"author":2,"featured_media":36874,"parent":128,"menu_order":36,"comment_status":"closed","ping_status":"closed","template":"product-wide.php","meta":{"_acf_changed":false,"footnotes":"","_links_to":"","_links_to_target":""},"class_list":["post-3380","page","type-page","status-publish","has-post-thumbnail","hentry"],"acf":[],"yoast_head":"<!-- This site is optimized with the Yoast SEO plugin v27.5 - https:\/\/yoast.com\/product\/yoast-seo-wordpress\/ -->\n<title>V\u00e1lvulas de Drenaje Inferior - Parr Instrument (Espa\u00f1ol)<\/title>\n<meta name=\"robots\" content=\"index, follow, max-snippet:-1, max-image-preview:large, max-video-preview:-1\" \/>\n<link rel=\"canonical\" href=\"https:\/\/www.parrinst.com\/es\/products\/stirred-reactors\/options-accessories\/bottom-drain-valves\/\" \/>\n<meta property=\"og:locale\" content=\"en_US\" \/>\n<meta property=\"og:type\" content=\"article\" \/>\n<meta property=\"og:title\" content=\"V\u00e1lvulas de Drenaje Inferior - Parr Instrument (Espa\u00f1ol)\" \/>\n<meta property=\"og:description\" content=\"Las V\u00e1lvulas de Drenaje Inferior se pueden a\u00f1adir a la mayor\u00eda de los reactores Parr.\u00a0Estas v\u00e1lvulas son particularmente \u00fatiles para los que trabajan con pol\u00edmeros u otros materiales que deben ser descargados del reactor mientras est\u00e1n todav\u00eda calientes y antes de que solidifiquen. Estas v\u00e1lvulas son muy \u00fatiles para recipientes de 1 gal\u00f3n y m\u00e1s [&hellip;]\" \/>\n<meta property=\"og:url\" content=\"https:\/\/www.parrinst.com\/es\/products\/stirred-reactors\/options-accessories\/bottom-drain-valves\/\" \/>\n<meta property=\"og:site_name\" content=\"Parr Instrument (Espa\u00f1ol)\" \/>\n<meta property=\"article:modified_time\" content=\"2020-10-27T20:14:31+00:00\" \/>\n<meta property=\"og:image\" content=\"https:\/\/www.parrinst.com\/es\/files\/2017\/12\/parr_banner_stirred3_secondary.jpg\" \/>\n\t<meta property=\"og:image:width\" content=\"2200\" \/>\n\t<meta property=\"og:image:height\" content=\"399\" \/>\n\t<meta property=\"og:image:type\" content=\"image\/jpeg\" \/>\n<meta name=\"twitter:card\" content=\"summary_large_image\" \/>\n<meta name=\"twitter:label1\" content=\"Est. reading time\" \/>\n\t<meta name=\"twitter:data1\" content=\"3 minutes\" \/>\n<script type=\"application\/ld+json\" class=\"yoast-schema-graph\">{\"@context\":\"https:\\\/\\\/schema.org\",\"@graph\":[{\"@type\":\"WebPage\",\"@id\":\"https:\\\/\\\/www.parrinst.com\\\/es\\\/products\\\/stirred-reactors\\\/options-accessories\\\/bottom-drain-valves\\\/\",\"url\":\"https:\\\/\\\/www.parrinst.com\\\/es\\\/products\\\/stirred-reactors\\\/options-accessories\\\/bottom-drain-valves\\\/\",\"name\":\"V\u00e1lvulas de Drenaje Inferior - Parr Instrument (Espa\u00f1ol)\",\"isPartOf\":{\"@id\":\"https:\\\/\\\/www.parrinst.com\\\/es\\\/#website\"},\"primaryImageOfPage\":{\"@id\":\"https:\\\/\\\/www.parrinst.com\\\/es\\\/products\\\/stirred-reactors\\\/options-accessories\\\/bottom-drain-valves\\\/#primaryimage\"},\"image\":{\"@id\":\"https:\\\/\\\/www.parrinst.com\\\/es\\\/products\\\/stirred-reactors\\\/options-accessories\\\/bottom-drain-valves\\\/#primaryimage\"},\"thumbnailUrl\":\"https:\\\/\\\/i0.wp.com\\\/www.parrinst.com\\\/es\\\/wp-content\\\/uploads\\\/sites\\\/7\\\/2017\\\/12\\\/parr_banner_stirred3_secondary.jpg?fit=2200%2C399&ssl=1\",\"datePublished\":\"2011-06-25T01:28:46+00:00\",\"dateModified\":\"2020-10-27T20:14:31+00:00\",\"breadcrumb\":{\"@id\":\"https:\\\/\\\/www.parrinst.com\\\/es\\\/products\\\/stirred-reactors\\\/options-accessories\\\/bottom-drain-valves\\\/#breadcrumb\"},\"inLanguage\":\"en-US\",\"potentialAction\":[{\"@type\":\"ReadAction\",\"target\":[\"https:\\\/\\\/www.parrinst.com\\\/es\\\/products\\\/stirred-reactors\\\/options-accessories\\\/bottom-drain-valves\\\/\"]}]},{\"@type\":\"ImageObject\",\"inLanguage\":\"en-US\",\"@id\":\"https:\\\/\\\/www.parrinst.com\\\/es\\\/products\\\/stirred-reactors\\\/options-accessories\\\/bottom-drain-valves\\\/#primaryimage\",\"url\":\"https:\\\/\\\/i0.wp.com\\\/www.parrinst.com\\\/es\\\/wp-content\\\/uploads\\\/sites\\\/7\\\/2017\\\/12\\\/parr_banner_stirred3_secondary.jpg?fit=2200%2C399&ssl=1\",\"contentUrl\":\"https:\\\/\\\/i0.wp.com\\\/www.parrinst.com\\\/es\\\/wp-content\\\/uploads\\\/sites\\\/7\\\/2017\\\/12\\\/parr_banner_stirred3_secondary.jpg?fit=2200%2C399&ssl=1\",\"width\":2200,\"height\":399},{\"@type\":\"BreadcrumbList\",\"@id\":\"https:\\\/\\\/www.parrinst.com\\\/es\\\/products\\\/stirred-reactors\\\/options-accessories\\\/bottom-drain-valves\\\/#breadcrumb\",\"itemListElement\":[{\"@type\":\"ListItem\",\"position\":1,\"name\":\"Home\",\"item\":\"https:\\\/\\\/www.parrinst.com\\\/es\\\/\"},{\"@type\":\"ListItem\",\"position\":2,\"name\":\"Products\",\"item\":\"https:\\\/\\\/www.parrinst.com\\\/es\\\/products\\\/\"},{\"@type\":\"ListItem\",\"position\":3,\"name\":\"Reactores Agitados\",\"item\":\"https:\\\/\\\/www.parrinst.com\\\/es\\\/products\\\/stirred-reactors\\\/\"},{\"@type\":\"ListItem\",\"position\":4,\"name\":\"Accessorios\",\"item\":\"https:\\\/\\\/www.parrinst.com\\\/es\\\/products\\\/stirred-reactors\\\/options-accessories\\\/\"},{\"@type\":\"ListItem\",\"position\":5,\"name\":\"V\u00e1lvulas de Drenaje Inferior\"}]},{\"@type\":\"WebSite\",\"@id\":\"https:\\\/\\\/www.parrinst.com\\\/es\\\/#website\",\"url\":\"https:\\\/\\\/www.parrinst.com\\\/es\\\/\",\"name\":\"Parr Instrument (Espa\u00f1ol)\",\"description\":\"\",\"potentialAction\":[{\"@type\":\"SearchAction\",\"target\":{\"@type\":\"EntryPoint\",\"urlTemplate\":\"https:\\\/\\\/www.parrinst.com\\\/es\\\/?s={search_term_string}\"},\"query-input\":{\"@type\":\"PropertyValueSpecification\",\"valueRequired\":true,\"valueName\":\"search_term_string\"}}],\"inLanguage\":\"en-US\"}]}<\/script>\n<!-- \/ Yoast SEO plugin. -->","yoast_head_json":{"title":"V\u00e1lvulas de Drenaje Inferior - Parr Instrument (Espa\u00f1ol)","robots":{"index":"index","follow":"follow","max-snippet":"max-snippet:-1","max-image-preview":"max-image-preview:large","max-video-preview":"max-video-preview:-1"},"canonical":"https:\/\/www.parrinst.com\/es\/products\/stirred-reactors\/options-accessories\/bottom-drain-valves\/","og_locale":"en_US","og_type":"article","og_title":"V\u00e1lvulas de Drenaje Inferior - Parr Instrument (Espa\u00f1ol)","og_description":"Las V\u00e1lvulas de Drenaje Inferior se pueden a\u00f1adir a la mayor\u00eda de los reactores Parr.\u00a0Estas v\u00e1lvulas son particularmente \u00fatiles para los que trabajan con pol\u00edmeros u otros materiales que deben ser descargados del reactor mientras est\u00e1n todav\u00eda calientes y antes de que solidifiquen. Estas v\u00e1lvulas son muy \u00fatiles para recipientes de 1 gal\u00f3n y m\u00e1s [&hellip;]","og_url":"https:\/\/www.parrinst.com\/es\/products\/stirred-reactors\/options-accessories\/bottom-drain-valves\/","og_site_name":"Parr Instrument (Espa\u00f1ol)","article_modified_time":"2020-10-27T20:14:31+00:00","og_image":[{"width":2200,"height":399,"url":"https:\/\/www.parrinst.com\/es\/files\/2017\/12\/parr_banner_stirred3_secondary.jpg","type":"image\/jpeg"}],"twitter_card":"summary_large_image","twitter_misc":{"Est. reading time":"3 minutes"},"schema":{"@context":"https:\/\/schema.org","@graph":[{"@type":"WebPage","@id":"https:\/\/www.parrinst.com\/es\/products\/stirred-reactors\/options-accessories\/bottom-drain-valves\/","url":"https:\/\/www.parrinst.com\/es\/products\/stirred-reactors\/options-accessories\/bottom-drain-valves\/","name":"V\u00e1lvulas de Drenaje Inferior - Parr Instrument (Espa\u00f1ol)","isPartOf":{"@id":"https:\/\/www.parrinst.com\/es\/#website"},"primaryImageOfPage":{"@id":"https:\/\/www.parrinst.com\/es\/products\/stirred-reactors\/options-accessories\/bottom-drain-valves\/#primaryimage"},"image":{"@id":"https:\/\/www.parrinst.com\/es\/products\/stirred-reactors\/options-accessories\/bottom-drain-valves\/#primaryimage"},"thumbnailUrl":"https:\/\/i0.wp.com\/www.parrinst.com\/es\/wp-content\/uploads\/sites\/7\/2017\/12\/parr_banner_stirred3_secondary.jpg?fit=2200%2C399&ssl=1","datePublished":"2011-06-25T01:28:46+00:00","dateModified":"2020-10-27T20:14:31+00:00","breadcrumb":{"@id":"https:\/\/www.parrinst.com\/es\/products\/stirred-reactors\/options-accessories\/bottom-drain-valves\/#breadcrumb"},"inLanguage":"en-US","potentialAction":[{"@type":"ReadAction","target":["https:\/\/www.parrinst.com\/es\/products\/stirred-reactors\/options-accessories\/bottom-drain-valves\/"]}]},{"@type":"ImageObject","inLanguage":"en-US","@id":"https:\/\/www.parrinst.com\/es\/products\/stirred-reactors\/options-accessories\/bottom-drain-valves\/#primaryimage","url":"https:\/\/i0.wp.com\/www.parrinst.com\/es\/wp-content\/uploads\/sites\/7\/2017\/12\/parr_banner_stirred3_secondary.jpg?fit=2200%2C399&ssl=1","contentUrl":"https:\/\/i0.wp.com\/www.parrinst.com\/es\/wp-content\/uploads\/sites\/7\/2017\/12\/parr_banner_stirred3_secondary.jpg?fit=2200%2C399&ssl=1","width":2200,"height":399},{"@type":"BreadcrumbList","@id":"https:\/\/www.parrinst.com\/es\/products\/stirred-reactors\/options-accessories\/bottom-drain-valves\/#breadcrumb","itemListElement":[{"@type":"ListItem","position":1,"name":"Home","item":"https:\/\/www.parrinst.com\/es\/"},{"@type":"ListItem","position":2,"name":"Products","item":"https:\/\/www.parrinst.com\/es\/products\/"},{"@type":"ListItem","position":3,"name":"Reactores Agitados","item":"https:\/\/www.parrinst.com\/es\/products\/stirred-reactors\/"},{"@type":"ListItem","position":4,"name":"Accessorios","item":"https:\/\/www.parrinst.com\/es\/products\/stirred-reactors\/options-accessories\/"},{"@type":"ListItem","position":5,"name":"V\u00e1lvulas de Drenaje Inferior"}]},{"@type":"WebSite","@id":"https:\/\/www.parrinst.com\/es\/#website","url":"https:\/\/www.parrinst.com\/es\/","name":"Parr Instrument (Espa\u00f1ol)","description":"","potentialAction":[{"@type":"SearchAction","target":{"@type":"EntryPoint","urlTemplate":"https:\/\/www.parrinst.com\/es\/?s={search_term_string}"},"query-input":{"@type":"PropertyValueSpecification","valueRequired":true,"valueName":"search_term_string"}}],"inLanguage":"en-US"}]}},"jetpack_sharing_enabled":true,"_links":{"self":[{"href":"https:\/\/www.parrinst.com\/es\/wp-json\/wp\/v2\/pages\/3380","targetHints":{"allow":["GET"]}}],"collection":[{"href":"https:\/\/www.parrinst.com\/es\/wp-json\/wp\/v2\/pages"}],"about":[{"href":"https:\/\/www.parrinst.com\/es\/wp-json\/wp\/v2\/types\/page"}],"author":[{"embeddable":true,"href":"https:\/\/www.parrinst.com\/es\/wp-json\/wp\/v2\/users\/2"}],"replies":[{"embeddable":true,"href":"https:\/\/www.parrinst.com\/es\/wp-json\/wp\/v2\/comments?post=3380"}],"version-history":[{"count":2,"href":"https:\/\/www.parrinst.com\/es\/wp-json\/wp\/v2\/pages\/3380\/revisions"}],"predecessor-version":[{"id":38147,"href":"https:\/\/www.parrinst.com\/es\/wp-json\/wp\/v2\/pages\/3380\/revisions\/38147"}],"up":[{"embeddable":true,"href":"https:\/\/www.parrinst.com\/es\/wp-json\/wp\/v2\/pages\/128"}],"wp:featuredmedia":[{"embeddable":true,"href":"https:\/\/www.parrinst.com\/es\/wp-json\/wp\/v2\/media\/36874"}],"wp:attachment":[{"href":"https:\/\/www.parrinst.com\/es\/wp-json\/wp\/v2\/media?parent=3380"}],"curies":[{"name":"wp","href":"https:\/\/api.w.org\/{rel}","templated":true}]}}