{"id":3395,"date":"2011-06-24T20:43:42","date_gmt":"2011-06-25T01:43:42","guid":{"rendered":"https:\/\/www.parrinst.com\/?page_id=3395"},"modified":"2018-03-06T10:50:06","modified_gmt":"2018-03-06T16:50:06","slug":"explosion-proof-apparatus","status":"publish","type":"page","link":"https:\/\/www.parrinst.com\/es\/products\/stirred-reactors\/options-accessories\/explosion-proof-apparatus\/","title":{"rendered":"Aparatos a Prueba de Explosi\u00f3n"},"content":{"rendered":"<figure id=\"attachment_3720\" aria-describedby=\"caption-attachment-3720\" style=\"width: 214px\" class=\"wp-caption alignright\"><a href=\"https:\/\/i0.wp.com\/www.parrinst.com\/es\/wp-content\/uploads\/sites\/7\/2011\/06\/4524-fixed.jpg?ssl=1\"><img data-recalc-dims=\"1\" loading=\"lazy\" decoding=\"async\" class=\"wp-image-3720 size-medium\" src=\"https:\/\/i0.wp.com\/www.parrinst.com\/es\/wp-content\/uploads\/sites\/7\/2011\/06\/4524-fixed.jpg?resize=214%2C300&#038;ssl=1\" alt=\"Reactor Modelo 4524, 2000 ml, Estilo Cabeza Fija con Calefactor de Bloque de Aluminio\" width=\"214\" height=\"300\" srcset=\"https:\/\/i0.wp.com\/www.parrinst.com\/es\/wp-content\/uploads\/sites\/7\/2011\/06\/4524-fixed.jpg?resize=214%2C300&amp;ssl=1 214w, https:\/\/i0.wp.com\/www.parrinst.com\/es\/wp-content\/uploads\/sites\/7\/2011\/06\/4524-fixed.jpg?resize=107%2C150&amp;ssl=1 107w, https:\/\/i0.wp.com\/www.parrinst.com\/es\/wp-content\/uploads\/sites\/7\/2011\/06\/4524-fixed.jpg?w=600&amp;ssl=1 600w\" sizes=\"auto, (max-width: 214px) 100vw, 214px\" \/><\/a><figcaption id=\"caption-attachment-3720\" class=\"wp-caption-text\">Reactor Modelo 4524, 2000 ml, Estilo Cabeza Fija con Calefactor de Bloque de Aluminio<\/figcaption><\/figure>\n<p><strong>Los reactors des Parr\u00a0\u00a0<\/strong>est\u00e1n equipados con motores de velocidad variable totalmente cerrados, calefactores el\u00e9ctricos y controladores destinados a ser utilizados en ambientes no peligrosos. Estas unidades est\u00e1ndar se pueden utilizar en la mayor\u00eda de los laboratorios sin ning\u00fan riesgo indebido, pero hay situaciones en las que los equipos a instalar deben considerarse para uso en ambientes inflamables. Parr ofrece varias unidades opcionales de agitaci\u00f3n y soluciones de calefacci\u00f3n para satisfacer estos estrictos requerimientos.<\/p>\n<h3>C\u00f3digos de EUA y Canada <strong>(HAZLOC &#8211; Locaciones Peligrosas)<\/strong><\/h3>\n<p>El dise\u00f1o de equipos el\u00e9ctricos que van a ser operados en locaciones peligrosas es un tema complejo, regido por extensos c\u00f3digos el\u00e9ctricos nacionales y complementado por normas de cada localidad. Estos c\u00f3digos requieren que todo el equipo el\u00e9ctrico que se instale en una ubicaci\u00f3n bajo su gobierno, est\u00e9 aprobado para su uso con el gas, vapores o polvos espec\u00edficos que puedan estar presentes en la ubicaci\u00f3n definida. Los c\u00f3digos el\u00e9ctricos de EUA y canadienses clasifican las locaciones peligrosas conforme a la naturaleza y concentraci\u00f3n de los materiales peligrosos o inflamables espec\u00edficos. Estos se dividen en tres clases:<\/p>\n<p><strong>Clase I<\/strong> &#8211; L\u00edquidos inflamables, gases o vapores.<\/p>\n<p><strong>Clase II<\/strong> &#8211; Polvos combustibles o conductores de electricidad.<\/p>\n<p><strong>Clase III<\/strong> \u2013 Fibras\/part\u00edculas en suspensi\u00f3n f\u00e1cilmente inflamables.<\/p>\n<p>Hay dos divisiones dentro de cada una de estas clases.<\/p>\n<p><strong>Divisi\u00f3n 1<\/strong> \u2013 Si el material inflamable existe en la atm\u00f3sfera bajo condiciones normales de operaci\u00f3n.<\/p>\n<p><strong>Divisi\u00f3n 2<\/strong> &#8211; Cuando el material peligroso est\u00e1 confinado dentro de un sistema cerrado del que puede liberarse s\u00f3lo bajo condiciones anormales, como una fuga de gas en el sistema.<\/p>\n<p>Las locaciones <strong>Clase I<\/strong> se subdividen en cuatro grupos, A, B, C y D que identifican gases y vapores explosivos espec\u00edficos. Los polvos explosivos y fibras en la Clase II se subdividen en grupos E, F y G. La mayor\u00eda de las aplicaciones m\u00e1s peligrosas para los aparatos Parr se realizar\u00e1n en ambientes identificados por la Clase I, Grupo B para hidr\u00f3geno y Grupos C y D para otros gases y vapores combustibles. La Clase II, Grupo F abarca al polvo de carb\u00f3n. La mayor parte de los otros polvos combustibles, como la harina y el grano, se encuentran en el Grupo G. Las temperaturas m\u00ednimas de ignici\u00f3n y los niveles de energ\u00eda est\u00e1n establecidos para los materiales espec\u00edficos de cada grupo.<\/p>\n<p>La <strong>Comunidad Europea<\/strong> tiene clasificaciones correspondientes a &#8220;atmosferas explosivas&#8221; se referidos como <strong>ATEX (ATmospheriques EXplosives)<\/strong>. Parr trabajar\u00e1 con todos los usuarios para proporcionarles equipos compatibles con sus c\u00f3digos locales.<\/p>\n<p>Los componentes en los sistemas de reactores Parr que pueden ser considerados peligrosos y los pasos que se pueden tomar para reducir o eliminar los riesgos que representan se describen a continuaci\u00f3n.<\/p>\n<figure id=\"attachment_3663\" aria-describedby=\"caption-attachment-3663\" style=\"width: 260px\" class=\"wp-caption alignright\"><a href=\"https:\/\/i0.wp.com\/www.parrinst.com\/es\/wp-content\/uploads\/2011\/06\/Air-motor.jpg?ssl=1\"><img data-recalc-dims=\"1\" loading=\"lazy\" decoding=\"async\" class=\"wp-image-3663 size-medium\" src=\"https:\/\/i0.wp.com\/www.parrinst.com\/es\/wp-content\/uploads\/sites\/7\/2011\/06\/Air-motor.jpg?resize=260%2C300&#038;ssl=1\" alt=\"Motor Neum\u00e1tico\" width=\"260\" height=\"300\" srcset=\"https:\/\/i0.wp.com\/www.parrinst.com\/es\/wp-content\/uploads\/sites\/7\/2011\/06\/Air-motor.jpg?resize=260%2C300&amp;ssl=1 260w, https:\/\/i0.wp.com\/www.parrinst.com\/es\/wp-content\/uploads\/sites\/7\/2011\/06\/Air-motor.jpg?resize=130%2C150&amp;ssl=1 130w, https:\/\/i0.wp.com\/www.parrinst.com\/es\/wp-content\/uploads\/sites\/7\/2011\/06\/Air-motor.jpg?resize=887%2C1024&amp;ssl=1 887w, https:\/\/i0.wp.com\/www.parrinst.com\/es\/wp-content\/uploads\/sites\/7\/2011\/06\/Air-motor.jpg?w=1728&amp;ssl=1 1728w, https:\/\/i0.wp.com\/www.parrinst.com\/es\/wp-content\/uploads\/sites\/7\/2011\/06\/Air-motor.jpg?w=1280&amp;ssl=1 1280w\" sizes=\"auto, (max-width: 260px) 100vw, 260px\" \/><\/a><figcaption id=\"caption-attachment-3663\" class=\"wp-caption-text\">Motor Neum\u00e1tico<\/figcaption><\/figure>\n<h3>Motores<\/h3>\n<p>A \u00a0causa de las chispas de los contactos de las escobillas, los motores el\u00e9ctricos de corriente continua con imanes permanentes claramente representan la fuente de ignici\u00f3n principal en un<\/p>\n<p>reactor con agitaci\u00f3n. Los motores el\u00e9ctricos aprobados para la clase I (Divisiones 1 y 2), Grupos C y D, y Clase II (Divisiones 1 y 2), atm\u00f3sferas de Grupos F y G est\u00e1n disponibles en casi todos los tama\u00f1os y voltajes. Estos motores totalmente cerrados son adecuados para muchas aplicaciones peligrosas, y en ocasiones se usan con hidr\u00f3geno, a pesar de que no est\u00e1n aprobados para atm\u00f3sferas Grupo B. Actualmente, no hay motores de la Divisi\u00f3n 1 disponibles para atm\u00f3sferas del grupo A o B pero se puede utilizar un sistema especial de purga de aire para reducir la clasificaci\u00f3n dentro del motor. El motor se presuriza para crear una presi\u00f3n positiva de aire o gas inerte dentro del motor y evitar que los gases o vapores explosivos entren a la carcasa del motor.<\/p>\n<p>Los requisitos de la Divisi\u00f3n 2 no son tan estrictos. Otras opciones de motores est\u00e1n disponibles. P\u00f3ngase en contacto con Parr para obtener informaci\u00f3n adicional sobre los requisitos de la Clase I, Divisi\u00f3n 2.<\/p>\n<p>Parr puede suministrar motores de corriente alterna, con clasificaci\u00f3n ATEX, con sello IEC cuando se le requiera. Estos motores de par constante tienen velocidad y caracter\u00edsticas de torque menores que los motores de corriente continua que Parr ha utilizado en estos \u00faltimos a\u00f1os.<\/p>\n<p>Un m\u00e9todo alternativo de evitar el peligro de explosi\u00f3n es utilizar un motor accionado por aire. Estos motores funcionan con aire comprimido y ofrecen un sistema de accionamiento pr\u00e1ctico y satisfactorio para su uso en atm\u00f3sferas inflamables, incluyendo hidr\u00f3geno. Est\u00e1n disponibles en tama\u00f1os adecuados para la mayor\u00eda de los reactores de Parr.<\/p>\n<h3>Calefactores<\/h3>\n<p>La forma m\u00e1s recomendable de calentar un reactor Parr en un ambiente potencialmente inflamable es usando una chaqueta de aceite caliente y asegurar que la temperatura m\u00e1s alta del medio de transferencia de calor est\u00e9 por debajo de la temperatura m\u00ednima de ignici\u00f3n del \u00e1rea clasificada en la cual se va a instalar.<\/p>\n<p>Purgar los calefactores de bloque de aluminio de Parr con aire, y limitar las temperaturas de las superficies por debajo de la temperatura de autoignici\u00f3n, puede hacer que sean adecuados para su uso en \u00e1reas clasificadas, pero es probable que el consumo de aire en este tipo de calefactores sea muy grande. Consult\u00e9 nuestra p\u00e1gina de Calefactores para m\u00e1s informaci\u00f3n.<\/p>\n<h3>Cableado<\/h3>\n<p>Parr proporciona un cableado de locaci\u00f3n ordinaria para los motores y calefactores, que puede ser utilizado para la prueba inicial, configuraci\u00f3n, etc. Debido a los requisitos nacionales y locales de instalaci\u00f3n de estos equipos, es responsabilidad del usuario instalar el cableado de red el\u00e9ctrica y de motor seg\u00fan los requisitos del c\u00f3digo vigente.<\/p>\n<p>Parr proporcionar\u00e1 cableado para los sensores, transductores, etc., relacionados con la seguridad intr\u00ednseca. Para informaci\u00f3n espec\u00edfica de la aplicaci\u00f3n acerca del uso de los sensores en locaciones peligrosas, p\u00f3ngase en contacto con Parr Instrument Company. V\u00e9a el manual <em><a href=\"https:\/\/www.parrinst.com\/download\/37607\/\">Understanding Hazardous Area Sensing \u2013 Intrinsic Safety<\/a><\/em> de Turck Inc. para la definici\u00f3n y una mayor comprensi\u00f3n de la tecnolog\u00eda.<\/p>\n<h3>Controladores<\/h3>\n<p>El m\u00e9todo \u00a0m\u00e1s utilizado para evitar el riesgo de ignici\u00f3n que representa un controlador de proceso o de temperatura es simplemente colocar el controlador fuera de la atm\u00f3sfera peligrosa. Otra opci\u00f3n es instalar el controlador\u00a0en un gabinete a prueba de explosi\u00f3n o en un mueble que se puede depurar utilizando el sistema de purga descrito anteriormente.<\/p>\n<h3><\/h3>\n","protected":false},"excerpt":{"rendered":"<p>Los reactors des Parr\u00a0\u00a0est\u00e1n equipados con motores de velocidad variable totalmente cerrados, calefactores el\u00e9ctricos y controladores destinados a ser utilizados en ambientes no peligrosos. Estas unidades est\u00e1ndar se pueden utilizar en la mayor\u00eda de los laboratorios sin ning\u00fan riesgo indebido, pero hay situaciones en las que los equipos a instalar deben considerarse para uso en [&hellip;]<\/p>\n","protected":false},"author":1,"featured_media":36874,"parent":128,"menu_order":7,"comment_status":"closed","ping_status":"closed","template":"product-wide.php","meta":{"_acf_changed":false,"footnotes":"","_links_to":"","_links_to_target":""},"class_list":["post-3395","page","type-page","status-publish","has-post-thumbnail","hentry"],"acf":[],"yoast_head":"<!-- This site is optimized with the Yoast SEO plugin v27.4 - https:\/\/yoast.com\/product\/yoast-seo-wordpress\/ -->\n<title>Aparatos a Prueba de Explosi\u00f3n - Parr Instrument (Espa\u00f1ol)<\/title>\n<meta name=\"robots\" content=\"index, follow, max-snippet:-1, max-image-preview:large, max-video-preview:-1\" \/>\n<link rel=\"canonical\" href=\"https:\/\/www.parrinst.com\/es\/products\/stirred-reactors\/options-accessories\/explosion-proof-apparatus\/\" \/>\n<meta property=\"og:locale\" content=\"en_US\" \/>\n<meta property=\"og:type\" content=\"article\" \/>\n<meta property=\"og:title\" content=\"Aparatos a Prueba de Explosi\u00f3n - Parr Instrument (Espa\u00f1ol)\" \/>\n<meta property=\"og:description\" content=\"Los reactors des Parr\u00a0\u00a0est\u00e1n equipados con motores de velocidad variable totalmente cerrados, calefactores el\u00e9ctricos y controladores destinados a ser utilizados en ambientes no peligrosos. Estas unidades est\u00e1ndar se pueden utilizar en la mayor\u00eda de los laboratorios sin ning\u00fan riesgo indebido, pero hay situaciones en las que los equipos a instalar deben considerarse para uso en [&hellip;]\" \/>\n<meta property=\"og:url\" content=\"https:\/\/www.parrinst.com\/es\/products\/stirred-reactors\/options-accessories\/explosion-proof-apparatus\/\" \/>\n<meta property=\"og:site_name\" content=\"Parr Instrument (Espa\u00f1ol)\" \/>\n<meta property=\"article:modified_time\" content=\"2018-03-06T16:50:06+00:00\" \/>\n<meta property=\"og:image\" content=\"https:\/\/www.parrinst.com\/es\/files\/2017\/12\/parr_banner_stirred3_secondary.jpg\" \/>\n\t<meta property=\"og:image:width\" content=\"2200\" \/>\n\t<meta property=\"og:image:height\" content=\"399\" \/>\n\t<meta property=\"og:image:type\" content=\"image\/jpeg\" \/>\n<meta name=\"twitter:card\" content=\"summary_large_image\" \/>\n<meta name=\"twitter:label1\" content=\"Est. reading time\" \/>\n\t<meta name=\"twitter:data1\" content=\"6 minutes\" \/>\n<script type=\"application\/ld+json\" class=\"yoast-schema-graph\">{\"@context\":\"https:\\\/\\\/schema.org\",\"@graph\":[{\"@type\":\"WebPage\",\"@id\":\"https:\\\/\\\/www.parrinst.com\\\/es\\\/products\\\/stirred-reactors\\\/options-accessories\\\/explosion-proof-apparatus\\\/\",\"url\":\"https:\\\/\\\/www.parrinst.com\\\/es\\\/products\\\/stirred-reactors\\\/options-accessories\\\/explosion-proof-apparatus\\\/\",\"name\":\"Aparatos a Prueba de Explosi\u00f3n - Parr Instrument (Espa\u00f1ol)\",\"isPartOf\":{\"@id\":\"https:\\\/\\\/www.parrinst.com\\\/es\\\/#website\"},\"primaryImageOfPage\":{\"@id\":\"https:\\\/\\\/www.parrinst.com\\\/es\\\/products\\\/stirred-reactors\\\/options-accessories\\\/explosion-proof-apparatus\\\/#primaryimage\"},\"image\":{\"@id\":\"https:\\\/\\\/www.parrinst.com\\\/es\\\/products\\\/stirred-reactors\\\/options-accessories\\\/explosion-proof-apparatus\\\/#primaryimage\"},\"thumbnailUrl\":\"https:\\\/\\\/i0.wp.com\\\/www.parrinst.com\\\/es\\\/wp-content\\\/uploads\\\/sites\\\/7\\\/2017\\\/12\\\/parr_banner_stirred3_secondary.jpg?fit=2200%2C399&ssl=1\",\"datePublished\":\"2011-06-25T01:43:42+00:00\",\"dateModified\":\"2018-03-06T16:50:06+00:00\",\"breadcrumb\":{\"@id\":\"https:\\\/\\\/www.parrinst.com\\\/es\\\/products\\\/stirred-reactors\\\/options-accessories\\\/explosion-proof-apparatus\\\/#breadcrumb\"},\"inLanguage\":\"en-US\",\"potentialAction\":[{\"@type\":\"ReadAction\",\"target\":[\"https:\\\/\\\/www.parrinst.com\\\/es\\\/products\\\/stirred-reactors\\\/options-accessories\\\/explosion-proof-apparatus\\\/\"]}]},{\"@type\":\"ImageObject\",\"inLanguage\":\"en-US\",\"@id\":\"https:\\\/\\\/www.parrinst.com\\\/es\\\/products\\\/stirred-reactors\\\/options-accessories\\\/explosion-proof-apparatus\\\/#primaryimage\",\"url\":\"https:\\\/\\\/i0.wp.com\\\/www.parrinst.com\\\/es\\\/wp-content\\\/uploads\\\/sites\\\/7\\\/2017\\\/12\\\/parr_banner_stirred3_secondary.jpg?fit=2200%2C399&ssl=1\",\"contentUrl\":\"https:\\\/\\\/i0.wp.com\\\/www.parrinst.com\\\/es\\\/wp-content\\\/uploads\\\/sites\\\/7\\\/2017\\\/12\\\/parr_banner_stirred3_secondary.jpg?fit=2200%2C399&ssl=1\",\"width\":2200,\"height\":399},{\"@type\":\"BreadcrumbList\",\"@id\":\"https:\\\/\\\/www.parrinst.com\\\/es\\\/products\\\/stirred-reactors\\\/options-accessories\\\/explosion-proof-apparatus\\\/#breadcrumb\",\"itemListElement\":[{\"@type\":\"ListItem\",\"position\":1,\"name\":\"Home\",\"item\":\"https:\\\/\\\/www.parrinst.com\\\/es\\\/\"},{\"@type\":\"ListItem\",\"position\":2,\"name\":\"Products\",\"item\":\"https:\\\/\\\/www.parrinst.com\\\/es\\\/products\\\/\"},{\"@type\":\"ListItem\",\"position\":3,\"name\":\"Reactores Agitados\",\"item\":\"https:\\\/\\\/www.parrinst.com\\\/es\\\/products\\\/stirred-reactors\\\/\"},{\"@type\":\"ListItem\",\"position\":4,\"name\":\"Accessorios\",\"item\":\"https:\\\/\\\/www.parrinst.com\\\/es\\\/products\\\/stirred-reactors\\\/options-accessories\\\/\"},{\"@type\":\"ListItem\",\"position\":5,\"name\":\"Aparatos a Prueba de Explosi\u00f3n\"}]},{\"@type\":\"WebSite\",\"@id\":\"https:\\\/\\\/www.parrinst.com\\\/es\\\/#website\",\"url\":\"https:\\\/\\\/www.parrinst.com\\\/es\\\/\",\"name\":\"Parr Instrument (Espa\u00f1ol)\",\"description\":\"\",\"potentialAction\":[{\"@type\":\"SearchAction\",\"target\":{\"@type\":\"EntryPoint\",\"urlTemplate\":\"https:\\\/\\\/www.parrinst.com\\\/es\\\/?s={search_term_string}\"},\"query-input\":{\"@type\":\"PropertyValueSpecification\",\"valueRequired\":true,\"valueName\":\"search_term_string\"}}],\"inLanguage\":\"en-US\"}]}<\/script>\n<!-- \/ Yoast SEO plugin. -->","yoast_head_json":{"title":"Aparatos a Prueba de Explosi\u00f3n - Parr Instrument (Espa\u00f1ol)","robots":{"index":"index","follow":"follow","max-snippet":"max-snippet:-1","max-image-preview":"max-image-preview:large","max-video-preview":"max-video-preview:-1"},"canonical":"https:\/\/www.parrinst.com\/es\/products\/stirred-reactors\/options-accessories\/explosion-proof-apparatus\/","og_locale":"en_US","og_type":"article","og_title":"Aparatos a Prueba de Explosi\u00f3n - Parr Instrument (Espa\u00f1ol)","og_description":"Los reactors des Parr\u00a0\u00a0est\u00e1n equipados con motores de velocidad variable totalmente cerrados, calefactores el\u00e9ctricos y controladores destinados a ser utilizados en ambientes no peligrosos. Estas unidades est\u00e1ndar se pueden utilizar en la mayor\u00eda de los laboratorios sin ning\u00fan riesgo indebido, pero hay situaciones en las que los equipos a instalar deben considerarse para uso en [&hellip;]","og_url":"https:\/\/www.parrinst.com\/es\/products\/stirred-reactors\/options-accessories\/explosion-proof-apparatus\/","og_site_name":"Parr Instrument (Espa\u00f1ol)","article_modified_time":"2018-03-06T16:50:06+00:00","og_image":[{"width":2200,"height":399,"url":"https:\/\/www.parrinst.com\/es\/files\/2017\/12\/parr_banner_stirred3_secondary.jpg","type":"image\/jpeg"}],"twitter_card":"summary_large_image","twitter_misc":{"Est. reading time":"6 minutes"},"schema":{"@context":"https:\/\/schema.org","@graph":[{"@type":"WebPage","@id":"https:\/\/www.parrinst.com\/es\/products\/stirred-reactors\/options-accessories\/explosion-proof-apparatus\/","url":"https:\/\/www.parrinst.com\/es\/products\/stirred-reactors\/options-accessories\/explosion-proof-apparatus\/","name":"Aparatos a Prueba de Explosi\u00f3n - Parr Instrument (Espa\u00f1ol)","isPartOf":{"@id":"https:\/\/www.parrinst.com\/es\/#website"},"primaryImageOfPage":{"@id":"https:\/\/www.parrinst.com\/es\/products\/stirred-reactors\/options-accessories\/explosion-proof-apparatus\/#primaryimage"},"image":{"@id":"https:\/\/www.parrinst.com\/es\/products\/stirred-reactors\/options-accessories\/explosion-proof-apparatus\/#primaryimage"},"thumbnailUrl":"https:\/\/i0.wp.com\/www.parrinst.com\/es\/wp-content\/uploads\/sites\/7\/2017\/12\/parr_banner_stirred3_secondary.jpg?fit=2200%2C399&ssl=1","datePublished":"2011-06-25T01:43:42+00:00","dateModified":"2018-03-06T16:50:06+00:00","breadcrumb":{"@id":"https:\/\/www.parrinst.com\/es\/products\/stirred-reactors\/options-accessories\/explosion-proof-apparatus\/#breadcrumb"},"inLanguage":"en-US","potentialAction":[{"@type":"ReadAction","target":["https:\/\/www.parrinst.com\/es\/products\/stirred-reactors\/options-accessories\/explosion-proof-apparatus\/"]}]},{"@type":"ImageObject","inLanguage":"en-US","@id":"https:\/\/www.parrinst.com\/es\/products\/stirred-reactors\/options-accessories\/explosion-proof-apparatus\/#primaryimage","url":"https:\/\/i0.wp.com\/www.parrinst.com\/es\/wp-content\/uploads\/sites\/7\/2017\/12\/parr_banner_stirred3_secondary.jpg?fit=2200%2C399&ssl=1","contentUrl":"https:\/\/i0.wp.com\/www.parrinst.com\/es\/wp-content\/uploads\/sites\/7\/2017\/12\/parr_banner_stirred3_secondary.jpg?fit=2200%2C399&ssl=1","width":2200,"height":399},{"@type":"BreadcrumbList","@id":"https:\/\/www.parrinst.com\/es\/products\/stirred-reactors\/options-accessories\/explosion-proof-apparatus\/#breadcrumb","itemListElement":[{"@type":"ListItem","position":1,"name":"Home","item":"https:\/\/www.parrinst.com\/es\/"},{"@type":"ListItem","position":2,"name":"Products","item":"https:\/\/www.parrinst.com\/es\/products\/"},{"@type":"ListItem","position":3,"name":"Reactores Agitados","item":"https:\/\/www.parrinst.com\/es\/products\/stirred-reactors\/"},{"@type":"ListItem","position":4,"name":"Accessorios","item":"https:\/\/www.parrinst.com\/es\/products\/stirred-reactors\/options-accessories\/"},{"@type":"ListItem","position":5,"name":"Aparatos a Prueba de Explosi\u00f3n"}]},{"@type":"WebSite","@id":"https:\/\/www.parrinst.com\/es\/#website","url":"https:\/\/www.parrinst.com\/es\/","name":"Parr Instrument (Espa\u00f1ol)","description":"","potentialAction":[{"@type":"SearchAction","target":{"@type":"EntryPoint","urlTemplate":"https:\/\/www.parrinst.com\/es\/?s={search_term_string}"},"query-input":{"@type":"PropertyValueSpecification","valueRequired":true,"valueName":"search_term_string"}}],"inLanguage":"en-US"}]}},"jetpack_sharing_enabled":true,"_links":{"self":[{"href":"https:\/\/www.parrinst.com\/es\/wp-json\/wp\/v2\/pages\/3395","targetHints":{"allow":["GET"]}}],"collection":[{"href":"https:\/\/www.parrinst.com\/es\/wp-json\/wp\/v2\/pages"}],"about":[{"href":"https:\/\/www.parrinst.com\/es\/wp-json\/wp\/v2\/types\/page"}],"author":[{"embeddable":true,"href":"https:\/\/www.parrinst.com\/es\/wp-json\/wp\/v2\/users\/1"}],"replies":[{"embeddable":true,"href":"https:\/\/www.parrinst.com\/es\/wp-json\/wp\/v2\/comments?post=3395"}],"version-history":[{"count":3,"href":"https:\/\/www.parrinst.com\/es\/wp-json\/wp\/v2\/pages\/3395\/revisions"}],"predecessor-version":[{"id":38156,"href":"https:\/\/www.parrinst.com\/es\/wp-json\/wp\/v2\/pages\/3395\/revisions\/38156"}],"up":[{"embeddable":true,"href":"https:\/\/www.parrinst.com\/es\/wp-json\/wp\/v2\/pages\/128"}],"wp:featuredmedia":[{"embeddable":true,"href":"https:\/\/www.parrinst.com\/es\/wp-json\/wp\/v2\/media\/36874"}],"wp:attachment":[{"href":"https:\/\/www.parrinst.com\/es\/wp-json\/wp\/v2\/media?parent=3395"}],"curies":[{"name":"wp","href":"https:\/\/api.w.org\/{rel}","templated":true}]}}