{"id":3410,"date":"2011-06-24T20:55:45","date_gmt":"2011-06-25T01:55:45","guid":{"rendered":"https:\/\/www.parrinst.com\/?page_id=3410"},"modified":"2016-08-04T09:48:08","modified_gmt":"2016-08-04T14:48:08","slug":"insulated-electrical-glands","status":"publish","type":"page","link":"https:\/\/www.parrinst.com\/es\/products\/stirred-reactors\/options-accessories\/insulated-electrical-glands\/","title":{"rendered":"Gl\u00e1ndulas de Aislamiento El\u00e9ctrico"},"content":{"rendered":"<p><strong>\u00a0<\/strong><\/p>\n<p><strong>Una gran variedad de cables el\u00e9ctricos aislados<\/strong> pueden ser instalados en cualquier reactor o recipiente a presi\u00f3n de Parr para las conexiones el\u00e9ctricas necesarias en el interior del recipiente. Cuatro ejemplos com\u00fanmente usados se tratan a continuaci\u00f3n.<\/p>\n<p>&nbsp;<\/p>\n<h3>Gl\u00e1ndulas para Transductor<\/h3>\n<p>Las gl\u00e1ndulas transductores est\u00e1n disponibles para permitir que hasta 16 cables individuales sean sellados y aislados individualmente mediante una sola gl\u00e1ndula. Este tipo de gl\u00e1ndulas normalmente se utilizan con voltaje y corriente bajos.<\/p>\n<h3>Gl\u00e1ndulas de Electrodo<\/h3>\n<p>Las aplicaciones que requieren que un solo conductor el\u00e9ctrico tenga capacidad de corriente elevada o voltaje muy alto se pueden manejar con una gl\u00e1ndula de electrodo. Estas gl\u00e1ndulas proporcionan un sello para un solo conductor o electrodo con los extremos roscados del conductor por lo que los cables conductores internos y externos se pueden unir f\u00e1cilmente.<\/p>\n<h3>Cables de Corriente El\u00e9ctrica<\/h3>\n<p>Cables de corriente se pueden proporcionar, ya sea con cables flexibles individuales o m\u00faltiples, en calibres del 14 al 18. Las corrientes nominales son de 5 y 20 amperios a hasta 600 voltios. Las gl\u00e1ndulas con aislamiento de PTFE o de cer\u00e1mica est\u00e1n generalmente disponibles. Las gl\u00e1ndulas de cer\u00e1mica se pueden usar para rangos completos de la mayor\u00eda de los recipientes de Parr. Los rangos de presi\u00f3n van a variar dependiendo del dise\u00f1o de la gl\u00e1ndula, tama\u00f1o y tipo de aislamiento utilizado.<\/p>\n<h3>Sensores Diversos<\/h3>\n<p>Parr ha instalado varios sensores diferentes en sus diferentes reactores y recipientes a presi\u00f3n, como son: sensores de un solo punto y de nivel de l\u00edquido continuo, electrodos de pH y electrodos de ox\u00edgeno disuelto. Cada una de estas instalaciones debe ser cuidadosamente desarrollada en coordinaci\u00f3n con el usuario, el proveedor de electrodos o de sonda y el Departamento de Ingenier\u00eda de Parr. Los electrodos de vidrio con sellos de junta t\u00f3rica, obviamente, llevar\u00e1n\u00a0estricto restricciones de temperatura y presi\u00f3n. Debido a las restricciones de espacio generalmente este tipo de conexiones s\u00f3lo pueden instalarse en recipientes de 1000 ml o m\u00e1s grandes.<\/p>\n","protected":false},"excerpt":{"rendered":"<p>\u00a0 Una gran variedad de cables el\u00e9ctricos aislados pueden ser instalados en cualquier reactor o recipiente a presi\u00f3n de Parr para las conexiones el\u00e9ctricas necesarias en el interior del recipiente. Cuatro ejemplos com\u00fanmente usados se tratan a continuaci\u00f3n. &nbsp; Gl\u00e1ndulas para Transductor Las gl\u00e1ndulas transductores est\u00e1n disponibles para permitir que hasta 16 cables individuales sean [&hellip;]<\/p>\n","protected":false},"author":1,"featured_media":36874,"parent":128,"menu_order":16,"comment_status":"closed","ping_status":"closed","template":"product-wide.php","meta":{"_acf_changed":false,"footnotes":"","_links_to":"","_links_to_target":""},"class_list":["post-3410","page","type-page","status-publish","has-post-thumbnail","hentry"],"acf":[],"yoast_head":"<!-- This site is optimized with the Yoast SEO plugin v27.5 - https:\/\/yoast.com\/product\/yoast-seo-wordpress\/ -->\n<title>Gl\u00e1ndulas de Aislamiento El\u00e9ctrico - Parr Instrument (Espa\u00f1ol)<\/title>\n<meta name=\"robots\" content=\"index, follow, max-snippet:-1, max-image-preview:large, max-video-preview:-1\" \/>\n<link rel=\"canonical\" href=\"https:\/\/www.parrinst.com\/es\/products\/stirred-reactors\/options-accessories\/insulated-electrical-glands\/\" \/>\n<meta property=\"og:locale\" content=\"en_US\" \/>\n<meta property=\"og:type\" content=\"article\" \/>\n<meta property=\"og:title\" content=\"Gl\u00e1ndulas de Aislamiento El\u00e9ctrico - Parr Instrument (Espa\u00f1ol)\" \/>\n<meta property=\"og:description\" content=\"\u00a0 Una gran variedad de cables el\u00e9ctricos aislados pueden ser instalados en cualquier reactor o recipiente a presi\u00f3n de Parr para las conexiones el\u00e9ctricas necesarias en el interior del recipiente. Cuatro ejemplos com\u00fanmente usados se tratan a continuaci\u00f3n. &nbsp; Gl\u00e1ndulas para Transductor Las gl\u00e1ndulas transductores est\u00e1n disponibles para permitir que hasta 16 cables individuales sean [&hellip;]\" \/>\n<meta property=\"og:url\" content=\"https:\/\/www.parrinst.com\/es\/products\/stirred-reactors\/options-accessories\/insulated-electrical-glands\/\" \/>\n<meta property=\"og:site_name\" content=\"Parr Instrument (Espa\u00f1ol)\" \/>\n<meta property=\"article:modified_time\" content=\"2016-08-04T14:48:08+00:00\" \/>\n<meta property=\"og:image\" content=\"https:\/\/www.parrinst.com\/es\/files\/2017\/12\/parr_banner_stirred3_secondary.jpg\" \/>\n\t<meta property=\"og:image:width\" content=\"2200\" \/>\n\t<meta property=\"og:image:height\" content=\"399\" \/>\n\t<meta property=\"og:image:type\" content=\"image\/jpeg\" \/>\n<meta name=\"twitter:card\" content=\"summary_large_image\" \/>\n<meta name=\"twitter:label1\" content=\"Est. reading time\" \/>\n\t<meta name=\"twitter:data1\" content=\"2 minutes\" \/>\n<script type=\"application\/ld+json\" class=\"yoast-schema-graph\">{\"@context\":\"https:\\\/\\\/schema.org\",\"@graph\":[{\"@type\":\"WebPage\",\"@id\":\"https:\\\/\\\/www.parrinst.com\\\/es\\\/products\\\/stirred-reactors\\\/options-accessories\\\/insulated-electrical-glands\\\/\",\"url\":\"https:\\\/\\\/www.parrinst.com\\\/es\\\/products\\\/stirred-reactors\\\/options-accessories\\\/insulated-electrical-glands\\\/\",\"name\":\"Gl\u00e1ndulas de Aislamiento El\u00e9ctrico - Parr Instrument (Espa\u00f1ol)\",\"isPartOf\":{\"@id\":\"https:\\\/\\\/www.parrinst.com\\\/es\\\/#website\"},\"primaryImageOfPage\":{\"@id\":\"https:\\\/\\\/www.parrinst.com\\\/es\\\/products\\\/stirred-reactors\\\/options-accessories\\\/insulated-electrical-glands\\\/#primaryimage\"},\"image\":{\"@id\":\"https:\\\/\\\/www.parrinst.com\\\/es\\\/products\\\/stirred-reactors\\\/options-accessories\\\/insulated-electrical-glands\\\/#primaryimage\"},\"thumbnailUrl\":\"https:\\\/\\\/i0.wp.com\\\/www.parrinst.com\\\/es\\\/wp-content\\\/uploads\\\/sites\\\/7\\\/2017\\\/12\\\/parr_banner_stirred3_secondary.jpg?fit=2200%2C399&ssl=1\",\"datePublished\":\"2011-06-25T01:55:45+00:00\",\"dateModified\":\"2016-08-04T14:48:08+00:00\",\"breadcrumb\":{\"@id\":\"https:\\\/\\\/www.parrinst.com\\\/es\\\/products\\\/stirred-reactors\\\/options-accessories\\\/insulated-electrical-glands\\\/#breadcrumb\"},\"inLanguage\":\"en-US\",\"potentialAction\":[{\"@type\":\"ReadAction\",\"target\":[\"https:\\\/\\\/www.parrinst.com\\\/es\\\/products\\\/stirred-reactors\\\/options-accessories\\\/insulated-electrical-glands\\\/\"]}]},{\"@type\":\"ImageObject\",\"inLanguage\":\"en-US\",\"@id\":\"https:\\\/\\\/www.parrinst.com\\\/es\\\/products\\\/stirred-reactors\\\/options-accessories\\\/insulated-electrical-glands\\\/#primaryimage\",\"url\":\"https:\\\/\\\/i0.wp.com\\\/www.parrinst.com\\\/es\\\/wp-content\\\/uploads\\\/sites\\\/7\\\/2017\\\/12\\\/parr_banner_stirred3_secondary.jpg?fit=2200%2C399&ssl=1\",\"contentUrl\":\"https:\\\/\\\/i0.wp.com\\\/www.parrinst.com\\\/es\\\/wp-content\\\/uploads\\\/sites\\\/7\\\/2017\\\/12\\\/parr_banner_stirred3_secondary.jpg?fit=2200%2C399&ssl=1\",\"width\":2200,\"height\":399},{\"@type\":\"BreadcrumbList\",\"@id\":\"https:\\\/\\\/www.parrinst.com\\\/es\\\/products\\\/stirred-reactors\\\/options-accessories\\\/insulated-electrical-glands\\\/#breadcrumb\",\"itemListElement\":[{\"@type\":\"ListItem\",\"position\":1,\"name\":\"Home\",\"item\":\"https:\\\/\\\/www.parrinst.com\\\/es\\\/\"},{\"@type\":\"ListItem\",\"position\":2,\"name\":\"Products\",\"item\":\"https:\\\/\\\/www.parrinst.com\\\/es\\\/products\\\/\"},{\"@type\":\"ListItem\",\"position\":3,\"name\":\"Reactores Agitados\",\"item\":\"https:\\\/\\\/www.parrinst.com\\\/es\\\/products\\\/stirred-reactors\\\/\"},{\"@type\":\"ListItem\",\"position\":4,\"name\":\"Accessorios\",\"item\":\"https:\\\/\\\/www.parrinst.com\\\/es\\\/products\\\/stirred-reactors\\\/options-accessories\\\/\"},{\"@type\":\"ListItem\",\"position\":5,\"name\":\"Gl\u00e1ndulas de Aislamiento El\u00e9ctrico\"}]},{\"@type\":\"WebSite\",\"@id\":\"https:\\\/\\\/www.parrinst.com\\\/es\\\/#website\",\"url\":\"https:\\\/\\\/www.parrinst.com\\\/es\\\/\",\"name\":\"Parr Instrument (Espa\u00f1ol)\",\"description\":\"\",\"potentialAction\":[{\"@type\":\"SearchAction\",\"target\":{\"@type\":\"EntryPoint\",\"urlTemplate\":\"https:\\\/\\\/www.parrinst.com\\\/es\\\/?s={search_term_string}\"},\"query-input\":{\"@type\":\"PropertyValueSpecification\",\"valueRequired\":true,\"valueName\":\"search_term_string\"}}],\"inLanguage\":\"en-US\"}]}<\/script>\n<!-- \/ Yoast SEO plugin. -->","yoast_head_json":{"title":"Gl\u00e1ndulas de Aislamiento El\u00e9ctrico - Parr Instrument (Espa\u00f1ol)","robots":{"index":"index","follow":"follow","max-snippet":"max-snippet:-1","max-image-preview":"max-image-preview:large","max-video-preview":"max-video-preview:-1"},"canonical":"https:\/\/www.parrinst.com\/es\/products\/stirred-reactors\/options-accessories\/insulated-electrical-glands\/","og_locale":"en_US","og_type":"article","og_title":"Gl\u00e1ndulas de Aislamiento El\u00e9ctrico - Parr Instrument (Espa\u00f1ol)","og_description":"\u00a0 Una gran variedad de cables el\u00e9ctricos aislados pueden ser instalados en cualquier reactor o recipiente a presi\u00f3n de Parr para las conexiones el\u00e9ctricas necesarias en el interior del recipiente. Cuatro ejemplos com\u00fanmente usados se tratan a continuaci\u00f3n. &nbsp; Gl\u00e1ndulas para Transductor Las gl\u00e1ndulas transductores est\u00e1n disponibles para permitir que hasta 16 cables individuales sean [&hellip;]","og_url":"https:\/\/www.parrinst.com\/es\/products\/stirred-reactors\/options-accessories\/insulated-electrical-glands\/","og_site_name":"Parr Instrument (Espa\u00f1ol)","article_modified_time":"2016-08-04T14:48:08+00:00","og_image":[{"width":2200,"height":399,"url":"https:\/\/www.parrinst.com\/es\/files\/2017\/12\/parr_banner_stirred3_secondary.jpg","type":"image\/jpeg"}],"twitter_card":"summary_large_image","twitter_misc":{"Est. reading time":"2 minutes"},"schema":{"@context":"https:\/\/schema.org","@graph":[{"@type":"WebPage","@id":"https:\/\/www.parrinst.com\/es\/products\/stirred-reactors\/options-accessories\/insulated-electrical-glands\/","url":"https:\/\/www.parrinst.com\/es\/products\/stirred-reactors\/options-accessories\/insulated-electrical-glands\/","name":"Gl\u00e1ndulas de Aislamiento El\u00e9ctrico - Parr Instrument (Espa\u00f1ol)","isPartOf":{"@id":"https:\/\/www.parrinst.com\/es\/#website"},"primaryImageOfPage":{"@id":"https:\/\/www.parrinst.com\/es\/products\/stirred-reactors\/options-accessories\/insulated-electrical-glands\/#primaryimage"},"image":{"@id":"https:\/\/www.parrinst.com\/es\/products\/stirred-reactors\/options-accessories\/insulated-electrical-glands\/#primaryimage"},"thumbnailUrl":"https:\/\/i0.wp.com\/www.parrinst.com\/es\/wp-content\/uploads\/sites\/7\/2017\/12\/parr_banner_stirred3_secondary.jpg?fit=2200%2C399&ssl=1","datePublished":"2011-06-25T01:55:45+00:00","dateModified":"2016-08-04T14:48:08+00:00","breadcrumb":{"@id":"https:\/\/www.parrinst.com\/es\/products\/stirred-reactors\/options-accessories\/insulated-electrical-glands\/#breadcrumb"},"inLanguage":"en-US","potentialAction":[{"@type":"ReadAction","target":["https:\/\/www.parrinst.com\/es\/products\/stirred-reactors\/options-accessories\/insulated-electrical-glands\/"]}]},{"@type":"ImageObject","inLanguage":"en-US","@id":"https:\/\/www.parrinst.com\/es\/products\/stirred-reactors\/options-accessories\/insulated-electrical-glands\/#primaryimage","url":"https:\/\/i0.wp.com\/www.parrinst.com\/es\/wp-content\/uploads\/sites\/7\/2017\/12\/parr_banner_stirred3_secondary.jpg?fit=2200%2C399&ssl=1","contentUrl":"https:\/\/i0.wp.com\/www.parrinst.com\/es\/wp-content\/uploads\/sites\/7\/2017\/12\/parr_banner_stirred3_secondary.jpg?fit=2200%2C399&ssl=1","width":2200,"height":399},{"@type":"BreadcrumbList","@id":"https:\/\/www.parrinst.com\/es\/products\/stirred-reactors\/options-accessories\/insulated-electrical-glands\/#breadcrumb","itemListElement":[{"@type":"ListItem","position":1,"name":"Home","item":"https:\/\/www.parrinst.com\/es\/"},{"@type":"ListItem","position":2,"name":"Products","item":"https:\/\/www.parrinst.com\/es\/products\/"},{"@type":"ListItem","position":3,"name":"Reactores Agitados","item":"https:\/\/www.parrinst.com\/es\/products\/stirred-reactors\/"},{"@type":"ListItem","position":4,"name":"Accessorios","item":"https:\/\/www.parrinst.com\/es\/products\/stirred-reactors\/options-accessories\/"},{"@type":"ListItem","position":5,"name":"Gl\u00e1ndulas de Aislamiento El\u00e9ctrico"}]},{"@type":"WebSite","@id":"https:\/\/www.parrinst.com\/es\/#website","url":"https:\/\/www.parrinst.com\/es\/","name":"Parr Instrument (Espa\u00f1ol)","description":"","potentialAction":[{"@type":"SearchAction","target":{"@type":"EntryPoint","urlTemplate":"https:\/\/www.parrinst.com\/es\/?s={search_term_string}"},"query-input":{"@type":"PropertyValueSpecification","valueRequired":true,"valueName":"search_term_string"}}],"inLanguage":"en-US"}]}},"jetpack_sharing_enabled":true,"_links":{"self":[{"href":"https:\/\/www.parrinst.com\/es\/wp-json\/wp\/v2\/pages\/3410","targetHints":{"allow":["GET"]}}],"collection":[{"href":"https:\/\/www.parrinst.com\/es\/wp-json\/wp\/v2\/pages"}],"about":[{"href":"https:\/\/www.parrinst.com\/es\/wp-json\/wp\/v2\/types\/page"}],"author":[{"embeddable":true,"href":"https:\/\/www.parrinst.com\/es\/wp-json\/wp\/v2\/users\/1"}],"replies":[{"embeddable":true,"href":"https:\/\/www.parrinst.com\/es\/wp-json\/wp\/v2\/comments?post=3410"}],"version-history":[{"count":0,"href":"https:\/\/www.parrinst.com\/es\/wp-json\/wp\/v2\/pages\/3410\/revisions"}],"up":[{"embeddable":true,"href":"https:\/\/www.parrinst.com\/es\/wp-json\/wp\/v2\/pages\/128"}],"wp:featuredmedia":[{"embeddable":true,"href":"https:\/\/www.parrinst.com\/es\/wp-json\/wp\/v2\/media\/36874"}],"wp:attachment":[{"href":"https:\/\/www.parrinst.com\/es\/wp-json\/wp\/v2\/media?parent=3410"}],"curies":[{"name":"wp","href":"https:\/\/api.w.org\/{rel}","templated":true}]}}