{"id":3412,"date":"2011-06-24T20:56:42","date_gmt":"2011-06-25T01:56:42","guid":{"rendered":"https:\/\/www.parrinst.com\/?page_id=3412"},"modified":"2021-09-10T16:48:47","modified_gmt":"2021-09-10T21:48:47","slug":"liners","status":"publish","type":"page","link":"https:\/\/www.parrinst.com\/es\/products\/stirred-reactors\/options-accessories\/liners\/","title":{"rendered":"Revestimientos"},"content":{"rendered":"\n\t\t\t<div id='3412-1' class='gallery gallery-3412 gallery-columns-3 gallery-size-medium' itemscope itemtype='http:\/\/schema.org\/ImageGallery'>\n\t\t\t\t<div class='gallery-row gallery-col-3 gallery-clear'>\n\t\t\t\t\t<figure class='gallery-item col-3' itemprop='associatedMedia' itemscope itemtype='http:\/\/schema.org\/ImageObject'>\n\t\t\t\t\t\t<div class='gallery-icon portrait'><a href=\"https:\/\/i0.wp.com\/www.parrinst.com\/es\/wp-content\/uploads\/sites\/7\/2011\/06\/Glass-liners.jpg?ssl=1\" itemprop=\"contentURL\"><img loading=\"lazy\" decoding=\"async\" width=\"195\" height=\"300\" src=\"https:\/\/i0.wp.com\/www.parrinst.com\/es\/wp-content\/uploads\/sites\/7\/2011\/06\/Glass-liners.jpg?fit=195%2C300&amp;ssl=1\" class=\"attachment-medium size-medium\" alt=\"Glass Liners 2000 and 1000 mL Sizes Temperature Limit: 565 \u00b0C\" srcset=\"https:\/\/i0.wp.com\/www.parrinst.com\/es\/wp-content\/uploads\/sites\/7\/2011\/06\/Glass-liners.jpg?w=600&amp;ssl=1 600w, https:\/\/i0.wp.com\/www.parrinst.com\/es\/wp-content\/uploads\/sites\/7\/2011\/06\/Glass-liners.jpg?resize=195%2C300&amp;ssl=1 195w\" sizes=\"auto, (max-width: 195px) 100vw, 195px\" itemprop=\"thumbnail\" \/><\/a><\/div>\n\t\t\t\t\t<\/figure>\n\t\t\t\t\t<figure class='gallery-item col-3' itemprop='associatedMedia' itemscope itemtype='http:\/\/schema.org\/ImageObject'>\n\t\t\t\t\t\t<div class='gallery-icon landscape'><a href=\"https:\/\/i0.wp.com\/www.parrinst.com\/es\/wp-content\/uploads\/sites\/7\/2011\/06\/teflon-liners.jpg?ssl=1\" itemprop=\"contentURL\"><img loading=\"lazy\" decoding=\"async\" width=\"300\" height=\"300\" src=\"https:\/\/i0.wp.com\/www.parrinst.com\/es\/wp-content\/uploads\/sites\/7\/2011\/06\/teflon-liners.jpg?fit=300%2C300&amp;ssl=1\" class=\"attachment-medium size-medium\" alt=\"PTFE Liners 2000 and 1000 mL Sizes Temperature Limit: 225-250 \u00b0C\" srcset=\"https:\/\/i0.wp.com\/www.parrinst.com\/es\/wp-content\/uploads\/sites\/7\/2011\/06\/teflon-liners.jpg?w=600&amp;ssl=1 600w, https:\/\/i0.wp.com\/www.parrinst.com\/es\/wp-content\/uploads\/sites\/7\/2011\/06\/teflon-liners.jpg?resize=150%2C150&amp;ssl=1 150w, https:\/\/i0.wp.com\/www.parrinst.com\/es\/wp-content\/uploads\/sites\/7\/2011\/06\/teflon-liners.jpg?resize=300%2C300&amp;ssl=1 300w\" sizes=\"auto, (max-width: 300px) 100vw, 300px\" itemprop=\"thumbnail\" \/><\/a><\/div>\n\t\t\t\t\t<\/figure>\n\t\t\t<\/div>\n\t\t\t<\/div><!-- .gallery -->\n\n<p><strong>Desmontables, de parte superior abierta, revestimientos cil\u00edndricos, ya sean de vidrio de borosilicato o PTFE,<\/strong> se pueden suministrar para adaptarse a cualquier reactor y a la mayor\u00eda de los recipientes de uso general Parr. Este revestimiento de cilindro se desliza y no requiere accesorios adicionales, pero no se puede usar en un reactor equipado con un serpent\u00edn de enfriamiento en espiral. No evitar\u00e1 que los vapores corrosivos lleguen a la superficie del cilindro y la cabeza, pero hace que sea mucho m\u00e1s f\u00e1cil de agregar y retirar los reactivos l\u00edquidos, y da una cierta protecci\u00f3n al cilindro cuando se trabaja con soluciones corrosivas. Cabe se\u00f1alar, sin embargo, que la adici\u00f3n de un revestimiento de PTFE retrasar\u00e1 la velocidad de transferencia de calor dentro y fuera del recipiente, y puede ser necesario ajustar el m\u00e9todo de control de temperatura para evitar el sobrecalentamiento.<\/p>\n<table class=\"GeneralTable\">\n<tbody>\n<tr>\n<td class=\"GeneralTable-DarkBlue\" colspan=\"4\">Revestimiento<\/td>\n<\/tr>\n<tr>\n<td><strong>Para ID, pulg<\/strong><\/td>\n<td><strong>Para Tama\u00f1o de Cilindro, ml<\/strong><\/td>\n<td><strong>Revestimiento de Vidrio N\u00b0 Parte<\/strong><\/td>\n<td><strong>Revestimiento de PTFE N\u00b0 Parte<\/strong><\/td>\n<\/tr>\n<tr class=\"GeneralTable-LightBlue\">\n<td>1.3<\/td>\n<td>50<\/td>\n<td>1431HC<\/td>\n<td>1431HCHA<\/td>\n<\/tr>\n<tr>\n<td>1.3<\/td>\n<td>100<\/td>\n<td>1431HC2<\/td>\n<td>1431HC2HA<\/td>\n<\/tr>\n<tr class=\"GeneralTable-LightBlue\">\n<td>1.5<\/td>\n<td>125<\/td>\n<td>2920HC2<\/td>\n<td>2920HC4HA<\/td>\n<\/tr>\n<tr>\n<td>1.5<\/td>\n<td>200<\/td>\n<td>2920hc3<\/td>\n<td>2920HC3HA<\/td>\n<\/tr>\n<tr class=\"GeneralTable-LightBlue\">\n<td>1.5<\/td>\n<td>75<\/td>\n<td>2920HC<\/td>\n<td>2920HC2HA<\/td>\n<\/tr>\n<tr>\n<td>2-1\/2<\/td>\n<td>250<\/td>\n<td>762HC10<\/td>\n<td>NA<\/td>\n<\/tr>\n<tr class=\"GeneralTable-LightBlue\">\n<td>2-1\/2<\/td>\n<td>500<\/td>\n<td>762HC2<\/td>\n<td>762HC11HA<\/td>\n<\/tr>\n<tr>\n<td>2-1\/2<\/td>\n<td>300<\/td>\n<td>762HC<\/td>\n<td>762HC4HA<\/td>\n<\/tr>\n<tr class=\"GeneralTable-LightBlue\">\n<td>2-1\/2<\/td>\n<td>450<\/td>\n<td>762HC2<\/td>\n<td>762HC5HA<\/td>\n<\/tr>\n<tr>\n<td>2-1\/2<\/td>\n<td>600<\/td>\n<td>762HC3<\/td>\n<td>762HC6HA<\/td>\n<\/tr>\n<tr class=\"GeneralTable-LightBlue\">\n<td>2<\/td>\n<td>100<\/td>\n<td>762HC7<\/td>\n<td>762HC7HA<\/td>\n<\/tr>\n<tr>\n<td>2-1\/2<\/td>\n<td>160<\/td>\n<td>762HC8<\/td>\n<td>762HC8HA<\/td>\n<\/tr>\n<tr class=\"GeneralTable-LightBlue\">\n<td>3-1\/4<\/td>\n<td>600<\/td>\n<td>2312HC<\/td>\n<td>2312HC3HA<\/td>\n<\/tr>\n<tr>\n<td>3-1\/4<\/td>\n<td>1200<\/td>\n<td>2312HC2<\/td>\n<td>2312HC4HA<\/td>\n<\/tr>\n<tr class=\"GeneralTable-LightBlue\">\n<td>3-3\/4<\/td>\n<td>1000<\/td>\n<td>1441HC<\/td>\n<td>1441HCHA<\/td>\n<\/tr>\n<tr>\n<td>3-3\/4<\/td>\n<td>1800<\/td>\n<td>1442HC<\/td>\n<td>1442HCHA<\/td>\n<\/tr>\n<tr class=\"GeneralTable-LightBlue\">\n<td>4<\/td>\n<td>1000<\/td>\n<td>398HC<\/td>\n<td>398HCHA<\/td>\n<\/tr>\n<tr>\n<td>4<\/td>\n<td>2000<\/td>\n<td>399HC<\/td>\n<td>399HCHA<\/td>\n<\/tr>\n<tr class=\"GeneralTable-LightBlue\">\n<td>6<\/td>\n<td>1 Gallon<\/td>\n<td>894HC<\/td>\n<td>894HC4HA<\/td>\n<\/tr>\n<tr>\n<td>6<\/td>\n<td>2 Gallon<\/td>\n<td>894HC2<\/td>\n<td>894HC5HA<\/td>\n<\/tr>\n<\/tbody>\n<\/table>\n","protected":false},"excerpt":{"rendered":"<p>Desmontables, de parte superior abierta, revestimientos cil\u00edndricos, ya sean de vidrio de borosilicato o PTFE, se pueden suministrar para adaptarse a cualquier reactor y a la mayor\u00eda de los recipientes de uso general Parr. Este revestimiento de cilindro se desliza y no requiere accesorios adicionales, pero no se puede usar en un reactor equipado con [&hellip;]<\/p>\n","protected":false},"author":2,"featured_media":36874,"parent":128,"menu_order":17,"comment_status":"closed","ping_status":"closed","template":"product-wide.php","meta":{"_acf_changed":false,"footnotes":"","_links_to":"","_links_to_target":""},"class_list":["post-3412","page","type-page","status-publish","has-post-thumbnail","hentry"],"acf":[],"yoast_head":"<!-- This site is optimized with the Yoast SEO plugin v27.5 - https:\/\/yoast.com\/product\/yoast-seo-wordpress\/ -->\n<title>Revestimientos - Parr Instrument (Espa\u00f1ol)<\/title>\n<meta name=\"robots\" content=\"index, follow, max-snippet:-1, max-image-preview:large, max-video-preview:-1\" \/>\n<link rel=\"canonical\" href=\"https:\/\/www.parrinst.com\/es\/products\/stirred-reactors\/options-accessories\/liners\/\" \/>\n<meta property=\"og:locale\" content=\"en_US\" \/>\n<meta property=\"og:type\" content=\"article\" \/>\n<meta property=\"og:title\" content=\"Revestimientos - Parr Instrument (Espa\u00f1ol)\" \/>\n<meta property=\"og:description\" content=\"Desmontables, de parte superior abierta, revestimientos cil\u00edndricos, ya sean de vidrio de borosilicato o PTFE, se pueden suministrar para adaptarse a cualquier reactor y a la mayor\u00eda de los recipientes de uso general Parr. Este revestimiento de cilindro se desliza y no requiere accesorios adicionales, pero no se puede usar en un reactor equipado con [&hellip;]\" \/>\n<meta property=\"og:url\" content=\"https:\/\/www.parrinst.com\/es\/products\/stirred-reactors\/options-accessories\/liners\/\" \/>\n<meta property=\"og:site_name\" content=\"Parr Instrument (Espa\u00f1ol)\" \/>\n<meta property=\"article:modified_time\" content=\"2021-09-10T21:48:47+00:00\" \/>\n<meta property=\"og:image\" content=\"https:\/\/www.parrinst.com\/es\/files\/2017\/12\/parr_banner_stirred3_secondary.jpg\" \/>\n\t<meta property=\"og:image:width\" content=\"2200\" \/>\n\t<meta property=\"og:image:height\" content=\"399\" \/>\n\t<meta property=\"og:image:type\" content=\"image\/jpeg\" \/>\n<meta name=\"twitter:card\" content=\"summary_large_image\" \/>\n<meta name=\"twitter:label1\" content=\"Est. reading time\" \/>\n\t<meta name=\"twitter:data1\" content=\"1 minute\" \/>\n<script type=\"application\/ld+json\" class=\"yoast-schema-graph\">{\"@context\":\"https:\\\/\\\/schema.org\",\"@graph\":[{\"@type\":\"WebPage\",\"@id\":\"https:\\\/\\\/www.parrinst.com\\\/es\\\/products\\\/stirred-reactors\\\/options-accessories\\\/liners\\\/\",\"url\":\"https:\\\/\\\/www.parrinst.com\\\/es\\\/products\\\/stirred-reactors\\\/options-accessories\\\/liners\\\/\",\"name\":\"Revestimientos - Parr Instrument (Espa\u00f1ol)\",\"isPartOf\":{\"@id\":\"https:\\\/\\\/www.parrinst.com\\\/es\\\/#website\"},\"primaryImageOfPage\":{\"@id\":\"https:\\\/\\\/www.parrinst.com\\\/es\\\/products\\\/stirred-reactors\\\/options-accessories\\\/liners\\\/#primaryimage\"},\"image\":{\"@id\":\"https:\\\/\\\/www.parrinst.com\\\/es\\\/products\\\/stirred-reactors\\\/options-accessories\\\/liners\\\/#primaryimage\"},\"thumbnailUrl\":\"https:\\\/\\\/i0.wp.com\\\/www.parrinst.com\\\/es\\\/wp-content\\\/uploads\\\/sites\\\/7\\\/2017\\\/12\\\/parr_banner_stirred3_secondary.jpg?fit=2200%2C399&ssl=1\",\"datePublished\":\"2011-06-25T01:56:42+00:00\",\"dateModified\":\"2021-09-10T21:48:47+00:00\",\"breadcrumb\":{\"@id\":\"https:\\\/\\\/www.parrinst.com\\\/es\\\/products\\\/stirred-reactors\\\/options-accessories\\\/liners\\\/#breadcrumb\"},\"inLanguage\":\"en-US\",\"potentialAction\":[{\"@type\":\"ReadAction\",\"target\":[\"https:\\\/\\\/www.parrinst.com\\\/es\\\/products\\\/stirred-reactors\\\/options-accessories\\\/liners\\\/\"]}]},{\"@type\":\"ImageObject\",\"inLanguage\":\"en-US\",\"@id\":\"https:\\\/\\\/www.parrinst.com\\\/es\\\/products\\\/stirred-reactors\\\/options-accessories\\\/liners\\\/#primaryimage\",\"url\":\"https:\\\/\\\/i0.wp.com\\\/www.parrinst.com\\\/es\\\/wp-content\\\/uploads\\\/sites\\\/7\\\/2017\\\/12\\\/parr_banner_stirred3_secondary.jpg?fit=2200%2C399&ssl=1\",\"contentUrl\":\"https:\\\/\\\/i0.wp.com\\\/www.parrinst.com\\\/es\\\/wp-content\\\/uploads\\\/sites\\\/7\\\/2017\\\/12\\\/parr_banner_stirred3_secondary.jpg?fit=2200%2C399&ssl=1\",\"width\":2200,\"height\":399},{\"@type\":\"BreadcrumbList\",\"@id\":\"https:\\\/\\\/www.parrinst.com\\\/es\\\/products\\\/stirred-reactors\\\/options-accessories\\\/liners\\\/#breadcrumb\",\"itemListElement\":[{\"@type\":\"ListItem\",\"position\":1,\"name\":\"Home\",\"item\":\"https:\\\/\\\/www.parrinst.com\\\/es\\\/\"},{\"@type\":\"ListItem\",\"position\":2,\"name\":\"Products\",\"item\":\"https:\\\/\\\/www.parrinst.com\\\/es\\\/products\\\/\"},{\"@type\":\"ListItem\",\"position\":3,\"name\":\"Reactores Agitados\",\"item\":\"https:\\\/\\\/www.parrinst.com\\\/es\\\/products\\\/stirred-reactors\\\/\"},{\"@type\":\"ListItem\",\"position\":4,\"name\":\"Accessorios\",\"item\":\"https:\\\/\\\/www.parrinst.com\\\/es\\\/products\\\/stirred-reactors\\\/options-accessories\\\/\"},{\"@type\":\"ListItem\",\"position\":5,\"name\":\"Revestimientos\"}]},{\"@type\":\"WebSite\",\"@id\":\"https:\\\/\\\/www.parrinst.com\\\/es\\\/#website\",\"url\":\"https:\\\/\\\/www.parrinst.com\\\/es\\\/\",\"name\":\"Parr Instrument (Espa\u00f1ol)\",\"description\":\"\",\"potentialAction\":[{\"@type\":\"SearchAction\",\"target\":{\"@type\":\"EntryPoint\",\"urlTemplate\":\"https:\\\/\\\/www.parrinst.com\\\/es\\\/?s={search_term_string}\"},\"query-input\":{\"@type\":\"PropertyValueSpecification\",\"valueRequired\":true,\"valueName\":\"search_term_string\"}}],\"inLanguage\":\"en-US\"}]}<\/script>\n<!-- \/ Yoast SEO plugin. -->","yoast_head_json":{"title":"Revestimientos - Parr Instrument (Espa\u00f1ol)","robots":{"index":"index","follow":"follow","max-snippet":"max-snippet:-1","max-image-preview":"max-image-preview:large","max-video-preview":"max-video-preview:-1"},"canonical":"https:\/\/www.parrinst.com\/es\/products\/stirred-reactors\/options-accessories\/liners\/","og_locale":"en_US","og_type":"article","og_title":"Revestimientos - Parr Instrument (Espa\u00f1ol)","og_description":"Desmontables, de parte superior abierta, revestimientos cil\u00edndricos, ya sean de vidrio de borosilicato o PTFE, se pueden suministrar para adaptarse a cualquier reactor y a la mayor\u00eda de los recipientes de uso general Parr. Este revestimiento de cilindro se desliza y no requiere accesorios adicionales, pero no se puede usar en un reactor equipado con [&hellip;]","og_url":"https:\/\/www.parrinst.com\/es\/products\/stirred-reactors\/options-accessories\/liners\/","og_site_name":"Parr Instrument (Espa\u00f1ol)","article_modified_time":"2021-09-10T21:48:47+00:00","og_image":[{"width":2200,"height":399,"url":"https:\/\/www.parrinst.com\/es\/files\/2017\/12\/parr_banner_stirred3_secondary.jpg","type":"image\/jpeg"}],"twitter_card":"summary_large_image","twitter_misc":{"Est. reading time":"1 minute"},"schema":{"@context":"https:\/\/schema.org","@graph":[{"@type":"WebPage","@id":"https:\/\/www.parrinst.com\/es\/products\/stirred-reactors\/options-accessories\/liners\/","url":"https:\/\/www.parrinst.com\/es\/products\/stirred-reactors\/options-accessories\/liners\/","name":"Revestimientos - Parr Instrument (Espa\u00f1ol)","isPartOf":{"@id":"https:\/\/www.parrinst.com\/es\/#website"},"primaryImageOfPage":{"@id":"https:\/\/www.parrinst.com\/es\/products\/stirred-reactors\/options-accessories\/liners\/#primaryimage"},"image":{"@id":"https:\/\/www.parrinst.com\/es\/products\/stirred-reactors\/options-accessories\/liners\/#primaryimage"},"thumbnailUrl":"https:\/\/i0.wp.com\/www.parrinst.com\/es\/wp-content\/uploads\/sites\/7\/2017\/12\/parr_banner_stirred3_secondary.jpg?fit=2200%2C399&ssl=1","datePublished":"2011-06-25T01:56:42+00:00","dateModified":"2021-09-10T21:48:47+00:00","breadcrumb":{"@id":"https:\/\/www.parrinst.com\/es\/products\/stirred-reactors\/options-accessories\/liners\/#breadcrumb"},"inLanguage":"en-US","potentialAction":[{"@type":"ReadAction","target":["https:\/\/www.parrinst.com\/es\/products\/stirred-reactors\/options-accessories\/liners\/"]}]},{"@type":"ImageObject","inLanguage":"en-US","@id":"https:\/\/www.parrinst.com\/es\/products\/stirred-reactors\/options-accessories\/liners\/#primaryimage","url":"https:\/\/i0.wp.com\/www.parrinst.com\/es\/wp-content\/uploads\/sites\/7\/2017\/12\/parr_banner_stirred3_secondary.jpg?fit=2200%2C399&ssl=1","contentUrl":"https:\/\/i0.wp.com\/www.parrinst.com\/es\/wp-content\/uploads\/sites\/7\/2017\/12\/parr_banner_stirred3_secondary.jpg?fit=2200%2C399&ssl=1","width":2200,"height":399},{"@type":"BreadcrumbList","@id":"https:\/\/www.parrinst.com\/es\/products\/stirred-reactors\/options-accessories\/liners\/#breadcrumb","itemListElement":[{"@type":"ListItem","position":1,"name":"Home","item":"https:\/\/www.parrinst.com\/es\/"},{"@type":"ListItem","position":2,"name":"Products","item":"https:\/\/www.parrinst.com\/es\/products\/"},{"@type":"ListItem","position":3,"name":"Reactores Agitados","item":"https:\/\/www.parrinst.com\/es\/products\/stirred-reactors\/"},{"@type":"ListItem","position":4,"name":"Accessorios","item":"https:\/\/www.parrinst.com\/es\/products\/stirred-reactors\/options-accessories\/"},{"@type":"ListItem","position":5,"name":"Revestimientos"}]},{"@type":"WebSite","@id":"https:\/\/www.parrinst.com\/es\/#website","url":"https:\/\/www.parrinst.com\/es\/","name":"Parr Instrument (Espa\u00f1ol)","description":"","potentialAction":[{"@type":"SearchAction","target":{"@type":"EntryPoint","urlTemplate":"https:\/\/www.parrinst.com\/es\/?s={search_term_string}"},"query-input":{"@type":"PropertyValueSpecification","valueRequired":true,"valueName":"search_term_string"}}],"inLanguage":"en-US"}]}},"jetpack_sharing_enabled":true,"_links":{"self":[{"href":"https:\/\/www.parrinst.com\/es\/wp-json\/wp\/v2\/pages\/3412","targetHints":{"allow":["GET"]}}],"collection":[{"href":"https:\/\/www.parrinst.com\/es\/wp-json\/wp\/v2\/pages"}],"about":[{"href":"https:\/\/www.parrinst.com\/es\/wp-json\/wp\/v2\/types\/page"}],"author":[{"embeddable":true,"href":"https:\/\/www.parrinst.com\/es\/wp-json\/wp\/v2\/users\/2"}],"replies":[{"embeddable":true,"href":"https:\/\/www.parrinst.com\/es\/wp-json\/wp\/v2\/comments?post=3412"}],"version-history":[{"count":2,"href":"https:\/\/www.parrinst.com\/es\/wp-json\/wp\/v2\/pages\/3412\/revisions"}],"predecessor-version":[{"id":40215,"href":"https:\/\/www.parrinst.com\/es\/wp-json\/wp\/v2\/pages\/3412\/revisions\/40215"}],"up":[{"embeddable":true,"href":"https:\/\/www.parrinst.com\/es\/wp-json\/wp\/v2\/pages\/128"}],"wp:featuredmedia":[{"embeddable":true,"href":"https:\/\/www.parrinst.com\/es\/wp-json\/wp\/v2\/media\/36874"}],"wp:attachment":[{"href":"https:\/\/www.parrinst.com\/es\/wp-json\/wp\/v2\/media?parent=3412"}],"curies":[{"name":"wp","href":"https:\/\/api.w.org\/{rel}","templated":true}]}}