{"id":3414,"date":"2011-06-24T20:57:51","date_gmt":"2011-06-25T01:57:51","guid":{"rendered":"https:\/\/www.parrinst.com\/?page_id=3414"},"modified":"2018-03-12T13:25:54","modified_gmt":"2018-03-12T19:25:54","slug":"liquid-charging-pipettes","status":"publish","type":"page","link":"https:\/\/www.parrinst.com\/es\/products\/stirred-reactors\/options-accessories\/liquid-charging-pipettes\/","title":{"rendered":"Pipetas para Carga de L\u00edquidos"},"content":{"rendered":"<figure id=\"attachment_3661\" aria-describedby=\"caption-attachment-3661\" style=\"width: 300px\" class=\"wp-caption alignright\"><a href=\"https:\/\/i0.wp.com\/www.parrinst.com\/es\/wp-content\/uploads\/sites\/7\/2011\/06\/A2113HC_Liquid-charging-pipette.jpg?ssl=1\"><img data-recalc-dims=\"1\" loading=\"lazy\" decoding=\"async\" class=\"wp-image-3661 size-medium\" src=\"https:\/\/i0.wp.com\/www.parrinst.com\/es\/wp-content\/uploads\/sites\/7\/2011\/06\/A2113HC_Liquid-charging-pipette.jpg?resize=300%2C100&#038;ssl=1\" alt=\"Pipeta para Carga de L\u00edquidos Serie A2113HC\" width=\"300\" height=\"100\" srcset=\"https:\/\/i0.wp.com\/www.parrinst.com\/es\/wp-content\/uploads\/sites\/7\/2011\/06\/A2113HC_Liquid-charging-pipette.jpg?resize=300%2C100&amp;ssl=1 300w, https:\/\/i0.wp.com\/www.parrinst.com\/es\/wp-content\/uploads\/sites\/7\/2011\/06\/A2113HC_Liquid-charging-pipette.jpg?resize=450%2C150&amp;ssl=1 450w, https:\/\/i0.wp.com\/www.parrinst.com\/es\/wp-content\/uploads\/sites\/7\/2011\/06\/A2113HC_Liquid-charging-pipette.jpg?w=600&amp;ssl=1 600w\" sizes=\"auto, (max-width: 300px) 100vw, 300px\" \/><\/a><figcaption id=\"caption-attachment-3661\" class=\"wp-caption-text\">Pipeta para Carga de L\u00edquidos Serie A2113HC<\/figcaption><\/figure>\n<p><strong>Para introducir l\u00edquidos en reactores o recipientes a presiones elevadas<\/strong>, la forma m\u00e1s econ\u00f3mica es usar una pipeta de presi\u00f3n como un recipiente secundario. El l\u00edquido es introducido a presi\u00f3n hacia el reactor desde la pipeta aplic\u00e1ndole presi\u00f3n de gas a la misma mayor que la presi\u00f3n interna del recipiente. Si los pasajes en la l\u00ednea de conexi\u00f3n son lo suficientemente grandes, las lechadas o suspensiones de catalizador tambi\u00e9n se pueden introducir en el reactor de esta manera. Las pipetas que figuran a continuaci\u00f3n ofrecen una variedad de vol\u00famenes y est\u00e1n clasificadas para presiones hasta 1800 psi. Incluyen una conexi\u00f3n para llenado de nitr\u00f3geno para su fijaci\u00f3n a un tanque de nitr\u00f3geno.\u00a0 Sistemas de pipetas m\u00e1s elaboradas pueden ser ensamblados para \u00f3rdenes especiales para incluir conexiones adicionales, tales como man\u00f3metros de presi\u00f3n para la pipeta, v\u00e1lvula de alivio o v\u00e1lvula de bola de amplia apertura. Tambi\u00e9n se pueden suministrar pipetas especiales para presiones superiores a 5000 psi.<\/p>\n<table class=\"GeneralTable\">\n<tbody>\n<tr>\n<td class=\"GeneralTable-DarkBlue\" colspan=\"3\" valign=\"top\">Pipetas para Carga de L\u00edquidos<\/td>\n<\/tr>\n<tr valign=\"middle\">\n<td><strong>N\u00b0 Parte<\/strong><\/td>\n<td><strong>Volumen de la Pipeta, ml<\/strong><\/td>\n<td><strong>Presi\u00f3n, Clasificaci\u00f3n psi<\/strong><\/td>\n<\/tr>\n<tr class=\"GeneralTable-LightBlue\">\n<td valign=\"top\">A2113HC3<\/td>\n<td valign=\"top\">50<\/td>\n<td valign=\"top\">1800<\/td>\n<\/tr>\n<tr>\n<td valign=\"top\">A2113HC4<\/td>\n<td valign=\"top\">150<\/td>\n<td valign=\"top\">1800<\/td>\n<\/tr>\n<tr class=\"GeneralTable-LightBlue\">\n<td valign=\"top\">A2113HC<\/td>\n<td valign=\"top\">300<\/td>\n<td valign=\"top\">1800<\/td>\n<\/tr>\n<tr>\n<td valign=\"top\">A2113HC2<\/td>\n<td valign=\"top\">1000<\/td>\n<td valign=\"top\">1800<\/td>\n<\/tr>\n<\/tbody>\n<\/table>\n<p>&nbsp;<\/p>\n","protected":false},"excerpt":{"rendered":"<p>Para introducir l\u00edquidos en reactores o recipientes a presiones elevadas, la forma m\u00e1s econ\u00f3mica es usar una pipeta de presi\u00f3n como un recipiente secundario. El l\u00edquido es introducido a presi\u00f3n hacia el reactor desde la pipeta aplic\u00e1ndole presi\u00f3n de gas a la misma mayor que la presi\u00f3n interna del recipiente. Si los pasajes en la [&hellip;]<\/p>\n","protected":false},"author":1,"featured_media":36874,"parent":128,"menu_order":20,"comment_status":"closed","ping_status":"closed","template":"product-wide.php","meta":{"_acf_changed":false,"footnotes":"","_links_to":"","_links_to_target":""},"class_list":["post-3414","page","type-page","status-publish","has-post-thumbnail","hentry"],"acf":[],"yoast_head":"<!-- This site is optimized with the Yoast SEO plugin v27.5 - https:\/\/yoast.com\/product\/yoast-seo-wordpress\/ -->\n<title>Pipetas para Carga de L\u00edquidos - Parr Instrument (Espa\u00f1ol)<\/title>\n<meta name=\"robots\" content=\"index, follow, max-snippet:-1, max-image-preview:large, max-video-preview:-1\" \/>\n<link rel=\"canonical\" href=\"https:\/\/www.parrinst.com\/es\/products\/stirred-reactors\/options-accessories\/liquid-charging-pipettes\/\" \/>\n<meta property=\"og:locale\" content=\"en_US\" \/>\n<meta property=\"og:type\" content=\"article\" \/>\n<meta property=\"og:title\" content=\"Pipetas para Carga de L\u00edquidos - Parr Instrument (Espa\u00f1ol)\" \/>\n<meta property=\"og:description\" content=\"Para introducir l\u00edquidos en reactores o recipientes a presiones elevadas, la forma m\u00e1s econ\u00f3mica es usar una pipeta de presi\u00f3n como un recipiente secundario. El l\u00edquido es introducido a presi\u00f3n hacia el reactor desde la pipeta aplic\u00e1ndole presi\u00f3n de gas a la misma mayor que la presi\u00f3n interna del recipiente. Si los pasajes en la [&hellip;]\" \/>\n<meta property=\"og:url\" content=\"https:\/\/www.parrinst.com\/es\/products\/stirred-reactors\/options-accessories\/liquid-charging-pipettes\/\" \/>\n<meta property=\"og:site_name\" content=\"Parr Instrument (Espa\u00f1ol)\" \/>\n<meta property=\"article:modified_time\" content=\"2018-03-12T19:25:54+00:00\" \/>\n<meta property=\"og:image\" content=\"https:\/\/www.parrinst.com\/es\/files\/2017\/12\/parr_banner_stirred3_secondary.jpg\" \/>\n\t<meta property=\"og:image:width\" content=\"2200\" \/>\n\t<meta property=\"og:image:height\" content=\"399\" \/>\n\t<meta property=\"og:image:type\" content=\"image\/jpeg\" \/>\n<meta name=\"twitter:card\" content=\"summary_large_image\" \/>\n<meta name=\"twitter:label1\" content=\"Est. reading time\" \/>\n\t<meta name=\"twitter:data1\" content=\"1 minute\" \/>\n<script type=\"application\/ld+json\" class=\"yoast-schema-graph\">{\"@context\":\"https:\\\/\\\/schema.org\",\"@graph\":[{\"@type\":\"WebPage\",\"@id\":\"https:\\\/\\\/www.parrinst.com\\\/es\\\/products\\\/stirred-reactors\\\/options-accessories\\\/liquid-charging-pipettes\\\/\",\"url\":\"https:\\\/\\\/www.parrinst.com\\\/es\\\/products\\\/stirred-reactors\\\/options-accessories\\\/liquid-charging-pipettes\\\/\",\"name\":\"Pipetas para Carga de L\u00edquidos - Parr Instrument (Espa\u00f1ol)\",\"isPartOf\":{\"@id\":\"https:\\\/\\\/www.parrinst.com\\\/es\\\/#website\"},\"primaryImageOfPage\":{\"@id\":\"https:\\\/\\\/www.parrinst.com\\\/es\\\/products\\\/stirred-reactors\\\/options-accessories\\\/liquid-charging-pipettes\\\/#primaryimage\"},\"image\":{\"@id\":\"https:\\\/\\\/www.parrinst.com\\\/es\\\/products\\\/stirred-reactors\\\/options-accessories\\\/liquid-charging-pipettes\\\/#primaryimage\"},\"thumbnailUrl\":\"https:\\\/\\\/i0.wp.com\\\/www.parrinst.com\\\/es\\\/wp-content\\\/uploads\\\/sites\\\/7\\\/2017\\\/12\\\/parr_banner_stirred3_secondary.jpg?fit=2200%2C399&ssl=1\",\"datePublished\":\"2011-06-25T01:57:51+00:00\",\"dateModified\":\"2018-03-12T19:25:54+00:00\",\"breadcrumb\":{\"@id\":\"https:\\\/\\\/www.parrinst.com\\\/es\\\/products\\\/stirred-reactors\\\/options-accessories\\\/liquid-charging-pipettes\\\/#breadcrumb\"},\"inLanguage\":\"en-US\",\"potentialAction\":[{\"@type\":\"ReadAction\",\"target\":[\"https:\\\/\\\/www.parrinst.com\\\/es\\\/products\\\/stirred-reactors\\\/options-accessories\\\/liquid-charging-pipettes\\\/\"]}]},{\"@type\":\"ImageObject\",\"inLanguage\":\"en-US\",\"@id\":\"https:\\\/\\\/www.parrinst.com\\\/es\\\/products\\\/stirred-reactors\\\/options-accessories\\\/liquid-charging-pipettes\\\/#primaryimage\",\"url\":\"https:\\\/\\\/i0.wp.com\\\/www.parrinst.com\\\/es\\\/wp-content\\\/uploads\\\/sites\\\/7\\\/2017\\\/12\\\/parr_banner_stirred3_secondary.jpg?fit=2200%2C399&ssl=1\",\"contentUrl\":\"https:\\\/\\\/i0.wp.com\\\/www.parrinst.com\\\/es\\\/wp-content\\\/uploads\\\/sites\\\/7\\\/2017\\\/12\\\/parr_banner_stirred3_secondary.jpg?fit=2200%2C399&ssl=1\",\"width\":2200,\"height\":399},{\"@type\":\"BreadcrumbList\",\"@id\":\"https:\\\/\\\/www.parrinst.com\\\/es\\\/products\\\/stirred-reactors\\\/options-accessories\\\/liquid-charging-pipettes\\\/#breadcrumb\",\"itemListElement\":[{\"@type\":\"ListItem\",\"position\":1,\"name\":\"Home\",\"item\":\"https:\\\/\\\/www.parrinst.com\\\/es\\\/\"},{\"@type\":\"ListItem\",\"position\":2,\"name\":\"Products\",\"item\":\"https:\\\/\\\/www.parrinst.com\\\/es\\\/products\\\/\"},{\"@type\":\"ListItem\",\"position\":3,\"name\":\"Reactores Agitados\",\"item\":\"https:\\\/\\\/www.parrinst.com\\\/es\\\/products\\\/stirred-reactors\\\/\"},{\"@type\":\"ListItem\",\"position\":4,\"name\":\"Accessorios\",\"item\":\"https:\\\/\\\/www.parrinst.com\\\/es\\\/products\\\/stirred-reactors\\\/options-accessories\\\/\"},{\"@type\":\"ListItem\",\"position\":5,\"name\":\"Pipetas para Carga de L\u00edquidos\"}]},{\"@type\":\"WebSite\",\"@id\":\"https:\\\/\\\/www.parrinst.com\\\/es\\\/#website\",\"url\":\"https:\\\/\\\/www.parrinst.com\\\/es\\\/\",\"name\":\"Parr Instrument (Espa\u00f1ol)\",\"description\":\"\",\"potentialAction\":[{\"@type\":\"SearchAction\",\"target\":{\"@type\":\"EntryPoint\",\"urlTemplate\":\"https:\\\/\\\/www.parrinst.com\\\/es\\\/?s={search_term_string}\"},\"query-input\":{\"@type\":\"PropertyValueSpecification\",\"valueRequired\":true,\"valueName\":\"search_term_string\"}}],\"inLanguage\":\"en-US\"}]}<\/script>\n<!-- \/ Yoast SEO plugin. -->","yoast_head_json":{"title":"Pipetas para Carga de L\u00edquidos - Parr Instrument (Espa\u00f1ol)","robots":{"index":"index","follow":"follow","max-snippet":"max-snippet:-1","max-image-preview":"max-image-preview:large","max-video-preview":"max-video-preview:-1"},"canonical":"https:\/\/www.parrinst.com\/es\/products\/stirred-reactors\/options-accessories\/liquid-charging-pipettes\/","og_locale":"en_US","og_type":"article","og_title":"Pipetas para Carga de L\u00edquidos - Parr Instrument (Espa\u00f1ol)","og_description":"Para introducir l\u00edquidos en reactores o recipientes a presiones elevadas, la forma m\u00e1s econ\u00f3mica es usar una pipeta de presi\u00f3n como un recipiente secundario. El l\u00edquido es introducido a presi\u00f3n hacia el reactor desde la pipeta aplic\u00e1ndole presi\u00f3n de gas a la misma mayor que la presi\u00f3n interna del recipiente. Si los pasajes en la [&hellip;]","og_url":"https:\/\/www.parrinst.com\/es\/products\/stirred-reactors\/options-accessories\/liquid-charging-pipettes\/","og_site_name":"Parr Instrument (Espa\u00f1ol)","article_modified_time":"2018-03-12T19:25:54+00:00","og_image":[{"width":2200,"height":399,"url":"https:\/\/www.parrinst.com\/es\/files\/2017\/12\/parr_banner_stirred3_secondary.jpg","type":"image\/jpeg"}],"twitter_card":"summary_large_image","twitter_misc":{"Est. reading time":"1 minute"},"schema":{"@context":"https:\/\/schema.org","@graph":[{"@type":"WebPage","@id":"https:\/\/www.parrinst.com\/es\/products\/stirred-reactors\/options-accessories\/liquid-charging-pipettes\/","url":"https:\/\/www.parrinst.com\/es\/products\/stirred-reactors\/options-accessories\/liquid-charging-pipettes\/","name":"Pipetas para Carga de L\u00edquidos - Parr Instrument (Espa\u00f1ol)","isPartOf":{"@id":"https:\/\/www.parrinst.com\/es\/#website"},"primaryImageOfPage":{"@id":"https:\/\/www.parrinst.com\/es\/products\/stirred-reactors\/options-accessories\/liquid-charging-pipettes\/#primaryimage"},"image":{"@id":"https:\/\/www.parrinst.com\/es\/products\/stirred-reactors\/options-accessories\/liquid-charging-pipettes\/#primaryimage"},"thumbnailUrl":"https:\/\/i0.wp.com\/www.parrinst.com\/es\/wp-content\/uploads\/sites\/7\/2017\/12\/parr_banner_stirred3_secondary.jpg?fit=2200%2C399&ssl=1","datePublished":"2011-06-25T01:57:51+00:00","dateModified":"2018-03-12T19:25:54+00:00","breadcrumb":{"@id":"https:\/\/www.parrinst.com\/es\/products\/stirred-reactors\/options-accessories\/liquid-charging-pipettes\/#breadcrumb"},"inLanguage":"en-US","potentialAction":[{"@type":"ReadAction","target":["https:\/\/www.parrinst.com\/es\/products\/stirred-reactors\/options-accessories\/liquid-charging-pipettes\/"]}]},{"@type":"ImageObject","inLanguage":"en-US","@id":"https:\/\/www.parrinst.com\/es\/products\/stirred-reactors\/options-accessories\/liquid-charging-pipettes\/#primaryimage","url":"https:\/\/i0.wp.com\/www.parrinst.com\/es\/wp-content\/uploads\/sites\/7\/2017\/12\/parr_banner_stirred3_secondary.jpg?fit=2200%2C399&ssl=1","contentUrl":"https:\/\/i0.wp.com\/www.parrinst.com\/es\/wp-content\/uploads\/sites\/7\/2017\/12\/parr_banner_stirred3_secondary.jpg?fit=2200%2C399&ssl=1","width":2200,"height":399},{"@type":"BreadcrumbList","@id":"https:\/\/www.parrinst.com\/es\/products\/stirred-reactors\/options-accessories\/liquid-charging-pipettes\/#breadcrumb","itemListElement":[{"@type":"ListItem","position":1,"name":"Home","item":"https:\/\/www.parrinst.com\/es\/"},{"@type":"ListItem","position":2,"name":"Products","item":"https:\/\/www.parrinst.com\/es\/products\/"},{"@type":"ListItem","position":3,"name":"Reactores Agitados","item":"https:\/\/www.parrinst.com\/es\/products\/stirred-reactors\/"},{"@type":"ListItem","position":4,"name":"Accessorios","item":"https:\/\/www.parrinst.com\/es\/products\/stirred-reactors\/options-accessories\/"},{"@type":"ListItem","position":5,"name":"Pipetas para Carga de L\u00edquidos"}]},{"@type":"WebSite","@id":"https:\/\/www.parrinst.com\/es\/#website","url":"https:\/\/www.parrinst.com\/es\/","name":"Parr Instrument (Espa\u00f1ol)","description":"","potentialAction":[{"@type":"SearchAction","target":{"@type":"EntryPoint","urlTemplate":"https:\/\/www.parrinst.com\/es\/?s={search_term_string}"},"query-input":{"@type":"PropertyValueSpecification","valueRequired":true,"valueName":"search_term_string"}}],"inLanguage":"en-US"}]}},"jetpack_sharing_enabled":true,"_links":{"self":[{"href":"https:\/\/www.parrinst.com\/es\/wp-json\/wp\/v2\/pages\/3414","targetHints":{"allow":["GET"]}}],"collection":[{"href":"https:\/\/www.parrinst.com\/es\/wp-json\/wp\/v2\/pages"}],"about":[{"href":"https:\/\/www.parrinst.com\/es\/wp-json\/wp\/v2\/types\/page"}],"author":[{"embeddable":true,"href":"https:\/\/www.parrinst.com\/es\/wp-json\/wp\/v2\/users\/1"}],"replies":[{"embeddable":true,"href":"https:\/\/www.parrinst.com\/es\/wp-json\/wp\/v2\/comments?post=3414"}],"version-history":[{"count":3,"href":"https:\/\/www.parrinst.com\/es\/wp-json\/wp\/v2\/pages\/3414\/revisions"}],"predecessor-version":[{"id":38159,"href":"https:\/\/www.parrinst.com\/es\/wp-json\/wp\/v2\/pages\/3414\/revisions\/38159"}],"up":[{"embeddable":true,"href":"https:\/\/www.parrinst.com\/es\/wp-json\/wp\/v2\/pages\/128"}],"wp:featuredmedia":[{"embeddable":true,"href":"https:\/\/www.parrinst.com\/es\/wp-json\/wp\/v2\/media\/36874"}],"wp:attachment":[{"href":"https:\/\/www.parrinst.com\/es\/wp-json\/wp\/v2\/media?parent=3414"}],"curies":[{"name":"wp","href":"https:\/\/api.w.org\/{rel}","templated":true}]}}