{"id":3418,"date":"2011-06-24T21:06:50","date_gmt":"2011-06-25T02:06:50","guid":{"rendered":"https:\/\/www.parrinst.com\/?page_id=3418"},"modified":"2019-07-01T16:12:26","modified_gmt":"2019-07-01T21:12:26","slug":"magnetic-drives","status":"publish","type":"page","link":"https:\/\/www.parrinst.com\/es\/products\/stirred-reactors\/options-accessories\/magnetic-drives\/","title":{"rendered":"Transmisiones Magn\u00e9ticas"},"content":{"rendered":"<figure id=\"attachment_3762\" aria-describedby=\"caption-attachment-3762\" style=\"width: 128px\" class=\"wp-caption alignright\"><a href=\"https:\/\/i0.wp.com\/www.parrinst.com\/es\/wp-content\/uploads\/2011\/06\/Mag-drive_Cutaway.jpg?ssl=1\"><img data-recalc-dims=\"1\" loading=\"lazy\" decoding=\"async\" class=\"size-medium wp-image-3762 \" src=\"https:\/\/i0.wp.com\/www.parrinst.com\/es\/wp-content\/uploads\/2011\/06\/Mag-drive_Cutaway-128x300.jpg?resize=128%2C300&#038;ssl=1\" alt=\"Transmisiones Magn\u00e9ticas Cutaway\" width=\"128\" height=\"300\" srcset=\"https:\/\/i0.wp.com\/www.parrinst.com\/es\/wp-content\/uploads\/sites\/7\/2011\/06\/Mag-drive_Cutaway.jpg?resize=128%2C300&amp;ssl=1 128w, https:\/\/i0.wp.com\/www.parrinst.com\/es\/wp-content\/uploads\/sites\/7\/2011\/06\/Mag-drive_Cutaway.jpg?resize=437%2C1024&amp;ssl=1 437w, https:\/\/i0.wp.com\/www.parrinst.com\/es\/wp-content\/uploads\/sites\/7\/2011\/06\/Mag-drive_Cutaway.jpg?w=600&amp;ssl=1 600w\" sizes=\"auto, (max-width: 128px) 100vw, 128px\" \/><\/a><figcaption id=\"caption-attachment-3762\" class=\"wp-caption-text\">Transmisiones Magn\u00e9ticas Cutaway<\/figcaption><\/figure>\n<h3>Transmisiones Magn\u00e9ticas de Alto Torque<\/h3>\n<p><strong>Todos los reactores agitados Parr est\u00e1n equipados con una transmisi\u00f3n magn\u00e9tica<\/strong> magn\u00e9tica para establecer un v\u00ednculo sin problemas a un agitador interno evitando as\u00ed los problemas de fugas que a veces se presentan con una transmisi\u00f3n de agitador por gl\u00e1ndula empacada. Con una transmisi\u00f3n magn\u00e9tica Parr no hay sellos rotatorios. La transmisi\u00f3n gira libremente y el sistema sigue siendo herm\u00e9tico a los gases, permitiendo corridas largas y continuas a presiones de hasta 5000 psi (345 bar), con poca o ninguna atenci\u00f3n al sello y transmisi\u00f3n.<\/p>\n<p>Las transmisiones Parr se ensamblan con imanes permanentes, especialmente dise\u00f1ados que tienen una excelente, poca o ninguna degradaci\u00f3n de flujo. Los imanes para el rotor interno a los cuales est\u00e1 unido el eje del agitador est\u00e1n encerrados en una carcasa de acero inoxidable (u otra aleaci\u00f3n), permanentemente sellada por soldadura por l\u00e1ser y apoyada en cojinetes de PTFE rellenos de grafito para proporcionar un sistema de agitaci\u00f3n qu\u00edmicamente inerte de larga duraci\u00f3n. Los imanes para la transmisi\u00f3n externa tambi\u00e9n est\u00e1n completamente cerrados y soportados por dobles cojinetes de bola sellados con alta calidad para un funcionamiento suave y larga duraci\u00f3n. Una chaqueta de enfriamiento por agua, unida a cada transmisi\u00f3n, protege los componentes del calor excesivo proveniente del reactor.<\/p>\n<p>Se han lograron avances significativos en los \u00faltimos a\u00f1os, tanto en materiales magn\u00e9ticos como en dise\u00f1o de acoplamiento magn\u00e9tico. Parr usa imanes de neodimio-hierro-boro con 25% m\u00e1s fuerza de acoplamiento que los imanes de samario-cobalto. Hay muy pocas excepciones que involucran transmisiones de reducci\u00f3n por engranes, los agitadores magn\u00e9ticos montados en reactores tienen torques de acoplamiento mayores que el torque m\u00e1ximo de los motores est\u00e1ndar. Hoy en d\u00eda los discos magn\u00e9ticos se usan con seguridad para reacciones de polimerizaci\u00f3n de alta viscosidad.<\/p>\n<p>Las unidades magn\u00e9ticas Parr est\u00e1n apoyadas en tres casquillos de PTF rellenos de grafito y cojinetes de bola internos. Los cuales ofrecen generalmente 2,000 horas de operaci\u00f3n sin mantenimiento.<\/p>\n<h3>Cuatro Tama\u00f1os<\/h3>\n<figure id=\"attachment_3764\" aria-describedby=\"caption-attachment-3764\" style=\"width: 177px\" class=\"wp-caption alignright\"><a href=\"https:\/\/i0.wp.com\/www.parrinst.com\/es\/wp-content\/uploads\/2011\/06\/magdrive_family_2.jpg?ssl=1\"><img data-recalc-dims=\"1\" loading=\"lazy\" decoding=\"async\" class=\"size-medium wp-image-3764 \" src=\"https:\/\/i0.wp.com\/www.parrinst.com\/es\/wp-content\/uploads\/2011\/06\/magdrive_family_2-177x300.jpg?resize=177%2C300&#038;ssl=1\" alt=\"Transmisiones Magn\u00e9ticas familia\" width=\"177\" height=\"300\" srcset=\"https:\/\/i0.wp.com\/www.parrinst.com\/es\/wp-content\/uploads\/sites\/7\/2011\/06\/magdrive_family_2.jpg?resize=177%2C300&amp;ssl=1 177w, https:\/\/i0.wp.com\/www.parrinst.com\/es\/wp-content\/uploads\/sites\/7\/2011\/06\/magdrive_family_2.jpg?w=600&amp;ssl=1 600w\" sizes=\"auto, (max-width: 177px) 100vw, 177px\" \/><\/a><figcaption id=\"caption-attachment-3764\" class=\"wp-caption-text\">Transmisiones Magn\u00e9ticas<br \/>familia<\/figcaption><\/figure>\n<p>Las transmisiones magn\u00e9ticas Parr se hacen en cuatro tama\u00f1os, dise\u00f1adas para que coincidir con todo el rango de tama\u00f1os de reactores Parr y para proporcionar transmisiones alternativas para cargas de alta viscosidad, mayores velocidades de agitaci\u00f3n y otros requisitos especiales. Cada transmisi\u00f3n est\u00e1 ensamblada en una carcasa sellada que se enrosca directamente en la cabeza del reactor.<\/p>\n<p>Los Modelos Prop\u00f3sitos Generales y Carga Pesada son las unidades est\u00e1ndar que normalmente se suministran con los reactores de los tama\u00f1os que aparecen en el cuadro adjunto. El Modelo de Carga Extra Pesada es una transmisi\u00f3n especial de alto torque destinado principalmente a cargas pesadas y aplicaciones de alta viscosidad. Cuando se usa para sustituir una transmisi\u00f3n est\u00e1ndar, el motor est\u00e1ndar y el sistema de transmisi\u00f3n pueden tener que ser modificados para proporcionar el torque m\u00e1s alto que la transmisi\u00f3n de carga extra pesada es capaz de transmitir.<\/p>\n<p>Los Reactores Compactos Serie 5500 tienen una transmisi\u00f3n magn\u00e9tica m\u00e1s peque\u00f1a, dise\u00f1ada para aplicaciones de baja viscosidad.<\/p>\n<h3>Dos Estilos Disponibles<\/h3>\n<p>Parr ofrece dos estilos de ejes de transmisi\u00f3n magn\u00e9tica. Los primero opera con ejes de agitaci\u00f3n de di\u00e1metro peque\u00f1o los cuales requieren de un soporte de apoyo inferior o \u201cpie\u201d de gu\u00eda. Estas unidades est\u00e1n destinadas a agitaci\u00f3n de alta velocidad para aplicaciones que involucran mezclas de l\u00edquido-l\u00edquido o gas-l\u00edquido.<\/p>\n<p>Los segundos agitadores magn\u00e9ticos sin pie de gu\u00eda utilizan un eje de agitaci\u00f3n de un di\u00e1metro mayor dise\u00f1ado para trabajar sin este soporte de apoyo inferior o \u201cpie\u201d de gu\u00eda. Fueron dise\u00f1ados originalmente para la digesti\u00f3n de minerales, donde los s\u00f3lidos abrasivos se quedan atrapados en el balero del pie de PTFE y desgastan el eje del agitador. Tambi\u00e9n se recomienda para los agitadores de m\u00e1s baja velocidad, como los agitadores de ancla, paleta, o en espiral. Tambi\u00e9n es importante seleccionar el motor adecuado que puede manejar el arrastre mayor asociado a los ejes de mayor di\u00e1metro.<\/p>\n<table class=\"GeneralTable\">\n<tbody>\n<tr>\n<td class=\"GeneralTable-DarkBlue\" colspan=\"6\" width=\"113\">Series de los Drives Magn\u00e9ticos de Parr<\/td>\n<\/tr>\n<tr>\n<td width=\"113\"><strong>Drive Magn\u00e9tico*<\/strong><\/td>\n<td style=\"text-align: center;\" width=\"57\"><strong>Torque de la union (libras por pulgada)**<\/strong><\/td>\n<td style=\"text-align: center;\" width=\"59\"><strong>Di\u00e1metro del impulsor (pulgadas)<\/strong><\/td>\n<td style=\"text-align: center;\" width=\"100\"><strong>\u00bfSe requiere soporte para la propela?<\/strong><\/td>\n<td style=\"text-align: center;\" width=\"84\"><strong>Abreviaci\u00f3n en la gu\u00eda para ordenar<\/strong><\/td>\n<td style=\"text-align: center;\" width=\"156\"><strong>Provisto como Drive Magn\u00e9tico est\u00e1ndar en los reactores con los siguientes vol\u00famenes: <\/strong><\/td>\n<\/tr>\n<tr>\n<td colspan=\"6\"><\/td>\n<\/tr>\n<tr class=\"GeneralTable-LightBlue\">\n<td>Uso General<\/td>\n<td style=\"text-align: center;\">16<\/td>\n<td style=\"text-align: center;\">3\/16&#8243;<\/td>\n<td style=\"text-align: center;\">Si<\/td>\n<td style=\"text-align: center;\">M<\/td>\n<td style=\"text-align: center;\">25mL a 2L<\/td>\n<\/tr>\n<tr>\n<td><\/td>\n<td style=\"text-align: center;\">16<\/td>\n<td style=\"text-align: center;\">3\/8&#8243;<\/td>\n<td style=\"text-align: center;\">No &#8212; &#8220;Sin pie de flecha&#8221;<\/td>\n<td style=\"text-align: center;\">FMD1<\/td>\n<td style=\"text-align: center;\"><\/td>\n<\/tr>\n<tr>\n<td colspan=\"6\"><\/td>\n<\/tr>\n<tr class=\"GeneralTable-LightBlue\">\n<td>Tareas Pesadas<\/td>\n<td style=\"text-align: center;\">60<\/td>\n<td style=\"text-align: center;\">3\/8&#8243;<\/td>\n<td style=\"text-align: center;\">Si<\/td>\n<td style=\"text-align: center;\">HD<\/td>\n<td style=\"text-align: center;\">1gal a 5 gal<\/td>\n<\/tr>\n<tr>\n<td><\/td>\n<td style=\"text-align: center;\">60<\/td>\n<td style=\"text-align: center;\">5\/8&#8243;<\/td>\n<td style=\"text-align: center;\">No &#8212; &#8220;Sin pie de flecha&#8221;<\/td>\n<td style=\"text-align: center;\">FMD2<\/td>\n<td style=\"text-align: center;\"><\/td>\n<\/tr>\n<tr>\n<td colspan=\"6\"><\/td>\n<\/tr>\n<tr class=\"GeneralTable-LightBlue\">\n<td>Tareas muy pesadas<\/td>\n<td style=\"text-align: center;\">120<\/td>\n<td style=\"text-align: center;\">3\/8&#8243;<\/td>\n<td style=\"text-align: center;\">Si<\/td>\n<td style=\"text-align: center;\">XHD<\/td>\n<td style=\"text-align: center;\"><\/td>\n<\/tr>\n<tr>\n<td><\/td>\n<td style=\"text-align: center;\">120<\/td>\n<td style=\"text-align: center;\">5\/8&#8243;<\/td>\n<td style=\"text-align: center;\">No &#8212; &#8220;Sin pie de flecha&#8221;<\/td>\n<td style=\"text-align: center;\">FMD3<\/td>\n<td style=\"text-align: center;\"><\/td>\n<\/tr>\n<tr>\n<td colspan=\"6\"><\/td>\n<\/tr>\n<tr class=\"GeneralTable-LightBlue\">\n<td>Compacto<\/td>\n<td style=\"text-align: center;\">2.5<\/td>\n<td style=\"text-align: center;\">3\/16&#8243;<\/td>\n<td style=\"text-align: center;\">Si<\/td>\n<td style=\"text-align: center;\">N\/A<\/td>\n<td style=\"text-align: center;\">Reactores Compactos 5500<\/td>\n<\/tr>\n<\/tbody>\n<\/table>\n<p><em>*Please see the <a href=\"https:\/\/www.parrinst.com\/download\/37494\/\">Parr Magnetic Drives Operating Instruction Manual 234M <\/a>for additional information.<\/em><br \/>\n<em> **1 in-lb = 0.11N-m<\/em><\/p>\n<h3>Videos de mantenimiento al acoplamiento m\u00e1gnetico<\/h3>\n<p>Aprende a como reconstruir acoplamientos magn\u00e9ticos est\u00e1ndar y sin soporte durante un mantenimiento de rutina con estos videos suplementarios.<\/p>\n<table class=\"nostyle\">\n<tbody>\n<tr>\n<td style=\"width: 385px;\"><iframe loading=\"lazy\" src=\"https:\/\/www.youtube.com\/embed\/dBVLO7NBpII?rel=0\" width=\"375\" height=\"255\" frameborder=\"0\" allowfullscreen=\"allowfullscreen\"><span data-mce-type=\"bookmark\" style=\"display: inline-block; width: 0px; overflow: hidden; line-height: 0;\" class=\"mce_SELRES_start\">\ufeff<\/span><span data-mce-type=\"bookmark\" style=\"display: inline-block; width: 0px; overflow: hidden; line-height: 0;\" class=\"mce_SELRES_start\">\ufeff<\/span><span data-mce-type=\"bookmark\" style=\"display: inline-block; width: 0px; overflow: hidden; line-height: 0;\" class=\"mce_SELRES_start\">\ufeff<\/span><\/iframe><\/td>\n<td style=\"width: 10px;\"><\/td>\n<td style=\"width: 385px;\"><iframe loading=\"lazy\" src=\"https:\/\/www.youtube.com\/embed\/ipcfsh4eMMU?rel=0\" width=\"375\" height=\"255\" frameborder=\"0\" allowfullscreen=\"allowfullscreen\"><span data-mce-type=\"bookmark\" style=\"display: inline-block; width: 0px; overflow: hidden; line-height: 0;\" class=\"mce_SELRES_start\">\ufeff<\/span><\/iframe><\/td>\n<\/tr>\n<\/tbody>\n<\/table>\n<h3>Transmisi\u00f3n de Gl\u00e1ndula Empacada Alternativa<\/h3>\n<p>En las circunstancias excepcionales en que una transmisi\u00f3n mec\u00e1nica directa es preferible a un sistema de acoplamiento magn\u00e9tico, Parr puede proporcionar una gl\u00e1ndula empacada auto -sellante que mantendr\u00e1 un sello confiable en el eje agitador a presiones de trabajo de hasta 2000 psi (138 bar). Estas gl\u00e1ndulas se hacen con un dise\u00f1o de Parr que utiliza una combinaci\u00f3n de conos y junta t\u00f3rica s en combinaci\u00f3n con la presi\u00f3n de dentro del recipiente para mantener un sellado positivo en el eje de rotaci\u00f3n.<\/p>\n","protected":false},"excerpt":{"rendered":"<p>Transmisiones Magn\u00e9ticas de Alto Torque Todos los reactores agitados Parr est\u00e1n equipados con una transmisi\u00f3n magn\u00e9tica magn\u00e9tica para establecer un v\u00ednculo sin problemas a un agitador interno evitando as\u00ed los problemas de fugas que a veces se presentan con una transmisi\u00f3n de agitador por gl\u00e1ndula empacada. Con una transmisi\u00f3n magn\u00e9tica Parr no hay sellos rotatorios. [&hellip;]<\/p>\n","protected":false},"author":1,"featured_media":36874,"parent":128,"menu_order":21,"comment_status":"closed","ping_status":"closed","template":"product-wide.php","meta":{"_acf_changed":false,"footnotes":"","_links_to":"","_links_to_target":""},"class_list":["post-3418","page","type-page","status-publish","has-post-thumbnail","hentry"],"acf":[],"yoast_head":"<!-- This site is optimized with the Yoast SEO plugin v27.5 - https:\/\/yoast.com\/product\/yoast-seo-wordpress\/ -->\n<title>Transmisiones Magn\u00e9ticas - Parr Instrument (Espa\u00f1ol)<\/title>\n<meta name=\"robots\" content=\"index, follow, max-snippet:-1, max-image-preview:large, max-video-preview:-1\" \/>\n<link rel=\"canonical\" href=\"https:\/\/www.parrinst.com\/es\/products\/stirred-reactors\/options-accessories\/magnetic-drives\/\" \/>\n<meta property=\"og:locale\" content=\"en_US\" \/>\n<meta property=\"og:type\" content=\"article\" \/>\n<meta property=\"og:title\" content=\"Transmisiones Magn\u00e9ticas - Parr Instrument (Espa\u00f1ol)\" \/>\n<meta property=\"og:description\" content=\"Transmisiones Magn\u00e9ticas de Alto Torque Todos los reactores agitados Parr est\u00e1n equipados con una transmisi\u00f3n magn\u00e9tica magn\u00e9tica para establecer un v\u00ednculo sin problemas a un agitador interno evitando as\u00ed los problemas de fugas que a veces se presentan con una transmisi\u00f3n de agitador por gl\u00e1ndula empacada. Con una transmisi\u00f3n magn\u00e9tica Parr no hay sellos rotatorios. [&hellip;]\" \/>\n<meta property=\"og:url\" content=\"https:\/\/www.parrinst.com\/es\/products\/stirred-reactors\/options-accessories\/magnetic-drives\/\" \/>\n<meta property=\"og:site_name\" content=\"Parr Instrument (Espa\u00f1ol)\" \/>\n<meta property=\"article:modified_time\" content=\"2019-07-01T21:12:26+00:00\" \/>\n<meta property=\"og:image\" content=\"https:\/\/www.parrinst.com\/es\/files\/2017\/12\/parr_banner_stirred3_secondary.jpg\" \/>\n\t<meta property=\"og:image:width\" content=\"2200\" \/>\n\t<meta property=\"og:image:height\" content=\"399\" \/>\n\t<meta property=\"og:image:type\" content=\"image\/jpeg\" \/>\n<meta name=\"twitter:card\" content=\"summary_large_image\" \/>\n<meta name=\"twitter:label1\" content=\"Est. reading time\" \/>\n\t<meta name=\"twitter:data1\" content=\"5 minutes\" \/>\n<script type=\"application\/ld+json\" class=\"yoast-schema-graph\">{\"@context\":\"https:\\\/\\\/schema.org\",\"@graph\":[{\"@type\":\"WebPage\",\"@id\":\"https:\\\/\\\/www.parrinst.com\\\/es\\\/products\\\/stirred-reactors\\\/options-accessories\\\/magnetic-drives\\\/\",\"url\":\"https:\\\/\\\/www.parrinst.com\\\/es\\\/products\\\/stirred-reactors\\\/options-accessories\\\/magnetic-drives\\\/\",\"name\":\"Transmisiones Magn\u00e9ticas - Parr Instrument (Espa\u00f1ol)\",\"isPartOf\":{\"@id\":\"https:\\\/\\\/www.parrinst.com\\\/es\\\/#website\"},\"primaryImageOfPage\":{\"@id\":\"https:\\\/\\\/www.parrinst.com\\\/es\\\/products\\\/stirred-reactors\\\/options-accessories\\\/magnetic-drives\\\/#primaryimage\"},\"image\":{\"@id\":\"https:\\\/\\\/www.parrinst.com\\\/es\\\/products\\\/stirred-reactors\\\/options-accessories\\\/magnetic-drives\\\/#primaryimage\"},\"thumbnailUrl\":\"https:\\\/\\\/i0.wp.com\\\/www.parrinst.com\\\/es\\\/wp-content\\\/uploads\\\/sites\\\/7\\\/2017\\\/12\\\/parr_banner_stirred3_secondary.jpg?fit=2200%2C399&ssl=1\",\"datePublished\":\"2011-06-25T02:06:50+00:00\",\"dateModified\":\"2019-07-01T21:12:26+00:00\",\"breadcrumb\":{\"@id\":\"https:\\\/\\\/www.parrinst.com\\\/es\\\/products\\\/stirred-reactors\\\/options-accessories\\\/magnetic-drives\\\/#breadcrumb\"},\"inLanguage\":\"en-US\",\"potentialAction\":[{\"@type\":\"ReadAction\",\"target\":[\"https:\\\/\\\/www.parrinst.com\\\/es\\\/products\\\/stirred-reactors\\\/options-accessories\\\/magnetic-drives\\\/\"]}]},{\"@type\":\"ImageObject\",\"inLanguage\":\"en-US\",\"@id\":\"https:\\\/\\\/www.parrinst.com\\\/es\\\/products\\\/stirred-reactors\\\/options-accessories\\\/magnetic-drives\\\/#primaryimage\",\"url\":\"https:\\\/\\\/i0.wp.com\\\/www.parrinst.com\\\/es\\\/wp-content\\\/uploads\\\/sites\\\/7\\\/2017\\\/12\\\/parr_banner_stirred3_secondary.jpg?fit=2200%2C399&ssl=1\",\"contentUrl\":\"https:\\\/\\\/i0.wp.com\\\/www.parrinst.com\\\/es\\\/wp-content\\\/uploads\\\/sites\\\/7\\\/2017\\\/12\\\/parr_banner_stirred3_secondary.jpg?fit=2200%2C399&ssl=1\",\"width\":2200,\"height\":399},{\"@type\":\"BreadcrumbList\",\"@id\":\"https:\\\/\\\/www.parrinst.com\\\/es\\\/products\\\/stirred-reactors\\\/options-accessories\\\/magnetic-drives\\\/#breadcrumb\",\"itemListElement\":[{\"@type\":\"ListItem\",\"position\":1,\"name\":\"Home\",\"item\":\"https:\\\/\\\/www.parrinst.com\\\/es\\\/\"},{\"@type\":\"ListItem\",\"position\":2,\"name\":\"Products\",\"item\":\"https:\\\/\\\/www.parrinst.com\\\/es\\\/products\\\/\"},{\"@type\":\"ListItem\",\"position\":3,\"name\":\"Reactores Agitados\",\"item\":\"https:\\\/\\\/www.parrinst.com\\\/es\\\/products\\\/stirred-reactors\\\/\"},{\"@type\":\"ListItem\",\"position\":4,\"name\":\"Accessorios\",\"item\":\"https:\\\/\\\/www.parrinst.com\\\/es\\\/products\\\/stirred-reactors\\\/options-accessories\\\/\"},{\"@type\":\"ListItem\",\"position\":5,\"name\":\"Transmisiones Magn\u00e9ticas\"}]},{\"@type\":\"WebSite\",\"@id\":\"https:\\\/\\\/www.parrinst.com\\\/es\\\/#website\",\"url\":\"https:\\\/\\\/www.parrinst.com\\\/es\\\/\",\"name\":\"Parr Instrument (Espa\u00f1ol)\",\"description\":\"\",\"potentialAction\":[{\"@type\":\"SearchAction\",\"target\":{\"@type\":\"EntryPoint\",\"urlTemplate\":\"https:\\\/\\\/www.parrinst.com\\\/es\\\/?s={search_term_string}\"},\"query-input\":{\"@type\":\"PropertyValueSpecification\",\"valueRequired\":true,\"valueName\":\"search_term_string\"}}],\"inLanguage\":\"en-US\"}]}<\/script>\n<!-- \/ Yoast SEO plugin. -->","yoast_head_json":{"title":"Transmisiones Magn\u00e9ticas - Parr Instrument (Espa\u00f1ol)","robots":{"index":"index","follow":"follow","max-snippet":"max-snippet:-1","max-image-preview":"max-image-preview:large","max-video-preview":"max-video-preview:-1"},"canonical":"https:\/\/www.parrinst.com\/es\/products\/stirred-reactors\/options-accessories\/magnetic-drives\/","og_locale":"en_US","og_type":"article","og_title":"Transmisiones Magn\u00e9ticas - Parr Instrument (Espa\u00f1ol)","og_description":"Transmisiones Magn\u00e9ticas de Alto Torque Todos los reactores agitados Parr est\u00e1n equipados con una transmisi\u00f3n magn\u00e9tica magn\u00e9tica para establecer un v\u00ednculo sin problemas a un agitador interno evitando as\u00ed los problemas de fugas que a veces se presentan con una transmisi\u00f3n de agitador por gl\u00e1ndula empacada. Con una transmisi\u00f3n magn\u00e9tica Parr no hay sellos rotatorios. [&hellip;]","og_url":"https:\/\/www.parrinst.com\/es\/products\/stirred-reactors\/options-accessories\/magnetic-drives\/","og_site_name":"Parr Instrument (Espa\u00f1ol)","article_modified_time":"2019-07-01T21:12:26+00:00","og_image":[{"width":2200,"height":399,"url":"https:\/\/www.parrinst.com\/es\/files\/2017\/12\/parr_banner_stirred3_secondary.jpg","type":"image\/jpeg"}],"twitter_card":"summary_large_image","twitter_misc":{"Est. reading time":"5 minutes"},"schema":{"@context":"https:\/\/schema.org","@graph":[{"@type":"WebPage","@id":"https:\/\/www.parrinst.com\/es\/products\/stirred-reactors\/options-accessories\/magnetic-drives\/","url":"https:\/\/www.parrinst.com\/es\/products\/stirred-reactors\/options-accessories\/magnetic-drives\/","name":"Transmisiones Magn\u00e9ticas - Parr Instrument (Espa\u00f1ol)","isPartOf":{"@id":"https:\/\/www.parrinst.com\/es\/#website"},"primaryImageOfPage":{"@id":"https:\/\/www.parrinst.com\/es\/products\/stirred-reactors\/options-accessories\/magnetic-drives\/#primaryimage"},"image":{"@id":"https:\/\/www.parrinst.com\/es\/products\/stirred-reactors\/options-accessories\/magnetic-drives\/#primaryimage"},"thumbnailUrl":"https:\/\/i0.wp.com\/www.parrinst.com\/es\/wp-content\/uploads\/sites\/7\/2017\/12\/parr_banner_stirred3_secondary.jpg?fit=2200%2C399&ssl=1","datePublished":"2011-06-25T02:06:50+00:00","dateModified":"2019-07-01T21:12:26+00:00","breadcrumb":{"@id":"https:\/\/www.parrinst.com\/es\/products\/stirred-reactors\/options-accessories\/magnetic-drives\/#breadcrumb"},"inLanguage":"en-US","potentialAction":[{"@type":"ReadAction","target":["https:\/\/www.parrinst.com\/es\/products\/stirred-reactors\/options-accessories\/magnetic-drives\/"]}]},{"@type":"ImageObject","inLanguage":"en-US","@id":"https:\/\/www.parrinst.com\/es\/products\/stirred-reactors\/options-accessories\/magnetic-drives\/#primaryimage","url":"https:\/\/i0.wp.com\/www.parrinst.com\/es\/wp-content\/uploads\/sites\/7\/2017\/12\/parr_banner_stirred3_secondary.jpg?fit=2200%2C399&ssl=1","contentUrl":"https:\/\/i0.wp.com\/www.parrinst.com\/es\/wp-content\/uploads\/sites\/7\/2017\/12\/parr_banner_stirred3_secondary.jpg?fit=2200%2C399&ssl=1","width":2200,"height":399},{"@type":"BreadcrumbList","@id":"https:\/\/www.parrinst.com\/es\/products\/stirred-reactors\/options-accessories\/magnetic-drives\/#breadcrumb","itemListElement":[{"@type":"ListItem","position":1,"name":"Home","item":"https:\/\/www.parrinst.com\/es\/"},{"@type":"ListItem","position":2,"name":"Products","item":"https:\/\/www.parrinst.com\/es\/products\/"},{"@type":"ListItem","position":3,"name":"Reactores Agitados","item":"https:\/\/www.parrinst.com\/es\/products\/stirred-reactors\/"},{"@type":"ListItem","position":4,"name":"Accessorios","item":"https:\/\/www.parrinst.com\/es\/products\/stirred-reactors\/options-accessories\/"},{"@type":"ListItem","position":5,"name":"Transmisiones Magn\u00e9ticas"}]},{"@type":"WebSite","@id":"https:\/\/www.parrinst.com\/es\/#website","url":"https:\/\/www.parrinst.com\/es\/","name":"Parr Instrument (Espa\u00f1ol)","description":"","potentialAction":[{"@type":"SearchAction","target":{"@type":"EntryPoint","urlTemplate":"https:\/\/www.parrinst.com\/es\/?s={search_term_string}"},"query-input":{"@type":"PropertyValueSpecification","valueRequired":true,"valueName":"search_term_string"}}],"inLanguage":"en-US"}]}},"jetpack_sharing_enabled":true,"_links":{"self":[{"href":"https:\/\/www.parrinst.com\/es\/wp-json\/wp\/v2\/pages\/3418","targetHints":{"allow":["GET"]}}],"collection":[{"href":"https:\/\/www.parrinst.com\/es\/wp-json\/wp\/v2\/pages"}],"about":[{"href":"https:\/\/www.parrinst.com\/es\/wp-json\/wp\/v2\/types\/page"}],"author":[{"embeddable":true,"href":"https:\/\/www.parrinst.com\/es\/wp-json\/wp\/v2\/users\/1"}],"replies":[{"embeddable":true,"href":"https:\/\/www.parrinst.com\/es\/wp-json\/wp\/v2\/comments?post=3418"}],"version-history":[{"count":5,"href":"https:\/\/www.parrinst.com\/es\/wp-json\/wp\/v2\/pages\/3418\/revisions"}],"predecessor-version":[{"id":39513,"href":"https:\/\/www.parrinst.com\/es\/wp-json\/wp\/v2\/pages\/3418\/revisions\/39513"}],"up":[{"embeddable":true,"href":"https:\/\/www.parrinst.com\/es\/wp-json\/wp\/v2\/pages\/128"}],"wp:featuredmedia":[{"embeddable":true,"href":"https:\/\/www.parrinst.com\/es\/wp-json\/wp\/v2\/media\/36874"}],"wp:attachment":[{"href":"https:\/\/www.parrinst.com\/es\/wp-json\/wp\/v2\/media?parent=3418"}],"curies":[{"name":"wp","href":"https:\/\/api.w.org\/{rel}","templated":true}]}}