{"id":3432,"date":"2011-06-24T21:36:09","date_gmt":"2011-06-25T02:36:09","guid":{"rendered":"https:\/\/www.parrinst.com\/?page_id=3432"},"modified":"2026-04-21T14:42:01","modified_gmt":"2026-04-21T19:42:01","slug":"safety-rupture-discs","status":"publish","type":"page","link":"https:\/\/www.parrinst.com\/es\/products\/stirred-reactors\/options-accessories\/safety-rupture-discs\/","title":{"rendered":"Discos de Ruptura de Seguridad"},"content":{"rendered":"<figure id=\"attachment_3676\" aria-describedby=\"caption-attachment-3676\" style=\"width: 107px\" class=\"wp-caption alignright\"><a href=\"https:\/\/i0.wp.com\/www.parrinst.com\/es\/wp-content\/uploads\/sites\/7\/2011\/06\/A888HC2_rupture-disk.jpg?ssl=1\"><img data-recalc-dims=\"1\" loading=\"lazy\" decoding=\"async\" class=\"wp-image-3676 size-thumbnail\" src=\"https:\/\/i0.wp.com\/www.parrinst.com\/es\/wp-content\/uploads\/sites\/7\/2011\/06\/A888HC2_rupture-disk.jpg?resize=107%2C150&#038;ssl=1\" alt=\"A888HC2 Rupture Disc Assembly\" width=\"107\" height=\"150\" srcset=\"https:\/\/i0.wp.com\/www.parrinst.com\/es\/wp-content\/uploads\/sites\/7\/2011\/06\/A888HC2_rupture-disk.jpg?resize=107%2C150&amp;ssl=1 107w, https:\/\/i0.wp.com\/www.parrinst.com\/es\/wp-content\/uploads\/sites\/7\/2011\/06\/A888HC2_rupture-disk.jpg?resize=214%2C300&amp;ssl=1 214w, https:\/\/i0.wp.com\/www.parrinst.com\/es\/wp-content\/uploads\/sites\/7\/2011\/06\/A888HC2_rupture-disk.jpg?w=600&amp;ssl=1 600w\" sizes=\"auto, (max-width: 107px) 100vw, 107px\" \/><\/a><figcaption id=\"caption-attachment-3676\" class=\"wp-caption-text\">Discos de Ruptura de Seguridad A888HC2<\/figcaption><\/figure>\n<p><strong>Los recipientes a presi\u00f3n Parr est\u00e1n protegidos por discos de ruptura fabricados bajo pedido<\/strong>. El examen de estos discos muestra que est\u00e1n abovedados. Este domo fue producido en la f\u00e1brica, tomando cada disco individual al 70% de su presi\u00f3n de rotura.<\/p>\n<p>ASME, as\u00ed como otros c\u00f3digos de recipientes a presi\u00f3n dictan que los recipientes a presi\u00f3n deben estar equipados con un disco de ruptura dise\u00f1ado para volar cerca de la presi\u00f3n de dise\u00f1o del recipiente. Para cargas de presi\u00f3n que no ciclan r\u00e1pidamente como en nuestros recipientes, we sugerir limitar la presi\u00f3n de funcionamiento real a no m\u00e1s de 90% de la presi\u00f3n disco de rotura. Esta combinaci\u00f3n limita las presiones de operaci\u00f3n a no m\u00e1s de 90% de su presi\u00f3n de ruptura de la presi\u00f3n de dise\u00f1o del recipiente.<\/p>\n<p><strong>Hemos seleccionado Aleaci\u00f3n 600 como el material est\u00e1ndar para estos discos de ruptura. <\/strong>Proporciona una excelente resistencia a la corrosi\u00f3n, conservando m\u00e1s del 90% de su rango de temperatura ambiente a temperaturas de hasta 500\u00b0C. Para incrementar la resistencia a la corrosi\u00f3n nosotros podemos proporcionar estos discos con chapa de oro o Remplazarlos con discos de Aleaci\u00f3n C-276. Los discos pueden ser producidos para adaptarse a cualquier presi\u00f3n de operaci\u00f3n y temperatura por encima de los m\u00ednimos establecidos.<\/p>\n<p>Los reactores y recipientes a presi\u00f3n Parr de 25 ml a 2000 ml utilizan el disco 526HC serie\u00a0de aleaci\u00f3n 600 o el disco 581HC serie\u00a0aleaci\u00f3n 600 con chapa de oro. Los de 1 gal\u00f3n y m\u00e1s grandes usan los discos de la serie 708HC. Los sistemas de reactores 4580 utilizan los discos de la serie 1415HC.<\/p>\n<p><strong>En general<\/strong>, el disco de 500 psi en la serie 526HC de discos y el 600 psi en la 708HC son los m\u00e1s bajos rangos disponibles en el material de aleaci\u00f3n 600. Los discos de materiales alternativos est\u00e1n disponibles, pero no ofrecen las mismas propiedades de resistencia a la corrosi\u00f3n y capacidad de temperatura<\/p>\n<p>Para las aplicaciones en las cuales los usuarios prefieren un man\u00f3metro de m\u00e1s baja presi\u00f3n, tendremos que a\u00f1adir un juego v\u00e1lvula de alivio con resorte para proteger el man\u00f3metro y un disco de ruptura de 1000 psi como protecci\u00f3n de seguridad contra falla.<\/p>\n<p><strong>Discos de ruptura de seguridad<\/strong><\/p>\n<p>La mayor\u00eda de los discos de ruptura proporcionados por Parr cuentan con certificaci\u00f3n CE. Bajo pedido, Parr puede proporcionar discos de 1\/2&#8243; con asiento plano (soporte y disco de ruptura) con certificaci\u00f3n y documentaci\u00f3n ASME (con el certificado de dise\u00f1o UD).<\/p>\n<p>Los usuarios con requisitos especiales de discos de ruptura est\u00e1n invitados a ponerse en contacto con el personal de Soporte T\u00e9cnico Parr. Para conocer las especificaciones est\u00e1ndar del disco de ruptura, visite <a href=\"https:\/\/www.parrinst.com\/safety-rupture-discs\/\">www.parrinst.com\/safety-rupture-discs.<\/a><\/p>\n","protected":false},"excerpt":{"rendered":"<p>Los recipientes a presi\u00f3n Parr est\u00e1n protegidos por discos de ruptura fabricados bajo pedido. El examen de estos discos muestra que est\u00e1n abovedados. Este domo fue producido en la f\u00e1brica, tomando cada disco individual al 70% de su presi\u00f3n de rotura. ASME, as\u00ed como otros c\u00f3digos de recipientes a presi\u00f3n dictan que los recipientes a [&hellip;]<\/p>\n","protected":false},"author":1,"featured_media":36874,"parent":128,"menu_order":25,"comment_status":"closed","ping_status":"closed","template":"product-wide.php","meta":{"_acf_changed":false,"footnotes":"","_links_to":"","_links_to_target":""},"class_list":["post-3432","page","type-page","status-publish","has-post-thumbnail","hentry"],"acf":[],"yoast_head":"<!-- This site is optimized with the Yoast SEO plugin v27.6 - https:\/\/yoast.com\/product\/yoast-seo-wordpress\/ -->\n<title>Discos de Ruptura de Seguridad - Parr Instrument (Espa\u00f1ol)<\/title>\n<meta name=\"robots\" content=\"index, follow, max-snippet:-1, max-image-preview:large, max-video-preview:-1\" \/>\n<link rel=\"canonical\" href=\"https:\/\/www.parrinst.com\/es\/products\/stirred-reactors\/options-accessories\/safety-rupture-discs\/\" \/>\n<meta property=\"og:locale\" content=\"en_US\" \/>\n<meta property=\"og:type\" content=\"article\" \/>\n<meta property=\"og:title\" content=\"Discos de Ruptura de Seguridad - Parr Instrument (Espa\u00f1ol)\" \/>\n<meta property=\"og:description\" content=\"Los recipientes a presi\u00f3n Parr est\u00e1n protegidos por discos de ruptura fabricados bajo pedido. El examen de estos discos muestra que est\u00e1n abovedados. Este domo fue producido en la f\u00e1brica, tomando cada disco individual al 70% de su presi\u00f3n de rotura. ASME, as\u00ed como otros c\u00f3digos de recipientes a presi\u00f3n dictan que los recipientes a [&hellip;]\" \/>\n<meta property=\"og:url\" content=\"https:\/\/www.parrinst.com\/es\/products\/stirred-reactors\/options-accessories\/safety-rupture-discs\/\" \/>\n<meta property=\"og:site_name\" content=\"Parr Instrument (Espa\u00f1ol)\" \/>\n<meta property=\"article:modified_time\" content=\"2026-04-21T19:42:01+00:00\" \/>\n<meta property=\"og:image\" content=\"https:\/\/www.parrinst.com\/es\/wp-content\/uploads\/sites\/7\/2017\/12\/parr_banner_stirred3_secondary.jpg\" \/>\n\t<meta property=\"og:image:width\" content=\"2200\" \/>\n\t<meta property=\"og:image:height\" content=\"399\" \/>\n\t<meta property=\"og:image:type\" content=\"image\/jpeg\" \/>\n<meta name=\"twitter:card\" content=\"summary_large_image\" \/>\n<meta name=\"twitter:label1\" content=\"Est. reading time\" \/>\n\t<meta name=\"twitter:data1\" content=\"3 minutes\" \/>\n<script type=\"application\/ld+json\" class=\"yoast-schema-graph\">{\"@context\":\"https:\\\/\\\/schema.org\",\"@graph\":[{\"@type\":\"WebPage\",\"@id\":\"https:\\\/\\\/www.parrinst.com\\\/es\\\/products\\\/stirred-reactors\\\/options-accessories\\\/safety-rupture-discs\\\/\",\"url\":\"https:\\\/\\\/www.parrinst.com\\\/es\\\/products\\\/stirred-reactors\\\/options-accessories\\\/safety-rupture-discs\\\/\",\"name\":\"Discos de Ruptura de Seguridad - Parr Instrument (Espa\u00f1ol)\",\"isPartOf\":{\"@id\":\"https:\\\/\\\/www.parrinst.com\\\/es\\\/#website\"},\"primaryImageOfPage\":{\"@id\":\"https:\\\/\\\/www.parrinst.com\\\/es\\\/products\\\/stirred-reactors\\\/options-accessories\\\/safety-rupture-discs\\\/#primaryimage\"},\"image\":{\"@id\":\"https:\\\/\\\/www.parrinst.com\\\/es\\\/products\\\/stirred-reactors\\\/options-accessories\\\/safety-rupture-discs\\\/#primaryimage\"},\"thumbnailUrl\":\"https:\\\/\\\/i0.wp.com\\\/www.parrinst.com\\\/es\\\/wp-content\\\/uploads\\\/sites\\\/7\\\/2017\\\/12\\\/parr_banner_stirred3_secondary.jpg?fit=2200%2C399&ssl=1\",\"datePublished\":\"2011-06-25T02:36:09+00:00\",\"dateModified\":\"2026-04-21T19:42:01+00:00\",\"breadcrumb\":{\"@id\":\"https:\\\/\\\/www.parrinst.com\\\/es\\\/products\\\/stirred-reactors\\\/options-accessories\\\/safety-rupture-discs\\\/#breadcrumb\"},\"inLanguage\":\"en-US\",\"potentialAction\":[{\"@type\":\"ReadAction\",\"target\":[\"https:\\\/\\\/www.parrinst.com\\\/es\\\/products\\\/stirred-reactors\\\/options-accessories\\\/safety-rupture-discs\\\/\"]}]},{\"@type\":\"ImageObject\",\"inLanguage\":\"en-US\",\"@id\":\"https:\\\/\\\/www.parrinst.com\\\/es\\\/products\\\/stirred-reactors\\\/options-accessories\\\/safety-rupture-discs\\\/#primaryimage\",\"url\":\"https:\\\/\\\/i0.wp.com\\\/www.parrinst.com\\\/es\\\/wp-content\\\/uploads\\\/sites\\\/7\\\/2017\\\/12\\\/parr_banner_stirred3_secondary.jpg?fit=2200%2C399&ssl=1\",\"contentUrl\":\"https:\\\/\\\/i0.wp.com\\\/www.parrinst.com\\\/es\\\/wp-content\\\/uploads\\\/sites\\\/7\\\/2017\\\/12\\\/parr_banner_stirred3_secondary.jpg?fit=2200%2C399&ssl=1\",\"width\":2200,\"height\":399},{\"@type\":\"BreadcrumbList\",\"@id\":\"https:\\\/\\\/www.parrinst.com\\\/es\\\/products\\\/stirred-reactors\\\/options-accessories\\\/safety-rupture-discs\\\/#breadcrumb\",\"itemListElement\":[{\"@type\":\"ListItem\",\"position\":1,\"name\":\"Home\",\"item\":\"https:\\\/\\\/www.parrinst.com\\\/es\\\/\"},{\"@type\":\"ListItem\",\"position\":2,\"name\":\"Products\",\"item\":\"https:\\\/\\\/www.parrinst.com\\\/es\\\/products\\\/\"},{\"@type\":\"ListItem\",\"position\":3,\"name\":\"Reactores Agitados\",\"item\":\"https:\\\/\\\/www.parrinst.com\\\/es\\\/products\\\/stirred-reactors\\\/\"},{\"@type\":\"ListItem\",\"position\":4,\"name\":\"Accessorios\",\"item\":\"https:\\\/\\\/www.parrinst.com\\\/es\\\/products\\\/stirred-reactors\\\/options-accessories\\\/\"},{\"@type\":\"ListItem\",\"position\":5,\"name\":\"Discos de Ruptura de Seguridad\"}]},{\"@type\":\"WebSite\",\"@id\":\"https:\\\/\\\/www.parrinst.com\\\/es\\\/#website\",\"url\":\"https:\\\/\\\/www.parrinst.com\\\/es\\\/\",\"name\":\"Parr Instrument (Espa\u00f1ol)\",\"description\":\"\",\"potentialAction\":[{\"@type\":\"SearchAction\",\"target\":{\"@type\":\"EntryPoint\",\"urlTemplate\":\"https:\\\/\\\/www.parrinst.com\\\/es\\\/?s={search_term_string}\"},\"query-input\":{\"@type\":\"PropertyValueSpecification\",\"valueRequired\":true,\"valueName\":\"search_term_string\"}}],\"inLanguage\":\"en-US\"}]}<\/script>\n<!-- \/ Yoast SEO plugin. -->","yoast_head_json":{"title":"Discos de Ruptura de Seguridad - Parr Instrument (Espa\u00f1ol)","robots":{"index":"index","follow":"follow","max-snippet":"max-snippet:-1","max-image-preview":"max-image-preview:large","max-video-preview":"max-video-preview:-1"},"canonical":"https:\/\/www.parrinst.com\/es\/products\/stirred-reactors\/options-accessories\/safety-rupture-discs\/","og_locale":"en_US","og_type":"article","og_title":"Discos de Ruptura de Seguridad - Parr Instrument (Espa\u00f1ol)","og_description":"Los recipientes a presi\u00f3n Parr est\u00e1n protegidos por discos de ruptura fabricados bajo pedido. El examen de estos discos muestra que est\u00e1n abovedados. Este domo fue producido en la f\u00e1brica, tomando cada disco individual al 70% de su presi\u00f3n de rotura. ASME, as\u00ed como otros c\u00f3digos de recipientes a presi\u00f3n dictan que los recipientes a [&hellip;]","og_url":"https:\/\/www.parrinst.com\/es\/products\/stirred-reactors\/options-accessories\/safety-rupture-discs\/","og_site_name":"Parr Instrument (Espa\u00f1ol)","article_modified_time":"2026-04-21T19:42:01+00:00","og_image":[{"width":2200,"height":399,"url":"https:\/\/www.parrinst.com\/es\/wp-content\/uploads\/sites\/7\/2017\/12\/parr_banner_stirred3_secondary.jpg","type":"image\/jpeg"}],"twitter_card":"summary_large_image","twitter_misc":{"Est. reading time":"3 minutes"},"schema":{"@context":"https:\/\/schema.org","@graph":[{"@type":"WebPage","@id":"https:\/\/www.parrinst.com\/es\/products\/stirred-reactors\/options-accessories\/safety-rupture-discs\/","url":"https:\/\/www.parrinst.com\/es\/products\/stirred-reactors\/options-accessories\/safety-rupture-discs\/","name":"Discos de Ruptura de Seguridad - Parr Instrument (Espa\u00f1ol)","isPartOf":{"@id":"https:\/\/www.parrinst.com\/es\/#website"},"primaryImageOfPage":{"@id":"https:\/\/www.parrinst.com\/es\/products\/stirred-reactors\/options-accessories\/safety-rupture-discs\/#primaryimage"},"image":{"@id":"https:\/\/www.parrinst.com\/es\/products\/stirred-reactors\/options-accessories\/safety-rupture-discs\/#primaryimage"},"thumbnailUrl":"https:\/\/i0.wp.com\/www.parrinst.com\/es\/wp-content\/uploads\/sites\/7\/2017\/12\/parr_banner_stirred3_secondary.jpg?fit=2200%2C399&ssl=1","datePublished":"2011-06-25T02:36:09+00:00","dateModified":"2026-04-21T19:42:01+00:00","breadcrumb":{"@id":"https:\/\/www.parrinst.com\/es\/products\/stirred-reactors\/options-accessories\/safety-rupture-discs\/#breadcrumb"},"inLanguage":"en-US","potentialAction":[{"@type":"ReadAction","target":["https:\/\/www.parrinst.com\/es\/products\/stirred-reactors\/options-accessories\/safety-rupture-discs\/"]}]},{"@type":"ImageObject","inLanguage":"en-US","@id":"https:\/\/www.parrinst.com\/es\/products\/stirred-reactors\/options-accessories\/safety-rupture-discs\/#primaryimage","url":"https:\/\/i0.wp.com\/www.parrinst.com\/es\/wp-content\/uploads\/sites\/7\/2017\/12\/parr_banner_stirred3_secondary.jpg?fit=2200%2C399&ssl=1","contentUrl":"https:\/\/i0.wp.com\/www.parrinst.com\/es\/wp-content\/uploads\/sites\/7\/2017\/12\/parr_banner_stirred3_secondary.jpg?fit=2200%2C399&ssl=1","width":2200,"height":399},{"@type":"BreadcrumbList","@id":"https:\/\/www.parrinst.com\/es\/products\/stirred-reactors\/options-accessories\/safety-rupture-discs\/#breadcrumb","itemListElement":[{"@type":"ListItem","position":1,"name":"Home","item":"https:\/\/www.parrinst.com\/es\/"},{"@type":"ListItem","position":2,"name":"Products","item":"https:\/\/www.parrinst.com\/es\/products\/"},{"@type":"ListItem","position":3,"name":"Reactores Agitados","item":"https:\/\/www.parrinst.com\/es\/products\/stirred-reactors\/"},{"@type":"ListItem","position":4,"name":"Accessorios","item":"https:\/\/www.parrinst.com\/es\/products\/stirred-reactors\/options-accessories\/"},{"@type":"ListItem","position":5,"name":"Discos de Ruptura de Seguridad"}]},{"@type":"WebSite","@id":"https:\/\/www.parrinst.com\/es\/#website","url":"https:\/\/www.parrinst.com\/es\/","name":"Parr Instrument (Espa\u00f1ol)","description":"","potentialAction":[{"@type":"SearchAction","target":{"@type":"EntryPoint","urlTemplate":"https:\/\/www.parrinst.com\/es\/?s={search_term_string}"},"query-input":{"@type":"PropertyValueSpecification","valueRequired":true,"valueName":"search_term_string"}}],"inLanguage":"en-US"}]}},"jetpack_sharing_enabled":true,"_links":{"self":[{"href":"https:\/\/www.parrinst.com\/es\/wp-json\/wp\/v2\/pages\/3432","targetHints":{"allow":["GET"]}}],"collection":[{"href":"https:\/\/www.parrinst.com\/es\/wp-json\/wp\/v2\/pages"}],"about":[{"href":"https:\/\/www.parrinst.com\/es\/wp-json\/wp\/v2\/types\/page"}],"author":[{"embeddable":true,"href":"https:\/\/www.parrinst.com\/es\/wp-json\/wp\/v2\/users\/1"}],"replies":[{"embeddable":true,"href":"https:\/\/www.parrinst.com\/es\/wp-json\/wp\/v2\/comments?post=3432"}],"version-history":[{"count":8,"href":"https:\/\/www.parrinst.com\/es\/wp-json\/wp\/v2\/pages\/3432\/revisions"}],"predecessor-version":[{"id":41229,"href":"https:\/\/www.parrinst.com\/es\/wp-json\/wp\/v2\/pages\/3432\/revisions\/41229"}],"up":[{"embeddable":true,"href":"https:\/\/www.parrinst.com\/es\/wp-json\/wp\/v2\/pages\/128"}],"wp:featuredmedia":[{"embeddable":true,"href":"https:\/\/www.parrinst.com\/es\/wp-json\/wp\/v2\/media\/36874"}],"wp:attachment":[{"href":"https:\/\/www.parrinst.com\/es\/wp-json\/wp\/v2\/media?parent=3432"}],"curies":[{"name":"wp","href":"https:\/\/api.w.org\/{rel}","templated":true}]}}