{"id":3435,"date":"2011-06-24T21:36:46","date_gmt":"2011-06-25T02:36:46","guid":{"rendered":"https:\/\/www.parrinst.com\/?page_id=3435"},"modified":"2018-02-12T15:44:06","modified_gmt":"2018-02-12T21:44:06","slug":"sample-collection-vessel","status":"publish","type":"page","link":"https:\/\/www.parrinst.com\/es\/products\/stirred-reactors\/options-accessories\/sample-collection-vessel\/","title":{"rendered":"Recipiente para Toma de Muestras"},"content":{"rendered":"<figure id=\"attachment_3647\" aria-describedby=\"caption-attachment-3647\" style=\"width: 300px\" class=\"wp-caption alignright\"><a href=\"https:\/\/i0.wp.com\/www.parrinst.com\/es\/wp-content\/uploads\/sites\/7\/2011\/06\/4351-SCD.jpg?ssl=1\"><img data-recalc-dims=\"1\" loading=\"lazy\" decoding=\"async\" class=\"size-medium wp-image-3647\" src=\"https:\/\/i0.wp.com\/www.parrinst.com\/es\/wp-content\/uploads\/sites\/7\/2011\/06\/4351-SCD.jpg?resize=300%2C215&#038;ssl=1\" alt=\"Recipiente para Toma de Muestras 4351\" width=\"300\" height=\"215\" srcset=\"https:\/\/i0.wp.com\/www.parrinst.com\/es\/wp-content\/uploads\/sites\/7\/2011\/06\/4351-SCD.jpg?resize=300%2C215&amp;ssl=1 300w, https:\/\/i0.wp.com\/www.parrinst.com\/es\/wp-content\/uploads\/sites\/7\/2011\/06\/4351-SCD.jpg?resize=210%2C150&amp;ssl=1 210w, https:\/\/i0.wp.com\/www.parrinst.com\/es\/wp-content\/uploads\/sites\/7\/2011\/06\/4351-SCD.jpg?w=600&amp;ssl=1 600w\" sizes=\"auto, (max-width: 300px) 100vw, 300px\" \/><\/a><figcaption id=\"caption-attachment-3647\" class=\"wp-caption-text\">Recipiente para Toma de Muestras 4351<\/figcaption><\/figure>\n<p><strong>El Recipiente para Recolecci\u00f3n de muestras se puede agregar a la mayor\u00eda de los sistemas de reactores.<\/strong> Dise\u00f1ados para permitir el retiro de muestras de vapor o l\u00edquidas a elevadas temperaturas y presiones de manera eficiente y segura, este recipiente de cierre r\u00e1pido con junta t\u00f3rica tiene un volumen de 10 ml y est\u00e1 dise\u00f1ado para presiones de operaci\u00f3n hasta 3000 psi (200 bar). El arreglo t\u00edpico de este recipiente para muestras es una chaqueta de enfriamiento, aislamiento y v\u00e1lvulas de ventilaci\u00f3n. Tambi\u00e9n se puede agregar una v\u00e1lvula de drenaje al recipiente. La v\u00e1lvula de aislamiento est\u00e1 montada en la cabeza de este recipiente y se usa para sellar el recipiente una vez que la muestra se transfiere. La v\u00e1lvula de ventilaci\u00f3n se instala en una T y se utiliza para liberar cualquier presi\u00f3n residual en la l\u00ednea entre la v\u00e1lvula de muestra y el recipiente para muestras. Una v\u00e1lvula de drenaje opcional puede ser instalada en el fondo del recipiente. Las muestras se pueden retirar, ya sea por la apertura del Recipiente para Recolecci\u00f3n verti\u00e9ndolas hacia fuera o usando la v\u00e1lvula de drenaje.<\/p>\n<p><strong>El material est\u00e1ndar de fabricaci\u00f3n<\/strong> es acero inoxidable T316, pero se puede surtir en cualquiera de las otras aleaciones si es necesario. Un 35mL or 75mL Recipiente para Recolecci\u00f3n de Muestras a alta presi\u00f3n sin chaqueta de enfriamiento, para presiones de hasta 5000 psi, est\u00e1 disponible bajo pedido.<\/p>\n<table class=\"GeneralTable\" style=\"width: 650px;\">\n<tbody>\n<tr>\n<td class=\"GeneralTable-DarkBlue\" colspan=\"2\">Recipientes de Recolecci\u00f3n de Muestras<\/td>\n<\/tr>\n<tr>\n<td><strong>N\u00b0 Parte<\/strong><\/td>\n<td><strong>Descripci\u00f3n<\/strong><\/td>\n<\/tr>\n<tr class=\"GeneralTable-LightBlue\">\n<td>4351<\/td>\n<td>Recipiente para Recolecci\u00f3n de Muestras, 10 ml, con chaqueta de enfriamiento, aislamiento y v\u00e1lvulas de ventilaci\u00f3n para conexi\u00f3n a v\u00e1lvulas NPT de 1\/8\u201d<\/td>\n<\/tr>\n<tr>\n<td>4352<\/td>\n<td>Recipiente para Recolecci\u00f3n de Muestras, 10 ml, con chaqueta de enfriamiento, aislamiento y v\u00e1lvulas de ventilaci\u00f3n para conexi\u00f3n a v\u00e1lvulas 1\/4\u201d NPT<\/td>\n<\/tr>\n<tr class=\"GeneralTable-LightBlue\">\n<td>4353<\/td>\n<td>Recipiente para Recolecci\u00f3n de Muestras, 10 ml, con chaqueta de enfriamiento, aislamiento y v\u00e1lvulas de ventilaci\u00f3n para conexi\u00f3n a v\u00e1lvulas 3\/8\u201d NPT<\/td>\n<\/tr>\n<tr>\n<td>-D<\/td>\n<td>V\u00e1lvula de Drenaje Opcional<\/td>\n<\/tr>\n<\/tbody>\n<\/table>\n","protected":false},"excerpt":{"rendered":"<p>El Recipiente para Recolecci\u00f3n de muestras se puede agregar a la mayor\u00eda de los sistemas de reactores. Dise\u00f1ados para permitir el retiro de muestras de vapor o l\u00edquidas a elevadas temperaturas y presiones de manera eficiente y segura, este recipiente de cierre r\u00e1pido con junta t\u00f3rica tiene un volumen de 10 ml y est\u00e1 dise\u00f1ado [&hellip;]<\/p>\n","protected":false},"author":1,"featured_media":36874,"parent":128,"menu_order":26,"comment_status":"closed","ping_status":"closed","template":"product-wide.php","meta":{"_acf_changed":false,"footnotes":"","_links_to":"","_links_to_target":""},"class_list":["post-3435","page","type-page","status-publish","has-post-thumbnail","hentry"],"acf":[],"yoast_head":"<!-- This site is optimized with the Yoast SEO plugin v27.5 - https:\/\/yoast.com\/product\/yoast-seo-wordpress\/ -->\n<title>Recipiente para Toma de Muestras - Parr Instrument (Espa\u00f1ol)<\/title>\n<meta name=\"robots\" content=\"index, follow, max-snippet:-1, max-image-preview:large, max-video-preview:-1\" \/>\n<link rel=\"canonical\" href=\"https:\/\/www.parrinst.com\/es\/products\/stirred-reactors\/options-accessories\/sample-collection-vessel\/\" \/>\n<meta property=\"og:locale\" content=\"en_US\" \/>\n<meta property=\"og:type\" content=\"article\" \/>\n<meta property=\"og:title\" content=\"Recipiente para Toma de Muestras - Parr Instrument (Espa\u00f1ol)\" \/>\n<meta property=\"og:description\" content=\"El Recipiente para Recolecci\u00f3n de muestras se puede agregar a la mayor\u00eda de los sistemas de reactores. Dise\u00f1ados para permitir el retiro de muestras de vapor o l\u00edquidas a elevadas temperaturas y presiones de manera eficiente y segura, este recipiente de cierre r\u00e1pido con junta t\u00f3rica tiene un volumen de 10 ml y est\u00e1 dise\u00f1ado [&hellip;]\" \/>\n<meta property=\"og:url\" content=\"https:\/\/www.parrinst.com\/es\/products\/stirred-reactors\/options-accessories\/sample-collection-vessel\/\" \/>\n<meta property=\"og:site_name\" content=\"Parr Instrument (Espa\u00f1ol)\" \/>\n<meta property=\"article:modified_time\" content=\"2018-02-12T21:44:06+00:00\" \/>\n<meta property=\"og:image\" content=\"https:\/\/www.parrinst.com\/es\/files\/2017\/12\/parr_banner_stirred3_secondary.jpg\" \/>\n\t<meta property=\"og:image:width\" content=\"2200\" \/>\n\t<meta property=\"og:image:height\" content=\"399\" \/>\n\t<meta property=\"og:image:type\" content=\"image\/jpeg\" \/>\n<meta name=\"twitter:card\" content=\"summary_large_image\" \/>\n<meta name=\"twitter:label1\" content=\"Est. reading time\" \/>\n\t<meta name=\"twitter:data1\" content=\"2 minutes\" \/>\n<script type=\"application\/ld+json\" class=\"yoast-schema-graph\">{\"@context\":\"https:\\\/\\\/schema.org\",\"@graph\":[{\"@type\":\"WebPage\",\"@id\":\"https:\\\/\\\/www.parrinst.com\\\/es\\\/products\\\/stirred-reactors\\\/options-accessories\\\/sample-collection-vessel\\\/\",\"url\":\"https:\\\/\\\/www.parrinst.com\\\/es\\\/products\\\/stirred-reactors\\\/options-accessories\\\/sample-collection-vessel\\\/\",\"name\":\"Recipiente para Toma de Muestras - Parr Instrument (Espa\u00f1ol)\",\"isPartOf\":{\"@id\":\"https:\\\/\\\/www.parrinst.com\\\/es\\\/#website\"},\"primaryImageOfPage\":{\"@id\":\"https:\\\/\\\/www.parrinst.com\\\/es\\\/products\\\/stirred-reactors\\\/options-accessories\\\/sample-collection-vessel\\\/#primaryimage\"},\"image\":{\"@id\":\"https:\\\/\\\/www.parrinst.com\\\/es\\\/products\\\/stirred-reactors\\\/options-accessories\\\/sample-collection-vessel\\\/#primaryimage\"},\"thumbnailUrl\":\"https:\\\/\\\/i0.wp.com\\\/www.parrinst.com\\\/es\\\/wp-content\\\/uploads\\\/sites\\\/7\\\/2017\\\/12\\\/parr_banner_stirred3_secondary.jpg?fit=2200%2C399&ssl=1\",\"datePublished\":\"2011-06-25T02:36:46+00:00\",\"dateModified\":\"2018-02-12T21:44:06+00:00\",\"breadcrumb\":{\"@id\":\"https:\\\/\\\/www.parrinst.com\\\/es\\\/products\\\/stirred-reactors\\\/options-accessories\\\/sample-collection-vessel\\\/#breadcrumb\"},\"inLanguage\":\"en-US\",\"potentialAction\":[{\"@type\":\"ReadAction\",\"target\":[\"https:\\\/\\\/www.parrinst.com\\\/es\\\/products\\\/stirred-reactors\\\/options-accessories\\\/sample-collection-vessel\\\/\"]}]},{\"@type\":\"ImageObject\",\"inLanguage\":\"en-US\",\"@id\":\"https:\\\/\\\/www.parrinst.com\\\/es\\\/products\\\/stirred-reactors\\\/options-accessories\\\/sample-collection-vessel\\\/#primaryimage\",\"url\":\"https:\\\/\\\/i0.wp.com\\\/www.parrinst.com\\\/es\\\/wp-content\\\/uploads\\\/sites\\\/7\\\/2017\\\/12\\\/parr_banner_stirred3_secondary.jpg?fit=2200%2C399&ssl=1\",\"contentUrl\":\"https:\\\/\\\/i0.wp.com\\\/www.parrinst.com\\\/es\\\/wp-content\\\/uploads\\\/sites\\\/7\\\/2017\\\/12\\\/parr_banner_stirred3_secondary.jpg?fit=2200%2C399&ssl=1\",\"width\":2200,\"height\":399},{\"@type\":\"BreadcrumbList\",\"@id\":\"https:\\\/\\\/www.parrinst.com\\\/es\\\/products\\\/stirred-reactors\\\/options-accessories\\\/sample-collection-vessel\\\/#breadcrumb\",\"itemListElement\":[{\"@type\":\"ListItem\",\"position\":1,\"name\":\"Home\",\"item\":\"https:\\\/\\\/www.parrinst.com\\\/es\\\/\"},{\"@type\":\"ListItem\",\"position\":2,\"name\":\"Products\",\"item\":\"https:\\\/\\\/www.parrinst.com\\\/es\\\/products\\\/\"},{\"@type\":\"ListItem\",\"position\":3,\"name\":\"Reactores Agitados\",\"item\":\"https:\\\/\\\/www.parrinst.com\\\/es\\\/products\\\/stirred-reactors\\\/\"},{\"@type\":\"ListItem\",\"position\":4,\"name\":\"Accessorios\",\"item\":\"https:\\\/\\\/www.parrinst.com\\\/es\\\/products\\\/stirred-reactors\\\/options-accessories\\\/\"},{\"@type\":\"ListItem\",\"position\":5,\"name\":\"Recipiente para Toma de Muestras\"}]},{\"@type\":\"WebSite\",\"@id\":\"https:\\\/\\\/www.parrinst.com\\\/es\\\/#website\",\"url\":\"https:\\\/\\\/www.parrinst.com\\\/es\\\/\",\"name\":\"Parr Instrument (Espa\u00f1ol)\",\"description\":\"\",\"potentialAction\":[{\"@type\":\"SearchAction\",\"target\":{\"@type\":\"EntryPoint\",\"urlTemplate\":\"https:\\\/\\\/www.parrinst.com\\\/es\\\/?s={search_term_string}\"},\"query-input\":{\"@type\":\"PropertyValueSpecification\",\"valueRequired\":true,\"valueName\":\"search_term_string\"}}],\"inLanguage\":\"en-US\"}]}<\/script>\n<!-- \/ Yoast SEO plugin. -->","yoast_head_json":{"title":"Recipiente para Toma de Muestras - Parr Instrument (Espa\u00f1ol)","robots":{"index":"index","follow":"follow","max-snippet":"max-snippet:-1","max-image-preview":"max-image-preview:large","max-video-preview":"max-video-preview:-1"},"canonical":"https:\/\/www.parrinst.com\/es\/products\/stirred-reactors\/options-accessories\/sample-collection-vessel\/","og_locale":"en_US","og_type":"article","og_title":"Recipiente para Toma de Muestras - Parr Instrument (Espa\u00f1ol)","og_description":"El Recipiente para Recolecci\u00f3n de muestras se puede agregar a la mayor\u00eda de los sistemas de reactores. Dise\u00f1ados para permitir el retiro de muestras de vapor o l\u00edquidas a elevadas temperaturas y presiones de manera eficiente y segura, este recipiente de cierre r\u00e1pido con junta t\u00f3rica tiene un volumen de 10 ml y est\u00e1 dise\u00f1ado [&hellip;]","og_url":"https:\/\/www.parrinst.com\/es\/products\/stirred-reactors\/options-accessories\/sample-collection-vessel\/","og_site_name":"Parr Instrument (Espa\u00f1ol)","article_modified_time":"2018-02-12T21:44:06+00:00","og_image":[{"width":2200,"height":399,"url":"https:\/\/www.parrinst.com\/es\/files\/2017\/12\/parr_banner_stirred3_secondary.jpg","type":"image\/jpeg"}],"twitter_card":"summary_large_image","twitter_misc":{"Est. reading time":"2 minutes"},"schema":{"@context":"https:\/\/schema.org","@graph":[{"@type":"WebPage","@id":"https:\/\/www.parrinst.com\/es\/products\/stirred-reactors\/options-accessories\/sample-collection-vessel\/","url":"https:\/\/www.parrinst.com\/es\/products\/stirred-reactors\/options-accessories\/sample-collection-vessel\/","name":"Recipiente para Toma de Muestras - Parr Instrument (Espa\u00f1ol)","isPartOf":{"@id":"https:\/\/www.parrinst.com\/es\/#website"},"primaryImageOfPage":{"@id":"https:\/\/www.parrinst.com\/es\/products\/stirred-reactors\/options-accessories\/sample-collection-vessel\/#primaryimage"},"image":{"@id":"https:\/\/www.parrinst.com\/es\/products\/stirred-reactors\/options-accessories\/sample-collection-vessel\/#primaryimage"},"thumbnailUrl":"https:\/\/i0.wp.com\/www.parrinst.com\/es\/wp-content\/uploads\/sites\/7\/2017\/12\/parr_banner_stirred3_secondary.jpg?fit=2200%2C399&ssl=1","datePublished":"2011-06-25T02:36:46+00:00","dateModified":"2018-02-12T21:44:06+00:00","breadcrumb":{"@id":"https:\/\/www.parrinst.com\/es\/products\/stirred-reactors\/options-accessories\/sample-collection-vessel\/#breadcrumb"},"inLanguage":"en-US","potentialAction":[{"@type":"ReadAction","target":["https:\/\/www.parrinst.com\/es\/products\/stirred-reactors\/options-accessories\/sample-collection-vessel\/"]}]},{"@type":"ImageObject","inLanguage":"en-US","@id":"https:\/\/www.parrinst.com\/es\/products\/stirred-reactors\/options-accessories\/sample-collection-vessel\/#primaryimage","url":"https:\/\/i0.wp.com\/www.parrinst.com\/es\/wp-content\/uploads\/sites\/7\/2017\/12\/parr_banner_stirred3_secondary.jpg?fit=2200%2C399&ssl=1","contentUrl":"https:\/\/i0.wp.com\/www.parrinst.com\/es\/wp-content\/uploads\/sites\/7\/2017\/12\/parr_banner_stirred3_secondary.jpg?fit=2200%2C399&ssl=1","width":2200,"height":399},{"@type":"BreadcrumbList","@id":"https:\/\/www.parrinst.com\/es\/products\/stirred-reactors\/options-accessories\/sample-collection-vessel\/#breadcrumb","itemListElement":[{"@type":"ListItem","position":1,"name":"Home","item":"https:\/\/www.parrinst.com\/es\/"},{"@type":"ListItem","position":2,"name":"Products","item":"https:\/\/www.parrinst.com\/es\/products\/"},{"@type":"ListItem","position":3,"name":"Reactores Agitados","item":"https:\/\/www.parrinst.com\/es\/products\/stirred-reactors\/"},{"@type":"ListItem","position":4,"name":"Accessorios","item":"https:\/\/www.parrinst.com\/es\/products\/stirred-reactors\/options-accessories\/"},{"@type":"ListItem","position":5,"name":"Recipiente para Toma de Muestras"}]},{"@type":"WebSite","@id":"https:\/\/www.parrinst.com\/es\/#website","url":"https:\/\/www.parrinst.com\/es\/","name":"Parr Instrument (Espa\u00f1ol)","description":"","potentialAction":[{"@type":"SearchAction","target":{"@type":"EntryPoint","urlTemplate":"https:\/\/www.parrinst.com\/es\/?s={search_term_string}"},"query-input":{"@type":"PropertyValueSpecification","valueRequired":true,"valueName":"search_term_string"}}],"inLanguage":"en-US"}]}},"jetpack_sharing_enabled":true,"_links":{"self":[{"href":"https:\/\/www.parrinst.com\/es\/wp-json\/wp\/v2\/pages\/3435","targetHints":{"allow":["GET"]}}],"collection":[{"href":"https:\/\/www.parrinst.com\/es\/wp-json\/wp\/v2\/pages"}],"about":[{"href":"https:\/\/www.parrinst.com\/es\/wp-json\/wp\/v2\/types\/page"}],"author":[{"embeddable":true,"href":"https:\/\/www.parrinst.com\/es\/wp-json\/wp\/v2\/users\/1"}],"replies":[{"embeddable":true,"href":"https:\/\/www.parrinst.com\/es\/wp-json\/wp\/v2\/comments?post=3435"}],"version-history":[{"count":2,"href":"https:\/\/www.parrinst.com\/es\/wp-json\/wp\/v2\/pages\/3435\/revisions"}],"predecessor-version":[{"id":37999,"href":"https:\/\/www.parrinst.com\/es\/wp-json\/wp\/v2\/pages\/3435\/revisions\/37999"}],"up":[{"embeddable":true,"href":"https:\/\/www.parrinst.com\/es\/wp-json\/wp\/v2\/pages\/128"}],"wp:featuredmedia":[{"embeddable":true,"href":"https:\/\/www.parrinst.com\/es\/wp-json\/wp\/v2\/media\/36874"}],"wp:attachment":[{"href":"https:\/\/www.parrinst.com\/es\/wp-json\/wp\/v2\/media?parent=3435"}],"curies":[{"name":"wp","href":"https:\/\/api.w.org\/{rel}","templated":true}]}}