{"id":3439,"date":"2011-06-24T21:39:24","date_gmt":"2011-06-25T02:39:24","guid":{"rendered":"https:\/\/www.parrinst.com\/?page_id=3439"},"modified":"2020-07-09T17:00:46","modified_gmt":"2020-07-09T22:00:46","slug":"solids-slurry-addition-devices","status":"publish","type":"page","link":"https:\/\/www.parrinst.com\/es\/products\/stirred-reactors\/options-accessories\/solids-slurry-addition-devices\/","title":{"rendered":"Dispositivos de adici\u00f3n de s\u00f3lidos\/lodos"},"content":{"rendered":"<p>Una de las modificaciones m\u00e1s solicitadas, es un puerto u alguna otra forma de <strong>alimentar l\u00edquidos, s\u00f3lidos o suspensiones en el recipiente sin quitar la cabeza<\/strong>. Esto puede hacerse de diversas maneras.<\/p>\n<hr \/>\n<figure id=\"attachment_3652\" aria-describedby=\"caption-attachment-3652\" style=\"width: 200px\" class=\"wp-caption alignright\"><a href=\"https:\/\/i0.wp.com\/www.parrinst.com\/es\/wp-content\/uploads\/sites\/7\/2011\/06\/A143VB_solids-charging.jpg?ssl=1\"><img data-recalc-dims=\"1\" loading=\"lazy\" decoding=\"async\" class=\"wp-image-3652\" src=\"https:\/\/i0.wp.com\/www.parrinst.com\/es\/wp-content\/uploads\/sites\/7\/2011\/06\/A143VB_solids-charging.jpg?resize=200%2C162&#038;ssl=1\" alt=\"A143VB Solids Charging Ball Valve\" width=\"200\" height=\"162\" srcset=\"https:\/\/i0.wp.com\/www.parrinst.com\/es\/wp-content\/uploads\/sites\/7\/2011\/06\/A143VB_solids-charging.jpg?resize=300%2C243&amp;ssl=1 300w, https:\/\/i0.wp.com\/www.parrinst.com\/es\/wp-content\/uploads\/sites\/7\/2011\/06\/A143VB_solids-charging.jpg?resize=185%2C150&amp;ssl=1 185w, https:\/\/i0.wp.com\/www.parrinst.com\/es\/wp-content\/uploads\/sites\/7\/2011\/06\/A143VB_solids-charging.jpg?w=600&amp;ssl=1 600w\" sizes=\"auto, (max-width: 200px) 100vw, 200px\" \/><\/a><figcaption id=\"caption-attachment-3652\" class=\"wp-caption-text\">V\u00e1lvula de Bola A143VB<\/figcaption><\/figure>\n<h3>V\u00e1lvula de Bola para Puertos para Carga de S\u00f3lidos<\/h3>\n<p><strong>Una v\u00e1lvula de bola<\/strong> con una abertura de 3\/8 pulg. de di\u00e1metro puede ser instalada en cualquier recipiente de un litro o m\u00e1s y usarse junto con una pipeta de alta presi\u00f3n para inyectar suspensiones bajo presi\u00f3n. Estos se abren o se cierran con un cuarto de vuelta de la manija. V\u00e1lvulas de di\u00e1metro m\u00e1s grande est\u00e1n disponibles para recipientes de un gal\u00f3n y m\u00e1s grandes. Estas v\u00e1lvulas de bola resistir\u00e1n la presi\u00f3n completa desarrollada en un reactor a temperaturas moderadas, pero su rango de presi\u00f3n cae r\u00e1pidamente a temperaturas superiores a 100\u00b0C.<\/p>\n<table class=\"GeneralTable\">\n<tbody>\n<tr>\n<td class=\"GeneralTable-DarkBlue\" colspan=\"3\">V\u00e1lvula de Bola para Puertos de Carga de S\u00f3lidos<\/td>\n<\/tr>\n<tr>\n<td><strong>N\u00b0 Parte<\/strong><\/td>\n<td><strong>Tama\u00f1o Nominal<\/strong><\/td>\n<td><strong>Di\u00e1metro del Orificio (pulg.)<\/strong><\/td>\n<\/tr>\n<tr class=\"GeneralTable-LightBlue\">\n<td>A143VB<\/td>\n<td>1\/4&#8243; NPT (F)<\/td>\n<td>0.250<\/td>\n<\/tr>\n<tr>\n<td>A132VB<\/td>\n<td>3\/8&#8243; NPT (F)<\/td>\n<td>0.375<\/td>\n<\/tr>\n<tr class=\"GeneralTable-LightBlue\">\n<td>396VBAD<\/td>\n<td>1\/2&#8243; NPT (F)<\/td>\n<td>0.406<\/td>\n<\/tr>\n<\/tbody>\n<\/table>\n<hr \/>\n<figure id=\"attachment_3659\" aria-describedby=\"caption-attachment-3659\" style=\"width: 200px\" class=\"wp-caption alignright\"><a href=\"https:\/\/i0.wp.com\/www.parrinst.com\/es\/wp-content\/uploads\/sites\/7\/2011\/06\/catalyst-addition-open.jpg?ssl=1\"><img data-recalc-dims=\"1\" loading=\"lazy\" decoding=\"async\" class=\"wp-image-3659\" src=\"https:\/\/i0.wp.com\/www.parrinst.com\/es\/wp-content\/uploads\/sites\/7\/2011\/06\/catalyst-addition-open.jpg?resize=200%2C280&#038;ssl=1\" alt=\"A550HC Catalyst Addition Device Open\" width=\"200\" height=\"280\" srcset=\"https:\/\/i0.wp.com\/www.parrinst.com\/es\/wp-content\/uploads\/sites\/7\/2011\/06\/catalyst-addition-open.jpg?resize=214%2C300&amp;ssl=1 214w, https:\/\/i0.wp.com\/www.parrinst.com\/es\/wp-content\/uploads\/sites\/7\/2011\/06\/catalyst-addition-open.jpg?resize=107%2C150&amp;ssl=1 107w, https:\/\/i0.wp.com\/www.parrinst.com\/es\/wp-content\/uploads\/sites\/7\/2011\/06\/catalyst-addition-open.jpg?w=600&amp;ssl=1 600w\" sizes=\"auto, (max-width: 200px) 100vw, 200px\" \/><\/a><figcaption id=\"caption-attachment-3659\" class=\"wp-caption-text\">A550HC Dispositivo Abierto para Adici\u00f3n de Catalizador<\/figcaption><\/figure>\n<h3>Dispositivos de Adici\u00f3n de Catalizador Interna<\/h3>\n<p>Parr ha desarrollado un dispositivo \u00fanico para la adici\u00f3n de peque\u00f1as cantidades de s\u00f3lidos (o l\u00edquidos) desde un recipiente sellado dentro de un reactor. Esto es de particular inter\u00e9s para los usuarios que realizan estudios cin\u00e9ticos de reacciones catal\u00edticas. Este dispositivo consiste en una peque\u00f1a c\u00e1mara cil\u00edndrica con una tapa que est\u00e1 sellada con una junta t\u00f3rica. El O-ring est\u00e1ndar de PTFE limita la operaci\u00f3n a los 260\u00b0C. Existen las juntas opcionales de Kalrez que pueden alcanzar casi los 315\u00b0C. La ICAD se conecta a la parte inferior del cabezal del recipiente y utiliza una conexi\u00f3n 1\/8\u201d NPT. Para descargar el contenido del contendor, la presi\u00f3n del gas se aplica a trav\u00e9s de una v\u00e1lvula instalada en la parte superior de la cabeza. Cuando la presi\u00f3n aplicada es mayor que la presi\u00f3n dentro del reactor, la tapa es forzada a abrirse y el catalizador u otros contenidos salen hacia el reactor. Este dispositivo funciona mejor en los reactores Mini m\u00e1s altos, de 450 ml y 600 ml, y en el reactor Parr de 1 litro y m\u00e1s grandes.<\/p>\n<table class=\"GeneralTable\">\n<tbody>\n<tr>\n<td class=\"GeneralTable-DarkBlue\" colspan=\"4\">Dispositivos para Adici\u00f3n de Catalizador Interna<\/td>\n<\/tr>\n<tr>\n<td><strong>Reactor Completa<\/strong><\/td>\n<td><strong>Tam<span class=\"hps\">a\u00f1o<\/span> <span class=\"hps\">de montaje, cc<\/span><\/strong><\/td>\n<td><strong>N<span class=\"hps\">\u00famero<\/span> <span class=\"hps\">Asamblea<\/span><\/strong><\/td>\n<td><strong>Thread<\/strong><\/td>\n<\/tr>\n<tr class=\"GeneralTable-LightBlue\">\n<td>Mini<\/td>\n<td>6<\/td>\n<td>A550HC3<\/td>\n<td>1\/8&#8243; NPT<\/td>\n<\/tr>\n<tr>\n<td>Un Litro<\/td>\n<td>8<\/td>\n<td>A550HC<\/td>\n<td>1\/8&#8243; NPT<\/td>\n<\/tr>\n<tr class=\"GeneralTable-LightBlue\">\n<td>Larger<\/td>\n<td>20<\/td>\n<td>A550HC2<\/td>\n<td>1\/8&#8243; NPT<\/td>\n<\/tr>\n<\/tbody>\n<\/table>\n<hr \/>\n<p><strong>Dispositivo de carga de s\u00f3lidos<\/strong><\/p>\n<figure id=\"attachment_39181\" aria-describedby=\"caption-attachment-39181\" style=\"width: 200px\" class=\"wp-caption alignright\"><a href=\"https:\/\/i0.wp.com\/www.parrinst.com\/es\/wp-content\/uploads\/sites\/7\/2019\/03\/CAD_openPI2_3198.jpg?ssl=1\"><img data-recalc-dims=\"1\" loading=\"lazy\" decoding=\"async\" class=\"wp-image-39181\" src=\"https:\/\/i0.wp.com\/www.parrinst.com\/es\/wp-content\/uploads\/sites\/7\/2019\/03\/CAD_openPI2_3198.jpg?resize=200%2C200&#038;ssl=1\" alt=\"Dispositivo de carga de s\u00f3lidos\" width=\"200\" height=\"200\" srcset=\"https:\/\/i0.wp.com\/www.parrinst.com\/es\/wp-content\/uploads\/sites\/7\/2019\/03\/CAD_openPI2_3198.jpg?resize=300%2C300&amp;ssl=1 300w, https:\/\/i0.wp.com\/www.parrinst.com\/es\/wp-content\/uploads\/sites\/7\/2019\/03\/CAD_openPI2_3198.jpg?resize=150%2C150&amp;ssl=1 150w, https:\/\/i0.wp.com\/www.parrinst.com\/es\/wp-content\/uploads\/sites\/7\/2019\/03\/CAD_openPI2_3198.jpg?resize=1024%2C1024&amp;ssl=1 1024w, https:\/\/i0.wp.com\/www.parrinst.com\/es\/wp-content\/uploads\/sites\/7\/2019\/03\/CAD_openPI2_3198.jpg?w=1280&amp;ssl=1 1280w, https:\/\/i0.wp.com\/www.parrinst.com\/es\/wp-content\/uploads\/sites\/7\/2019\/03\/CAD_openPI2_3198.jpg?w=1920&amp;ssl=1 1920w\" sizes=\"auto, (max-width: 200px) 100vw, 200px\" \/><\/a><figcaption id=\"caption-attachment-39181\" class=\"wp-caption-text\">Dispositivo de carga de s\u00f3lidos<\/figcaption><\/figure>\n<p>Un dispositivo de carga de s\u00f3lidos en el cabezal de un reactor puede servir como un puerto de carga de s\u00f3lidos a presi\u00f3n atmosf\u00e9rica. El cuerpo de este dispositivo est\u00e1 mecanizado con un estrechamiento interno para ayudar a la entrega de los s\u00f3lidos en el recipiente. Tiene un cierre de tapa roscada con un sello de junta t\u00f3rica FKM para uso hasta 225 \u00b0 C. Otros materiales de junta t\u00f3rica est\u00e1n disponibles bajo pedido, ya sea para una operaci\u00f3n a mayor temperatura o compatibilidad de material.<\/p>\n<table class=\"GeneralTable\" style=\"width: 417px;\">\n<tbody>\n<tr style=\"height: 24px;\">\n<td class=\"GeneralTable-DarkBlue\" style=\"height: 24px; width: 232px;\" colspan=\"2\">Dispositivos para carga de s\u00f3lidos y dispositivo de adici\u00f3n de catalizador externo (XCAD)<\/td>\n<\/tr>\n<tr style=\"height: 24px;\">\n<td style=\"height: 24px; width: 232px;\"><strong>Reactor<\/strong><\/td>\n<td style=\"height: 24px; width: 169px;\"><strong>Tama\u00f1os de Conexiones Disponibles<\/strong><\/td>\n<\/tr>\n<tr class=\"GeneralTable-LightBlue\" style=\"height: 24px;\">\n<td style=\"height: 24px; width: 232px;\">Mini<\/td>\n<td style=\"height: 24px; width: 169px;\">1\/4&#8243; NPT (M)<\/td>\n<\/tr>\n<tr style=\"height: 24px;\">\n<td style=\"height: 24px; width: 232px;\">1 y 2 Litro<\/td>\n<td style=\"height: 24px; width: 169px;\">3\/8&#8243; NPT (M)<\/td>\n<\/tr>\n<tr class=\"GeneralTable-LightBlue\" style=\"height: 24px;\">\n<td style=\"height: 24px; width: 232px;\">Gal\u00f3n o Mayor<\/td>\n<td style=\"height: 24px; width: 169px;\">1\/2&#8243;, 3\/4&#8243;, &amp; 1&#8243; NPT (M)<\/td>\n<\/tr>\n<\/tbody>\n<\/table>\n<hr \/>\n<p><strong>Dispositivo de adici\u00f3n de catalizador externo (XCAD)<\/strong><\/p>\n<p>La adici\u00f3n de una c\u00e1mara especializada de 5 mL o 10 mL con cierre libre de herramienta y dos v\u00e1lvulas al dispositivo de carga de s\u00f3lidos anterior agrega dos capacidades importantes:<\/p>\n<ol>\n<li>El ensamble de c\u00e1mara\/v\u00e1lvulas puede retirase del reactor sin herramientas y llenarse en una caja, por ejemplo, si se est\u00e1 utilizando un catalizador sensible a la presi\u00f3n atmosf\u00e9rica.<\/li>\n<li>Al volver a colocar el ensamble de c\u00e1mara\/v\u00e1lvulas en el reactor, se puede conectar una fuente de gas a alta presi\u00f3n en la parte superior del dispositivo para permitir la adici\u00f3n de catalizador al reactor a temperatura y presi\u00f3n elevadas.<\/li>\n<\/ol>\n<p>Similar al dispositivo de adici\u00f3n de catalizador interno (ICAD) que se muestra arriba, el XCAD es ideal para estudios cin\u00e9ticos y, a menudo, se combina con una bureta de gas para estudios de caracterizaci\u00f3n\/selecci\u00f3n de catalizadores de hidrogenaci\u00f3n a presi\u00f3n constante.<\/p>\n<figure id=\"attachment_39182\" aria-describedby=\"caption-attachment-39182\" style=\"width: 640px\" class=\"wp-caption aligncenter\"><a href=\"https:\/\/i0.wp.com\/www.parrinst.com\/es\/wp-content\/uploads\/sites\/7\/2019\/03\/CAD-AssemblyPI2_3189-e1553618548105.jpg?ssl=1\"><img data-recalc-dims=\"1\" loading=\"lazy\" decoding=\"async\" class=\"wp-image-39182 size-large\" src=\"https:\/\/i0.wp.com\/www.parrinst.com\/es\/wp-content\/uploads\/sites\/7\/2019\/03\/CAD-AssemblyPI2_3189-e1553618548105-1024x275.jpg?resize=640%2C172&#038;ssl=1\" alt=\"Dispositivos Externos para la Adici\u00f3n de Catalizador (XCAD)\" width=\"640\" height=\"172\" srcset=\"https:\/\/i0.wp.com\/www.parrinst.com\/es\/wp-content\/uploads\/sites\/7\/2019\/03\/CAD-AssemblyPI2_3189-e1553618548105.jpg?resize=1024%2C275&amp;ssl=1 1024w, https:\/\/i0.wp.com\/www.parrinst.com\/es\/wp-content\/uploads\/sites\/7\/2019\/03\/CAD-AssemblyPI2_3189-e1553618548105.jpg?resize=559%2C150&amp;ssl=1 559w, https:\/\/i0.wp.com\/www.parrinst.com\/es\/wp-content\/uploads\/sites\/7\/2019\/03\/CAD-AssemblyPI2_3189-e1553618548105.jpg?resize=300%2C80&amp;ssl=1 300w, https:\/\/i0.wp.com\/www.parrinst.com\/es\/wp-content\/uploads\/sites\/7\/2019\/03\/CAD-AssemblyPI2_3189-e1553618548105.jpg?resize=768%2C206&amp;ssl=1 768w, https:\/\/i0.wp.com\/www.parrinst.com\/es\/wp-content\/uploads\/sites\/7\/2019\/03\/CAD-AssemblyPI2_3189-e1553618548105.jpg?w=1280&amp;ssl=1 1280w, https:\/\/i0.wp.com\/www.parrinst.com\/es\/wp-content\/uploads\/sites\/7\/2019\/03\/CAD-AssemblyPI2_3189-e1553618548105.jpg?w=1920&amp;ssl=1 1920w\" sizes=\"auto, (max-width: 640px) 100vw, 640px\" \/><\/a><figcaption id=\"caption-attachment-39182\" class=\"wp-caption-text\">Dispositivos Externos para la Adici\u00f3n de Catalizador (XCAD)<\/figcaption><\/figure>\n","protected":false},"excerpt":{"rendered":"<p>Una de las modificaciones m\u00e1s solicitadas, es un puerto u alguna otra forma de alimentar l\u00edquidos, s\u00f3lidos o suspensiones en el recipiente sin quitar la cabeza. Esto puede hacerse de diversas maneras. V\u00e1lvula de Bola para Puertos para Carga de S\u00f3lidos Una v\u00e1lvula de bola con una abertura de 3\/8 pulg. de di\u00e1metro puede ser [&hellip;]<\/p>\n","protected":false},"author":1,"featured_media":36874,"parent":128,"menu_order":27,"comment_status":"closed","ping_status":"closed","template":"product-wide.php","meta":{"_acf_changed":false,"footnotes":"","_links_to":"","_links_to_target":""},"class_list":["post-3439","page","type-page","status-publish","has-post-thumbnail","hentry"],"acf":[],"yoast_head":"<!-- This site is optimized with the Yoast SEO plugin v27.5 - https:\/\/yoast.com\/product\/yoast-seo-wordpress\/ -->\n<title>Dispositivos de adici\u00f3n de s\u00f3lidos\/lodos - Parr Instrument (Espa\u00f1ol)<\/title>\n<meta name=\"robots\" content=\"index, follow, max-snippet:-1, max-image-preview:large, max-video-preview:-1\" \/>\n<link rel=\"canonical\" href=\"https:\/\/www.parrinst.com\/es\/products\/stirred-reactors\/options-accessories\/solids-slurry-addition-devices\/\" \/>\n<meta property=\"og:locale\" content=\"en_US\" \/>\n<meta property=\"og:type\" content=\"article\" \/>\n<meta property=\"og:title\" content=\"Dispositivos de adici\u00f3n de s\u00f3lidos\/lodos - Parr Instrument (Espa\u00f1ol)\" \/>\n<meta property=\"og:description\" content=\"Una de las modificaciones m\u00e1s solicitadas, es un puerto u alguna otra forma de alimentar l\u00edquidos, s\u00f3lidos o suspensiones en el recipiente sin quitar la cabeza. Esto puede hacerse de diversas maneras. V\u00e1lvula de Bola para Puertos para Carga de S\u00f3lidos Una v\u00e1lvula de bola con una abertura de 3\/8 pulg. de di\u00e1metro puede ser [&hellip;]\" \/>\n<meta property=\"og:url\" content=\"https:\/\/www.parrinst.com\/es\/products\/stirred-reactors\/options-accessories\/solids-slurry-addition-devices\/\" \/>\n<meta property=\"og:site_name\" content=\"Parr Instrument (Espa\u00f1ol)\" \/>\n<meta property=\"article:modified_time\" content=\"2020-07-09T22:00:46+00:00\" \/>\n<meta property=\"og:image\" content=\"https:\/\/www.parrinst.com\/es\/files\/2017\/12\/parr_banner_stirred3_secondary.jpg\" \/>\n\t<meta property=\"og:image:width\" content=\"2200\" \/>\n\t<meta property=\"og:image:height\" content=\"399\" \/>\n\t<meta property=\"og:image:type\" content=\"image\/jpeg\" \/>\n<meta name=\"twitter:card\" content=\"summary_large_image\" \/>\n<meta name=\"twitter:label1\" content=\"Est. reading time\" \/>\n\t<meta name=\"twitter:data1\" content=\"4 minutes\" \/>\n<script type=\"application\/ld+json\" class=\"yoast-schema-graph\">{\"@context\":\"https:\\\/\\\/schema.org\",\"@graph\":[{\"@type\":\"WebPage\",\"@id\":\"https:\\\/\\\/www.parrinst.com\\\/es\\\/products\\\/stirred-reactors\\\/options-accessories\\\/solids-slurry-addition-devices\\\/\",\"url\":\"https:\\\/\\\/www.parrinst.com\\\/es\\\/products\\\/stirred-reactors\\\/options-accessories\\\/solids-slurry-addition-devices\\\/\",\"name\":\"Dispositivos de adici\u00f3n de s\u00f3lidos\\\/lodos - Parr Instrument (Espa\u00f1ol)\",\"isPartOf\":{\"@id\":\"https:\\\/\\\/www.parrinst.com\\\/es\\\/#website\"},\"primaryImageOfPage\":{\"@id\":\"https:\\\/\\\/www.parrinst.com\\\/es\\\/products\\\/stirred-reactors\\\/options-accessories\\\/solids-slurry-addition-devices\\\/#primaryimage\"},\"image\":{\"@id\":\"https:\\\/\\\/www.parrinst.com\\\/es\\\/products\\\/stirred-reactors\\\/options-accessories\\\/solids-slurry-addition-devices\\\/#primaryimage\"},\"thumbnailUrl\":\"https:\\\/\\\/i0.wp.com\\\/www.parrinst.com\\\/es\\\/wp-content\\\/uploads\\\/sites\\\/7\\\/2017\\\/12\\\/parr_banner_stirred3_secondary.jpg?fit=2200%2C399&ssl=1\",\"datePublished\":\"2011-06-25T02:39:24+00:00\",\"dateModified\":\"2020-07-09T22:00:46+00:00\",\"breadcrumb\":{\"@id\":\"https:\\\/\\\/www.parrinst.com\\\/es\\\/products\\\/stirred-reactors\\\/options-accessories\\\/solids-slurry-addition-devices\\\/#breadcrumb\"},\"inLanguage\":\"en-US\",\"potentialAction\":[{\"@type\":\"ReadAction\",\"target\":[\"https:\\\/\\\/www.parrinst.com\\\/es\\\/products\\\/stirred-reactors\\\/options-accessories\\\/solids-slurry-addition-devices\\\/\"]}]},{\"@type\":\"ImageObject\",\"inLanguage\":\"en-US\",\"@id\":\"https:\\\/\\\/www.parrinst.com\\\/es\\\/products\\\/stirred-reactors\\\/options-accessories\\\/solids-slurry-addition-devices\\\/#primaryimage\",\"url\":\"https:\\\/\\\/i0.wp.com\\\/www.parrinst.com\\\/es\\\/wp-content\\\/uploads\\\/sites\\\/7\\\/2017\\\/12\\\/parr_banner_stirred3_secondary.jpg?fit=2200%2C399&ssl=1\",\"contentUrl\":\"https:\\\/\\\/i0.wp.com\\\/www.parrinst.com\\\/es\\\/wp-content\\\/uploads\\\/sites\\\/7\\\/2017\\\/12\\\/parr_banner_stirred3_secondary.jpg?fit=2200%2C399&ssl=1\",\"width\":2200,\"height\":399},{\"@type\":\"BreadcrumbList\",\"@id\":\"https:\\\/\\\/www.parrinst.com\\\/es\\\/products\\\/stirred-reactors\\\/options-accessories\\\/solids-slurry-addition-devices\\\/#breadcrumb\",\"itemListElement\":[{\"@type\":\"ListItem\",\"position\":1,\"name\":\"Home\",\"item\":\"https:\\\/\\\/www.parrinst.com\\\/es\\\/\"},{\"@type\":\"ListItem\",\"position\":2,\"name\":\"Products\",\"item\":\"https:\\\/\\\/www.parrinst.com\\\/es\\\/products\\\/\"},{\"@type\":\"ListItem\",\"position\":3,\"name\":\"Reactores Agitados\",\"item\":\"https:\\\/\\\/www.parrinst.com\\\/es\\\/products\\\/stirred-reactors\\\/\"},{\"@type\":\"ListItem\",\"position\":4,\"name\":\"Accessorios\",\"item\":\"https:\\\/\\\/www.parrinst.com\\\/es\\\/products\\\/stirred-reactors\\\/options-accessories\\\/\"},{\"@type\":\"ListItem\",\"position\":5,\"name\":\"Dispositivos de adici\u00f3n de s\u00f3lidos\\\/lodos\"}]},{\"@type\":\"WebSite\",\"@id\":\"https:\\\/\\\/www.parrinst.com\\\/es\\\/#website\",\"url\":\"https:\\\/\\\/www.parrinst.com\\\/es\\\/\",\"name\":\"Parr Instrument (Espa\u00f1ol)\",\"description\":\"\",\"potentialAction\":[{\"@type\":\"SearchAction\",\"target\":{\"@type\":\"EntryPoint\",\"urlTemplate\":\"https:\\\/\\\/www.parrinst.com\\\/es\\\/?s={search_term_string}\"},\"query-input\":{\"@type\":\"PropertyValueSpecification\",\"valueRequired\":true,\"valueName\":\"search_term_string\"}}],\"inLanguage\":\"en-US\"}]}<\/script>\n<!-- \/ Yoast SEO plugin. -->","yoast_head_json":{"title":"Dispositivos de adici\u00f3n de s\u00f3lidos\/lodos - Parr Instrument (Espa\u00f1ol)","robots":{"index":"index","follow":"follow","max-snippet":"max-snippet:-1","max-image-preview":"max-image-preview:large","max-video-preview":"max-video-preview:-1"},"canonical":"https:\/\/www.parrinst.com\/es\/products\/stirred-reactors\/options-accessories\/solids-slurry-addition-devices\/","og_locale":"en_US","og_type":"article","og_title":"Dispositivos de adici\u00f3n de s\u00f3lidos\/lodos - Parr Instrument (Espa\u00f1ol)","og_description":"Una de las modificaciones m\u00e1s solicitadas, es un puerto u alguna otra forma de alimentar l\u00edquidos, s\u00f3lidos o suspensiones en el recipiente sin quitar la cabeza. Esto puede hacerse de diversas maneras. V\u00e1lvula de Bola para Puertos para Carga de S\u00f3lidos Una v\u00e1lvula de bola con una abertura de 3\/8 pulg. de di\u00e1metro puede ser [&hellip;]","og_url":"https:\/\/www.parrinst.com\/es\/products\/stirred-reactors\/options-accessories\/solids-slurry-addition-devices\/","og_site_name":"Parr Instrument (Espa\u00f1ol)","article_modified_time":"2020-07-09T22:00:46+00:00","og_image":[{"width":2200,"height":399,"url":"https:\/\/www.parrinst.com\/es\/files\/2017\/12\/parr_banner_stirred3_secondary.jpg","type":"image\/jpeg"}],"twitter_card":"summary_large_image","twitter_misc":{"Est. reading time":"4 minutes"},"schema":{"@context":"https:\/\/schema.org","@graph":[{"@type":"WebPage","@id":"https:\/\/www.parrinst.com\/es\/products\/stirred-reactors\/options-accessories\/solids-slurry-addition-devices\/","url":"https:\/\/www.parrinst.com\/es\/products\/stirred-reactors\/options-accessories\/solids-slurry-addition-devices\/","name":"Dispositivos de adici\u00f3n de s\u00f3lidos\/lodos - Parr Instrument (Espa\u00f1ol)","isPartOf":{"@id":"https:\/\/www.parrinst.com\/es\/#website"},"primaryImageOfPage":{"@id":"https:\/\/www.parrinst.com\/es\/products\/stirred-reactors\/options-accessories\/solids-slurry-addition-devices\/#primaryimage"},"image":{"@id":"https:\/\/www.parrinst.com\/es\/products\/stirred-reactors\/options-accessories\/solids-slurry-addition-devices\/#primaryimage"},"thumbnailUrl":"https:\/\/i0.wp.com\/www.parrinst.com\/es\/wp-content\/uploads\/sites\/7\/2017\/12\/parr_banner_stirred3_secondary.jpg?fit=2200%2C399&ssl=1","datePublished":"2011-06-25T02:39:24+00:00","dateModified":"2020-07-09T22:00:46+00:00","breadcrumb":{"@id":"https:\/\/www.parrinst.com\/es\/products\/stirred-reactors\/options-accessories\/solids-slurry-addition-devices\/#breadcrumb"},"inLanguage":"en-US","potentialAction":[{"@type":"ReadAction","target":["https:\/\/www.parrinst.com\/es\/products\/stirred-reactors\/options-accessories\/solids-slurry-addition-devices\/"]}]},{"@type":"ImageObject","inLanguage":"en-US","@id":"https:\/\/www.parrinst.com\/es\/products\/stirred-reactors\/options-accessories\/solids-slurry-addition-devices\/#primaryimage","url":"https:\/\/i0.wp.com\/www.parrinst.com\/es\/wp-content\/uploads\/sites\/7\/2017\/12\/parr_banner_stirred3_secondary.jpg?fit=2200%2C399&ssl=1","contentUrl":"https:\/\/i0.wp.com\/www.parrinst.com\/es\/wp-content\/uploads\/sites\/7\/2017\/12\/parr_banner_stirred3_secondary.jpg?fit=2200%2C399&ssl=1","width":2200,"height":399},{"@type":"BreadcrumbList","@id":"https:\/\/www.parrinst.com\/es\/products\/stirred-reactors\/options-accessories\/solids-slurry-addition-devices\/#breadcrumb","itemListElement":[{"@type":"ListItem","position":1,"name":"Home","item":"https:\/\/www.parrinst.com\/es\/"},{"@type":"ListItem","position":2,"name":"Products","item":"https:\/\/www.parrinst.com\/es\/products\/"},{"@type":"ListItem","position":3,"name":"Reactores Agitados","item":"https:\/\/www.parrinst.com\/es\/products\/stirred-reactors\/"},{"@type":"ListItem","position":4,"name":"Accessorios","item":"https:\/\/www.parrinst.com\/es\/products\/stirred-reactors\/options-accessories\/"},{"@type":"ListItem","position":5,"name":"Dispositivos de adici\u00f3n de s\u00f3lidos\/lodos"}]},{"@type":"WebSite","@id":"https:\/\/www.parrinst.com\/es\/#website","url":"https:\/\/www.parrinst.com\/es\/","name":"Parr Instrument (Espa\u00f1ol)","description":"","potentialAction":[{"@type":"SearchAction","target":{"@type":"EntryPoint","urlTemplate":"https:\/\/www.parrinst.com\/es\/?s={search_term_string}"},"query-input":{"@type":"PropertyValueSpecification","valueRequired":true,"valueName":"search_term_string"}}],"inLanguage":"en-US"}]}},"jetpack_sharing_enabled":true,"_links":{"self":[{"href":"https:\/\/www.parrinst.com\/es\/wp-json\/wp\/v2\/pages\/3439","targetHints":{"allow":["GET"]}}],"collection":[{"href":"https:\/\/www.parrinst.com\/es\/wp-json\/wp\/v2\/pages"}],"about":[{"href":"https:\/\/www.parrinst.com\/es\/wp-json\/wp\/v2\/types\/page"}],"author":[{"embeddable":true,"href":"https:\/\/www.parrinst.com\/es\/wp-json\/wp\/v2\/users\/1"}],"replies":[{"embeddable":true,"href":"https:\/\/www.parrinst.com\/es\/wp-json\/wp\/v2\/comments?post=3439"}],"version-history":[{"count":6,"href":"https:\/\/www.parrinst.com\/es\/wp-json\/wp\/v2\/pages\/3439\/revisions"}],"predecessor-version":[{"id":39912,"href":"https:\/\/www.parrinst.com\/es\/wp-json\/wp\/v2\/pages\/3439\/revisions\/39912"}],"up":[{"embeddable":true,"href":"https:\/\/www.parrinst.com\/es\/wp-json\/wp\/v2\/pages\/128"}],"wp:featuredmedia":[{"embeddable":true,"href":"https:\/\/www.parrinst.com\/es\/wp-json\/wp\/v2\/media\/36874"}],"wp:attachment":[{"href":"https:\/\/www.parrinst.com\/es\/wp-json\/wp\/v2\/media?parent=3439"}],"curies":[{"name":"wp","href":"https:\/\/api.w.org\/{rel}","templated":true}]}}