{"id":3441,"date":"2011-06-24T21:40:20","date_gmt":"2011-06-25T02:40:20","guid":{"rendered":"https:\/\/www.parrinst.com\/?page_id=3441"},"modified":"2015-11-04T09:21:10","modified_gmt":"2015-11-04T15:21:10","slug":"spare-parts-kit","status":"publish","type":"page","link":"https:\/\/www.parrinst.com\/es\/products\/stirred-reactors\/options-accessories\/spare-parts-kit\/","title":{"rendered":"Kit de Piezas de Repuesto"},"content":{"rendered":"<p><strong>Cada reactor con agitaci\u00f3n est\u00e1 equipado con un juego de piezas de repuesto y conexiones<\/strong> que consiste en una manguera de suministro de gas de 6 pies, juntas de cabeza, discos de ruptura, y un juego de piezas de repuesto para la transmisi\u00f3n del agitador.<\/p>\n<p>El suministro de reserva de piezas de repuesto se puede pedir a Servicio T\u00e9cnico de Parr para proveerse de suficientes partes y herramientas para los remplazos m\u00e1s comunes y reparaciones de emergencia durante el primer a\u00f1o de uso intenso. Estos kits incluyen juntas de repuesto, Juntas t\u00f3ricas, discos de ruptura, bandas de transmisi\u00f3n y sellos. Estos kits son un paquete conveniente de art\u00edculos peque\u00f1os perecederos necesarios para el mantenimiento normal del reactor.<\/p>\n<p><strong>Al ordenar un kit<\/strong> para un reactor, especifique \u00a0la numero de serie, la\u00a0junta\/material del sello, el rango del disco de ruptura, el material del reactor y la longitud de la banda de transmisi\u00f3n.<\/p>\n<table class=\"GeneralTable\" style=\"width: 574px; height: 443px;\">\n<tbody>\n<tr>\n<td class=\"GeneralTable-DarkBlue\" colspan=\"2\">Kits de Piezas de Repuesto para Reactores<\/td>\n<\/tr>\n<tr>\n<td><strong>N\u00b0 Parte <\/strong><\/td>\n<td><strong>Serie del Reactor <\/strong><\/td>\n<\/tr>\n<tr class=\"GeneralTable-LightBlue\">\n<td>4509M<\/td>\n<td>Serie 4520 Uso General<\/td>\n<\/tr>\n<tr>\n<td>4539M<\/td>\n<td>Serie 4530 Uso General<\/td>\n<\/tr>\n<tr class=\"GeneralTable-LightBlue\">\n<td>4539MA<\/td>\n<td>Serie 4530 Trabajo Pesado<\/td>\n<\/tr>\n<tr>\n<td>4549MA<\/td>\n<td>4544-4547 HP de Banco<\/td>\n<\/tr>\n<tr class=\"GeneralTable-LightBlue\">\n<td>4549MB<\/td>\n<td>4544A-4547A HP Soporte de Piso, 4544C, 4546C HP Carro M\u00f3vil<\/td>\n<\/tr>\n<tr>\n<td>4559M<\/td>\n<td>Serie 4550 Sistemas de Reactor<\/td>\n<\/tr>\n<tr class=\"GeneralTable-LightBlue\">\n<td>4559PCM<\/td>\n<td>4555 y 4557 20 L Sistemas de Reactor<\/td>\n<\/tr>\n<tr>\n<td>4559PDM<\/td>\n<td>4556 y 4558 10 L Sistemas de Reactor<\/td>\n<\/tr>\n<tr class=\"GeneralTable-LightBlue\">\n<td>4569M<\/td>\n<td>Serie 4560 Mini Reactores<\/td>\n<\/tr>\n<tr>\n<td>4569HT<\/td>\n<td>Serie 4560 Mini Reactores<\/td>\n<\/tr>\n<tr class=\"GeneralTable-LightBlue\">\n<td>4579B<\/td>\n<td>4571, 4572, 4577, 4578 1000 \u2013 1800 ml<\/td>\n<\/tr>\n<tr>\n<td>4579D<\/td>\n<td>4575B, 4576B, 4575A, 4576A 250 \u2013 500 ml<\/td>\n<\/tr>\n<tr class=\"GeneralTable-LightBlue\">\n<td>4589B<\/td>\n<td>4581, 4582, 4583, 4584 3750 \u2013 5500 ml<\/td>\n<\/tr>\n<tr>\n<td>4599<\/td>\n<td>Serie 4590 Micro Reactores<\/td>\n<\/tr>\n<tr class=\"GeneralTable-LightBlue\">\n<td>4599HT<\/td>\n<td>Serie 4590 Micro Reactores<\/td>\n<\/tr>\n<tr>\n<td>5009<\/td>\n<td>Serie 5000 MRS<\/td>\n<\/tr>\n<tr class=\"GeneralTable-LightBlue\">\n<td>5109M<\/td>\n<td>Modelos 5101, 5102, 5103, 5104 y 160 \u2013 600 ml<\/td>\n<\/tr>\n<tr>\n<td>5119M<\/td>\n<td>Modelos 5111 y 5112 1000 y 1500 ml<\/td>\n<\/tr>\n<tr class=\"GeneralTable-LightBlue\">\n<td>5529SPK<\/td>\n<td>Serie 5500 HP Compacto<\/td>\n<\/tr>\n<\/tbody>\n<\/table>\n","protected":false},"excerpt":{"rendered":"<p>Cada reactor con agitaci\u00f3n est\u00e1 equipado con un juego de piezas de repuesto y conexiones que consiste en una manguera de suministro de gas de 6 pies, juntas de cabeza, discos de ruptura, y un juego de piezas de repuesto para la transmisi\u00f3n del agitador. El suministro de reserva de piezas de repuesto se puede [&hellip;]<\/p>\n","protected":false},"author":1,"featured_media":36874,"parent":128,"menu_order":28,"comment_status":"closed","ping_status":"closed","template":"product-wide.php","meta":{"_acf_changed":false,"footnotes":"","_links_to":"","_links_to_target":""},"class_list":["post-3441","page","type-page","status-publish","has-post-thumbnail","hentry"],"acf":[],"yoast_head":"<!-- This site is optimized with the Yoast SEO plugin v27.5 - https:\/\/yoast.com\/product\/yoast-seo-wordpress\/ -->\n<title>Kit de Piezas de Repuesto - Parr Instrument (Espa\u00f1ol)<\/title>\n<meta name=\"robots\" content=\"index, follow, max-snippet:-1, max-image-preview:large, max-video-preview:-1\" \/>\n<link rel=\"canonical\" href=\"https:\/\/www.parrinst.com\/es\/products\/stirred-reactors\/options-accessories\/spare-parts-kit\/\" \/>\n<meta property=\"og:locale\" content=\"en_US\" \/>\n<meta property=\"og:type\" content=\"article\" \/>\n<meta property=\"og:title\" content=\"Kit de Piezas de Repuesto - Parr Instrument (Espa\u00f1ol)\" \/>\n<meta property=\"og:description\" content=\"Cada reactor con agitaci\u00f3n est\u00e1 equipado con un juego de piezas de repuesto y conexiones que consiste en una manguera de suministro de gas de 6 pies, juntas de cabeza, discos de ruptura, y un juego de piezas de repuesto para la transmisi\u00f3n del agitador. El suministro de reserva de piezas de repuesto se puede [&hellip;]\" \/>\n<meta property=\"og:url\" content=\"https:\/\/www.parrinst.com\/es\/products\/stirred-reactors\/options-accessories\/spare-parts-kit\/\" \/>\n<meta property=\"og:site_name\" content=\"Parr Instrument (Espa\u00f1ol)\" \/>\n<meta property=\"article:modified_time\" content=\"2015-11-04T15:21:10+00:00\" \/>\n<meta property=\"og:image\" content=\"https:\/\/www.parrinst.com\/es\/files\/2017\/12\/parr_banner_stirred3_secondary.jpg\" \/>\n\t<meta property=\"og:image:width\" content=\"2200\" \/>\n\t<meta property=\"og:image:height\" content=\"399\" \/>\n\t<meta property=\"og:image:type\" content=\"image\/jpeg\" \/>\n<meta name=\"twitter:card\" content=\"summary_large_image\" \/>\n<meta name=\"twitter:label1\" content=\"Est. reading time\" \/>\n\t<meta name=\"twitter:data1\" content=\"1 minute\" \/>\n<script type=\"application\/ld+json\" class=\"yoast-schema-graph\">{\"@context\":\"https:\\\/\\\/schema.org\",\"@graph\":[{\"@type\":\"WebPage\",\"@id\":\"https:\\\/\\\/www.parrinst.com\\\/es\\\/products\\\/stirred-reactors\\\/options-accessories\\\/spare-parts-kit\\\/\",\"url\":\"https:\\\/\\\/www.parrinst.com\\\/es\\\/products\\\/stirred-reactors\\\/options-accessories\\\/spare-parts-kit\\\/\",\"name\":\"Kit de Piezas de Repuesto - Parr Instrument (Espa\u00f1ol)\",\"isPartOf\":{\"@id\":\"https:\\\/\\\/www.parrinst.com\\\/es\\\/#website\"},\"primaryImageOfPage\":{\"@id\":\"https:\\\/\\\/www.parrinst.com\\\/es\\\/products\\\/stirred-reactors\\\/options-accessories\\\/spare-parts-kit\\\/#primaryimage\"},\"image\":{\"@id\":\"https:\\\/\\\/www.parrinst.com\\\/es\\\/products\\\/stirred-reactors\\\/options-accessories\\\/spare-parts-kit\\\/#primaryimage\"},\"thumbnailUrl\":\"https:\\\/\\\/i0.wp.com\\\/www.parrinst.com\\\/es\\\/wp-content\\\/uploads\\\/sites\\\/7\\\/2017\\\/12\\\/parr_banner_stirred3_secondary.jpg?fit=2200%2C399&ssl=1\",\"datePublished\":\"2011-06-25T02:40:20+00:00\",\"dateModified\":\"2015-11-04T15:21:10+00:00\",\"breadcrumb\":{\"@id\":\"https:\\\/\\\/www.parrinst.com\\\/es\\\/products\\\/stirred-reactors\\\/options-accessories\\\/spare-parts-kit\\\/#breadcrumb\"},\"inLanguage\":\"en-US\",\"potentialAction\":[{\"@type\":\"ReadAction\",\"target\":[\"https:\\\/\\\/www.parrinst.com\\\/es\\\/products\\\/stirred-reactors\\\/options-accessories\\\/spare-parts-kit\\\/\"]}]},{\"@type\":\"ImageObject\",\"inLanguage\":\"en-US\",\"@id\":\"https:\\\/\\\/www.parrinst.com\\\/es\\\/products\\\/stirred-reactors\\\/options-accessories\\\/spare-parts-kit\\\/#primaryimage\",\"url\":\"https:\\\/\\\/i0.wp.com\\\/www.parrinst.com\\\/es\\\/wp-content\\\/uploads\\\/sites\\\/7\\\/2017\\\/12\\\/parr_banner_stirred3_secondary.jpg?fit=2200%2C399&ssl=1\",\"contentUrl\":\"https:\\\/\\\/i0.wp.com\\\/www.parrinst.com\\\/es\\\/wp-content\\\/uploads\\\/sites\\\/7\\\/2017\\\/12\\\/parr_banner_stirred3_secondary.jpg?fit=2200%2C399&ssl=1\",\"width\":2200,\"height\":399},{\"@type\":\"BreadcrumbList\",\"@id\":\"https:\\\/\\\/www.parrinst.com\\\/es\\\/products\\\/stirred-reactors\\\/options-accessories\\\/spare-parts-kit\\\/#breadcrumb\",\"itemListElement\":[{\"@type\":\"ListItem\",\"position\":1,\"name\":\"Home\",\"item\":\"https:\\\/\\\/www.parrinst.com\\\/es\\\/\"},{\"@type\":\"ListItem\",\"position\":2,\"name\":\"Products\",\"item\":\"https:\\\/\\\/www.parrinst.com\\\/es\\\/products\\\/\"},{\"@type\":\"ListItem\",\"position\":3,\"name\":\"Reactores Agitados\",\"item\":\"https:\\\/\\\/www.parrinst.com\\\/es\\\/products\\\/stirred-reactors\\\/\"},{\"@type\":\"ListItem\",\"position\":4,\"name\":\"Accessorios\",\"item\":\"https:\\\/\\\/www.parrinst.com\\\/es\\\/products\\\/stirred-reactors\\\/options-accessories\\\/\"},{\"@type\":\"ListItem\",\"position\":5,\"name\":\"Kit de Piezas de Repuesto\"}]},{\"@type\":\"WebSite\",\"@id\":\"https:\\\/\\\/www.parrinst.com\\\/es\\\/#website\",\"url\":\"https:\\\/\\\/www.parrinst.com\\\/es\\\/\",\"name\":\"Parr Instrument (Espa\u00f1ol)\",\"description\":\"\",\"potentialAction\":[{\"@type\":\"SearchAction\",\"target\":{\"@type\":\"EntryPoint\",\"urlTemplate\":\"https:\\\/\\\/www.parrinst.com\\\/es\\\/?s={search_term_string}\"},\"query-input\":{\"@type\":\"PropertyValueSpecification\",\"valueRequired\":true,\"valueName\":\"search_term_string\"}}],\"inLanguage\":\"en-US\"}]}<\/script>\n<!-- \/ Yoast SEO plugin. -->","yoast_head_json":{"title":"Kit de Piezas de Repuesto - Parr Instrument (Espa\u00f1ol)","robots":{"index":"index","follow":"follow","max-snippet":"max-snippet:-1","max-image-preview":"max-image-preview:large","max-video-preview":"max-video-preview:-1"},"canonical":"https:\/\/www.parrinst.com\/es\/products\/stirred-reactors\/options-accessories\/spare-parts-kit\/","og_locale":"en_US","og_type":"article","og_title":"Kit de Piezas de Repuesto - Parr Instrument (Espa\u00f1ol)","og_description":"Cada reactor con agitaci\u00f3n est\u00e1 equipado con un juego de piezas de repuesto y conexiones que consiste en una manguera de suministro de gas de 6 pies, juntas de cabeza, discos de ruptura, y un juego de piezas de repuesto para la transmisi\u00f3n del agitador. El suministro de reserva de piezas de repuesto se puede [&hellip;]","og_url":"https:\/\/www.parrinst.com\/es\/products\/stirred-reactors\/options-accessories\/spare-parts-kit\/","og_site_name":"Parr Instrument (Espa\u00f1ol)","article_modified_time":"2015-11-04T15:21:10+00:00","og_image":[{"width":2200,"height":399,"url":"https:\/\/www.parrinst.com\/es\/files\/2017\/12\/parr_banner_stirred3_secondary.jpg","type":"image\/jpeg"}],"twitter_card":"summary_large_image","twitter_misc":{"Est. reading time":"1 minute"},"schema":{"@context":"https:\/\/schema.org","@graph":[{"@type":"WebPage","@id":"https:\/\/www.parrinst.com\/es\/products\/stirred-reactors\/options-accessories\/spare-parts-kit\/","url":"https:\/\/www.parrinst.com\/es\/products\/stirred-reactors\/options-accessories\/spare-parts-kit\/","name":"Kit de Piezas de Repuesto - Parr Instrument (Espa\u00f1ol)","isPartOf":{"@id":"https:\/\/www.parrinst.com\/es\/#website"},"primaryImageOfPage":{"@id":"https:\/\/www.parrinst.com\/es\/products\/stirred-reactors\/options-accessories\/spare-parts-kit\/#primaryimage"},"image":{"@id":"https:\/\/www.parrinst.com\/es\/products\/stirred-reactors\/options-accessories\/spare-parts-kit\/#primaryimage"},"thumbnailUrl":"https:\/\/i0.wp.com\/www.parrinst.com\/es\/wp-content\/uploads\/sites\/7\/2017\/12\/parr_banner_stirred3_secondary.jpg?fit=2200%2C399&ssl=1","datePublished":"2011-06-25T02:40:20+00:00","dateModified":"2015-11-04T15:21:10+00:00","breadcrumb":{"@id":"https:\/\/www.parrinst.com\/es\/products\/stirred-reactors\/options-accessories\/spare-parts-kit\/#breadcrumb"},"inLanguage":"en-US","potentialAction":[{"@type":"ReadAction","target":["https:\/\/www.parrinst.com\/es\/products\/stirred-reactors\/options-accessories\/spare-parts-kit\/"]}]},{"@type":"ImageObject","inLanguage":"en-US","@id":"https:\/\/www.parrinst.com\/es\/products\/stirred-reactors\/options-accessories\/spare-parts-kit\/#primaryimage","url":"https:\/\/i0.wp.com\/www.parrinst.com\/es\/wp-content\/uploads\/sites\/7\/2017\/12\/parr_banner_stirred3_secondary.jpg?fit=2200%2C399&ssl=1","contentUrl":"https:\/\/i0.wp.com\/www.parrinst.com\/es\/wp-content\/uploads\/sites\/7\/2017\/12\/parr_banner_stirred3_secondary.jpg?fit=2200%2C399&ssl=1","width":2200,"height":399},{"@type":"BreadcrumbList","@id":"https:\/\/www.parrinst.com\/es\/products\/stirred-reactors\/options-accessories\/spare-parts-kit\/#breadcrumb","itemListElement":[{"@type":"ListItem","position":1,"name":"Home","item":"https:\/\/www.parrinst.com\/es\/"},{"@type":"ListItem","position":2,"name":"Products","item":"https:\/\/www.parrinst.com\/es\/products\/"},{"@type":"ListItem","position":3,"name":"Reactores Agitados","item":"https:\/\/www.parrinst.com\/es\/products\/stirred-reactors\/"},{"@type":"ListItem","position":4,"name":"Accessorios","item":"https:\/\/www.parrinst.com\/es\/products\/stirred-reactors\/options-accessories\/"},{"@type":"ListItem","position":5,"name":"Kit de Piezas de Repuesto"}]},{"@type":"WebSite","@id":"https:\/\/www.parrinst.com\/es\/#website","url":"https:\/\/www.parrinst.com\/es\/","name":"Parr Instrument (Espa\u00f1ol)","description":"","potentialAction":[{"@type":"SearchAction","target":{"@type":"EntryPoint","urlTemplate":"https:\/\/www.parrinst.com\/es\/?s={search_term_string}"},"query-input":{"@type":"PropertyValueSpecification","valueRequired":true,"valueName":"search_term_string"}}],"inLanguage":"en-US"}]}},"jetpack_sharing_enabled":true,"_links":{"self":[{"href":"https:\/\/www.parrinst.com\/es\/wp-json\/wp\/v2\/pages\/3441","targetHints":{"allow":["GET"]}}],"collection":[{"href":"https:\/\/www.parrinst.com\/es\/wp-json\/wp\/v2\/pages"}],"about":[{"href":"https:\/\/www.parrinst.com\/es\/wp-json\/wp\/v2\/types\/page"}],"author":[{"embeddable":true,"href":"https:\/\/www.parrinst.com\/es\/wp-json\/wp\/v2\/users\/1"}],"replies":[{"embeddable":true,"href":"https:\/\/www.parrinst.com\/es\/wp-json\/wp\/v2\/comments?post=3441"}],"version-history":[{"count":0,"href":"https:\/\/www.parrinst.com\/es\/wp-json\/wp\/v2\/pages\/3441\/revisions"}],"up":[{"embeddable":true,"href":"https:\/\/www.parrinst.com\/es\/wp-json\/wp\/v2\/pages\/128"}],"wp:featuredmedia":[{"embeddable":true,"href":"https:\/\/www.parrinst.com\/es\/wp-json\/wp\/v2\/media\/36874"}],"wp:attachment":[{"href":"https:\/\/www.parrinst.com\/es\/wp-json\/wp\/v2\/media?parent=3441"}],"curies":[{"name":"wp","href":"https:\/\/api.w.org\/{rel}","templated":true}]}}