{"id":3443,"date":"2011-06-24T21:41:13","date_gmt":"2011-06-25T02:41:13","guid":{"rendered":"https:\/\/www.parrinst.com\/?page_id=3443"},"modified":"2023-11-15T10:43:50","modified_gmt":"2023-11-15T16:43:50","slug":"split-ring-closures","status":"publish","type":"page","link":"https:\/\/www.parrinst.com\/es\/products\/stirred-reactors\/options-accessories\/split-ring-closures\/","title":{"rendered":"Cierres de Anillo Partido"},"content":{"rendered":"<div id=\"pl-3443\"  class=\"panel-layout\" ><div id=\"pg-3443-0\"  class=\"panel-grid panel-no-style\" ><div id=\"pgc-3443-0-0\"  class=\"panel-grid-cell\" ><div id=\"panel-3443-0-0-0\" class=\"so-panel widget widget_sow-editor panel-first-child panel-last-child\" data-index=\"0\" ><div\n\t\t\t\n\t\t\tclass=\"so-widget-sow-editor so-widget-sow-editor-base\"\n\t\t\t\n\t\t>\n<div class=\"siteorigin-widget-tinymce textwidget\">\n\t<h2>F\u00e1cil acceso a recipientes a presi\u00f3n<\/h2>\n\n\t\t\t<div id='3443-1' class='gallery gallery-3443 gallery-columns-2 gallery-size-medium' itemscope itemtype='http:\/\/schema.org\/ImageGallery'>\n\t\t\t\t<div class='gallery-row gallery-col-2 gallery-clear'>\n\t\t\t\t\t<figure class='gallery-item col-2' itemprop='associatedMedia' itemscope itemtype='http:\/\/schema.org\/ImageObject'>\n\t\t\t\t\t\t<div class='gallery-icon landscape'><a href=\"https:\/\/i0.wp.com\/www.parrinst.com\/es\/wp-content\/uploads\/sites\/7\/2011\/09\/split-ring-halfs-cap-screw-for-moveable-head.jpg?ssl=1\" itemprop=\"contentURL\"><img loading=\"lazy\" decoding=\"async\" width=\"300\" height=\"225\" src=\"https:\/\/i0.wp.com\/www.parrinst.com\/es\/wp-content\/uploads\/sites\/7\/2011\/09\/split-ring-halfs-cap-screw-for-moveable-head.jpg?fit=300%2C225&amp;ssl=1\" class=\"attachment-medium size-medium\" alt=\"Split-Ring with Cap Screws for Moveable Vessels\" srcset=\"https:\/\/i0.wp.com\/www.parrinst.com\/es\/wp-content\/uploads\/sites\/7\/2011\/09\/split-ring-halfs-cap-screw-for-moveable-head.jpg?w=600&amp;ssl=1 600w, https:\/\/i0.wp.com\/www.parrinst.com\/es\/wp-content\/uploads\/sites\/7\/2011\/09\/split-ring-halfs-cap-screw-for-moveable-head.jpg?resize=300%2C225&amp;ssl=1 300w\" sizes=\"auto, (max-width: 300px) 100vw, 300px\" itemprop=\"thumbnail\" \/><\/a><\/div>\n\t\t\t\t\t<\/figure>\n\t\t\t\t\t<figure class='gallery-item col-2' itemprop='associatedMedia' itemscope itemtype='http:\/\/schema.org\/ImageObject'>\n\t\t\t\t\t\t<div class='gallery-icon landscape'><a href=\"https:\/\/i0.wp.com\/www.parrinst.com\/es\/wp-content\/uploads\/sites\/7\/2011\/09\/split-ring-halfs-cap-screws-for-fixed-head.jpg?ssl=1\" itemprop=\"contentURL\"><img loading=\"lazy\" decoding=\"async\" width=\"300\" height=\"225\" src=\"https:\/\/i0.wp.com\/www.parrinst.com\/es\/wp-content\/uploads\/sites\/7\/2011\/09\/split-ring-halfs-cap-screws-for-fixed-head.jpg?fit=300%2C225&amp;ssl=1\" class=\"attachment-medium size-medium\" alt=\"Split-Ring with Cap Screws for Fixed Head Vessels\" srcset=\"https:\/\/i0.wp.com\/www.parrinst.com\/es\/wp-content\/uploads\/sites\/7\/2011\/09\/split-ring-halfs-cap-screws-for-fixed-head.jpg?w=600&amp;ssl=1 600w, https:\/\/i0.wp.com\/www.parrinst.com\/es\/wp-content\/uploads\/sites\/7\/2011\/09\/split-ring-halfs-cap-screws-for-fixed-head.jpg?resize=300%2C225&amp;ssl=1 300w\" sizes=\"auto, (max-width: 300px) 100vw, 300px\" itemprop=\"thumbnail\" \/><\/a><\/div>\n\t\t\t\t\t<\/figure>\n\t\t\t\t<\/div>\n\t\t\t\t<div class='gallery-row gallery-col-2 gallery-clear'>\n\t\t\t\t\t<figure class='gallery-item col-2' itemprop='associatedMedia' itemscope itemtype='http:\/\/schema.org\/ImageObject'>\n\t\t\t\t\t\t<div class='gallery-icon landscape'><a href=\"https:\/\/i0.wp.com\/www.parrinst.com\/es\/wp-content\/uploads\/sites\/7\/2011\/09\/split-ring-halfs-for-self-sealing-o-rings.jpg?ssl=1\" itemprop=\"contentURL\"><img loading=\"lazy\" decoding=\"async\" width=\"300\" height=\"225\" src=\"https:\/\/i0.wp.com\/www.parrinst.com\/es\/wp-content\/uploads\/sites\/7\/2011\/09\/split-ring-halfs-for-self-sealing-o-rings.jpg?fit=300%2C225&amp;ssl=1\" class=\"attachment-medium size-medium\" alt=\"Split-Ring for Self Sealing O-ring Closures\" srcset=\"https:\/\/i0.wp.com\/www.parrinst.com\/es\/wp-content\/uploads\/sites\/7\/2011\/09\/split-ring-halfs-for-self-sealing-o-rings.jpg?w=600&amp;ssl=1 600w, https:\/\/i0.wp.com\/www.parrinst.com\/es\/wp-content\/uploads\/sites\/7\/2011\/09\/split-ring-halfs-for-self-sealing-o-rings.jpg?resize=300%2C225&amp;ssl=1 300w\" sizes=\"auto, (max-width: 300px) 100vw, 300px\" itemprop=\"thumbnail\" \/><\/a><\/div>\n\t\t\t\t\t<\/figure>\n\t\t\t\t\t<figure class='gallery-item col-2' itemprop='associatedMedia' itemscope itemtype='http:\/\/schema.org\/ImageObject'>\n\t\t\t\t\t\t<div class='gallery-icon landscape'><a href=\"https:\/\/i0.wp.com\/www.parrinst.com\/es\/wp-content\/uploads\/sites\/7\/2019\/02\/4578-Hinged-Split-Ring_detail_887664PI2_1802-e1549654984246.jpg?ssl=1\" itemprop=\"contentURL\"><img loading=\"lazy\" decoding=\"async\" width=\"300\" height=\"214\" src=\"https:\/\/i0.wp.com\/www.parrinst.com\/es\/wp-content\/uploads\/sites\/7\/2019\/02\/4578-Hinged-Split-Ring_detail_887664PI2_1802-e1549654984246.jpg?fit=300%2C214&amp;ssl=1\" class=\"attachment-medium size-medium\" alt=\"Anillo Partido con Bisagras\" itemprop=\"thumbnail\" \/><\/a><\/div>\n\t\t\t\t\t<\/figure>\n\t\t\t\t<\/div>\n\t\t\t<\/div><!-- .gallery -->\n\n<p><strong>Los reactores y recipientes a presi\u00f3n Parr est\u00e1n equipados con una tapa de abrazadera de anillo partido \u00fanica<\/strong> que a\u00f1ade conveniencia al equipo y facilidad de manejo. Este es un dise\u00f1o exclusivo de Parr (anillo partido Patente de N\u00b0 2625296 EUA), que permite acceder f\u00e1cilmente a un recipiente a presi\u00f3n sin usar un tapa de rosca pesada, inc\u00f3modas abrazaderas de tapa, o una pesta\u00f1a ancha para pernos movibles. En su lugar, la cabeza se sujeta al cilindro por un anillo de acero inoxidable Tipo 4140 o Tipo 316, que se ha dividido en dos secciones. Estas secciones se deslizan en su lugar desde los lados, sin interferir con los accesorios conectados a la cabeza.<\/p>\n<h3>Dise\u00f1os Autosellantes y de pernos de compresi\u00f3n<\/h3>\n<p>Para los reactores y recipientes en los que una junta t\u00f3rica autosellante se usa como sello de la cabeza principal, no hay pernos de compresi\u00f3n en las secciones de anillo dividido. El recipiente se cierra con s\u00f3lo deslizar las dos secciones del anillo a su lugar y bloque\u00e1ndolas, ya sea con una banda o con pestillos de apertura r\u00e1pida, adjuntos. Este pr\u00e1ctico cierre puede ser utilizado en la mayor\u00eda de los reactores y recipientes a presi\u00f3n de Parr peque\u00f1os y medianos, siempre que la temperatura de operaci\u00f3n no exceda el l\u00edmite de temperatura de trabajo permitido para la junta t\u00f3rica.\u00a0Las juntas t\u00f3ricas auto sellantes no son recomendadas para aplicaciones de bajas presiones. Ver <a href=\"https:\/\/www.parrinst.com\/es\/products\/stirred-reactors\/options-accessories\/gaskets-and-seals\/#self-sealing\">juntas t\u00f3ricas auto sellantes<\/a> para mayor informaci\u00f3n.<\/p>\n<p>Los cierres de anillo dividido para reactores con juntas planas de PTFE, grafito flexible, metal u otros contenidos, tienen una serie de pernos de compresi\u00f3n en los anillos que deben ser apretados para desarrollar la fuerza de compresi\u00f3n requerida para sellar la junta. Estos anillos partidos se cierran juntos con una banda o pestillos de apertura r\u00e1pida.<\/p>\n<p>Para cualquier estilo, las partes de cierre vienen fuera del recipiente para que la cabeza con todos sus accesorios pueda ser levantada desde el cilindro o el cilindro pueda quitarse sin interferir con los accesorios adjuntos. Cuando se usan pernos de compresi\u00f3n, s\u00f3lo se aprietan o aflojan, nunca se retiran completamente del anillo partido o banda. Esto ahorra tiempo para abrir y cerrar el recipiente y sin tener que buscar partes perdidas.<\/p>\n<\/div>\n<\/div><\/div><\/div><\/div><div id=\"pg-3443-1\"  class=\"panel-grid panel-no-style\" ><div id=\"pgc-3443-1-0\"  class=\"panel-grid-cell\" ><div id=\"panel-3443-1-0-0\" class=\"so-panel widget widget_sow-editor panel-first-child panel-last-child\" data-index=\"1\" ><div\n\t\t\t\n\t\t\tclass=\"so-widget-sow-editor so-widget-sow-editor-base\"\n\t\t\t\n\t\t>\n<div class=\"siteorigin-widget-tinymce textwidget\">\n\t<p><strong>Anillo Partido con Bisagras<\/strong><\/p>\n<p>El anillo de cierre tipo partido con bisagras ofrece una soluci\u00f3n segura y conveniente para abrir reactores de cabezal fijo de vol\u00famenes mayores. Con este dise\u00f1o, los anillos divididos se abren y permiten un acceso f\u00e1cil al recipiente de reacci\u00f3n. Estos anillos con bisagras se incluyen en recipientes de cabezal fijo de 3.75 L en adelante y pueden personalizarse para otros tama\u00f1o.<\/p>\n<\/div>\n<\/div><\/div><\/div><div id=\"pgc-3443-1-1\"  class=\"panel-grid-cell\" ><div id=\"panel-3443-1-1-0\" class=\"so-panel widget widget_media_video panel-first-child panel-last-child\" data-index=\"2\" ><div style=\"width:100%;\" class=\"wp-video\"><video class=\"wp-video-shortcode\" id=\"video-3443-1\" preload=\"metadata\" controls=\"controls\"><source type=\"video\/mp4\" src=\"https:\/\/www.parrinst.com\/es\/wp-content\/uploads\/sites\/7\/2023\/11\/Parr_Hinged-Split-Rings_with-titlescreen.mp4?_=1\" \/><source type=\"video\/mp4\" src=\"https:\/\/www.parrinst.com\/es\/wp-content\/uploads\/sites\/7\/2023\/11\/Parr_Hinged-Split-Rings_with-titlescreen.mp4?_=1\" \/><a href=\"https:\/\/www.parrinst.com\/es\/wp-content\/uploads\/sites\/7\/2023\/11\/Parr_Hinged-Split-Rings_with-titlescreen.mp4\">https:\/\/www.parrinst.com\/es\/wp-content\/uploads\/sites\/7\/2023\/11\/Parr_Hinged-Split-Rings_with-titlescreen.mp4<\/a><\/video><\/div><\/div><\/div><\/div><div id=\"pg-3443-2\"  class=\"panel-grid panel-no-style\" ><div id=\"pgc-3443-2-0\"  class=\"panel-grid-cell\" ><div id=\"panel-3443-2-0-0\" class=\"so-panel widget widget_sow-editor panel-first-child panel-last-child\" data-index=\"3\" ><div\n\t\t\t\n\t\t\tclass=\"so-widget-sow-editor so-widget-sow-editor-base\"\n\t\t\t\n\t\t>\n<div class=\"siteorigin-widget-tinymce textwidget\">\n\t<p><strong>El cierre de Anillo partido a\u00f1ade muchas caracter\u00edsticas atractivas a los reactores y recipientes a presi\u00f3n Parr.<\/strong><\/p>\n<ul>\n<li>El reactor o recipiente puede ser abierto o cerrado sin alterar las conexiones o accesorios conectados a la cabeza.<\/li>\n<li>Todo el di\u00e1metro interior del recipiente es expuesto cuando se retira la cabeza.<\/li>\n<li>La cabeza expone una superficie m\u00e1xima para conectar las v\u00e1lvulas y accesorios.<\/li>\n<li>No hay bridas o pernos roscados inc\u00f3modos que interfieran con las operaci\u00f3nes.<\/li>\n<li>no hay nada delicado en el cilindro con que lidiar o da\u00f1ar durante su manejo.<\/li>\n<\/ul>\n<h3>Cierres de tornillo<\/h3>\n<p><strong>Parr usa cierre de tornillo en recipientes peque\u00f1os<\/strong> en donde se puede desarrollar suficiente fuerza de sellado al apretarla tapa de tornillo principal. Este dise\u00f1o puede hacerse m\u00e1s compacto que el cierre del anillo partido y se usa principalmente en los recipientes de uso general, con vol\u00famenes de menos de 100 ml.<\/p>\n<\/div>\n<\/div><\/div><\/div><\/div><\/div>","protected":false},"excerpt":{"rendered":"<p>F\u00e1cil acceso a recipientes a presi\u00f3n Los reactores y recipientes a presi\u00f3n Parr est\u00e1n equipados con una tapa de abrazadera de anillo partido \u00fanica que a\u00f1ade conveniencia al equipo y facilidad de manejo. Este es un dise\u00f1o exclusivo de Parr (anillo partido Patente de N\u00b0 2625296 EUA), que permite acceder f\u00e1cilmente a un recipiente a [&hellip;]<\/p>\n","protected":false},"author":1,"featured_media":36874,"parent":128,"menu_order":29,"comment_status":"closed","ping_status":"closed","template":"product-wide.php","meta":{"_acf_changed":false,"footnotes":"","_links_to":"","_links_to_target":""},"class_list":["post-3443","page","type-page","status-publish","has-post-thumbnail","hentry"],"acf":[],"yoast_head":"<!-- This site is optimized with the Yoast SEO plugin v27.5 - https:\/\/yoast.com\/product\/yoast-seo-wordpress\/ -->\n<title>Cierres de Anillo Partido - Parr Instrument (Espa\u00f1ol)<\/title>\n<meta name=\"robots\" content=\"index, follow, max-snippet:-1, max-image-preview:large, max-video-preview:-1\" \/>\n<link rel=\"canonical\" href=\"https:\/\/www.parrinst.com\/es\/products\/stirred-reactors\/options-accessories\/split-ring-closures\/\" \/>\n<meta property=\"og:locale\" content=\"en_US\" \/>\n<meta property=\"og:type\" content=\"article\" \/>\n<meta property=\"og:title\" content=\"Cierres de Anillo Partido - Parr Instrument (Espa\u00f1ol)\" \/>\n<meta property=\"og:description\" content=\"F\u00e1cil acceso a recipientes a presi\u00f3n Los reactores y recipientes a presi\u00f3n Parr est\u00e1n equipados con una tapa de abrazadera de anillo partido \u00fanica que a\u00f1ade conveniencia al equipo y facilidad de manejo. Este es un dise\u00f1o exclusivo de Parr (anillo partido Patente de N\u00b0 2625296 EUA), que permite acceder f\u00e1cilmente a un recipiente a [&hellip;]\" \/>\n<meta property=\"og:url\" content=\"https:\/\/www.parrinst.com\/es\/products\/stirred-reactors\/options-accessories\/split-ring-closures\/\" \/>\n<meta property=\"og:site_name\" content=\"Parr Instrument (Espa\u00f1ol)\" \/>\n<meta property=\"article:modified_time\" content=\"2023-11-15T16:43:50+00:00\" \/>\n<meta property=\"og:image\" content=\"https:\/\/www.parrinst.com\/es\/files\/2017\/12\/parr_banner_stirred3_secondary.jpg\" \/>\n\t<meta property=\"og:image:width\" content=\"2200\" \/>\n\t<meta property=\"og:image:height\" content=\"399\" \/>\n\t<meta property=\"og:image:type\" content=\"image\/jpeg\" \/>\n<meta name=\"twitter:card\" content=\"summary_large_image\" \/>\n<meta name=\"twitter:label1\" content=\"Est. reading time\" \/>\n\t<meta name=\"twitter:data1\" content=\"3 minutes\" \/>\n<script type=\"application\/ld+json\" class=\"yoast-schema-graph\">{\"@context\":\"https:\\\/\\\/schema.org\",\"@graph\":[{\"@type\":\"WebPage\",\"@id\":\"https:\\\/\\\/www.parrinst.com\\\/es\\\/products\\\/stirred-reactors\\\/options-accessories\\\/split-ring-closures\\\/\",\"url\":\"https:\\\/\\\/www.parrinst.com\\\/es\\\/products\\\/stirred-reactors\\\/options-accessories\\\/split-ring-closures\\\/\",\"name\":\"Cierres de Anillo Partido - Parr Instrument (Espa\u00f1ol)\",\"isPartOf\":{\"@id\":\"https:\\\/\\\/www.parrinst.com\\\/es\\\/#website\"},\"primaryImageOfPage\":{\"@id\":\"https:\\\/\\\/www.parrinst.com\\\/es\\\/products\\\/stirred-reactors\\\/options-accessories\\\/split-ring-closures\\\/#primaryimage\"},\"image\":{\"@id\":\"https:\\\/\\\/www.parrinst.com\\\/es\\\/products\\\/stirred-reactors\\\/options-accessories\\\/split-ring-closures\\\/#primaryimage\"},\"thumbnailUrl\":\"https:\\\/\\\/i0.wp.com\\\/www.parrinst.com\\\/es\\\/wp-content\\\/uploads\\\/sites\\\/7\\\/2017\\\/12\\\/parr_banner_stirred3_secondary.jpg?fit=2200%2C399&ssl=1\",\"datePublished\":\"2011-06-25T02:41:13+00:00\",\"dateModified\":\"2023-11-15T16:43:50+00:00\",\"breadcrumb\":{\"@id\":\"https:\\\/\\\/www.parrinst.com\\\/es\\\/products\\\/stirred-reactors\\\/options-accessories\\\/split-ring-closures\\\/#breadcrumb\"},\"inLanguage\":\"en-US\",\"potentialAction\":[{\"@type\":\"ReadAction\",\"target\":[\"https:\\\/\\\/www.parrinst.com\\\/es\\\/products\\\/stirred-reactors\\\/options-accessories\\\/split-ring-closures\\\/\"]}]},{\"@type\":\"ImageObject\",\"inLanguage\":\"en-US\",\"@id\":\"https:\\\/\\\/www.parrinst.com\\\/es\\\/products\\\/stirred-reactors\\\/options-accessories\\\/split-ring-closures\\\/#primaryimage\",\"url\":\"https:\\\/\\\/i0.wp.com\\\/www.parrinst.com\\\/es\\\/wp-content\\\/uploads\\\/sites\\\/7\\\/2017\\\/12\\\/parr_banner_stirred3_secondary.jpg?fit=2200%2C399&ssl=1\",\"contentUrl\":\"https:\\\/\\\/i0.wp.com\\\/www.parrinst.com\\\/es\\\/wp-content\\\/uploads\\\/sites\\\/7\\\/2017\\\/12\\\/parr_banner_stirred3_secondary.jpg?fit=2200%2C399&ssl=1\",\"width\":2200,\"height\":399},{\"@type\":\"BreadcrumbList\",\"@id\":\"https:\\\/\\\/www.parrinst.com\\\/es\\\/products\\\/stirred-reactors\\\/options-accessories\\\/split-ring-closures\\\/#breadcrumb\",\"itemListElement\":[{\"@type\":\"ListItem\",\"position\":1,\"name\":\"Home\",\"item\":\"https:\\\/\\\/www.parrinst.com\\\/es\\\/\"},{\"@type\":\"ListItem\",\"position\":2,\"name\":\"Products\",\"item\":\"https:\\\/\\\/www.parrinst.com\\\/es\\\/products\\\/\"},{\"@type\":\"ListItem\",\"position\":3,\"name\":\"Reactores Agitados\",\"item\":\"https:\\\/\\\/www.parrinst.com\\\/es\\\/products\\\/stirred-reactors\\\/\"},{\"@type\":\"ListItem\",\"position\":4,\"name\":\"Accessorios\",\"item\":\"https:\\\/\\\/www.parrinst.com\\\/es\\\/products\\\/stirred-reactors\\\/options-accessories\\\/\"},{\"@type\":\"ListItem\",\"position\":5,\"name\":\"Cierres de Anillo Partido\"}]},{\"@type\":\"WebSite\",\"@id\":\"https:\\\/\\\/www.parrinst.com\\\/es\\\/#website\",\"url\":\"https:\\\/\\\/www.parrinst.com\\\/es\\\/\",\"name\":\"Parr Instrument (Espa\u00f1ol)\",\"description\":\"\",\"potentialAction\":[{\"@type\":\"SearchAction\",\"target\":{\"@type\":\"EntryPoint\",\"urlTemplate\":\"https:\\\/\\\/www.parrinst.com\\\/es\\\/?s={search_term_string}\"},\"query-input\":{\"@type\":\"PropertyValueSpecification\",\"valueRequired\":true,\"valueName\":\"search_term_string\"}}],\"inLanguage\":\"en-US\"}]}<\/script>\n<!-- \/ Yoast SEO plugin. -->","yoast_head_json":{"title":"Cierres de Anillo Partido - Parr Instrument (Espa\u00f1ol)","robots":{"index":"index","follow":"follow","max-snippet":"max-snippet:-1","max-image-preview":"max-image-preview:large","max-video-preview":"max-video-preview:-1"},"canonical":"https:\/\/www.parrinst.com\/es\/products\/stirred-reactors\/options-accessories\/split-ring-closures\/","og_locale":"en_US","og_type":"article","og_title":"Cierres de Anillo Partido - Parr Instrument (Espa\u00f1ol)","og_description":"F\u00e1cil acceso a recipientes a presi\u00f3n Los reactores y recipientes a presi\u00f3n Parr est\u00e1n equipados con una tapa de abrazadera de anillo partido \u00fanica que a\u00f1ade conveniencia al equipo y facilidad de manejo. Este es un dise\u00f1o exclusivo de Parr (anillo partido Patente de N\u00b0 2625296 EUA), que permite acceder f\u00e1cilmente a un recipiente a [&hellip;]","og_url":"https:\/\/www.parrinst.com\/es\/products\/stirred-reactors\/options-accessories\/split-ring-closures\/","og_site_name":"Parr Instrument (Espa\u00f1ol)","article_modified_time":"2023-11-15T16:43:50+00:00","og_image":[{"width":2200,"height":399,"url":"https:\/\/www.parrinst.com\/es\/files\/2017\/12\/parr_banner_stirred3_secondary.jpg","type":"image\/jpeg"}],"twitter_card":"summary_large_image","twitter_misc":{"Est. reading time":"3 minutes"},"schema":{"@context":"https:\/\/schema.org","@graph":[{"@type":"WebPage","@id":"https:\/\/www.parrinst.com\/es\/products\/stirred-reactors\/options-accessories\/split-ring-closures\/","url":"https:\/\/www.parrinst.com\/es\/products\/stirred-reactors\/options-accessories\/split-ring-closures\/","name":"Cierres de Anillo Partido - Parr Instrument (Espa\u00f1ol)","isPartOf":{"@id":"https:\/\/www.parrinst.com\/es\/#website"},"primaryImageOfPage":{"@id":"https:\/\/www.parrinst.com\/es\/products\/stirred-reactors\/options-accessories\/split-ring-closures\/#primaryimage"},"image":{"@id":"https:\/\/www.parrinst.com\/es\/products\/stirred-reactors\/options-accessories\/split-ring-closures\/#primaryimage"},"thumbnailUrl":"https:\/\/i0.wp.com\/www.parrinst.com\/es\/wp-content\/uploads\/sites\/7\/2017\/12\/parr_banner_stirred3_secondary.jpg?fit=2200%2C399&ssl=1","datePublished":"2011-06-25T02:41:13+00:00","dateModified":"2023-11-15T16:43:50+00:00","breadcrumb":{"@id":"https:\/\/www.parrinst.com\/es\/products\/stirred-reactors\/options-accessories\/split-ring-closures\/#breadcrumb"},"inLanguage":"en-US","potentialAction":[{"@type":"ReadAction","target":["https:\/\/www.parrinst.com\/es\/products\/stirred-reactors\/options-accessories\/split-ring-closures\/"]}]},{"@type":"ImageObject","inLanguage":"en-US","@id":"https:\/\/www.parrinst.com\/es\/products\/stirred-reactors\/options-accessories\/split-ring-closures\/#primaryimage","url":"https:\/\/i0.wp.com\/www.parrinst.com\/es\/wp-content\/uploads\/sites\/7\/2017\/12\/parr_banner_stirred3_secondary.jpg?fit=2200%2C399&ssl=1","contentUrl":"https:\/\/i0.wp.com\/www.parrinst.com\/es\/wp-content\/uploads\/sites\/7\/2017\/12\/parr_banner_stirred3_secondary.jpg?fit=2200%2C399&ssl=1","width":2200,"height":399},{"@type":"BreadcrumbList","@id":"https:\/\/www.parrinst.com\/es\/products\/stirred-reactors\/options-accessories\/split-ring-closures\/#breadcrumb","itemListElement":[{"@type":"ListItem","position":1,"name":"Home","item":"https:\/\/www.parrinst.com\/es\/"},{"@type":"ListItem","position":2,"name":"Products","item":"https:\/\/www.parrinst.com\/es\/products\/"},{"@type":"ListItem","position":3,"name":"Reactores Agitados","item":"https:\/\/www.parrinst.com\/es\/products\/stirred-reactors\/"},{"@type":"ListItem","position":4,"name":"Accessorios","item":"https:\/\/www.parrinst.com\/es\/products\/stirred-reactors\/options-accessories\/"},{"@type":"ListItem","position":5,"name":"Cierres de Anillo Partido"}]},{"@type":"WebSite","@id":"https:\/\/www.parrinst.com\/es\/#website","url":"https:\/\/www.parrinst.com\/es\/","name":"Parr Instrument (Espa\u00f1ol)","description":"","potentialAction":[{"@type":"SearchAction","target":{"@type":"EntryPoint","urlTemplate":"https:\/\/www.parrinst.com\/es\/?s={search_term_string}"},"query-input":{"@type":"PropertyValueSpecification","valueRequired":true,"valueName":"search_term_string"}}],"inLanguage":"en-US"}]}},"jetpack_sharing_enabled":true,"_links":{"self":[{"href":"https:\/\/www.parrinst.com\/es\/wp-json\/wp\/v2\/pages\/3443","targetHints":{"allow":["GET"]}}],"collection":[{"href":"https:\/\/www.parrinst.com\/es\/wp-json\/wp\/v2\/pages"}],"about":[{"href":"https:\/\/www.parrinst.com\/es\/wp-json\/wp\/v2\/types\/page"}],"author":[{"embeddable":true,"href":"https:\/\/www.parrinst.com\/es\/wp-json\/wp\/v2\/users\/1"}],"replies":[{"embeddable":true,"href":"https:\/\/www.parrinst.com\/es\/wp-json\/wp\/v2\/comments?post=3443"}],"version-history":[{"count":9,"href":"https:\/\/www.parrinst.com\/es\/wp-json\/wp\/v2\/pages\/3443\/revisions"}],"predecessor-version":[{"id":40864,"href":"https:\/\/www.parrinst.com\/es\/wp-json\/wp\/v2\/pages\/3443\/revisions\/40864"}],"up":[{"embeddable":true,"href":"https:\/\/www.parrinst.com\/es\/wp-json\/wp\/v2\/pages\/128"}],"wp:featuredmedia":[{"embeddable":true,"href":"https:\/\/www.parrinst.com\/es\/wp-json\/wp\/v2\/media\/36874"}],"wp:attachment":[{"href":"https:\/\/www.parrinst.com\/es\/wp-json\/wp\/v2\/media?parent=3443"}],"curies":[{"name":"wp","href":"https:\/\/api.w.org\/{rel}","templated":true}]}}