{"id":3449,"date":"2011-06-24T21:43:10","date_gmt":"2011-06-25T02:43:10","guid":{"rendered":"https:\/\/www.parrinst.com\/?page_id=3449"},"modified":"2021-06-07T14:33:53","modified_gmt":"2021-06-07T19:33:53","slug":"stirrer-motor-and-drives-3","status":"publish","type":"page","link":"https:\/\/www.parrinst.com\/es\/products\/stirred-reactors\/options-accessories\/stirrer-motor-and-drives-3\/","title":{"rendered":"Motores y Transmisiones del Agitador"},"content":{"rendered":"<figure id=\"attachment_4658\" aria-describedby=\"caption-attachment-4658\" style=\"width: 214px\" class=\"wp-caption alignright\"><a href=\"https:\/\/i0.wp.com\/www.parrinst.com\/es\/wp-content\/uploads\/sites\/7\/2011\/06\/4553_geared-drive.jpg?ssl=1\"><img data-recalc-dims=\"1\" loading=\"lazy\" decoding=\"async\" class=\"wp-image-4658 size-medium\" src=\"https:\/\/i0.wp.com\/www.parrinst.com\/es\/wp-content\/uploads\/sites\/7\/2011\/06\/4553_geared-drive.jpg?resize=214%2C300&#038;ssl=1\" alt=\"Parr Geared Drive mounted to a Model 4553 Stirred Reactor System\" width=\"214\" height=\"300\" srcset=\"https:\/\/i0.wp.com\/www.parrinst.com\/es\/wp-content\/uploads\/sites\/7\/2011\/06\/4553_geared-drive.jpg?resize=214%2C300&amp;ssl=1 214w, https:\/\/i0.wp.com\/www.parrinst.com\/es\/wp-content\/uploads\/sites\/7\/2011\/06\/4553_geared-drive.jpg?resize=107%2C150&amp;ssl=1 107w, https:\/\/i0.wp.com\/www.parrinst.com\/es\/wp-content\/uploads\/sites\/7\/2011\/06\/4553_geared-drive.jpg?w=600&amp;ssl=1 600w\" sizes=\"auto, (max-width: 214px) 100vw, 214px\" \/><\/a><figcaption id=\"caption-attachment-4658\" class=\"wp-caption-text\">Transmisi\u00f3n de Engranaje Parr montada en un Sistema de Reactor con Agitaci\u00f3n Modelo 4553<\/figcaption><\/figure>\n<h3>Torque vs. Velocidad de Agitaci\u00f3n<\/h3>\n<p>El motor de velocidad variable est\u00e1ndar, de tipo abierto, instalado en cada reactor Parr produce velocidades de agitaci\u00f3n de cero a 600 y 800 rpm con un torque adecuado para accionar los impulsores instalados en mezclas de viscosidad media. Motores de mayor potencia y agitadores especiales se pueden proporcionar para viscosidades m\u00e1s altas, y las poleas de transmisi\u00f3n se pueden cambiar para producir altas velocidades de agitaci\u00f3n, pero se deben considerar varias reglas b\u00e1sicas al cambiar cualquiera de estos componentes.<\/p>\n<p><strong>El torque m\u00e1s alto de un motor<\/strong> se obtiene a bajas velocidades de agitaci\u00f3n. Al aumentar la velocidad de agitaci\u00f3n se reduce el torque motor en proporci\u00f3n inversa a la velocidad. Para las operaci\u00f3nes que involucran mezclas de alta viscosidad, el tama\u00f1o del motor, el tipo de impulsor y la velocidad de agitaci\u00f3n deben coincidir para proporcionar un sistema de mezclado efectivo.<\/p>\n<p><strong>Como regla general,<\/strong> el acoplamiento magn\u00e9tico instalado en cada reactor Parr tiene un torque \u00fatil considerablemente m\u00e1s alto que el torque obtenido de los motores ofrecidos para usarse con esos aparatos. El objetivo es hacer que el motor sea el eslab\u00f3n d\u00e9bil para que el agitador magn\u00e9tico est\u00e9 protegido. Referencia a rangos de torque para transmisiones magn\u00e9ticas .<\/p>\n<h3>Motores a Prueba de Explosi\u00f3n<\/h3>\n<p>Los motores a prueba de explosi\u00f3n dise\u00f1ados para la Clase I, Grupos C y D y Clase II, Grupos F y G con control de velocidad variable pueden ser equipado para la mayor\u00eda\u00a0reactor Parr.<\/p>\n<h3>Motores Antideflagrantes &#8220;d&#8221;<\/h3>\n<p>Los motores Antideflagrantes de Corriente Alterna con certificaci\u00f3n ATEX dise\u00f1ados para usarse con gases del grupo IIC est\u00e1n disponibles para todos los reactores con agitaci\u00f3n de Parr. Estos motores con inversor est\u00e1n disponibles con unidades de frecuencia variable sencillas para el control de la velocidad de agitaci\u00f3n. Consulte a Parr para cualquier requisito de certificaci\u00f3n ATEX.<\/p>\n<h3>Motores Neum\u00e1ticos<\/h3>\n<p>Los motores impulsados por aire se pueden instalar en la mayor\u00eda de los reactores. La clasificaci\u00f3n de potencia, torque y velocidad disponible son dependientes de la presi\u00f3n y volumen disponible de la fuente de transmisi\u00f3n de aire. Los pares m\u00e1ximos son entregados a velocidades relativamente lentas y la potencia m\u00e1xima se entrega a alta velocidad.<\/p>\n<h3>Engranaje, Motores de Transmisi\u00f3n Directa<\/h3>\n<p>Un motor de transmisi\u00f3n directa de engranaje se puede instalar en la mayor\u00eda de los reactores de cabeza fija de soporte de piso. Esta es una soluci\u00f3n atractiva para el manejo de cargas pesadas con agitaci\u00f3n. Se puede usar cualquier motor de 1\/4 HP o m\u00e1s, de velocidad variable est\u00e1ndar o a prueba de explosi\u00f3n. Las transmisiones de cajas de cambios est\u00e1n disponibles con proporciones de 3:1, 5:1 y 10:1. La velocidad m\u00e1xima de 1800 rpm se reduce en una cantidad determinada por la relaci\u00f3n de reducci\u00f3n de la caja de cambios, y los valores de torque asociado de la tabla se incrementan en la misma proporci\u00f3n.<\/p>\n<table class=\"GeneralTable\" style=\"width: 635px;\">\n<tbody>\n<tr style=\"height: 24px;\">\n<td class=\"GeneralTable-DarkBlue\" style=\"width: 542px; height: 24px;\" colspan=\"9\"><\/td>\n<\/tr>\n<tr style=\"height: 24px;\">\n<td class=\"GeneralTable-DarkBlue\" style=\"width: 542px; height: 24px;\" colspan=\"9\">Motores de la Transmisi\u00f3n de Agitador<\/td>\n<\/tr>\n<tr style=\"height: 48.81px;\">\n<td style=\"width: 343px; height: 48.81px;\" colspan=\"5\"><\/td>\n<td style=\"width: 109px; height: 48.81px;\" colspan=\"2\"><em><strong>Polea Est\u00e1ndar<\/strong><\/em><\/td>\n<td style=\"width: 90px; height: 48.81px;\" colspan=\"2\"><em><strong>Polea Opcional<\/strong><\/em><\/td>\n<\/tr>\n<tr style=\"height: 96px;\">\n<td style=\"width: 101px; height: 96px;\"><strong>Designaci\u00f3n de Motor<\/strong><\/td>\n<td style=\"width: 51px; height: 96px;\"><strong>Clasif. HP<\/strong><\/td>\n<td style=\"width: 51.79px; height: 96px;\"><strong>Locaciones Peligrosas<\/strong><\/td>\n<td style=\"width: 69.2px; height: 96px;\"><strong>Vel. Variable<\/strong><\/td>\n<td style=\"width: 70px; height: 96px;\"><strong>Tipo<\/strong><\/td>\n<td style=\"width: 50px; height: 96px;\"><strong>Vel. Max, RPM*<\/strong><\/td>\n<td style=\"width: 59px; height: 96px;\"><strong>Torque Max, pulg-lb<\/strong><\/td>\n<td style=\"width: 48px; height: 96px;\"><strong>Vel. Max, RPM*<\/strong><\/td>\n<td style=\"width: 42px; height: 96px;\"><strong>Par Max, pulg-lb<\/strong><\/td>\n<\/tr>\n<tr class=\"GeneralTable-LightBlue\" style=\"height: 24px;\">\n<td style=\"width: 101px; height: 24px;\">-VS.12<\/td>\n<td style=\"width: 51px; height: 24px;\">1\/16 (0.05)<\/td>\n<td style=\"width: 51.79px; height: 24px;\">\u00a0No<\/td>\n<td style=\"width: 69.2px; height: 24px;\">S\u00ed<\/td>\n<td style=\"width: 70px; height: 24px;\">\u00a0PMDC<\/td>\n<td style=\"width: 50px; height: 24px;\">600<\/td>\n<td style=\"width: 59px; height: 24px;\">6.75<\/td>\n<td style=\"width: 48px; height: 24px;\">1700<\/td>\n<td style=\"width: 42px; height: 24px;\">2.25<\/td>\n<\/tr>\n<tr style=\"height: 24px;\">\n<td style=\"width: 101px; height: 24px;\">-VS.25<\/td>\n<td style=\"width: 51px; height: 24px;\">1\/4 (0.18)<\/td>\n<td style=\"width: 51.79px; height: 24px;\">\u00a0No<\/td>\n<td style=\"width: 69.2px; height: 24px;\">S\u00ed<\/td>\n<td style=\"width: 70px; height: 24px;\">\u00a0\u00a0PMDC<\/td>\n<td style=\"width: 50px; height: 24px;\">600<\/td>\n<td style=\"width: 59px; height: 24px;\">27<\/td>\n<td style=\"width: 48px; height: 24px;\">\u00a01700<\/td>\n<td style=\"width: 42px; height: 24px;\">9<\/td>\n<\/tr>\n<tr class=\"GeneralTable-LightBlue\" style=\"height: 24px;\">\n<td style=\"width: 101px; height: 24px;\">-XP.25<\/td>\n<td style=\"width: 51px; height: 24px;\">1\/4 (0.18)<\/td>\n<td style=\"width: 51.79px; height: 24px;\">Clase I, Div. 1&amp;2 Grupos C&amp;D, E&amp;F<\/td>\n<td style=\"width: 69.2px; height: 24px;\">S\u00ed<\/td>\n<td style=\"width: 70px; height: 24px;\">\u00a0\u00a0PMDC<\/td>\n<td style=\"width: 50px; height: 24px;\">600<\/td>\n<td style=\"width: 59px; height: 24px;\">27<\/td>\n<td style=\"width: 48px; height: 24px;\">\u00a01700<\/td>\n<td style=\"width: 42px; height: 24px;\">9<\/td>\n<\/tr>\n<tr style=\"height: 24px;\">\n<td style=\"width: 101px; height: 24px;\">-XP.25X<\/td>\n<td style=\"width: 51px; height: 24px;\">1\/4(0.18)<\/td>\n<td style=\"width: 51.79px; height: 24px;\">Ex 2G de IIIC T4<\/td>\n<td style=\"width: 69.2px; height: 24px;\">S\u00ed<\/td>\n<td style=\"width: 70px; height: 24px;\">\u00a0Con Inversor,Par Constante AC<\/td>\n<td style=\"width: 50px; height: 24px;\">450<\/td>\n<td style=\"width: 59px; height: 24px;\">33<\/td>\n<td style=\"width: 48px; height: 24px;\">1350<\/td>\n<td style=\"width: 42px; height: 24px;\">11<\/td>\n<\/tr>\n<tr class=\"GeneralTable-LightBlue\" style=\"height: 24px;\">\n<td style=\"width: 101px; height: 24px;\">-AM.25*<\/td>\n<td style=\"width: 51px; height: 24px;\">1\/4 (0.18)**<\/td>\n<td style=\"width: 51.79px; height: 24px;\">Ex II 2 GD c T4<\/td>\n<td style=\"width: 69.2px; height: 24px;\">S\u00ed<\/td>\n<td style=\"width: 70px; height: 24px;\">\u00a0Aire<\/td>\n<td style=\"width: 50px; height: 24px;\">1000**<\/td>\n<td style=\"width: 59px; height: 24px;\">30<\/td>\n<td style=\"width: 48px; height: 24px;\">\u2014<\/td>\n<td style=\"width: 42px; height: 24px;\">\u2014<\/td>\n<\/tr>\n<tr style=\"height: 24px;\">\n<td style=\"width: 101px; height: 25px;\">-VS.50<\/td>\n<td style=\"width: 51px; height: 25px;\">1\/2 (0.37)<\/td>\n<td style=\"width: 51.79px; height: 25px;\">\u00a0No<\/td>\n<td style=\"width: 69.2px; height: 25px;\">S\u00ed<\/td>\n<td style=\"width: 70px; height: 25px;\">\u00a0\u00a0PMDC<\/td>\n<td style=\"width: 50px; height: 25px;\">600<\/td>\n<td style=\"width: 59px; height: 25px;\">54<\/td>\n<td style=\"width: 48px; height: 25px;\">1700<\/td>\n<td style=\"width: 42px; height: 25px;\">18<\/td>\n<\/tr>\n<tr class=\"GeneralTable-LightBlue\" style=\"height: 24px;\">\n<td style=\"width: 101px; height: 24px;\">-XP.50<\/td>\n<td style=\"width: 51px; height: 24px;\">1\/2 (0.37)<\/td>\n<td style=\"width: 51.79px; height: 24px;\">Clase I, Div. 1&amp;2 Grupos C&amp;D, E&amp;F<\/td>\n<td style=\"width: 69.2px; height: 24px;\">S\u00ed<\/td>\n<td style=\"width: 70px; height: 24px;\">\u00a0\u00a0PMDC<\/td>\n<td style=\"width: 50px; height: 24px;\">600<\/td>\n<td style=\"width: 59px; height: 24px;\">54<\/td>\n<td style=\"width: 48px; height: 24px;\">1700<\/td>\n<td style=\"width: 42px; height: 24px;\">18<\/td>\n<\/tr>\n<tr style=\"height: 24px;\">\n<td style=\"width: 101px; height: 24px;\">-XP.50X<\/td>\n<td style=\"width: 51px; height: 24px;\">1\/2 (0.37)<\/td>\n<td style=\"width: 51.79px; height: 24px;\">Ex 2G de IIIC T4<\/td>\n<td style=\"width: 69.2px; height: 24px;\">S\u00ed<\/td>\n<td style=\"width: 70px; height: 24px;\">\u00a0Con Inversor,Par Constante AC<\/td>\n<td style=\"width: 50px; height: 24px;\">450<\/td>\n<td style=\"width: 59px; height: 24px;\">66<\/td>\n<td style=\"width: 48px; height: 24px;\">1350<\/td>\n<td style=\"width: 42px; height: 24px;\">22<\/td>\n<\/tr>\n<tr class=\"GeneralTable-LightBlue\" style=\"height: 24px;\">\n<td style=\"width: 101px; height: 24px;\">-AM.50*<\/td>\n<td style=\"width: 51px; height: 24px;\">1\/2 (0.37)<\/td>\n<td style=\"width: 51.79px; height: 24px;\">Ex II 2 GD c T4<\/td>\n<td style=\"width: 69.2px; height: 24px;\">S\u00ed<\/td>\n<td style=\"width: 70px; height: 24px;\">\u00a0Aire<\/td>\n<td style=\"width: 50px; height: 24px;\">1000**<\/td>\n<td style=\"width: 59px; height: 24px;\">66**<\/td>\n<td style=\"width: 48px; height: 24px;\">\u2014<\/td>\n<td style=\"width: 42px; height: 24px;\">\u2014<\/td>\n<\/tr>\n<tr style=\"height: 24px;\">\n<td style=\"width: 101px; height: 24px;\">-VS.75<\/td>\n<td style=\"width: 51px; height: 24px;\">3\/4 (0.55)<\/td>\n<td style=\"width: 51.79px; height: 24px;\">\u00a0No<\/td>\n<td style=\"width: 69.2px; height: 24px;\">S\u00ed<\/td>\n<td style=\"width: 70px; height: 24px;\">\u00a0\u00a0PMDC<\/td>\n<td style=\"width: 50px; height: 24px;\">600<\/td>\n<td style=\"width: 59px; height: 24px;\">81<\/td>\n<td style=\"width: 48px; height: 24px;\">1700<\/td>\n<td style=\"width: 42px; height: 24px;\">27<\/td>\n<\/tr>\n<tr class=\"GeneralTable-LightBlue\" style=\"height: 24px;\">\n<td style=\"width: 101px; height: 24px;\">-XP.75<\/td>\n<td style=\"width: 51px; height: 24px;\">3\/4 (0.55)<\/td>\n<td style=\"width: 51.79px; height: 24px;\">\u00a0Clase I, Div. 1&amp;2 Grupos C&amp;D, E&amp;F<\/td>\n<td style=\"width: 69.2px; height: 24px;\">S\u00ed<\/td>\n<td style=\"width: 70px; height: 24px;\">\u00a0S\u00ed<\/td>\n<td style=\"width: 50px; height: 24px;\">600<\/td>\n<td style=\"width: 59px; height: 24px;\">81<\/td>\n<td style=\"width: 48px; height: 24px;\">1700<\/td>\n<td style=\"width: 42px; height: 24px;\">27<\/td>\n<\/tr>\n<tr style=\"height: 144px;\">\n<td style=\"width: 542px; height: 144px;\" colspan=\"9\"><em>Los valores representados son nominales.<\/em><em><br \/>\n<\/em><em>*Los valores de velocidad m\u00e1xima sobre la base de &#8220;sin carga&#8221;<br \/>\n**HP, RPM, y los valores de torque para los motores neum\u00e1ticos se basan en un suministro 40psi con capacidad de 34cfm para el AM.50 y 10cfm para el AM.25.<\/em><\/td>\n<\/tr>\n<\/tbody>\n<\/table>\n<p>&nbsp;<\/p>\n<table class=\"GeneralTable\">\n<tbody>\n<tr>\n<td class=\"GeneralTable-DarkBlue\" colspan=\"7\">Torques de Caja de Cambios<\/td>\n<\/tr>\n<tr>\n<td><\/td>\n<td colspan=\"2\"><em><strong>3:1 Caja de Cambios<\/strong><\/em><\/td>\n<td colspan=\"2\"><em><strong>5:1 Caja de Cambios<\/strong><\/em><\/td>\n<td colspan=\"2\"><em><strong>10:1 Caja de Cambios<\/strong><\/em><\/td>\n<\/tr>\n<tr class=\"GeneralTable-LightBlue\">\n<td><strong>Clasif. HP del Motor<\/strong><\/td>\n<td><strong>Vel. Max. RPM<\/strong><\/td>\n<td><strong>Torque Max. pulg-lb<\/strong><\/td>\n<td><strong>Vel. Max. RPM<\/strong><\/td>\n<td><strong>Torque Max. pulg-lb<\/strong><\/td>\n<td><strong>Vel. Max. RPM<\/strong><\/td>\n<td><strong>Torque Max. pulg-lb<\/strong><\/td>\n<\/tr>\n<tr>\n<td>1\/4<\/td>\n<td>600<\/td>\n<td>27<\/td>\n<td>360<\/td>\n<td>45<\/td>\n<td>180<\/td>\n<td>90<\/td>\n<\/tr>\n<tr class=\"GeneralTable-LightBlue\">\n<td>1\/2<\/td>\n<td>600<\/td>\n<td>54<\/td>\n<td>360<\/td>\n<td>90<\/td>\n<td>180<\/td>\n<td>180<\/td>\n<\/tr>\n<tr>\n<td>3\/4<\/td>\n<td>600<\/td>\n<td>81<\/td>\n<td>360<\/td>\n<td>135<\/td>\n<td colspan=\"2\">No Recomendado<\/td>\n<\/tr>\n<tr>\n<td colspan=\"7\"><em>Contact0 Parr\u00a0para Caja de Cambios ATEX.<br \/>\n<\/em><\/td>\n<\/tr>\n<\/tbody>\n<\/table>\n<p>&nbsp;<\/p>\n<table class=\"GeneralTable\">\n<tbody>\n<tr>\n<td class=\"GeneralTable-DarkBlue\" colspan=\"2\">Transmisi\u00f3n Magn\u00e9tica<\/td>\n<\/tr>\n<tr>\n<td><strong>Descripci\u00f3n<\/strong><\/td>\n<td><strong>Torque Max., pulg-lb<\/strong><\/td>\n<\/tr>\n<tr class=\"GeneralTable-LightBlue\">\n<td>Uso General<\/td>\n<td>16<\/td>\n<\/tr>\n<tr>\n<td>Sin pie, de Uso General<\/td>\n<td>16<\/td>\n<\/tr>\n<tr class=\"GeneralTable-LightBlue\">\n<td>Trabajo Pesado<\/td>\n<td>60<\/td>\n<\/tr>\n<tr>\n<td>Sin pie, de Trabajo Pesado<\/td>\n<td>60<\/td>\n<\/tr>\n<tr class=\"GeneralTable-LightBlue\">\n<td>Extra Trabajo Pesado<\/td>\n<td>120<\/td>\n<\/tr>\n<tr>\n<td>Sin pie Extra Trabajo Pesado<\/td>\n<td>120<\/td>\n<\/tr>\n<\/tbody>\n<\/table>\n<p>&nbsp;<\/p>\n","protected":false},"excerpt":{"rendered":"<p>Torque vs. Velocidad de Agitaci\u00f3n El motor de velocidad variable est\u00e1ndar, de tipo abierto, instalado en cada reactor Parr produce velocidades de agitaci\u00f3n de cero a 600 y 800 rpm con un torque adecuado para accionar los impulsores instalados en mezclas de viscosidad media. Motores de mayor potencia y agitadores especiales se pueden proporcionar para [&hellip;]<\/p>\n","protected":false},"author":2,"featured_media":36874,"parent":128,"menu_order":30,"comment_status":"closed","ping_status":"closed","template":"product-wide.php","meta":{"_acf_changed":false,"footnotes":"","_links_to":"","_links_to_target":""},"class_list":["post-3449","page","type-page","status-publish","has-post-thumbnail","hentry"],"acf":[],"yoast_head":"<!-- This site is optimized with the Yoast SEO plugin v27.5 - https:\/\/yoast.com\/product\/yoast-seo-wordpress\/ -->\n<title>Motores y Transmisiones del Agitador - Parr Instrument (Espa\u00f1ol)<\/title>\n<meta name=\"robots\" content=\"index, follow, max-snippet:-1, max-image-preview:large, max-video-preview:-1\" \/>\n<link rel=\"canonical\" href=\"https:\/\/www.parrinst.com\/es\/products\/stirred-reactors\/options-accessories\/stirrer-motor-and-drives-3\/\" \/>\n<meta property=\"og:locale\" content=\"en_US\" \/>\n<meta property=\"og:type\" content=\"article\" \/>\n<meta property=\"og:title\" content=\"Motores y Transmisiones del Agitador - Parr Instrument (Espa\u00f1ol)\" \/>\n<meta property=\"og:description\" content=\"Torque vs. Velocidad de Agitaci\u00f3n El motor de velocidad variable est\u00e1ndar, de tipo abierto, instalado en cada reactor Parr produce velocidades de agitaci\u00f3n de cero a 600 y 800 rpm con un torque adecuado para accionar los impulsores instalados en mezclas de viscosidad media. Motores de mayor potencia y agitadores especiales se pueden proporcionar para [&hellip;]\" \/>\n<meta property=\"og:url\" content=\"https:\/\/www.parrinst.com\/es\/products\/stirred-reactors\/options-accessories\/stirrer-motor-and-drives-3\/\" \/>\n<meta property=\"og:site_name\" content=\"Parr Instrument (Espa\u00f1ol)\" \/>\n<meta property=\"article:modified_time\" content=\"2021-06-07T19:33:53+00:00\" \/>\n<meta property=\"og:image\" content=\"https:\/\/www.parrinst.com\/es\/files\/2017\/12\/parr_banner_stirred3_secondary.jpg\" \/>\n\t<meta property=\"og:image:width\" content=\"2200\" \/>\n\t<meta property=\"og:image:height\" content=\"399\" \/>\n\t<meta property=\"og:image:type\" content=\"image\/jpeg\" \/>\n<meta name=\"twitter:card\" content=\"summary_large_image\" \/>\n<meta name=\"twitter:label1\" content=\"Est. reading time\" \/>\n\t<meta name=\"twitter:data1\" content=\"4 minutes\" \/>\n<script type=\"application\/ld+json\" class=\"yoast-schema-graph\">{\"@context\":\"https:\\\/\\\/schema.org\",\"@graph\":[{\"@type\":\"WebPage\",\"@id\":\"https:\\\/\\\/www.parrinst.com\\\/es\\\/products\\\/stirred-reactors\\\/options-accessories\\\/stirrer-motor-and-drives-3\\\/\",\"url\":\"https:\\\/\\\/www.parrinst.com\\\/es\\\/products\\\/stirred-reactors\\\/options-accessories\\\/stirrer-motor-and-drives-3\\\/\",\"name\":\"Motores y Transmisiones del Agitador - Parr Instrument (Espa\u00f1ol)\",\"isPartOf\":{\"@id\":\"https:\\\/\\\/www.parrinst.com\\\/es\\\/#website\"},\"primaryImageOfPage\":{\"@id\":\"https:\\\/\\\/www.parrinst.com\\\/es\\\/products\\\/stirred-reactors\\\/options-accessories\\\/stirrer-motor-and-drives-3\\\/#primaryimage\"},\"image\":{\"@id\":\"https:\\\/\\\/www.parrinst.com\\\/es\\\/products\\\/stirred-reactors\\\/options-accessories\\\/stirrer-motor-and-drives-3\\\/#primaryimage\"},\"thumbnailUrl\":\"https:\\\/\\\/i0.wp.com\\\/www.parrinst.com\\\/es\\\/wp-content\\\/uploads\\\/sites\\\/7\\\/2017\\\/12\\\/parr_banner_stirred3_secondary.jpg?fit=2200%2C399&ssl=1\",\"datePublished\":\"2011-06-25T02:43:10+00:00\",\"dateModified\":\"2021-06-07T19:33:53+00:00\",\"breadcrumb\":{\"@id\":\"https:\\\/\\\/www.parrinst.com\\\/es\\\/products\\\/stirred-reactors\\\/options-accessories\\\/stirrer-motor-and-drives-3\\\/#breadcrumb\"},\"inLanguage\":\"en-US\",\"potentialAction\":[{\"@type\":\"ReadAction\",\"target\":[\"https:\\\/\\\/www.parrinst.com\\\/es\\\/products\\\/stirred-reactors\\\/options-accessories\\\/stirrer-motor-and-drives-3\\\/\"]}]},{\"@type\":\"ImageObject\",\"inLanguage\":\"en-US\",\"@id\":\"https:\\\/\\\/www.parrinst.com\\\/es\\\/products\\\/stirred-reactors\\\/options-accessories\\\/stirrer-motor-and-drives-3\\\/#primaryimage\",\"url\":\"https:\\\/\\\/i0.wp.com\\\/www.parrinst.com\\\/es\\\/wp-content\\\/uploads\\\/sites\\\/7\\\/2017\\\/12\\\/parr_banner_stirred3_secondary.jpg?fit=2200%2C399&ssl=1\",\"contentUrl\":\"https:\\\/\\\/i0.wp.com\\\/www.parrinst.com\\\/es\\\/wp-content\\\/uploads\\\/sites\\\/7\\\/2017\\\/12\\\/parr_banner_stirred3_secondary.jpg?fit=2200%2C399&ssl=1\",\"width\":2200,\"height\":399},{\"@type\":\"BreadcrumbList\",\"@id\":\"https:\\\/\\\/www.parrinst.com\\\/es\\\/products\\\/stirred-reactors\\\/options-accessories\\\/stirrer-motor-and-drives-3\\\/#breadcrumb\",\"itemListElement\":[{\"@type\":\"ListItem\",\"position\":1,\"name\":\"Home\",\"item\":\"https:\\\/\\\/www.parrinst.com\\\/es\\\/\"},{\"@type\":\"ListItem\",\"position\":2,\"name\":\"Products\",\"item\":\"https:\\\/\\\/www.parrinst.com\\\/es\\\/products\\\/\"},{\"@type\":\"ListItem\",\"position\":3,\"name\":\"Reactores Agitados\",\"item\":\"https:\\\/\\\/www.parrinst.com\\\/es\\\/products\\\/stirred-reactors\\\/\"},{\"@type\":\"ListItem\",\"position\":4,\"name\":\"Accessorios\",\"item\":\"https:\\\/\\\/www.parrinst.com\\\/es\\\/products\\\/stirred-reactors\\\/options-accessories\\\/\"},{\"@type\":\"ListItem\",\"position\":5,\"name\":\"Motores y Transmisiones del Agitador\"}]},{\"@type\":\"WebSite\",\"@id\":\"https:\\\/\\\/www.parrinst.com\\\/es\\\/#website\",\"url\":\"https:\\\/\\\/www.parrinst.com\\\/es\\\/\",\"name\":\"Parr Instrument (Espa\u00f1ol)\",\"description\":\"\",\"potentialAction\":[{\"@type\":\"SearchAction\",\"target\":{\"@type\":\"EntryPoint\",\"urlTemplate\":\"https:\\\/\\\/www.parrinst.com\\\/es\\\/?s={search_term_string}\"},\"query-input\":{\"@type\":\"PropertyValueSpecification\",\"valueRequired\":true,\"valueName\":\"search_term_string\"}}],\"inLanguage\":\"en-US\"}]}<\/script>\n<!-- \/ Yoast SEO plugin. -->","yoast_head_json":{"title":"Motores y Transmisiones del Agitador - Parr Instrument (Espa\u00f1ol)","robots":{"index":"index","follow":"follow","max-snippet":"max-snippet:-1","max-image-preview":"max-image-preview:large","max-video-preview":"max-video-preview:-1"},"canonical":"https:\/\/www.parrinst.com\/es\/products\/stirred-reactors\/options-accessories\/stirrer-motor-and-drives-3\/","og_locale":"en_US","og_type":"article","og_title":"Motores y Transmisiones del Agitador - Parr Instrument (Espa\u00f1ol)","og_description":"Torque vs. Velocidad de Agitaci\u00f3n El motor de velocidad variable est\u00e1ndar, de tipo abierto, instalado en cada reactor Parr produce velocidades de agitaci\u00f3n de cero a 600 y 800 rpm con un torque adecuado para accionar los impulsores instalados en mezclas de viscosidad media. Motores de mayor potencia y agitadores especiales se pueden proporcionar para [&hellip;]","og_url":"https:\/\/www.parrinst.com\/es\/products\/stirred-reactors\/options-accessories\/stirrer-motor-and-drives-3\/","og_site_name":"Parr Instrument (Espa\u00f1ol)","article_modified_time":"2021-06-07T19:33:53+00:00","og_image":[{"width":2200,"height":399,"url":"https:\/\/www.parrinst.com\/es\/files\/2017\/12\/parr_banner_stirred3_secondary.jpg","type":"image\/jpeg"}],"twitter_card":"summary_large_image","twitter_misc":{"Est. reading time":"4 minutes"},"schema":{"@context":"https:\/\/schema.org","@graph":[{"@type":"WebPage","@id":"https:\/\/www.parrinst.com\/es\/products\/stirred-reactors\/options-accessories\/stirrer-motor-and-drives-3\/","url":"https:\/\/www.parrinst.com\/es\/products\/stirred-reactors\/options-accessories\/stirrer-motor-and-drives-3\/","name":"Motores y Transmisiones del Agitador - Parr Instrument (Espa\u00f1ol)","isPartOf":{"@id":"https:\/\/www.parrinst.com\/es\/#website"},"primaryImageOfPage":{"@id":"https:\/\/www.parrinst.com\/es\/products\/stirred-reactors\/options-accessories\/stirrer-motor-and-drives-3\/#primaryimage"},"image":{"@id":"https:\/\/www.parrinst.com\/es\/products\/stirred-reactors\/options-accessories\/stirrer-motor-and-drives-3\/#primaryimage"},"thumbnailUrl":"https:\/\/i0.wp.com\/www.parrinst.com\/es\/wp-content\/uploads\/sites\/7\/2017\/12\/parr_banner_stirred3_secondary.jpg?fit=2200%2C399&ssl=1","datePublished":"2011-06-25T02:43:10+00:00","dateModified":"2021-06-07T19:33:53+00:00","breadcrumb":{"@id":"https:\/\/www.parrinst.com\/es\/products\/stirred-reactors\/options-accessories\/stirrer-motor-and-drives-3\/#breadcrumb"},"inLanguage":"en-US","potentialAction":[{"@type":"ReadAction","target":["https:\/\/www.parrinst.com\/es\/products\/stirred-reactors\/options-accessories\/stirrer-motor-and-drives-3\/"]}]},{"@type":"ImageObject","inLanguage":"en-US","@id":"https:\/\/www.parrinst.com\/es\/products\/stirred-reactors\/options-accessories\/stirrer-motor-and-drives-3\/#primaryimage","url":"https:\/\/i0.wp.com\/www.parrinst.com\/es\/wp-content\/uploads\/sites\/7\/2017\/12\/parr_banner_stirred3_secondary.jpg?fit=2200%2C399&ssl=1","contentUrl":"https:\/\/i0.wp.com\/www.parrinst.com\/es\/wp-content\/uploads\/sites\/7\/2017\/12\/parr_banner_stirred3_secondary.jpg?fit=2200%2C399&ssl=1","width":2200,"height":399},{"@type":"BreadcrumbList","@id":"https:\/\/www.parrinst.com\/es\/products\/stirred-reactors\/options-accessories\/stirrer-motor-and-drives-3\/#breadcrumb","itemListElement":[{"@type":"ListItem","position":1,"name":"Home","item":"https:\/\/www.parrinst.com\/es\/"},{"@type":"ListItem","position":2,"name":"Products","item":"https:\/\/www.parrinst.com\/es\/products\/"},{"@type":"ListItem","position":3,"name":"Reactores Agitados","item":"https:\/\/www.parrinst.com\/es\/products\/stirred-reactors\/"},{"@type":"ListItem","position":4,"name":"Accessorios","item":"https:\/\/www.parrinst.com\/es\/products\/stirred-reactors\/options-accessories\/"},{"@type":"ListItem","position":5,"name":"Motores y Transmisiones del Agitador"}]},{"@type":"WebSite","@id":"https:\/\/www.parrinst.com\/es\/#website","url":"https:\/\/www.parrinst.com\/es\/","name":"Parr Instrument (Espa\u00f1ol)","description":"","potentialAction":[{"@type":"SearchAction","target":{"@type":"EntryPoint","urlTemplate":"https:\/\/www.parrinst.com\/es\/?s={search_term_string}"},"query-input":{"@type":"PropertyValueSpecification","valueRequired":true,"valueName":"search_term_string"}}],"inLanguage":"en-US"}]}},"jetpack_sharing_enabled":true,"_links":{"self":[{"href":"https:\/\/www.parrinst.com\/es\/wp-json\/wp\/v2\/pages\/3449","targetHints":{"allow":["GET"]}}],"collection":[{"href":"https:\/\/www.parrinst.com\/es\/wp-json\/wp\/v2\/pages"}],"about":[{"href":"https:\/\/www.parrinst.com\/es\/wp-json\/wp\/v2\/types\/page"}],"author":[{"embeddable":true,"href":"https:\/\/www.parrinst.com\/es\/wp-json\/wp\/v2\/users\/2"}],"replies":[{"embeddable":true,"href":"https:\/\/www.parrinst.com\/es\/wp-json\/wp\/v2\/comments?post=3449"}],"version-history":[{"count":4,"href":"https:\/\/www.parrinst.com\/es\/wp-json\/wp\/v2\/pages\/3449\/revisions"}],"predecessor-version":[{"id":40163,"href":"https:\/\/www.parrinst.com\/es\/wp-json\/wp\/v2\/pages\/3449\/revisions\/40163"}],"up":[{"embeddable":true,"href":"https:\/\/www.parrinst.com\/es\/wp-json\/wp\/v2\/pages\/128"}],"wp:featuredmedia":[{"embeddable":true,"href":"https:\/\/www.parrinst.com\/es\/wp-json\/wp\/v2\/media\/36874"}],"wp:attachment":[{"href":"https:\/\/www.parrinst.com\/es\/wp-json\/wp\/v2\/media?parent=3449"}],"curies":[{"name":"wp","href":"https:\/\/api.w.org\/{rel}","templated":true}]}}