{"id":3455,"date":"2011-06-24T21:47:56","date_gmt":"2011-06-25T02:47:56","guid":{"rendered":"https:\/\/www.parrinst.com\/?page_id=3455"},"modified":"2016-08-03T15:34:38","modified_gmt":"2016-08-03T20:34:38","slug":"thermocouples","status":"publish","type":"page","link":"https:\/\/www.parrinst.com\/es\/products\/stirred-reactors\/options-accessories\/thermocouples\/","title":{"rendered":"Termopares"},"content":{"rendered":"<p><strong>Parr ofrece una gran variedad de termopares para usarse en estos reactores y recipientes a presi\u00f3n.<\/strong> El<\/p>\n<p>termopar est\u00e1ndar es un tipo J (hierro-constantan) que es compatible con el rango de operaci\u00f3n de estos recipientes.<\/p>\n<p>Los termopares est\u00e1n equipados con una vaina sellada de acero inoxidable de 1\/8&#8243; di\u00e1metro externo e incluyen una conexi\u00f3n de enchufe est\u00e1ndar en el extremo de la sonda. Nuestros termopares est\u00e1ndar se fabrican conforme a la norma ASTM E230.<\/p>\n<p>&nbsp;<\/p>\n<p>Termopares de materiales de alternativos como aleaciones C276 y 600 est\u00e1n disponibles. Los elementos de resistencia de platino (RTD de 3 cables) est\u00e1n disponibles bajo pedido, as\u00ed como termopares de punto m\u00faltiple.<\/p>\n<p>&nbsp;<\/p>\n<p>Por lo general, en los recipientes de volumen peque\u00f1o, la sonda del termopar se instala directamente en el recipiente con un accesorio de compresi\u00f3n y en los m\u00e1s grandes, la sonda se descansa dentro de un termopozo. La disposici\u00f3n del termopozo protege al termopar de da\u00f1o f\u00edsico. Tambi\u00e9n proporcionamos termopozos en recipientes fabricados en materiales distintos al acero inoxidable por lo que el termopozo ser\u00eda la aleaci\u00f3n alternativa y la sonda del termopar podr\u00eda ser de acero inoxidable.<\/p>\n<p>Adem\u00e1s, los recipientes de volumen peque\u00f1o est\u00e1n equipados con termopares de elemento dual con dos termopares separados en una sola vaina para su uso con accesorios medidores de temperatura. Tambi\u00e9n ofrecemos termopares cargados con un resorte, dise\u00f1ados para ser instalados a trav\u00e9s de la pared del\u00a0calentador a la pared exterior del recipiente a presi\u00f3n.<\/p>\n<p>Se entrega un cable de extensi\u00f3n para conectar el termopar al dispositivo de control. La longitud est\u00e1ndar es de 5\u2018 si va a montar el control lejos del reactor est\u00e1n disponibles longitudes m\u00e1s largas.<\/p>\n<table class=\"GeneralTable\">\n<tbody>\n<tr>\n<td class=\"GeneralTable-DarkBlue\" colspan=\"3\">Termopares Tipo J de 1\/8&#8243; de Di\u00e1metro<\/td>\n<\/tr>\n<tr>\n<td><strong>N\u00famero de Parte<\/strong><\/td>\n<td><strong>Longitud de Varilla, pulg<\/strong><\/td>\n<td><strong>Material de la Vaina<\/strong><\/td>\n<\/tr>\n<tr class=\"GeneralTable-LightBlue\">\n<td>A472E<\/td>\n<td>7.5<\/td>\n<td>Acero Inoxidable T316<\/td>\n<\/tr>\n<tr>\n<td>A472E2<\/td>\n<td>9.5<\/td>\n<td>Acero Inoxidable T316<\/td>\n<\/tr>\n<tr class=\"GeneralTable-LightBlue\">\n<td>A472E3<\/td>\n<td>11.5<\/td>\n<td>Acero Inoxidable T316<\/td>\n<\/tr>\n<tr>\n<td>A472E6<\/td>\n<td>15.5<\/td>\n<td>Acero Inoxidable T316<\/td>\n<\/tr>\n<tr class=\"GeneralTable-LightBlue\">\n<td>A472E5<\/td>\n<td>21.5<\/td>\n<td>Acero Inoxidable T316<\/td>\n<\/tr>\n<tr>\n<td>A472E4<\/td>\n<td>5.5<\/td>\n<td>Acero Inoxidable T316<\/td>\n<\/tr>\n<tr class=\"GeneralTable-LightBlue\">\n<td>A472E8<\/td>\n<td>2.5<\/td>\n<td>Acero Inoxidable T316<\/td>\n<\/tr>\n<tr>\n<td colspan=\"3\"><em>La mayor\u00eda de los termopares mencionados anteriormente tambi\u00e9n est\u00e1n disponibles como Tipo K (Chromel-Alumel) or Tipo T (Cobre-Constantan). .<\/em><\/td>\n<\/tr>\n<\/tbody>\n<\/table>\n<p>&nbsp;<\/p>\n","protected":false},"excerpt":{"rendered":"<p>Parr ofrece una gran variedad de termopares para usarse en estos reactores y recipientes a presi\u00f3n. El termopar est\u00e1ndar es un tipo J (hierro-constantan) que es compatible con el rango de operaci\u00f3n de estos recipientes. Los termopares est\u00e1n equipados con una vaina sellada de acero inoxidable de 1\/8&#8243; di\u00e1metro externo e incluyen una conexi\u00f3n de [&hellip;]<\/p>\n","protected":false},"author":1,"featured_media":36874,"parent":128,"menu_order":34,"comment_status":"closed","ping_status":"closed","template":"product-wide.php","meta":{"_acf_changed":false,"footnotes":"","_links_to":"","_links_to_target":""},"class_list":["post-3455","page","type-page","status-publish","has-post-thumbnail","hentry"],"acf":[],"yoast_head":"<!-- This site is optimized with the Yoast SEO plugin v27.5 - https:\/\/yoast.com\/product\/yoast-seo-wordpress\/ -->\n<title>Termopares - Parr Instrument (Espa\u00f1ol)<\/title>\n<meta name=\"robots\" content=\"index, follow, max-snippet:-1, max-image-preview:large, max-video-preview:-1\" \/>\n<link rel=\"canonical\" href=\"https:\/\/www.parrinst.com\/es\/products\/stirred-reactors\/options-accessories\/thermocouples\/\" \/>\n<meta property=\"og:locale\" content=\"en_US\" \/>\n<meta property=\"og:type\" content=\"article\" \/>\n<meta property=\"og:title\" content=\"Termopares - Parr Instrument (Espa\u00f1ol)\" \/>\n<meta property=\"og:description\" content=\"Parr ofrece una gran variedad de termopares para usarse en estos reactores y recipientes a presi\u00f3n. El termopar est\u00e1ndar es un tipo J (hierro-constantan) que es compatible con el rango de operaci\u00f3n de estos recipientes. Los termopares est\u00e1n equipados con una vaina sellada de acero inoxidable de 1\/8&#8243; di\u00e1metro externo e incluyen una conexi\u00f3n de [&hellip;]\" \/>\n<meta property=\"og:url\" content=\"https:\/\/www.parrinst.com\/es\/products\/stirred-reactors\/options-accessories\/thermocouples\/\" \/>\n<meta property=\"og:site_name\" content=\"Parr Instrument (Espa\u00f1ol)\" \/>\n<meta property=\"article:modified_time\" content=\"2016-08-03T20:34:38+00:00\" \/>\n<meta property=\"og:image\" content=\"https:\/\/www.parrinst.com\/es\/files\/2017\/12\/parr_banner_stirred3_secondary.jpg\" \/>\n\t<meta property=\"og:image:width\" content=\"2200\" \/>\n\t<meta property=\"og:image:height\" content=\"399\" \/>\n\t<meta property=\"og:image:type\" content=\"image\/jpeg\" \/>\n<meta name=\"twitter:card\" content=\"summary_large_image\" \/>\n<meta name=\"twitter:label1\" content=\"Est. reading time\" \/>\n\t<meta name=\"twitter:data1\" content=\"2 minutes\" \/>\n<script type=\"application\/ld+json\" class=\"yoast-schema-graph\">{\"@context\":\"https:\\\/\\\/schema.org\",\"@graph\":[{\"@type\":\"WebPage\",\"@id\":\"https:\\\/\\\/www.parrinst.com\\\/es\\\/products\\\/stirred-reactors\\\/options-accessories\\\/thermocouples\\\/\",\"url\":\"https:\\\/\\\/www.parrinst.com\\\/es\\\/products\\\/stirred-reactors\\\/options-accessories\\\/thermocouples\\\/\",\"name\":\"Termopares - Parr Instrument (Espa\u00f1ol)\",\"isPartOf\":{\"@id\":\"https:\\\/\\\/www.parrinst.com\\\/es\\\/#website\"},\"primaryImageOfPage\":{\"@id\":\"https:\\\/\\\/www.parrinst.com\\\/es\\\/products\\\/stirred-reactors\\\/options-accessories\\\/thermocouples\\\/#primaryimage\"},\"image\":{\"@id\":\"https:\\\/\\\/www.parrinst.com\\\/es\\\/products\\\/stirred-reactors\\\/options-accessories\\\/thermocouples\\\/#primaryimage\"},\"thumbnailUrl\":\"https:\\\/\\\/i0.wp.com\\\/www.parrinst.com\\\/es\\\/wp-content\\\/uploads\\\/sites\\\/7\\\/2017\\\/12\\\/parr_banner_stirred3_secondary.jpg?fit=2200%2C399&ssl=1\",\"datePublished\":\"2011-06-25T02:47:56+00:00\",\"dateModified\":\"2016-08-03T20:34:38+00:00\",\"breadcrumb\":{\"@id\":\"https:\\\/\\\/www.parrinst.com\\\/es\\\/products\\\/stirred-reactors\\\/options-accessories\\\/thermocouples\\\/#breadcrumb\"},\"inLanguage\":\"en-US\",\"potentialAction\":[{\"@type\":\"ReadAction\",\"target\":[\"https:\\\/\\\/www.parrinst.com\\\/es\\\/products\\\/stirred-reactors\\\/options-accessories\\\/thermocouples\\\/\"]}]},{\"@type\":\"ImageObject\",\"inLanguage\":\"en-US\",\"@id\":\"https:\\\/\\\/www.parrinst.com\\\/es\\\/products\\\/stirred-reactors\\\/options-accessories\\\/thermocouples\\\/#primaryimage\",\"url\":\"https:\\\/\\\/i0.wp.com\\\/www.parrinst.com\\\/es\\\/wp-content\\\/uploads\\\/sites\\\/7\\\/2017\\\/12\\\/parr_banner_stirred3_secondary.jpg?fit=2200%2C399&ssl=1\",\"contentUrl\":\"https:\\\/\\\/i0.wp.com\\\/www.parrinst.com\\\/es\\\/wp-content\\\/uploads\\\/sites\\\/7\\\/2017\\\/12\\\/parr_banner_stirred3_secondary.jpg?fit=2200%2C399&ssl=1\",\"width\":2200,\"height\":399},{\"@type\":\"BreadcrumbList\",\"@id\":\"https:\\\/\\\/www.parrinst.com\\\/es\\\/products\\\/stirred-reactors\\\/options-accessories\\\/thermocouples\\\/#breadcrumb\",\"itemListElement\":[{\"@type\":\"ListItem\",\"position\":1,\"name\":\"Home\",\"item\":\"https:\\\/\\\/www.parrinst.com\\\/es\\\/\"},{\"@type\":\"ListItem\",\"position\":2,\"name\":\"Products\",\"item\":\"https:\\\/\\\/www.parrinst.com\\\/es\\\/products\\\/\"},{\"@type\":\"ListItem\",\"position\":3,\"name\":\"Reactores Agitados\",\"item\":\"https:\\\/\\\/www.parrinst.com\\\/es\\\/products\\\/stirred-reactors\\\/\"},{\"@type\":\"ListItem\",\"position\":4,\"name\":\"Accessorios\",\"item\":\"https:\\\/\\\/www.parrinst.com\\\/es\\\/products\\\/stirred-reactors\\\/options-accessories\\\/\"},{\"@type\":\"ListItem\",\"position\":5,\"name\":\"Termopares\"}]},{\"@type\":\"WebSite\",\"@id\":\"https:\\\/\\\/www.parrinst.com\\\/es\\\/#website\",\"url\":\"https:\\\/\\\/www.parrinst.com\\\/es\\\/\",\"name\":\"Parr Instrument (Espa\u00f1ol)\",\"description\":\"\",\"potentialAction\":[{\"@type\":\"SearchAction\",\"target\":{\"@type\":\"EntryPoint\",\"urlTemplate\":\"https:\\\/\\\/www.parrinst.com\\\/es\\\/?s={search_term_string}\"},\"query-input\":{\"@type\":\"PropertyValueSpecification\",\"valueRequired\":true,\"valueName\":\"search_term_string\"}}],\"inLanguage\":\"en-US\"}]}<\/script>\n<!-- \/ Yoast SEO plugin. -->","yoast_head_json":{"title":"Termopares - Parr Instrument (Espa\u00f1ol)","robots":{"index":"index","follow":"follow","max-snippet":"max-snippet:-1","max-image-preview":"max-image-preview:large","max-video-preview":"max-video-preview:-1"},"canonical":"https:\/\/www.parrinst.com\/es\/products\/stirred-reactors\/options-accessories\/thermocouples\/","og_locale":"en_US","og_type":"article","og_title":"Termopares - Parr Instrument (Espa\u00f1ol)","og_description":"Parr ofrece una gran variedad de termopares para usarse en estos reactores y recipientes a presi\u00f3n. El termopar est\u00e1ndar es un tipo J (hierro-constantan) que es compatible con el rango de operaci\u00f3n de estos recipientes. Los termopares est\u00e1n equipados con una vaina sellada de acero inoxidable de 1\/8&#8243; di\u00e1metro externo e incluyen una conexi\u00f3n de [&hellip;]","og_url":"https:\/\/www.parrinst.com\/es\/products\/stirred-reactors\/options-accessories\/thermocouples\/","og_site_name":"Parr Instrument (Espa\u00f1ol)","article_modified_time":"2016-08-03T20:34:38+00:00","og_image":[{"width":2200,"height":399,"url":"https:\/\/www.parrinst.com\/es\/files\/2017\/12\/parr_banner_stirred3_secondary.jpg","type":"image\/jpeg"}],"twitter_card":"summary_large_image","twitter_misc":{"Est. reading time":"2 minutes"},"schema":{"@context":"https:\/\/schema.org","@graph":[{"@type":"WebPage","@id":"https:\/\/www.parrinst.com\/es\/products\/stirred-reactors\/options-accessories\/thermocouples\/","url":"https:\/\/www.parrinst.com\/es\/products\/stirred-reactors\/options-accessories\/thermocouples\/","name":"Termopares - Parr Instrument (Espa\u00f1ol)","isPartOf":{"@id":"https:\/\/www.parrinst.com\/es\/#website"},"primaryImageOfPage":{"@id":"https:\/\/www.parrinst.com\/es\/products\/stirred-reactors\/options-accessories\/thermocouples\/#primaryimage"},"image":{"@id":"https:\/\/www.parrinst.com\/es\/products\/stirred-reactors\/options-accessories\/thermocouples\/#primaryimage"},"thumbnailUrl":"https:\/\/i0.wp.com\/www.parrinst.com\/es\/wp-content\/uploads\/sites\/7\/2017\/12\/parr_banner_stirred3_secondary.jpg?fit=2200%2C399&ssl=1","datePublished":"2011-06-25T02:47:56+00:00","dateModified":"2016-08-03T20:34:38+00:00","breadcrumb":{"@id":"https:\/\/www.parrinst.com\/es\/products\/stirred-reactors\/options-accessories\/thermocouples\/#breadcrumb"},"inLanguage":"en-US","potentialAction":[{"@type":"ReadAction","target":["https:\/\/www.parrinst.com\/es\/products\/stirred-reactors\/options-accessories\/thermocouples\/"]}]},{"@type":"ImageObject","inLanguage":"en-US","@id":"https:\/\/www.parrinst.com\/es\/products\/stirred-reactors\/options-accessories\/thermocouples\/#primaryimage","url":"https:\/\/i0.wp.com\/www.parrinst.com\/es\/wp-content\/uploads\/sites\/7\/2017\/12\/parr_banner_stirred3_secondary.jpg?fit=2200%2C399&ssl=1","contentUrl":"https:\/\/i0.wp.com\/www.parrinst.com\/es\/wp-content\/uploads\/sites\/7\/2017\/12\/parr_banner_stirred3_secondary.jpg?fit=2200%2C399&ssl=1","width":2200,"height":399},{"@type":"BreadcrumbList","@id":"https:\/\/www.parrinst.com\/es\/products\/stirred-reactors\/options-accessories\/thermocouples\/#breadcrumb","itemListElement":[{"@type":"ListItem","position":1,"name":"Home","item":"https:\/\/www.parrinst.com\/es\/"},{"@type":"ListItem","position":2,"name":"Products","item":"https:\/\/www.parrinst.com\/es\/products\/"},{"@type":"ListItem","position":3,"name":"Reactores Agitados","item":"https:\/\/www.parrinst.com\/es\/products\/stirred-reactors\/"},{"@type":"ListItem","position":4,"name":"Accessorios","item":"https:\/\/www.parrinst.com\/es\/products\/stirred-reactors\/options-accessories\/"},{"@type":"ListItem","position":5,"name":"Termopares"}]},{"@type":"WebSite","@id":"https:\/\/www.parrinst.com\/es\/#website","url":"https:\/\/www.parrinst.com\/es\/","name":"Parr Instrument (Espa\u00f1ol)","description":"","potentialAction":[{"@type":"SearchAction","target":{"@type":"EntryPoint","urlTemplate":"https:\/\/www.parrinst.com\/es\/?s={search_term_string}"},"query-input":{"@type":"PropertyValueSpecification","valueRequired":true,"valueName":"search_term_string"}}],"inLanguage":"en-US"}]}},"jetpack_sharing_enabled":true,"_links":{"self":[{"href":"https:\/\/www.parrinst.com\/es\/wp-json\/wp\/v2\/pages\/3455","targetHints":{"allow":["GET"]}}],"collection":[{"href":"https:\/\/www.parrinst.com\/es\/wp-json\/wp\/v2\/pages"}],"about":[{"href":"https:\/\/www.parrinst.com\/es\/wp-json\/wp\/v2\/types\/page"}],"author":[{"embeddable":true,"href":"https:\/\/www.parrinst.com\/es\/wp-json\/wp\/v2\/users\/1"}],"replies":[{"embeddable":true,"href":"https:\/\/www.parrinst.com\/es\/wp-json\/wp\/v2\/comments?post=3455"}],"version-history":[{"count":0,"href":"https:\/\/www.parrinst.com\/es\/wp-json\/wp\/v2\/pages\/3455\/revisions"}],"up":[{"embeddable":true,"href":"https:\/\/www.parrinst.com\/es\/wp-json\/wp\/v2\/pages\/128"}],"wp:featuredmedia":[{"embeddable":true,"href":"https:\/\/www.parrinst.com\/es\/wp-json\/wp\/v2\/media\/36874"}],"wp:attachment":[{"href":"https:\/\/www.parrinst.com\/es\/wp-json\/wp\/v2\/media?parent=3455"}],"curies":[{"name":"wp","href":"https:\/\/api.w.org\/{rel}","templated":true}]}}