{"id":3459,"date":"2011-06-24T21:49:15","date_gmt":"2011-06-25T02:49:15","guid":{"rendered":"https:\/\/www.parrinst.com\/?page_id=3459"},"modified":"2023-07-27T08:54:09","modified_gmt":"2023-07-27T13:54:09","slug":"windows","status":"publish","type":"page","link":"https:\/\/www.parrinst.com\/es\/products\/stirred-reactors\/options-accessories\/windows\/","title":{"rendered":"Ventanas"},"content":{"rendered":"<p><strong>Las ventanas se pueden instalar en los reactores con agitaci\u00f3n de Parr y recipientes a presi\u00f3n<\/strong> para observaciones visuales, transmisi\u00f3n de luz y para otros prop\u00f3sitos. Por lo general, se instalan en pares de modo que la luz puede ser introducida por una ventana mientras que la otra se usa para la Visualizaci\u00f3n. Nuestro material est\u00e1ndar para estas ventanas es la silicona fundida. El zafiro tambi\u00e9n est\u00e1 disponible para las ventanas de peque\u00f1o di\u00e1metro. Los materiales alternativos para ventanas (con las capas si se solicita) est\u00e1n disponibles para requerimientos de transmisi\u00f3n espec\u00edficos. Se pueden montar en diferentes formas.<\/p>\n<h3>Ventanas Circulares Atornilladas<\/h3>\n\n\t\t\t<div id='3459-1' class='gallery gallery-3459 gallery-columns-3 gallery-size-medium' itemscope itemtype='http:\/\/schema.org\/ImageGallery'>\n\t\t\t\t<div class='gallery-row gallery-col-3 gallery-clear'>\n\t\t\t\t\t<figure class='gallery-item col-3' itemprop='associatedMedia' itemscope itemtype='http:\/\/schema.org\/ImageObject'>\n\t\t\t\t\t\t<div class='gallery-icon landscape'><a href=\"https:\/\/i0.wp.com\/www.parrinst.com\/es\/wp-content\/uploads\/sites\/7\/2021\/05\/WindowPI2_4530_web.jpg?ssl=1\" itemprop=\"contentURL\"><img loading=\"lazy\" decoding=\"async\" width=\"300\" height=\"215\" src=\"https:\/\/i0.wp.com\/www.parrinst.com\/es\/wp-content\/uploads\/sites\/7\/2021\/05\/WindowPI2_4530_web.jpg?fit=300%2C215&amp;ssl=1\" class=\"attachment-medium size-medium\" alt=\"Tornillo en Ventana Circular\" srcset=\"https:\/\/i0.wp.com\/www.parrinst.com\/es\/wp-content\/uploads\/sites\/7\/2021\/05\/WindowPI2_4530_web.jpg?w=600&amp;ssl=1 600w, https:\/\/i0.wp.com\/www.parrinst.com\/es\/wp-content\/uploads\/sites\/7\/2021\/05\/WindowPI2_4530_web.jpg?resize=300%2C215&amp;ssl=1 300w, https:\/\/i0.wp.com\/www.parrinst.com\/es\/wp-content\/uploads\/sites\/7\/2021\/05\/WindowPI2_4530_web.jpg?resize=210%2C150&amp;ssl=1 210w\" sizes=\"auto, (max-width: 300px) 100vw, 300px\" itemprop=\"thumbnail\" \/><\/a><\/div>\n\t\t\t\t\t<\/figure>\n\t\t\t\t\t<figure class='gallery-item col-3' itemprop='associatedMedia' itemscope itemtype='http:\/\/schema.org\/ImageObject'>\n\t\t\t\t\t\t<div class='gallery-icon landscape'><a href=\"https:\/\/i0.wp.com\/www.parrinst.com\/es\/wp-content\/uploads\/sites\/7\/2021\/05\/4760_Window917322_web.jpg?ssl=1\" itemprop=\"contentURL\"><img loading=\"lazy\" decoding=\"async\" width=\"300\" height=\"250\" src=\"https:\/\/i0.wp.com\/www.parrinst.com\/es\/wp-content\/uploads\/sites\/7\/2021\/05\/4760_Window917322_web.jpg?fit=300%2C250&amp;ssl=1\" class=\"attachment-medium size-medium\" alt=\"Ventana Personalizada\" srcset=\"https:\/\/i0.wp.com\/www.parrinst.com\/es\/wp-content\/uploads\/sites\/7\/2021\/05\/4760_Window917322_web.jpg?w=600&amp;ssl=1 600w, https:\/\/i0.wp.com\/www.parrinst.com\/es\/wp-content\/uploads\/sites\/7\/2021\/05\/4760_Window917322_web.jpg?resize=300%2C250&amp;ssl=1 300w, https:\/\/i0.wp.com\/www.parrinst.com\/es\/wp-content\/uploads\/sites\/7\/2021\/05\/4760_Window917322_web.jpg?resize=180%2C150&amp;ssl=1 180w\" sizes=\"auto, (max-width: 300px) 100vw, 300px\" itemprop=\"thumbnail\" \/><\/a><\/div>\n\t\t\t\t\t<\/figure>\n\t\t\t\t\t<figure class='gallery-item col-3' itemprop='associatedMedia' itemscope itemtype='http:\/\/schema.org\/ImageObject'>\n\t\t\t\t\t\t<div class='gallery-icon landscape'><a href=\"https:\/\/i0.wp.com\/www.parrinst.com\/es\/wp-content\/uploads\/sites\/7\/2021\/05\/Screw-in-Circular-Window_top-mount_web.jpg?ssl=1\" itemprop=\"contentURL\"><img loading=\"lazy\" decoding=\"async\" width=\"300\" height=\"250\" src=\"https:\/\/i0.wp.com\/www.parrinst.com\/es\/wp-content\/uploads\/sites\/7\/2021\/05\/Screw-in-Circular-Window_top-mount_web.jpg?fit=300%2C250&amp;ssl=1\" class=\"attachment-medium size-medium\" alt=\"Tornillo en Ventana Circular - Montaje Superior\" srcset=\"https:\/\/i0.wp.com\/www.parrinst.com\/es\/wp-content\/uploads\/sites\/7\/2021\/05\/Screw-in-Circular-Window_top-mount_web.jpg?w=600&amp;ssl=1 600w, https:\/\/i0.wp.com\/www.parrinst.com\/es\/wp-content\/uploads\/sites\/7\/2021\/05\/Screw-in-Circular-Window_top-mount_web.jpg?resize=300%2C250&amp;ssl=1 300w, https:\/\/i0.wp.com\/www.parrinst.com\/es\/wp-content\/uploads\/sites\/7\/2021\/05\/Screw-in-Circular-Window_top-mount_web.jpg?resize=180%2C150&amp;ssl=1 180w\" sizes=\"auto, (max-width: 300px) 100vw, 300px\" itemprop=\"thumbnail\" \/><\/a><\/div>\n\t\t\t\t\t<\/figure>\n\t\t\t\t<\/div>\n\t\t\t<\/div><!-- .gallery -->\n\n<p>La ventana m\u00e1s sencilla es atornillada con 5\/8&#8243;de di\u00e1metro \u00e1rea de visualizaci\u00f3n. Las ventanas est\u00e1n selladas en un ensamble que se atornilla al recipiente utilizando un tubo roscado macho NPT est\u00e1ndar de 1\/2&#8243;. Obviamente, la pared del recipiente debe ser lo suficientemente gruesa para proporcionar un acoplamiento completo a esta rosca. Las juntas t\u00f3ricas restringen la temperatura m\u00e1xima de operaci\u00f3n a 225 \u00b0C o menos, dependiendo del material de la junta t\u00f3rica. Como alternativa, una opci\u00f3n de sello de junta Grafoil\u00ae est\u00e1 disponible para aumentar el rango de temperatura hasta 350 \u00b0C. El rango de presi\u00f3n es de 1900 a 5000 psi, dependiendo del material de la ventana y su espesor. A pesar de que estas ventanas son bastante peque\u00f1as para la visualizaci\u00f3n directa, funcionan bien para sistemas peque\u00f1os de v\u00eddeo y para haces l\u00e1ser y otros haces anal\u00edticos. Una limitaci\u00f3n de este dise\u00f1o es que hay un espacio muerto de aproximadamente 1.25&#8243; entre la cara interior de la ventana y la pared interior del recipient.<\/p>\n<h3>Ventanas Integrales<\/h3>\n<figure id=\"attachment_40148\" aria-describedby=\"caption-attachment-40148\" style=\"width: 179px\" class=\"wp-caption alignright\"><a href=\"https:\/\/i0.wp.com\/www.parrinst.com\/es\/wp-content\/uploads\/sites\/7\/2021\/05\/5500_Window_Compact-Reactor_whitePI2_5921_web.jpg?ssl=1\"><img data-recalc-dims=\"1\" loading=\"lazy\" decoding=\"async\" class=\"wp-image-40148\" src=\"https:\/\/i0.wp.com\/www.parrinst.com\/es\/wp-content\/uploads\/sites\/7\/2021\/05\/5500_Window_Compact-Reactor_whitePI2_5921_web.jpg?resize=179%2C250&#038;ssl=1\" alt=\"Ventanas Circulares\" width=\"179\" height=\"250\" srcset=\"https:\/\/i0.wp.com\/www.parrinst.com\/es\/wp-content\/uploads\/sites\/7\/2021\/05\/5500_Window_Compact-Reactor_whitePI2_5921_web.jpg?resize=214%2C300&amp;ssl=1 214w, https:\/\/i0.wp.com\/www.parrinst.com\/es\/wp-content\/uploads\/sites\/7\/2021\/05\/5500_Window_Compact-Reactor_whitePI2_5921_web.jpg?resize=107%2C150&amp;ssl=1 107w, https:\/\/i0.wp.com\/www.parrinst.com\/es\/wp-content\/uploads\/sites\/7\/2021\/05\/5500_Window_Compact-Reactor_whitePI2_5921_web.jpg?w=600&amp;ssl=1 600w\" sizes=\"auto, (max-width: 179px) 100vw, 179px\" \/><\/a><figcaption id=\"caption-attachment-40148\" class=\"wp-caption-text\"><strong>Ventanas Circulares<\/strong><\/figcaption><\/figure>\n<p>Parr ha desarrollado dise\u00f1os para la instalaci\u00f3n de ventanas en la pared del recipiente de manera que la cara interior de la ventana est\u00e9 muy cerca de la pared interior del recipiente. Esto elimina la gran cantidad de espacio muerto asociado a las ventanas atornilladas. Estas ventanas se ofrecen en dos estilos que se describen a continuaci\u00f3n. El tama\u00f1o m\u00e1ximo de la ventana depender\u00e1 del tama\u00f1o del cilindro en el que se instalar\u00e1.<\/p>\n<p><strong>Ventanas Circulares<\/strong> con un \u00e1rea de visi\u00f3n est\u00e1ndar de 1.2&#8243; de di\u00e1metro. Las ventanas circulares est\u00e1n disponibles en diversos materiales incluyendo zafiro para presiones muy altas (hasta 5000 psi). La junta t\u00f3rica y los sellos Grafoil\u00ae est\u00e1n disponibles para este dise\u00f1o. Esta tipo de ventana se utiliza generalmente para las observaciones visuales, fotogr\u00e1ficas o sensores \u00f3pticos.<\/p>\n<figure id=\"attachment_40151\" aria-describedby=\"caption-attachment-40151\" style=\"width: 167px\" class=\"wp-caption alignright\"><a href=\"https:\/\/i0.wp.com\/www.parrinst.com\/es\/wp-content\/uploads\/sites\/7\/2021\/05\/Windowed-Reactor_detail_971547PI2_1449_web.jpg?ssl=1\"><img data-recalc-dims=\"1\" loading=\"lazy\" decoding=\"async\" class=\"wp-image-40151\" src=\"https:\/\/i0.wp.com\/www.parrinst.com\/es\/wp-content\/uploads\/sites\/7\/2021\/05\/Windowed-Reactor_detail_971547PI2_1449_web.jpg?resize=167%2C250&#038;ssl=1\" alt=\"Ventanas Rectangulares\" width=\"167\" height=\"250\" srcset=\"https:\/\/i0.wp.com\/www.parrinst.com\/es\/wp-content\/uploads\/sites\/7\/2021\/05\/Windowed-Reactor_detail_971547PI2_1449_web.jpg?resize=201%2C300&amp;ssl=1 201w, https:\/\/i0.wp.com\/www.parrinst.com\/es\/wp-content\/uploads\/sites\/7\/2021\/05\/Windowed-Reactor_detail_971547PI2_1449_web.jpg?resize=100%2C150&amp;ssl=1 100w, https:\/\/i0.wp.com\/www.parrinst.com\/es\/wp-content\/uploads\/sites\/7\/2021\/05\/Windowed-Reactor_detail_971547PI2_1449_web.jpg?w=600&amp;ssl=1 600w\" sizes=\"auto, (max-width: 167px) 100vw, 167px\" \/><\/a><figcaption id=\"caption-attachment-40151\" class=\"wp-caption-text\"><strong>Ventanas Rectangulares<\/strong><\/figcaption><\/figure>\n<p><strong>Ventanas rectangulares<\/strong> con un tama\u00f1o est\u00e1ndar de \u00e1rea de visualizaci\u00f3n 3.5&#8243; de largo y 0.62&#8243; de ancho, pueden instalarse en los recipientes micro de 100 ml o mini de 450 ml y m\u00e1s grandes. S\u00f3lo est\u00e1n disponibles las juntas t\u00f3ricas para este dise\u00f1o. Ambas ventanas de s\u00edlice fundido y de zafiro est\u00e1n disponibles \u2013 El rango m\u00e1ximo para estas ventanas est\u00e1 limitado a 1900 psi a 225 \u00b0C con sellos de FKM o FFKM. Estas ventanas com\u00fanmente se utilizan para observaciones visuales en las fases de vapor y l\u00edquida y para observar el nivel de l\u00edquido en el recipiente. Se pueden apilar varias ventanas en los recipientes m\u00e1s grandes.<\/p>\n<p>Las ventanas descritas anteriormente como est\u00e1ndar se mantienen en nuestro inventario como reemplazos f\u00e1cilmente disponibles. Las ventanas personalizadas, tanto en estilo circular como alargado, se pueden suministrar bajo pedido, en tama\u00f1os m\u00e1s grandes.<\/p>\n<p>Todos los reactores y recipientes a presi\u00f3n equipados con ventanas requieren calefactores y soportes de dise\u00f1o personalizado. Las mantillas flexibles de calentamiento, calefactores de cartucho integral, y las chaquetas con recirculaci\u00f3n (mini de 600 ml y mayores) son los calefactores m\u00e1s usados para los recipientes con ventanas.<\/p>\n<p><strong>Ventanas Soldadas Externamente<\/strong><\/p>\n<figure id=\"attachment_40153\" aria-describedby=\"caption-attachment-40153\" style=\"width: 263px\" class=\"wp-caption alignright\"><a href=\"https:\/\/i0.wp.com\/www.parrinst.com\/es\/wp-content\/uploads\/sites\/7\/2021\/05\/7-ft_OpenPI2_1358_web.jpg?ssl=1\"><img data-recalc-dims=\"1\" loading=\"lazy\" decoding=\"async\" class=\"wp-image-40153\" src=\"https:\/\/i0.wp.com\/www.parrinst.com\/es\/wp-content\/uploads\/sites\/7\/2021\/05\/7-ft_OpenPI2_1358_web.jpg?resize=263%2C240&#038;ssl=1\" alt=\"Ventanas Soldadas Externamente \" width=\"263\" height=\"240\" srcset=\"https:\/\/i0.wp.com\/www.parrinst.com\/es\/wp-content\/uploads\/sites\/7\/2021\/05\/7-ft_OpenPI2_1358_web.jpg?resize=300%2C274&amp;ssl=1 300w, https:\/\/i0.wp.com\/www.parrinst.com\/es\/wp-content\/uploads\/sites\/7\/2021\/05\/7-ft_OpenPI2_1358_web.jpg?resize=164%2C150&amp;ssl=1 164w, https:\/\/i0.wp.com\/www.parrinst.com\/es\/wp-content\/uploads\/sites\/7\/2021\/05\/7-ft_OpenPI2_1358_web.jpg?w=657&amp;ssl=1 657w\" sizes=\"auto, (max-width: 263px) 100vw, 263px\" \/><\/a><figcaption id=\"caption-attachment-40153\" class=\"wp-caption-text\"><strong>Ventanas Soldadas Externamente <\/strong><\/figcaption><\/figure>\n<p>Se pueden instalar grandes ventanas circulares soldadas externamente al recipiente, proporcionando un \u00e1rea de visualizaci\u00f3n de 1 3\/4&#8243; a 7 1\/4&#8243;, dependiendo del tama\u00f1o de la ventana solicitada y el tama\u00f1o del recipiente. Las ventanas soldadas externamente reducen considerablemente la presi\u00f3n m\u00e1xima de trabajo a del recipiente a 600 psi o menos.<\/p>\n<p><strong>Certificacion<\/strong> Las ventanas descritas anteriormente se consideran &#8220;accesorios de propiedad&#8221; y, como tal, se excluyen del \u00e1mbito de aplicaci\u00f3n de ASME Divisi\u00f3n 1 Secci\u00f3n VIII.<\/p>\n<p>La mayor\u00eda de las ventanas est\u00e1ndar suministradas por Parr se puede instalar en recipientes que llevan la marca CE. Las ventanas equipadas en estos recipientes son sometidas a varias pruebas por lote con el fin de satisfacer los requerimientos de 2014\/68\/EU (Directiva de Equipos a Presi\u00f3n). Favor de ponerse en contacto con Parr Instrument Company para obtener m\u00e1s informaci\u00f3n.<\/p>\n","protected":false},"excerpt":{"rendered":"<p>Las ventanas se pueden instalar en los reactores con agitaci\u00f3n de Parr y recipientes a presi\u00f3n para observaciones visuales, transmisi\u00f3n de luz y para otros prop\u00f3sitos. Por lo general, se instalan en pares de modo que la luz puede ser introducida por una ventana mientras que la otra se usa para la Visualizaci\u00f3n. Nuestro material [&hellip;]<\/p>\n","protected":false},"author":2,"featured_media":36874,"parent":128,"menu_order":40,"comment_status":"closed","ping_status":"closed","template":"product-wide.php","meta":{"_acf_changed":false,"footnotes":"","_links_to":"","_links_to_target":""},"class_list":["post-3459","page","type-page","status-publish","has-post-thumbnail","hentry"],"acf":[],"yoast_head":"<!-- This site is optimized with the Yoast SEO plugin v27.5 - https:\/\/yoast.com\/product\/yoast-seo-wordpress\/ -->\n<title>Ventanas - Parr Instrument (Espa\u00f1ol)<\/title>\n<meta name=\"robots\" content=\"index, follow, max-snippet:-1, max-image-preview:large, max-video-preview:-1\" \/>\n<link rel=\"canonical\" href=\"https:\/\/www.parrinst.com\/es\/products\/stirred-reactors\/options-accessories\/windows\/\" \/>\n<meta property=\"og:locale\" content=\"en_US\" \/>\n<meta property=\"og:type\" content=\"article\" \/>\n<meta property=\"og:title\" content=\"Ventanas - Parr Instrument (Espa\u00f1ol)\" \/>\n<meta property=\"og:description\" content=\"Las ventanas se pueden instalar en los reactores con agitaci\u00f3n de Parr y recipientes a presi\u00f3n para observaciones visuales, transmisi\u00f3n de luz y para otros prop\u00f3sitos. Por lo general, se instalan en pares de modo que la luz puede ser introducida por una ventana mientras que la otra se usa para la Visualizaci\u00f3n. Nuestro material [&hellip;]\" \/>\n<meta property=\"og:url\" content=\"https:\/\/www.parrinst.com\/es\/products\/stirred-reactors\/options-accessories\/windows\/\" \/>\n<meta property=\"og:site_name\" content=\"Parr Instrument (Espa\u00f1ol)\" \/>\n<meta property=\"article:modified_time\" content=\"2023-07-27T13:54:09+00:00\" \/>\n<meta property=\"og:image\" content=\"https:\/\/www.parrinst.com\/es\/files\/2017\/12\/parr_banner_stirred3_secondary.jpg\" \/>\n\t<meta property=\"og:image:width\" content=\"2200\" \/>\n\t<meta property=\"og:image:height\" content=\"399\" \/>\n\t<meta property=\"og:image:type\" content=\"image\/jpeg\" \/>\n<meta name=\"twitter:card\" content=\"summary_large_image\" \/>\n<meta name=\"twitter:label1\" content=\"Est. reading time\" \/>\n\t<meta name=\"twitter:data1\" content=\"4 minutes\" \/>\n<script type=\"application\/ld+json\" class=\"yoast-schema-graph\">{\"@context\":\"https:\\\/\\\/schema.org\",\"@graph\":[{\"@type\":\"WebPage\",\"@id\":\"https:\\\/\\\/www.parrinst.com\\\/es\\\/products\\\/stirred-reactors\\\/options-accessories\\\/windows\\\/\",\"url\":\"https:\\\/\\\/www.parrinst.com\\\/es\\\/products\\\/stirred-reactors\\\/options-accessories\\\/windows\\\/\",\"name\":\"Ventanas - Parr Instrument (Espa\u00f1ol)\",\"isPartOf\":{\"@id\":\"https:\\\/\\\/www.parrinst.com\\\/es\\\/#website\"},\"primaryImageOfPage\":{\"@id\":\"https:\\\/\\\/www.parrinst.com\\\/es\\\/products\\\/stirred-reactors\\\/options-accessories\\\/windows\\\/#primaryimage\"},\"image\":{\"@id\":\"https:\\\/\\\/www.parrinst.com\\\/es\\\/products\\\/stirred-reactors\\\/options-accessories\\\/windows\\\/#primaryimage\"},\"thumbnailUrl\":\"https:\\\/\\\/i0.wp.com\\\/www.parrinst.com\\\/es\\\/wp-content\\\/uploads\\\/sites\\\/7\\\/2017\\\/12\\\/parr_banner_stirred3_secondary.jpg?fit=2200%2C399&ssl=1\",\"datePublished\":\"2011-06-25T02:49:15+00:00\",\"dateModified\":\"2023-07-27T13:54:09+00:00\",\"breadcrumb\":{\"@id\":\"https:\\\/\\\/www.parrinst.com\\\/es\\\/products\\\/stirred-reactors\\\/options-accessories\\\/windows\\\/#breadcrumb\"},\"inLanguage\":\"en-US\",\"potentialAction\":[{\"@type\":\"ReadAction\",\"target\":[\"https:\\\/\\\/www.parrinst.com\\\/es\\\/products\\\/stirred-reactors\\\/options-accessories\\\/windows\\\/\"]}]},{\"@type\":\"ImageObject\",\"inLanguage\":\"en-US\",\"@id\":\"https:\\\/\\\/www.parrinst.com\\\/es\\\/products\\\/stirred-reactors\\\/options-accessories\\\/windows\\\/#primaryimage\",\"url\":\"https:\\\/\\\/i0.wp.com\\\/www.parrinst.com\\\/es\\\/wp-content\\\/uploads\\\/sites\\\/7\\\/2017\\\/12\\\/parr_banner_stirred3_secondary.jpg?fit=2200%2C399&ssl=1\",\"contentUrl\":\"https:\\\/\\\/i0.wp.com\\\/www.parrinst.com\\\/es\\\/wp-content\\\/uploads\\\/sites\\\/7\\\/2017\\\/12\\\/parr_banner_stirred3_secondary.jpg?fit=2200%2C399&ssl=1\",\"width\":2200,\"height\":399},{\"@type\":\"BreadcrumbList\",\"@id\":\"https:\\\/\\\/www.parrinst.com\\\/es\\\/products\\\/stirred-reactors\\\/options-accessories\\\/windows\\\/#breadcrumb\",\"itemListElement\":[{\"@type\":\"ListItem\",\"position\":1,\"name\":\"Home\",\"item\":\"https:\\\/\\\/www.parrinst.com\\\/es\\\/\"},{\"@type\":\"ListItem\",\"position\":2,\"name\":\"Products\",\"item\":\"https:\\\/\\\/www.parrinst.com\\\/es\\\/products\\\/\"},{\"@type\":\"ListItem\",\"position\":3,\"name\":\"Reactores Agitados\",\"item\":\"https:\\\/\\\/www.parrinst.com\\\/es\\\/products\\\/stirred-reactors\\\/\"},{\"@type\":\"ListItem\",\"position\":4,\"name\":\"Accessorios\",\"item\":\"https:\\\/\\\/www.parrinst.com\\\/es\\\/products\\\/stirred-reactors\\\/options-accessories\\\/\"},{\"@type\":\"ListItem\",\"position\":5,\"name\":\"Ventanas\"}]},{\"@type\":\"WebSite\",\"@id\":\"https:\\\/\\\/www.parrinst.com\\\/es\\\/#website\",\"url\":\"https:\\\/\\\/www.parrinst.com\\\/es\\\/\",\"name\":\"Parr Instrument (Espa\u00f1ol)\",\"description\":\"\",\"potentialAction\":[{\"@type\":\"SearchAction\",\"target\":{\"@type\":\"EntryPoint\",\"urlTemplate\":\"https:\\\/\\\/www.parrinst.com\\\/es\\\/?s={search_term_string}\"},\"query-input\":{\"@type\":\"PropertyValueSpecification\",\"valueRequired\":true,\"valueName\":\"search_term_string\"}}],\"inLanguage\":\"en-US\"}]}<\/script>\n<!-- \/ Yoast SEO plugin. -->","yoast_head_json":{"title":"Ventanas - Parr Instrument (Espa\u00f1ol)","robots":{"index":"index","follow":"follow","max-snippet":"max-snippet:-1","max-image-preview":"max-image-preview:large","max-video-preview":"max-video-preview:-1"},"canonical":"https:\/\/www.parrinst.com\/es\/products\/stirred-reactors\/options-accessories\/windows\/","og_locale":"en_US","og_type":"article","og_title":"Ventanas - Parr Instrument (Espa\u00f1ol)","og_description":"Las ventanas se pueden instalar en los reactores con agitaci\u00f3n de Parr y recipientes a presi\u00f3n para observaciones visuales, transmisi\u00f3n de luz y para otros prop\u00f3sitos. Por lo general, se instalan en pares de modo que la luz puede ser introducida por una ventana mientras que la otra se usa para la Visualizaci\u00f3n. Nuestro material [&hellip;]","og_url":"https:\/\/www.parrinst.com\/es\/products\/stirred-reactors\/options-accessories\/windows\/","og_site_name":"Parr Instrument (Espa\u00f1ol)","article_modified_time":"2023-07-27T13:54:09+00:00","og_image":[{"width":2200,"height":399,"url":"https:\/\/www.parrinst.com\/es\/files\/2017\/12\/parr_banner_stirred3_secondary.jpg","type":"image\/jpeg"}],"twitter_card":"summary_large_image","twitter_misc":{"Est. reading time":"4 minutes"},"schema":{"@context":"https:\/\/schema.org","@graph":[{"@type":"WebPage","@id":"https:\/\/www.parrinst.com\/es\/products\/stirred-reactors\/options-accessories\/windows\/","url":"https:\/\/www.parrinst.com\/es\/products\/stirred-reactors\/options-accessories\/windows\/","name":"Ventanas - Parr Instrument (Espa\u00f1ol)","isPartOf":{"@id":"https:\/\/www.parrinst.com\/es\/#website"},"primaryImageOfPage":{"@id":"https:\/\/www.parrinst.com\/es\/products\/stirred-reactors\/options-accessories\/windows\/#primaryimage"},"image":{"@id":"https:\/\/www.parrinst.com\/es\/products\/stirred-reactors\/options-accessories\/windows\/#primaryimage"},"thumbnailUrl":"https:\/\/i0.wp.com\/www.parrinst.com\/es\/wp-content\/uploads\/sites\/7\/2017\/12\/parr_banner_stirred3_secondary.jpg?fit=2200%2C399&ssl=1","datePublished":"2011-06-25T02:49:15+00:00","dateModified":"2023-07-27T13:54:09+00:00","breadcrumb":{"@id":"https:\/\/www.parrinst.com\/es\/products\/stirred-reactors\/options-accessories\/windows\/#breadcrumb"},"inLanguage":"en-US","potentialAction":[{"@type":"ReadAction","target":["https:\/\/www.parrinst.com\/es\/products\/stirred-reactors\/options-accessories\/windows\/"]}]},{"@type":"ImageObject","inLanguage":"en-US","@id":"https:\/\/www.parrinst.com\/es\/products\/stirred-reactors\/options-accessories\/windows\/#primaryimage","url":"https:\/\/i0.wp.com\/www.parrinst.com\/es\/wp-content\/uploads\/sites\/7\/2017\/12\/parr_banner_stirred3_secondary.jpg?fit=2200%2C399&ssl=1","contentUrl":"https:\/\/i0.wp.com\/www.parrinst.com\/es\/wp-content\/uploads\/sites\/7\/2017\/12\/parr_banner_stirred3_secondary.jpg?fit=2200%2C399&ssl=1","width":2200,"height":399},{"@type":"BreadcrumbList","@id":"https:\/\/www.parrinst.com\/es\/products\/stirred-reactors\/options-accessories\/windows\/#breadcrumb","itemListElement":[{"@type":"ListItem","position":1,"name":"Home","item":"https:\/\/www.parrinst.com\/es\/"},{"@type":"ListItem","position":2,"name":"Products","item":"https:\/\/www.parrinst.com\/es\/products\/"},{"@type":"ListItem","position":3,"name":"Reactores Agitados","item":"https:\/\/www.parrinst.com\/es\/products\/stirred-reactors\/"},{"@type":"ListItem","position":4,"name":"Accessorios","item":"https:\/\/www.parrinst.com\/es\/products\/stirred-reactors\/options-accessories\/"},{"@type":"ListItem","position":5,"name":"Ventanas"}]},{"@type":"WebSite","@id":"https:\/\/www.parrinst.com\/es\/#website","url":"https:\/\/www.parrinst.com\/es\/","name":"Parr Instrument (Espa\u00f1ol)","description":"","potentialAction":[{"@type":"SearchAction","target":{"@type":"EntryPoint","urlTemplate":"https:\/\/www.parrinst.com\/es\/?s={search_term_string}"},"query-input":{"@type":"PropertyValueSpecification","valueRequired":true,"valueName":"search_term_string"}}],"inLanguage":"en-US"}]}},"jetpack_sharing_enabled":true,"_links":{"self":[{"href":"https:\/\/www.parrinst.com\/es\/wp-json\/wp\/v2\/pages\/3459","targetHints":{"allow":["GET"]}}],"collection":[{"href":"https:\/\/www.parrinst.com\/es\/wp-json\/wp\/v2\/pages"}],"about":[{"href":"https:\/\/www.parrinst.com\/es\/wp-json\/wp\/v2\/types\/page"}],"author":[{"embeddable":true,"href":"https:\/\/www.parrinst.com\/es\/wp-json\/wp\/v2\/users\/2"}],"replies":[{"embeddable":true,"href":"https:\/\/www.parrinst.com\/es\/wp-json\/wp\/v2\/comments?post=3459"}],"version-history":[{"count":8,"href":"https:\/\/www.parrinst.com\/es\/wp-json\/wp\/v2\/pages\/3459\/revisions"}],"predecessor-version":[{"id":40794,"href":"https:\/\/www.parrinst.com\/es\/wp-json\/wp\/v2\/pages\/3459\/revisions\/40794"}],"up":[{"embeddable":true,"href":"https:\/\/www.parrinst.com\/es\/wp-json\/wp\/v2\/pages\/128"}],"wp:featuredmedia":[{"embeddable":true,"href":"https:\/\/www.parrinst.com\/es\/wp-json\/wp\/v2\/media\/36874"}],"wp:attachment":[{"href":"https:\/\/www.parrinst.com\/es\/wp-json\/wp\/v2\/media?parent=3459"}],"curies":[{"name":"wp","href":"https:\/\/api.w.org\/{rel}","templated":true}]}}