{"id":348,"date":"2011-03-10T20:38:58","date_gmt":"2011-03-11T02:38:58","guid":{"rendered":"https:\/\/www.parrinst.com\/?page_id=348"},"modified":"2018-02-01T10:37:27","modified_gmt":"2018-02-01T16:37:27","slug":"3926-hydrogenator","status":"publish","type":"page","link":"https:\/\/www.parrinst.com\/es\/products\/hydrogenation\/3926-hydrogenator\/","title":{"rendered":"Aparato Agitador de Hidrogenaci\u00f3n 3926"},"content":{"rendered":"<figure id=\"attachment_37817\" aria-describedby=\"caption-attachment-37817\" style=\"width: 300px\" class=\"wp-caption alignright\"><a href=\"https:\/\/i0.wp.com\/www.parrinst.com\/es\/wp-content\/uploads\/sites\/7\/2018\/02\/3921-Shaker-01_DSC5568.jpg?ssl=1\"><img data-recalc-dims=\"1\" loading=\"lazy\" decoding=\"async\" class=\"size-medium wp-image-37817\" src=\"https:\/\/i0.wp.com\/www.parrinst.com\/es\/wp-content\/uploads\/sites\/7\/2018\/02\/3921-Shaker-01_DSC5568.jpg?resize=300%2C215&#038;ssl=1\" alt=\"3921 Agitadora Hidrogenador mostrado con Motor a Prueba de Explosiones e Interruptor.\" width=\"300\" height=\"215\" srcset=\"https:\/\/i0.wp.com\/www.parrinst.com\/es\/wp-content\/uploads\/sites\/7\/2018\/02\/3921-Shaker-01_DSC5568.jpg?resize=300%2C215&amp;ssl=1 300w, https:\/\/i0.wp.com\/www.parrinst.com\/es\/wp-content\/uploads\/sites\/7\/2018\/02\/3921-Shaker-01_DSC5568.jpg?resize=210%2C150&amp;ssl=1 210w, https:\/\/i0.wp.com\/www.parrinst.com\/es\/wp-content\/uploads\/sites\/7\/2018\/02\/3921-Shaker-01_DSC5568.jpg?w=600&amp;ssl=1 600w\" sizes=\"auto, (max-width: 300px) 100vw, 300px\" \/><\/a><figcaption id=\"caption-attachment-37817\" class=\"wp-caption-text\">3921 Agitadora Hidrogenador mostrado con Motor a Prueba de Explosiones e Interruptor.<\/figcaption><\/figure>\n<p><strong>Los materiales a tratar en un Hidrogenador Parr<\/strong> se sellan en una botella de reacci\u00f3n con un catalizador y conectado a un dep\u00f3sito de hidr\u00f3geno. El aire es eliminado, evacuando la botella por lavado o con hidr\u00f3geno. Entonces se aplica presi\u00f3n desde el dep\u00f3sito y la botella se sacude vigorosamente para iniciar la reacci\u00f3n. Si es necesario, la botella se puede calentar o enfriar durante este proceso. Cuando la reacci\u00f3n alcanza el punto deseado, el sacudidora se detiene, la botella se ventila y el producto y el catalizador se recuperan.<\/p>\n<p>El progreso de la reacci\u00f3n puede ser seguido observando la ca\u00edda de presi\u00f3n en el sistema. Por ejemplo, cuando se usa una carga de 250 ml en una botella de 500 ml y drenando hidr\u00f3geno un tanque est\u00e1ndar de 4 lts, la presi\u00f3n del tanque caer\u00e1 aproximadamente 8 psi por cada mol de un d\u00e9cimo de hidr\u00f3geno consumido. La relaci\u00f3n exacta entre la ca\u00edda de presi\u00f3n y la cantidad de hidr\u00f3geno consumido puede ser determinada haciendo una corrida de calibraci\u00f3n usando una cantidad ya pesada de un compuesto cuya aceptaci\u00f3n de hidr\u00f3geno es conocida.<\/p>\n<h3>V\u00e1lvulas y accesorios pr\u00e1cticos<\/h3>\n<p><strong>Cada aparato est\u00e1 equipado<\/strong> con todas las v\u00e1lvulas y accesorios necesarios para la admisi\u00f3n de hidr\u00f3geno en la botella, para la evacuaci\u00f3n de la botella y para llenar el tanque de hidr\u00f3geno, todo ello sin alterar la conexi\u00f3n botella. Los medidores separados muestran la presi\u00f3n de la botella y la presi\u00f3n del tanque en todo momento. El tanque de gas de 4 litros, soporte de botella y una sacudidora s\u00f3lida est\u00e1n dispuestos en un ensamble compacto en una base de acero para facilitar su operaci\u00f3n en un banco de laboratorio o en una campana.<\/p>\n<p>La conexi\u00f3n de tanque de hidr\u00f3geno a la botella de reacci\u00f3n es un tubo de polipropileno que se extiende en la botella de modo que no hay partes met\u00e1licas en contacto con la carga. El propio tanque, sus v\u00e1lvulas y man\u00f3metros est\u00e1n hechos de lat\u00f3n o bronce. Estas piezas sirven para usarse con hidr\u00f3geno , pero deben ser remplazadas por un tanque de acero inoxidable y v\u00e1lvulas de acero si se van a usar amon\u00edaco u otros gases corrosivos en el sistema. Todas estas v\u00e1lvulas tienen v\u00e1stagos de acero inoxidable, junta PTFE y asientos Kel-F remplazables para asegurar control positivo, a prueba de fugas en procedimientos cuantitativos. Un tanque m\u00e1s peque\u00f1o, de un litro de lat\u00f3n, est\u00e1 disponible para las operaci\u00f3nes semimicro en las que se deben medir peque\u00f1as cantidades de gas. Las v\u00e1lvulas se transfieren f\u00e1cilmente a este tanque m\u00e1s peque\u00f1o.<\/p>\n<p>Se incluye una manguera de presi\u00f3n de 6 pies en todos los aparatos para llenar el tanque de hidr\u00f3geno desde un cilindro de gas comercial que se puede unir f\u00e1cilmente a un regulador de presi\u00f3n de gas o sistema de v\u00e1lvula del tanque.<\/p>\n","protected":false},"excerpt":{"rendered":"<p>Los materiales a tratar en un Hidrogenador Parr se sellan en una botella de reacci\u00f3n con un catalizador y conectado a un dep\u00f3sito de hidr\u00f3geno. El aire es eliminado, evacuando la botella por lavado o con hidr\u00f3geno. Entonces se aplica presi\u00f3n desde el dep\u00f3sito y la botella se sacude vigorosamente para iniciar la reacci\u00f3n. Si [&hellip;]<\/p>\n","protected":false},"author":1,"featured_media":37723,"parent":91,"menu_order":4,"comment_status":"closed","ping_status":"closed","template":"product-narrow.php","meta":{"_acf_changed":false,"footnotes":"","_links_to":"","_links_to_target":""},"class_list":["post-348","page","type-page","status-publish","has-post-thumbnail","hentry"],"acf":[],"yoast_head":"<!-- This site is optimized with the Yoast SEO plugin v27.4 - https:\/\/yoast.com\/product\/yoast-seo-wordpress\/ -->\n<title>Aparato Agitador de Hidrogenaci\u00f3n 3926 - Parr Instrument (Espa\u00f1ol)<\/title>\n<meta name=\"robots\" content=\"index, follow, max-snippet:-1, max-image-preview:large, max-video-preview:-1\" \/>\n<link rel=\"canonical\" href=\"https:\/\/www.parrinst.com\/es\/products\/hydrogenation\/3926-hydrogenator\/\" \/>\n<meta property=\"og:locale\" content=\"en_US\" \/>\n<meta property=\"og:type\" content=\"article\" \/>\n<meta property=\"og:title\" content=\"Aparato Agitador de Hidrogenaci\u00f3n 3926 - Parr Instrument (Espa\u00f1ol)\" \/>\n<meta property=\"og:description\" content=\"Los materiales a tratar en un Hidrogenador Parr se sellan en una botella de reacci\u00f3n con un catalizador y conectado a un dep\u00f3sito de hidr\u00f3geno. El aire es eliminado, evacuando la botella por lavado o con hidr\u00f3geno. Entonces se aplica presi\u00f3n desde el dep\u00f3sito y la botella se sacude vigorosamente para iniciar la reacci\u00f3n. Si [&hellip;]\" \/>\n<meta property=\"og:url\" content=\"https:\/\/www.parrinst.com\/es\/products\/hydrogenation\/3926-hydrogenator\/\" \/>\n<meta property=\"og:site_name\" content=\"Parr Instrument (Espa\u00f1ol)\" \/>\n<meta property=\"article:modified_time\" content=\"2018-02-01T16:37:27+00:00\" \/>\n<meta property=\"og:image\" content=\"https:\/\/www.parrinst.com\/es\/files\/2018\/01\/parr_banner_shaker_secondary.jpg\" \/>\n\t<meta property=\"og:image:width\" content=\"2200\" \/>\n\t<meta property=\"og:image:height\" content=\"399\" \/>\n\t<meta property=\"og:image:type\" content=\"image\/jpeg\" \/>\n<meta name=\"twitter:card\" content=\"summary_large_image\" \/>\n<meta name=\"twitter:label1\" content=\"Est. reading time\" \/>\n\t<meta name=\"twitter:data1\" content=\"3 minutes\" \/>\n<script type=\"application\/ld+json\" class=\"yoast-schema-graph\">{\"@context\":\"https:\\\/\\\/schema.org\",\"@graph\":[{\"@type\":\"WebPage\",\"@id\":\"https:\\\/\\\/www.parrinst.com\\\/es\\\/products\\\/hydrogenation\\\/3926-hydrogenator\\\/\",\"url\":\"https:\\\/\\\/www.parrinst.com\\\/es\\\/products\\\/hydrogenation\\\/3926-hydrogenator\\\/\",\"name\":\"Aparato Agitador de Hidrogenaci\u00f3n 3926 - Parr Instrument (Espa\u00f1ol)\",\"isPartOf\":{\"@id\":\"https:\\\/\\\/www.parrinst.com\\\/es\\\/#website\"},\"primaryImageOfPage\":{\"@id\":\"https:\\\/\\\/www.parrinst.com\\\/es\\\/products\\\/hydrogenation\\\/3926-hydrogenator\\\/#primaryimage\"},\"image\":{\"@id\":\"https:\\\/\\\/www.parrinst.com\\\/es\\\/products\\\/hydrogenation\\\/3926-hydrogenator\\\/#primaryimage\"},\"thumbnailUrl\":\"https:\\\/\\\/i0.wp.com\\\/www.parrinst.com\\\/es\\\/wp-content\\\/uploads\\\/sites\\\/7\\\/2018\\\/01\\\/parr_banner_shaker_secondary.jpg?fit=2200%2C399&ssl=1\",\"datePublished\":\"2011-03-11T02:38:58+00:00\",\"dateModified\":\"2018-02-01T16:37:27+00:00\",\"breadcrumb\":{\"@id\":\"https:\\\/\\\/www.parrinst.com\\\/es\\\/products\\\/hydrogenation\\\/3926-hydrogenator\\\/#breadcrumb\"},\"inLanguage\":\"en-US\",\"potentialAction\":[{\"@type\":\"ReadAction\",\"target\":[\"https:\\\/\\\/www.parrinst.com\\\/es\\\/products\\\/hydrogenation\\\/3926-hydrogenator\\\/\"]}]},{\"@type\":\"ImageObject\",\"inLanguage\":\"en-US\",\"@id\":\"https:\\\/\\\/www.parrinst.com\\\/es\\\/products\\\/hydrogenation\\\/3926-hydrogenator\\\/#primaryimage\",\"url\":\"https:\\\/\\\/i0.wp.com\\\/www.parrinst.com\\\/es\\\/wp-content\\\/uploads\\\/sites\\\/7\\\/2018\\\/01\\\/parr_banner_shaker_secondary.jpg?fit=2200%2C399&ssl=1\",\"contentUrl\":\"https:\\\/\\\/i0.wp.com\\\/www.parrinst.com\\\/es\\\/wp-content\\\/uploads\\\/sites\\\/7\\\/2018\\\/01\\\/parr_banner_shaker_secondary.jpg?fit=2200%2C399&ssl=1\",\"width\":2200,\"height\":399},{\"@type\":\"BreadcrumbList\",\"@id\":\"https:\\\/\\\/www.parrinst.com\\\/es\\\/products\\\/hydrogenation\\\/3926-hydrogenator\\\/#breadcrumb\",\"itemListElement\":[{\"@type\":\"ListItem\",\"position\":1,\"name\":\"Home\",\"item\":\"https:\\\/\\\/www.parrinst.com\\\/es\\\/\"},{\"@type\":\"ListItem\",\"position\":2,\"name\":\"Products\",\"item\":\"https:\\\/\\\/www.parrinst.com\\\/es\\\/products\\\/\"},{\"@type\":\"ListItem\",\"position\":3,\"name\":\"Aparato Agitador de Hidrogenaci\u00f3n\",\"item\":\"https:\\\/\\\/www.parrinst.com\\\/es\\\/products\\\/hydrogenation\\\/\"},{\"@type\":\"ListItem\",\"position\":4,\"name\":\"Aparato Agitador de Hidrogenaci\u00f3n 3926\"}]},{\"@type\":\"WebSite\",\"@id\":\"https:\\\/\\\/www.parrinst.com\\\/es\\\/#website\",\"url\":\"https:\\\/\\\/www.parrinst.com\\\/es\\\/\",\"name\":\"Parr Instrument (Espa\u00f1ol)\",\"description\":\"\",\"potentialAction\":[{\"@type\":\"SearchAction\",\"target\":{\"@type\":\"EntryPoint\",\"urlTemplate\":\"https:\\\/\\\/www.parrinst.com\\\/es\\\/?s={search_term_string}\"},\"query-input\":{\"@type\":\"PropertyValueSpecification\",\"valueRequired\":true,\"valueName\":\"search_term_string\"}}],\"inLanguage\":\"en-US\"}]}<\/script>\n<!-- \/ Yoast SEO plugin. -->","yoast_head_json":{"title":"Aparato Agitador de Hidrogenaci\u00f3n 3926 - Parr Instrument (Espa\u00f1ol)","robots":{"index":"index","follow":"follow","max-snippet":"max-snippet:-1","max-image-preview":"max-image-preview:large","max-video-preview":"max-video-preview:-1"},"canonical":"https:\/\/www.parrinst.com\/es\/products\/hydrogenation\/3926-hydrogenator\/","og_locale":"en_US","og_type":"article","og_title":"Aparato Agitador de Hidrogenaci\u00f3n 3926 - Parr Instrument (Espa\u00f1ol)","og_description":"Los materiales a tratar en un Hidrogenador Parr se sellan en una botella de reacci\u00f3n con un catalizador y conectado a un dep\u00f3sito de hidr\u00f3geno. El aire es eliminado, evacuando la botella por lavado o con hidr\u00f3geno. Entonces se aplica presi\u00f3n desde el dep\u00f3sito y la botella se sacude vigorosamente para iniciar la reacci\u00f3n. Si [&hellip;]","og_url":"https:\/\/www.parrinst.com\/es\/products\/hydrogenation\/3926-hydrogenator\/","og_site_name":"Parr Instrument (Espa\u00f1ol)","article_modified_time":"2018-02-01T16:37:27+00:00","og_image":[{"width":2200,"height":399,"url":"https:\/\/www.parrinst.com\/es\/files\/2018\/01\/parr_banner_shaker_secondary.jpg","type":"image\/jpeg"}],"twitter_card":"summary_large_image","twitter_misc":{"Est. reading time":"3 minutes"},"schema":{"@context":"https:\/\/schema.org","@graph":[{"@type":"WebPage","@id":"https:\/\/www.parrinst.com\/es\/products\/hydrogenation\/3926-hydrogenator\/","url":"https:\/\/www.parrinst.com\/es\/products\/hydrogenation\/3926-hydrogenator\/","name":"Aparato Agitador de Hidrogenaci\u00f3n 3926 - Parr Instrument (Espa\u00f1ol)","isPartOf":{"@id":"https:\/\/www.parrinst.com\/es\/#website"},"primaryImageOfPage":{"@id":"https:\/\/www.parrinst.com\/es\/products\/hydrogenation\/3926-hydrogenator\/#primaryimage"},"image":{"@id":"https:\/\/www.parrinst.com\/es\/products\/hydrogenation\/3926-hydrogenator\/#primaryimage"},"thumbnailUrl":"https:\/\/i0.wp.com\/www.parrinst.com\/es\/wp-content\/uploads\/sites\/7\/2018\/01\/parr_banner_shaker_secondary.jpg?fit=2200%2C399&ssl=1","datePublished":"2011-03-11T02:38:58+00:00","dateModified":"2018-02-01T16:37:27+00:00","breadcrumb":{"@id":"https:\/\/www.parrinst.com\/es\/products\/hydrogenation\/3926-hydrogenator\/#breadcrumb"},"inLanguage":"en-US","potentialAction":[{"@type":"ReadAction","target":["https:\/\/www.parrinst.com\/es\/products\/hydrogenation\/3926-hydrogenator\/"]}]},{"@type":"ImageObject","inLanguage":"en-US","@id":"https:\/\/www.parrinst.com\/es\/products\/hydrogenation\/3926-hydrogenator\/#primaryimage","url":"https:\/\/i0.wp.com\/www.parrinst.com\/es\/wp-content\/uploads\/sites\/7\/2018\/01\/parr_banner_shaker_secondary.jpg?fit=2200%2C399&ssl=1","contentUrl":"https:\/\/i0.wp.com\/www.parrinst.com\/es\/wp-content\/uploads\/sites\/7\/2018\/01\/parr_banner_shaker_secondary.jpg?fit=2200%2C399&ssl=1","width":2200,"height":399},{"@type":"BreadcrumbList","@id":"https:\/\/www.parrinst.com\/es\/products\/hydrogenation\/3926-hydrogenator\/#breadcrumb","itemListElement":[{"@type":"ListItem","position":1,"name":"Home","item":"https:\/\/www.parrinst.com\/es\/"},{"@type":"ListItem","position":2,"name":"Products","item":"https:\/\/www.parrinst.com\/es\/products\/"},{"@type":"ListItem","position":3,"name":"Aparato Agitador de Hidrogenaci\u00f3n","item":"https:\/\/www.parrinst.com\/es\/products\/hydrogenation\/"},{"@type":"ListItem","position":4,"name":"Aparato Agitador de Hidrogenaci\u00f3n 3926"}]},{"@type":"WebSite","@id":"https:\/\/www.parrinst.com\/es\/#website","url":"https:\/\/www.parrinst.com\/es\/","name":"Parr Instrument (Espa\u00f1ol)","description":"","potentialAction":[{"@type":"SearchAction","target":{"@type":"EntryPoint","urlTemplate":"https:\/\/www.parrinst.com\/es\/?s={search_term_string}"},"query-input":{"@type":"PropertyValueSpecification","valueRequired":true,"valueName":"search_term_string"}}],"inLanguage":"en-US"}]}},"jetpack_sharing_enabled":true,"_links":{"self":[{"href":"https:\/\/www.parrinst.com\/es\/wp-json\/wp\/v2\/pages\/348","targetHints":{"allow":["GET"]}}],"collection":[{"href":"https:\/\/www.parrinst.com\/es\/wp-json\/wp\/v2\/pages"}],"about":[{"href":"https:\/\/www.parrinst.com\/es\/wp-json\/wp\/v2\/types\/page"}],"author":[{"embeddable":true,"href":"https:\/\/www.parrinst.com\/es\/wp-json\/wp\/v2\/users\/1"}],"replies":[{"embeddable":true,"href":"https:\/\/www.parrinst.com\/es\/wp-json\/wp\/v2\/comments?post=348"}],"version-history":[{"count":4,"href":"https:\/\/www.parrinst.com\/es\/wp-json\/wp\/v2\/pages\/348\/revisions"}],"predecessor-version":[{"id":37822,"href":"https:\/\/www.parrinst.com\/es\/wp-json\/wp\/v2\/pages\/348\/revisions\/37822"}],"up":[{"embeddable":true,"href":"https:\/\/www.parrinst.com\/es\/wp-json\/wp\/v2\/pages\/91"}],"wp:featuredmedia":[{"embeddable":true,"href":"https:\/\/www.parrinst.com\/es\/wp-json\/wp\/v2\/media\/37723"}],"wp:attachment":[{"href":"https:\/\/www.parrinst.com\/es\/wp-json\/wp\/v2\/media?parent=348"}],"curies":[{"name":"wp","href":"https:\/\/api.w.org\/{rel}","templated":true}]}}