{"id":3494,"date":"2011-06-26T20:13:20","date_gmt":"2011-06-27T01:13:20","guid":{"rendered":"https:\/\/www.parrinst.com\/?page_id=3494"},"modified":"2015-10-28T10:54:21","modified_gmt":"2015-10-28T16:54:21","slug":"intermediate-supply-tanks","status":"publish","type":"page","link":"https:\/\/www.parrinst.com\/es\/products\/stirred-reactors\/options-accessories\/intermediate-supply-tanks\/","title":{"rendered":"Tanques Intermedios de Suministro"},"content":{"rendered":"<p><strong>Ciertamente, el m\u00e9todo m\u00e1s simple para medir la cantidad de gas que se consume en una reacci\u00f3n<\/strong> es alimentar el gas de un recipiente de volumen conocido y medir la ca\u00edda de presi\u00f3n en este recipiente durante el curso de la reacci\u00f3n. La consideraci\u00f3n en este m\u00e9todo consiste en seleccionar un recipiente de suministro con un volumen adaptado a la cantidad de gas que se consume en la reacci\u00f3n. Tiene que ser lo suficientemente grande como para contener suficiente gas para completar la reacci\u00f3n y lo suficientemente peque\u00f1o para que la ca\u00edda de presi\u00f3n sea significativa y medible. Esta t\u00e9cnica b\u00e1sica se puede aplicar de varias maneras:<\/p>\n<ol>\n<li><strong>El tanque de suministro se puede conectar directamente al recipiente de reacci\u00f3n.<\/strong> Esto es lo m\u00e1s simple y menos costoso. Su limitaci\u00f3n principal es que la presi\u00f3n de reacci\u00f3n ira cayendo mientras el gas se consume y la reacci\u00f3n no se llevar\u00e1 a cabo a una presi\u00f3n constante.<\/li>\n<li><strong>El tanque de suministro puede equiparse con un regulador de presi\u00f3n constante.<\/strong> El regulador debe ser seleccionado para que coincida con la presi\u00f3n de operaci\u00f3n prevista. Este regulador le suministrar\u00e1 gas al recipiente de reacci\u00f3n a presi\u00f3n constante superando la limitaci\u00f3n descrita (1) anteriormente.<\/li>\n<li><strong>Las presiones iniciales y finales en el tanque de suministro se pueden medir con medidores anal\u00f3gicos,<\/strong> o se pueden hacer lecturas continuas de presi\u00f3n y registrar usando transductores de presi\u00f3n. Si bien, los transductores a\u00f1aden costo tambi\u00e9n a\u00f1aden mayor resoluci\u00f3n y la oportunidad de dar seguimiento a la tasa de ca\u00edda de presi\u00f3n y por lo tanto a la velocidad de reacci\u00f3n.<\/li>\n<li><strong>La precisi\u00f3n mejorada se puede lograr midiendo la temperatura<\/strong> en el tanque de suministro y aplicar correcciones seg\u00fan sea necesario.<\/li>\n<\/ol>\n<p>Parr ha reunido una serie de buretas de alta presi\u00f3n en paquetes completos para la conexi\u00f3n directa de nuestros reactores.\u00a0 los b\u00e1sicos son <a href=\"https:\/\/www.parrinst.com\/es\/products\/stirred-reactors\/options-accessories\/high-pressure-burette\/\">listados en la p\u00e1gina siguiente<\/a>.<\/p>\n<p>Estas buretas tambi\u00e9n pueden estar equipadas con transductores digitales de presi\u00f3n, termopares internos y adquisici\u00f3n de datos y reducci\u00f3n de soporte. P\u00f3ngase en contacto con nuestro grupo de soporte al cliente para obtener informaci\u00f3n acerca estas posibilidades.<\/p>\n","protected":false},"excerpt":{"rendered":"<p>Ciertamente, el m\u00e9todo m\u00e1s simple para medir la cantidad de gas que se consume en una reacci\u00f3n es alimentar el gas de un recipiente de volumen conocido y medir la ca\u00edda de presi\u00f3n en este recipiente durante el curso de la reacci\u00f3n. La consideraci\u00f3n en este m\u00e9todo consiste en seleccionar un recipiente de suministro con [&hellip;]<\/p>\n","protected":false},"author":1,"featured_media":36874,"parent":128,"menu_order":10,"comment_status":"closed","ping_status":"closed","template":"product-wide.php","meta":{"_acf_changed":false,"footnotes":"","_links_to":"","_links_to_target":""},"class_list":["post-3494","page","type-page","status-publish","has-post-thumbnail","hentry"],"acf":[],"yoast_head":"<!-- This site is optimized with the Yoast SEO plugin v27.5 - https:\/\/yoast.com\/product\/yoast-seo-wordpress\/ -->\n<title>Tanques Intermedios de Suministro - Parr Instrument (Espa\u00f1ol)<\/title>\n<meta name=\"robots\" content=\"index, follow, max-snippet:-1, max-image-preview:large, max-video-preview:-1\" \/>\n<link rel=\"canonical\" href=\"https:\/\/www.parrinst.com\/es\/products\/stirred-reactors\/options-accessories\/intermediate-supply-tanks\/\" \/>\n<meta property=\"og:locale\" content=\"en_US\" \/>\n<meta property=\"og:type\" content=\"article\" \/>\n<meta property=\"og:title\" content=\"Tanques Intermedios de Suministro - Parr Instrument (Espa\u00f1ol)\" \/>\n<meta property=\"og:description\" content=\"Ciertamente, el m\u00e9todo m\u00e1s simple para medir la cantidad de gas que se consume en una reacci\u00f3n es alimentar el gas de un recipiente de volumen conocido y medir la ca\u00edda de presi\u00f3n en este recipiente durante el curso de la reacci\u00f3n. La consideraci\u00f3n en este m\u00e9todo consiste en seleccionar un recipiente de suministro con [&hellip;]\" \/>\n<meta property=\"og:url\" content=\"https:\/\/www.parrinst.com\/es\/products\/stirred-reactors\/options-accessories\/intermediate-supply-tanks\/\" \/>\n<meta property=\"og:site_name\" content=\"Parr Instrument (Espa\u00f1ol)\" \/>\n<meta property=\"article:modified_time\" content=\"2015-10-28T16:54:21+00:00\" \/>\n<meta property=\"og:image\" content=\"https:\/\/www.parrinst.com\/es\/files\/2017\/12\/parr_banner_stirred3_secondary.jpg\" \/>\n\t<meta property=\"og:image:width\" content=\"2200\" \/>\n\t<meta property=\"og:image:height\" content=\"399\" \/>\n\t<meta property=\"og:image:type\" content=\"image\/jpeg\" \/>\n<meta name=\"twitter:card\" content=\"summary_large_image\" \/>\n<meta name=\"twitter:label1\" content=\"Est. reading time\" \/>\n\t<meta name=\"twitter:data1\" content=\"2 minutes\" \/>\n<script type=\"application\/ld+json\" class=\"yoast-schema-graph\">{\"@context\":\"https:\\\/\\\/schema.org\",\"@graph\":[{\"@type\":\"WebPage\",\"@id\":\"https:\\\/\\\/www.parrinst.com\\\/es\\\/products\\\/stirred-reactors\\\/options-accessories\\\/intermediate-supply-tanks\\\/\",\"url\":\"https:\\\/\\\/www.parrinst.com\\\/es\\\/products\\\/stirred-reactors\\\/options-accessories\\\/intermediate-supply-tanks\\\/\",\"name\":\"Tanques Intermedios de Suministro - Parr Instrument (Espa\u00f1ol)\",\"isPartOf\":{\"@id\":\"https:\\\/\\\/www.parrinst.com\\\/es\\\/#website\"},\"primaryImageOfPage\":{\"@id\":\"https:\\\/\\\/www.parrinst.com\\\/es\\\/products\\\/stirred-reactors\\\/options-accessories\\\/intermediate-supply-tanks\\\/#primaryimage\"},\"image\":{\"@id\":\"https:\\\/\\\/www.parrinst.com\\\/es\\\/products\\\/stirred-reactors\\\/options-accessories\\\/intermediate-supply-tanks\\\/#primaryimage\"},\"thumbnailUrl\":\"https:\\\/\\\/i0.wp.com\\\/www.parrinst.com\\\/es\\\/wp-content\\\/uploads\\\/sites\\\/7\\\/2017\\\/12\\\/parr_banner_stirred3_secondary.jpg?fit=2200%2C399&ssl=1\",\"datePublished\":\"2011-06-27T01:13:20+00:00\",\"dateModified\":\"2015-10-28T16:54:21+00:00\",\"breadcrumb\":{\"@id\":\"https:\\\/\\\/www.parrinst.com\\\/es\\\/products\\\/stirred-reactors\\\/options-accessories\\\/intermediate-supply-tanks\\\/#breadcrumb\"},\"inLanguage\":\"en-US\",\"potentialAction\":[{\"@type\":\"ReadAction\",\"target\":[\"https:\\\/\\\/www.parrinst.com\\\/es\\\/products\\\/stirred-reactors\\\/options-accessories\\\/intermediate-supply-tanks\\\/\"]}]},{\"@type\":\"ImageObject\",\"inLanguage\":\"en-US\",\"@id\":\"https:\\\/\\\/www.parrinst.com\\\/es\\\/products\\\/stirred-reactors\\\/options-accessories\\\/intermediate-supply-tanks\\\/#primaryimage\",\"url\":\"https:\\\/\\\/i0.wp.com\\\/www.parrinst.com\\\/es\\\/wp-content\\\/uploads\\\/sites\\\/7\\\/2017\\\/12\\\/parr_banner_stirred3_secondary.jpg?fit=2200%2C399&ssl=1\",\"contentUrl\":\"https:\\\/\\\/i0.wp.com\\\/www.parrinst.com\\\/es\\\/wp-content\\\/uploads\\\/sites\\\/7\\\/2017\\\/12\\\/parr_banner_stirred3_secondary.jpg?fit=2200%2C399&ssl=1\",\"width\":2200,\"height\":399},{\"@type\":\"BreadcrumbList\",\"@id\":\"https:\\\/\\\/www.parrinst.com\\\/es\\\/products\\\/stirred-reactors\\\/options-accessories\\\/intermediate-supply-tanks\\\/#breadcrumb\",\"itemListElement\":[{\"@type\":\"ListItem\",\"position\":1,\"name\":\"Home\",\"item\":\"https:\\\/\\\/www.parrinst.com\\\/es\\\/\"},{\"@type\":\"ListItem\",\"position\":2,\"name\":\"Products\",\"item\":\"https:\\\/\\\/www.parrinst.com\\\/es\\\/products\\\/\"},{\"@type\":\"ListItem\",\"position\":3,\"name\":\"Reactores Agitados\",\"item\":\"https:\\\/\\\/www.parrinst.com\\\/es\\\/products\\\/stirred-reactors\\\/\"},{\"@type\":\"ListItem\",\"position\":4,\"name\":\"Accessorios\",\"item\":\"https:\\\/\\\/www.parrinst.com\\\/es\\\/products\\\/stirred-reactors\\\/options-accessories\\\/\"},{\"@type\":\"ListItem\",\"position\":5,\"name\":\"Tanques Intermedios de Suministro\"}]},{\"@type\":\"WebSite\",\"@id\":\"https:\\\/\\\/www.parrinst.com\\\/es\\\/#website\",\"url\":\"https:\\\/\\\/www.parrinst.com\\\/es\\\/\",\"name\":\"Parr Instrument (Espa\u00f1ol)\",\"description\":\"\",\"potentialAction\":[{\"@type\":\"SearchAction\",\"target\":{\"@type\":\"EntryPoint\",\"urlTemplate\":\"https:\\\/\\\/www.parrinst.com\\\/es\\\/?s={search_term_string}\"},\"query-input\":{\"@type\":\"PropertyValueSpecification\",\"valueRequired\":true,\"valueName\":\"search_term_string\"}}],\"inLanguage\":\"en-US\"}]}<\/script>\n<!-- \/ Yoast SEO plugin. -->","yoast_head_json":{"title":"Tanques Intermedios de Suministro - Parr Instrument (Espa\u00f1ol)","robots":{"index":"index","follow":"follow","max-snippet":"max-snippet:-1","max-image-preview":"max-image-preview:large","max-video-preview":"max-video-preview:-1"},"canonical":"https:\/\/www.parrinst.com\/es\/products\/stirred-reactors\/options-accessories\/intermediate-supply-tanks\/","og_locale":"en_US","og_type":"article","og_title":"Tanques Intermedios de Suministro - Parr Instrument (Espa\u00f1ol)","og_description":"Ciertamente, el m\u00e9todo m\u00e1s simple para medir la cantidad de gas que se consume en una reacci\u00f3n es alimentar el gas de un recipiente de volumen conocido y medir la ca\u00edda de presi\u00f3n en este recipiente durante el curso de la reacci\u00f3n. La consideraci\u00f3n en este m\u00e9todo consiste en seleccionar un recipiente de suministro con [&hellip;]","og_url":"https:\/\/www.parrinst.com\/es\/products\/stirred-reactors\/options-accessories\/intermediate-supply-tanks\/","og_site_name":"Parr Instrument (Espa\u00f1ol)","article_modified_time":"2015-10-28T16:54:21+00:00","og_image":[{"width":2200,"height":399,"url":"https:\/\/www.parrinst.com\/es\/files\/2017\/12\/parr_banner_stirred3_secondary.jpg","type":"image\/jpeg"}],"twitter_card":"summary_large_image","twitter_misc":{"Est. reading time":"2 minutes"},"schema":{"@context":"https:\/\/schema.org","@graph":[{"@type":"WebPage","@id":"https:\/\/www.parrinst.com\/es\/products\/stirred-reactors\/options-accessories\/intermediate-supply-tanks\/","url":"https:\/\/www.parrinst.com\/es\/products\/stirred-reactors\/options-accessories\/intermediate-supply-tanks\/","name":"Tanques Intermedios de Suministro - Parr Instrument (Espa\u00f1ol)","isPartOf":{"@id":"https:\/\/www.parrinst.com\/es\/#website"},"primaryImageOfPage":{"@id":"https:\/\/www.parrinst.com\/es\/products\/stirred-reactors\/options-accessories\/intermediate-supply-tanks\/#primaryimage"},"image":{"@id":"https:\/\/www.parrinst.com\/es\/products\/stirred-reactors\/options-accessories\/intermediate-supply-tanks\/#primaryimage"},"thumbnailUrl":"https:\/\/i0.wp.com\/www.parrinst.com\/es\/wp-content\/uploads\/sites\/7\/2017\/12\/parr_banner_stirred3_secondary.jpg?fit=2200%2C399&ssl=1","datePublished":"2011-06-27T01:13:20+00:00","dateModified":"2015-10-28T16:54:21+00:00","breadcrumb":{"@id":"https:\/\/www.parrinst.com\/es\/products\/stirred-reactors\/options-accessories\/intermediate-supply-tanks\/#breadcrumb"},"inLanguage":"en-US","potentialAction":[{"@type":"ReadAction","target":["https:\/\/www.parrinst.com\/es\/products\/stirred-reactors\/options-accessories\/intermediate-supply-tanks\/"]}]},{"@type":"ImageObject","inLanguage":"en-US","@id":"https:\/\/www.parrinst.com\/es\/products\/stirred-reactors\/options-accessories\/intermediate-supply-tanks\/#primaryimage","url":"https:\/\/i0.wp.com\/www.parrinst.com\/es\/wp-content\/uploads\/sites\/7\/2017\/12\/parr_banner_stirred3_secondary.jpg?fit=2200%2C399&ssl=1","contentUrl":"https:\/\/i0.wp.com\/www.parrinst.com\/es\/wp-content\/uploads\/sites\/7\/2017\/12\/parr_banner_stirred3_secondary.jpg?fit=2200%2C399&ssl=1","width":2200,"height":399},{"@type":"BreadcrumbList","@id":"https:\/\/www.parrinst.com\/es\/products\/stirred-reactors\/options-accessories\/intermediate-supply-tanks\/#breadcrumb","itemListElement":[{"@type":"ListItem","position":1,"name":"Home","item":"https:\/\/www.parrinst.com\/es\/"},{"@type":"ListItem","position":2,"name":"Products","item":"https:\/\/www.parrinst.com\/es\/products\/"},{"@type":"ListItem","position":3,"name":"Reactores Agitados","item":"https:\/\/www.parrinst.com\/es\/products\/stirred-reactors\/"},{"@type":"ListItem","position":4,"name":"Accessorios","item":"https:\/\/www.parrinst.com\/es\/products\/stirred-reactors\/options-accessories\/"},{"@type":"ListItem","position":5,"name":"Tanques Intermedios de Suministro"}]},{"@type":"WebSite","@id":"https:\/\/www.parrinst.com\/es\/#website","url":"https:\/\/www.parrinst.com\/es\/","name":"Parr Instrument (Espa\u00f1ol)","description":"","potentialAction":[{"@type":"SearchAction","target":{"@type":"EntryPoint","urlTemplate":"https:\/\/www.parrinst.com\/es\/?s={search_term_string}"},"query-input":{"@type":"PropertyValueSpecification","valueRequired":true,"valueName":"search_term_string"}}],"inLanguage":"en-US"}]}},"jetpack_sharing_enabled":true,"_links":{"self":[{"href":"https:\/\/www.parrinst.com\/es\/wp-json\/wp\/v2\/pages\/3494","targetHints":{"allow":["GET"]}}],"collection":[{"href":"https:\/\/www.parrinst.com\/es\/wp-json\/wp\/v2\/pages"}],"about":[{"href":"https:\/\/www.parrinst.com\/es\/wp-json\/wp\/v2\/types\/page"}],"author":[{"embeddable":true,"href":"https:\/\/www.parrinst.com\/es\/wp-json\/wp\/v2\/users\/1"}],"replies":[{"embeddable":true,"href":"https:\/\/www.parrinst.com\/es\/wp-json\/wp\/v2\/comments?post=3494"}],"version-history":[{"count":0,"href":"https:\/\/www.parrinst.com\/es\/wp-json\/wp\/v2\/pages\/3494\/revisions"}],"up":[{"embeddable":true,"href":"https:\/\/www.parrinst.com\/es\/wp-json\/wp\/v2\/pages\/128"}],"wp:featuredmedia":[{"embeddable":true,"href":"https:\/\/www.parrinst.com\/es\/wp-json\/wp\/v2\/media\/36874"}],"wp:attachment":[{"href":"https:\/\/www.parrinst.com\/es\/wp-json\/wp\/v2\/media?parent=3494"}],"curies":[{"name":"wp","href":"https:\/\/api.w.org\/{rel}","templated":true}]}}