{"id":351,"date":"2011-03-10T20:39:47","date_gmt":"2011-03-11T02:39:47","guid":{"rendered":"https:\/\/www.parrinst.com\/?page_id=351"},"modified":"2021-06-16T13:38:39","modified_gmt":"2021-06-16T18:38:39","slug":"options-accessories","status":"publish","type":"page","link":"https:\/\/www.parrinst.com\/es\/products\/hydrogenation\/options-accessories\/","title":{"rendered":"Opciones y Accessorios"},"content":{"rendered":"<h4>Botellas probados bajo Presi\u00f3n<\/h4>\n<p>Las botellas est\u00e1ndares (66CA) para los equipos de la serie 3910 est\u00e1n hechas con una pared gruesa muy resistente y fondo redondeado lo cual reduce su capacidad real a aproximadamente 470 mL.<\/p>\n<p>Las botellas para los equipo m\u00e1s grandes de la serie 3920 est\u00e1n hechas de diferentes tama\u00f1os, desde 1000 hasta 2500 mL, de las cuales todas embonan en el mismo sujetador de botella. Con cada hidrogenador de la serie 3920, se proveen las botellas de fondo plano de 1000 y 2000 mL. \u00c9stas son botellas sopladas por m\u00e1quinas y cuidadosamente seleccionadas por lo cual debido a su tama\u00f1o est\u00e1n restringidas a presiones de trabajo de 40 y 30 psig. Si se requieren presiones de hasta de 60 psig para el tratamiento de grandes cantidades de reactante, el usuario necesita comprar la botella especial para trabajo pesado de 2250 mL (72CA4), la cual est\u00e1 hecha espec\u00edficamente para tal prop\u00f3sito. \u00c9sta es una botella soplada de borosilicato de vidrio con una pared extra muy resistente, que es mucho m\u00e1s fuerte que las botellas est\u00e1ndares hechas a m\u00e1quina. O para reacciones que pueden manejarse satisfactoriamente en acero inoxidable, hay una botella de 1825 mL elaborada de Acero Inoxidable T316, la cual puede ser instalada en cualquier Equipo de la serie 3920. Esta botella con una tapa de acero inoxidable y un empaque tipo O-ring puede soportar presiones de operaci\u00f3n hasta de 60 psig.<\/p>\n<table class=\"GeneralTable\">\n<tbody>\n<tr class=\"GeneralTable-DarkBlue\">\n<td colspan=\"6\">Botella de Reacciones para Hidrogenadores Parr<\/td>\n<\/tr>\n<tr>\n<td><strong><strong>Modelo N\u00b0<\/strong><\/strong><\/td>\n<td><strong><strong>Botella N\u00b0<\/strong><\/strong><\/td>\n<td><strong><strong>Tama\u00f1o ml<\/strong><\/strong><\/td>\n<td><strong><strong>Tipo de Botella<\/strong><\/strong><\/td>\n<td><strong><strong>Max. Presi\u00f3n de Trabajo psi<\/strong><\/strong><\/td>\n<td><strong><strong>Necesita Conector N\u00b0<\/strong><\/strong><\/td>\n<\/tr>\n<tr class=\"GeneralTable-LightBlue\">\n<td>3911\/3916<\/td>\n<td>66CA2<\/td>\n<td>250<\/td>\n<td>Vidrio de Borosilicato<\/td>\n<td>60<\/td>\n<td>A122CA2<\/td>\n<\/tr>\n<tr>\n<td>3911\/3916<\/td>\n<td>66CA4<\/td>\n<td>250<\/td>\n<td>Vidrio de Borosilicato Recubierto de Fibra de Vidrio<\/td>\n<td>60<\/td>\n<td>A122CA2<\/td>\n<\/tr>\n<tr class=\"GeneralTable-LightBlue\">\n<td>3911\/3916<\/td>\n<td>66CA<\/td>\n<td>500<\/td>\n<td>Vidrio de Borosilicato<\/td>\n<td>60<\/td>\n<td>A122CA<\/td>\n<\/tr>\n<tr>\n<td>3911<\/td>\n<td>66CA3<\/td>\n<td>500<\/td>\n<td>Vidrio de Borosilicato Recubierto de Fibra de Vidrio<\/td>\n<td>60<\/td>\n<td>A122CA<\/td>\n<\/tr>\n<tr class=\"GeneralTable-LightBlue\">\n<td>3921\/3926<\/td>\n<td>71CA<\/td>\n<td>1000<\/td>\n<td>Vidrio de Borosilicato<\/td>\n<td>40<\/td>\n<td>A123CA2<\/td>\n<\/tr>\n<tr>\n<td>3921<\/td>\n<td>71CA2<\/td>\n<td>1000<\/td>\n<td>Vidrio de Borosilicato Recubierto de Fibra de Vidrio<\/td>\n<td>40<\/td>\n<td>A123CA2<\/td>\n<\/tr>\n<tr class=\"GeneralTable-LightBlue\">\n<td>3921\/3926<\/td>\n<td>72CA<\/td>\n<td>2000<\/td>\n<td>Vidrio de Borosilicato<\/td>\n<td>30<\/td>\n<td>A123CA<\/td>\n<\/tr>\n<tr>\n<td>3921<\/td>\n<td>72CA3<\/td>\n<td>2000<\/td>\n<td>Vidrio de Borosilicato Recubierto de Fibra de Vidrio<\/td>\n<td>30<\/td>\n<td>A123CA<\/td>\n<\/tr>\n<tr class=\"GeneralTable-LightBlue\">\n<td>3921\/3926<\/td>\n<td>72CA4<\/td>\n<td>2250<\/td>\n<td>Soplado a Mano, Extra Pesada, Vidrio de Borosilicato, Recubierto de Polivinilo<\/td>\n<td>60<\/td>\n<td>A123CA3<\/td>\n<\/tr>\n<tr>\n<td>3921\/3926<\/td>\n<td>A129CA3<\/td>\n<td>1825<\/td>\n<td>Acero Inoxidable<\/td>\n<td>60<\/td>\n<td>Tubo A155CA con Carrete Espaciador 133CA2<\/td>\n<\/tr>\n<\/tbody>\n<\/table>\n<p>La botella est\u00e1ndar de 500 ml (66CA) para el Aparato 3911 est\u00e1 hecha con una pared gruesa y un fondo redondeado, lo que reduce su capacidad real a aproximadamente 470 ml. Esta botella ajusta perfectamente dentro de una envoltura de pantalla met\u00e1lica que restringir\u00eda el vidrio que volar\u00eda en caso de rotura accidental. Peque\u00f1as cargas pueden ser tratadas en una botella de 250 ml (66CA2) que cabe en el mismo soporte de botella, pero necesita un carrete espaciador adicional para compensar las diferencias en altura de las botellas. Botellas especiales con menor capacidad de hasta 50 ml o menos pueden ser fabricadas para el tratamiento de micro muestras. (Augustine describe una botella de micro hidrogenaci\u00f3n que puede hacerse sellando un recipiente de 50 ml o m\u00e1s peque\u00f1o de paredes gruesas dentro de una botella m\u00e1s grande.)<\/p>\n<p>Las botellas para el Aparato 3921 m\u00e1s grande, se hacen en varios tama\u00f1os desde 1000 a 2500 ml, las cuales encajan en el mismo sujetador de botella. Se entrega una botella sencilla de 1000 y otro de 2000 ml con cada Hidrogenador 3921. Son botellas sopladas a m\u00e1quina seleccionadas cuidadosamente, que debido a su gran tama\u00f1o, est\u00e1n restringidas a presiones de trabajo de 40 y 30 psig. Si se requieren altas presiones de hasta 60 psig para el tratamiento de grandes cantidades de reactivos, se insta a los usuarios a adquirir la botella especial de 2250 ml de trabajo pesado (72CA4) espec\u00edfica para este prop\u00f3sito. Se trata de una botella de vidrio de borosilicato soplado con una pared de trabajo extra pesado, que es mucho m\u00e1s resistente que las botellas est\u00e1ndar hechas a m\u00e1quina. O bien, para las reacciones que pueden ser manejadas satisfactoriamente en acero inoxidable, est\u00e1 la botella de Acero Inoxidable T316, que puede ser instalada en cualquier Aparato 3921. Esta botella con tapa de acero inoxidable y sello de junta t\u00f3rica soporta presiones de hasta 60 psig.<\/p>\n<p>&nbsp;<\/p>\n<figure id=\"attachment_3019\" aria-describedby=\"caption-attachment-3019\" style=\"width: 107px\" class=\"wp-caption alignright\"><a href=\"https:\/\/i0.wp.com\/www.parrinst.com\/es\/wp-content\/uploads\/sites\/7\/2011\/06\/A451E_Heating-Mantle.jpg?ssl=1\"><img data-recalc-dims=\"1\" loading=\"lazy\" decoding=\"async\" class=\"wp-image-3019 size-thumbnail\" src=\"https:\/\/i0.wp.com\/www.parrinst.com\/es\/wp-content\/uploads\/sites\/7\/2011\/06\/A451E_Heating-Mantle.jpg?resize=107%2C150&#038;ssl=1\" alt=\"\" width=\"107\" height=\"150\" srcset=\"https:\/\/i0.wp.com\/www.parrinst.com\/es\/wp-content\/uploads\/sites\/7\/2011\/06\/A451E_Heating-Mantle.jpg?resize=107%2C150&amp;ssl=1 107w, https:\/\/i0.wp.com\/www.parrinst.com\/es\/wp-content\/uploads\/sites\/7\/2011\/06\/A451E_Heating-Mantle.jpg?resize=214%2C300&amp;ssl=1 214w, https:\/\/i0.wp.com\/www.parrinst.com\/es\/wp-content\/uploads\/sites\/7\/2011\/06\/A451E_Heating-Mantle.jpg?w=600&amp;ssl=1 600w\" sizes=\"auto, (max-width: 107px) 100vw, 107px\" \/><\/a><figcaption id=\"caption-attachment-3019\" class=\"wp-caption-text\">Mantilla de Calentamiento A451EEB<\/figcaption><\/figure>\n<h4>Calefactores de Botellas<\/h4>\n<p>Aunque no se necesita un calefactor para muchas de las reacciones que se realizan en estos hidrogenadores, si se envuelve la botella con una mantilla el\u00e9ctrica de calentamiento se pueden alcanzar temperaturas hasta de 80\u00b0C. Las mantillas de tela de Vidrio para este prop\u00f3sito est\u00e1n disponibles en dos tama\u00f1os:<\/p>\n<table class=\"GeneralTable\">\n<tbody>\n<tr class=\"GeneralTable-DarkBlue\">\n<td colspan=\"4\">Mantillas de Calentamiento<\/td>\n<\/tr>\n<tr>\n<td><strong>Mantilla N\u00b0<\/strong><\/td>\n<td><strong>Watts<\/strong><\/td>\n<td><strong>Volts<\/strong><\/td>\n<td><strong>Uso con Botella N\u00b0<\/strong><\/td>\n<\/tr>\n<tr class=\"GeneralTable-LightBlue\">\n<td>A450EEB<\/td>\n<td>100<\/td>\n<td>115<\/td>\n<td>66CA, 66CA2<\/td>\n<\/tr>\n<tr>\n<td>A450EEE<\/td>\n<td>100<\/td>\n<td>230<\/td>\n<td>66CA, 66CA2<\/td>\n<\/tr>\n<tr class=\"GeneralTable-LightBlue\">\n<td>A451EEB<\/td>\n<td>200<\/td>\n<td>115<\/td>\n<td>71CA, 72CA, 72CA4, 129CA3<\/td>\n<\/tr>\n<tr>\n<td>A451EEE<\/td>\n<td>200<\/td>\n<td>230<\/td>\n<td>71CA, 72CA, 72CA4, 129CA3<\/td>\n<\/tr>\n<\/tbody>\n<\/table>\n<p>Estas mantillas tienen una correa ajustable para que puedan asegurarse con un ajuste apretado alrededor de cualquier tama\u00f1o de botella. Un cable de calefactor y un enchufe se proporcionan para hacer una conexi\u00f3n el\u00e9ctrica simplemente pasando el cable por la parte superior del soporte de la botella y conectarlo a un controlador de temperatura Parr 4833. Las mantillas de calentamiento no funcionan bien en botellas recubiertas con fibra de vidrio. Estos trabajan mejor en botellas de vidrio y acero inoxidable con fondo plano.<\/p>\n<h4>Control y Medici\u00f3n de Temperatura<\/h4>\n<figure id=\"attachment_10071\" aria-describedby=\"caption-attachment-10071\" style=\"width: 154px\" class=\"wp-caption alignright\"><a href=\"https:\/\/i0.wp.com\/www.parrinst.com\/es\/wp-content\/uploads\/sites\/7\/2012\/10\/4833_Temperature-Control.jpg?ssl=1\"><img data-recalc-dims=\"1\" loading=\"lazy\" decoding=\"async\" class=\"wp-image-10071 size-thumbnail\" title=\"4833 Temperature Controller\" src=\"https:\/\/i0.wp.com\/www.parrinst.com\/es\/wp-content\/uploads\/sites\/7\/2012\/10\/4833_Temperature-Control.jpg?resize=154%2C150&#038;ssl=1\" alt=\"\" width=\"154\" height=\"150\" srcset=\"https:\/\/i0.wp.com\/www.parrinst.com\/es\/wp-content\/uploads\/sites\/7\/2012\/10\/4833_Temperature-Control.jpg?resize=154%2C150&amp;ssl=1 154w, https:\/\/i0.wp.com\/www.parrinst.com\/es\/wp-content\/uploads\/sites\/7\/2012\/10\/4833_Temperature-Control.jpg?resize=300%2C293&amp;ssl=1 300w, https:\/\/i0.wp.com\/www.parrinst.com\/es\/wp-content\/uploads\/sites\/7\/2012\/10\/4833_Temperature-Control.jpg?w=600&amp;ssl=1 600w\" sizes=\"auto, (max-width: 154px) 100vw, 154px\" \/><\/a><figcaption id=\"caption-attachment-10071\" class=\"wp-caption-text\">Controlador de Temperatura 4833<\/figcaption><\/figure>\n<p>La medici\u00f3n de temperatura y un control autom\u00e1tico de temperatura de botella se pueden agregar a cualquier hidrogenador tipo agitador Serie 3900 con un Controlador de Temperatura Parr 4833. Este controlador compacto, basado en un microprocesador mide y controla la temperatura de la botella en un grado C en el rango de 25 a 80\u00baC sin una gran inversi\u00f3n en equipos de control autom\u00e1tico, proporcionando varias caracter\u00edsticas generalmente disponibles s\u00f3lo en los sistemas de control m\u00e1s costosos de temperatura.<\/p>\n<p>El controlador de 4833 opera con un termopar tipo J (hierro-constantan) en una sonda de 1\/8\u201d de di\u00e1metro de acero inoxidable dentro de un Ensamble de Termopar A159CA que contiene a la sonda y el gas pasa a trav\u00e9s de una sola abertura en el tap\u00f3n de la botella. Los ensambles se proporcionan con termopares de diferentes longitudes para diferentes tama\u00f1os de botellas.<\/p>\n<p>El usuario puede programar el controlador para funcionar en modo simple ON\/OFF o en un modo PID m\u00e1s resistente (Proporcional-Integral-Derivativo) en que el sistema eval\u00faa y usa la dependencia del tiempo del punto de ajuste\/proceso de la relaci\u00f3n de temperatura para aumentar la acci\u00f3n proporcional del controlador. El controlador puede ser instruido para sintonizar autom\u00e1ticamente los par\u00e1metros de PID para adaptarse a las caracter\u00edsticas del sistema. Dos pantallas, de cuatro d\u00edgitos muestran el punto de ajuste y la temperatura de la botella. Un interruptor iluminado de calefacci\u00f3n muestra si se est\u00e1 aplicando energ\u00eda al calefactor. Un sobrecalentamiento o una rotura en el circuito del termopar activar\u00e1n una alarma y apagar\u00e1n el calefactor.<\/p>\n<p>Basta con enchufar el calefactor y los cables del termopar en las tomas del panel posterior para hacer conexi\u00f3n el\u00e9ctrica con el Controlador 4833. El calefactor carga hasta 3 amperios y puede ser manejado por un rel\u00e9 incorporado de estado s\u00f3lido. Las unidades pueden ser fabricadas para operar a 115 o 230 voltios, equipados con clavijas y contactos de toma de corriente est\u00e1ndares aterrizados a tierra, especialmente para el pa\u00eds de destino.<\/p>\n<p>Los usuarios que no necesitan las caracter\u00edsticas de control autom\u00e1tico proporcionadas por el Controlador 4833 pueden medir la temperatura de la botella con cualquier indicador de temperatura de laboratorio o industrial adecuado para usarse con un termopar tipo J, comprando s\u00f3lo un ensamble de conector de botella A159CA con un termopar A295E. Los term\u00f3metros de vidrio no se pueden usar en estos hidrogenadores ya que son demasiado fr\u00e1giles para soportar la acci\u00f3n vigorosa del agitador de botella.<\/p>\n<table class=\"GeneralTable\">\n<tbody>\n<tr class=\"GeneralTable-DarkBlue\">\n<td colspan=\"5\">Ensambles de Termopar<\/td>\n<\/tr>\n<tr>\n<td><strong>Ensamble N\u00b0<\/strong><\/td>\n<td><strong>Equipado con un termopar n\u00famero<\/strong><\/td>\n<td><strong>Uso con Botella N\u00b0<\/strong><\/td>\n<td><strong>Tama\u00f1o de Botella, mL<\/strong><\/td>\n<\/tr>\n<tr class=\"GeneralTable-LightBlue\">\n<td>A159CAPA<\/td>\n<td>A295EPA<\/td>\n<td>66CA2<\/td>\n<td>250<\/td>\n<\/tr>\n<tr>\n<td>A159CA2PA<\/td>\n<td>A295EPA<\/td>\n<td>66CA<\/td>\n<td>500<\/td>\n<\/tr>\n<tr class=\"GeneralTable-LightBlue\">\n<td>A159CA3PA<\/td>\n<td>A295E2PA<\/td>\n<td>71CA<\/td>\n<td>1000<\/td>\n<\/tr>\n<tr>\n<td rowspan=\"2\">A159CA4PA<\/td>\n<td rowspan=\"2\">A295E2PA<\/td>\n<td>72CA<\/td>\n<td>2000<\/td>\n<\/tr>\n<tr class=\"GeneralTable-LightBlue\">\n<td>72CA4<\/td>\n<td>2250<\/td>\n<\/tr>\n<tr>\n<td>A159CA5PA<\/td>\n<td>A295E2PA<\/td>\n<td>A129CA3<\/td>\n<td>1825<\/td>\n<\/tr>\n<\/tbody>\n<\/table>\n<h4>Chaqueta de Enfriamiento de Agua<\/h4>\n<p>El enfriamiento para la botella est\u00e1ndar 500 ml puede proporcionarse en el hidrogenador Serie 3910 adicionando una chaqueta de agua A103CA. Esta chaqueta encaja en la abrazadera de botella del protector de botella, usando un anillo de goma blanda para sellar el cuello de la botella. Los niples se proporcionan para las conexiones de manguera a una l\u00ednea de agua fr\u00eda y un drenaje. Esta chaqueta s\u00f3lo se hace para la botella de 500 ml. No se ofrece en tama\u00f1os grandes.<\/p>\n<h4>Motores El\u00e9ctricos<\/h4>\n<p>Un motor el\u00e9ctrico impulsa el agitador de la botella por el hidrogenador Series 3910 mediante una banda de transmisi\u00f3n. En el equipo m\u00e1s grande\u00a0series 3920, el agitador es impulsado directamente por un motor de \u00bc de caballos de fuerza mediante un mecanismo de manivela. Estos son motores de velocidad constante que oscilan el agitador a aproximadamente 175 ciclos por minuto. No son a prueba de explosiones, sin embargo estos no son considerados como altamente peligrosos si son operados en un lugar con buena ventilaci\u00f3n donde se tomen las precauciones necesarias para evitar la acumulaci\u00f3n de gases o vapores explosivos. Si se requiere un motor a prueba de explosi\u00f3n, \u00e9ste puede ser fabricado con un costo extra. Las unidades equipadas con un motor a prueba de explosiones se suministran con un cable e interruptor de conexi\u00f3n que no son a prueba de explosiones. Si se necesitan interruptores y cableado a prueba de explosi\u00f3n pueden ser suministrados por Parr Instrument Company.<\/p>\n<p><strong>Certificaci\u00f3n<\/strong><\/p>\n<p>Los hidrogenadores Parr de los modelos 3911 y 3921, incluidos aquellos con motores opcionales a prueba de explosiones, interruptores y \/ o cableado descritos anteriormente, est\u00e1n certificados seg\u00fan el c\u00f3digo el\u00e9ctrico de la Canadian Standards Association (CSA). Los calentadores suministrados con los modelos 3916 y 3926 no est\u00e1n aprobados por CSA.<\/p>\n","protected":false},"excerpt":{"rendered":"<p>Botellas probados bajo Presi\u00f3n Las botellas est\u00e1ndares (66CA) para los equipos de la serie 3910 est\u00e1n hechas con una pared gruesa muy resistente y fondo redondeado lo cual reduce su capacidad real a aproximadamente 470 mL. Las botellas para los equipo m\u00e1s grandes de la serie 3920 est\u00e1n hechas de diferentes tama\u00f1os, desde 1000 hasta [&hellip;]<\/p>\n","protected":false},"author":1,"featured_media":37723,"parent":91,"menu_order":5,"comment_status":"closed","ping_status":"closed","template":"general-tabs.php","meta":{"_acf_changed":false,"footnotes":"","_links_to":"","_links_to_target":""},"class_list":["post-351","page","type-page","status-publish","has-post-thumbnail","hentry"],"acf":[],"yoast_head":"<!-- This site is optimized with the Yoast SEO plugin v27.5 - https:\/\/yoast.com\/product\/yoast-seo-wordpress\/ -->\n<title>Opciones y Accessorios - Parr Instrument (Espa\u00f1ol)<\/title>\n<meta name=\"robots\" content=\"index, follow, max-snippet:-1, max-image-preview:large, max-video-preview:-1\" \/>\n<link rel=\"canonical\" href=\"https:\/\/www.parrinst.com\/es\/products\/hydrogenation\/options-accessories\/\" \/>\n<meta property=\"og:locale\" content=\"en_US\" \/>\n<meta property=\"og:type\" content=\"article\" \/>\n<meta property=\"og:title\" content=\"Opciones y Accessorios - Parr Instrument (Espa\u00f1ol)\" \/>\n<meta property=\"og:description\" content=\"Botellas probados bajo Presi\u00f3n Las botellas est\u00e1ndares (66CA) para los equipos de la serie 3910 est\u00e1n hechas con una pared gruesa muy resistente y fondo redondeado lo cual reduce su capacidad real a aproximadamente 470 mL. Las botellas para los equipo m\u00e1s grandes de la serie 3920 est\u00e1n hechas de diferentes tama\u00f1os, desde 1000 hasta [&hellip;]\" \/>\n<meta property=\"og:url\" content=\"https:\/\/www.parrinst.com\/es\/products\/hydrogenation\/options-accessories\/\" \/>\n<meta property=\"og:site_name\" content=\"Parr Instrument (Espa\u00f1ol)\" \/>\n<meta property=\"article:modified_time\" content=\"2021-06-16T18:38:39+00:00\" \/>\n<meta property=\"og:image\" content=\"https:\/\/www.parrinst.com\/es\/files\/2018\/01\/parr_banner_shaker_secondary.jpg\" \/>\n\t<meta property=\"og:image:width\" content=\"2200\" \/>\n\t<meta property=\"og:image:height\" content=\"399\" \/>\n\t<meta property=\"og:image:type\" content=\"image\/jpeg\" \/>\n<meta name=\"twitter:card\" content=\"summary_large_image\" \/>\n<meta name=\"twitter:label1\" content=\"Est. reading time\" \/>\n\t<meta name=\"twitter:data1\" content=\"8 minutes\" \/>\n<script type=\"application\/ld+json\" class=\"yoast-schema-graph\">{\"@context\":\"https:\\\/\\\/schema.org\",\"@graph\":[{\"@type\":\"WebPage\",\"@id\":\"https:\\\/\\\/www.parrinst.com\\\/es\\\/products\\\/hydrogenation\\\/options-accessories\\\/\",\"url\":\"https:\\\/\\\/www.parrinst.com\\\/es\\\/products\\\/hydrogenation\\\/options-accessories\\\/\",\"name\":\"Opciones y Accessorios - Parr Instrument (Espa\u00f1ol)\",\"isPartOf\":{\"@id\":\"https:\\\/\\\/www.parrinst.com\\\/es\\\/#website\"},\"primaryImageOfPage\":{\"@id\":\"https:\\\/\\\/www.parrinst.com\\\/es\\\/products\\\/hydrogenation\\\/options-accessories\\\/#primaryimage\"},\"image\":{\"@id\":\"https:\\\/\\\/www.parrinst.com\\\/es\\\/products\\\/hydrogenation\\\/options-accessories\\\/#primaryimage\"},\"thumbnailUrl\":\"https:\\\/\\\/i0.wp.com\\\/www.parrinst.com\\\/es\\\/wp-content\\\/uploads\\\/sites\\\/7\\\/2018\\\/01\\\/parr_banner_shaker_secondary.jpg?fit=2200%2C399&ssl=1\",\"datePublished\":\"2011-03-11T02:39:47+00:00\",\"dateModified\":\"2021-06-16T18:38:39+00:00\",\"breadcrumb\":{\"@id\":\"https:\\\/\\\/www.parrinst.com\\\/es\\\/products\\\/hydrogenation\\\/options-accessories\\\/#breadcrumb\"},\"inLanguage\":\"en-US\",\"potentialAction\":[{\"@type\":\"ReadAction\",\"target\":[\"https:\\\/\\\/www.parrinst.com\\\/es\\\/products\\\/hydrogenation\\\/options-accessories\\\/\"]}]},{\"@type\":\"ImageObject\",\"inLanguage\":\"en-US\",\"@id\":\"https:\\\/\\\/www.parrinst.com\\\/es\\\/products\\\/hydrogenation\\\/options-accessories\\\/#primaryimage\",\"url\":\"https:\\\/\\\/i0.wp.com\\\/www.parrinst.com\\\/es\\\/wp-content\\\/uploads\\\/sites\\\/7\\\/2018\\\/01\\\/parr_banner_shaker_secondary.jpg?fit=2200%2C399&ssl=1\",\"contentUrl\":\"https:\\\/\\\/i0.wp.com\\\/www.parrinst.com\\\/es\\\/wp-content\\\/uploads\\\/sites\\\/7\\\/2018\\\/01\\\/parr_banner_shaker_secondary.jpg?fit=2200%2C399&ssl=1\",\"width\":2200,\"height\":399},{\"@type\":\"BreadcrumbList\",\"@id\":\"https:\\\/\\\/www.parrinst.com\\\/es\\\/products\\\/hydrogenation\\\/options-accessories\\\/#breadcrumb\",\"itemListElement\":[{\"@type\":\"ListItem\",\"position\":1,\"name\":\"Home\",\"item\":\"https:\\\/\\\/www.parrinst.com\\\/es\\\/\"},{\"@type\":\"ListItem\",\"position\":2,\"name\":\"Products\",\"item\":\"https:\\\/\\\/www.parrinst.com\\\/es\\\/products\\\/\"},{\"@type\":\"ListItem\",\"position\":3,\"name\":\"Aparato Agitador de Hidrogenaci\u00f3n\",\"item\":\"https:\\\/\\\/www.parrinst.com\\\/es\\\/products\\\/hydrogenation\\\/\"},{\"@type\":\"ListItem\",\"position\":4,\"name\":\"Opciones y Accessorios\"}]},{\"@type\":\"WebSite\",\"@id\":\"https:\\\/\\\/www.parrinst.com\\\/es\\\/#website\",\"url\":\"https:\\\/\\\/www.parrinst.com\\\/es\\\/\",\"name\":\"Parr Instrument (Espa\u00f1ol)\",\"description\":\"\",\"potentialAction\":[{\"@type\":\"SearchAction\",\"target\":{\"@type\":\"EntryPoint\",\"urlTemplate\":\"https:\\\/\\\/www.parrinst.com\\\/es\\\/?s={search_term_string}\"},\"query-input\":{\"@type\":\"PropertyValueSpecification\",\"valueRequired\":true,\"valueName\":\"search_term_string\"}}],\"inLanguage\":\"en-US\"}]}<\/script>\n<!-- \/ Yoast SEO plugin. -->","yoast_head_json":{"title":"Opciones y Accessorios - Parr Instrument (Espa\u00f1ol)","robots":{"index":"index","follow":"follow","max-snippet":"max-snippet:-1","max-image-preview":"max-image-preview:large","max-video-preview":"max-video-preview:-1"},"canonical":"https:\/\/www.parrinst.com\/es\/products\/hydrogenation\/options-accessories\/","og_locale":"en_US","og_type":"article","og_title":"Opciones y Accessorios - Parr Instrument (Espa\u00f1ol)","og_description":"Botellas probados bajo Presi\u00f3n Las botellas est\u00e1ndares (66CA) para los equipos de la serie 3910 est\u00e1n hechas con una pared gruesa muy resistente y fondo redondeado lo cual reduce su capacidad real a aproximadamente 470 mL. Las botellas para los equipo m\u00e1s grandes de la serie 3920 est\u00e1n hechas de diferentes tama\u00f1os, desde 1000 hasta [&hellip;]","og_url":"https:\/\/www.parrinst.com\/es\/products\/hydrogenation\/options-accessories\/","og_site_name":"Parr Instrument (Espa\u00f1ol)","article_modified_time":"2021-06-16T18:38:39+00:00","og_image":[{"width":2200,"height":399,"url":"https:\/\/www.parrinst.com\/es\/files\/2018\/01\/parr_banner_shaker_secondary.jpg","type":"image\/jpeg"}],"twitter_card":"summary_large_image","twitter_misc":{"Est. reading time":"8 minutes"},"schema":{"@context":"https:\/\/schema.org","@graph":[{"@type":"WebPage","@id":"https:\/\/www.parrinst.com\/es\/products\/hydrogenation\/options-accessories\/","url":"https:\/\/www.parrinst.com\/es\/products\/hydrogenation\/options-accessories\/","name":"Opciones y Accessorios - Parr Instrument (Espa\u00f1ol)","isPartOf":{"@id":"https:\/\/www.parrinst.com\/es\/#website"},"primaryImageOfPage":{"@id":"https:\/\/www.parrinst.com\/es\/products\/hydrogenation\/options-accessories\/#primaryimage"},"image":{"@id":"https:\/\/www.parrinst.com\/es\/products\/hydrogenation\/options-accessories\/#primaryimage"},"thumbnailUrl":"https:\/\/i0.wp.com\/www.parrinst.com\/es\/wp-content\/uploads\/sites\/7\/2018\/01\/parr_banner_shaker_secondary.jpg?fit=2200%2C399&ssl=1","datePublished":"2011-03-11T02:39:47+00:00","dateModified":"2021-06-16T18:38:39+00:00","breadcrumb":{"@id":"https:\/\/www.parrinst.com\/es\/products\/hydrogenation\/options-accessories\/#breadcrumb"},"inLanguage":"en-US","potentialAction":[{"@type":"ReadAction","target":["https:\/\/www.parrinst.com\/es\/products\/hydrogenation\/options-accessories\/"]}]},{"@type":"ImageObject","inLanguage":"en-US","@id":"https:\/\/www.parrinst.com\/es\/products\/hydrogenation\/options-accessories\/#primaryimage","url":"https:\/\/i0.wp.com\/www.parrinst.com\/es\/wp-content\/uploads\/sites\/7\/2018\/01\/parr_banner_shaker_secondary.jpg?fit=2200%2C399&ssl=1","contentUrl":"https:\/\/i0.wp.com\/www.parrinst.com\/es\/wp-content\/uploads\/sites\/7\/2018\/01\/parr_banner_shaker_secondary.jpg?fit=2200%2C399&ssl=1","width":2200,"height":399},{"@type":"BreadcrumbList","@id":"https:\/\/www.parrinst.com\/es\/products\/hydrogenation\/options-accessories\/#breadcrumb","itemListElement":[{"@type":"ListItem","position":1,"name":"Home","item":"https:\/\/www.parrinst.com\/es\/"},{"@type":"ListItem","position":2,"name":"Products","item":"https:\/\/www.parrinst.com\/es\/products\/"},{"@type":"ListItem","position":3,"name":"Aparato Agitador de Hidrogenaci\u00f3n","item":"https:\/\/www.parrinst.com\/es\/products\/hydrogenation\/"},{"@type":"ListItem","position":4,"name":"Opciones y Accessorios"}]},{"@type":"WebSite","@id":"https:\/\/www.parrinst.com\/es\/#website","url":"https:\/\/www.parrinst.com\/es\/","name":"Parr Instrument (Espa\u00f1ol)","description":"","potentialAction":[{"@type":"SearchAction","target":{"@type":"EntryPoint","urlTemplate":"https:\/\/www.parrinst.com\/es\/?s={search_term_string}"},"query-input":{"@type":"PropertyValueSpecification","valueRequired":true,"valueName":"search_term_string"}}],"inLanguage":"en-US"}]}},"jetpack_sharing_enabled":true,"_links":{"self":[{"href":"https:\/\/www.parrinst.com\/es\/wp-json\/wp\/v2\/pages\/351","targetHints":{"allow":["GET"]}}],"collection":[{"href":"https:\/\/www.parrinst.com\/es\/wp-json\/wp\/v2\/pages"}],"about":[{"href":"https:\/\/www.parrinst.com\/es\/wp-json\/wp\/v2\/types\/page"}],"author":[{"embeddable":true,"href":"https:\/\/www.parrinst.com\/es\/wp-json\/wp\/v2\/users\/1"}],"replies":[{"embeddable":true,"href":"https:\/\/www.parrinst.com\/es\/wp-json\/wp\/v2\/comments?post=351"}],"version-history":[{"count":15,"href":"https:\/\/www.parrinst.com\/es\/wp-json\/wp\/v2\/pages\/351\/revisions"}],"predecessor-version":[{"id":40177,"href":"https:\/\/www.parrinst.com\/es\/wp-json\/wp\/v2\/pages\/351\/revisions\/40177"}],"up":[{"embeddable":true,"href":"https:\/\/www.parrinst.com\/es\/wp-json\/wp\/v2\/pages\/91"}],"wp:featuredmedia":[{"embeddable":true,"href":"https:\/\/www.parrinst.com\/es\/wp-json\/wp\/v2\/media\/37723"}],"wp:attachment":[{"href":"https:\/\/www.parrinst.com\/es\/wp-json\/wp\/v2\/media?parent=351"}],"curies":[{"name":"wp","href":"https:\/\/api.w.org\/{rel}","templated":true}]}}