{"id":3626,"date":"2011-06-27T15:52:14","date_gmt":"2011-06-27T20:52:14","guid":{"rendered":"https:\/\/www.parrinst.com\/?page_id=3626"},"modified":"2013-02-15T16:59:12","modified_gmt":"2013-02-15T22:59:12","slug":"manual-control-valves-for-compressed-gas-tanks","status":"publish","type":"page","link":"https:\/\/www.parrinst.com\/es\/products\/stirred-reactors\/options-accessories\/manual-control-valves-for-compressed-gas-tanks\/","title":{"rendered":"V\u00e1lvulas de Control Manual para Tanques de Gas Comprimido"},"content":{"rendered":"<p><strong>V\u00e1lvulas de Tanques con acoplamientos<\/strong> para adaptarse a cilindros de gas comprimido est\u00e1ndar est\u00e1n disponibles en acero inoxidable para gases corrosivos y en lat\u00f3n niquelado para gases no corrosivos. Las v\u00e1lvulas de lat\u00f3n tienen un man\u00f3metro de 2-1\/2&#8243; De di\u00e1metro que muestra la presi\u00f3n del tanque. Ambos estilos tienen un salida hembra de NPT de 1\/4&#8243; que acepta cualquier manguera de presi\u00f3n o ensamble de tubo de gas. Estas v\u00e1lvulas no regulan la presi\u00f3n de suministro de gas. Los reguladores de presi\u00f3n est\u00e1n disponibles bajo pedido especial.<\/p>\n<table class=\"GeneralTable\">\n<tbody>\n<tr>\n<td class=\"GeneralTable-DarkBlue\" colspan=\"3\">V\u00e1lvulas-Sin Medidor de Acero Inoxidable T303<\/td>\n<\/tr>\n<tr>\n<td><strong>Para Tanque CGA N\u00b0 V\u00e1lvula <\/strong><\/td>\n<td><strong>Salida N\u00b0<\/strong><\/td>\n<td><strong>Uso T\u00edpico<\/strong><\/td>\n<\/tr>\n<tr class=\"GeneralTable-LightBlue\">\n<td>A120VBPN<\/td>\n<td>510<\/td>\n<td>Propano, butano, \u00f3xido de etileno<\/td>\n<\/tr>\n<tr>\n<td>A120VBPP<\/td>\n<td>660<\/td>\n<td>Cloro, di\u00f3xido de azufre, \u00f3xido n\u00edtrico<\/td>\n<\/tr>\n<\/tbody>\n<\/table>\n<p>&nbsp;<\/p>\n<table class=\"GeneralTable\">\n<tbody>\n<tr>\n<td class=\"GeneralTable-DarkBlue\" colspan=\"3\">V\u00e1lvulas de Lat\u00f3n niquelado con Man\u00f3metro de Cilindro<\/td>\n<\/tr>\n<tr>\n<td><strong>Para Tanque CGA N\u00b0 V\u00e1lvula<\/strong><\/td>\n<td><strong>Salida N\u00b0 <\/strong><\/td>\n<td><strong>Uso T\u00edpico<\/strong><\/td>\n<\/tr>\n<tr class=\"GeneralTable-LightBlue\">\n<td>A120VBPQ<\/td>\n<td>320<\/td>\n<td>Di\u00f3xido de carbono, bromuro de metilo<\/td>\n<\/tr>\n<tr>\n<td>A120VBPR<\/td>\n<td>350<\/td>\n<td>Hidr\u00f3geno, mon\u00f3xido de carbono, etileno<\/td>\n<\/tr>\n<tr class=\"GeneralTable-LightBlue\">\n<td>A120VBPS<\/td>\n<td>540<\/td>\n<td>Ox\u00edgeno<\/td>\n<\/tr>\n<tr>\n<td>A120VBPT<\/td>\n<td>580<\/td>\n<td>Nitr\u00f3geno, arg\u00f3n, helio<\/td>\n<\/tr>\n<tr class=\"GeneralTable-LightBlue\">\n<td>A120VBPU<\/td>\n<td>590<\/td>\n<td>Aire<\/td>\n<\/tr>\n<tr>\n<td colspan=\"3\"><em>Nota: Puede ser equipado con conexiones DIN\/BSP bajo pedido especial<\/em><\/td>\n<\/tr>\n<\/tbody>\n<\/table>\n","protected":false},"excerpt":{"rendered":"<p>V\u00e1lvulas de Tanques con acoplamientos para adaptarse a cilindros de gas comprimido est\u00e1ndar est\u00e1n disponibles en acero inoxidable para gases corrosivos y en lat\u00f3n niquelado para gases no corrosivos. Las v\u00e1lvulas de lat\u00f3n tienen un man\u00f3metro de 2-1\/2&#8243; De di\u00e1metro que muestra la presi\u00f3n del tanque. Ambos estilos tienen un salida hembra de NPT de [&hellip;]<\/p>\n","protected":false},"author":1,"featured_media":36874,"parent":128,"menu_order":37,"comment_status":"closed","ping_status":"closed","template":"product-wide.php","meta":{"_acf_changed":false,"footnotes":"","_links_to":"","_links_to_target":""},"class_list":["post-3626","page","type-page","status-publish","has-post-thumbnail","hentry"],"acf":[],"yoast_head":"<!-- This site is optimized with the Yoast SEO plugin v27.5 - https:\/\/yoast.com\/product\/yoast-seo-wordpress\/ -->\n<title>V\u00e1lvulas de Control Manual para Tanques de Gas Comprimido - Parr Instrument (Espa\u00f1ol)<\/title>\n<meta name=\"robots\" content=\"index, follow, max-snippet:-1, max-image-preview:large, max-video-preview:-1\" \/>\n<link rel=\"canonical\" href=\"https:\/\/www.parrinst.com\/es\/products\/stirred-reactors\/options-accessories\/manual-control-valves-for-compressed-gas-tanks\/\" \/>\n<meta property=\"og:locale\" content=\"en_US\" \/>\n<meta property=\"og:type\" content=\"article\" \/>\n<meta property=\"og:title\" content=\"V\u00e1lvulas de Control Manual para Tanques de Gas Comprimido - Parr Instrument (Espa\u00f1ol)\" \/>\n<meta property=\"og:description\" content=\"V\u00e1lvulas de Tanques con acoplamientos para adaptarse a cilindros de gas comprimido est\u00e1ndar est\u00e1n disponibles en acero inoxidable para gases corrosivos y en lat\u00f3n niquelado para gases no corrosivos. Las v\u00e1lvulas de lat\u00f3n tienen un man\u00f3metro de 2-1\/2&#8243; De di\u00e1metro que muestra la presi\u00f3n del tanque. Ambos estilos tienen un salida hembra de NPT de [&hellip;]\" \/>\n<meta property=\"og:url\" content=\"https:\/\/www.parrinst.com\/es\/products\/stirred-reactors\/options-accessories\/manual-control-valves-for-compressed-gas-tanks\/\" \/>\n<meta property=\"og:site_name\" content=\"Parr Instrument (Espa\u00f1ol)\" \/>\n<meta property=\"article:modified_time\" content=\"2013-02-15T22:59:12+00:00\" \/>\n<meta property=\"og:image\" content=\"https:\/\/www.parrinst.com\/es\/files\/2017\/12\/parr_banner_stirred3_secondary.jpg\" \/>\n\t<meta property=\"og:image:width\" content=\"2200\" \/>\n\t<meta property=\"og:image:height\" content=\"399\" \/>\n\t<meta property=\"og:image:type\" content=\"image\/jpeg\" \/>\n<meta name=\"twitter:card\" content=\"summary_large_image\" \/>\n<meta name=\"twitter:label1\" content=\"Est. reading time\" \/>\n\t<meta name=\"twitter:data1\" content=\"1 minute\" \/>\n<script type=\"application\/ld+json\" class=\"yoast-schema-graph\">{\"@context\":\"https:\\\/\\\/schema.org\",\"@graph\":[{\"@type\":\"WebPage\",\"@id\":\"https:\\\/\\\/www.parrinst.com\\\/es\\\/products\\\/stirred-reactors\\\/options-accessories\\\/manual-control-valves-for-compressed-gas-tanks\\\/\",\"url\":\"https:\\\/\\\/www.parrinst.com\\\/es\\\/products\\\/stirred-reactors\\\/options-accessories\\\/manual-control-valves-for-compressed-gas-tanks\\\/\",\"name\":\"V\u00e1lvulas de Control Manual para Tanques de Gas Comprimido - Parr Instrument (Espa\u00f1ol)\",\"isPartOf\":{\"@id\":\"https:\\\/\\\/www.parrinst.com\\\/es\\\/#website\"},\"primaryImageOfPage\":{\"@id\":\"https:\\\/\\\/www.parrinst.com\\\/es\\\/products\\\/stirred-reactors\\\/options-accessories\\\/manual-control-valves-for-compressed-gas-tanks\\\/#primaryimage\"},\"image\":{\"@id\":\"https:\\\/\\\/www.parrinst.com\\\/es\\\/products\\\/stirred-reactors\\\/options-accessories\\\/manual-control-valves-for-compressed-gas-tanks\\\/#primaryimage\"},\"thumbnailUrl\":\"https:\\\/\\\/i0.wp.com\\\/www.parrinst.com\\\/es\\\/wp-content\\\/uploads\\\/sites\\\/7\\\/2017\\\/12\\\/parr_banner_stirred3_secondary.jpg?fit=2200%2C399&ssl=1\",\"datePublished\":\"2011-06-27T20:52:14+00:00\",\"dateModified\":\"2013-02-15T22:59:12+00:00\",\"breadcrumb\":{\"@id\":\"https:\\\/\\\/www.parrinst.com\\\/es\\\/products\\\/stirred-reactors\\\/options-accessories\\\/manual-control-valves-for-compressed-gas-tanks\\\/#breadcrumb\"},\"inLanguage\":\"en-US\",\"potentialAction\":[{\"@type\":\"ReadAction\",\"target\":[\"https:\\\/\\\/www.parrinst.com\\\/es\\\/products\\\/stirred-reactors\\\/options-accessories\\\/manual-control-valves-for-compressed-gas-tanks\\\/\"]}]},{\"@type\":\"ImageObject\",\"inLanguage\":\"en-US\",\"@id\":\"https:\\\/\\\/www.parrinst.com\\\/es\\\/products\\\/stirred-reactors\\\/options-accessories\\\/manual-control-valves-for-compressed-gas-tanks\\\/#primaryimage\",\"url\":\"https:\\\/\\\/i0.wp.com\\\/www.parrinst.com\\\/es\\\/wp-content\\\/uploads\\\/sites\\\/7\\\/2017\\\/12\\\/parr_banner_stirred3_secondary.jpg?fit=2200%2C399&ssl=1\",\"contentUrl\":\"https:\\\/\\\/i0.wp.com\\\/www.parrinst.com\\\/es\\\/wp-content\\\/uploads\\\/sites\\\/7\\\/2017\\\/12\\\/parr_banner_stirred3_secondary.jpg?fit=2200%2C399&ssl=1\",\"width\":2200,\"height\":399},{\"@type\":\"BreadcrumbList\",\"@id\":\"https:\\\/\\\/www.parrinst.com\\\/es\\\/products\\\/stirred-reactors\\\/options-accessories\\\/manual-control-valves-for-compressed-gas-tanks\\\/#breadcrumb\",\"itemListElement\":[{\"@type\":\"ListItem\",\"position\":1,\"name\":\"Home\",\"item\":\"https:\\\/\\\/www.parrinst.com\\\/es\\\/\"},{\"@type\":\"ListItem\",\"position\":2,\"name\":\"Products\",\"item\":\"https:\\\/\\\/www.parrinst.com\\\/es\\\/products\\\/\"},{\"@type\":\"ListItem\",\"position\":3,\"name\":\"Reactores Agitados\",\"item\":\"https:\\\/\\\/www.parrinst.com\\\/es\\\/products\\\/stirred-reactors\\\/\"},{\"@type\":\"ListItem\",\"position\":4,\"name\":\"Accessorios\",\"item\":\"https:\\\/\\\/www.parrinst.com\\\/es\\\/products\\\/stirred-reactors\\\/options-accessories\\\/\"},{\"@type\":\"ListItem\",\"position\":5,\"name\":\"V\u00e1lvulas de Control Manual para Tanques de Gas Comprimido\"}]},{\"@type\":\"WebSite\",\"@id\":\"https:\\\/\\\/www.parrinst.com\\\/es\\\/#website\",\"url\":\"https:\\\/\\\/www.parrinst.com\\\/es\\\/\",\"name\":\"Parr Instrument (Espa\u00f1ol)\",\"description\":\"\",\"potentialAction\":[{\"@type\":\"SearchAction\",\"target\":{\"@type\":\"EntryPoint\",\"urlTemplate\":\"https:\\\/\\\/www.parrinst.com\\\/es\\\/?s={search_term_string}\"},\"query-input\":{\"@type\":\"PropertyValueSpecification\",\"valueRequired\":true,\"valueName\":\"search_term_string\"}}],\"inLanguage\":\"en-US\"}]}<\/script>\n<!-- \/ Yoast SEO plugin. -->","yoast_head_json":{"title":"V\u00e1lvulas de Control Manual para Tanques de Gas Comprimido - Parr Instrument (Espa\u00f1ol)","robots":{"index":"index","follow":"follow","max-snippet":"max-snippet:-1","max-image-preview":"max-image-preview:large","max-video-preview":"max-video-preview:-1"},"canonical":"https:\/\/www.parrinst.com\/es\/products\/stirred-reactors\/options-accessories\/manual-control-valves-for-compressed-gas-tanks\/","og_locale":"en_US","og_type":"article","og_title":"V\u00e1lvulas de Control Manual para Tanques de Gas Comprimido - Parr Instrument (Espa\u00f1ol)","og_description":"V\u00e1lvulas de Tanques con acoplamientos para adaptarse a cilindros de gas comprimido est\u00e1ndar est\u00e1n disponibles en acero inoxidable para gases corrosivos y en lat\u00f3n niquelado para gases no corrosivos. Las v\u00e1lvulas de lat\u00f3n tienen un man\u00f3metro de 2-1\/2&#8243; De di\u00e1metro que muestra la presi\u00f3n del tanque. Ambos estilos tienen un salida hembra de NPT de [&hellip;]","og_url":"https:\/\/www.parrinst.com\/es\/products\/stirred-reactors\/options-accessories\/manual-control-valves-for-compressed-gas-tanks\/","og_site_name":"Parr Instrument (Espa\u00f1ol)","article_modified_time":"2013-02-15T22:59:12+00:00","og_image":[{"width":2200,"height":399,"url":"https:\/\/www.parrinst.com\/es\/files\/2017\/12\/parr_banner_stirred3_secondary.jpg","type":"image\/jpeg"}],"twitter_card":"summary_large_image","twitter_misc":{"Est. reading time":"1 minute"},"schema":{"@context":"https:\/\/schema.org","@graph":[{"@type":"WebPage","@id":"https:\/\/www.parrinst.com\/es\/products\/stirred-reactors\/options-accessories\/manual-control-valves-for-compressed-gas-tanks\/","url":"https:\/\/www.parrinst.com\/es\/products\/stirred-reactors\/options-accessories\/manual-control-valves-for-compressed-gas-tanks\/","name":"V\u00e1lvulas de Control Manual para Tanques de Gas Comprimido - Parr Instrument (Espa\u00f1ol)","isPartOf":{"@id":"https:\/\/www.parrinst.com\/es\/#website"},"primaryImageOfPage":{"@id":"https:\/\/www.parrinst.com\/es\/products\/stirred-reactors\/options-accessories\/manual-control-valves-for-compressed-gas-tanks\/#primaryimage"},"image":{"@id":"https:\/\/www.parrinst.com\/es\/products\/stirred-reactors\/options-accessories\/manual-control-valves-for-compressed-gas-tanks\/#primaryimage"},"thumbnailUrl":"https:\/\/i0.wp.com\/www.parrinst.com\/es\/wp-content\/uploads\/sites\/7\/2017\/12\/parr_banner_stirred3_secondary.jpg?fit=2200%2C399&ssl=1","datePublished":"2011-06-27T20:52:14+00:00","dateModified":"2013-02-15T22:59:12+00:00","breadcrumb":{"@id":"https:\/\/www.parrinst.com\/es\/products\/stirred-reactors\/options-accessories\/manual-control-valves-for-compressed-gas-tanks\/#breadcrumb"},"inLanguage":"en-US","potentialAction":[{"@type":"ReadAction","target":["https:\/\/www.parrinst.com\/es\/products\/stirred-reactors\/options-accessories\/manual-control-valves-for-compressed-gas-tanks\/"]}]},{"@type":"ImageObject","inLanguage":"en-US","@id":"https:\/\/www.parrinst.com\/es\/products\/stirred-reactors\/options-accessories\/manual-control-valves-for-compressed-gas-tanks\/#primaryimage","url":"https:\/\/i0.wp.com\/www.parrinst.com\/es\/wp-content\/uploads\/sites\/7\/2017\/12\/parr_banner_stirred3_secondary.jpg?fit=2200%2C399&ssl=1","contentUrl":"https:\/\/i0.wp.com\/www.parrinst.com\/es\/wp-content\/uploads\/sites\/7\/2017\/12\/parr_banner_stirred3_secondary.jpg?fit=2200%2C399&ssl=1","width":2200,"height":399},{"@type":"BreadcrumbList","@id":"https:\/\/www.parrinst.com\/es\/products\/stirred-reactors\/options-accessories\/manual-control-valves-for-compressed-gas-tanks\/#breadcrumb","itemListElement":[{"@type":"ListItem","position":1,"name":"Home","item":"https:\/\/www.parrinst.com\/es\/"},{"@type":"ListItem","position":2,"name":"Products","item":"https:\/\/www.parrinst.com\/es\/products\/"},{"@type":"ListItem","position":3,"name":"Reactores Agitados","item":"https:\/\/www.parrinst.com\/es\/products\/stirred-reactors\/"},{"@type":"ListItem","position":4,"name":"Accessorios","item":"https:\/\/www.parrinst.com\/es\/products\/stirred-reactors\/options-accessories\/"},{"@type":"ListItem","position":5,"name":"V\u00e1lvulas de Control Manual para Tanques de Gas Comprimido"}]},{"@type":"WebSite","@id":"https:\/\/www.parrinst.com\/es\/#website","url":"https:\/\/www.parrinst.com\/es\/","name":"Parr Instrument (Espa\u00f1ol)","description":"","potentialAction":[{"@type":"SearchAction","target":{"@type":"EntryPoint","urlTemplate":"https:\/\/www.parrinst.com\/es\/?s={search_term_string}"},"query-input":{"@type":"PropertyValueSpecification","valueRequired":true,"valueName":"search_term_string"}}],"inLanguage":"en-US"}]}},"jetpack_sharing_enabled":true,"_links":{"self":[{"href":"https:\/\/www.parrinst.com\/es\/wp-json\/wp\/v2\/pages\/3626","targetHints":{"allow":["GET"]}}],"collection":[{"href":"https:\/\/www.parrinst.com\/es\/wp-json\/wp\/v2\/pages"}],"about":[{"href":"https:\/\/www.parrinst.com\/es\/wp-json\/wp\/v2\/types\/page"}],"author":[{"embeddable":true,"href":"https:\/\/www.parrinst.com\/es\/wp-json\/wp\/v2\/users\/1"}],"replies":[{"embeddable":true,"href":"https:\/\/www.parrinst.com\/es\/wp-json\/wp\/v2\/comments?post=3626"}],"version-history":[{"count":0,"href":"https:\/\/www.parrinst.com\/es\/wp-json\/wp\/v2\/pages\/3626\/revisions"}],"up":[{"embeddable":true,"href":"https:\/\/www.parrinst.com\/es\/wp-json\/wp\/v2\/pages\/128"}],"wp:featuredmedia":[{"embeddable":true,"href":"https:\/\/www.parrinst.com\/es\/wp-json\/wp\/v2\/media\/36874"}],"wp:attachment":[{"href":"https:\/\/www.parrinst.com\/es\/wp-json\/wp\/v2\/media?parent=3626"}],"curies":[{"name":"wp","href":"https:\/\/api.w.org\/{rel}","templated":true}]}}