{"id":36930,"date":"2018-01-09T13:29:50","date_gmt":"2018-01-09T19:29:50","guid":{"rendered":"https:\/\/www.parrinst.com\/es\/?page_id=36930"},"modified":"2022-12-29T14:27:38","modified_gmt":"2022-12-29T20:27:38","slug":"series-2500-micro-batch-system","status":"publish","type":"page","link":"https:\/\/www.parrinst.com\/es\/products\/multi-reactor-systems\/series-2500-micro-batch-system\/","title":{"rendered":"Sistema Micro Batch 2500"},"content":{"rendered":"\n\t\t\t<div id='36930-1' class='gallery gallery-36930 gallery-columns-3 gallery-size-medium' itemscope itemtype='http:\/\/schema.org\/ImageGallery'>\n\t\t\t\t<div class='gallery-row gallery-col-3 gallery-clear'>\n\t\t\t\t\t<figure class='gallery-item col-3' itemprop='associatedMedia' itemscope itemtype='http:\/\/schema.org\/ImageObject'>\n\t\t\t\t\t\t<div class='gallery-icon portrait'><a href=\"https:\/\/i0.wp.com\/www.parrinst.com\/es\/wp-content\/uploads\/sites\/7\/2018\/01\/2500_solo-straightPI2_32325x7.jpg?ssl=1\" itemprop=\"contentURL\"><img loading=\"lazy\" decoding=\"async\" width=\"214\" height=\"300\" src=\"https:\/\/i0.wp.com\/www.parrinst.com\/es\/wp-content\/uploads\/sites\/7\/2018\/01\/2500_solo-straightPI2_32325x7.jpg?fit=214%2C300&amp;ssl=1\" class=\"attachment-medium size-medium\" alt=\"Micro Batch System\" srcset=\"https:\/\/i0.wp.com\/www.parrinst.com\/es\/wp-content\/uploads\/sites\/7\/2018\/01\/2500_solo-straightPI2_32325x7.jpg?w=1500&amp;ssl=1 1500w, https:\/\/i0.wp.com\/www.parrinst.com\/es\/wp-content\/uploads\/sites\/7\/2018\/01\/2500_solo-straightPI2_32325x7.jpg?resize=107%2C150&amp;ssl=1 107w, https:\/\/i0.wp.com\/www.parrinst.com\/es\/wp-content\/uploads\/sites\/7\/2018\/01\/2500_solo-straightPI2_32325x7.jpg?resize=214%2C300&amp;ssl=1 214w, https:\/\/i0.wp.com\/www.parrinst.com\/es\/wp-content\/uploads\/sites\/7\/2018\/01\/2500_solo-straightPI2_32325x7.jpg?resize=731%2C1024&amp;ssl=1 731w, https:\/\/i0.wp.com\/www.parrinst.com\/es\/wp-content\/uploads\/sites\/7\/2018\/01\/2500_solo-straightPI2_32325x7.jpg?w=1280&amp;ssl=1 1280w\" sizes=\"auto, (max-width: 214px) 100vw, 214px\" itemprop=\"thumbnail\" \/><\/a><\/div>\n\t\t\t\t\t<\/figure>\n\t\t\t\t\t<figure class='gallery-item col-3' itemprop='associatedMedia' itemscope itemtype='http:\/\/schema.org\/ImageObject'>\n\t\t\t\t\t\t<div class='gallery-icon landscape'><a href=\"https:\/\/i0.wp.com\/www.parrinst.com\/es\/wp-content\/uploads\/sites\/7\/2018\/01\/2500_fullPI2_32177x7_new.jpg?ssl=1\" itemprop=\"contentURL\"><img loading=\"lazy\" decoding=\"async\" width=\"300\" height=\"300\" src=\"https:\/\/i0.wp.com\/www.parrinst.com\/es\/wp-content\/uploads\/sites\/7\/2018\/01\/2500_fullPI2_32177x7_new.jpg?fit=300%2C300&amp;ssl=1\" class=\"attachment-medium size-medium\" alt=\"Micro Batch System with 4848MBS Control System\" srcset=\"https:\/\/i0.wp.com\/www.parrinst.com\/es\/wp-content\/uploads\/sites\/7\/2018\/01\/2500_fullPI2_32177x7_new.jpg?w=2100&amp;ssl=1 2100w, https:\/\/i0.wp.com\/www.parrinst.com\/es\/wp-content\/uploads\/sites\/7\/2018\/01\/2500_fullPI2_32177x7_new.jpg?resize=150%2C150&amp;ssl=1 150w, https:\/\/i0.wp.com\/www.parrinst.com\/es\/wp-content\/uploads\/sites\/7\/2018\/01\/2500_fullPI2_32177x7_new.jpg?resize=300%2C300&amp;ssl=1 300w, https:\/\/i0.wp.com\/www.parrinst.com\/es\/wp-content\/uploads\/sites\/7\/2018\/01\/2500_fullPI2_32177x7_new.jpg?resize=1024%2C1024&amp;ssl=1 1024w, https:\/\/i0.wp.com\/www.parrinst.com\/es\/wp-content\/uploads\/sites\/7\/2018\/01\/2500_fullPI2_32177x7_new.jpg?w=1280&amp;ssl=1 1280w, https:\/\/i0.wp.com\/www.parrinst.com\/es\/wp-content\/uploads\/sites\/7\/2018\/01\/2500_fullPI2_32177x7_new.jpg?w=1920&amp;ssl=1 1920w\" sizes=\"auto, (max-width: 300px) 100vw, 300px\" itemprop=\"thumbnail\" \/><\/a><\/div>\n\t\t\t\t\t<\/figure>\n\t\t\t<\/div>\n\t\t\t<\/div><!-- .gallery -->\n\n<p>Parr Instrument Company se complace en presentar la familia de reactores agitados m\u00e1s peque\u00f1os, disponibles en varias configuraciones. Con vol\u00famenes de 5 mL o 10 mL, el llenado de gas es independiente en cada reactor, control de temperatura PID, y dos opciones en la forma de cierre, la flexibilidad del sistema MBS 2500 asegura aportar valor a su volumen peque\u00f1o, en proyectos de alta presi\u00f3n.<\/p>\n<p>Basado en el sistema popular de Parr MRS 5000, el sistema MBS 2500 incluso ofrece opciones de vol\u00famenes m\u00e1s peque\u00f1os, una \u00e1rea m\u00e1s peque\u00f1a, unidad de control independiente y un sistema de registro de datos, a un precio por reactor m\u00e1s bajo.<\/p>\n<h3>Caracter\u00edsticas del Sistema Micro Batch 2500:<\/h3>\n<ul>\n<li>Tres reactores con 5 mL o 10 mL de volumen, disponible en acero inoxidable, aleaciones de alto contenido de n\u00edquel, titanio, zirconio y otros materiales ex\u00f3ticos<\/li>\n<li>\u00c1rea de trabajo peque\u00f1a 10\u201d x 12\u201d (25 cm x 30.5 cm), con un controlador remoto basado en el modelo 4848 para el control de la temperatura\/agitaci\u00f3n e indicador de presi\u00f3n<\/li>\n<li>Rango de 3000 psi (207 bar, 200 bar para pedidos CE\/UKCA) de presi\u00f3n @ 300 \u00b0C en acero inoxidable<\/li>\n<li>Geometr\u00eda de junta fidedigna de Parr que emplea una junta plana de PTFE y una tapa roscada con pernos de compresi\u00f3n, o una junta t\u00f3rica autosellante con cierre tap\u00f3n roscado sin necesidad de utilizar herramienta.<\/li>\n<li>Incluye accesorios de cabezal est\u00e1ndar, disco de ruptura, transductor de presi\u00f3n, v\u00e1lvula de venteo\/alimentaci\u00f3n y termocople interno.<\/li>\n<li>3 v\u00e1lvulas de alimentaci\u00f3n para el control de la alimentaci\u00f3n de gas.<\/li>\n<li>Controlador 4848MBS con:\n<ul>\n<li>Control PID del calentador tipo bloque de aluminio<\/li>\n<li>Monitoreo individual de la temperatura de cada reactor (HTMS)<\/li>\n<li>Monitoreo individual de la presi\u00f3n de cada reactor (PDMS)<\/li>\n<li>Control de la velocidad de agitaci\u00f3n (MCM) mediante barras de Pyrex o cubiertas de tefl\u00f3n<\/li>\n<\/ul>\n<\/li>\n<\/ul>\n","protected":false},"excerpt":{"rendered":"<p>Parr Instrument Company se complace en presentar la familia de reactores agitados m\u00e1s peque\u00f1os, disponibles en varias configuraciones. Con vol\u00famenes de 5 mL o 10 mL, el llenado de gas es independiente en cada reactor, control de temperatura PID, y dos opciones en la forma de cierre, la flexibilidad del sistema MBS 2500 asegura aportar [&hellip;]<\/p>\n","protected":false},"author":12,"featured_media":36941,"parent":12485,"menu_order":1,"comment_status":"closed","ping_status":"closed","template":"product-wide-strirred-filter.php","meta":{"_acf_changed":false,"footnotes":"","_links_to":"","_links_to_target":""},"class_list":["post-36930","page","type-page","status-publish","has-post-thumbnail","hentry"],"acf":[],"yoast_head":"<!-- This site is optimized with the Yoast SEO plugin v27.5 - https:\/\/yoast.com\/product\/yoast-seo-wordpress\/ -->\n<title>Sistema Micro Batch 2500 - Parr Instrument (Espa\u00f1ol)<\/title>\n<meta name=\"robots\" content=\"index, follow, max-snippet:-1, max-image-preview:large, max-video-preview:-1\" \/>\n<link rel=\"canonical\" href=\"https:\/\/www.parrinst.com\/es\/products\/multi-reactor-systems\/series-2500-micro-batch-system\/\" \/>\n<meta property=\"og:locale\" content=\"en_US\" \/>\n<meta property=\"og:type\" content=\"article\" \/>\n<meta property=\"og:title\" content=\"Sistema Micro Batch 2500 - Parr Instrument (Espa\u00f1ol)\" \/>\n<meta property=\"og:description\" content=\"Parr Instrument Company se complace en presentar la familia de reactores agitados m\u00e1s peque\u00f1os, disponibles en varias configuraciones. Con vol\u00famenes de 5 mL o 10 mL, el llenado de gas es independiente en cada reactor, control de temperatura PID, y dos opciones en la forma de cierre, la flexibilidad del sistema MBS 2500 asegura aportar [&hellip;]\" \/>\n<meta property=\"og:url\" content=\"https:\/\/www.parrinst.com\/es\/products\/multi-reactor-systems\/series-2500-micro-batch-system\/\" \/>\n<meta property=\"og:site_name\" content=\"Parr Instrument (Espa\u00f1ol)\" \/>\n<meta property=\"article:modified_time\" content=\"2022-12-29T20:27:38+00:00\" \/>\n<meta property=\"og:image\" content=\"https:\/\/www.parrinst.com\/es\/files\/2018\/01\/parr_banner_multi_secondary.jpg\" \/>\n\t<meta property=\"og:image:width\" content=\"2200\" \/>\n\t<meta property=\"og:image:height\" content=\"399\" \/>\n\t<meta property=\"og:image:type\" content=\"image\/jpeg\" \/>\n<meta name=\"twitter:card\" content=\"summary_large_image\" \/>\n<meta name=\"twitter:label1\" content=\"Est. reading time\" \/>\n\t<meta name=\"twitter:data1\" content=\"2 minutes\" \/>\n<script type=\"application\/ld+json\" class=\"yoast-schema-graph\">{\"@context\":\"https:\\\/\\\/schema.org\",\"@graph\":[{\"@type\":\"WebPage\",\"@id\":\"https:\\\/\\\/www.parrinst.com\\\/es\\\/products\\\/multi-reactor-systems\\\/series-2500-micro-batch-system\\\/\",\"url\":\"https:\\\/\\\/www.parrinst.com\\\/es\\\/products\\\/multi-reactor-systems\\\/series-2500-micro-batch-system\\\/\",\"name\":\"Sistema Micro Batch 2500 - Parr Instrument (Espa\u00f1ol)\",\"isPartOf\":{\"@id\":\"https:\\\/\\\/www.parrinst.com\\\/es\\\/#website\"},\"primaryImageOfPage\":{\"@id\":\"https:\\\/\\\/www.parrinst.com\\\/es\\\/products\\\/multi-reactor-systems\\\/series-2500-micro-batch-system\\\/#primaryimage\"},\"image\":{\"@id\":\"https:\\\/\\\/www.parrinst.com\\\/es\\\/products\\\/multi-reactor-systems\\\/series-2500-micro-batch-system\\\/#primaryimage\"},\"thumbnailUrl\":\"https:\\\/\\\/i0.wp.com\\\/www.parrinst.com\\\/es\\\/wp-content\\\/uploads\\\/sites\\\/7\\\/2018\\\/01\\\/parr_banner_multi_secondary.jpg?fit=2200%2C399&ssl=1\",\"datePublished\":\"2018-01-09T19:29:50+00:00\",\"dateModified\":\"2022-12-29T20:27:38+00:00\",\"breadcrumb\":{\"@id\":\"https:\\\/\\\/www.parrinst.com\\\/es\\\/products\\\/multi-reactor-systems\\\/series-2500-micro-batch-system\\\/#breadcrumb\"},\"inLanguage\":\"en-US\",\"potentialAction\":[{\"@type\":\"ReadAction\",\"target\":[\"https:\\\/\\\/www.parrinst.com\\\/es\\\/products\\\/multi-reactor-systems\\\/series-2500-micro-batch-system\\\/\"]}]},{\"@type\":\"ImageObject\",\"inLanguage\":\"en-US\",\"@id\":\"https:\\\/\\\/www.parrinst.com\\\/es\\\/products\\\/multi-reactor-systems\\\/series-2500-micro-batch-system\\\/#primaryimage\",\"url\":\"https:\\\/\\\/i0.wp.com\\\/www.parrinst.com\\\/es\\\/wp-content\\\/uploads\\\/sites\\\/7\\\/2018\\\/01\\\/parr_banner_multi_secondary.jpg?fit=2200%2C399&ssl=1\",\"contentUrl\":\"https:\\\/\\\/i0.wp.com\\\/www.parrinst.com\\\/es\\\/wp-content\\\/uploads\\\/sites\\\/7\\\/2018\\\/01\\\/parr_banner_multi_secondary.jpg?fit=2200%2C399&ssl=1\",\"width\":2200,\"height\":399},{\"@type\":\"BreadcrumbList\",\"@id\":\"https:\\\/\\\/www.parrinst.com\\\/es\\\/products\\\/multi-reactor-systems\\\/series-2500-micro-batch-system\\\/#breadcrumb\",\"itemListElement\":[{\"@type\":\"ListItem\",\"position\":1,\"name\":\"Home\",\"item\":\"https:\\\/\\\/www.parrinst.com\\\/es\\\/\"},{\"@type\":\"ListItem\",\"position\":2,\"name\":\"Products\",\"item\":\"https:\\\/\\\/www.parrinst.com\\\/es\\\/products\\\/\"},{\"@type\":\"ListItem\",\"position\":3,\"name\":\"Sistemas de Reactores M\u00faltliples\",\"item\":\"https:\\\/\\\/www.parrinst.com\\\/es\\\/products\\\/multi-reactor-systems\\\/\"},{\"@type\":\"ListItem\",\"position\":4,\"name\":\"Sistema Micro Batch 2500\"}]},{\"@type\":\"WebSite\",\"@id\":\"https:\\\/\\\/www.parrinst.com\\\/es\\\/#website\",\"url\":\"https:\\\/\\\/www.parrinst.com\\\/es\\\/\",\"name\":\"Parr Instrument (Espa\u00f1ol)\",\"description\":\"\",\"potentialAction\":[{\"@type\":\"SearchAction\",\"target\":{\"@type\":\"EntryPoint\",\"urlTemplate\":\"https:\\\/\\\/www.parrinst.com\\\/es\\\/?s={search_term_string}\"},\"query-input\":{\"@type\":\"PropertyValueSpecification\",\"valueRequired\":true,\"valueName\":\"search_term_string\"}}],\"inLanguage\":\"en-US\"}]}<\/script>\n<!-- \/ Yoast SEO plugin. -->","yoast_head_json":{"title":"Sistema Micro Batch 2500 - Parr Instrument (Espa\u00f1ol)","robots":{"index":"index","follow":"follow","max-snippet":"max-snippet:-1","max-image-preview":"max-image-preview:large","max-video-preview":"max-video-preview:-1"},"canonical":"https:\/\/www.parrinst.com\/es\/products\/multi-reactor-systems\/series-2500-micro-batch-system\/","og_locale":"en_US","og_type":"article","og_title":"Sistema Micro Batch 2500 - Parr Instrument (Espa\u00f1ol)","og_description":"Parr Instrument Company se complace en presentar la familia de reactores agitados m\u00e1s peque\u00f1os, disponibles en varias configuraciones. Con vol\u00famenes de 5 mL o 10 mL, el llenado de gas es independiente en cada reactor, control de temperatura PID, y dos opciones en la forma de cierre, la flexibilidad del sistema MBS 2500 asegura aportar [&hellip;]","og_url":"https:\/\/www.parrinst.com\/es\/products\/multi-reactor-systems\/series-2500-micro-batch-system\/","og_site_name":"Parr Instrument (Espa\u00f1ol)","article_modified_time":"2022-12-29T20:27:38+00:00","og_image":[{"width":2200,"height":399,"url":"https:\/\/www.parrinst.com\/es\/files\/2018\/01\/parr_banner_multi_secondary.jpg","type":"image\/jpeg"}],"twitter_card":"summary_large_image","twitter_misc":{"Est. reading time":"2 minutes"},"schema":{"@context":"https:\/\/schema.org","@graph":[{"@type":"WebPage","@id":"https:\/\/www.parrinst.com\/es\/products\/multi-reactor-systems\/series-2500-micro-batch-system\/","url":"https:\/\/www.parrinst.com\/es\/products\/multi-reactor-systems\/series-2500-micro-batch-system\/","name":"Sistema Micro Batch 2500 - Parr Instrument (Espa\u00f1ol)","isPartOf":{"@id":"https:\/\/www.parrinst.com\/es\/#website"},"primaryImageOfPage":{"@id":"https:\/\/www.parrinst.com\/es\/products\/multi-reactor-systems\/series-2500-micro-batch-system\/#primaryimage"},"image":{"@id":"https:\/\/www.parrinst.com\/es\/products\/multi-reactor-systems\/series-2500-micro-batch-system\/#primaryimage"},"thumbnailUrl":"https:\/\/i0.wp.com\/www.parrinst.com\/es\/wp-content\/uploads\/sites\/7\/2018\/01\/parr_banner_multi_secondary.jpg?fit=2200%2C399&ssl=1","datePublished":"2018-01-09T19:29:50+00:00","dateModified":"2022-12-29T20:27:38+00:00","breadcrumb":{"@id":"https:\/\/www.parrinst.com\/es\/products\/multi-reactor-systems\/series-2500-micro-batch-system\/#breadcrumb"},"inLanguage":"en-US","potentialAction":[{"@type":"ReadAction","target":["https:\/\/www.parrinst.com\/es\/products\/multi-reactor-systems\/series-2500-micro-batch-system\/"]}]},{"@type":"ImageObject","inLanguage":"en-US","@id":"https:\/\/www.parrinst.com\/es\/products\/multi-reactor-systems\/series-2500-micro-batch-system\/#primaryimage","url":"https:\/\/i0.wp.com\/www.parrinst.com\/es\/wp-content\/uploads\/sites\/7\/2018\/01\/parr_banner_multi_secondary.jpg?fit=2200%2C399&ssl=1","contentUrl":"https:\/\/i0.wp.com\/www.parrinst.com\/es\/wp-content\/uploads\/sites\/7\/2018\/01\/parr_banner_multi_secondary.jpg?fit=2200%2C399&ssl=1","width":2200,"height":399},{"@type":"BreadcrumbList","@id":"https:\/\/www.parrinst.com\/es\/products\/multi-reactor-systems\/series-2500-micro-batch-system\/#breadcrumb","itemListElement":[{"@type":"ListItem","position":1,"name":"Home","item":"https:\/\/www.parrinst.com\/es\/"},{"@type":"ListItem","position":2,"name":"Products","item":"https:\/\/www.parrinst.com\/es\/products\/"},{"@type":"ListItem","position":3,"name":"Sistemas de Reactores M\u00faltliples","item":"https:\/\/www.parrinst.com\/es\/products\/multi-reactor-systems\/"},{"@type":"ListItem","position":4,"name":"Sistema Micro Batch 2500"}]},{"@type":"WebSite","@id":"https:\/\/www.parrinst.com\/es\/#website","url":"https:\/\/www.parrinst.com\/es\/","name":"Parr Instrument (Espa\u00f1ol)","description":"","potentialAction":[{"@type":"SearchAction","target":{"@type":"EntryPoint","urlTemplate":"https:\/\/www.parrinst.com\/es\/?s={search_term_string}"},"query-input":{"@type":"PropertyValueSpecification","valueRequired":true,"valueName":"search_term_string"}}],"inLanguage":"en-US"}]}},"jetpack_sharing_enabled":true,"_links":{"self":[{"href":"https:\/\/www.parrinst.com\/es\/wp-json\/wp\/v2\/pages\/36930","targetHints":{"allow":["GET"]}}],"collection":[{"href":"https:\/\/www.parrinst.com\/es\/wp-json\/wp\/v2\/pages"}],"about":[{"href":"https:\/\/www.parrinst.com\/es\/wp-json\/wp\/v2\/types\/page"}],"author":[{"embeddable":true,"href":"https:\/\/www.parrinst.com\/es\/wp-json\/wp\/v2\/users\/12"}],"replies":[{"embeddable":true,"href":"https:\/\/www.parrinst.com\/es\/wp-json\/wp\/v2\/comments?post=36930"}],"version-history":[{"count":9,"href":"https:\/\/www.parrinst.com\/es\/wp-json\/wp\/v2\/pages\/36930\/revisions"}],"predecessor-version":[{"id":40660,"href":"https:\/\/www.parrinst.com\/es\/wp-json\/wp\/v2\/pages\/36930\/revisions\/40660"}],"up":[{"embeddable":true,"href":"https:\/\/www.parrinst.com\/es\/wp-json\/wp\/v2\/pages\/12485"}],"wp:featuredmedia":[{"embeddable":true,"href":"https:\/\/www.parrinst.com\/es\/wp-json\/wp\/v2\/media\/36941"}],"wp:attachment":[{"href":"https:\/\/www.parrinst.com\/es\/wp-json\/wp\/v2\/media?parent=36930"}],"curies":[{"name":"wp","href":"https:\/\/api.w.org\/{rel}","templated":true}]}}