{"id":36942,"date":"2018-01-17T14:26:23","date_gmt":"2018-01-17T20:26:23","guid":{"rendered":"https:\/\/www.parrinst.com\/es\/?page_id=36942"},"modified":"2019-05-28T16:27:45","modified_gmt":"2019-05-28T21:27:45","slug":"rfq","status":"publish","type":"page","link":"https:\/\/www.parrinst.com\/es\/products\/multi-reactor-systems\/series-2500-micro-batch-system\/rfq\/","title":{"rendered":"\u00a1Cotiza ya!"},"content":{"rendered":"<h2>Cotizaci\u00f3n de la Serie 2500<\/h2>\n<p>El N\u00b0 de Pedido para el Sistema Base es: <strong>2500(5)-T-SS-115-RCS-MPG-3000-MCM-4848MBS<\/strong><\/p>\n<p>Haga clic en las siguientes selecciones para desarrollar un n\u00famero compuesto de identificaci\u00f3n que se usar\u00e1 para solicitar una cotizaci\u00f3n o para pedir un Reactor Series 2500.<\/p>\n<p><strong>Tenga en cuenta que no todas las opciones y combinaciones son compatibles con todos los modelos.<\/strong><\/p>\n\n<form id=\"ordering-guide\" action=\"https:\/\/www.parrinst.com\/es\/request-quote\/\" method=\"get\">\n\t<div style=\"display:none;\"><input type=\"hidden\" name=\"referrer\" value=\"Ordering Guide - \/es\/wp-json\/wp\/v2\/pages\/36942\" \/><\/div>\n\t<p><label>Your System ID No:<br \/><textarea class=\"un-placeholder\" name=\"order-no\" cols=\"60\" rows=\"1\">____-_-__-___<\/textarea><br \/><em>(automatically updates based on the selections below)<\/em><\/label><\/p>\n\t<p><input type=\"submit\" class=\"button-strong\" value=\"Enviar para Cotizar\" \/><\/p>\n\n<table class=\"OrderingGuide\">\n<tbody>\n<tr>\n<td class=\"OrderingGuide-DarkGreen\" colspan=\"3\"><strong>A<\/strong>Modelo B\u00e1sico<\/td>\n<\/tr>\n<tr>\n<td><\/td>\n<td><strong>N\u00b0 Modelo<\/strong><\/td>\n<td><strong>Tama\u00f1o<\/strong><\/td>\n<\/tr>\n<tr class=\"OrderingGuide-LightGreen\">\n<td><label><input type=\"radio\" name=\"base\" value=\"2500(5)\" \/><\/label><\/td>\n<td>2500<\/td>\n<td>5 mL<\/td>\n<\/tr>\n<tr>\n<td><label><input type=\"radio\" name=\"base\" value=\"2500(10)\" \/><\/label><\/td>\n<td>2500<\/td>\n<td>10 mL<\/td>\n<\/tr>\n<tr>\n<td colspan=\"3\"><\/td>\n<\/tr>\n<tr>\n<td class=\"OrderingGuide-DarkGreen\" colspan=\"3\"><strong>B<\/strong>Junta \/ Temperatura M\u00e1xima<\/td>\n<\/tr>\n<tr>\n<td><label><input type=\"radio\" name=\"gasket\" value=\"OV\" \/><\/label><\/td>\n<td>-OV<\/td>\n<td>Junta T\u00f3rica FKM, 225 \u00b0C<\/td>\n<\/tr>\n<tr class=\"OrderingGuide-LightGreen\">\n<td><label><input type=\"radio\" name=\"gasket\" value=\"OK\" \/><\/label><\/td>\n<td>-OK<\/td>\n<td>Junta T\u00f3rica FFKM, 275 \u00b0C<\/td>\n<\/tr>\n<tr>\n<td><label><input type=\"radio\" name=\"gasket\" value=\"T\" \/><\/label><\/td>\n<td>-T<\/td>\n<td>Junta Plana PTFE, 300 \u00b0C<\/td>\n<\/tr>\n<tr class=\"OrderingGuide-LightGreen\">\n<td><label><input type=\"radio\" name=\"gasket\" value=\"EP\" \/><\/label><\/td>\n<td>-EP<\/td>\n<td>Junta T\u00f3rica EP, 150 \u00b0C<\/td>\n<\/tr>\n<tr>\n<td colspan=\"3\"><\/td>\n<\/tr>\n<tr>\n<td class=\"OrderingGuide-DarkGreen\" colspan=\"3\"><strong>C<\/strong>Materiales de Fabricaci\u00f3n<\/td>\n<\/tr>\n<tr>\n<td><label><input type=\"radio\" name=\"material\" value=\"SS\" \/><\/label><\/td>\n<td>-SS<\/td>\n<td colspan=\"2\">Acero Inoxidable T316<\/td>\n<\/tr>\n<tr class=\"OrderingGuide-LightGreen\">\n<td><label><input type=\"radio\" name=\"material\" value=\"MO\" \/><\/label><\/td>\n<td>-MO<\/td>\n<td colspan=\"2\">Aleaci\u00f3n 400<\/td>\n<\/tr>\n<tr>\n<td><label><input type=\"radio\" name=\"material\" value=\"IN\" \/><\/label><\/td>\n<td>-IN<\/td>\n<td colspan=\"2\">Aleaci\u00f3n 600<\/td>\n<\/tr>\n<tr class=\"OrderingGuide-LightGreen\">\n<td><label><input type=\"radio\" name=\"material\" value=\"HB\" \/><\/label><\/td>\n<td>-HB<\/td>\n<td colspan=\"2\">Aleaci\u00f3n B-2\/B-3<\/td>\n<\/tr>\n<tr>\n<td><label><input type=\"radio\" name=\"material\" value=\"HC\" \/><\/label><\/td>\n<td>-HC<\/td>\n<td colspan=\"2\">Aleaci\u00f3n C-276<\/td>\n<\/tr>\n<tr class=\"OrderingGuide-LightGreen\">\n<td><label><input type=\"radio\" name=\"material\" value=\"CS\" \/><\/label><\/td>\n<td>-CS<\/td>\n<td colspan=\"2\">Aleaci\u00f3n 20<\/td>\n<\/tr>\n<tr>\n<td><label><input type=\"radio\" name=\"material\" value=\"TI2\" \/><\/label><\/td>\n<td>-TI2<\/td>\n<td colspan=\"2\">Titanio Grado 2<\/td>\n<\/tr>\n<tr class=\"OrderingGuide-LightGreen\">\n<td><label><input type=\"radio\" name=\"material\" value=\"TI4\" \/><\/label><\/td>\n<td>-TI4<\/td>\n<td colspan=\"2\">Titanio Grado 4<\/td>\n<\/tr>\n<tr>\n<td><label><input type=\"radio\" name=\"material\" value=\"ZR702\" \/><\/label><\/td>\n<td>-ZR702<\/td>\n<td colspan=\"2\">Circonio Grado 702<\/td>\n<\/tr>\n<tr class=\"OrderingGuide-LightGreen\">\n<td><label><input type=\"radio\" name=\"material\" value=\"ZR705\" \/><\/label><\/td>\n<td>-ZR705<\/td>\n<td colspan=\"2\">Circonio Grado 705<\/td>\n<\/tr>\n<tr>\n<td colspan=\"4\"><em style=\"font-family: inherit; font-size: inherit;\">Ver <\/em><a href=\"https:\/\/www.parrinst.com\/es\/products\/stirred-reactors\/options-accessories\/materials-of-construction\/\"><em style=\"font-family: inherit; font-size: inherit;\">Materiales de Construcci\u00f3n<\/em><\/a> <em style=\"font-family: inherit; font-size: inherit;\">para otras aleaciones disponibles.<\/em><\/td>\n<\/tr>\n<tr>\n<td colspan=\"3\"><\/td>\n<\/tr>\n<tr>\n<td class=\"OrderingGuide-DarkGreen\" colspan=\"3\"><strong>D<\/strong>Suministro El\u00e9ctrico<\/td>\n<\/tr>\n<tr>\n<td><label><input type=\"radio\" name=\"supply\" value=\"115\" \/><\/label><\/td>\n<td>-115<\/td>\n<td>115 VAC<\/td>\n<\/tr>\n<tr class=\"OrderingGuide-LightGreen\">\n<td><label><input type=\"radio\" name=\"supply\" value=\"230\" \/><\/label><\/td>\n<td>-230<\/td>\n<td>230 VAC<\/td>\n<\/tr>\n<tr>\n<td colspan=\"3\"><\/td>\n<\/tr>\n<tr>\n<td class=\"OrderingGuide-DarkGreen\" colspan=\"3\"><strong>E<\/strong>Termopar<\/td>\n<\/tr>\n<tr>\n<td><label><input type=\"radio\" name=\"thermocouple\" value=\"\" \/><\/label><\/td>\n<td>-Sin S\u00edmbolo<\/td>\n<td>Tipo J (Std.)<\/td>\n<\/tr>\n<tr class=\"OrderingGuide-LightGreen\">\n<td><label><input type=\"radio\" name=\"thermocouple\" value=\"K\" \/><\/label><\/td>\n<td>-K<\/td>\n<td>Tipo K<\/td>\n<\/tr>\n<tr>\n<td colspan=\"3\"><\/td>\n<\/tr>\n<tr>\n<td class=\"OrderingGuide-DarkGreen\" colspan=\"3\"><strong>F<\/strong>Rango de Transductor<\/td>\n<\/tr>\n<tr>\n<td><label><input type=\"radio\" name=\"range\" value=\"1000\" \/><\/label><\/td>\n<td>-1000<\/td>\n<td>0-1000 psi<\/td>\n<\/tr>\n<tr class=\"OrderingGuide-LightGreen\">\n<td><label><input type=\"radio\" name=\"range\" value=\"2000\" \/><\/label><\/td>\n<td>-2000<\/td>\n<td>0-2000 psi<\/td>\n<\/tr>\n<tr>\n<td><label><input type=\"radio\" name=\"range\" value=\"3000\" \/><\/label><\/td>\n<td>-3000<\/td>\n<td>0-3000 psi<\/td>\n<\/tr>\n<tr>\n<td colspan=\"3\"><\/td>\n<\/tr>\n<tr>\n<td class=\"OrderingGuide-DarkGreen\" colspan=\"3\"><strong>G<\/strong>Tipo de Agitador<\/td>\n<\/tr>\n<tr>\n<td><label><input type=\"radio\" name=\"stirrer\" value=\"MB\" \/><\/label><\/td>\n<td>-MB<\/td>\n<td>Agitador de Varilla Magn\u00e9tica, PTFE<\/td>\n<\/tr>\n<tr class=\"OrderingGuide-LightGreen\">\n<td><label><input type=\"radio\" name=\"stirrer\" value=\"GB\" \/><\/label><\/td>\n<td>-GB<\/td>\n<td>Agitador de Varilla Magn\u00e9tica, Vidrio<\/td>\n<\/tr>\n<tr>\n<td colspan=\"3\"><\/td>\n<\/tr>\n<tr>\n<td class=\"OrderingGuide-DarkGreen\" colspan=\"3\"><strong>H<\/strong>Certifications<\/td>\n<\/tr>\n<tr>\n<td><label><input type=\"radio\" name=\"certifications\" value=\"\" \/><\/label><\/td>\n<td>-Sin S\u00edmbolol<\/td>\n<td colspan=\"2\">Sin Certificaci\u00f3n<\/td>\n<\/tr>\n<tr class=\"OrderingGuide-LightGreen\">\n<td><label><input type=\"radio\" name=\"certifications\" value=\"PED\" \/><\/label><\/td>\n<td>-PED<\/td>\n<td colspan=\"2\">Certificaci\u00f3n PED<\/td>\n<\/tr>\n<tr>\n<td><label><input type=\"radio\" name=\"certifications\" value=\"P\" \/><\/label><\/td>\n<td>-P<\/td>\n<td colspan=\"2\">Certificaci\u00f3n Parr<\/td>\n<\/tr>\n<tr>\n<td colspan=\"3\"><\/td>\n<\/tr>\n<tr>\n<td class=\"OrderingGuide-DarkGreen\" colspan=\"3\"><strong>I<\/strong>Opciones<\/td>\n<\/tr>\n<tr>\n<td><label><input type=\"radio\" name=\"other options\" value=\"PTFE Liner\" \/><\/label><\/td>\n<td colspan=\"2\">Revestimiento de PTFE<\/td>\n<\/tr>\n<tr>\n<td colspan=\"3\"><\/td>\n<\/tr>\n<tr>\n<td class=\"OrderingGuide-DarkGreen\" colspan=\"3\"><strong>J<\/strong>Piezas de Repuesto<\/td>\n<\/tr>\n<tr>\n<td><label><input type=\"radio\" name=\"spare\" value=\"2509M\" \/><\/label><\/td>\n<td>-2509M<\/td>\n<td>Kit de piezas de repuesto con 3 disco de ruptura de Inconel, 18 sellos y lubricante<\/td>\n<\/tr>\n<tr class=\"OrderingGuide-LightGreen\">\n<td><label><input type=\"radio\" name=\"spare\" value=\"2550\" \/><\/label><\/td>\n<td>-2550<\/td>\n<td>Recipiente de repuesto de T316, 10mL, incluye cabezal con adaptador, cylinder y tap\u00f3n roscado<\/td>\n<\/tr>\n<tr>\n<td><label><input type=\"radio\" name=\"spare\" value=\"2551\" \/><\/label><\/td>\n<td>-2551<\/td>\n<td>Recipiente de repuesto de T316, 5mL, incluye cabezal con adaptador, cylinder y tap\u00f3n roscado<\/td>\n<\/tr>\n<\/tbody>\n<\/table>\n<p><strong>Tenga en cuenta que no todas las opciones y combinaciones son compatibles con todos los modelos.<\/strong><\/p>\n\n\t<p><label>Your System ID No:<br \/><textarea class=\"un-placeholder\" name=\"order-no\" cols=\"60\" rows=\"1\">____-_-__-___<\/textarea><br \/><em>(automatically updates based on the selections above)<\/em><\/label><\/p>\n\t<p><input type=\"submit\" class=\"button-strong\" value=\"Enviar para Cotizar\" \/><\/p>\n<\/form><!-- #ordering-guide -->\n<script type=\"text\/javascript\" src=\"\/wp-content\/plugins\/scripts\/ordering-guide.js\"><\/script>\n\n<p>Si no encuentra la presi\u00f3n, temperatura, volumen, o las opciones que usted est\u00e1 buscando aqu\u00ed, perm\u00edtanos personalizar un sistema para usted.<\/p>\n","protected":false},"excerpt":{"rendered":"<p>Cotizaci\u00f3n de la Serie 2500 El N\u00b0 de Pedido para el Sistema Base es: 2500(5)-T-SS-115-RCS-MPG-3000-MCM-4848MBS Haga clic en las siguientes selecciones para desarrollar un n\u00famero compuesto de identificaci\u00f3n que se usar\u00e1 para solicitar una cotizaci\u00f3n o para pedir un Reactor Series 2500. Tenga en cuenta que no todas las opciones y combinaciones son compatibles con [&hellip;]<\/p>\n","protected":false},"author":12,"featured_media":36941,"parent":36930,"menu_order":5,"comment_status":"closed","ping_status":"closed","template":"product-narrow.php","meta":{"_acf_changed":false,"footnotes":"","_links_to":"","_links_to_target":""},"class_list":["post-36942","page","type-page","status-publish","has-post-thumbnail","hentry"],"acf":[],"yoast_head":"<!-- This site is optimized with the Yoast SEO plugin v27.5 - https:\/\/yoast.com\/product\/yoast-seo-wordpress\/ -->\n<title>\u00a1Cotiza ya! - Parr Instrument (Espa\u00f1ol)<\/title>\n<meta name=\"robots\" content=\"index, follow, max-snippet:-1, max-image-preview:large, max-video-preview:-1\" \/>\n<link rel=\"canonical\" href=\"https:\/\/www.parrinst.com\/es\/products\/multi-reactor-systems\/series-2500-micro-batch-system\/rfq\/\" \/>\n<meta property=\"og:locale\" content=\"en_US\" \/>\n<meta property=\"og:type\" content=\"article\" \/>\n<meta property=\"og:title\" content=\"\u00a1Cotiza ya! - Parr Instrument (Espa\u00f1ol)\" \/>\n<meta property=\"og:description\" content=\"Cotizaci\u00f3n de la Serie 2500 El N\u00b0 de Pedido para el Sistema Base es: 2500(5)-T-SS-115-RCS-MPG-3000-MCM-4848MBS Haga clic en las siguientes selecciones para desarrollar un n\u00famero compuesto de identificaci\u00f3n que se usar\u00e1 para solicitar una cotizaci\u00f3n o para pedir un Reactor Series 2500. Tenga en cuenta que no todas las opciones y combinaciones son compatibles con [&hellip;]\" \/>\n<meta property=\"og:url\" content=\"https:\/\/www.parrinst.com\/es\/products\/multi-reactor-systems\/series-2500-micro-batch-system\/rfq\/\" \/>\n<meta property=\"og:site_name\" content=\"Parr Instrument (Espa\u00f1ol)\" \/>\n<meta property=\"article:modified_time\" content=\"2019-05-28T21:27:45+00:00\" \/>\n<meta property=\"og:image\" content=\"https:\/\/www.parrinst.com\/es\/files\/2018\/01\/parr_banner_multi_secondary.jpg\" \/>\n\t<meta property=\"og:image:width\" content=\"2200\" \/>\n\t<meta property=\"og:image:height\" content=\"399\" \/>\n\t<meta property=\"og:image:type\" content=\"image\/jpeg\" \/>\n<meta name=\"twitter:card\" content=\"summary_large_image\" \/>\n<meta name=\"twitter:label1\" content=\"Est. reading time\" \/>\n\t<meta name=\"twitter:data1\" content=\"2 minutes\" \/>\n<script type=\"application\/ld+json\" class=\"yoast-schema-graph\">{\"@context\":\"https:\\\/\\\/schema.org\",\"@graph\":[{\"@type\":\"WebPage\",\"@id\":\"https:\\\/\\\/www.parrinst.com\\\/es\\\/products\\\/multi-reactor-systems\\\/series-2500-micro-batch-system\\\/rfq\\\/\",\"url\":\"https:\\\/\\\/www.parrinst.com\\\/es\\\/products\\\/multi-reactor-systems\\\/series-2500-micro-batch-system\\\/rfq\\\/\",\"name\":\"\u00a1Cotiza ya! - Parr Instrument (Espa\u00f1ol)\",\"isPartOf\":{\"@id\":\"https:\\\/\\\/www.parrinst.com\\\/es\\\/#website\"},\"primaryImageOfPage\":{\"@id\":\"https:\\\/\\\/www.parrinst.com\\\/es\\\/products\\\/multi-reactor-systems\\\/series-2500-micro-batch-system\\\/rfq\\\/#primaryimage\"},\"image\":{\"@id\":\"https:\\\/\\\/www.parrinst.com\\\/es\\\/products\\\/multi-reactor-systems\\\/series-2500-micro-batch-system\\\/rfq\\\/#primaryimage\"},\"thumbnailUrl\":\"https:\\\/\\\/i0.wp.com\\\/www.parrinst.com\\\/es\\\/wp-content\\\/uploads\\\/sites\\\/7\\\/2018\\\/01\\\/parr_banner_multi_secondary.jpg?fit=2200%2C399&ssl=1\",\"datePublished\":\"2018-01-17T20:26:23+00:00\",\"dateModified\":\"2019-05-28T21:27:45+00:00\",\"breadcrumb\":{\"@id\":\"https:\\\/\\\/www.parrinst.com\\\/es\\\/products\\\/multi-reactor-systems\\\/series-2500-micro-batch-system\\\/rfq\\\/#breadcrumb\"},\"inLanguage\":\"en-US\",\"potentialAction\":[{\"@type\":\"ReadAction\",\"target\":[\"https:\\\/\\\/www.parrinst.com\\\/es\\\/products\\\/multi-reactor-systems\\\/series-2500-micro-batch-system\\\/rfq\\\/\"]}]},{\"@type\":\"ImageObject\",\"inLanguage\":\"en-US\",\"@id\":\"https:\\\/\\\/www.parrinst.com\\\/es\\\/products\\\/multi-reactor-systems\\\/series-2500-micro-batch-system\\\/rfq\\\/#primaryimage\",\"url\":\"https:\\\/\\\/i0.wp.com\\\/www.parrinst.com\\\/es\\\/wp-content\\\/uploads\\\/sites\\\/7\\\/2018\\\/01\\\/parr_banner_multi_secondary.jpg?fit=2200%2C399&ssl=1\",\"contentUrl\":\"https:\\\/\\\/i0.wp.com\\\/www.parrinst.com\\\/es\\\/wp-content\\\/uploads\\\/sites\\\/7\\\/2018\\\/01\\\/parr_banner_multi_secondary.jpg?fit=2200%2C399&ssl=1\",\"width\":2200,\"height\":399},{\"@type\":\"BreadcrumbList\",\"@id\":\"https:\\\/\\\/www.parrinst.com\\\/es\\\/products\\\/multi-reactor-systems\\\/series-2500-micro-batch-system\\\/rfq\\\/#breadcrumb\",\"itemListElement\":[{\"@type\":\"ListItem\",\"position\":1,\"name\":\"Home\",\"item\":\"https:\\\/\\\/www.parrinst.com\\\/es\\\/\"},{\"@type\":\"ListItem\",\"position\":2,\"name\":\"Products\",\"item\":\"https:\\\/\\\/www.parrinst.com\\\/es\\\/products\\\/\"},{\"@type\":\"ListItem\",\"position\":3,\"name\":\"Sistemas de Reactores M\u00faltliples\",\"item\":\"https:\\\/\\\/www.parrinst.com\\\/es\\\/products\\\/multi-reactor-systems\\\/\"},{\"@type\":\"ListItem\",\"position\":4,\"name\":\"Sistema Micro Batch 2500\",\"item\":\"https:\\\/\\\/www.parrinst.com\\\/es\\\/products\\\/multi-reactor-systems\\\/series-2500-micro-batch-system\\\/\"},{\"@type\":\"ListItem\",\"position\":5,\"name\":\"\u00a1Cotiza ya!\"}]},{\"@type\":\"WebSite\",\"@id\":\"https:\\\/\\\/www.parrinst.com\\\/es\\\/#website\",\"url\":\"https:\\\/\\\/www.parrinst.com\\\/es\\\/\",\"name\":\"Parr Instrument (Espa\u00f1ol)\",\"description\":\"\",\"potentialAction\":[{\"@type\":\"SearchAction\",\"target\":{\"@type\":\"EntryPoint\",\"urlTemplate\":\"https:\\\/\\\/www.parrinst.com\\\/es\\\/?s={search_term_string}\"},\"query-input\":{\"@type\":\"PropertyValueSpecification\",\"valueRequired\":true,\"valueName\":\"search_term_string\"}}],\"inLanguage\":\"en-US\"}]}<\/script>\n<!-- \/ Yoast SEO plugin. -->","yoast_head_json":{"title":"\u00a1Cotiza ya! - Parr Instrument (Espa\u00f1ol)","robots":{"index":"index","follow":"follow","max-snippet":"max-snippet:-1","max-image-preview":"max-image-preview:large","max-video-preview":"max-video-preview:-1"},"canonical":"https:\/\/www.parrinst.com\/es\/products\/multi-reactor-systems\/series-2500-micro-batch-system\/rfq\/","og_locale":"en_US","og_type":"article","og_title":"\u00a1Cotiza ya! - Parr Instrument (Espa\u00f1ol)","og_description":"Cotizaci\u00f3n de la Serie 2500 El N\u00b0 de Pedido para el Sistema Base es: 2500(5)-T-SS-115-RCS-MPG-3000-MCM-4848MBS Haga clic en las siguientes selecciones para desarrollar un n\u00famero compuesto de identificaci\u00f3n que se usar\u00e1 para solicitar una cotizaci\u00f3n o para pedir un Reactor Series 2500. Tenga en cuenta que no todas las opciones y combinaciones son compatibles con [&hellip;]","og_url":"https:\/\/www.parrinst.com\/es\/products\/multi-reactor-systems\/series-2500-micro-batch-system\/rfq\/","og_site_name":"Parr Instrument (Espa\u00f1ol)","article_modified_time":"2019-05-28T21:27:45+00:00","og_image":[{"width":2200,"height":399,"url":"https:\/\/www.parrinst.com\/es\/files\/2018\/01\/parr_banner_multi_secondary.jpg","type":"image\/jpeg"}],"twitter_card":"summary_large_image","twitter_misc":{"Est. reading time":"2 minutes"},"schema":{"@context":"https:\/\/schema.org","@graph":[{"@type":"WebPage","@id":"https:\/\/www.parrinst.com\/es\/products\/multi-reactor-systems\/series-2500-micro-batch-system\/rfq\/","url":"https:\/\/www.parrinst.com\/es\/products\/multi-reactor-systems\/series-2500-micro-batch-system\/rfq\/","name":"\u00a1Cotiza ya! - Parr Instrument (Espa\u00f1ol)","isPartOf":{"@id":"https:\/\/www.parrinst.com\/es\/#website"},"primaryImageOfPage":{"@id":"https:\/\/www.parrinst.com\/es\/products\/multi-reactor-systems\/series-2500-micro-batch-system\/rfq\/#primaryimage"},"image":{"@id":"https:\/\/www.parrinst.com\/es\/products\/multi-reactor-systems\/series-2500-micro-batch-system\/rfq\/#primaryimage"},"thumbnailUrl":"https:\/\/i0.wp.com\/www.parrinst.com\/es\/wp-content\/uploads\/sites\/7\/2018\/01\/parr_banner_multi_secondary.jpg?fit=2200%2C399&ssl=1","datePublished":"2018-01-17T20:26:23+00:00","dateModified":"2019-05-28T21:27:45+00:00","breadcrumb":{"@id":"https:\/\/www.parrinst.com\/es\/products\/multi-reactor-systems\/series-2500-micro-batch-system\/rfq\/#breadcrumb"},"inLanguage":"en-US","potentialAction":[{"@type":"ReadAction","target":["https:\/\/www.parrinst.com\/es\/products\/multi-reactor-systems\/series-2500-micro-batch-system\/rfq\/"]}]},{"@type":"ImageObject","inLanguage":"en-US","@id":"https:\/\/www.parrinst.com\/es\/products\/multi-reactor-systems\/series-2500-micro-batch-system\/rfq\/#primaryimage","url":"https:\/\/i0.wp.com\/www.parrinst.com\/es\/wp-content\/uploads\/sites\/7\/2018\/01\/parr_banner_multi_secondary.jpg?fit=2200%2C399&ssl=1","contentUrl":"https:\/\/i0.wp.com\/www.parrinst.com\/es\/wp-content\/uploads\/sites\/7\/2018\/01\/parr_banner_multi_secondary.jpg?fit=2200%2C399&ssl=1","width":2200,"height":399},{"@type":"BreadcrumbList","@id":"https:\/\/www.parrinst.com\/es\/products\/multi-reactor-systems\/series-2500-micro-batch-system\/rfq\/#breadcrumb","itemListElement":[{"@type":"ListItem","position":1,"name":"Home","item":"https:\/\/www.parrinst.com\/es\/"},{"@type":"ListItem","position":2,"name":"Products","item":"https:\/\/www.parrinst.com\/es\/products\/"},{"@type":"ListItem","position":3,"name":"Sistemas de Reactores M\u00faltliples","item":"https:\/\/www.parrinst.com\/es\/products\/multi-reactor-systems\/"},{"@type":"ListItem","position":4,"name":"Sistema Micro Batch 2500","item":"https:\/\/www.parrinst.com\/es\/products\/multi-reactor-systems\/series-2500-micro-batch-system\/"},{"@type":"ListItem","position":5,"name":"\u00a1Cotiza ya!"}]},{"@type":"WebSite","@id":"https:\/\/www.parrinst.com\/es\/#website","url":"https:\/\/www.parrinst.com\/es\/","name":"Parr Instrument (Espa\u00f1ol)","description":"","potentialAction":[{"@type":"SearchAction","target":{"@type":"EntryPoint","urlTemplate":"https:\/\/www.parrinst.com\/es\/?s={search_term_string}"},"query-input":{"@type":"PropertyValueSpecification","valueRequired":true,"valueName":"search_term_string"}}],"inLanguage":"en-US"}]}},"jetpack_sharing_enabled":true,"_links":{"self":[{"href":"https:\/\/www.parrinst.com\/es\/wp-json\/wp\/v2\/pages\/36942","targetHints":{"allow":["GET"]}}],"collection":[{"href":"https:\/\/www.parrinst.com\/es\/wp-json\/wp\/v2\/pages"}],"about":[{"href":"https:\/\/www.parrinst.com\/es\/wp-json\/wp\/v2\/types\/page"}],"author":[{"embeddable":true,"href":"https:\/\/www.parrinst.com\/es\/wp-json\/wp\/v2\/users\/12"}],"replies":[{"embeddable":true,"href":"https:\/\/www.parrinst.com\/es\/wp-json\/wp\/v2\/comments?post=36942"}],"version-history":[{"count":12,"href":"https:\/\/www.parrinst.com\/es\/wp-json\/wp\/v2\/pages\/36942\/revisions"}],"predecessor-version":[{"id":39398,"href":"https:\/\/www.parrinst.com\/es\/wp-json\/wp\/v2\/pages\/36942\/revisions\/39398"}],"up":[{"embeddable":true,"href":"https:\/\/www.parrinst.com\/es\/wp-json\/wp\/v2\/pages\/36930"}],"wp:featuredmedia":[{"embeddable":true,"href":"https:\/\/www.parrinst.com\/es\/wp-json\/wp\/v2\/media\/36941"}],"wp:attachment":[{"href":"https:\/\/www.parrinst.com\/es\/wp-json\/wp\/v2\/media?parent=36942"}],"curies":[{"name":"wp","href":"https:\/\/api.w.org\/{rel}","templated":true}]}}