{"id":39531,"date":"2019-07-16T16:25:08","date_gmt":"2019-07-16T21:25:08","guid":{"rendered":"https:\/\/www.parrinst.com\/es\/?page_id=39531"},"modified":"2025-01-29T10:40:50","modified_gmt":"2025-01-29T16:40:50","slug":"brief","status":"publish","type":"page","link":"https:\/\/www.parrinst.com\/es\/products\/tubular-reactor-systems\/5400-continuous-flow-tubular-reactors\/brief\/","title":{"rendered":"Brief"},"content":{"rendered":"<p><strong>Tipo:<\/strong><br \/>\nBanco o Soporte de Piso<\/p>\n<p><strong>Tama\u00f1os, ml:<\/strong><br \/>\n5 \u2013 1000<\/p>\n<p><strong>Presi\u00f3n Est\u00e1ndar<\/strong><br \/>\n<strong>Clasif. MAWP, psi (bar):<\/strong><br \/>\n3000 (207)<br \/>\n5000 (345)<\/p>\n<p><strong>Temp. M\u00e1xima Operaci\u00f3n.,<\/strong><br \/>\n<strong>\u00baC, a Alta Presi\u00f3n (HP):<\/strong><br \/>\n350 or 550<\/p>\n","protected":false},"excerpt":{"rendered":"<p>Tipo: Banco o Soporte de Piso Tama\u00f1os, ml: 5 \u2013 1000 Presi\u00f3n Est\u00e1ndar Clasif. MAWP, psi (bar): 3000 (207) 5000 (345) Temp. M\u00e1xima Operaci\u00f3n., \u00baC, a Alta Presi\u00f3n (HP): 350 or 550<\/p>\n","protected":false},"author":12,"featured_media":37724,"parent":232,"menu_order":0,"comment_status":"closed","ping_status":"closed","template":"product-narrow.php","meta":{"_acf_changed":false,"footnotes":"","_links_to":"","_links_to_target":""},"class_list":["post-39531","page","type-page","status-publish","has-post-thumbnail","hentry"],"acf":[],"yoast_head":"<!-- This site is optimized with the Yoast SEO plugin v27.5 - https:\/\/yoast.com\/product\/yoast-seo-wordpress\/ -->\n<title>Brief - Parr Instrument (Espa\u00f1ol)<\/title>\n<meta name=\"robots\" content=\"index, follow, max-snippet:-1, max-image-preview:large, max-video-preview:-1\" \/>\n<link rel=\"canonical\" href=\"https:\/\/www.parrinst.com\/es\/products\/tubular-reactor-systems\/5400-continuous-flow-tubular-reactors\/brief\/\" \/>\n<meta property=\"og:locale\" content=\"en_US\" \/>\n<meta property=\"og:type\" content=\"article\" \/>\n<meta property=\"og:title\" content=\"Brief - Parr Instrument (Espa\u00f1ol)\" \/>\n<meta property=\"og:description\" content=\"Tipo: Banco o Soporte de Piso Tama\u00f1os, ml: 5 \u2013 1000 Presi\u00f3n Est\u00e1ndar Clasif. MAWP, psi (bar): 3000 (207) 5000 (345) Temp. M\u00e1xima Operaci\u00f3n., \u00baC, a Alta Presi\u00f3n (HP): 350 or 550\" \/>\n<meta property=\"og:url\" content=\"https:\/\/www.parrinst.com\/es\/products\/tubular-reactor-systems\/5400-continuous-flow-tubular-reactors\/brief\/\" \/>\n<meta property=\"og:site_name\" content=\"Parr Instrument (Espa\u00f1ol)\" \/>\n<meta property=\"article:modified_time\" content=\"2025-01-29T16:40:50+00:00\" \/>\n<meta property=\"og:image\" content=\"https:\/\/www.parrinst.com\/es\/files\/2018\/01\/parr_banner_tubular_secondary.jpg\" \/>\n\t<meta property=\"og:image:width\" content=\"2200\" \/>\n\t<meta property=\"og:image:height\" content=\"399\" \/>\n\t<meta property=\"og:image:type\" content=\"image\/jpeg\" \/>\n<meta name=\"twitter:card\" content=\"summary_large_image\" \/>\n<meta name=\"twitter:label1\" content=\"Est. reading time\" \/>\n\t<meta name=\"twitter:data1\" content=\"1 minute\" \/>\n<script type=\"application\/ld+json\" class=\"yoast-schema-graph\">{\"@context\":\"https:\\\/\\\/schema.org\",\"@graph\":[{\"@type\":\"WebPage\",\"@id\":\"https:\\\/\\\/www.parrinst.com\\\/es\\\/products\\\/tubular-reactor-systems\\\/5400-continuous-flow-tubular-reactors\\\/brief\\\/\",\"url\":\"https:\\\/\\\/www.parrinst.com\\\/es\\\/products\\\/tubular-reactor-systems\\\/5400-continuous-flow-tubular-reactors\\\/brief\\\/\",\"name\":\"Brief - Parr Instrument (Espa\u00f1ol)\",\"isPartOf\":{\"@id\":\"https:\\\/\\\/www.parrinst.com\\\/es\\\/#website\"},\"primaryImageOfPage\":{\"@id\":\"https:\\\/\\\/www.parrinst.com\\\/es\\\/products\\\/tubular-reactor-systems\\\/5400-continuous-flow-tubular-reactors\\\/brief\\\/#primaryimage\"},\"image\":{\"@id\":\"https:\\\/\\\/www.parrinst.com\\\/es\\\/products\\\/tubular-reactor-systems\\\/5400-continuous-flow-tubular-reactors\\\/brief\\\/#primaryimage\"},\"thumbnailUrl\":\"https:\\\/\\\/i0.wp.com\\\/www.parrinst.com\\\/es\\\/wp-content\\\/uploads\\\/sites\\\/7\\\/2018\\\/01\\\/parr_banner_tubular_secondary.jpg?fit=2200%2C399&ssl=1\",\"datePublished\":\"2019-07-16T21:25:08+00:00\",\"dateModified\":\"2025-01-29T16:40:50+00:00\",\"breadcrumb\":{\"@id\":\"https:\\\/\\\/www.parrinst.com\\\/es\\\/products\\\/tubular-reactor-systems\\\/5400-continuous-flow-tubular-reactors\\\/brief\\\/#breadcrumb\"},\"inLanguage\":\"en-US\",\"potentialAction\":[{\"@type\":\"ReadAction\",\"target\":[\"https:\\\/\\\/www.parrinst.com\\\/es\\\/products\\\/tubular-reactor-systems\\\/5400-continuous-flow-tubular-reactors\\\/brief\\\/\"]}]},{\"@type\":\"ImageObject\",\"inLanguage\":\"en-US\",\"@id\":\"https:\\\/\\\/www.parrinst.com\\\/es\\\/products\\\/tubular-reactor-systems\\\/5400-continuous-flow-tubular-reactors\\\/brief\\\/#primaryimage\",\"url\":\"https:\\\/\\\/i0.wp.com\\\/www.parrinst.com\\\/es\\\/wp-content\\\/uploads\\\/sites\\\/7\\\/2018\\\/01\\\/parr_banner_tubular_secondary.jpg?fit=2200%2C399&ssl=1\",\"contentUrl\":\"https:\\\/\\\/i0.wp.com\\\/www.parrinst.com\\\/es\\\/wp-content\\\/uploads\\\/sites\\\/7\\\/2018\\\/01\\\/parr_banner_tubular_secondary.jpg?fit=2200%2C399&ssl=1\",\"width\":2200,\"height\":399},{\"@type\":\"BreadcrumbList\",\"@id\":\"https:\\\/\\\/www.parrinst.com\\\/es\\\/products\\\/tubular-reactor-systems\\\/5400-continuous-flow-tubular-reactors\\\/brief\\\/#breadcrumb\",\"itemListElement\":[{\"@type\":\"ListItem\",\"position\":1,\"name\":\"Home\",\"item\":\"https:\\\/\\\/www.parrinst.com\\\/es\\\/\"},{\"@type\":\"ListItem\",\"position\":2,\"name\":\"Products\",\"item\":\"https:\\\/\\\/www.parrinst.com\\\/es\\\/products\\\/\"},{\"@type\":\"ListItem\",\"position\":3,\"name\":\"Sistemas de Reactor Tubular\",\"item\":\"https:\\\/\\\/www.parrinst.com\\\/es\\\/products\\\/tubular-reactor-systems\\\/\"},{\"@type\":\"ListItem\",\"position\":4,\"name\":\"Reactores Tubulares de Flujo Continuo 5400\",\"item\":\"https:\\\/\\\/www.parrinst.com\\\/es\\\/products\\\/tubular-reactor-systems\\\/5400-continuous-flow-tubular-reactors\\\/\"},{\"@type\":\"ListItem\",\"position\":5,\"name\":\"Brief\"}]},{\"@type\":\"WebSite\",\"@id\":\"https:\\\/\\\/www.parrinst.com\\\/es\\\/#website\",\"url\":\"https:\\\/\\\/www.parrinst.com\\\/es\\\/\",\"name\":\"Parr Instrument (Espa\u00f1ol)\",\"description\":\"\",\"potentialAction\":[{\"@type\":\"SearchAction\",\"target\":{\"@type\":\"EntryPoint\",\"urlTemplate\":\"https:\\\/\\\/www.parrinst.com\\\/es\\\/?s={search_term_string}\"},\"query-input\":{\"@type\":\"PropertyValueSpecification\",\"valueRequired\":true,\"valueName\":\"search_term_string\"}}],\"inLanguage\":\"en-US\"}]}<\/script>\n<!-- \/ Yoast SEO plugin. -->","yoast_head_json":{"title":"Brief - Parr Instrument (Espa\u00f1ol)","robots":{"index":"index","follow":"follow","max-snippet":"max-snippet:-1","max-image-preview":"max-image-preview:large","max-video-preview":"max-video-preview:-1"},"canonical":"https:\/\/www.parrinst.com\/es\/products\/tubular-reactor-systems\/5400-continuous-flow-tubular-reactors\/brief\/","og_locale":"en_US","og_type":"article","og_title":"Brief - Parr Instrument (Espa\u00f1ol)","og_description":"Tipo: Banco o Soporte de Piso Tama\u00f1os, ml: 5 \u2013 1000 Presi\u00f3n Est\u00e1ndar Clasif. MAWP, psi (bar): 3000 (207) 5000 (345) Temp. M\u00e1xima Operaci\u00f3n., \u00baC, a Alta Presi\u00f3n (HP): 350 or 550","og_url":"https:\/\/www.parrinst.com\/es\/products\/tubular-reactor-systems\/5400-continuous-flow-tubular-reactors\/brief\/","og_site_name":"Parr Instrument (Espa\u00f1ol)","article_modified_time":"2025-01-29T16:40:50+00:00","og_image":[{"width":2200,"height":399,"url":"https:\/\/www.parrinst.com\/es\/files\/2018\/01\/parr_banner_tubular_secondary.jpg","type":"image\/jpeg"}],"twitter_card":"summary_large_image","twitter_misc":{"Est. reading time":"1 minute"},"schema":{"@context":"https:\/\/schema.org","@graph":[{"@type":"WebPage","@id":"https:\/\/www.parrinst.com\/es\/products\/tubular-reactor-systems\/5400-continuous-flow-tubular-reactors\/brief\/","url":"https:\/\/www.parrinst.com\/es\/products\/tubular-reactor-systems\/5400-continuous-flow-tubular-reactors\/brief\/","name":"Brief - Parr Instrument (Espa\u00f1ol)","isPartOf":{"@id":"https:\/\/www.parrinst.com\/es\/#website"},"primaryImageOfPage":{"@id":"https:\/\/www.parrinst.com\/es\/products\/tubular-reactor-systems\/5400-continuous-flow-tubular-reactors\/brief\/#primaryimage"},"image":{"@id":"https:\/\/www.parrinst.com\/es\/products\/tubular-reactor-systems\/5400-continuous-flow-tubular-reactors\/brief\/#primaryimage"},"thumbnailUrl":"https:\/\/i0.wp.com\/www.parrinst.com\/es\/wp-content\/uploads\/sites\/7\/2018\/01\/parr_banner_tubular_secondary.jpg?fit=2200%2C399&ssl=1","datePublished":"2019-07-16T21:25:08+00:00","dateModified":"2025-01-29T16:40:50+00:00","breadcrumb":{"@id":"https:\/\/www.parrinst.com\/es\/products\/tubular-reactor-systems\/5400-continuous-flow-tubular-reactors\/brief\/#breadcrumb"},"inLanguage":"en-US","potentialAction":[{"@type":"ReadAction","target":["https:\/\/www.parrinst.com\/es\/products\/tubular-reactor-systems\/5400-continuous-flow-tubular-reactors\/brief\/"]}]},{"@type":"ImageObject","inLanguage":"en-US","@id":"https:\/\/www.parrinst.com\/es\/products\/tubular-reactor-systems\/5400-continuous-flow-tubular-reactors\/brief\/#primaryimage","url":"https:\/\/i0.wp.com\/www.parrinst.com\/es\/wp-content\/uploads\/sites\/7\/2018\/01\/parr_banner_tubular_secondary.jpg?fit=2200%2C399&ssl=1","contentUrl":"https:\/\/i0.wp.com\/www.parrinst.com\/es\/wp-content\/uploads\/sites\/7\/2018\/01\/parr_banner_tubular_secondary.jpg?fit=2200%2C399&ssl=1","width":2200,"height":399},{"@type":"BreadcrumbList","@id":"https:\/\/www.parrinst.com\/es\/products\/tubular-reactor-systems\/5400-continuous-flow-tubular-reactors\/brief\/#breadcrumb","itemListElement":[{"@type":"ListItem","position":1,"name":"Home","item":"https:\/\/www.parrinst.com\/es\/"},{"@type":"ListItem","position":2,"name":"Products","item":"https:\/\/www.parrinst.com\/es\/products\/"},{"@type":"ListItem","position":3,"name":"Sistemas de Reactor Tubular","item":"https:\/\/www.parrinst.com\/es\/products\/tubular-reactor-systems\/"},{"@type":"ListItem","position":4,"name":"Reactores Tubulares de Flujo Continuo 5400","item":"https:\/\/www.parrinst.com\/es\/products\/tubular-reactor-systems\/5400-continuous-flow-tubular-reactors\/"},{"@type":"ListItem","position":5,"name":"Brief"}]},{"@type":"WebSite","@id":"https:\/\/www.parrinst.com\/es\/#website","url":"https:\/\/www.parrinst.com\/es\/","name":"Parr Instrument (Espa\u00f1ol)","description":"","potentialAction":[{"@type":"SearchAction","target":{"@type":"EntryPoint","urlTemplate":"https:\/\/www.parrinst.com\/es\/?s={search_term_string}"},"query-input":{"@type":"PropertyValueSpecification","valueRequired":true,"valueName":"search_term_string"}}],"inLanguage":"en-US"}]}},"jetpack_sharing_enabled":true,"_links":{"self":[{"href":"https:\/\/www.parrinst.com\/es\/wp-json\/wp\/v2\/pages\/39531","targetHints":{"allow":["GET"]}}],"collection":[{"href":"https:\/\/www.parrinst.com\/es\/wp-json\/wp\/v2\/pages"}],"about":[{"href":"https:\/\/www.parrinst.com\/es\/wp-json\/wp\/v2\/types\/page"}],"author":[{"embeddable":true,"href":"https:\/\/www.parrinst.com\/es\/wp-json\/wp\/v2\/users\/12"}],"replies":[{"embeddable":true,"href":"https:\/\/www.parrinst.com\/es\/wp-json\/wp\/v2\/comments?post=39531"}],"version-history":[{"count":2,"href":"https:\/\/www.parrinst.com\/es\/wp-json\/wp\/v2\/pages\/39531\/revisions"}],"predecessor-version":[{"id":41042,"href":"https:\/\/www.parrinst.com\/es\/wp-json\/wp\/v2\/pages\/39531\/revisions\/41042"}],"up":[{"embeddable":true,"href":"https:\/\/www.parrinst.com\/es\/wp-json\/wp\/v2\/pages\/232"}],"wp:featuredmedia":[{"embeddable":true,"href":"https:\/\/www.parrinst.com\/es\/wp-json\/wp\/v2\/media\/37724"}],"wp:attachment":[{"href":"https:\/\/www.parrinst.com\/es\/wp-json\/wp\/v2\/media?parent=39531"}],"curies":[{"name":"wp","href":"https:\/\/api.w.org\/{rel}","templated":true}]}}