{"id":39533,"date":"2019-07-16T16:38:01","date_gmt":"2019-07-16T21:38:01","guid":{"rendered":"https:\/\/www.parrinst.com\/es\/?page_id=39533"},"modified":"2025-10-23T11:59:29","modified_gmt":"2025-10-23T16:59:29","slug":"brief","status":"publish","type":"page","link":"https:\/\/www.parrinst.com\/es\/products\/tubular-reactor-systems\/fluidized-bed-reactors\/brief\/","title":{"rendered":"Brief"},"content":{"rendered":"<p><strong>Tipo:<\/strong><br \/>\nSoporte de Piso<\/p>\n<p><strong>Dimensiones del vaso<br \/>\n<\/strong>2\u201d ID, 32\u201d longitud,<br \/>\ny\u00a0 3.75\u201d ID, 4\u201d de longitud<br \/>\nzona de desempe\u00f1o<br \/>\nor hecha a la medida<\/p>\n<p><strong>Presi\u00f3n Est\u00e1ndar<br \/>\nClasif. <\/strong><strong>MAWP, psi (bar):<br \/>\n<\/strong>hasta 1000 (69)<br \/>\nbasado en la temperatura<\/p>\n<p><strong>Temp. M\u00e1xima Operaci\u00f3n.,\u00a0\u00baC:<br \/>\n<\/strong>350, 600, o &gt; 600<\/p>\n","protected":false},"excerpt":{"rendered":"<p>Tipo: Soporte de Piso Dimensiones del vaso 2\u201d ID, 32\u201d longitud, y\u00a0 3.75\u201d ID, 4\u201d de longitud zona de desempe\u00f1o or hecha a la medida Presi\u00f3n Est\u00e1ndar Clasif. MAWP, psi (bar): hasta 1000 (69) basado en la temperatura Temp. M\u00e1xima Operaci\u00f3n.,\u00a0\u00baC: 350, 600, o &gt; 600<\/p>\n","protected":false},"author":12,"featured_media":37724,"parent":242,"menu_order":0,"comment_status":"closed","ping_status":"closed","template":"product-narrow.php","meta":{"_acf_changed":false,"footnotes":"","_links_to":"","_links_to_target":""},"class_list":["post-39533","page","type-page","status-publish","has-post-thumbnail","hentry"],"acf":[],"yoast_head":"<!-- This site is optimized with the Yoast SEO plugin v27.5 - https:\/\/yoast.com\/product\/yoast-seo-wordpress\/ -->\n<title>Brief - Parr Instrument (Espa\u00f1ol)<\/title>\n<meta name=\"robots\" content=\"index, follow, max-snippet:-1, max-image-preview:large, max-video-preview:-1\" \/>\n<link rel=\"canonical\" href=\"https:\/\/www.parrinst.com\/es\/products\/tubular-reactor-systems\/fluidized-bed-reactors\/brief\/\" \/>\n<meta property=\"og:locale\" content=\"en_US\" \/>\n<meta property=\"og:type\" content=\"article\" \/>\n<meta property=\"og:title\" content=\"Brief - Parr Instrument (Espa\u00f1ol)\" \/>\n<meta property=\"og:description\" content=\"Tipo: Soporte de Piso Dimensiones del vaso 2\u201d ID, 32\u201d longitud, y\u00a0 3.75\u201d ID, 4\u201d de longitud zona de desempe\u00f1o or hecha a la medida Presi\u00f3n Est\u00e1ndar Clasif. MAWP, psi (bar): hasta 1000 (69) basado en la temperatura Temp. M\u00e1xima Operaci\u00f3n.,\u00a0\u00baC: 350, 600, o &gt; 600\" \/>\n<meta property=\"og:url\" content=\"https:\/\/www.parrinst.com\/es\/products\/tubular-reactor-systems\/fluidized-bed-reactors\/brief\/\" \/>\n<meta property=\"og:site_name\" content=\"Parr Instrument (Espa\u00f1ol)\" \/>\n<meta property=\"article:modified_time\" content=\"2025-10-23T16:59:29+00:00\" \/>\n<meta property=\"og:image\" content=\"https:\/\/www.parrinst.com\/es\/wp-content\/uploads\/sites\/7\/2018\/01\/parr_banner_tubular_secondary.jpg\" \/>\n\t<meta property=\"og:image:width\" content=\"2200\" \/>\n\t<meta property=\"og:image:height\" content=\"399\" \/>\n\t<meta property=\"og:image:type\" content=\"image\/jpeg\" \/>\n<meta name=\"twitter:card\" content=\"summary_large_image\" \/>\n<meta name=\"twitter:label1\" content=\"Est. reading time\" \/>\n\t<meta name=\"twitter:data1\" content=\"1 minute\" \/>\n<script type=\"application\/ld+json\" class=\"yoast-schema-graph\">{\"@context\":\"https:\\\/\\\/schema.org\",\"@graph\":[{\"@type\":\"WebPage\",\"@id\":\"https:\\\/\\\/www.parrinst.com\\\/es\\\/products\\\/tubular-reactor-systems\\\/fluidized-bed-reactors\\\/brief\\\/\",\"url\":\"https:\\\/\\\/www.parrinst.com\\\/es\\\/products\\\/tubular-reactor-systems\\\/fluidized-bed-reactors\\\/brief\\\/\",\"name\":\"Brief - Parr Instrument (Espa\u00f1ol)\",\"isPartOf\":{\"@id\":\"https:\\\/\\\/www.parrinst.com\\\/es\\\/#website\"},\"primaryImageOfPage\":{\"@id\":\"https:\\\/\\\/www.parrinst.com\\\/es\\\/products\\\/tubular-reactor-systems\\\/fluidized-bed-reactors\\\/brief\\\/#primaryimage\"},\"image\":{\"@id\":\"https:\\\/\\\/www.parrinst.com\\\/es\\\/products\\\/tubular-reactor-systems\\\/fluidized-bed-reactors\\\/brief\\\/#primaryimage\"},\"thumbnailUrl\":\"https:\\\/\\\/i0.wp.com\\\/www.parrinst.com\\\/es\\\/wp-content\\\/uploads\\\/sites\\\/7\\\/2018\\\/01\\\/parr_banner_tubular_secondary.jpg?fit=2200%2C399&ssl=1\",\"datePublished\":\"2019-07-16T21:38:01+00:00\",\"dateModified\":\"2025-10-23T16:59:29+00:00\",\"breadcrumb\":{\"@id\":\"https:\\\/\\\/www.parrinst.com\\\/es\\\/products\\\/tubular-reactor-systems\\\/fluidized-bed-reactors\\\/brief\\\/#breadcrumb\"},\"inLanguage\":\"en-US\",\"potentialAction\":[{\"@type\":\"ReadAction\",\"target\":[\"https:\\\/\\\/www.parrinst.com\\\/es\\\/products\\\/tubular-reactor-systems\\\/fluidized-bed-reactors\\\/brief\\\/\"]}]},{\"@type\":\"ImageObject\",\"inLanguage\":\"en-US\",\"@id\":\"https:\\\/\\\/www.parrinst.com\\\/es\\\/products\\\/tubular-reactor-systems\\\/fluidized-bed-reactors\\\/brief\\\/#primaryimage\",\"url\":\"https:\\\/\\\/i0.wp.com\\\/www.parrinst.com\\\/es\\\/wp-content\\\/uploads\\\/sites\\\/7\\\/2018\\\/01\\\/parr_banner_tubular_secondary.jpg?fit=2200%2C399&ssl=1\",\"contentUrl\":\"https:\\\/\\\/i0.wp.com\\\/www.parrinst.com\\\/es\\\/wp-content\\\/uploads\\\/sites\\\/7\\\/2018\\\/01\\\/parr_banner_tubular_secondary.jpg?fit=2200%2C399&ssl=1\",\"width\":2200,\"height\":399},{\"@type\":\"BreadcrumbList\",\"@id\":\"https:\\\/\\\/www.parrinst.com\\\/es\\\/products\\\/tubular-reactor-systems\\\/fluidized-bed-reactors\\\/brief\\\/#breadcrumb\",\"itemListElement\":[{\"@type\":\"ListItem\",\"position\":1,\"name\":\"Home\",\"item\":\"https:\\\/\\\/www.parrinst.com\\\/es\\\/\"},{\"@type\":\"ListItem\",\"position\":2,\"name\":\"Products\",\"item\":\"https:\\\/\\\/www.parrinst.com\\\/es\\\/products\\\/\"},{\"@type\":\"ListItem\",\"position\":3,\"name\":\"Sistemas de Reactor Tubular\",\"item\":\"https:\\\/\\\/www.parrinst.com\\\/es\\\/products\\\/tubular-reactor-systems\\\/\"},{\"@type\":\"ListItem\",\"position\":4,\"name\":\"5410 Reactores de Lecho Fluidizado\",\"item\":\"https:\\\/\\\/www.parrinst.com\\\/es\\\/products\\\/tubular-reactor-systems\\\/fluidized-bed-reactors\\\/\"},{\"@type\":\"ListItem\",\"position\":5,\"name\":\"Brief\"}]},{\"@type\":\"WebSite\",\"@id\":\"https:\\\/\\\/www.parrinst.com\\\/es\\\/#website\",\"url\":\"https:\\\/\\\/www.parrinst.com\\\/es\\\/\",\"name\":\"Parr Instrument (Espa\u00f1ol)\",\"description\":\"\",\"potentialAction\":[{\"@type\":\"SearchAction\",\"target\":{\"@type\":\"EntryPoint\",\"urlTemplate\":\"https:\\\/\\\/www.parrinst.com\\\/es\\\/?s={search_term_string}\"},\"query-input\":{\"@type\":\"PropertyValueSpecification\",\"valueRequired\":true,\"valueName\":\"search_term_string\"}}],\"inLanguage\":\"en-US\"}]}<\/script>\n<!-- \/ Yoast SEO plugin. -->","yoast_head_json":{"title":"Brief - Parr Instrument (Espa\u00f1ol)","robots":{"index":"index","follow":"follow","max-snippet":"max-snippet:-1","max-image-preview":"max-image-preview:large","max-video-preview":"max-video-preview:-1"},"canonical":"https:\/\/www.parrinst.com\/es\/products\/tubular-reactor-systems\/fluidized-bed-reactors\/brief\/","og_locale":"en_US","og_type":"article","og_title":"Brief - Parr Instrument (Espa\u00f1ol)","og_description":"Tipo: Soporte de Piso Dimensiones del vaso 2\u201d ID, 32\u201d longitud, y\u00a0 3.75\u201d ID, 4\u201d de longitud zona de desempe\u00f1o or hecha a la medida Presi\u00f3n Est\u00e1ndar Clasif. MAWP, psi (bar): hasta 1000 (69) basado en la temperatura Temp. M\u00e1xima Operaci\u00f3n.,\u00a0\u00baC: 350, 600, o &gt; 600","og_url":"https:\/\/www.parrinst.com\/es\/products\/tubular-reactor-systems\/fluidized-bed-reactors\/brief\/","og_site_name":"Parr Instrument (Espa\u00f1ol)","article_modified_time":"2025-10-23T16:59:29+00:00","og_image":[{"width":2200,"height":399,"url":"https:\/\/www.parrinst.com\/es\/wp-content\/uploads\/sites\/7\/2018\/01\/parr_banner_tubular_secondary.jpg","type":"image\/jpeg"}],"twitter_card":"summary_large_image","twitter_misc":{"Est. reading time":"1 minute"},"schema":{"@context":"https:\/\/schema.org","@graph":[{"@type":"WebPage","@id":"https:\/\/www.parrinst.com\/es\/products\/tubular-reactor-systems\/fluidized-bed-reactors\/brief\/","url":"https:\/\/www.parrinst.com\/es\/products\/tubular-reactor-systems\/fluidized-bed-reactors\/brief\/","name":"Brief - Parr Instrument (Espa\u00f1ol)","isPartOf":{"@id":"https:\/\/www.parrinst.com\/es\/#website"},"primaryImageOfPage":{"@id":"https:\/\/www.parrinst.com\/es\/products\/tubular-reactor-systems\/fluidized-bed-reactors\/brief\/#primaryimage"},"image":{"@id":"https:\/\/www.parrinst.com\/es\/products\/tubular-reactor-systems\/fluidized-bed-reactors\/brief\/#primaryimage"},"thumbnailUrl":"https:\/\/i0.wp.com\/www.parrinst.com\/es\/wp-content\/uploads\/sites\/7\/2018\/01\/parr_banner_tubular_secondary.jpg?fit=2200%2C399&ssl=1","datePublished":"2019-07-16T21:38:01+00:00","dateModified":"2025-10-23T16:59:29+00:00","breadcrumb":{"@id":"https:\/\/www.parrinst.com\/es\/products\/tubular-reactor-systems\/fluidized-bed-reactors\/brief\/#breadcrumb"},"inLanguage":"en-US","potentialAction":[{"@type":"ReadAction","target":["https:\/\/www.parrinst.com\/es\/products\/tubular-reactor-systems\/fluidized-bed-reactors\/brief\/"]}]},{"@type":"ImageObject","inLanguage":"en-US","@id":"https:\/\/www.parrinst.com\/es\/products\/tubular-reactor-systems\/fluidized-bed-reactors\/brief\/#primaryimage","url":"https:\/\/i0.wp.com\/www.parrinst.com\/es\/wp-content\/uploads\/sites\/7\/2018\/01\/parr_banner_tubular_secondary.jpg?fit=2200%2C399&ssl=1","contentUrl":"https:\/\/i0.wp.com\/www.parrinst.com\/es\/wp-content\/uploads\/sites\/7\/2018\/01\/parr_banner_tubular_secondary.jpg?fit=2200%2C399&ssl=1","width":2200,"height":399},{"@type":"BreadcrumbList","@id":"https:\/\/www.parrinst.com\/es\/products\/tubular-reactor-systems\/fluidized-bed-reactors\/brief\/#breadcrumb","itemListElement":[{"@type":"ListItem","position":1,"name":"Home","item":"https:\/\/www.parrinst.com\/es\/"},{"@type":"ListItem","position":2,"name":"Products","item":"https:\/\/www.parrinst.com\/es\/products\/"},{"@type":"ListItem","position":3,"name":"Sistemas de Reactor Tubular","item":"https:\/\/www.parrinst.com\/es\/products\/tubular-reactor-systems\/"},{"@type":"ListItem","position":4,"name":"5410 Reactores de Lecho Fluidizado","item":"https:\/\/www.parrinst.com\/es\/products\/tubular-reactor-systems\/fluidized-bed-reactors\/"},{"@type":"ListItem","position":5,"name":"Brief"}]},{"@type":"WebSite","@id":"https:\/\/www.parrinst.com\/es\/#website","url":"https:\/\/www.parrinst.com\/es\/","name":"Parr Instrument (Espa\u00f1ol)","description":"","potentialAction":[{"@type":"SearchAction","target":{"@type":"EntryPoint","urlTemplate":"https:\/\/www.parrinst.com\/es\/?s={search_term_string}"},"query-input":{"@type":"PropertyValueSpecification","valueRequired":true,"valueName":"search_term_string"}}],"inLanguage":"en-US"}]}},"jetpack_sharing_enabled":true,"_links":{"self":[{"href":"https:\/\/www.parrinst.com\/es\/wp-json\/wp\/v2\/pages\/39533","targetHints":{"allow":["GET"]}}],"collection":[{"href":"https:\/\/www.parrinst.com\/es\/wp-json\/wp\/v2\/pages"}],"about":[{"href":"https:\/\/www.parrinst.com\/es\/wp-json\/wp\/v2\/types\/page"}],"author":[{"embeddable":true,"href":"https:\/\/www.parrinst.com\/es\/wp-json\/wp\/v2\/users\/12"}],"replies":[{"embeddable":true,"href":"https:\/\/www.parrinst.com\/es\/wp-json\/wp\/v2\/comments?post=39533"}],"version-history":[{"count":5,"href":"https:\/\/www.parrinst.com\/es\/wp-json\/wp\/v2\/pages\/39533\/revisions"}],"predecessor-version":[{"id":41194,"href":"https:\/\/www.parrinst.com\/es\/wp-json\/wp\/v2\/pages\/39533\/revisions\/41194"}],"up":[{"embeddable":true,"href":"https:\/\/www.parrinst.com\/es\/wp-json\/wp\/v2\/pages\/242"}],"wp:featuredmedia":[{"embeddable":true,"href":"https:\/\/www.parrinst.com\/es\/wp-json\/wp\/v2\/media\/37724"}],"wp:attachment":[{"href":"https:\/\/www.parrinst.com\/es\/wp-json\/wp\/v2\/media?parent=39533"}],"curies":[{"name":"wp","href":"https:\/\/api.w.org\/{rel}","templated":true}]}}