{"id":421,"date":"2011-04-26T20:46:39","date_gmt":"2011-04-27T01:46:39","guid":{"rendered":"https:\/\/www.parrinst.com\/?page_id=421"},"modified":"2019-05-31T14:10:06","modified_gmt":"2019-05-31T19:10:06","slug":"selection-guide","status":"publish","type":"page","link":"https:\/\/www.parrinst.com\/es\/products\/hydrogenation\/selection-guide\/","title":{"rendered":"Gu\u00eda de Selecci\u00f3n"},"content":{"rendered":"<h2>Gu\u00eda de Selecci\u00f3n de Aparato Agitador de Hidrogenaci\u00f3n<\/h2>\n<table class=\"GeneralTable\" style=\"width: 968px;\">\n<tbody>\n<tr>\n<td class=\"GeneralTable-DarkBlue\" style=\"width: 958px;\" colspan=\"5\">Aparato de Hidrogenaci\u00f3n<\/td>\n<\/tr>\n<tr>\n<td style=\"width: 221.31px;\"><strong>Serie<\/strong><\/td>\n<td style=\"width: 2.74px; text-align: center;\" colspan=\"2\"><strong><br \/>\n<\/strong><a href=\"https:\/\/www.parrinst.com\/es\/products\/hydrogenation\/3911-hydrogenator\/\"><strong>3910<\/strong><\/a><\/td>\n<td style=\"width: 231.91px; text-align: center;\" colspan=\"2\"><strong><br \/>\n<\/strong><a href=\"https:\/\/www.parrinst.com\/es\/products\/hydrogenation\/3921-hydrogenator\/\"><strong>3920<\/strong><\/a><\/td>\n<\/tr>\n<tr class=\"GeneralTable-LightBlue\">\n<td style=\"width: 221.31px;\"><strong>Botella Tama\u00f1os<\/strong><\/td>\n<td style=\"width: 2.74px; text-align: center;\" colspan=\"2\">250 and 500 mL<\/td>\n<td style=\"width: 231.91px; text-align: center;\" colspan=\"2\">1000, 1825, 2000, and 2250 mL<\/td>\n<\/tr>\n<tr>\n<td style=\"width: 221.31px;\"><strong>Max. Presi\u00f3n de Trabajo <\/strong><\/td>\n<td style=\"width: 2.74px; text-align: center;\" colspan=\"2\">60 psi<\/td>\n<td style=\"width: 231.91px; text-align: center;\" colspan=\"2\">30, 40, 60, 65 psi<\/td>\n<\/tr>\n<tr class=\"GeneralTable-LightBlue\">\n<td style=\"width: 221.31px;\"><strong>Temperatura M\u00e1xima<\/strong><\/td>\n<td style=\"width: 2.74px; text-align: center;\" colspan=\"2\">80 \u00b0C<\/td>\n<td style=\"width: 231.91px; text-align: center;\" colspan=\"2\">80 \u00b0C<\/td>\n<\/tr>\n<tr>\n<td style=\"width: 221.31px;\"><strong>Tipo de Motor<\/strong><\/td>\n<td style=\"width: 2.74px; text-align: center;\" colspan=\"2\">Est\u00e1ndar, Neum\u00e1tico, or prueba de explosion<\/td>\n<td style=\"width: 231.91px; text-align: center;\" colspan=\"2\">Est\u00e1ndar, Neum\u00e1tico, or prueba de explosi\u00f3n<\/td>\n<\/tr>\n<tr class=\"GeneralTable-LightBlue\">\n<td style=\"width: 958px;\" colspan=\"5\"><strong>Dimensiones y Pesos<\/strong><\/td>\n<\/tr>\n<tr>\n<td style=\"width: 192.31px; padding-left: 30px;\"><strong>Model Number<\/strong><\/td>\n<td style=\"width: 2.74px; text-align: center;\"><strong>3911<\/strong><\/td>\n<td style=\"width: 239.02px; text-align: center;\"><strong>3916<\/strong><\/td>\n<td style=\"width: 231.91px; text-align: center;\"><strong>3921<\/strong><\/td>\n<td style=\"width: 239.02px; text-align: center;\"><strong>3926<\/strong><\/td>\n<\/tr>\n<tr class=\"GeneralTable-LightBlue\">\n<td style=\"width: 192.31px; padding-left: 30px;\"><strong>Aparato de Hidrogenacion (in.)<\/strong><\/td>\n<td style=\"width: 2.74px; text-align: center;\" colspan=\"2\">22w x 19d x 14h<\/td>\n<td style=\"width: 231.91px; text-align: center;\" colspan=\"2\">33w x 20.5d x 17h<\/td>\n<\/tr>\n<tr>\n<td style=\"width: 192.31px; padding-left: 30px;\"><strong>4833 Controlador<\/strong><\/td>\n<td style=\"width: 2.74px; text-align: center;\">N\/A<\/td>\n<td style=\"width: 239.02px; text-align: center;\">10.2w x 7.7d x 7.1h<\/td>\n<td style=\"width: 231.91px; text-align: center;\">N\/A<\/td>\n<td style=\"width: 239.02px; text-align: center;\">10.2w x 7.7d x 7.1h<\/td>\n<\/tr>\n<\/tbody>\n<\/table>\n","protected":false},"excerpt":{"rendered":"<p>Gu\u00eda de Selecci\u00f3n de Aparato Agitador de Hidrogenaci\u00f3n Aparato de Hidrogenaci\u00f3n Serie 3910 3920 Botella Tama\u00f1os 250 and 500 mL 1000, 1825, 2000, and 2250 mL Max. Presi\u00f3n de Trabajo 60 psi 30, 40, 60, 65 psi Temperatura M\u00e1xima 80 \u00b0C 80 \u00b0C Tipo de Motor Est\u00e1ndar, Neum\u00e1tico, or prueba de explosion Est\u00e1ndar, Neum\u00e1tico, or [&hellip;]<\/p>\n","protected":false},"author":1,"featured_media":37723,"parent":91,"menu_order":5,"comment_status":"closed","ping_status":"closed","template":"general-tabs.php","meta":{"_acf_changed":false,"footnotes":"","_links_to":"","_links_to_target":""},"class_list":["post-421","page","type-page","status-publish","has-post-thumbnail","hentry"],"acf":[],"yoast_head":"<!-- This site is optimized with the Yoast SEO plugin v27.5 - https:\/\/yoast.com\/product\/yoast-seo-wordpress\/ -->\n<title>Gu\u00eda de Selecci\u00f3n - Parr Instrument (Espa\u00f1ol)<\/title>\n<meta name=\"robots\" content=\"index, follow, max-snippet:-1, max-image-preview:large, max-video-preview:-1\" \/>\n<link rel=\"canonical\" href=\"https:\/\/www.parrinst.com\/es\/products\/hydrogenation\/selection-guide\/\" \/>\n<meta property=\"og:locale\" content=\"en_US\" \/>\n<meta property=\"og:type\" content=\"article\" \/>\n<meta property=\"og:title\" content=\"Gu\u00eda de Selecci\u00f3n - Parr Instrument (Espa\u00f1ol)\" \/>\n<meta property=\"og:description\" content=\"Gu\u00eda de Selecci\u00f3n de Aparato Agitador de Hidrogenaci\u00f3n Aparato de Hidrogenaci\u00f3n Serie 3910 3920 Botella Tama\u00f1os 250 and 500 mL 1000, 1825, 2000, and 2250 mL Max. Presi\u00f3n de Trabajo 60 psi 30, 40, 60, 65 psi Temperatura M\u00e1xima 80 \u00b0C 80 \u00b0C Tipo de Motor Est\u00e1ndar, Neum\u00e1tico, or prueba de explosion Est\u00e1ndar, Neum\u00e1tico, or [&hellip;]\" \/>\n<meta property=\"og:url\" content=\"https:\/\/www.parrinst.com\/es\/products\/hydrogenation\/selection-guide\/\" \/>\n<meta property=\"og:site_name\" content=\"Parr Instrument (Espa\u00f1ol)\" \/>\n<meta property=\"article:modified_time\" content=\"2019-05-31T19:10:06+00:00\" \/>\n<meta property=\"og:image\" content=\"https:\/\/www.parrinst.com\/es\/files\/2018\/01\/parr_banner_shaker_secondary.jpg\" \/>\n\t<meta property=\"og:image:width\" content=\"2200\" \/>\n\t<meta property=\"og:image:height\" content=\"399\" \/>\n\t<meta property=\"og:image:type\" content=\"image\/jpeg\" \/>\n<meta name=\"twitter:card\" content=\"summary_large_image\" \/>\n<script type=\"application\/ld+json\" class=\"yoast-schema-graph\">{\"@context\":\"https:\\\/\\\/schema.org\",\"@graph\":[{\"@type\":\"WebPage\",\"@id\":\"https:\\\/\\\/www.parrinst.com\\\/es\\\/products\\\/hydrogenation\\\/selection-guide\\\/\",\"url\":\"https:\\\/\\\/www.parrinst.com\\\/es\\\/products\\\/hydrogenation\\\/selection-guide\\\/\",\"name\":\"Gu\u00eda de Selecci\u00f3n - Parr Instrument (Espa\u00f1ol)\",\"isPartOf\":{\"@id\":\"https:\\\/\\\/www.parrinst.com\\\/es\\\/#website\"},\"primaryImageOfPage\":{\"@id\":\"https:\\\/\\\/www.parrinst.com\\\/es\\\/products\\\/hydrogenation\\\/selection-guide\\\/#primaryimage\"},\"image\":{\"@id\":\"https:\\\/\\\/www.parrinst.com\\\/es\\\/products\\\/hydrogenation\\\/selection-guide\\\/#primaryimage\"},\"thumbnailUrl\":\"https:\\\/\\\/i0.wp.com\\\/www.parrinst.com\\\/es\\\/wp-content\\\/uploads\\\/sites\\\/7\\\/2018\\\/01\\\/parr_banner_shaker_secondary.jpg?fit=2200%2C399&ssl=1\",\"datePublished\":\"2011-04-27T01:46:39+00:00\",\"dateModified\":\"2019-05-31T19:10:06+00:00\",\"breadcrumb\":{\"@id\":\"https:\\\/\\\/www.parrinst.com\\\/es\\\/products\\\/hydrogenation\\\/selection-guide\\\/#breadcrumb\"},\"inLanguage\":\"en-US\",\"potentialAction\":[{\"@type\":\"ReadAction\",\"target\":[\"https:\\\/\\\/www.parrinst.com\\\/es\\\/products\\\/hydrogenation\\\/selection-guide\\\/\"]}]},{\"@type\":\"ImageObject\",\"inLanguage\":\"en-US\",\"@id\":\"https:\\\/\\\/www.parrinst.com\\\/es\\\/products\\\/hydrogenation\\\/selection-guide\\\/#primaryimage\",\"url\":\"https:\\\/\\\/i0.wp.com\\\/www.parrinst.com\\\/es\\\/wp-content\\\/uploads\\\/sites\\\/7\\\/2018\\\/01\\\/parr_banner_shaker_secondary.jpg?fit=2200%2C399&ssl=1\",\"contentUrl\":\"https:\\\/\\\/i0.wp.com\\\/www.parrinst.com\\\/es\\\/wp-content\\\/uploads\\\/sites\\\/7\\\/2018\\\/01\\\/parr_banner_shaker_secondary.jpg?fit=2200%2C399&ssl=1\",\"width\":2200,\"height\":399},{\"@type\":\"BreadcrumbList\",\"@id\":\"https:\\\/\\\/www.parrinst.com\\\/es\\\/products\\\/hydrogenation\\\/selection-guide\\\/#breadcrumb\",\"itemListElement\":[{\"@type\":\"ListItem\",\"position\":1,\"name\":\"Home\",\"item\":\"https:\\\/\\\/www.parrinst.com\\\/es\\\/\"},{\"@type\":\"ListItem\",\"position\":2,\"name\":\"Products\",\"item\":\"https:\\\/\\\/www.parrinst.com\\\/es\\\/products\\\/\"},{\"@type\":\"ListItem\",\"position\":3,\"name\":\"Aparato Agitador de Hidrogenaci\u00f3n\",\"item\":\"https:\\\/\\\/www.parrinst.com\\\/es\\\/products\\\/hydrogenation\\\/\"},{\"@type\":\"ListItem\",\"position\":4,\"name\":\"Gu\u00eda de Selecci\u00f3n\"}]},{\"@type\":\"WebSite\",\"@id\":\"https:\\\/\\\/www.parrinst.com\\\/es\\\/#website\",\"url\":\"https:\\\/\\\/www.parrinst.com\\\/es\\\/\",\"name\":\"Parr Instrument (Espa\u00f1ol)\",\"description\":\"\",\"potentialAction\":[{\"@type\":\"SearchAction\",\"target\":{\"@type\":\"EntryPoint\",\"urlTemplate\":\"https:\\\/\\\/www.parrinst.com\\\/es\\\/?s={search_term_string}\"},\"query-input\":{\"@type\":\"PropertyValueSpecification\",\"valueRequired\":true,\"valueName\":\"search_term_string\"}}],\"inLanguage\":\"en-US\"}]}<\/script>\n<!-- \/ Yoast SEO plugin. -->","yoast_head_json":{"title":"Gu\u00eda de Selecci\u00f3n - Parr Instrument (Espa\u00f1ol)","robots":{"index":"index","follow":"follow","max-snippet":"max-snippet:-1","max-image-preview":"max-image-preview:large","max-video-preview":"max-video-preview:-1"},"canonical":"https:\/\/www.parrinst.com\/es\/products\/hydrogenation\/selection-guide\/","og_locale":"en_US","og_type":"article","og_title":"Gu\u00eda de Selecci\u00f3n - Parr Instrument (Espa\u00f1ol)","og_description":"Gu\u00eda de Selecci\u00f3n de Aparato Agitador de Hidrogenaci\u00f3n Aparato de Hidrogenaci\u00f3n Serie 3910 3920 Botella Tama\u00f1os 250 and 500 mL 1000, 1825, 2000, and 2250 mL Max. Presi\u00f3n de Trabajo 60 psi 30, 40, 60, 65 psi Temperatura M\u00e1xima 80 \u00b0C 80 \u00b0C Tipo de Motor Est\u00e1ndar, Neum\u00e1tico, or prueba de explosion Est\u00e1ndar, Neum\u00e1tico, or [&hellip;]","og_url":"https:\/\/www.parrinst.com\/es\/products\/hydrogenation\/selection-guide\/","og_site_name":"Parr Instrument (Espa\u00f1ol)","article_modified_time":"2019-05-31T19:10:06+00:00","og_image":[{"width":2200,"height":399,"url":"https:\/\/www.parrinst.com\/es\/files\/2018\/01\/parr_banner_shaker_secondary.jpg","type":"image\/jpeg"}],"twitter_card":"summary_large_image","schema":{"@context":"https:\/\/schema.org","@graph":[{"@type":"WebPage","@id":"https:\/\/www.parrinst.com\/es\/products\/hydrogenation\/selection-guide\/","url":"https:\/\/www.parrinst.com\/es\/products\/hydrogenation\/selection-guide\/","name":"Gu\u00eda de Selecci\u00f3n - Parr Instrument (Espa\u00f1ol)","isPartOf":{"@id":"https:\/\/www.parrinst.com\/es\/#website"},"primaryImageOfPage":{"@id":"https:\/\/www.parrinst.com\/es\/products\/hydrogenation\/selection-guide\/#primaryimage"},"image":{"@id":"https:\/\/www.parrinst.com\/es\/products\/hydrogenation\/selection-guide\/#primaryimage"},"thumbnailUrl":"https:\/\/i0.wp.com\/www.parrinst.com\/es\/wp-content\/uploads\/sites\/7\/2018\/01\/parr_banner_shaker_secondary.jpg?fit=2200%2C399&ssl=1","datePublished":"2011-04-27T01:46:39+00:00","dateModified":"2019-05-31T19:10:06+00:00","breadcrumb":{"@id":"https:\/\/www.parrinst.com\/es\/products\/hydrogenation\/selection-guide\/#breadcrumb"},"inLanguage":"en-US","potentialAction":[{"@type":"ReadAction","target":["https:\/\/www.parrinst.com\/es\/products\/hydrogenation\/selection-guide\/"]}]},{"@type":"ImageObject","inLanguage":"en-US","@id":"https:\/\/www.parrinst.com\/es\/products\/hydrogenation\/selection-guide\/#primaryimage","url":"https:\/\/i0.wp.com\/www.parrinst.com\/es\/wp-content\/uploads\/sites\/7\/2018\/01\/parr_banner_shaker_secondary.jpg?fit=2200%2C399&ssl=1","contentUrl":"https:\/\/i0.wp.com\/www.parrinst.com\/es\/wp-content\/uploads\/sites\/7\/2018\/01\/parr_banner_shaker_secondary.jpg?fit=2200%2C399&ssl=1","width":2200,"height":399},{"@type":"BreadcrumbList","@id":"https:\/\/www.parrinst.com\/es\/products\/hydrogenation\/selection-guide\/#breadcrumb","itemListElement":[{"@type":"ListItem","position":1,"name":"Home","item":"https:\/\/www.parrinst.com\/es\/"},{"@type":"ListItem","position":2,"name":"Products","item":"https:\/\/www.parrinst.com\/es\/products\/"},{"@type":"ListItem","position":3,"name":"Aparato Agitador de Hidrogenaci\u00f3n","item":"https:\/\/www.parrinst.com\/es\/products\/hydrogenation\/"},{"@type":"ListItem","position":4,"name":"Gu\u00eda de Selecci\u00f3n"}]},{"@type":"WebSite","@id":"https:\/\/www.parrinst.com\/es\/#website","url":"https:\/\/www.parrinst.com\/es\/","name":"Parr Instrument (Espa\u00f1ol)","description":"","potentialAction":[{"@type":"SearchAction","target":{"@type":"EntryPoint","urlTemplate":"https:\/\/www.parrinst.com\/es\/?s={search_term_string}"},"query-input":{"@type":"PropertyValueSpecification","valueRequired":true,"valueName":"search_term_string"}}],"inLanguage":"en-US"}]}},"jetpack_sharing_enabled":true,"_links":{"self":[{"href":"https:\/\/www.parrinst.com\/es\/wp-json\/wp\/v2\/pages\/421","targetHints":{"allow":["GET"]}}],"collection":[{"href":"https:\/\/www.parrinst.com\/es\/wp-json\/wp\/v2\/pages"}],"about":[{"href":"https:\/\/www.parrinst.com\/es\/wp-json\/wp\/v2\/types\/page"}],"author":[{"embeddable":true,"href":"https:\/\/www.parrinst.com\/es\/wp-json\/wp\/v2\/users\/1"}],"replies":[{"embeddable":true,"href":"https:\/\/www.parrinst.com\/es\/wp-json\/wp\/v2\/comments?post=421"}],"version-history":[{"count":2,"href":"https:\/\/www.parrinst.com\/es\/wp-json\/wp\/v2\/pages\/421\/revisions"}],"predecessor-version":[{"id":39444,"href":"https:\/\/www.parrinst.com\/es\/wp-json\/wp\/v2\/pages\/421\/revisions\/39444"}],"up":[{"embeddable":true,"href":"https:\/\/www.parrinst.com\/es\/wp-json\/wp\/v2\/pages\/91"}],"wp:featuredmedia":[{"embeddable":true,"href":"https:\/\/www.parrinst.com\/es\/wp-json\/wp\/v2\/media\/37723"}],"wp:attachment":[{"href":"https:\/\/www.parrinst.com\/es\/wp-json\/wp\/v2\/media?parent=421"}],"curies":[{"name":"wp","href":"https:\/\/api.w.org\/{rel}","templated":true}]}}