{"id":430,"date":"2011-04-26T21:02:05","date_gmt":"2011-04-27T02:02:05","guid":{"rendered":"https:\/\/www.parrinst.com\/?page_id=430"},"modified":"2018-02-20T16:39:57","modified_gmt":"2018-02-20T22:39:57","slug":"design-features","status":"publish","type":"page","link":"https:\/\/www.parrinst.com\/es\/products\/hydrogenation\/design-features\/","title":{"rendered":"Caracter\u00edsticas de Dise\u00f1o"},"content":{"rendered":"<figure id=\"attachment_37817\" aria-describedby=\"caption-attachment-37817\" style=\"width: 300px\" class=\"wp-caption alignright\"><a href=\"https:\/\/i0.wp.com\/www.parrinst.com\/es\/wp-content\/uploads\/sites\/7\/2018\/02\/3921-Shaker-01_DSC5568.jpg?ssl=1\"><img data-recalc-dims=\"1\" loading=\"lazy\" decoding=\"async\" class=\"size-medium wp-image-37817\" src=\"https:\/\/i0.wp.com\/www.parrinst.com\/es\/wp-content\/uploads\/sites\/7\/2018\/02\/3921-Shaker-01_DSC5568.jpg?resize=300%2C215&#038;ssl=1\" alt=\"3921 Agitadora Hidrogenador mostrado con Motor a Prueba de Explosiones e Interruptor.\" width=\"300\" height=\"215\" srcset=\"https:\/\/i0.wp.com\/www.parrinst.com\/es\/wp-content\/uploads\/sites\/7\/2018\/02\/3921-Shaker-01_DSC5568.jpg?resize=300%2C215&amp;ssl=1 300w, https:\/\/i0.wp.com\/www.parrinst.com\/es\/wp-content\/uploads\/sites\/7\/2018\/02\/3921-Shaker-01_DSC5568.jpg?resize=210%2C150&amp;ssl=1 210w, https:\/\/i0.wp.com\/www.parrinst.com\/es\/wp-content\/uploads\/sites\/7\/2018\/02\/3921-Shaker-01_DSC5568.jpg?w=600&amp;ssl=1 600w\" sizes=\"auto, (max-width: 300px) 100vw, 300px\" \/><\/a><figcaption id=\"caption-attachment-37817\" class=\"wp-caption-text\">3921 Agitadora Hidrogenador mostrado con Motor a Prueba de Explosiones e Interruptor.<\/figcaption><\/figure>\n<p><strong>El dise\u00f1o b\u00e1sico<\/strong> de estos hidrogenadores se deriva de un primer aparato descrito por Voorhees y Adams en 1922 y ofrecido comercialmente por Parr en 1926. Desde entonces, Parr ha a\u00f1adido muchas mejoras y accesorios para mejorar la utilidad de estos reactores hasta el punto en que se han convertido en una pieza de equipo esencial en casi todos los laboratorios de qu\u00edmica org\u00e1nica.<\/p>\n","protected":false},"excerpt":{"rendered":"<p>El dise\u00f1o b\u00e1sico de estos hidrogenadores se deriva de un primer aparato descrito por Voorhees y Adams en 1922 y ofrecido comercialmente por Parr en 1926. Desde entonces, Parr ha a\u00f1adido muchas mejoras y accesorios para mejorar la utilidad de estos reactores hasta el punto en que se han convertido en una pieza de equipo [&hellip;]<\/p>\n","protected":false},"author":1,"featured_media":37723,"parent":91,"menu_order":4,"comment_status":"closed","ping_status":"closed","template":"general-tabs.php","meta":{"_acf_changed":false,"footnotes":"","_links_to":"","_links_to_target":""},"class_list":["post-430","page","type-page","status-publish","has-post-thumbnail","hentry"],"acf":[],"yoast_head":"<!-- This site is optimized with the Yoast SEO plugin v27.5 - https:\/\/yoast.com\/product\/yoast-seo-wordpress\/ -->\n<title>Caracter\u00edsticas de Dise\u00f1o - Parr Instrument (Espa\u00f1ol)<\/title>\n<meta name=\"robots\" content=\"index, follow, max-snippet:-1, max-image-preview:large, max-video-preview:-1\" \/>\n<link rel=\"canonical\" href=\"https:\/\/www.parrinst.com\/es\/products\/hydrogenation\/design-features\/\" \/>\n<meta property=\"og:locale\" content=\"en_US\" \/>\n<meta property=\"og:type\" content=\"article\" \/>\n<meta property=\"og:title\" content=\"Caracter\u00edsticas de Dise\u00f1o - Parr Instrument (Espa\u00f1ol)\" \/>\n<meta property=\"og:description\" content=\"El dise\u00f1o b\u00e1sico de estos hidrogenadores se deriva de un primer aparato descrito por Voorhees y Adams en 1922 y ofrecido comercialmente por Parr en 1926. Desde entonces, Parr ha a\u00f1adido muchas mejoras y accesorios para mejorar la utilidad de estos reactores hasta el punto en que se han convertido en una pieza de equipo [&hellip;]\" \/>\n<meta property=\"og:url\" content=\"https:\/\/www.parrinst.com\/es\/products\/hydrogenation\/design-features\/\" \/>\n<meta property=\"og:site_name\" content=\"Parr Instrument (Espa\u00f1ol)\" \/>\n<meta property=\"article:modified_time\" content=\"2018-02-20T22:39:57+00:00\" \/>\n<meta property=\"og:image\" content=\"https:\/\/www.parrinst.com\/es\/files\/2018\/01\/parr_banner_shaker_secondary.jpg\" \/>\n\t<meta property=\"og:image:width\" content=\"2200\" \/>\n\t<meta property=\"og:image:height\" content=\"399\" \/>\n\t<meta property=\"og:image:type\" content=\"image\/jpeg\" \/>\n<meta name=\"twitter:card\" content=\"summary_large_image\" \/>\n<script type=\"application\/ld+json\" class=\"yoast-schema-graph\">{\"@context\":\"https:\\\/\\\/schema.org\",\"@graph\":[{\"@type\":\"WebPage\",\"@id\":\"https:\\\/\\\/www.parrinst.com\\\/es\\\/products\\\/hydrogenation\\\/design-features\\\/\",\"url\":\"https:\\\/\\\/www.parrinst.com\\\/es\\\/products\\\/hydrogenation\\\/design-features\\\/\",\"name\":\"Caracter\u00edsticas de Dise\u00f1o - Parr Instrument (Espa\u00f1ol)\",\"isPartOf\":{\"@id\":\"https:\\\/\\\/www.parrinst.com\\\/es\\\/#website\"},\"primaryImageOfPage\":{\"@id\":\"https:\\\/\\\/www.parrinst.com\\\/es\\\/products\\\/hydrogenation\\\/design-features\\\/#primaryimage\"},\"image\":{\"@id\":\"https:\\\/\\\/www.parrinst.com\\\/es\\\/products\\\/hydrogenation\\\/design-features\\\/#primaryimage\"},\"thumbnailUrl\":\"https:\\\/\\\/i0.wp.com\\\/www.parrinst.com\\\/es\\\/wp-content\\\/uploads\\\/sites\\\/7\\\/2018\\\/01\\\/parr_banner_shaker_secondary.jpg?fit=2200%2C399&ssl=1\",\"datePublished\":\"2011-04-27T02:02:05+00:00\",\"dateModified\":\"2018-02-20T22:39:57+00:00\",\"breadcrumb\":{\"@id\":\"https:\\\/\\\/www.parrinst.com\\\/es\\\/products\\\/hydrogenation\\\/design-features\\\/#breadcrumb\"},\"inLanguage\":\"en-US\",\"potentialAction\":[{\"@type\":\"ReadAction\",\"target\":[\"https:\\\/\\\/www.parrinst.com\\\/es\\\/products\\\/hydrogenation\\\/design-features\\\/\"]}]},{\"@type\":\"ImageObject\",\"inLanguage\":\"en-US\",\"@id\":\"https:\\\/\\\/www.parrinst.com\\\/es\\\/products\\\/hydrogenation\\\/design-features\\\/#primaryimage\",\"url\":\"https:\\\/\\\/i0.wp.com\\\/www.parrinst.com\\\/es\\\/wp-content\\\/uploads\\\/sites\\\/7\\\/2018\\\/01\\\/parr_banner_shaker_secondary.jpg?fit=2200%2C399&ssl=1\",\"contentUrl\":\"https:\\\/\\\/i0.wp.com\\\/www.parrinst.com\\\/es\\\/wp-content\\\/uploads\\\/sites\\\/7\\\/2018\\\/01\\\/parr_banner_shaker_secondary.jpg?fit=2200%2C399&ssl=1\",\"width\":2200,\"height\":399},{\"@type\":\"BreadcrumbList\",\"@id\":\"https:\\\/\\\/www.parrinst.com\\\/es\\\/products\\\/hydrogenation\\\/design-features\\\/#breadcrumb\",\"itemListElement\":[{\"@type\":\"ListItem\",\"position\":1,\"name\":\"Home\",\"item\":\"https:\\\/\\\/www.parrinst.com\\\/es\\\/\"},{\"@type\":\"ListItem\",\"position\":2,\"name\":\"Products\",\"item\":\"https:\\\/\\\/www.parrinst.com\\\/es\\\/products\\\/\"},{\"@type\":\"ListItem\",\"position\":3,\"name\":\"Aparato Agitador de Hidrogenaci\u00f3n\",\"item\":\"https:\\\/\\\/www.parrinst.com\\\/es\\\/products\\\/hydrogenation\\\/\"},{\"@type\":\"ListItem\",\"position\":4,\"name\":\"Caracter\u00edsticas de Dise\u00f1o\"}]},{\"@type\":\"WebSite\",\"@id\":\"https:\\\/\\\/www.parrinst.com\\\/es\\\/#website\",\"url\":\"https:\\\/\\\/www.parrinst.com\\\/es\\\/\",\"name\":\"Parr Instrument (Espa\u00f1ol)\",\"description\":\"\",\"potentialAction\":[{\"@type\":\"SearchAction\",\"target\":{\"@type\":\"EntryPoint\",\"urlTemplate\":\"https:\\\/\\\/www.parrinst.com\\\/es\\\/?s={search_term_string}\"},\"query-input\":{\"@type\":\"PropertyValueSpecification\",\"valueRequired\":true,\"valueName\":\"search_term_string\"}}],\"inLanguage\":\"en-US\"}]}<\/script>\n<!-- \/ Yoast SEO plugin. -->","yoast_head_json":{"title":"Caracter\u00edsticas de Dise\u00f1o - Parr Instrument (Espa\u00f1ol)","robots":{"index":"index","follow":"follow","max-snippet":"max-snippet:-1","max-image-preview":"max-image-preview:large","max-video-preview":"max-video-preview:-1"},"canonical":"https:\/\/www.parrinst.com\/es\/products\/hydrogenation\/design-features\/","og_locale":"en_US","og_type":"article","og_title":"Caracter\u00edsticas de Dise\u00f1o - Parr Instrument (Espa\u00f1ol)","og_description":"El dise\u00f1o b\u00e1sico de estos hidrogenadores se deriva de un primer aparato descrito por Voorhees y Adams en 1922 y ofrecido comercialmente por Parr en 1926. Desde entonces, Parr ha a\u00f1adido muchas mejoras y accesorios para mejorar la utilidad de estos reactores hasta el punto en que se han convertido en una pieza de equipo [&hellip;]","og_url":"https:\/\/www.parrinst.com\/es\/products\/hydrogenation\/design-features\/","og_site_name":"Parr Instrument (Espa\u00f1ol)","article_modified_time":"2018-02-20T22:39:57+00:00","og_image":[{"width":2200,"height":399,"url":"https:\/\/www.parrinst.com\/es\/files\/2018\/01\/parr_banner_shaker_secondary.jpg","type":"image\/jpeg"}],"twitter_card":"summary_large_image","schema":{"@context":"https:\/\/schema.org","@graph":[{"@type":"WebPage","@id":"https:\/\/www.parrinst.com\/es\/products\/hydrogenation\/design-features\/","url":"https:\/\/www.parrinst.com\/es\/products\/hydrogenation\/design-features\/","name":"Caracter\u00edsticas de Dise\u00f1o - Parr Instrument (Espa\u00f1ol)","isPartOf":{"@id":"https:\/\/www.parrinst.com\/es\/#website"},"primaryImageOfPage":{"@id":"https:\/\/www.parrinst.com\/es\/products\/hydrogenation\/design-features\/#primaryimage"},"image":{"@id":"https:\/\/www.parrinst.com\/es\/products\/hydrogenation\/design-features\/#primaryimage"},"thumbnailUrl":"https:\/\/i0.wp.com\/www.parrinst.com\/es\/wp-content\/uploads\/sites\/7\/2018\/01\/parr_banner_shaker_secondary.jpg?fit=2200%2C399&ssl=1","datePublished":"2011-04-27T02:02:05+00:00","dateModified":"2018-02-20T22:39:57+00:00","breadcrumb":{"@id":"https:\/\/www.parrinst.com\/es\/products\/hydrogenation\/design-features\/#breadcrumb"},"inLanguage":"en-US","potentialAction":[{"@type":"ReadAction","target":["https:\/\/www.parrinst.com\/es\/products\/hydrogenation\/design-features\/"]}]},{"@type":"ImageObject","inLanguage":"en-US","@id":"https:\/\/www.parrinst.com\/es\/products\/hydrogenation\/design-features\/#primaryimage","url":"https:\/\/i0.wp.com\/www.parrinst.com\/es\/wp-content\/uploads\/sites\/7\/2018\/01\/parr_banner_shaker_secondary.jpg?fit=2200%2C399&ssl=1","contentUrl":"https:\/\/i0.wp.com\/www.parrinst.com\/es\/wp-content\/uploads\/sites\/7\/2018\/01\/parr_banner_shaker_secondary.jpg?fit=2200%2C399&ssl=1","width":2200,"height":399},{"@type":"BreadcrumbList","@id":"https:\/\/www.parrinst.com\/es\/products\/hydrogenation\/design-features\/#breadcrumb","itemListElement":[{"@type":"ListItem","position":1,"name":"Home","item":"https:\/\/www.parrinst.com\/es\/"},{"@type":"ListItem","position":2,"name":"Products","item":"https:\/\/www.parrinst.com\/es\/products\/"},{"@type":"ListItem","position":3,"name":"Aparato Agitador de Hidrogenaci\u00f3n","item":"https:\/\/www.parrinst.com\/es\/products\/hydrogenation\/"},{"@type":"ListItem","position":4,"name":"Caracter\u00edsticas de Dise\u00f1o"}]},{"@type":"WebSite","@id":"https:\/\/www.parrinst.com\/es\/#website","url":"https:\/\/www.parrinst.com\/es\/","name":"Parr Instrument (Espa\u00f1ol)","description":"","potentialAction":[{"@type":"SearchAction","target":{"@type":"EntryPoint","urlTemplate":"https:\/\/www.parrinst.com\/es\/?s={search_term_string}"},"query-input":{"@type":"PropertyValueSpecification","valueRequired":true,"valueName":"search_term_string"}}],"inLanguage":"en-US"}]}},"jetpack_sharing_enabled":true,"_links":{"self":[{"href":"https:\/\/www.parrinst.com\/es\/wp-json\/wp\/v2\/pages\/430","targetHints":{"allow":["GET"]}}],"collection":[{"href":"https:\/\/www.parrinst.com\/es\/wp-json\/wp\/v2\/pages"}],"about":[{"href":"https:\/\/www.parrinst.com\/es\/wp-json\/wp\/v2\/types\/page"}],"author":[{"embeddable":true,"href":"https:\/\/www.parrinst.com\/es\/wp-json\/wp\/v2\/users\/1"}],"replies":[{"embeddable":true,"href":"https:\/\/www.parrinst.com\/es\/wp-json\/wp\/v2\/comments?post=430"}],"version-history":[{"count":1,"href":"https:\/\/www.parrinst.com\/es\/wp-json\/wp\/v2\/pages\/430\/revisions"}],"predecessor-version":[{"id":38034,"href":"https:\/\/www.parrinst.com\/es\/wp-json\/wp\/v2\/pages\/430\/revisions\/38034"}],"up":[{"embeddable":true,"href":"https:\/\/www.parrinst.com\/es\/wp-json\/wp\/v2\/pages\/91"}],"wp:featuredmedia":[{"embeddable":true,"href":"https:\/\/www.parrinst.com\/es\/wp-json\/wp\/v2\/media\/37723"}],"wp:attachment":[{"href":"https:\/\/www.parrinst.com\/es\/wp-json\/wp\/v2\/media?parent=430"}],"curies":[{"name":"wp","href":"https:\/\/api.w.org\/{rel}","templated":true}]}}