{"id":4328,"date":"2011-07-18T14:36:56","date_gmt":"2011-07-18T19:36:56","guid":{"rendered":"https:\/\/www.parrinst.com\/?page_id=4328"},"modified":"2018-02-21T14:16:28","modified_gmt":"2018-02-21T20:16:28","slug":"applications","status":"publish","type":"page","link":"https:\/\/www.parrinst.com\/es\/products\/oxygen-bomb-calorimeters\/applications\/","title":{"rendered":"Aplicaciones"},"content":{"rendered":"<h3>Calorimetr\u00eda de Bomba:<\/h3>\n<p>Un procedimiento que determina el calor de combusti\u00f3n o poder calor\u00edfico de los materiales que son quemados como combustibles &#8211; es una prueba fundamental de gran importancia para cualquier persona relacionada con:<\/p>\n<ul>\n<li>Producci\u00f3n y\/o utilizaci\u00f3n de combustibles s\u00f3lidos y l\u00edquidos.<\/li>\n<li>Eliminaci\u00f3n de desechos combustibles.<\/li>\n<li>Estudio de alimentos y forrajes.<\/li>\n<\/ul>\n<p><strong>Parr ofrece una l\u00ednea completa de calor\u00edmetros de bomba y accesorios para<\/strong> estas mediciones; calor\u00edmetros que conllevan una probada reputaci\u00f3n de fiabilidad y buen servicio ganado por Parr Instrument Company a lo largo de m\u00e1s de cien a\u00f1os de experiencia en la fabricaci\u00f3n continua en este campo especializado. Estos calor\u00edmetros proporcionan una amplia selecci\u00f3n de equipos para todo tipo de servicio calorim\u00e9trico, ya sea para pruebas rutinarias de combustible, para mediciones precisas de investigaci\u00f3n, ocasionalmente para pruebas de poder calor\u00edfico, o para la instrucci\u00f3n de estudiantes.<\/p>\n<p>Los usos de los calor\u00edmetros Parr se extienden a cualquier producto qu\u00edmico, proceso f\u00edsico o fisiol\u00f3gico en el que la generaci\u00f3n de calor o de combusti\u00f3n es un factor importante. Las principales aplicaciones incluyen mediciones de poder calor\u00edfico para:<\/p>\n<ul>\n<li>Carb\u00f3n y coque, todas las variedades y tipos<\/li>\n<li>Aceite combustible, tanto pesado como ligero<\/li>\n<li>Gasolina, todos los combustibles para motor y los tipos de combustibles para reactores de aviones, todas las variedades<\/li>\n<li>Desechos de combustibles y eliminaci\u00f3n de desperdicios<\/li>\n<li>Productos alimenticios y suplementos para la nutrici\u00f3n humana<\/li>\n<li>Cultivos forrajeros y suplementos para la alimentaci\u00f3n animal<\/li>\n<li>Materiales de Construcci\u00f3n<\/li>\n<li>Explosivos y polvos t\u00e9rmicos<\/li>\n<li>Combustibles para cohetes y propulsores<\/li>\n<li>Estudios termodin\u00e1micos de materiales combustibles<\/li>\n<li>Estudios de balance de energ\u00eda en ecolog\u00eda<\/li>\n<li>Ense\u00f1anza de m\u00e9todos termodin\u00e1micos b\u00e1sicos<\/li>\n<\/ul>\n<p>Los calores de combusti\u00f3n, como se determinan en un calor\u00edmetro de bomba de ox\u00edgeno, se miden por un procedimiento de sustituci\u00f3n en el que el calor obtenido de la muestra se compara con el calor obtenido de material estandarizado. En esta prueba, se quema una muestra representativa en una atm\u00f3sfera de ox\u00edgeno a alta presi\u00f3n dentro de un recipiente a presi\u00f3n de metal o &#8220;bomba&#8221;. La energ\u00eda liberada por la combusti\u00f3n es absorbida dentro del calor\u00edmetro y el cambio de temperatura resultante se registra.<\/p>\n<p>Adem\u00e1s de los usos generales anteriores, los calor\u00edmetros Parr se pueden usar para una variedad del est\u00e1ndar <a href=\"https:\/\/www.parrinst.com\/es\/products\/oxygen-bomb-calorimeters\/standard-test-methods-compliance\/\">ASTM y de los m\u00e9todos de prueba internacionales<\/a>, produciendo resultados que cumplen o exceden la precisi\u00f3n especificada en cada m\u00e9todo.<\/p>\n","protected":false},"excerpt":{"rendered":"<p>Calorimetr\u00eda de Bomba: Un procedimiento que determina el calor de combusti\u00f3n o poder calor\u00edfico de los materiales que son quemados como combustibles &#8211; es una prueba fundamental de gran importancia para cualquier persona relacionada con: Producci\u00f3n y\/o utilizaci\u00f3n de combustibles s\u00f3lidos y l\u00edquidos. Eliminaci\u00f3n de desechos combustibles. Estudio de alimentos y forrajes. Parr ofrece una [&hellip;]<\/p>\n","protected":false},"author":1,"featured_media":37726,"parent":83,"menu_order":30,"comment_status":"closed","ping_status":"closed","template":"general-tabs.php","meta":{"_acf_changed":false,"footnotes":"","_links_to":"","_links_to_target":""},"class_list":["post-4328","page","type-page","status-publish","has-post-thumbnail","hentry"],"acf":[],"yoast_head":"<!-- This site is optimized with the Yoast SEO plugin v27.5 - https:\/\/yoast.com\/product\/yoast-seo-wordpress\/ -->\n<title>Aplicaciones - Parr Instrument (Espa\u00f1ol)<\/title>\n<meta name=\"robots\" content=\"index, follow, max-snippet:-1, max-image-preview:large, max-video-preview:-1\" \/>\n<link rel=\"canonical\" href=\"https:\/\/www.parrinst.com\/es\/products\/oxygen-bomb-calorimeters\/applications\/\" \/>\n<meta property=\"og:locale\" content=\"en_US\" \/>\n<meta property=\"og:type\" content=\"article\" \/>\n<meta property=\"og:title\" content=\"Aplicaciones - Parr Instrument (Espa\u00f1ol)\" \/>\n<meta property=\"og:description\" content=\"Calorimetr\u00eda de Bomba: Un procedimiento que determina el calor de combusti\u00f3n o poder calor\u00edfico de los materiales que son quemados como combustibles &#8211; es una prueba fundamental de gran importancia para cualquier persona relacionada con: Producci\u00f3n y\/o utilizaci\u00f3n de combustibles s\u00f3lidos y l\u00edquidos. Eliminaci\u00f3n de desechos combustibles. Estudio de alimentos y forrajes. Parr ofrece una [&hellip;]\" \/>\n<meta property=\"og:url\" content=\"https:\/\/www.parrinst.com\/es\/products\/oxygen-bomb-calorimeters\/applications\/\" \/>\n<meta property=\"og:site_name\" content=\"Parr Instrument (Espa\u00f1ol)\" \/>\n<meta property=\"article:modified_time\" content=\"2018-02-21T20:16:28+00:00\" \/>\n<meta property=\"og:image\" content=\"https:\/\/www.parrinst.com\/es\/files\/2018\/01\/parr_banner_calorimeter_secondary-3.jpg\" \/>\n\t<meta property=\"og:image:width\" content=\"2200\" \/>\n\t<meta property=\"og:image:height\" content=\"399\" \/>\n\t<meta property=\"og:image:type\" content=\"image\/jpeg\" \/>\n<meta name=\"twitter:card\" content=\"summary_large_image\" \/>\n<meta name=\"twitter:label1\" content=\"Est. reading time\" \/>\n\t<meta name=\"twitter:data1\" content=\"2 minutes\" \/>\n<script type=\"application\/ld+json\" class=\"yoast-schema-graph\">{\"@context\":\"https:\\\/\\\/schema.org\",\"@graph\":[{\"@type\":\"WebPage\",\"@id\":\"https:\\\/\\\/www.parrinst.com\\\/es\\\/products\\\/oxygen-bomb-calorimeters\\\/applications\\\/\",\"url\":\"https:\\\/\\\/www.parrinst.com\\\/es\\\/products\\\/oxygen-bomb-calorimeters\\\/applications\\\/\",\"name\":\"Aplicaciones - Parr Instrument (Espa\u00f1ol)\",\"isPartOf\":{\"@id\":\"https:\\\/\\\/www.parrinst.com\\\/es\\\/#website\"},\"primaryImageOfPage\":{\"@id\":\"https:\\\/\\\/www.parrinst.com\\\/es\\\/products\\\/oxygen-bomb-calorimeters\\\/applications\\\/#primaryimage\"},\"image\":{\"@id\":\"https:\\\/\\\/www.parrinst.com\\\/es\\\/products\\\/oxygen-bomb-calorimeters\\\/applications\\\/#primaryimage\"},\"thumbnailUrl\":\"https:\\\/\\\/i0.wp.com\\\/www.parrinst.com\\\/es\\\/wp-content\\\/uploads\\\/sites\\\/7\\\/2018\\\/01\\\/parr_banner_calorimeter_secondary-3.jpg?fit=2200%2C399&ssl=1\",\"datePublished\":\"2011-07-18T19:36:56+00:00\",\"dateModified\":\"2018-02-21T20:16:28+00:00\",\"breadcrumb\":{\"@id\":\"https:\\\/\\\/www.parrinst.com\\\/es\\\/products\\\/oxygen-bomb-calorimeters\\\/applications\\\/#breadcrumb\"},\"inLanguage\":\"en-US\",\"potentialAction\":[{\"@type\":\"ReadAction\",\"target\":[\"https:\\\/\\\/www.parrinst.com\\\/es\\\/products\\\/oxygen-bomb-calorimeters\\\/applications\\\/\"]}]},{\"@type\":\"ImageObject\",\"inLanguage\":\"en-US\",\"@id\":\"https:\\\/\\\/www.parrinst.com\\\/es\\\/products\\\/oxygen-bomb-calorimeters\\\/applications\\\/#primaryimage\",\"url\":\"https:\\\/\\\/i0.wp.com\\\/www.parrinst.com\\\/es\\\/wp-content\\\/uploads\\\/sites\\\/7\\\/2018\\\/01\\\/parr_banner_calorimeter_secondary-3.jpg?fit=2200%2C399&ssl=1\",\"contentUrl\":\"https:\\\/\\\/i0.wp.com\\\/www.parrinst.com\\\/es\\\/wp-content\\\/uploads\\\/sites\\\/7\\\/2018\\\/01\\\/parr_banner_calorimeter_secondary-3.jpg?fit=2200%2C399&ssl=1\",\"width\":2200,\"height\":399},{\"@type\":\"BreadcrumbList\",\"@id\":\"https:\\\/\\\/www.parrinst.com\\\/es\\\/products\\\/oxygen-bomb-calorimeters\\\/applications\\\/#breadcrumb\",\"itemListElement\":[{\"@type\":\"ListItem\",\"position\":1,\"name\":\"Home\",\"item\":\"https:\\\/\\\/www.parrinst.com\\\/es\\\/\"},{\"@type\":\"ListItem\",\"position\":2,\"name\":\"Products\",\"item\":\"https:\\\/\\\/www.parrinst.com\\\/es\\\/products\\\/\"},{\"@type\":\"ListItem\",\"position\":3,\"name\":\"Calor\u00edmetros de Bomba de Ox\u00edgeno\",\"item\":\"https:\\\/\\\/www.parrinst.com\\\/es\\\/products\\\/oxygen-bomb-calorimeters\\\/\"},{\"@type\":\"ListItem\",\"position\":4,\"name\":\"Aplicaciones\"}]},{\"@type\":\"WebSite\",\"@id\":\"https:\\\/\\\/www.parrinst.com\\\/es\\\/#website\",\"url\":\"https:\\\/\\\/www.parrinst.com\\\/es\\\/\",\"name\":\"Parr Instrument (Espa\u00f1ol)\",\"description\":\"\",\"potentialAction\":[{\"@type\":\"SearchAction\",\"target\":{\"@type\":\"EntryPoint\",\"urlTemplate\":\"https:\\\/\\\/www.parrinst.com\\\/es\\\/?s={search_term_string}\"},\"query-input\":{\"@type\":\"PropertyValueSpecification\",\"valueRequired\":true,\"valueName\":\"search_term_string\"}}],\"inLanguage\":\"en-US\"}]}<\/script>\n<!-- \/ Yoast SEO plugin. -->","yoast_head_json":{"title":"Aplicaciones - Parr Instrument (Espa\u00f1ol)","robots":{"index":"index","follow":"follow","max-snippet":"max-snippet:-1","max-image-preview":"max-image-preview:large","max-video-preview":"max-video-preview:-1"},"canonical":"https:\/\/www.parrinst.com\/es\/products\/oxygen-bomb-calorimeters\/applications\/","og_locale":"en_US","og_type":"article","og_title":"Aplicaciones - Parr Instrument (Espa\u00f1ol)","og_description":"Calorimetr\u00eda de Bomba: Un procedimiento que determina el calor de combusti\u00f3n o poder calor\u00edfico de los materiales que son quemados como combustibles &#8211; es una prueba fundamental de gran importancia para cualquier persona relacionada con: Producci\u00f3n y\/o utilizaci\u00f3n de combustibles s\u00f3lidos y l\u00edquidos. Eliminaci\u00f3n de desechos combustibles. Estudio de alimentos y forrajes. Parr ofrece una [&hellip;]","og_url":"https:\/\/www.parrinst.com\/es\/products\/oxygen-bomb-calorimeters\/applications\/","og_site_name":"Parr Instrument (Espa\u00f1ol)","article_modified_time":"2018-02-21T20:16:28+00:00","og_image":[{"width":2200,"height":399,"url":"https:\/\/www.parrinst.com\/es\/files\/2018\/01\/parr_banner_calorimeter_secondary-3.jpg","type":"image\/jpeg"}],"twitter_card":"summary_large_image","twitter_misc":{"Est. reading time":"2 minutes"},"schema":{"@context":"https:\/\/schema.org","@graph":[{"@type":"WebPage","@id":"https:\/\/www.parrinst.com\/es\/products\/oxygen-bomb-calorimeters\/applications\/","url":"https:\/\/www.parrinst.com\/es\/products\/oxygen-bomb-calorimeters\/applications\/","name":"Aplicaciones - Parr Instrument (Espa\u00f1ol)","isPartOf":{"@id":"https:\/\/www.parrinst.com\/es\/#website"},"primaryImageOfPage":{"@id":"https:\/\/www.parrinst.com\/es\/products\/oxygen-bomb-calorimeters\/applications\/#primaryimage"},"image":{"@id":"https:\/\/www.parrinst.com\/es\/products\/oxygen-bomb-calorimeters\/applications\/#primaryimage"},"thumbnailUrl":"https:\/\/i0.wp.com\/www.parrinst.com\/es\/wp-content\/uploads\/sites\/7\/2018\/01\/parr_banner_calorimeter_secondary-3.jpg?fit=2200%2C399&ssl=1","datePublished":"2011-07-18T19:36:56+00:00","dateModified":"2018-02-21T20:16:28+00:00","breadcrumb":{"@id":"https:\/\/www.parrinst.com\/es\/products\/oxygen-bomb-calorimeters\/applications\/#breadcrumb"},"inLanguage":"en-US","potentialAction":[{"@type":"ReadAction","target":["https:\/\/www.parrinst.com\/es\/products\/oxygen-bomb-calorimeters\/applications\/"]}]},{"@type":"ImageObject","inLanguage":"en-US","@id":"https:\/\/www.parrinst.com\/es\/products\/oxygen-bomb-calorimeters\/applications\/#primaryimage","url":"https:\/\/i0.wp.com\/www.parrinst.com\/es\/wp-content\/uploads\/sites\/7\/2018\/01\/parr_banner_calorimeter_secondary-3.jpg?fit=2200%2C399&ssl=1","contentUrl":"https:\/\/i0.wp.com\/www.parrinst.com\/es\/wp-content\/uploads\/sites\/7\/2018\/01\/parr_banner_calorimeter_secondary-3.jpg?fit=2200%2C399&ssl=1","width":2200,"height":399},{"@type":"BreadcrumbList","@id":"https:\/\/www.parrinst.com\/es\/products\/oxygen-bomb-calorimeters\/applications\/#breadcrumb","itemListElement":[{"@type":"ListItem","position":1,"name":"Home","item":"https:\/\/www.parrinst.com\/es\/"},{"@type":"ListItem","position":2,"name":"Products","item":"https:\/\/www.parrinst.com\/es\/products\/"},{"@type":"ListItem","position":3,"name":"Calor\u00edmetros de Bomba de Ox\u00edgeno","item":"https:\/\/www.parrinst.com\/es\/products\/oxygen-bomb-calorimeters\/"},{"@type":"ListItem","position":4,"name":"Aplicaciones"}]},{"@type":"WebSite","@id":"https:\/\/www.parrinst.com\/es\/#website","url":"https:\/\/www.parrinst.com\/es\/","name":"Parr Instrument (Espa\u00f1ol)","description":"","potentialAction":[{"@type":"SearchAction","target":{"@type":"EntryPoint","urlTemplate":"https:\/\/www.parrinst.com\/es\/?s={search_term_string}"},"query-input":{"@type":"PropertyValueSpecification","valueRequired":true,"valueName":"search_term_string"}}],"inLanguage":"en-US"}]}},"jetpack_sharing_enabled":true,"_links":{"self":[{"href":"https:\/\/www.parrinst.com\/es\/wp-json\/wp\/v2\/pages\/4328","targetHints":{"allow":["GET"]}}],"collection":[{"href":"https:\/\/www.parrinst.com\/es\/wp-json\/wp\/v2\/pages"}],"about":[{"href":"https:\/\/www.parrinst.com\/es\/wp-json\/wp\/v2\/types\/page"}],"author":[{"embeddable":true,"href":"https:\/\/www.parrinst.com\/es\/wp-json\/wp\/v2\/users\/1"}],"replies":[{"embeddable":true,"href":"https:\/\/www.parrinst.com\/es\/wp-json\/wp\/v2\/comments?post=4328"}],"version-history":[{"count":1,"href":"https:\/\/www.parrinst.com\/es\/wp-json\/wp\/v2\/pages\/4328\/revisions"}],"predecessor-version":[{"id":38052,"href":"https:\/\/www.parrinst.com\/es\/wp-json\/wp\/v2\/pages\/4328\/revisions\/38052"}],"up":[{"embeddable":true,"href":"https:\/\/www.parrinst.com\/es\/wp-json\/wp\/v2\/pages\/83"}],"wp:featuredmedia":[{"embeddable":true,"href":"https:\/\/www.parrinst.com\/es\/wp-json\/wp\/v2\/media\/37726"}],"wp:attachment":[{"href":"https:\/\/www.parrinst.com\/es\/wp-json\/wp\/v2\/media?parent=4328"}],"curies":[{"name":"wp","href":"https:\/\/api.w.org\/{rel}","templated":true}]}}