{"id":437,"date":"2011-04-28T14:12:59","date_gmt":"2011-04-28T19:12:59","guid":{"rendered":"https:\/\/www.parrinst.com\/?page_id=437"},"modified":"2018-11-14T15:57:26","modified_gmt":"2018-11-14T21:57:26","slug":"brief","status":"publish","type":"page","link":"https:\/\/www.parrinst.com\/es\/products\/stirred-reactors\/floor-stand-reactors-series-4530-1-2\/brief\/","title":{"rendered":"Resumen"},"content":{"rendered":"<p><strong>Tipo:<\/strong><br \/>\nUso General<\/p>\n<p><strong>Base:<\/strong><br \/>\nSoporte para Piso o<br \/>\nCarro M\u00f3vil<\/p>\n<p><strong>Estilo de Recipiente:<\/strong><br \/>\nCabeza Fija o M\u00f3vil<\/p>\n<p><strong>Tama\u00f1os de Recipientes, ml:<\/strong><br \/>\n1000-2000 Est\u00e1ndar<br \/>\n970-1900 HP<\/p>\n<p><strong>Presi\u00f3n Est\u00e1ndar<\/strong><br \/>\n<strong>Clasif. MAWP, psi (bar):<\/strong><br \/>\n1900 (131)<\/p>\n<p><strong>M\u00e1ximo Est\u00e1ndar<\/strong><br \/>\n<strong>Temp. de Operaci\u00f3n \u00b0C:<\/strong><br \/>\n225 con Junta T\u00f3rica FKM<br \/>\n300 con Junta T\u00f3rica FFKM<br \/>\n350 c\/ Junta Plana PTFE<\/p>\n<p><strong>Alta Presi\u00f3n (HP)<\/strong><br \/>\n<strong>Clasif. MAWP, psi (bar):<\/strong><br \/>\n2900 (200)<\/p>\n<p><strong>Temp. M\u00e1xima Operaci\u00f3n,<\/strong><br \/>\n<strong>\u00b0C, a Alta Presi\u00f3n (HP):<\/strong><br \/>\n350 @ 2900 psi<\/p>\n","protected":false},"excerpt":{"rendered":"<p>Tipo: Uso General Base: Soporte para Piso o Carro M\u00f3vil Estilo de Recipiente: Cabeza Fija o M\u00f3vil Tama\u00f1os de Recipientes, ml: 1000-2000 Est\u00e1ndar 970-1900 HP Presi\u00f3n Est\u00e1ndar Clasif. MAWP, psi (bar): 1900 (131) M\u00e1ximo Est\u00e1ndar Temp. de Operaci\u00f3n \u00b0C: 225 con Junta T\u00f3rica FKM 300 con Junta T\u00f3rica FFKM 350 c\/ Junta Plana PTFE Alta [&hellip;]<\/p>\n","protected":false},"author":1,"featured_media":36874,"parent":49,"menu_order":0,"comment_status":"closed","ping_status":"closed","template":"","meta":{"_acf_changed":false,"footnotes":"","_links_to":"","_links_to_target":""},"class_list":["post-437","page","type-page","status-publish","has-post-thumbnail","hentry"],"acf":[],"yoast_head":"<!-- This site is optimized with the Yoast SEO plugin v27.5 - https:\/\/yoast.com\/product\/yoast-seo-wordpress\/ -->\n<title>Resumen - Parr Instrument (Espa\u00f1ol)<\/title>\n<meta name=\"robots\" content=\"index, follow, max-snippet:-1, max-image-preview:large, max-video-preview:-1\" \/>\n<link rel=\"canonical\" href=\"https:\/\/www.parrinst.com\/es\/products\/stirred-reactors\/floor-stand-reactors-series-4530-1-2\/brief\/\" \/>\n<meta property=\"og:locale\" content=\"en_US\" \/>\n<meta property=\"og:type\" content=\"article\" \/>\n<meta property=\"og:title\" content=\"Resumen - Parr Instrument (Espa\u00f1ol)\" \/>\n<meta property=\"og:description\" content=\"Tipo: Uso General Base: Soporte para Piso o Carro M\u00f3vil Estilo de Recipiente: Cabeza Fija o M\u00f3vil Tama\u00f1os de Recipientes, ml: 1000-2000 Est\u00e1ndar 970-1900 HP Presi\u00f3n Est\u00e1ndar Clasif. MAWP, psi (bar): 1900 (131) M\u00e1ximo Est\u00e1ndar Temp. de Operaci\u00f3n \u00b0C: 225 con Junta T\u00f3rica FKM 300 con Junta T\u00f3rica FFKM 350 c\/ Junta Plana PTFE Alta [&hellip;]\" \/>\n<meta property=\"og:url\" content=\"https:\/\/www.parrinst.com\/es\/products\/stirred-reactors\/floor-stand-reactors-series-4530-1-2\/brief\/\" \/>\n<meta property=\"og:site_name\" content=\"Parr Instrument (Espa\u00f1ol)\" \/>\n<meta property=\"article:modified_time\" content=\"2018-11-14T21:57:26+00:00\" \/>\n<meta property=\"og:image\" content=\"https:\/\/www.parrinst.com\/es\/files\/2017\/12\/parr_banner_stirred3_secondary.jpg\" \/>\n\t<meta property=\"og:image:width\" content=\"2200\" \/>\n\t<meta property=\"og:image:height\" content=\"399\" \/>\n\t<meta property=\"og:image:type\" content=\"image\/jpeg\" \/>\n<meta name=\"twitter:card\" content=\"summary_large_image\" \/>\n<script type=\"application\/ld+json\" class=\"yoast-schema-graph\">{\"@context\":\"https:\\\/\\\/schema.org\",\"@graph\":[{\"@type\":\"WebPage\",\"@id\":\"https:\\\/\\\/www.parrinst.com\\\/es\\\/products\\\/stirred-reactors\\\/floor-stand-reactors-series-4530-1-2\\\/brief\\\/\",\"url\":\"https:\\\/\\\/www.parrinst.com\\\/es\\\/products\\\/stirred-reactors\\\/floor-stand-reactors-series-4530-1-2\\\/brief\\\/\",\"name\":\"Resumen - Parr Instrument (Espa\u00f1ol)\",\"isPartOf\":{\"@id\":\"https:\\\/\\\/www.parrinst.com\\\/es\\\/#website\"},\"primaryImageOfPage\":{\"@id\":\"https:\\\/\\\/www.parrinst.com\\\/es\\\/products\\\/stirred-reactors\\\/floor-stand-reactors-series-4530-1-2\\\/brief\\\/#primaryimage\"},\"image\":{\"@id\":\"https:\\\/\\\/www.parrinst.com\\\/es\\\/products\\\/stirred-reactors\\\/floor-stand-reactors-series-4530-1-2\\\/brief\\\/#primaryimage\"},\"thumbnailUrl\":\"https:\\\/\\\/i0.wp.com\\\/www.parrinst.com\\\/es\\\/wp-content\\\/uploads\\\/sites\\\/7\\\/2017\\\/12\\\/parr_banner_stirred3_secondary.jpg?fit=2200%2C399&ssl=1\",\"datePublished\":\"2011-04-28T19:12:59+00:00\",\"dateModified\":\"2018-11-14T21:57:26+00:00\",\"breadcrumb\":{\"@id\":\"https:\\\/\\\/www.parrinst.com\\\/es\\\/products\\\/stirred-reactors\\\/floor-stand-reactors-series-4530-1-2\\\/brief\\\/#breadcrumb\"},\"inLanguage\":\"en-US\",\"potentialAction\":[{\"@type\":\"ReadAction\",\"target\":[\"https:\\\/\\\/www.parrinst.com\\\/es\\\/products\\\/stirred-reactors\\\/floor-stand-reactors-series-4530-1-2\\\/brief\\\/\"]}]},{\"@type\":\"ImageObject\",\"inLanguage\":\"en-US\",\"@id\":\"https:\\\/\\\/www.parrinst.com\\\/es\\\/products\\\/stirred-reactors\\\/floor-stand-reactors-series-4530-1-2\\\/brief\\\/#primaryimage\",\"url\":\"https:\\\/\\\/i0.wp.com\\\/www.parrinst.com\\\/es\\\/wp-content\\\/uploads\\\/sites\\\/7\\\/2017\\\/12\\\/parr_banner_stirred3_secondary.jpg?fit=2200%2C399&ssl=1\",\"contentUrl\":\"https:\\\/\\\/i0.wp.com\\\/www.parrinst.com\\\/es\\\/wp-content\\\/uploads\\\/sites\\\/7\\\/2017\\\/12\\\/parr_banner_stirred3_secondary.jpg?fit=2200%2C399&ssl=1\",\"width\":2200,\"height\":399},{\"@type\":\"BreadcrumbList\",\"@id\":\"https:\\\/\\\/www.parrinst.com\\\/es\\\/products\\\/stirred-reactors\\\/floor-stand-reactors-series-4530-1-2\\\/brief\\\/#breadcrumb\",\"itemListElement\":[{\"@type\":\"ListItem\",\"position\":1,\"name\":\"Home\",\"item\":\"https:\\\/\\\/www.parrinst.com\\\/es\\\/\"},{\"@type\":\"ListItem\",\"position\":2,\"name\":\"Products\",\"item\":\"https:\\\/\\\/www.parrinst.com\\\/es\\\/products\\\/\"},{\"@type\":\"ListItem\",\"position\":3,\"name\":\"Reactores Agitados\",\"item\":\"https:\\\/\\\/www.parrinst.com\\\/es\\\/products\\\/stirred-reactors\\\/\"},{\"@type\":\"ListItem\",\"position\":4,\"name\":\"Reactores de Soporte de Piso Serie 4530 de 1 y 2 L\",\"item\":\"https:\\\/\\\/www.parrinst.com\\\/es\\\/products\\\/stirred-reactors\\\/floor-stand-reactors-series-4530-1-2\\\/\"},{\"@type\":\"ListItem\",\"position\":5,\"name\":\"Resumen\"}]},{\"@type\":\"WebSite\",\"@id\":\"https:\\\/\\\/www.parrinst.com\\\/es\\\/#website\",\"url\":\"https:\\\/\\\/www.parrinst.com\\\/es\\\/\",\"name\":\"Parr Instrument (Espa\u00f1ol)\",\"description\":\"\",\"potentialAction\":[{\"@type\":\"SearchAction\",\"target\":{\"@type\":\"EntryPoint\",\"urlTemplate\":\"https:\\\/\\\/www.parrinst.com\\\/es\\\/?s={search_term_string}\"},\"query-input\":{\"@type\":\"PropertyValueSpecification\",\"valueRequired\":true,\"valueName\":\"search_term_string\"}}],\"inLanguage\":\"en-US\"}]}<\/script>\n<!-- \/ Yoast SEO plugin. -->","yoast_head_json":{"title":"Resumen - Parr Instrument (Espa\u00f1ol)","robots":{"index":"index","follow":"follow","max-snippet":"max-snippet:-1","max-image-preview":"max-image-preview:large","max-video-preview":"max-video-preview:-1"},"canonical":"https:\/\/www.parrinst.com\/es\/products\/stirred-reactors\/floor-stand-reactors-series-4530-1-2\/brief\/","og_locale":"en_US","og_type":"article","og_title":"Resumen - Parr Instrument (Espa\u00f1ol)","og_description":"Tipo: Uso General Base: Soporte para Piso o Carro M\u00f3vil Estilo de Recipiente: Cabeza Fija o M\u00f3vil Tama\u00f1os de Recipientes, ml: 1000-2000 Est\u00e1ndar 970-1900 HP Presi\u00f3n Est\u00e1ndar Clasif. MAWP, psi (bar): 1900 (131) M\u00e1ximo Est\u00e1ndar Temp. de Operaci\u00f3n \u00b0C: 225 con Junta T\u00f3rica FKM 300 con Junta T\u00f3rica FFKM 350 c\/ Junta Plana PTFE Alta [&hellip;]","og_url":"https:\/\/www.parrinst.com\/es\/products\/stirred-reactors\/floor-stand-reactors-series-4530-1-2\/brief\/","og_site_name":"Parr Instrument (Espa\u00f1ol)","article_modified_time":"2018-11-14T21:57:26+00:00","og_image":[{"width":2200,"height":399,"url":"https:\/\/www.parrinst.com\/es\/files\/2017\/12\/parr_banner_stirred3_secondary.jpg","type":"image\/jpeg"}],"twitter_card":"summary_large_image","schema":{"@context":"https:\/\/schema.org","@graph":[{"@type":"WebPage","@id":"https:\/\/www.parrinst.com\/es\/products\/stirred-reactors\/floor-stand-reactors-series-4530-1-2\/brief\/","url":"https:\/\/www.parrinst.com\/es\/products\/stirred-reactors\/floor-stand-reactors-series-4530-1-2\/brief\/","name":"Resumen - Parr Instrument (Espa\u00f1ol)","isPartOf":{"@id":"https:\/\/www.parrinst.com\/es\/#website"},"primaryImageOfPage":{"@id":"https:\/\/www.parrinst.com\/es\/products\/stirred-reactors\/floor-stand-reactors-series-4530-1-2\/brief\/#primaryimage"},"image":{"@id":"https:\/\/www.parrinst.com\/es\/products\/stirred-reactors\/floor-stand-reactors-series-4530-1-2\/brief\/#primaryimage"},"thumbnailUrl":"https:\/\/i0.wp.com\/www.parrinst.com\/es\/wp-content\/uploads\/sites\/7\/2017\/12\/parr_banner_stirred3_secondary.jpg?fit=2200%2C399&ssl=1","datePublished":"2011-04-28T19:12:59+00:00","dateModified":"2018-11-14T21:57:26+00:00","breadcrumb":{"@id":"https:\/\/www.parrinst.com\/es\/products\/stirred-reactors\/floor-stand-reactors-series-4530-1-2\/brief\/#breadcrumb"},"inLanguage":"en-US","potentialAction":[{"@type":"ReadAction","target":["https:\/\/www.parrinst.com\/es\/products\/stirred-reactors\/floor-stand-reactors-series-4530-1-2\/brief\/"]}]},{"@type":"ImageObject","inLanguage":"en-US","@id":"https:\/\/www.parrinst.com\/es\/products\/stirred-reactors\/floor-stand-reactors-series-4530-1-2\/brief\/#primaryimage","url":"https:\/\/i0.wp.com\/www.parrinst.com\/es\/wp-content\/uploads\/sites\/7\/2017\/12\/parr_banner_stirred3_secondary.jpg?fit=2200%2C399&ssl=1","contentUrl":"https:\/\/i0.wp.com\/www.parrinst.com\/es\/wp-content\/uploads\/sites\/7\/2017\/12\/parr_banner_stirred3_secondary.jpg?fit=2200%2C399&ssl=1","width":2200,"height":399},{"@type":"BreadcrumbList","@id":"https:\/\/www.parrinst.com\/es\/products\/stirred-reactors\/floor-stand-reactors-series-4530-1-2\/brief\/#breadcrumb","itemListElement":[{"@type":"ListItem","position":1,"name":"Home","item":"https:\/\/www.parrinst.com\/es\/"},{"@type":"ListItem","position":2,"name":"Products","item":"https:\/\/www.parrinst.com\/es\/products\/"},{"@type":"ListItem","position":3,"name":"Reactores Agitados","item":"https:\/\/www.parrinst.com\/es\/products\/stirred-reactors\/"},{"@type":"ListItem","position":4,"name":"Reactores de Soporte de Piso Serie 4530 de 1 y 2 L","item":"https:\/\/www.parrinst.com\/es\/products\/stirred-reactors\/floor-stand-reactors-series-4530-1-2\/"},{"@type":"ListItem","position":5,"name":"Resumen"}]},{"@type":"WebSite","@id":"https:\/\/www.parrinst.com\/es\/#website","url":"https:\/\/www.parrinst.com\/es\/","name":"Parr Instrument (Espa\u00f1ol)","description":"","potentialAction":[{"@type":"SearchAction","target":{"@type":"EntryPoint","urlTemplate":"https:\/\/www.parrinst.com\/es\/?s={search_term_string}"},"query-input":{"@type":"PropertyValueSpecification","valueRequired":true,"valueName":"search_term_string"}}],"inLanguage":"en-US"}]}},"jetpack_sharing_enabled":true,"_links":{"self":[{"href":"https:\/\/www.parrinst.com\/es\/wp-json\/wp\/v2\/pages\/437","targetHints":{"allow":["GET"]}}],"collection":[{"href":"https:\/\/www.parrinst.com\/es\/wp-json\/wp\/v2\/pages"}],"about":[{"href":"https:\/\/www.parrinst.com\/es\/wp-json\/wp\/v2\/types\/page"}],"author":[{"embeddable":true,"href":"https:\/\/www.parrinst.com\/es\/wp-json\/wp\/v2\/users\/1"}],"replies":[{"embeddable":true,"href":"https:\/\/www.parrinst.com\/es\/wp-json\/wp\/v2\/comments?post=437"}],"version-history":[{"count":1,"href":"https:\/\/www.parrinst.com\/es\/wp-json\/wp\/v2\/pages\/437\/revisions"}],"predecessor-version":[{"id":38972,"href":"https:\/\/www.parrinst.com\/es\/wp-json\/wp\/v2\/pages\/437\/revisions\/38972"}],"up":[{"embeddable":true,"href":"https:\/\/www.parrinst.com\/es\/wp-json\/wp\/v2\/pages\/49"}],"wp:featuredmedia":[{"embeddable":true,"href":"https:\/\/www.parrinst.com\/es\/wp-json\/wp\/v2\/media\/36874"}],"wp:attachment":[{"href":"https:\/\/www.parrinst.com\/es\/wp-json\/wp\/v2\/media?parent=437"}],"curies":[{"name":"wp","href":"https:\/\/api.w.org\/{rel}","templated":true}]}}