{"id":4371,"date":"2011-07-18T15:47:36","date_gmt":"2011-07-18T20:47:36","guid":{"rendered":"https:\/\/www.parrinst.com\/?page_id=4371"},"modified":"2014-04-25T15:25:19","modified_gmt":"2014-04-25T20:25:19","slug":"previous-calorimeter-models","status":"publish","type":"page","link":"https:\/\/www.parrinst.com\/es\/products\/oxygen-bomb-calorimeters\/previous-calorimeter-models\/","title":{"rendered":"Calor\u00edmetros de Modelos Anteriores"},"content":{"rendered":"<h2>Modelos Anteriores<\/h2>\n[search]?\n<p>Usted debe <a href=\"..\/wp-login.php\">registrarse\/iniciar sesi\u00f3n<\/a> para tener acceso a los manuales.<\/p>\n<p>Haga clic en cualquiera de los siguientes enlaces para ver el PDF.<\/p>\n<table class=\"GeneralTable\" border=\"0\" align=\"left\">\n<thead>\n<tr class=\"GeneralTable-DarkBlue\">\n<td style=\"text-align: center;\">Previous Model<\/td>\n<td style=\"text-align: center;\">Replaced By<\/td>\n<td style=\"text-align: center;\">Manual<\/td>\n<\/tr>\n<\/thead>\n<tbody>\n<tr class=\"GeneralTable\">\n<td class=\"GeneralTable\" style=\"text-align: center;\" rowspan=\"5\">6300 y los Sistemas Expandidos Autom\u00e1ticos Isoperib\u00f3licos 6320<\/td>\n<td class=\"GeneralTable\" style=\"text-align: center;\" rowspan=\"5\">6400 y Sistema Expandido Autom\u00e1tico Isoperib\u00f3lico 6420<\/td>\n<td><a  data-e-Disable-Page-Transition=\"true\" class=\"download-link\" title=\"\" href=\"https:\/\/www.parrinst.com\/es\/download\/37057\/?tmstv=1776287797\" rel=\"nofollow\" id=\"download-link-37057\" data-redirect=\"false\" >\n\t435M 6300 Calorimeter Operating Instructions pre October 2010<\/a>\n<\/td>\n<\/tr>\n<tr class=\"GeneralTable-LightBlue\">\n<td><a  data-e-Disable-Page-Transition=\"true\" class=\"download-link\" title=\"\" href=\"https:\/\/www.parrinst.com\/es\/download\/37269\/?tmstv=1776287797\" rel=\"nofollow\" id=\"download-link-37269\" data-redirect=\"false\" >\n\t469M 6300 Calorimeter Packing &amp; Shipping Instructions<\/a>\n<\/td>\n<\/tr>\n<tr class=\"GeneralTable\">\n<td><a  data-e-Disable-Page-Transition=\"true\" class=\"download-link\" title=\"\" href=\"https:\/\/www.parrinst.com\/es\/download\/37287\/?tmstv=1776287797\" rel=\"nofollow\" id=\"download-link-37287\" data-redirect=\"false\" >\n\t488M 6300 Hinge Conversion Installation<\/a>\n<\/td>\n<\/tr>\n<tr class=\"GeneralTable-LightBlue\">\n<td><a  data-e-Disable-Page-Transition=\"true\" class=\"download-link\" title=\"\" href=\"https:\/\/www.parrinst.com\/es\/download\/37055\/?tmstv=1776287797\" rel=\"nofollow\" id=\"download-link-37055\" data-redirect=\"false\" >\n\t502M 6300 replacement Tubing Instructions<\/a>\n<\/td>\n<\/tr>\n<tr class=\"GeneralTable\">\n<td><a  data-e-Disable-Page-Transition=\"true\" class=\"download-link\" title=\"\" href=\"https:\/\/www.parrinst.com\/es\/download\/37059\/?tmstv=1776287797\" rel=\"nofollow\" id=\"download-link-37059\" data-redirect=\"false\" >\n\t586M 6300 Calorimeter Operating Instructions post October 2010<\/a>\n<\/td>\n<\/tr>\n<tr class=\"GeneralTable-LightBlue\">\n<td style=\"background-color: #dddddd; text-align: center;\" rowspan=\"2\">Calor\u00edmetro 1271<\/td>\n<td style=\"background-color: #dddddd; text-align: center;\" rowspan=\"2\">Calor\u00edmetro 6400<\/td>\n<td class=\"GeneralTable-LightBlue\"><a  data-e-Disable-Page-Transition=\"true\" class=\"download-link\" title=\"\" href=\"https:\/\/www.parrinst.com\/es\/download\/37551\/?tmstv=1776287797\" rel=\"nofollow\" id=\"download-link-37551\" data-redirect=\"false\" >\n\t284MM 1271 Oxygen Bomb Calorimeter Operating Instructions<\/a>\n<\/td>\n<\/tr>\n<tr class=\"GeneralTable\">\n<td><a  data-e-Disable-Page-Transition=\"true\" class=\"download-link\" title=\"\" href=\"https:\/\/www.parrinst.com\/es\/download\/37589\/?tmstv=1776287797\" rel=\"nofollow\" id=\"download-link-37589\" data-redirect=\"false\" >\n\t331M 1271 Oxygen Bomb Calorimeter Service Manual<\/a>\n<\/td>\n<\/tr>\n<tr class=\"GeneralTable-LightBlue\">\n<td style=\"background-color: #ffffff; text-align: center;\" rowspan=\"2\">Calor\u00edmetro 1271A*<\/td>\n<td style=\"background-color: #ffffff; text-align: center;\" rowspan=\"2\">Calor\u00edmetro 6400<\/td>\n<td><a  data-e-Disable-Page-Transition=\"true\" class=\"download-link\" title=\"\" href=\"https:\/\/www.parrinst.com\/es\/download\/37587\/?tmstv=1776287797\" rel=\"nofollow\" id=\"download-link-37587\" data-redirect=\"false\" >\n\t321M 1271A Oxygen Bomb Calorimeter Operating Instructions<\/a>\n<\/td>\n<\/tr>\n<tr class=\"GeneralTable\">\n<td class=\"GeneralTable\"><a  data-e-Disable-Page-Transition=\"true\" class=\"download-link\" title=\"\" href=\"https:\/\/www.parrinst.com\/es\/download\/37595\/?tmstv=1776287797\" rel=\"nofollow\" id=\"download-link-37595\" data-redirect=\"false\" >\n\t358M 1271A Oxygen Bomb Calorimeter Service Manual<\/a>\n<\/td>\n<\/tr>\n<tr class=\"GeneralTable-LightBlue\">\n<td style=\"background-color: #dddddd; text-align: center;\" rowspan=\"2\">Calor\u00edmetro 1281<\/td>\n<td style=\"background-color: #dddddd; text-align: center;\" rowspan=\"2\">Calor\u00edmetro 6400<\/td>\n<td><a  data-e-Disable-Page-Transition=\"true\" class=\"download-link\" title=\"\" href=\"https:\/\/www.parrinst.com\/es\/download\/37583\/?tmstv=1776287797\" rel=\"nofollow\" id=\"download-link-37583\" data-redirect=\"false\" >\n\t299M 1281 Oxygen Bomb Calorimeter Operating Instructions<\/a>\n<\/td>\n<\/tr>\n<tr class=\"GeneralTable\">\n<td><a  data-e-Disable-Page-Transition=\"true\" class=\"download-link\" title=\"\" href=\"https:\/\/www.parrinst.com\/es\/download\/37593\/?tmstv=1776287797\" rel=\"nofollow\" id=\"download-link-37593\" data-redirect=\"false\" >\n\t343M 1281 Oxygen Bomb Calorimeter Service Manual<\/a>\n<\/td>\n<\/tr>\n<tr class=\"GeneralTable-LightBlue\">\n<td style=\"background-color: #ffffff; text-align: center;\">Calor\u00edmetro 1266<\/td>\n<td style=\"background-color: #ffffff; text-align: center;\">Calor\u00edmetro 6200<\/td>\n<td><a  data-e-Disable-Page-Transition=\"true\" class=\"download-link\" title=\"\" href=\"https:\/\/www.parrinst.com\/es\/download\/37597\/?tmstv=1776287797\" rel=\"nofollow\" id=\"download-link-37597\" data-redirect=\"false\" >\n\t367M 1266 Isoperibol Bomb Calorimeter Operating Instructions<\/a>\n<\/td>\n<\/tr>\n<tr class=\"GeneralTable\">\n<td style=\"background-color: #dddddd; text-align: center;\">Calor\u00edmetro 1356<\/td>\n<td style=\"background-color: #dddddd; text-align: center;\">Calor\u00edmetro 6100<\/td>\n<td><a  data-e-Disable-Page-Transition=\"true\" class=\"download-link\" title=\"\" href=\"https:\/\/www.parrinst.com\/es\/download\/37599\/?tmstv=1776287797\" rel=\"nofollow\" id=\"download-link-37599\" data-redirect=\"false\" >\n\t369M 1356 Isoperibol Bomb Calorimeter Operating Instructions<\/a>\n<\/td>\n<\/tr>\n<tr class=\"GeneralTable-LightBlue\">\n<td style=\"background-color: #ffffff; text-align: center;\">Calor\u00edmetro 1425<\/td>\n<td style=\"background-color: #ffffff; text-align: center;\">Calor\u00edmetro 6725<\/td>\n<td><a  data-e-Disable-Page-Transition=\"true\" class=\"download-link\" title=\"\" href=\"https:\/\/www.parrinst.com\/es\/download\/37579\/?tmstv=1776287797\" rel=\"nofollow\" id=\"download-link-37579\" data-redirect=\"false\" >\n\t280MM 1425 Semimicro Bomb Calorimeter Operating Instructions<\/a>\n<\/td>\n<\/tr>\n<tr class=\"GeneralTable\">\n<td style=\"background-color: #dddddd; text-align: center;\">Calor\u00edmetro 1455<\/td>\n<td style=\"background-color: #dddddd; text-align: center;\">Calor\u00edmetro 6755<\/td>\n<td><a  data-e-Disable-Page-Transition=\"true\" class=\"download-link\" title=\"\" href=\"https:\/\/www.parrinst.com\/es\/download\/37581\/?tmstv=1776287797\" rel=\"nofollow\" id=\"download-link-37581\" data-redirect=\"false\" >\n\t281MM 1455 Solution Calorimeter Operating Instructions<\/a>\n<\/td>\n<\/tr>\n<tr class=\"GeneralTable-LightBlue\">\n<td style=\"background-color: #ffffff; text-align: center;\">Term\u00f3metro 1672<\/td>\n<td style=\"background-color: #ffffff; text-align: center;\">Term\u00f3metro 6772<\/td>\n<td><a  data-e-Disable-Page-Transition=\"true\" class=\"download-link\" title=\"\" href=\"https:\/\/www.parrinst.com\/es\/download\/37567\/?tmstv=1776287797\" rel=\"nofollow\" id=\"download-link-37567\" data-redirect=\"false\" >\n\t283MM 1672 Thermometer Operating Instructions<\/a>\n<\/td>\n<\/tr>\n<tr class=\"GeneralTable\">\n<td style=\"background-color: #dddddd; text-align: center;\" rowspan=\"2\">1109A Semi-micro Bomba de Combusti\u00f3n de Ox\u00edgeno<\/td>\n<td style=\"background-color: #dddddd; text-align: center;\" rowspan=\"2\">1109A Semi-micro Bomba de Combusti\u00f3n de Ox\u00edgeno<\/td>\n<td class=\"GeneralTable\"><a  data-e-Disable-Page-Transition=\"true\" class=\"download-link\" title=\"\" href=\"https:\/\/www.parrinst.com\/es\/download\/37035\/?tmstv=1776287797\" rel=\"nofollow\" id=\"download-link-37035\" data-redirect=\"false\" >\n\t493M 1109\/1109A Semi-micro Oxygen Bombs Operating Instructions<\/a>\n<\/td>\n<\/tr>\n<tr class=\"GeneralTable-LightBlue\">\n<td class=\"GeneralTable-LightBlue\"><a  data-e-Disable-Page-Transition=\"true\" class=\"download-link\" title=\"\" href=\"https:\/\/www.parrinst.com\/es\/download\/37037\/?tmstv=1776287797\" rel=\"nofollow\" id=\"download-link-37037\" data-redirect=\"false\" >\n\t512M 1109 Oxygen Combustion Bomb Parts Diagram<\/a>\n<\/td>\n<\/tr>\n<\/tbody>\n<\/table>\n<p>&nbsp;<\/p>\n<p>*Los Calor\u00edmetros 1271A recibieron los n\u00fameros seriales del 1000 en adelante.<\/p>\n<p>&nbsp;<\/p>\n<table class=\"GeneralTable\" border=\"0\">\n<tbody>\n<tr class=\"GeneralTable-DarkBlue\">\n<td><span id=\"result_box\" class=\"short_text\" lang=\"es\"><span class=\"hps\">Otros Modelos<\/span> <span class=\"hps\">Calor\u00edmetro<\/span> <span class=\"hps\">y<\/span> <span class=\"hps\">Accesorios<\/span><\/span><\/td>\n<\/tr>\n<tr>\n<td><a  data-e-Disable-Page-Transition=\"true\" class=\"download-link\" title=\"\" href=\"https:\/\/www.parrinst.com\/es\/download\/37561\/?tmstv=1776287797\" rel=\"nofollow\" id=\"download-link-37561\" data-redirect=\"false\" >\n\t203M 1241 Oxygen Bomb Calorimeter Operating Instructions<\/a>\n<\/td>\n<\/tr>\n<tr class=\"GeneralTable-LightBlue\">\n<td><a  data-e-Disable-Page-Transition=\"true\" class=\"download-link\" title=\"\" href=\"https:\/\/www.parrinst.com\/es\/download\/37571\/?tmstv=1776287797\" rel=\"nofollow\" id=\"download-link-37571\" data-redirect=\"false\" >\n\t242MM 1261 Isoperibol Bomb Calorimeter Operating Instructions<\/a>\n<\/td>\n<\/tr>\n<tr>\n<td><a  data-e-Disable-Page-Transition=\"true\" class=\"download-link\" title=\"\" href=\"https:\/\/www.parrinst.com\/es\/download\/37585\/?tmstv=1776287797\" rel=\"nofollow\" id=\"download-link-37585\" data-redirect=\"false\" >\n\t315M 1351 Bomb Calorimeter Operating Instructions<\/a>\n<\/td>\n<\/tr>\n<tr class=\"GeneralTable-LightBlue\">\n<td><a  data-e-Disable-Page-Transition=\"true\" class=\"download-link\" title=\"\" href=\"https:\/\/www.parrinst.com\/es\/download\/37555\/?tmstv=1776287797\" rel=\"nofollow\" id=\"download-link-37555\" data-redirect=\"false\" >\n\t154M 1451 Solution Calorimeter Operating Instructions<\/a>\n<\/td>\n<\/tr>\n<tr>\n<td><a  data-e-Disable-Page-Transition=\"true\" class=\"download-link\" title=\"\" href=\"https:\/\/www.parrinst.com\/es\/download\/37573\/?tmstv=1776287797\" rel=\"nofollow\" id=\"download-link-37573\" data-redirect=\"false\" >\n\t245M 1552 Water Cooler Operating Instructions<\/a>\n<\/td>\n<\/tr>\n<tr class=\"GeneralTable-LightBlue\">\n<td><a  data-e-Disable-Page-Transition=\"true\" class=\"download-link\" title=\"\" href=\"https:\/\/www.parrinst.com\/es\/download\/37575\/?tmstv=1776287797\" rel=\"nofollow\" id=\"download-link-37575\" data-redirect=\"false\" >\n\t246M 1563 Water Handling System Operating Instructions<\/a>\n<\/td>\n<\/tr>\n<tr>\n<td><a  data-e-Disable-Page-Transition=\"true\" class=\"download-link\" title=\"\" href=\"https:\/\/www.parrinst.com\/es\/download\/37605\/?tmstv=1776287797\" rel=\"nofollow\" id=\"download-link-37605\" data-redirect=\"false\" >\n\t466M 1563A Water Handling System Operating Instructions<\/a>\n<\/td>\n<\/tr>\n<tr class=\"GeneralTable-LightBlue\">\n<td><a  data-e-Disable-Page-Transition=\"true\" class=\"download-link\" title=\"\" href=\"https:\/\/www.parrinst.com\/es\/download\/37603\/?tmstv=1776287797\" rel=\"nofollow\" id=\"download-link-37603\" data-redirect=\"false\" >\n\t451M 1564 Water Recirculation System<\/a>\n<\/td>\n<\/tr>\n<tr>\n<td><a  data-e-Disable-Page-Transition=\"true\" class=\"download-link\" title=\"\" href=\"https:\/\/www.parrinst.com\/es\/download\/37553\/?tmstv=1776287797\" rel=\"nofollow\" id=\"download-link-37553\" data-redirect=\"false\" >\n\t165M 1720 Calorimeter Controller Operating Instructions<\/a>\n<\/td>\n<\/tr>\n<tr class=\"GeneralTable-LightBlue\">\n<td><a  data-e-Disable-Page-Transition=\"true\" class=\"download-link\" title=\"\" href=\"https:\/\/www.parrinst.com\/es\/download\/37557\/?tmstv=1776287797\" rel=\"nofollow\" id=\"download-link-37557\" data-redirect=\"false\" >\n\t166MM 1730 Calorimeter Controller Operating Instructions<\/a>\n<\/td>\n<\/tr>\n<tr>\n<td><a  data-e-Disable-Page-Transition=\"true\" class=\"download-link\" title=\"\" href=\"https:\/\/www.parrinst.com\/es\/download\/37559\/?tmstv=1776287797\" rel=\"nofollow\" id=\"download-link-37559\" data-redirect=\"false\" >\n\t180M 1750 Proximate Analyzer Operating Instructions<\/a>\n<\/td>\n<\/tr>\n<tr class=\"GeneralTable-LightBlue\">\n<td><a  data-e-Disable-Page-Transition=\"true\" class=\"download-link\" title=\"\" href=\"https:\/\/www.parrinst.com\/es\/download\/37565\/?tmstv=1776287797\" rel=\"nofollow\" id=\"download-link-37565\" data-redirect=\"false\" >\n\t240MM 1760 Sulfur Analyzer Operating Instructions<\/a>\n<\/td>\n<\/tr>\n<tr>\n<td><a  data-e-Disable-Page-Transition=\"true\" class=\"download-link\" title=\"\" href=\"https:\/\/www.parrinst.com\/es\/download\/37577\/?tmstv=1776287797\" rel=\"nofollow\" id=\"download-link-37577\" data-redirect=\"false\" >\n\t260M Using an 1107 Semimicro Oxygen Bomb in 1261 Calorimeter Operating Instructions<\/a>\n<\/td>\n<\/tr>\n<tr class=\"GeneralTable-LightBlue\">\n<td><a  data-e-Disable-Page-Transition=\"true\" class=\"download-link\" title=\"\" href=\"https:\/\/www.parrinst.com\/es\/download\/37563\/?tmstv=1776287797\" rel=\"nofollow\" id=\"download-link-37563\" data-redirect=\"false\" >\n\t211M Mercurial Calorimetric Thermometers Operating Instructions<\/a>\n<\/td>\n<\/tr>\n<tr>\n<td><a  data-e-Disable-Page-Transition=\"true\" class=\"download-link\" title=\"\" href=\"https:\/\/www.parrinst.com\/es\/download\/37601\/?tmstv=1776287797\" rel=\"nofollow\" id=\"download-link-37601\" data-redirect=\"false\" >\n\t415M PerformaTherm Liquid Calorimetric Thermometers Operating Instructions<\/a>\n<\/td>\n<\/tr>\n<\/tbody>\n<\/table>\n","protected":false},"excerpt":{"rendered":"<p>Modelos Anteriores Usted debe registrarse\/iniciar sesi\u00f3n para tener acceso a los manuales. Haga clic en cualquiera de los siguientes enlaces para ver el PDF. Previous Model Replaced By Manual 6300 y los Sistemas Expandidos Autom\u00e1ticos Isoperib\u00f3licos 6320 6400 y Sistema Expandido Autom\u00e1tico Isoperib\u00f3lico 6420 Calor\u00edmetro 1271 Calor\u00edmetro 6400 Calor\u00edmetro 1271A* Calor\u00edmetro 6400 Calor\u00edmetro 1281 Calor\u00edmetro [&hellip;]<\/p>\n","protected":false},"author":1,"featured_media":37726,"parent":83,"menu_order":0,"comment_status":"closed","ping_status":"closed","template":"product-narrow.php","meta":{"_acf_changed":false,"footnotes":"","_links_to":"","_links_to_target":""},"class_list":["post-4371","page","type-page","status-publish","has-post-thumbnail","hentry"],"acf":[],"yoast_head":"<!-- This site is optimized with the Yoast SEO plugin v27.4 - https:\/\/yoast.com\/product\/yoast-seo-wordpress\/ -->\n<title>Calor\u00edmetros de Modelos Anteriores - Parr Instrument (Espa\u00f1ol)<\/title>\n<meta name=\"robots\" content=\"index, follow, max-snippet:-1, max-image-preview:large, max-video-preview:-1\" \/>\n<link rel=\"canonical\" href=\"https:\/\/www.parrinst.com\/es\/products\/oxygen-bomb-calorimeters\/previous-calorimeter-models\/\" \/>\n<meta property=\"og:locale\" content=\"en_US\" \/>\n<meta property=\"og:type\" content=\"article\" \/>\n<meta property=\"og:title\" content=\"Calor\u00edmetros de Modelos Anteriores - Parr Instrument (Espa\u00f1ol)\" \/>\n<meta property=\"og:description\" content=\"Modelos Anteriores Usted debe registrarse\/iniciar sesi\u00f3n para tener acceso a los manuales. Haga clic en cualquiera de los siguientes enlaces para ver el PDF. Previous Model Replaced By Manual 6300 y los Sistemas Expandidos Autom\u00e1ticos Isoperib\u00f3licos 6320 6400 y Sistema Expandido Autom\u00e1tico Isoperib\u00f3lico 6420 Calor\u00edmetro 1271 Calor\u00edmetro 6400 Calor\u00edmetro 1271A* Calor\u00edmetro 6400 Calor\u00edmetro 1281 Calor\u00edmetro [&hellip;]\" \/>\n<meta property=\"og:url\" content=\"https:\/\/www.parrinst.com\/es\/products\/oxygen-bomb-calorimeters\/previous-calorimeter-models\/\" \/>\n<meta property=\"og:site_name\" content=\"Parr Instrument (Espa\u00f1ol)\" \/>\n<meta property=\"article:modified_time\" content=\"2014-04-25T20:25:19+00:00\" \/>\n<meta property=\"og:image\" content=\"https:\/\/www.parrinst.com\/es\/files\/2018\/01\/parr_banner_calorimeter_secondary-3.jpg\" \/>\n\t<meta property=\"og:image:width\" content=\"2200\" \/>\n\t<meta property=\"og:image:height\" content=\"399\" \/>\n\t<meta property=\"og:image:type\" content=\"image\/jpeg\" \/>\n<meta name=\"twitter:card\" content=\"summary_large_image\" \/>\n<meta name=\"twitter:label1\" content=\"Est. reading time\" \/>\n\t<meta name=\"twitter:data1\" content=\"1 minute\" \/>\n<script type=\"application\/ld+json\" class=\"yoast-schema-graph\">{\"@context\":\"https:\\\/\\\/schema.org\",\"@graph\":[{\"@type\":\"WebPage\",\"@id\":\"https:\\\/\\\/www.parrinst.com\\\/es\\\/products\\\/oxygen-bomb-calorimeters\\\/previous-calorimeter-models\\\/\",\"url\":\"https:\\\/\\\/www.parrinst.com\\\/es\\\/products\\\/oxygen-bomb-calorimeters\\\/previous-calorimeter-models\\\/\",\"name\":\"Calor\u00edmetros de Modelos Anteriores - Parr Instrument (Espa\u00f1ol)\",\"isPartOf\":{\"@id\":\"https:\\\/\\\/www.parrinst.com\\\/es\\\/#website\"},\"primaryImageOfPage\":{\"@id\":\"https:\\\/\\\/www.parrinst.com\\\/es\\\/products\\\/oxygen-bomb-calorimeters\\\/previous-calorimeter-models\\\/#primaryimage\"},\"image\":{\"@id\":\"https:\\\/\\\/www.parrinst.com\\\/es\\\/products\\\/oxygen-bomb-calorimeters\\\/previous-calorimeter-models\\\/#primaryimage\"},\"thumbnailUrl\":\"https:\\\/\\\/i0.wp.com\\\/www.parrinst.com\\\/es\\\/wp-content\\\/uploads\\\/sites\\\/7\\\/2018\\\/01\\\/parr_banner_calorimeter_secondary-3.jpg?fit=2200%2C399&ssl=1\",\"datePublished\":\"2011-07-18T20:47:36+00:00\",\"dateModified\":\"2014-04-25T20:25:19+00:00\",\"breadcrumb\":{\"@id\":\"https:\\\/\\\/www.parrinst.com\\\/es\\\/products\\\/oxygen-bomb-calorimeters\\\/previous-calorimeter-models\\\/#breadcrumb\"},\"inLanguage\":\"en-US\",\"potentialAction\":[{\"@type\":\"ReadAction\",\"target\":[\"https:\\\/\\\/www.parrinst.com\\\/es\\\/products\\\/oxygen-bomb-calorimeters\\\/previous-calorimeter-models\\\/\"]}]},{\"@type\":\"ImageObject\",\"inLanguage\":\"en-US\",\"@id\":\"https:\\\/\\\/www.parrinst.com\\\/es\\\/products\\\/oxygen-bomb-calorimeters\\\/previous-calorimeter-models\\\/#primaryimage\",\"url\":\"https:\\\/\\\/i0.wp.com\\\/www.parrinst.com\\\/es\\\/wp-content\\\/uploads\\\/sites\\\/7\\\/2018\\\/01\\\/parr_banner_calorimeter_secondary-3.jpg?fit=2200%2C399&ssl=1\",\"contentUrl\":\"https:\\\/\\\/i0.wp.com\\\/www.parrinst.com\\\/es\\\/wp-content\\\/uploads\\\/sites\\\/7\\\/2018\\\/01\\\/parr_banner_calorimeter_secondary-3.jpg?fit=2200%2C399&ssl=1\",\"width\":2200,\"height\":399},{\"@type\":\"BreadcrumbList\",\"@id\":\"https:\\\/\\\/www.parrinst.com\\\/es\\\/products\\\/oxygen-bomb-calorimeters\\\/previous-calorimeter-models\\\/#breadcrumb\",\"itemListElement\":[{\"@type\":\"ListItem\",\"position\":1,\"name\":\"Home\",\"item\":\"https:\\\/\\\/www.parrinst.com\\\/es\\\/\"},{\"@type\":\"ListItem\",\"position\":2,\"name\":\"Products\",\"item\":\"https:\\\/\\\/www.parrinst.com\\\/es\\\/products\\\/\"},{\"@type\":\"ListItem\",\"position\":3,\"name\":\"Calor\u00edmetros de Bomba de Ox\u00edgeno\",\"item\":\"https:\\\/\\\/www.parrinst.com\\\/es\\\/products\\\/oxygen-bomb-calorimeters\\\/\"},{\"@type\":\"ListItem\",\"position\":4,\"name\":\"Calor\u00edmetros de Modelos Anteriores\"}]},{\"@type\":\"WebSite\",\"@id\":\"https:\\\/\\\/www.parrinst.com\\\/es\\\/#website\",\"url\":\"https:\\\/\\\/www.parrinst.com\\\/es\\\/\",\"name\":\"Parr Instrument (Espa\u00f1ol)\",\"description\":\"\",\"potentialAction\":[{\"@type\":\"SearchAction\",\"target\":{\"@type\":\"EntryPoint\",\"urlTemplate\":\"https:\\\/\\\/www.parrinst.com\\\/es\\\/?s={search_term_string}\"},\"query-input\":{\"@type\":\"PropertyValueSpecification\",\"valueRequired\":true,\"valueName\":\"search_term_string\"}}],\"inLanguage\":\"en-US\"}]}<\/script>\n<!-- \/ Yoast SEO plugin. -->","yoast_head_json":{"title":"Calor\u00edmetros de Modelos Anteriores - Parr Instrument (Espa\u00f1ol)","robots":{"index":"index","follow":"follow","max-snippet":"max-snippet:-1","max-image-preview":"max-image-preview:large","max-video-preview":"max-video-preview:-1"},"canonical":"https:\/\/www.parrinst.com\/es\/products\/oxygen-bomb-calorimeters\/previous-calorimeter-models\/","og_locale":"en_US","og_type":"article","og_title":"Calor\u00edmetros de Modelos Anteriores - Parr Instrument (Espa\u00f1ol)","og_description":"Modelos Anteriores Usted debe registrarse\/iniciar sesi\u00f3n para tener acceso a los manuales. Haga clic en cualquiera de los siguientes enlaces para ver el PDF. Previous Model Replaced By Manual 6300 y los Sistemas Expandidos Autom\u00e1ticos Isoperib\u00f3licos 6320 6400 y Sistema Expandido Autom\u00e1tico Isoperib\u00f3lico 6420 Calor\u00edmetro 1271 Calor\u00edmetro 6400 Calor\u00edmetro 1271A* Calor\u00edmetro 6400 Calor\u00edmetro 1281 Calor\u00edmetro [&hellip;]","og_url":"https:\/\/www.parrinst.com\/es\/products\/oxygen-bomb-calorimeters\/previous-calorimeter-models\/","og_site_name":"Parr Instrument (Espa\u00f1ol)","article_modified_time":"2014-04-25T20:25:19+00:00","og_image":[{"width":2200,"height":399,"url":"https:\/\/www.parrinst.com\/es\/files\/2018\/01\/parr_banner_calorimeter_secondary-3.jpg","type":"image\/jpeg"}],"twitter_card":"summary_large_image","twitter_misc":{"Est. reading time":"1 minute"},"schema":{"@context":"https:\/\/schema.org","@graph":[{"@type":"WebPage","@id":"https:\/\/www.parrinst.com\/es\/products\/oxygen-bomb-calorimeters\/previous-calorimeter-models\/","url":"https:\/\/www.parrinst.com\/es\/products\/oxygen-bomb-calorimeters\/previous-calorimeter-models\/","name":"Calor\u00edmetros de Modelos Anteriores - Parr Instrument (Espa\u00f1ol)","isPartOf":{"@id":"https:\/\/www.parrinst.com\/es\/#website"},"primaryImageOfPage":{"@id":"https:\/\/www.parrinst.com\/es\/products\/oxygen-bomb-calorimeters\/previous-calorimeter-models\/#primaryimage"},"image":{"@id":"https:\/\/www.parrinst.com\/es\/products\/oxygen-bomb-calorimeters\/previous-calorimeter-models\/#primaryimage"},"thumbnailUrl":"https:\/\/i0.wp.com\/www.parrinst.com\/es\/wp-content\/uploads\/sites\/7\/2018\/01\/parr_banner_calorimeter_secondary-3.jpg?fit=2200%2C399&ssl=1","datePublished":"2011-07-18T20:47:36+00:00","dateModified":"2014-04-25T20:25:19+00:00","breadcrumb":{"@id":"https:\/\/www.parrinst.com\/es\/products\/oxygen-bomb-calorimeters\/previous-calorimeter-models\/#breadcrumb"},"inLanguage":"en-US","potentialAction":[{"@type":"ReadAction","target":["https:\/\/www.parrinst.com\/es\/products\/oxygen-bomb-calorimeters\/previous-calorimeter-models\/"]}]},{"@type":"ImageObject","inLanguage":"en-US","@id":"https:\/\/www.parrinst.com\/es\/products\/oxygen-bomb-calorimeters\/previous-calorimeter-models\/#primaryimage","url":"https:\/\/i0.wp.com\/www.parrinst.com\/es\/wp-content\/uploads\/sites\/7\/2018\/01\/parr_banner_calorimeter_secondary-3.jpg?fit=2200%2C399&ssl=1","contentUrl":"https:\/\/i0.wp.com\/www.parrinst.com\/es\/wp-content\/uploads\/sites\/7\/2018\/01\/parr_banner_calorimeter_secondary-3.jpg?fit=2200%2C399&ssl=1","width":2200,"height":399},{"@type":"BreadcrumbList","@id":"https:\/\/www.parrinst.com\/es\/products\/oxygen-bomb-calorimeters\/previous-calorimeter-models\/#breadcrumb","itemListElement":[{"@type":"ListItem","position":1,"name":"Home","item":"https:\/\/www.parrinst.com\/es\/"},{"@type":"ListItem","position":2,"name":"Products","item":"https:\/\/www.parrinst.com\/es\/products\/"},{"@type":"ListItem","position":3,"name":"Calor\u00edmetros de Bomba de Ox\u00edgeno","item":"https:\/\/www.parrinst.com\/es\/products\/oxygen-bomb-calorimeters\/"},{"@type":"ListItem","position":4,"name":"Calor\u00edmetros de Modelos Anteriores"}]},{"@type":"WebSite","@id":"https:\/\/www.parrinst.com\/es\/#website","url":"https:\/\/www.parrinst.com\/es\/","name":"Parr Instrument (Espa\u00f1ol)","description":"","potentialAction":[{"@type":"SearchAction","target":{"@type":"EntryPoint","urlTemplate":"https:\/\/www.parrinst.com\/es\/?s={search_term_string}"},"query-input":{"@type":"PropertyValueSpecification","valueRequired":true,"valueName":"search_term_string"}}],"inLanguage":"en-US"}]}},"jetpack_sharing_enabled":true,"_links":{"self":[{"href":"https:\/\/www.parrinst.com\/es\/wp-json\/wp\/v2\/pages\/4371","targetHints":{"allow":["GET"]}}],"collection":[{"href":"https:\/\/www.parrinst.com\/es\/wp-json\/wp\/v2\/pages"}],"about":[{"href":"https:\/\/www.parrinst.com\/es\/wp-json\/wp\/v2\/types\/page"}],"author":[{"embeddable":true,"href":"https:\/\/www.parrinst.com\/es\/wp-json\/wp\/v2\/users\/1"}],"replies":[{"embeddable":true,"href":"https:\/\/www.parrinst.com\/es\/wp-json\/wp\/v2\/comments?post=4371"}],"version-history":[{"count":0,"href":"https:\/\/www.parrinst.com\/es\/wp-json\/wp\/v2\/pages\/4371\/revisions"}],"up":[{"embeddable":true,"href":"https:\/\/www.parrinst.com\/es\/wp-json\/wp\/v2\/pages\/83"}],"wp:featuredmedia":[{"embeddable":true,"href":"https:\/\/www.parrinst.com\/es\/wp-json\/wp\/v2\/media\/37726"}],"wp:attachment":[{"href":"https:\/\/www.parrinst.com\/es\/wp-json\/wp\/v2\/media?parent=4371"}],"curies":[{"name":"wp","href":"https:\/\/api.w.org\/{rel}","templated":true}]}}