{"id":478,"date":"2011-04-28T19:02:11","date_gmt":"2011-04-29T00:02:11","guid":{"rendered":"https:\/\/www.parrinst.com\/?page_id=478"},"modified":"2020-01-22T15:34:15","modified_gmt":"2020-01-22T21:34:15","slug":"ht-reactors-series-4580-3750-5500-ml","status":"publish","type":"page","link":"https:\/\/www.parrinst.com\/es\/products\/stirred-reactors\/ht-reactors-series-4580-3750-5500-ml\/","title":{"rendered":"Reactores HT Serie 4580 de 3750-5500 ml"},"content":{"rendered":"<figure id=\"attachment_12617\" aria-describedby=\"caption-attachment-12617\" style=\"width: 222px\" class=\"wp-caption alignright\"><a href=\"https:\/\/i0.wp.com\/www.parrinst.com\/es\/wp-content\/uploads\/sites\/7\/2011\/03\/4581_HPHT_1gal_4848_600x809.jpg?ssl=1\"><img data-recalc-dims=\"1\" loading=\"lazy\" decoding=\"async\" class=\"size-medium wp-image-12617\" src=\"https:\/\/i0.wp.com\/www.parrinst.com\/es\/wp-content\/uploads\/sites\/7\/2011\/03\/4581_HPHT_1gal_4848_600x809.jpg?resize=222%2C300&#038;ssl=1\" alt=\"4581 High Temp\/High Pressure Reactor, 1Gal Moveable, Cart, w\/4848 Controller; Opt. Expansion Modules\" width=\"222\" height=\"300\" srcset=\"https:\/\/i0.wp.com\/www.parrinst.com\/es\/wp-content\/uploads\/sites\/7\/2011\/03\/4581_HPHT_1gal_4848_600x809.jpg?resize=222%2C300&amp;ssl=1 222w, https:\/\/i0.wp.com\/www.parrinst.com\/es\/wp-content\/uploads\/sites\/7\/2011\/03\/4581_HPHT_1gal_4848_600x809.jpg?resize=111%2C150&amp;ssl=1 111w, https:\/\/i0.wp.com\/www.parrinst.com\/es\/wp-content\/uploads\/sites\/7\/2011\/03\/4581_HPHT_1gal_4848_600x809.jpg?w=600&amp;ssl=1 600w\" sizes=\"auto, (max-width: 222px) 100vw, 222px\" \/><\/a><figcaption id=\"caption-attachment-12617\" class=\"wp-caption-text\">4581 High Temp\/High Pressure Reactor, 1Gal Moveable, Cart, w\/4848 Controller; Opt. Expansion Modules<\/figcaption><\/figure>\n<p>Parr ofrece una serie de reactores diferentes en la Serie 4580 en varios tama\u00f1os y con diferentes ensambles para presiones de operaci\u00f3n de hasta 3000 psi (207 bar) y temperaturas de 500 \u00b0C.<\/p>\n<p><strong>Reactores 4581 \u2013 4582 <\/strong><br \/>\nEstos reactores de 1 gal\u00f3n (3.75 L) y 1.5 galones (5.5 L) est\u00e1n dise\u00f1ados para una presi\u00f3n m\u00e1xima de 3000 psi (207 bar) con una temperatura m\u00e1xima de trabajo de 500 \u00b0C y montados en carros m\u00f3viles.<\/p>\n<p><strong>Reactores 4583 \u2013 4584<\/strong><br \/>\nEstos son reactores de cabeza fija de 1 gal\u00f3n (3.75 L) y 1.5 galones (5.5 L) montados en soportes de piso con elevador neum\u00e1tico.<\/p>\n<p>Todos estos reactores se han dise\u00f1ado con v\u00e1lvulas adecuadas, conexiones y modificaciones al recipiente para operar a la temperatura y rango de presi\u00f3n m\u00e1s altos. Las juntas planas y de grafito flexible (FG) se utilizan para temperaturas en el rango alto de hasta 500\u00b0C. Estos pueden ser remplazados con juntas de PTFE para procedimientos en los que la temperatura no exceder\u00e1 350\u00b0C.<\/p>\n","protected":false},"excerpt":{"rendered":"<p>Parr ofrece una serie de reactores diferentes en la Serie 4580 en varios tama\u00f1os y con diferentes ensambles para presiones de operaci\u00f3n de hasta 3000 psi (207 bar) y temperaturas de 500 \u00b0C. Reactores 4581 \u2013 4582 Estos reactores de 1 gal\u00f3n (3.75 L) y 1.5 galones (5.5 L) est\u00e1n dise\u00f1ados para una presi\u00f3n m\u00e1xima [&hellip;]<\/p>\n","protected":false},"author":1,"featured_media":36874,"parent":47,"menu_order":8,"comment_status":"closed","ping_status":"closed","template":"product-wide-strirred-filter.php","meta":{"_acf_changed":false,"footnotes":"","_links_to":"","_links_to_target":""},"class_list":["post-478","page","type-page","status-publish","has-post-thumbnail","hentry"],"acf":[],"yoast_head":"<!-- This site is optimized with the Yoast SEO plugin v27.5 - https:\/\/yoast.com\/product\/yoast-seo-wordpress\/ -->\n<title>Reactores HT Serie 4580 de 3750-5500 ml - Parr Instrument (Espa\u00f1ol)<\/title>\n<meta name=\"robots\" content=\"index, follow, max-snippet:-1, max-image-preview:large, max-video-preview:-1\" \/>\n<link rel=\"canonical\" href=\"https:\/\/www.parrinst.com\/es\/products\/stirred-reactors\/ht-reactors-series-4580-3750-5500-ml\/\" \/>\n<meta property=\"og:locale\" content=\"en_US\" \/>\n<meta property=\"og:type\" content=\"article\" \/>\n<meta property=\"og:title\" content=\"Reactores HT Serie 4580 de 3750-5500 ml - Parr Instrument (Espa\u00f1ol)\" \/>\n<meta property=\"og:description\" content=\"Parr ofrece una serie de reactores diferentes en la Serie 4580 en varios tama\u00f1os y con diferentes ensambles para presiones de operaci\u00f3n de hasta 3000 psi (207 bar) y temperaturas de 500 \u00b0C. Reactores 4581 \u2013 4582 Estos reactores de 1 gal\u00f3n (3.75 L) y 1.5 galones (5.5 L) est\u00e1n dise\u00f1ados para una presi\u00f3n m\u00e1xima [&hellip;]\" \/>\n<meta property=\"og:url\" content=\"https:\/\/www.parrinst.com\/es\/products\/stirred-reactors\/ht-reactors-series-4580-3750-5500-ml\/\" \/>\n<meta property=\"og:site_name\" content=\"Parr Instrument (Espa\u00f1ol)\" \/>\n<meta property=\"article:modified_time\" content=\"2020-01-22T21:34:15+00:00\" \/>\n<meta property=\"og:image\" content=\"https:\/\/www.parrinst.com\/es\/files\/2017\/12\/parr_banner_stirred3_secondary.jpg\" \/>\n\t<meta property=\"og:image:width\" content=\"2200\" \/>\n\t<meta property=\"og:image:height\" content=\"399\" \/>\n\t<meta property=\"og:image:type\" content=\"image\/jpeg\" \/>\n<meta name=\"twitter:card\" content=\"summary_large_image\" \/>\n<meta name=\"twitter:label1\" content=\"Est. reading time\" \/>\n\t<meta name=\"twitter:data1\" content=\"1 minute\" \/>\n<script type=\"application\/ld+json\" class=\"yoast-schema-graph\">{\"@context\":\"https:\\\/\\\/schema.org\",\"@graph\":[{\"@type\":\"WebPage\",\"@id\":\"https:\\\/\\\/www.parrinst.com\\\/es\\\/products\\\/stirred-reactors\\\/ht-reactors-series-4580-3750-5500-ml\\\/\",\"url\":\"https:\\\/\\\/www.parrinst.com\\\/es\\\/products\\\/stirred-reactors\\\/ht-reactors-series-4580-3750-5500-ml\\\/\",\"name\":\"Reactores HT Serie 4580 de 3750-5500 ml - Parr Instrument (Espa\u00f1ol)\",\"isPartOf\":{\"@id\":\"https:\\\/\\\/www.parrinst.com\\\/es\\\/#website\"},\"primaryImageOfPage\":{\"@id\":\"https:\\\/\\\/www.parrinst.com\\\/es\\\/products\\\/stirred-reactors\\\/ht-reactors-series-4580-3750-5500-ml\\\/#primaryimage\"},\"image\":{\"@id\":\"https:\\\/\\\/www.parrinst.com\\\/es\\\/products\\\/stirred-reactors\\\/ht-reactors-series-4580-3750-5500-ml\\\/#primaryimage\"},\"thumbnailUrl\":\"https:\\\/\\\/i0.wp.com\\\/www.parrinst.com\\\/es\\\/wp-content\\\/uploads\\\/sites\\\/7\\\/2017\\\/12\\\/parr_banner_stirred3_secondary.jpg?fit=2200%2C399&ssl=1\",\"datePublished\":\"2011-04-29T00:02:11+00:00\",\"dateModified\":\"2020-01-22T21:34:15+00:00\",\"breadcrumb\":{\"@id\":\"https:\\\/\\\/www.parrinst.com\\\/es\\\/products\\\/stirred-reactors\\\/ht-reactors-series-4580-3750-5500-ml\\\/#breadcrumb\"},\"inLanguage\":\"en-US\",\"potentialAction\":[{\"@type\":\"ReadAction\",\"target\":[\"https:\\\/\\\/www.parrinst.com\\\/es\\\/products\\\/stirred-reactors\\\/ht-reactors-series-4580-3750-5500-ml\\\/\"]}]},{\"@type\":\"ImageObject\",\"inLanguage\":\"en-US\",\"@id\":\"https:\\\/\\\/www.parrinst.com\\\/es\\\/products\\\/stirred-reactors\\\/ht-reactors-series-4580-3750-5500-ml\\\/#primaryimage\",\"url\":\"https:\\\/\\\/i0.wp.com\\\/www.parrinst.com\\\/es\\\/wp-content\\\/uploads\\\/sites\\\/7\\\/2017\\\/12\\\/parr_banner_stirred3_secondary.jpg?fit=2200%2C399&ssl=1\",\"contentUrl\":\"https:\\\/\\\/i0.wp.com\\\/www.parrinst.com\\\/es\\\/wp-content\\\/uploads\\\/sites\\\/7\\\/2017\\\/12\\\/parr_banner_stirred3_secondary.jpg?fit=2200%2C399&ssl=1\",\"width\":2200,\"height\":399},{\"@type\":\"BreadcrumbList\",\"@id\":\"https:\\\/\\\/www.parrinst.com\\\/es\\\/products\\\/stirred-reactors\\\/ht-reactors-series-4580-3750-5500-ml\\\/#breadcrumb\",\"itemListElement\":[{\"@type\":\"ListItem\",\"position\":1,\"name\":\"Home\",\"item\":\"https:\\\/\\\/www.parrinst.com\\\/es\\\/\"},{\"@type\":\"ListItem\",\"position\":2,\"name\":\"Products\",\"item\":\"https:\\\/\\\/www.parrinst.com\\\/es\\\/products\\\/\"},{\"@type\":\"ListItem\",\"position\":3,\"name\":\"Reactores Agitados\",\"item\":\"https:\\\/\\\/www.parrinst.com\\\/es\\\/products\\\/stirred-reactors\\\/\"},{\"@type\":\"ListItem\",\"position\":4,\"name\":\"Reactores HT Serie 4580 de 3750-5500 ml\"}]},{\"@type\":\"WebSite\",\"@id\":\"https:\\\/\\\/www.parrinst.com\\\/es\\\/#website\",\"url\":\"https:\\\/\\\/www.parrinst.com\\\/es\\\/\",\"name\":\"Parr Instrument (Espa\u00f1ol)\",\"description\":\"\",\"potentialAction\":[{\"@type\":\"SearchAction\",\"target\":{\"@type\":\"EntryPoint\",\"urlTemplate\":\"https:\\\/\\\/www.parrinst.com\\\/es\\\/?s={search_term_string}\"},\"query-input\":{\"@type\":\"PropertyValueSpecification\",\"valueRequired\":true,\"valueName\":\"search_term_string\"}}],\"inLanguage\":\"en-US\"}]}<\/script>\n<!-- \/ Yoast SEO plugin. -->","yoast_head_json":{"title":"Reactores HT Serie 4580 de 3750-5500 ml - Parr Instrument (Espa\u00f1ol)","robots":{"index":"index","follow":"follow","max-snippet":"max-snippet:-1","max-image-preview":"max-image-preview:large","max-video-preview":"max-video-preview:-1"},"canonical":"https:\/\/www.parrinst.com\/es\/products\/stirred-reactors\/ht-reactors-series-4580-3750-5500-ml\/","og_locale":"en_US","og_type":"article","og_title":"Reactores HT Serie 4580 de 3750-5500 ml - Parr Instrument (Espa\u00f1ol)","og_description":"Parr ofrece una serie de reactores diferentes en la Serie 4580 en varios tama\u00f1os y con diferentes ensambles para presiones de operaci\u00f3n de hasta 3000 psi (207 bar) y temperaturas de 500 \u00b0C. Reactores 4581 \u2013 4582 Estos reactores de 1 gal\u00f3n (3.75 L) y 1.5 galones (5.5 L) est\u00e1n dise\u00f1ados para una presi\u00f3n m\u00e1xima [&hellip;]","og_url":"https:\/\/www.parrinst.com\/es\/products\/stirred-reactors\/ht-reactors-series-4580-3750-5500-ml\/","og_site_name":"Parr Instrument (Espa\u00f1ol)","article_modified_time":"2020-01-22T21:34:15+00:00","og_image":[{"width":2200,"height":399,"url":"https:\/\/www.parrinst.com\/es\/files\/2017\/12\/parr_banner_stirred3_secondary.jpg","type":"image\/jpeg"}],"twitter_card":"summary_large_image","twitter_misc":{"Est. reading time":"1 minute"},"schema":{"@context":"https:\/\/schema.org","@graph":[{"@type":"WebPage","@id":"https:\/\/www.parrinst.com\/es\/products\/stirred-reactors\/ht-reactors-series-4580-3750-5500-ml\/","url":"https:\/\/www.parrinst.com\/es\/products\/stirred-reactors\/ht-reactors-series-4580-3750-5500-ml\/","name":"Reactores HT Serie 4580 de 3750-5500 ml - Parr Instrument (Espa\u00f1ol)","isPartOf":{"@id":"https:\/\/www.parrinst.com\/es\/#website"},"primaryImageOfPage":{"@id":"https:\/\/www.parrinst.com\/es\/products\/stirred-reactors\/ht-reactors-series-4580-3750-5500-ml\/#primaryimage"},"image":{"@id":"https:\/\/www.parrinst.com\/es\/products\/stirred-reactors\/ht-reactors-series-4580-3750-5500-ml\/#primaryimage"},"thumbnailUrl":"https:\/\/i0.wp.com\/www.parrinst.com\/es\/wp-content\/uploads\/sites\/7\/2017\/12\/parr_banner_stirred3_secondary.jpg?fit=2200%2C399&ssl=1","datePublished":"2011-04-29T00:02:11+00:00","dateModified":"2020-01-22T21:34:15+00:00","breadcrumb":{"@id":"https:\/\/www.parrinst.com\/es\/products\/stirred-reactors\/ht-reactors-series-4580-3750-5500-ml\/#breadcrumb"},"inLanguage":"en-US","potentialAction":[{"@type":"ReadAction","target":["https:\/\/www.parrinst.com\/es\/products\/stirred-reactors\/ht-reactors-series-4580-3750-5500-ml\/"]}]},{"@type":"ImageObject","inLanguage":"en-US","@id":"https:\/\/www.parrinst.com\/es\/products\/stirred-reactors\/ht-reactors-series-4580-3750-5500-ml\/#primaryimage","url":"https:\/\/i0.wp.com\/www.parrinst.com\/es\/wp-content\/uploads\/sites\/7\/2017\/12\/parr_banner_stirred3_secondary.jpg?fit=2200%2C399&ssl=1","contentUrl":"https:\/\/i0.wp.com\/www.parrinst.com\/es\/wp-content\/uploads\/sites\/7\/2017\/12\/parr_banner_stirred3_secondary.jpg?fit=2200%2C399&ssl=1","width":2200,"height":399},{"@type":"BreadcrumbList","@id":"https:\/\/www.parrinst.com\/es\/products\/stirred-reactors\/ht-reactors-series-4580-3750-5500-ml\/#breadcrumb","itemListElement":[{"@type":"ListItem","position":1,"name":"Home","item":"https:\/\/www.parrinst.com\/es\/"},{"@type":"ListItem","position":2,"name":"Products","item":"https:\/\/www.parrinst.com\/es\/products\/"},{"@type":"ListItem","position":3,"name":"Reactores Agitados","item":"https:\/\/www.parrinst.com\/es\/products\/stirred-reactors\/"},{"@type":"ListItem","position":4,"name":"Reactores HT Serie 4580 de 3750-5500 ml"}]},{"@type":"WebSite","@id":"https:\/\/www.parrinst.com\/es\/#website","url":"https:\/\/www.parrinst.com\/es\/","name":"Parr Instrument (Espa\u00f1ol)","description":"","potentialAction":[{"@type":"SearchAction","target":{"@type":"EntryPoint","urlTemplate":"https:\/\/www.parrinst.com\/es\/?s={search_term_string}"},"query-input":{"@type":"PropertyValueSpecification","valueRequired":true,"valueName":"search_term_string"}}],"inLanguage":"en-US"}]}},"jetpack_sharing_enabled":true,"_links":{"self":[{"href":"https:\/\/www.parrinst.com\/es\/wp-json\/wp\/v2\/pages\/478","targetHints":{"allow":["GET"]}}],"collection":[{"href":"https:\/\/www.parrinst.com\/es\/wp-json\/wp\/v2\/pages"}],"about":[{"href":"https:\/\/www.parrinst.com\/es\/wp-json\/wp\/v2\/types\/page"}],"author":[{"embeddable":true,"href":"https:\/\/www.parrinst.com\/es\/wp-json\/wp\/v2\/users\/1"}],"replies":[{"embeddable":true,"href":"https:\/\/www.parrinst.com\/es\/wp-json\/wp\/v2\/comments?post=478"}],"version-history":[{"count":4,"href":"https:\/\/www.parrinst.com\/es\/wp-json\/wp\/v2\/pages\/478\/revisions"}],"predecessor-version":[{"id":39766,"href":"https:\/\/www.parrinst.com\/es\/wp-json\/wp\/v2\/pages\/478\/revisions\/39766"}],"up":[{"embeddable":true,"href":"https:\/\/www.parrinst.com\/es\/wp-json\/wp\/v2\/pages\/47"}],"wp:featuredmedia":[{"embeddable":true,"href":"https:\/\/www.parrinst.com\/es\/wp-json\/wp\/v2\/media\/36874"}],"wp:attachment":[{"href":"https:\/\/www.parrinst.com\/es\/wp-json\/wp\/v2\/media?parent=478"}],"curies":[{"name":"wp","href":"https:\/\/api.w.org\/{rel}","templated":true}]}}