{"id":49,"date":"2011-03-04T20:44:37","date_gmt":"2011-03-05T02:44:37","guid":{"rendered":"https:\/\/www.parrinst.com\/?page_id=49"},"modified":"2024-10-11T15:43:54","modified_gmt":"2024-10-11T20:43:54","slug":"floor-stand-reactors-series-4530-1-2","status":"publish","type":"page","link":"https:\/\/www.parrinst.com\/es\/products\/stirred-reactors\/floor-stand-reactors-series-4530-1-2\/","title":{"rendered":"Reactores de Soporte de Piso Serie 4530 de 1 y 2 L"},"content":{"rendered":"\n\t\t\t<div id='49-1' class='gallery gallery-49 gallery-columns-3 gallery-size-medium' itemscope itemtype='http:\/\/schema.org\/ImageGallery'>\n\t\t\t\t<div class='gallery-row gallery-col-3 gallery-clear'>\n\t\t\t\t\t<figure class='gallery-item col-3' itemprop='associatedMedia' itemscope itemtype='http:\/\/schema.org\/ImageObject'>\n\t\t\t\t\t\t<div class='gallery-icon portrait'><a href=\"https:\/\/i0.wp.com\/www.parrinst.com\/es\/wp-content\/uploads\/sites\/7\/2011\/03\/4530_Reactor-System.jpg?ssl=1\" itemprop=\"contentURL\"><img loading=\"lazy\" decoding=\"async\" width=\"214\" height=\"300\" src=\"https:\/\/i0.wp.com\/www.parrinst.com\/es\/wp-content\/uploads\/sites\/7\/2011\/03\/4530_Reactor-System.jpg?fit=214%2C300&amp;ssl=1\" class=\"attachment-medium size-medium\" alt=\"4534 Floor Stand Reactor, 2000 mL, Serpentine Coil, Reflux Take-Off Condenser, Sample Collection Vessel and a 4848 Controller with optional Expansion Modules\" srcset=\"https:\/\/i0.wp.com\/www.parrinst.com\/es\/wp-content\/uploads\/sites\/7\/2011\/03\/4530_Reactor-System.jpg?w=600&amp;ssl=1 600w, https:\/\/i0.wp.com\/www.parrinst.com\/es\/wp-content\/uploads\/sites\/7\/2011\/03\/4530_Reactor-System.jpg?resize=107%2C150&amp;ssl=1 107w, https:\/\/i0.wp.com\/www.parrinst.com\/es\/wp-content\/uploads\/sites\/7\/2011\/03\/4530_Reactor-System.jpg?resize=214%2C300&amp;ssl=1 214w\" sizes=\"auto, (max-width: 214px) 100vw, 214px\" itemprop=\"thumbnail\" \/><\/a><\/div>\n\t\t\t\t\t<\/figure>\n\t\t\t\t\t<figure class='gallery-item col-3' itemprop='associatedMedia' itemscope itemtype='http:\/\/schema.org\/ImageObject'>\n\t\t\t\t\t\t<div class='gallery-icon portrait'><a href=\"https:\/\/i0.wp.com\/www.parrinst.com\/es\/wp-content\/uploads\/sites\/7\/2011\/03\/4532_moveable-floor-cart_2000mL_4848.jpg?ssl=1\" itemprop=\"contentURL\"><img loading=\"lazy\" decoding=\"async\" width=\"214\" height=\"300\" src=\"https:\/\/i0.wp.com\/www.parrinst.com\/es\/wp-content\/uploads\/sites\/7\/2011\/03\/4532_moveable-floor-cart_2000mL_4848.jpg?fit=214%2C300&amp;ssl=1\" class=\"attachment-medium size-medium\" alt=\"4532 Floor Stand Reactor, 2000 mL, Moveable Cart w\/4848 Controller\" srcset=\"https:\/\/i0.wp.com\/www.parrinst.com\/es\/wp-content\/uploads\/sites\/7\/2011\/03\/4532_moveable-floor-cart_2000mL_4848.jpg?w=600&amp;ssl=1 600w, https:\/\/i0.wp.com\/www.parrinst.com\/es\/wp-content\/uploads\/sites\/7\/2011\/03\/4532_moveable-floor-cart_2000mL_4848.jpg?resize=107%2C150&amp;ssl=1 107w, https:\/\/i0.wp.com\/www.parrinst.com\/es\/wp-content\/uploads\/sites\/7\/2011\/03\/4532_moveable-floor-cart_2000mL_4848.jpg?resize=214%2C300&amp;ssl=1 214w\" sizes=\"auto, (max-width: 214px) 100vw, 214px\" itemprop=\"thumbnail\" \/><\/a><\/div>\n\t\t\t\t\t<\/figure>\n\t\t\t\t\t<figure class='gallery-item col-3' itemprop='associatedMedia' itemscope itemtype='http:\/\/schema.org\/ImageObject'>\n\t\t\t\t\t\t<div class='gallery-icon portrait'><a href=\"https:\/\/i0.wp.com\/www.parrinst.com\/es\/wp-content\/uploads\/sites\/7\/2011\/03\/2000-ml-stirred-movable-vessel.jpg?ssl=1\" itemprop=\"contentURL\"><img loading=\"lazy\" decoding=\"async\" width=\"214\" height=\"300\" src=\"https:\/\/i0.wp.com\/www.parrinst.com\/es\/wp-content\/uploads\/sites\/7\/2011\/03\/2000-ml-stirred-movable-vessel.jpg?fit=214%2C300&amp;ssl=1\" class=\"attachment-medium size-medium\" alt=\"2000 mL Stirred Moveable Vessel\" srcset=\"https:\/\/i0.wp.com\/www.parrinst.com\/es\/wp-content\/uploads\/sites\/7\/2011\/03\/2000-ml-stirred-movable-vessel.jpg?w=600&amp;ssl=1 600w, https:\/\/i0.wp.com\/www.parrinst.com\/es\/wp-content\/uploads\/sites\/7\/2011\/03\/2000-ml-stirred-movable-vessel.jpg?resize=107%2C150&amp;ssl=1 107w, https:\/\/i0.wp.com\/www.parrinst.com\/es\/wp-content\/uploads\/sites\/7\/2011\/03\/2000-ml-stirred-movable-vessel.jpg?resize=214%2C300&amp;ssl=1 214w\" sizes=\"auto, (max-width: 214px) 100vw, 214px\" itemprop=\"thumbnail\" \/><\/a><\/div>\n\t\t\t\t\t<\/figure>\n\t\t\t\t<\/div>\n\t\t\t\t<div class='gallery-row gallery-col-3 gallery-clear'>\n\t\t\t\t\t<figure class='gallery-item col-3' itemprop='associatedMedia' itemscope itemtype='http:\/\/schema.org\/ImageObject'>\n\t\t\t\t\t\t<div class='gallery-icon portrait'><a href=\"https:\/\/i0.wp.com\/www.parrinst.com\/es\/wp-content\/uploads\/sites\/7\/2011\/03\/4533_fixed-geardrive.jpg?ssl=1\" itemprop=\"contentURL\"><img loading=\"lazy\" decoding=\"async\" width=\"214\" height=\"300\" src=\"https:\/\/i0.wp.com\/www.parrinst.com\/es\/wp-content\/uploads\/sites\/7\/2011\/03\/4533_fixed-geardrive.jpg?fit=214%2C300&amp;ssl=1\" class=\"attachment-medium size-medium\" alt=\"4523 Reactor, 1000 mL, w\/Gear, Dual Condenser, Spiral Stirrer\" srcset=\"https:\/\/i0.wp.com\/www.parrinst.com\/es\/wp-content\/uploads\/sites\/7\/2011\/03\/4533_fixed-geardrive.jpg?w=600&amp;ssl=1 600w, https:\/\/i0.wp.com\/www.parrinst.com\/es\/wp-content\/uploads\/sites\/7\/2011\/03\/4533_fixed-geardrive.jpg?resize=107%2C150&amp;ssl=1 107w, https:\/\/i0.wp.com\/www.parrinst.com\/es\/wp-content\/uploads\/sites\/7\/2011\/03\/4533_fixed-geardrive.jpg?resize=214%2C300&amp;ssl=1 214w\" sizes=\"auto, (max-width: 214px) 100vw, 214px\" itemprop=\"thumbnail\" \/><\/a><\/div>\n\t\t\t\t\t<\/figure>\n\t\t\t<\/div>\n\t\t\t<\/div><!-- .gallery -->\n\n<p><strong>Los Reactores de Soporte de Piso Serie 4530 de 1-2L<\/strong> se pueden mover, modificar para adaptarse a sus necesidades, y configurar para estudios de pol\u00edmeros. Tambi\u00e9n est\u00e1n disponibles en versiones de alta presi\u00f3n.<\/p>\n<ul>\n<li><strong>Reactores Configurados para Estudios de Pol\u00edmeros.<\/strong> Los reactores de soporte de piso de esta serie est\u00e1n montados en un soporte resistente para grandes motores de transmisi\u00f3n de agitador y trenes de potencia m\u00e1s fuertes que los que est\u00e1n generalmente disponibles para Modelos de banco. Con estas opciones es posible para proporcionar el torque elevado y bajas velocidades de agitaci\u00f3n necesarias para el trabajo con pol\u00edmeros y otras mezclas con viscosidad de 1 mill\u00f3n de centipoises y m\u00e1s. Estos ensambles son tambi\u00e9n m\u00e1s adecuados para la instalaci\u00f3n de una v\u00e1lvula de drenaje en la parte inferior del cilindro para la eliminaci\u00f3n de la mezcla de reacci\u00f3n mientras est\u00e1 caliente.<\/li>\n<li><strong>Reactores que Necesitan Grandes Modificaciones.<\/strong> Los ensambles de piso son una buena base para las modificaciones de los reactores y para la adici\u00f3n de accesorios, como son: condensadores, columnas de relleno, motores especiales, calefactores personalizados, recipientes con chaqueta, v\u00e1lvulas autom\u00e1ticas o reguladores, y muchos otros accesorios. Est\u00e1n disponibles los dise\u00f1os de recipientes de cabeza fija y movible. An optional pneumatic cylinder lift is available for fixed head models.<\/li>\n<li><strong>Reactores que Necesitan ser Movidos<\/strong>. Estos reactores soporte de piso est\u00e1n dise\u00f1ados para usarse en un \u00e1rea donde no est\u00e1 disponible una mesa de trabajo. Los usuarios que desean mover el reactor para su almacenamiento cuando no est\u00e1 en uso, apreciar\u00e1n el dise\u00f1o de carro m\u00f3vil de la serie 4531 y 4532.<\/li>\n<\/ul>\n<p style=\"padding-left: 30px;\">These reactors are available with an FKM O-ring seal for operating temperatures to 225 \u00b0C, and FFKM O-ring for temperatures to 300 \u00b0C, or with a flat, PTFE gasket for operating temperatures up to 350 \u00b0C maximum.<\/p>\n<ul>\n<li><strong>Versiones de Alta Presi\u00f3n (HP).<\/strong> Estos reactores de soporte de piso est\u00e1n ahora disponibles en una versi\u00f3n HP hasta 3000 psi (200 bar) a 300\u00b0C.<\/li>\n<\/ul>\n","protected":false},"excerpt":{"rendered":"<p>Los Reactores de Soporte de Piso Serie 4530 de 1-2L se pueden mover, modificar para adaptarse a sus necesidades, y configurar para estudios de pol\u00edmeros. Tambi\u00e9n est\u00e1n disponibles en versiones de alta presi\u00f3n. Reactores Configurados para Estudios de Pol\u00edmeros. Los reactores de soporte de piso de esta serie est\u00e1n montados en un soporte resistente para [&hellip;]<\/p>\n","protected":false},"author":1,"featured_media":36874,"parent":47,"menu_order":2,"comment_status":"closed","ping_status":"closed","template":"product-wide-strirred-filter.php","meta":{"_acf_changed":false,"footnotes":"","_links_to":"","_links_to_target":""},"class_list":["post-49","page","type-page","status-publish","has-post-thumbnail","hentry"],"acf":[],"yoast_head":"<!-- This site is optimized with the Yoast SEO plugin v27.5 - https:\/\/yoast.com\/product\/yoast-seo-wordpress\/ -->\n<title>Reactores de Soporte de Piso Serie 4530 de 1 y 2 L - Parr Instrument (Espa\u00f1ol)<\/title>\n<meta name=\"robots\" content=\"index, follow, max-snippet:-1, max-image-preview:large, max-video-preview:-1\" \/>\n<link rel=\"canonical\" href=\"https:\/\/www.parrinst.com\/es\/products\/stirred-reactors\/floor-stand-reactors-series-4530-1-2\/\" \/>\n<meta property=\"og:locale\" content=\"en_US\" \/>\n<meta property=\"og:type\" content=\"article\" \/>\n<meta property=\"og:title\" content=\"Reactores de Soporte de Piso Serie 4530 de 1 y 2 L - Parr Instrument (Espa\u00f1ol)\" \/>\n<meta property=\"og:description\" content=\"Los Reactores de Soporte de Piso Serie 4530 de 1-2L se pueden mover, modificar para adaptarse a sus necesidades, y configurar para estudios de pol\u00edmeros. Tambi\u00e9n est\u00e1n disponibles en versiones de alta presi\u00f3n. Reactores Configurados para Estudios de Pol\u00edmeros. Los reactores de soporte de piso de esta serie est\u00e1n montados en un soporte resistente para [&hellip;]\" \/>\n<meta property=\"og:url\" content=\"https:\/\/www.parrinst.com\/es\/products\/stirred-reactors\/floor-stand-reactors-series-4530-1-2\/\" \/>\n<meta property=\"og:site_name\" content=\"Parr Instrument (Espa\u00f1ol)\" \/>\n<meta property=\"article:modified_time\" content=\"2024-10-11T20:43:54+00:00\" \/>\n<meta property=\"og:image\" content=\"https:\/\/www.parrinst.com\/es\/files\/2017\/12\/parr_banner_stirred3_secondary.jpg\" \/>\n\t<meta property=\"og:image:width\" content=\"2200\" \/>\n\t<meta property=\"og:image:height\" content=\"399\" \/>\n\t<meta property=\"og:image:type\" content=\"image\/jpeg\" \/>\n<meta name=\"twitter:card\" content=\"summary_large_image\" \/>\n<meta name=\"twitter:label1\" content=\"Est. reading time\" \/>\n\t<meta name=\"twitter:data1\" content=\"2 minutes\" \/>\n<script type=\"application\/ld+json\" class=\"yoast-schema-graph\">{\"@context\":\"https:\\\/\\\/schema.org\",\"@graph\":[{\"@type\":\"WebPage\",\"@id\":\"https:\\\/\\\/www.parrinst.com\\\/es\\\/products\\\/stirred-reactors\\\/floor-stand-reactors-series-4530-1-2\\\/\",\"url\":\"https:\\\/\\\/www.parrinst.com\\\/es\\\/products\\\/stirred-reactors\\\/floor-stand-reactors-series-4530-1-2\\\/\",\"name\":\"Reactores de Soporte de Piso Serie 4530 de 1 y 2 L - Parr Instrument (Espa\u00f1ol)\",\"isPartOf\":{\"@id\":\"https:\\\/\\\/www.parrinst.com\\\/es\\\/#website\"},\"primaryImageOfPage\":{\"@id\":\"https:\\\/\\\/www.parrinst.com\\\/es\\\/products\\\/stirred-reactors\\\/floor-stand-reactors-series-4530-1-2\\\/#primaryimage\"},\"image\":{\"@id\":\"https:\\\/\\\/www.parrinst.com\\\/es\\\/products\\\/stirred-reactors\\\/floor-stand-reactors-series-4530-1-2\\\/#primaryimage\"},\"thumbnailUrl\":\"https:\\\/\\\/i0.wp.com\\\/www.parrinst.com\\\/es\\\/wp-content\\\/uploads\\\/sites\\\/7\\\/2017\\\/12\\\/parr_banner_stirred3_secondary.jpg?fit=2200%2C399&ssl=1\",\"datePublished\":\"2011-03-05T02:44:37+00:00\",\"dateModified\":\"2024-10-11T20:43:54+00:00\",\"breadcrumb\":{\"@id\":\"https:\\\/\\\/www.parrinst.com\\\/es\\\/products\\\/stirred-reactors\\\/floor-stand-reactors-series-4530-1-2\\\/#breadcrumb\"},\"inLanguage\":\"en-US\",\"potentialAction\":[{\"@type\":\"ReadAction\",\"target\":[\"https:\\\/\\\/www.parrinst.com\\\/es\\\/products\\\/stirred-reactors\\\/floor-stand-reactors-series-4530-1-2\\\/\"]}]},{\"@type\":\"ImageObject\",\"inLanguage\":\"en-US\",\"@id\":\"https:\\\/\\\/www.parrinst.com\\\/es\\\/products\\\/stirred-reactors\\\/floor-stand-reactors-series-4530-1-2\\\/#primaryimage\",\"url\":\"https:\\\/\\\/i0.wp.com\\\/www.parrinst.com\\\/es\\\/wp-content\\\/uploads\\\/sites\\\/7\\\/2017\\\/12\\\/parr_banner_stirred3_secondary.jpg?fit=2200%2C399&ssl=1\",\"contentUrl\":\"https:\\\/\\\/i0.wp.com\\\/www.parrinst.com\\\/es\\\/wp-content\\\/uploads\\\/sites\\\/7\\\/2017\\\/12\\\/parr_banner_stirred3_secondary.jpg?fit=2200%2C399&ssl=1\",\"width\":2200,\"height\":399},{\"@type\":\"BreadcrumbList\",\"@id\":\"https:\\\/\\\/www.parrinst.com\\\/es\\\/products\\\/stirred-reactors\\\/floor-stand-reactors-series-4530-1-2\\\/#breadcrumb\",\"itemListElement\":[{\"@type\":\"ListItem\",\"position\":1,\"name\":\"Home\",\"item\":\"https:\\\/\\\/www.parrinst.com\\\/es\\\/\"},{\"@type\":\"ListItem\",\"position\":2,\"name\":\"Products\",\"item\":\"https:\\\/\\\/www.parrinst.com\\\/es\\\/products\\\/\"},{\"@type\":\"ListItem\",\"position\":3,\"name\":\"Reactores Agitados\",\"item\":\"https:\\\/\\\/www.parrinst.com\\\/es\\\/products\\\/stirred-reactors\\\/\"},{\"@type\":\"ListItem\",\"position\":4,\"name\":\"Reactores de Soporte de Piso Serie 4530 de 1 y 2 L\"}]},{\"@type\":\"WebSite\",\"@id\":\"https:\\\/\\\/www.parrinst.com\\\/es\\\/#website\",\"url\":\"https:\\\/\\\/www.parrinst.com\\\/es\\\/\",\"name\":\"Parr Instrument (Espa\u00f1ol)\",\"description\":\"\",\"potentialAction\":[{\"@type\":\"SearchAction\",\"target\":{\"@type\":\"EntryPoint\",\"urlTemplate\":\"https:\\\/\\\/www.parrinst.com\\\/es\\\/?s={search_term_string}\"},\"query-input\":{\"@type\":\"PropertyValueSpecification\",\"valueRequired\":true,\"valueName\":\"search_term_string\"}}],\"inLanguage\":\"en-US\"}]}<\/script>\n<!-- \/ Yoast SEO plugin. -->","yoast_head_json":{"title":"Reactores de Soporte de Piso Serie 4530 de 1 y 2 L - Parr Instrument (Espa\u00f1ol)","robots":{"index":"index","follow":"follow","max-snippet":"max-snippet:-1","max-image-preview":"max-image-preview:large","max-video-preview":"max-video-preview:-1"},"canonical":"https:\/\/www.parrinst.com\/es\/products\/stirred-reactors\/floor-stand-reactors-series-4530-1-2\/","og_locale":"en_US","og_type":"article","og_title":"Reactores de Soporte de Piso Serie 4530 de 1 y 2 L - Parr Instrument (Espa\u00f1ol)","og_description":"Los Reactores de Soporte de Piso Serie 4530 de 1-2L se pueden mover, modificar para adaptarse a sus necesidades, y configurar para estudios de pol\u00edmeros. Tambi\u00e9n est\u00e1n disponibles en versiones de alta presi\u00f3n. Reactores Configurados para Estudios de Pol\u00edmeros. Los reactores de soporte de piso de esta serie est\u00e1n montados en un soporte resistente para [&hellip;]","og_url":"https:\/\/www.parrinst.com\/es\/products\/stirred-reactors\/floor-stand-reactors-series-4530-1-2\/","og_site_name":"Parr Instrument (Espa\u00f1ol)","article_modified_time":"2024-10-11T20:43:54+00:00","og_image":[{"width":2200,"height":399,"url":"https:\/\/www.parrinst.com\/es\/files\/2017\/12\/parr_banner_stirred3_secondary.jpg","type":"image\/jpeg"}],"twitter_card":"summary_large_image","twitter_misc":{"Est. reading time":"2 minutes"},"schema":{"@context":"https:\/\/schema.org","@graph":[{"@type":"WebPage","@id":"https:\/\/www.parrinst.com\/es\/products\/stirred-reactors\/floor-stand-reactors-series-4530-1-2\/","url":"https:\/\/www.parrinst.com\/es\/products\/stirred-reactors\/floor-stand-reactors-series-4530-1-2\/","name":"Reactores de Soporte de Piso Serie 4530 de 1 y 2 L - Parr Instrument (Espa\u00f1ol)","isPartOf":{"@id":"https:\/\/www.parrinst.com\/es\/#website"},"primaryImageOfPage":{"@id":"https:\/\/www.parrinst.com\/es\/products\/stirred-reactors\/floor-stand-reactors-series-4530-1-2\/#primaryimage"},"image":{"@id":"https:\/\/www.parrinst.com\/es\/products\/stirred-reactors\/floor-stand-reactors-series-4530-1-2\/#primaryimage"},"thumbnailUrl":"https:\/\/i0.wp.com\/www.parrinst.com\/es\/wp-content\/uploads\/sites\/7\/2017\/12\/parr_banner_stirred3_secondary.jpg?fit=2200%2C399&ssl=1","datePublished":"2011-03-05T02:44:37+00:00","dateModified":"2024-10-11T20:43:54+00:00","breadcrumb":{"@id":"https:\/\/www.parrinst.com\/es\/products\/stirred-reactors\/floor-stand-reactors-series-4530-1-2\/#breadcrumb"},"inLanguage":"en-US","potentialAction":[{"@type":"ReadAction","target":["https:\/\/www.parrinst.com\/es\/products\/stirred-reactors\/floor-stand-reactors-series-4530-1-2\/"]}]},{"@type":"ImageObject","inLanguage":"en-US","@id":"https:\/\/www.parrinst.com\/es\/products\/stirred-reactors\/floor-stand-reactors-series-4530-1-2\/#primaryimage","url":"https:\/\/i0.wp.com\/www.parrinst.com\/es\/wp-content\/uploads\/sites\/7\/2017\/12\/parr_banner_stirred3_secondary.jpg?fit=2200%2C399&ssl=1","contentUrl":"https:\/\/i0.wp.com\/www.parrinst.com\/es\/wp-content\/uploads\/sites\/7\/2017\/12\/parr_banner_stirred3_secondary.jpg?fit=2200%2C399&ssl=1","width":2200,"height":399},{"@type":"BreadcrumbList","@id":"https:\/\/www.parrinst.com\/es\/products\/stirred-reactors\/floor-stand-reactors-series-4530-1-2\/#breadcrumb","itemListElement":[{"@type":"ListItem","position":1,"name":"Home","item":"https:\/\/www.parrinst.com\/es\/"},{"@type":"ListItem","position":2,"name":"Products","item":"https:\/\/www.parrinst.com\/es\/products\/"},{"@type":"ListItem","position":3,"name":"Reactores Agitados","item":"https:\/\/www.parrinst.com\/es\/products\/stirred-reactors\/"},{"@type":"ListItem","position":4,"name":"Reactores de Soporte de Piso Serie 4530 de 1 y 2 L"}]},{"@type":"WebSite","@id":"https:\/\/www.parrinst.com\/es\/#website","url":"https:\/\/www.parrinst.com\/es\/","name":"Parr Instrument (Espa\u00f1ol)","description":"","potentialAction":[{"@type":"SearchAction","target":{"@type":"EntryPoint","urlTemplate":"https:\/\/www.parrinst.com\/es\/?s={search_term_string}"},"query-input":{"@type":"PropertyValueSpecification","valueRequired":true,"valueName":"search_term_string"}}],"inLanguage":"en-US"}]}},"jetpack_sharing_enabled":true,"_links":{"self":[{"href":"https:\/\/www.parrinst.com\/es\/wp-json\/wp\/v2\/pages\/49","targetHints":{"allow":["GET"]}}],"collection":[{"href":"https:\/\/www.parrinst.com\/es\/wp-json\/wp\/v2\/pages"}],"about":[{"href":"https:\/\/www.parrinst.com\/es\/wp-json\/wp\/v2\/types\/page"}],"author":[{"embeddable":true,"href":"https:\/\/www.parrinst.com\/es\/wp-json\/wp\/v2\/users\/1"}],"replies":[{"embeddable":true,"href":"https:\/\/www.parrinst.com\/es\/wp-json\/wp\/v2\/comments?post=49"}],"version-history":[{"count":4,"href":"https:\/\/www.parrinst.com\/es\/wp-json\/wp\/v2\/pages\/49\/revisions"}],"predecessor-version":[{"id":39760,"href":"https:\/\/www.parrinst.com\/es\/wp-json\/wp\/v2\/pages\/49\/revisions\/39760"}],"up":[{"embeddable":true,"href":"https:\/\/www.parrinst.com\/es\/wp-json\/wp\/v2\/pages\/47"}],"wp:featuredmedia":[{"embeddable":true,"href":"https:\/\/www.parrinst.com\/es\/wp-json\/wp\/v2\/media\/36874"}],"wp:attachment":[{"href":"https:\/\/www.parrinst.com\/es\/wp-json\/wp\/v2\/media?parent=49"}],"curies":[{"name":"wp","href":"https:\/\/api.w.org\/{rel}","templated":true}]}}